{"id":78264,"date":"2025-07-12T07:43:03","date_gmt":"2025-07-12T05:43:03","guid":{"rendered":"https:\/\/ajatutaja.com\/?post_type=product&#038;p=78264"},"modified":"2026-03-17T20:51:39","modified_gmt":"2026-03-17T19:51:39","slug":"modu-baby-activity-modularni-set-kock","status":"publish","type":"product","link":"https:\/\/ajatutaja.com\/hr\/proizvod\/modu-baby-activity-modularni-set-kock\/","title":{"rendered":"MODU\u00ae Baby activity &#8211; modularni set kock"},"content":{"rendered":"<p>[vc_row][vc_column][vc_column_text]Modu\u00ae je modularni set kock, ki jih lahko medsebojno pove\u017eete in z njimi zgradite \u0161tevilne vrste konstrukcij, ki omogo\u010dajo neomejeno \u0161tevilo razli\u010dnih iger. Kocke Modu so elegantne, \u010diste in neutralnih osnovnih barv, s svojim minimalisti\u010dnim dizajnom pa nas takoj asociirajo na priljubljen skandinavski slog. S kockami Modu, otroku ne bo nikoli dolg\u010das! Modularne kocke MODU je v Copenhagnu razvila skupina mladih in talentiranih posameznikov, katerih cilj je bil ustvariti vzdr\u017eljivo in zabavno igra\u010do, ki otrokom pomaga pri razvoju motori\u010dnih sposobnosti.<\/p>\n<h3>Lastnosti MODU\u00ae Baby Activity &#8211; modularni set kock:<\/h3>\n<ul>\n<li>V \u0161katli prejmete: 1x kocka\/baza, 4x vrtljiva kolesa,\u00a0 4x priklju\u010dki \/ ropotuljice, 1x knji\u017eica z idejami<\/li>\n<li>Kreacije: 12 mo\u017enosti( Drsenje \/ Po\u0161evni trebu\u0161\u010dek (vaja za \u010das na trebu\u0161\u010dku) \/ Gugalna vaja za ravnote\u017eje \/ Preval \/ Na glavo (obrnjeno navzdol) \/\u00a0 Vrtenje okoli osi \/ Plazenje po trebu\u0161\u010dku \/ Plazenje \u010dez oviro \/ Drsenje v sede\u010dem polo\u017eaju \/ Aktivnostna plo\u0161\u010da \/ Mizica za vstajanje \/ Hoja in plazenje \u010dez oviro<\/li>\n<li>Material:\u00a0EVA pena in ABS primeren za stik z \u017eivili<\/li>\n<li>Max. nosilnost: 50 kg<\/li>\n<li>Priporo\u010dljiva starost otroka: 0-12 mesecev<\/li>\n<li>Dimnezije: 50 x 40 x 10 cm<\/li>\n<li>Prejmik nagrad: Baby Innovation Award, Danish Design Award, Innovation Award in RedDot Design 2019 Award Winner<\/li>\n<li>Proizvedeno v Franciji<\/li>\n<\/ul>\n<p>[\/vc_column_text][\/vc_column][\/vc_row]<\/p>\n","protected":false},"excerpt":{"rendered":"<p style=\"text-align: justify\">MODU\u00ae Baby activity set je modularni set kock, ki omogo\u010da izvedbo vsaj 12 edinstvenih kreacij za mal\u010dke od 0-12 mesecev starosti in ve\u010d, s katerimi lahko dojen\u010dki razvijajo svoje motori\u010dne in senzori\u010dne sposobnosti.<\/p>\n","protected":false},"featured_media":78260,"template":"","meta":[],"pwb-brand":[2452,2469],"product_brand":[],"product_cat":[3986,2441,2440],"product_tag":[3984],"class_list":{"0":"post-78264","1":"product","2":"type-product","3":"status-publish","4":"has-post-thumbnail","6":"pwb-brand-igranje","7":"pwb-brand-modu","8":"product_cat-novorojencek-igrace","9":"product_cat-aktivnostne-igrace","10":"product_cat-igralni-centri","11":"product_tag-modu","13":"first","14":"instock","15":"taxable","16":"shipping-taxable","17":"purchasable","18":"product-type-variable","19":"add-to-wishlist-before_image"},"yoast_head":"<!-- This site is optimized with the Yoast SEO plugin v27.3 - https:\/\/yoast.com\/product\/yoast-seo-wordpress\/ -->\n<title>MODU\u00ae Baby activity - modularni set kock | Ajatutaja<\/title>\n<meta name=\"description\" content=\"MODU Baby activity set je modularni set kock, ki omogo\u010da izvedbo vsaj 12 edinstvenih kreacij za mal\u010dke od 0-12 mesecev starosti in ve\u010d, s katerimi lahko dojen\u010dki razvijajo svoje motori\u010dne sposobnosti.\" \/>\n<meta name=\"robots\" content=\"index, follow, max-snippet:-1, max-image-preview:large, max-video-preview:-1\" \/>\n<link rel=\"canonical\" href=\"https:\/\/ajatutaja.com\/izdelek\/modu-baby-activity-modularni-set-kock\/\" \/>\n<meta property=\"og:locale\" content=\"hr_HR\" \/>\n<meta property=\"og:type\" content=\"article\" \/>\n<meta property=\"og:title\" content=\"MODU\u00ae Baby activity - modularni set kock | Ajatutaja\" \/>\n<meta property=\"og:description\" content=\"MODU Baby activity set je modularni set kock, ki omogo\u010da izvedbo vsaj 12 edinstvenih kreacij za mal\u010dke od 0-12 mesecev starosti in ve\u010d, s katerimi lahko dojen\u010dki razvijajo svoje motori\u010dne sposobnosti.\" \/>\n<meta property=\"og:url\" content=\"https:\/\/ajatutaja.com\/izdelek\/modu-baby-activity-modularni-set-kock\/\" \/>\n<meta property=\"og:site_name\" content=\"Ajatutaja\" \/>\n<meta property=\"article:modified_time\" content=\"2026-03-17T19:51:39+00:00\" \/>\n<meta property=\"og:image\" content=\"https:\/\/ajatutaja.com\/wp-content\/uploads\/2025\/07\/Baby-Activity-Set-Ocean-Mint_Forest-Green-slide-1.webp\" \/>\n\t<meta property=\"og:image:width\" content=\"1920\" \/>\n\t<meta property=\"og:image:height\" content=\"2400\" \/>\n\t<meta property=\"og:image:type\" content=\"image\/webp\" \/>\n<meta name=\"twitter:card\" content=\"summary_large_image\" \/>\n<meta name=\"twitter:label1\" content=\"Procijenjeno vrijeme \u010ditanja\" \/>\n\t<meta name=\"twitter:data1\" content=\"1 minuta\" \/>\n<script type=\"application\/ld+json\" class=\"yoast-schema-graph\">{\"@context\":\"https:\\\/\\\/schema.org\",\"@graph\":[{\"@type\":\"WebPage\",\"@id\":\"https:\\\/\\\/ajatutaja.com\\\/izdelek\\\/modu-baby-activity-modularni-set-kock\\\/\",\"url\":\"https:\\\/\\\/ajatutaja.com\\\/izdelek\\\/modu-baby-activity-modularni-set-kock\\\/\",\"name\":\"MODU\u00ae Baby activity - modularni set kock | Ajatutaja\",\"isPartOf\":{\"@id\":\"https:\\\/\\\/ajatutaja.com\\\/#website\"},\"primaryImageOfPage\":{\"@id\":\"https:\\\/\\\/ajatutaja.com\\\/izdelek\\\/modu-baby-activity-modularni-set-kock\\\/#primaryimage\"},\"image\":{\"@id\":\"https:\\\/\\\/ajatutaja.com\\\/izdelek\\\/modu-baby-activity-modularni-set-kock\\\/#primaryimage\"},\"thumbnailUrl\":\"https:\\\/\\\/ajatutaja.com\\\/wp-content\\\/uploads\\\/2025\\\/07\\\/Baby-Activity-Set-Ocean-Mint_Forest-Green-slide-1.webp\",\"datePublished\":\"2025-07-12T05:43:03+00:00\",\"dateModified\":\"2026-03-17T19:51:39+00:00\",\"description\":\"MODU Baby activity set je modularni set kock, ki omogo\u010da izvedbo vsaj 12 edinstvenih kreacij za mal\u010dke od 0-12 mesecev starosti in ve\u010d, s katerimi lahko dojen\u010dki razvijajo svoje motori\u010dne sposobnosti.\",\"breadcrumb\":{\"@id\":\"https:\\\/\\\/ajatutaja.com\\\/izdelek\\\/modu-baby-activity-modularni-set-kock\\\/#breadcrumb\"},\"inLanguage\":\"hr\",\"potentialAction\":[{\"@type\":\"ReadAction\",\"target\":[\"https:\\\/\\\/ajatutaja.com\\\/izdelek\\\/modu-baby-activity-modularni-set-kock\\\/\"]}]},{\"@type\":\"ImageObject\",\"inLanguage\":\"hr\",\"@id\":\"https:\\\/\\\/ajatutaja.com\\\/izdelek\\\/modu-baby-activity-modularni-set-kock\\\/#primaryimage\",\"url\":\"https:\\\/\\\/ajatutaja.com\\\/wp-content\\\/uploads\\\/2025\\\/07\\\/Baby-Activity-Set-Ocean-Mint_Forest-Green-slide-1.webp\",\"contentUrl\":\"https:\\\/\\\/ajatutaja.com\\\/wp-content\\\/uploads\\\/2025\\\/07\\\/Baby-Activity-Set-Ocean-Mint_Forest-Green-slide-1.webp\",\"width\":1920,\"height\":2400},{\"@type\":\"BreadcrumbList\",\"@id\":\"https:\\\/\\\/ajatutaja.com\\\/izdelek\\\/modu-baby-activity-modularni-set-kock\\\/#breadcrumb\",\"itemListElement\":[{\"@type\":\"ListItem\",\"position\":1,\"name\":\"Home\",\"item\":\"https:\\\/\\\/ajatutaja.com\\\/hr\\\/\"},{\"@type\":\"ListItem\",\"position\":2,\"name\":\"Trgovina\",\"item\":\"https:\\\/\\\/ajatutaja.com\\\/hr\\\/trgovina\\\/\"},{\"@type\":\"ListItem\",\"position\":3,\"name\":\"MODU\u00ae Baby activity &#8211; modularni set kock\"}]},{\"@type\":\"WebSite\",\"@id\":\"https:\\\/\\\/ajatutaja.com\\\/#website\",\"url\":\"https:\\\/\\\/ajatutaja.com\\\/\",\"name\":\"Ajatutaja\",\"description\":\"Otro\u0161ka spletna trgovina AJATUTAJA\",\"publisher\":{\"@id\":\"https:\\\/\\\/ajatutaja.com\\\/#organization\"},\"potentialAction\":[{\"@type\":\"SearchAction\",\"target\":{\"@type\":\"EntryPoint\",\"urlTemplate\":\"https:\\\/\\\/ajatutaja.com\\\/?s={search_term_string}\"},\"query-input\":{\"@type\":\"PropertyValueSpecification\",\"valueRequired\":true,\"valueName\":\"search_term_string\"}}],\"inLanguage\":\"hr\"},{\"@type\":\"Organization\",\"@id\":\"https:\\\/\\\/ajatutaja.com\\\/#organization\",\"name\":\"Ajatutaja\",\"url\":\"https:\\\/\\\/ajatutaja.com\\\/\",\"logo\":{\"@type\":\"ImageObject\",\"inLanguage\":\"hr\",\"@id\":\"https:\\\/\\\/ajatutaja.com\\\/#\\\/schema\\\/logo\\\/image\\\/\",\"url\":\"https:\\\/\\\/ajatutaja.com\\\/wp-content\\\/uploads\\\/2021\\\/10\\\/logo.png\",\"contentUrl\":\"https:\\\/\\\/ajatutaja.com\\\/wp-content\\\/uploads\\\/2021\\\/10\\\/logo.png\",\"width\":555,\"height\":150,\"caption\":\"Ajatutaja\"},\"image\":{\"@id\":\"https:\\\/\\\/ajatutaja.com\\\/#\\\/schema\\\/logo\\\/image\\\/\"}}]}<\/script>\n<!-- \/ Yoast SEO plugin. -->","yoast_head_json":{"title":"MODU\u00ae Baby activity - modularni set kock | Ajatutaja","description":"MODU Baby activity set je modularni set kock, ki omogo\u010da izvedbo vsaj 12 edinstvenih kreacij za mal\u010dke od 0-12 mesecev starosti in ve\u010d, s katerimi lahko dojen\u010dki razvijajo svoje motori\u010dne sposobnosti.","robots":{"index":"index","follow":"follow","max-snippet":"max-snippet:-1","max-image-preview":"max-image-preview:large","max-video-preview":"max-video-preview:-1"},"canonical":"https:\/\/ajatutaja.com\/izdelek\/modu-baby-activity-modularni-set-kock\/","og_locale":"hr_HR","og_type":"article","og_title":"MODU\u00ae Baby activity - modularni set kock | Ajatutaja","og_description":"MODU Baby activity set je modularni set kock, ki omogo\u010da izvedbo vsaj 12 edinstvenih kreacij za mal\u010dke od 0-12 mesecev starosti in ve\u010d, s katerimi lahko dojen\u010dki razvijajo svoje motori\u010dne sposobnosti.","og_url":"https:\/\/ajatutaja.com\/izdelek\/modu-baby-activity-modularni-set-kock\/","og_site_name":"Ajatutaja","article_modified_time":"2026-03-17T19:51:39+00:00","og_image":[{"width":1920,"height":2400,"url":"https:\/\/ajatutaja.com\/wp-content\/uploads\/2025\/07\/Baby-Activity-Set-Ocean-Mint_Forest-Green-slide-1.webp","type":"image\/webp"}],"twitter_card":"summary_large_image","twitter_misc":{"Procijenjeno vrijeme \u010ditanja":"1 minuta"},"schema":{"@context":"https:\/\/schema.org","@graph":[{"@type":"WebPage","@id":"https:\/\/ajatutaja.com\/izdelek\/modu-baby-activity-modularni-set-kock\/","url":"https:\/\/ajatutaja.com\/izdelek\/modu-baby-activity-modularni-set-kock\/","name":"MODU\u00ae Baby activity - modularni set kock | Ajatutaja","isPartOf":{"@id":"https:\/\/ajatutaja.com\/#website"},"primaryImageOfPage":{"@id":"https:\/\/ajatutaja.com\/izdelek\/modu-baby-activity-modularni-set-kock\/#primaryimage"},"image":{"@id":"https:\/\/ajatutaja.com\/izdelek\/modu-baby-activity-modularni-set-kock\/#primaryimage"},"thumbnailUrl":"https:\/\/ajatutaja.com\/wp-content\/uploads\/2025\/07\/Baby-Activity-Set-Ocean-Mint_Forest-Green-slide-1.webp","datePublished":"2025-07-12T05:43:03+00:00","dateModified":"2026-03-17T19:51:39+00:00","description":"MODU Baby activity set je modularni set kock, ki omogo\u010da izvedbo vsaj 12 edinstvenih kreacij za mal\u010dke od 0-12 mesecev starosti in ve\u010d, s katerimi lahko dojen\u010dki razvijajo svoje motori\u010dne sposobnosti.","breadcrumb":{"@id":"https:\/\/ajatutaja.com\/izdelek\/modu-baby-activity-modularni-set-kock\/#breadcrumb"},"inLanguage":"hr","potentialAction":[{"@type":"ReadAction","target":["https:\/\/ajatutaja.com\/izdelek\/modu-baby-activity-modularni-set-kock\/"]}]},{"@type":"ImageObject","inLanguage":"hr","@id":"https:\/\/ajatutaja.com\/izdelek\/modu-baby-activity-modularni-set-kock\/#primaryimage","url":"https:\/\/ajatutaja.com\/wp-content\/uploads\/2025\/07\/Baby-Activity-Set-Ocean-Mint_Forest-Green-slide-1.webp","contentUrl":"https:\/\/ajatutaja.com\/wp-content\/uploads\/2025\/07\/Baby-Activity-Set-Ocean-Mint_Forest-Green-slide-1.webp","width":1920,"height":2400},{"@type":"BreadcrumbList","@id":"https:\/\/ajatutaja.com\/izdelek\/modu-baby-activity-modularni-set-kock\/#breadcrumb","itemListElement":[{"@type":"ListItem","position":1,"name":"Home","item":"https:\/\/ajatutaja.com\/hr\/"},{"@type":"ListItem","position":2,"name":"Trgovina","item":"https:\/\/ajatutaja.com\/hr\/trgovina\/"},{"@type":"ListItem","position":3,"name":"MODU\u00ae Baby activity &#8211; modularni set kock"}]},{"@type":"WebSite","@id":"https:\/\/ajatutaja.com\/#website","url":"https:\/\/ajatutaja.com\/","name":"Ajatutaja","description":"Otro\u0161ka spletna trgovina AJATUTAJA","publisher":{"@id":"https:\/\/ajatutaja.com\/#organization"},"potentialAction":[{"@type":"SearchAction","target":{"@type":"EntryPoint","urlTemplate":"https:\/\/ajatutaja.com\/?s={search_term_string}"},"query-input":{"@type":"PropertyValueSpecification","valueRequired":true,"valueName":"search_term_string"}}],"inLanguage":"hr"},{"@type":"Organization","@id":"https:\/\/ajatutaja.com\/#organization","name":"Ajatutaja","url":"https:\/\/ajatutaja.com\/","logo":{"@type":"ImageObject","inLanguage":"hr","@id":"https:\/\/ajatutaja.com\/#\/schema\/logo\/image\/","url":"https:\/\/ajatutaja.com\/wp-content\/uploads\/2021\/10\/logo.png","contentUrl":"https:\/\/ajatutaja.com\/wp-content\/uploads\/2021\/10\/logo.png","width":555,"height":150,"caption":"Ajatutaja"},"image":{"@id":"https:\/\/ajatutaja.com\/#\/schema\/logo\/image\/"}}]}},"brands":[{"id":2452,"name":"Igranje","slug":"igranje"},{"id":2469,"name":"Modu","slug":"modu"}],"_links":{"self":[{"href":"https:\/\/ajatutaja.com\/hr\/wp-json\/wp\/v2\/product\/78264","targetHints":{"allow":["GET"]}}],"collection":[{"href":"https:\/\/ajatutaja.com\/hr\/wp-json\/wp\/v2\/product"}],"about":[{"href":"https:\/\/ajatutaja.com\/hr\/wp-json\/wp\/v2\/types\/product"}],"wp:featuredmedia":[{"embeddable":true,"href":"https:\/\/ajatutaja.com\/hr\/wp-json\/wp\/v2\/media\/78260"}],"wp:attachment":[{"href":"https:\/\/ajatutaja.com\/hr\/wp-json\/wp\/v2\/media?parent=78264"}],"wp:term":[{"taxonomy":"pwb-brand","embeddable":true,"href":"https:\/\/ajatutaja.com\/hr\/wp-json\/wp\/v2\/pwb-brand?post=78264"},{"taxonomy":"product_brand","embeddable":true,"href":"https:\/\/ajatutaja.com\/hr\/wp-json\/wp\/v2\/product_brand?post=78264"},{"taxonomy":"product_cat","embeddable":true,"href":"https:\/\/ajatutaja.com\/hr\/wp-json\/wp\/v2\/product_cat?post=78264"},{"taxonomy":"product_tag","embeddable":true,"href":"https:\/\/ajatutaja.com\/hr\/wp-json\/wp\/v2\/product_tag?post=78264"}],"curies":[{"name":"wp","href":"https:\/\/api.w.org\/{rel}","templated":true}]}}