{"id":77695,"date":"2025-06-18T20:43:08","date_gmt":"2025-06-18T18:43:08","guid":{"rendered":"https:\/\/ajatutaja.com\/?post_type=product&#038;p=77695"},"modified":"2026-04-07T07:49:43","modified_gmt":"2026-04-07T05:49:43","slug":"joie-vinca-signature-komplet-2v1-eclipse","status":"publish","type":"product","link":"https:\/\/ajatutaja.com\/hr\/proizvod\/joie-vinca-signature-komplet-2v1-eclipse\/","title":{"rendered":"Joie\u00ae Vinca\u2122 Signature komplet 2v1 &#8211; Eclipse"},"content":{"rendered":"<p>[vc_row][vc_column][vc_column_text]<\/p>\n<h4>Otro\u0161ki vozi\u010dek Joie\u00ae Vinca\u2122 Signature komplet 2v1 ima naslednje lastnosti:<\/h4>\n<ul>\n<li>Komplet Vinca 2v1 vklju\u010duje: Ogrodje vozi\u010dka + \u0160prtni sede\u017e + Globoka ko\u0161ara + Adapterji za avtosede\u017e \/ lupinico + De\u017eno prevleko<\/li>\n<li>Uporaba vozi\u010dka od rojstva do 22 kg, za novorojen\u010dka je primerna uporaba prilo\u017eene Joie\u00ae ko\u0161are za novorojen\u010dka Ramble\u2122 XL (88&#215;41.2 x 58 cm), ki tehta le 2.9 kg<\/li>\n<li>Ustvarjen za brezskrbna in enostavna dru\u017einska potepanja, popoln sopotnik za sprehode skozi mesto ali v osr\u010dje narave<\/li>\n<li>Vzdr\u017eljivo ogrodje z elegantnimi dodatki in izjemna vodljivost<\/li>\n<li>Odli\u010dno vzmetenje koles za mirno in prijetno vo\u017enjo<\/li>\n<li>Izjemno velika vzdr\u017eljiva gumijasta kolesa PunctureProof\u2122 s penastim polnilom<\/li>\n<li>Mo\u017enost zaklepanja sprednjih koles<\/li>\n<li>Odli\u010dna okretnost s pomo\u010djo sistema Sweet Stride\u2122 s sprednjima vrtljivima kolesoma<\/li>\n<li>Odli\u010dno vzmetenje omogo\u010da mirno in varno vo\u017enjo<\/li>\n<li>Enostavna in hitra zavora in sprostitev blokade koles<\/li>\n<li>Mo\u017enost zaklepanja sprednjih koles za vo\u017enjo po zelo razgibanih terenih<\/li>\n<li>Hiter in enostaven zavorni sistem; aktivacija z nogo s\u00a0ShoeSaver\u2122 sistemom<\/li>\n<li>5-to\u010dkovni varnostni pas brez vpenjanja, ki se prilagodi na tri razli\u010dne vi\u0161ine in tako raste z mal\u010dki<\/li>\n<li>Magentke zaponke Autoclick\u2122, ki olaj\u0161ajo pripenanje mal\u010dkov<\/li>\n<li>Oblazinjen in po vi\u0161ini nastavljiv ro\u010daj vozi\u010dka<\/li>\n<li>Premium Signature linija &#8211; izbolj\u0161ana struktura materiala\u00a0zagotavlja izjemno zra\u010dnost<\/li>\n<li>Globoka vodoodbojna strehica z\u00a0UPF 50+ filtrom<\/li>\n<li>Prilagodljiva 3-stopenjska vi\u0161ina pozicije \u0161portnega sede\u017ea<\/li>\n<li>Hitro in kompaktno zlaganje vozi\u010dka skupaj s sede\u017eem, z eno roko<\/li>\n<li>Zlo\u017een vozi\u010dek samostojno stoji<\/li>\n<li>Prilagodljiv naklon naslona sede\u017ea na poljubno stopnjo, tudi popolnoma le\u017ee\u010d za udoben spanec na poti<\/li>\n<li>Mo\u017enost namestitve sede\u017ea vozi\u010dka v obe smeri; v smer vo\u017enje in v nasprotno smer<\/li>\n<li>Velika, globoka in vodoodbojna za\u0161\u010ditna strehica UPF 50+ z mo\u017enostjo podalj\u0161anja s kukalom in z zra\u010dniki<\/li>\n<li>Nadvse udoben; mehka opora za noge z dvema mo\u017enima pozicijama<\/li>\n<li>Zra\u010dna velika nakupovalna ko\u0161ara za shranjevanje z zaprtim delom<\/li>\n<li>Prilo\u017eeni adapterji kompatibilni z Joie\u00ae ko\u0161aro za novorojen\u010dka Rramble\u2122 XL,\u00a0Joie\u00ae otro\u0161kim avtosede\u017eem Gemm&#8217;\u2122, i-Gemm&#8217;\u21223, i-Jemnini,\u00a0i-Level&#8217;\u2122 recline\u00a0in Joie\u00ae i-Snug 2\u2122<\/li>\n<li><a href=\"https:\/\/ajatutaja.com\/wp-content\/uploads\/2025\/06\/Joie-signature-vinca-instruction-manual.pdf\">NAVODILA ZA UPORABO<\/a><\/li>\n<\/ul>\n<p><strong>Dimenzije in te\u017ea:<\/strong><\/p>\n<ul>\n<li>Dimenzije vozi\u010dka: 97 x\u00a065 x 109 cm<\/li>\n<li>Dimenzije zlo\u017eenega vozi\u010dka: 109 x 65 x\u00a042 cm<\/li>\n<li>Te\u017ea: 13,5 kg<\/li>\n<li>Maksimalna te\u017ea obremenitve vozi\u010dka: 22 kg<\/li>\n<\/ul>\n<p>[\/vc_column_text][\/vc_column][\/vc_row]<\/p>\n","protected":false},"excerpt":{"rendered":"<p style=\"text-align: justify\">Otro\u0161ki vozi\u010dek Joie\u00ae Vinca Signature je stilsko dovr\u0161en in prakti\u010den otro\u0161ki\u00a0All terrain\u00a0vozi\u010dek, ki se odlikuje po \u010dudovitem dizajnu, sodobnih tehni\u010dnih re\u0161itvah (sede\u017e ali ko\u0161aro se lahko namesti na 3 vi\u0161ine), sofisticiranih materialih,\u00a0vrhunski kakovosti in prilagodljivosti na vsak teren. S prilo\u017eeno ko\u0161aro za novorjen\u010dka Joie Ramble XL, ki novorojen\u010dko zagotavlja varno in udobno spanje tudi v poletnih mesecih.<\/p>\n","protected":false},"featured_media":77696,"template":"","meta":[],"pwb-brand":[4525],"product_brand":[],"product_cat":[2363,2360],"product_tag":[4073,5610],"class_list":{"0":"post-77695","1":"product","2":"type-product","3":"status-publish","4":"has-post-thumbnail","6":"pwb-brand-joie-vozicki","7":"product_cat-otroski-vozicki-2v1","8":"product_cat-vozicki","9":"product_tag-joie","10":"product_tag-joie-vinca","12":"first","13":"instock","14":"taxable","15":"shipping-taxable","16":"purchasable","17":"product-type-simple","18":"add-to-wishlist-before_image"},"yoast_head":"<!-- This site is optimized with the Yoast SEO plugin v27.6 - https:\/\/yoast.com\/product\/yoast-seo-wordpress\/ -->\n<title>Joie\u00ae Vinca\u2122 Signature komplet 2v1 - Eclipse | Ajatutaja<\/title>\n<meta name=\"description\" content=\"Otro\u0161ki vozi\u010dek Joie\u00ae Vinca Signature je stilsko dovr\u0161en in prakti\u010den otro\u0161ki\u00a0All terrain\u00a0vozi\u010dek, ki se odlikuje po \u010dudovitem dizajnu, sodobnih tehni\u010dnih re\u0161itvah, sofisticiranih materialih,\u00a0vrhunski kakovosti in prilagodljivosti na vsak teren. S prilo\u017eeno ko\u0161aro za novorjen\u010dka Joie Ramble XL\" \/>\n<meta name=\"robots\" content=\"index, follow, max-snippet:-1, max-image-preview:large, max-video-preview:-1\" \/>\n<link rel=\"canonical\" href=\"https:\/\/ajatutaja.com\/izdelek\/joie-vinca-signature-komplet-2v1-eclipse\/\" \/>\n<meta property=\"og:locale\" content=\"hr_HR\" \/>\n<meta property=\"og:type\" content=\"article\" \/>\n<meta property=\"og:title\" content=\"Joie\u00ae Vinca\u2122 Signature komplet 2v1 - Eclipse | Ajatutaja\" \/>\n<meta property=\"og:description\" content=\"Otro\u0161ki vozi\u010dek Joie\u00ae Vinca Signature je stilsko dovr\u0161en in prakti\u010den otro\u0161ki\u00a0All terrain\u00a0vozi\u010dek, ki se odlikuje po \u010dudovitem dizajnu, sodobnih tehni\u010dnih re\u0161itvah, sofisticiranih materialih,\u00a0vrhunski kakovosti in prilagodljivosti na vsak teren. S prilo\u017eeno ko\u0161aro za novorjen\u010dka Joie Ramble XL\" \/>\n<meta property=\"og:url\" content=\"https:\/\/ajatutaja.com\/izdelek\/joie-vinca-signature-komplet-2v1-eclipse\/\" \/>\n<meta property=\"og:site_name\" content=\"Ajatutaja\" \/>\n<meta property=\"article:modified_time\" content=\"2026-04-07T05:49:43+00:00\" \/>\n<meta property=\"og:image\" content=\"https:\/\/ajatutaja.com\/wp-content\/uploads\/2025\/06\/joie-otroski-vozicek-vinca-signature-eclipse-2025-1.jpg\" \/>\n\t<meta property=\"og:image:width\" content=\"1000\" \/>\n\t<meta property=\"og:image:height\" content=\"1000\" \/>\n\t<meta property=\"og:image:type\" content=\"image\/jpeg\" \/>\n<meta name=\"twitter:card\" content=\"summary_large_image\" \/>\n<meta name=\"twitter:label1\" content=\"Procijenjeno vrijeme \u010ditanja\" \/>\n\t<meta name=\"twitter:data1\" content=\"2 minute\" \/>\n<script type=\"application\/ld+json\" class=\"yoast-schema-graph\">{\"@context\":\"https:\\\/\\\/schema.org\",\"@graph\":[{\"@type\":\"WebPage\",\"@id\":\"https:\\\/\\\/ajatutaja.com\\\/izdelek\\\/joie-vinca-signature-komplet-2v1-eclipse\\\/\",\"url\":\"https:\\\/\\\/ajatutaja.com\\\/izdelek\\\/joie-vinca-signature-komplet-2v1-eclipse\\\/\",\"name\":\"Joie\u00ae Vinca\u2122 Signature komplet 2v1 - Eclipse | Ajatutaja\",\"isPartOf\":{\"@id\":\"https:\\\/\\\/ajatutaja.com\\\/#website\"},\"primaryImageOfPage\":{\"@id\":\"https:\\\/\\\/ajatutaja.com\\\/izdelek\\\/joie-vinca-signature-komplet-2v1-eclipse\\\/#primaryimage\"},\"image\":{\"@id\":\"https:\\\/\\\/ajatutaja.com\\\/izdelek\\\/joie-vinca-signature-komplet-2v1-eclipse\\\/#primaryimage\"},\"thumbnailUrl\":\"https:\\\/\\\/ajatutaja.com\\\/wp-content\\\/uploads\\\/2025\\\/06\\\/joie-otroski-vozicek-vinca-signature-eclipse-2025-1.jpg\",\"datePublished\":\"2025-06-18T18:43:08+00:00\",\"dateModified\":\"2026-04-07T05:49:43+00:00\",\"description\":\"Otro\u0161ki vozi\u010dek Joie\u00ae Vinca Signature je stilsko dovr\u0161en in prakti\u010den otro\u0161ki\u00a0All terrain\u00a0vozi\u010dek, ki se odlikuje po \u010dudovitem dizajnu, sodobnih tehni\u010dnih re\u0161itvah, sofisticiranih materialih,\u00a0vrhunski kakovosti in prilagodljivosti na vsak teren. S prilo\u017eeno ko\u0161aro za novorjen\u010dka Joie Ramble XL\",\"breadcrumb\":{\"@id\":\"https:\\\/\\\/ajatutaja.com\\\/izdelek\\\/joie-vinca-signature-komplet-2v1-eclipse\\\/#breadcrumb\"},\"inLanguage\":\"hr\",\"potentialAction\":[{\"@type\":\"ReadAction\",\"target\":[\"https:\\\/\\\/ajatutaja.com\\\/izdelek\\\/joie-vinca-signature-komplet-2v1-eclipse\\\/\"]}]},{\"@type\":\"ImageObject\",\"inLanguage\":\"hr\",\"@id\":\"https:\\\/\\\/ajatutaja.com\\\/izdelek\\\/joie-vinca-signature-komplet-2v1-eclipse\\\/#primaryimage\",\"url\":\"https:\\\/\\\/ajatutaja.com\\\/wp-content\\\/uploads\\\/2025\\\/06\\\/joie-otroski-vozicek-vinca-signature-eclipse-2025-1.jpg\",\"contentUrl\":\"https:\\\/\\\/ajatutaja.com\\\/wp-content\\\/uploads\\\/2025\\\/06\\\/joie-otroski-vozicek-vinca-signature-eclipse-2025-1.jpg\",\"width\":1000,\"height\":1000},{\"@type\":\"BreadcrumbList\",\"@id\":\"https:\\\/\\\/ajatutaja.com\\\/izdelek\\\/joie-vinca-signature-komplet-2v1-eclipse\\\/#breadcrumb\",\"itemListElement\":[{\"@type\":\"ListItem\",\"position\":1,\"name\":\"Home\",\"item\":\"https:\\\/\\\/ajatutaja.com\\\/hr\\\/\"},{\"@type\":\"ListItem\",\"position\":2,\"name\":\"Trgovina\",\"item\":\"https:\\\/\\\/ajatutaja.com\\\/hr\\\/trgovina\\\/\"},{\"@type\":\"ListItem\",\"position\":3,\"name\":\"Joie\u00ae Vinca\u2122 Signature komplet 2v1 &#8211; Eclipse\"}]},{\"@type\":\"WebSite\",\"@id\":\"https:\\\/\\\/ajatutaja.com\\\/#website\",\"url\":\"https:\\\/\\\/ajatutaja.com\\\/\",\"name\":\"Ajatutaja\",\"description\":\"Otro\u0161ka spletna trgovina AJATUTAJA\",\"publisher\":{\"@id\":\"https:\\\/\\\/ajatutaja.com\\\/#organization\"},\"potentialAction\":[{\"@type\":\"SearchAction\",\"target\":{\"@type\":\"EntryPoint\",\"urlTemplate\":\"https:\\\/\\\/ajatutaja.com\\\/?s={search_term_string}\"},\"query-input\":{\"@type\":\"PropertyValueSpecification\",\"valueRequired\":true,\"valueName\":\"search_term_string\"}}],\"inLanguage\":\"hr\"},{\"@type\":\"Organization\",\"@id\":\"https:\\\/\\\/ajatutaja.com\\\/#organization\",\"name\":\"Ajatutaja\",\"url\":\"https:\\\/\\\/ajatutaja.com\\\/\",\"logo\":{\"@type\":\"ImageObject\",\"inLanguage\":\"hr\",\"@id\":\"https:\\\/\\\/ajatutaja.com\\\/#\\\/schema\\\/logo\\\/image\\\/\",\"url\":\"https:\\\/\\\/ajatutaja.com\\\/wp-content\\\/uploads\\\/2021\\\/10\\\/logo.png\",\"contentUrl\":\"https:\\\/\\\/ajatutaja.com\\\/wp-content\\\/uploads\\\/2021\\\/10\\\/logo.png\",\"width\":555,\"height\":150,\"caption\":\"Ajatutaja\"},\"image\":{\"@id\":\"https:\\\/\\\/ajatutaja.com\\\/#\\\/schema\\\/logo\\\/image\\\/\"}}]}<\/script>\n<!-- \/ Yoast SEO plugin. -->","yoast_head_json":{"title":"Joie\u00ae Vinca\u2122 Signature komplet 2v1 - Eclipse | Ajatutaja","description":"Otro\u0161ki vozi\u010dek Joie\u00ae Vinca Signature je stilsko dovr\u0161en in prakti\u010den otro\u0161ki\u00a0All terrain\u00a0vozi\u010dek, ki se odlikuje po \u010dudovitem dizajnu, sodobnih tehni\u010dnih re\u0161itvah, sofisticiranih materialih,\u00a0vrhunski kakovosti in prilagodljivosti na vsak teren. S prilo\u017eeno ko\u0161aro za novorjen\u010dka Joie Ramble XL","robots":{"index":"index","follow":"follow","max-snippet":"max-snippet:-1","max-image-preview":"max-image-preview:large","max-video-preview":"max-video-preview:-1"},"canonical":"https:\/\/ajatutaja.com\/izdelek\/joie-vinca-signature-komplet-2v1-eclipse\/","og_locale":"hr_HR","og_type":"article","og_title":"Joie\u00ae Vinca\u2122 Signature komplet 2v1 - Eclipse | Ajatutaja","og_description":"Otro\u0161ki vozi\u010dek Joie\u00ae Vinca Signature je stilsko dovr\u0161en in prakti\u010den otro\u0161ki\u00a0All terrain\u00a0vozi\u010dek, ki se odlikuje po \u010dudovitem dizajnu, sodobnih tehni\u010dnih re\u0161itvah, sofisticiranih materialih,\u00a0vrhunski kakovosti in prilagodljivosti na vsak teren. S prilo\u017eeno ko\u0161aro za novorjen\u010dka Joie Ramble XL","og_url":"https:\/\/ajatutaja.com\/izdelek\/joie-vinca-signature-komplet-2v1-eclipse\/","og_site_name":"Ajatutaja","article_modified_time":"2026-04-07T05:49:43+00:00","og_image":[{"width":1000,"height":1000,"url":"https:\/\/ajatutaja.com\/wp-content\/uploads\/2025\/06\/joie-otroski-vozicek-vinca-signature-eclipse-2025-1.jpg","type":"image\/jpeg"}],"twitter_card":"summary_large_image","twitter_misc":{"Procijenjeno vrijeme \u010ditanja":"2 minute"},"schema":{"@context":"https:\/\/schema.org","@graph":[{"@type":"WebPage","@id":"https:\/\/ajatutaja.com\/izdelek\/joie-vinca-signature-komplet-2v1-eclipse\/","url":"https:\/\/ajatutaja.com\/izdelek\/joie-vinca-signature-komplet-2v1-eclipse\/","name":"Joie\u00ae Vinca\u2122 Signature komplet 2v1 - Eclipse | Ajatutaja","isPartOf":{"@id":"https:\/\/ajatutaja.com\/#website"},"primaryImageOfPage":{"@id":"https:\/\/ajatutaja.com\/izdelek\/joie-vinca-signature-komplet-2v1-eclipse\/#primaryimage"},"image":{"@id":"https:\/\/ajatutaja.com\/izdelek\/joie-vinca-signature-komplet-2v1-eclipse\/#primaryimage"},"thumbnailUrl":"https:\/\/ajatutaja.com\/wp-content\/uploads\/2025\/06\/joie-otroski-vozicek-vinca-signature-eclipse-2025-1.jpg","datePublished":"2025-06-18T18:43:08+00:00","dateModified":"2026-04-07T05:49:43+00:00","description":"Otro\u0161ki vozi\u010dek Joie\u00ae Vinca Signature je stilsko dovr\u0161en in prakti\u010den otro\u0161ki\u00a0All terrain\u00a0vozi\u010dek, ki se odlikuje po \u010dudovitem dizajnu, sodobnih tehni\u010dnih re\u0161itvah, sofisticiranih materialih,\u00a0vrhunski kakovosti in prilagodljivosti na vsak teren. S prilo\u017eeno ko\u0161aro za novorjen\u010dka Joie Ramble XL","breadcrumb":{"@id":"https:\/\/ajatutaja.com\/izdelek\/joie-vinca-signature-komplet-2v1-eclipse\/#breadcrumb"},"inLanguage":"hr","potentialAction":[{"@type":"ReadAction","target":["https:\/\/ajatutaja.com\/izdelek\/joie-vinca-signature-komplet-2v1-eclipse\/"]}]},{"@type":"ImageObject","inLanguage":"hr","@id":"https:\/\/ajatutaja.com\/izdelek\/joie-vinca-signature-komplet-2v1-eclipse\/#primaryimage","url":"https:\/\/ajatutaja.com\/wp-content\/uploads\/2025\/06\/joie-otroski-vozicek-vinca-signature-eclipse-2025-1.jpg","contentUrl":"https:\/\/ajatutaja.com\/wp-content\/uploads\/2025\/06\/joie-otroski-vozicek-vinca-signature-eclipse-2025-1.jpg","width":1000,"height":1000},{"@type":"BreadcrumbList","@id":"https:\/\/ajatutaja.com\/izdelek\/joie-vinca-signature-komplet-2v1-eclipse\/#breadcrumb","itemListElement":[{"@type":"ListItem","position":1,"name":"Home","item":"https:\/\/ajatutaja.com\/hr\/"},{"@type":"ListItem","position":2,"name":"Trgovina","item":"https:\/\/ajatutaja.com\/hr\/trgovina\/"},{"@type":"ListItem","position":3,"name":"Joie\u00ae Vinca\u2122 Signature komplet 2v1 &#8211; Eclipse"}]},{"@type":"WebSite","@id":"https:\/\/ajatutaja.com\/#website","url":"https:\/\/ajatutaja.com\/","name":"Ajatutaja","description":"Otro\u0161ka spletna trgovina AJATUTAJA","publisher":{"@id":"https:\/\/ajatutaja.com\/#organization"},"potentialAction":[{"@type":"SearchAction","target":{"@type":"EntryPoint","urlTemplate":"https:\/\/ajatutaja.com\/?s={search_term_string}"},"query-input":{"@type":"PropertyValueSpecification","valueRequired":true,"valueName":"search_term_string"}}],"inLanguage":"hr"},{"@type":"Organization","@id":"https:\/\/ajatutaja.com\/#organization","name":"Ajatutaja","url":"https:\/\/ajatutaja.com\/","logo":{"@type":"ImageObject","inLanguage":"hr","@id":"https:\/\/ajatutaja.com\/#\/schema\/logo\/image\/","url":"https:\/\/ajatutaja.com\/wp-content\/uploads\/2021\/10\/logo.png","contentUrl":"https:\/\/ajatutaja.com\/wp-content\/uploads\/2021\/10\/logo.png","width":555,"height":150,"caption":"Ajatutaja"},"image":{"@id":"https:\/\/ajatutaja.com\/#\/schema\/logo\/image\/"}}]}},"brands":[{"id":4525,"name":"Joie","slug":"joie-vozicki"}],"_links":{"self":[{"href":"https:\/\/ajatutaja.com\/hr\/wp-json\/wp\/v2\/product\/77695","targetHints":{"allow":["GET"]}}],"collection":[{"href":"https:\/\/ajatutaja.com\/hr\/wp-json\/wp\/v2\/product"}],"about":[{"href":"https:\/\/ajatutaja.com\/hr\/wp-json\/wp\/v2\/types\/product"}],"wp:featuredmedia":[{"embeddable":true,"href":"https:\/\/ajatutaja.com\/hr\/wp-json\/wp\/v2\/media\/77696"}],"wp:attachment":[{"href":"https:\/\/ajatutaja.com\/hr\/wp-json\/wp\/v2\/media?parent=77695"}],"wp:term":[{"taxonomy":"pwb-brand","embeddable":true,"href":"https:\/\/ajatutaja.com\/hr\/wp-json\/wp\/v2\/pwb-brand?post=77695"},{"taxonomy":"product_brand","embeddable":true,"href":"https:\/\/ajatutaja.com\/hr\/wp-json\/wp\/v2\/product_brand?post=77695"},{"taxonomy":"product_cat","embeddable":true,"href":"https:\/\/ajatutaja.com\/hr\/wp-json\/wp\/v2\/product_cat?post=77695"},{"taxonomy":"product_tag","embeddable":true,"href":"https:\/\/ajatutaja.com\/hr\/wp-json\/wp\/v2\/product_tag?post=77695"}],"curies":[{"name":"wp","href":"https:\/\/api.w.org\/{rel}","templated":true}]}}