{"id":76849,"date":"2025-05-23T21:40:12","date_gmt":"2025-05-23T19:40:12","guid":{"rendered":"https:\/\/ajatutaja.com\/?post_type=product&#038;p=76849"},"modified":"2025-05-25T22:13:49","modified_gmt":"2025-05-25T20:13:49","slug":"baby-nogavicke-little-dutch-fairy-garden-pak-3","status":"publish","type":"product","link":"https:\/\/ajatutaja.com\/hr\/proizvod\/baby-nogavicke-little-dutch-fairy-garden-pak-3\/","title":{"rendered":"Baby nogavi\u010dke Little Dutch &#8211; Fairy Garden (Pak. 3)"},"content":{"rendered":"<p>[vc_row][vc_column][vc_column_text]<\/p>\n<h3>Lastnosti baby nogavi\u010dk Little Dutch:<\/h3>\n<ul>\n<li dir=\"ltr\" data-placeholder=\"Prevod\">Little Dutch kolekcija Fairy Garden<\/li>\n<li dir=\"ltr\" data-placeholder=\"Prevod\"><span lang=\"sl\">Na voljo v velikosti: 0-3 mesece<\/span><\/li>\n<li>Materijal: 75% organski bomba\u017e \/ 22% najlon \/ 3% elastan<\/li>\n<li>Nega: pranje pri 30 \u00b0C &#8211; ne\u017een cikel; nizkotemperaturno likanje; ne \u010distite kemi\u010dno; ne beliti; ni primerno za su\u0161ilni stroj<\/li>\n<\/ul>\n<p>[\/vc_column_text][\/vc_column][\/vc_row]<\/p>\n","protected":false},"excerpt":{"rendered":"<p style=\"text-align: justify\">Baby nogavi\u010dke Little Dutch so izdelane iz certificiranega organskega bomba\u017ea, ki ne vsebuje \u0161kodljivih snovi. Paket treh nogavic je lahko tudi prakti\u010dno darilo za novorojen\u010dka.<\/p>\n","protected":false},"featured_media":76852,"template":"","meta":[],"pwb-brand":[4893,2696],"product_brand":[],"product_cat":[2610,2715,2609,2692],"product_tag":[5614,4002],"class_list":{"0":"post-76849","1":"product","2":"type-product","3":"status-publish","4":"has-post-thumbnail","6":"pwb-brand-little-dutch-moda","7":"pwb-brand-moda","8":"product_cat-darila","9":"product_cat-darilo-do-15e","10":"product_cat-moda","11":"product_cat-nogavice-in-zabice","12":"product_tag-fairy-garden","13":"product_tag-little-dutch","15":"first","16":"instock","17":"taxable","18":"shipping-taxable","19":"purchasable","20":"product-type-simple","21":"add-to-wishlist-before_image"},"yoast_head":"<!-- This site is optimized with the Yoast SEO plugin v27.6 - https:\/\/yoast.com\/product\/yoast-seo-wordpress\/ -->\n<title>Baby nogavi\u010dke Little Dutch - Fairy Garden (Pak. 3) | Ajatutaja<\/title>\n<meta name=\"description\" content=\"Baby nogavi\u010dke Little Dutch so izdelane iz certificiranega organskega bomba\u017ea, ki ne vsebuje \u0161kodljivih snovi. Paket treh nogavic je lahko tudi prakti\u010dno darilo za novorojen\u010dka.\" \/>\n<meta name=\"robots\" content=\"index, follow, max-snippet:-1, max-image-preview:large, max-video-preview:-1\" \/>\n<link rel=\"canonical\" href=\"https:\/\/ajatutaja.com\/hr\/proizvod\/baby-nogavicke-little-dutch-fairy-garden-pak-3\/\" \/>\n<meta property=\"og:locale\" content=\"hr_HR\" \/>\n<meta property=\"og:type\" content=\"article\" \/>\n<meta property=\"og:title\" content=\"Baby nogavi\u010dke Little Dutch - Fairy Garden (Pak. 3) | Ajatutaja\" \/>\n<meta property=\"og:description\" content=\"Baby nogavi\u010dke Little Dutch so izdelane iz certificiranega organskega bomba\u017ea, ki ne vsebuje \u0161kodljivih snovi. Paket treh nogavic je lahko tudi prakti\u010dno darilo za novorojen\u010dka.\" \/>\n<meta property=\"og:url\" content=\"https:\/\/ajatutaja.com\/hr\/proizvod\/baby-nogavicke-little-dutch-fairy-garden-pak-3\/\" \/>\n<meta property=\"og:site_name\" content=\"Ajatutaja\" \/>\n<meta property=\"article:modified_time\" content=\"2025-05-25T20:13:49+00:00\" \/>\n<meta property=\"og:image\" content=\"https:\/\/ajatutaja.com\/wp-content\/uploads\/2025\/05\/LD-baby-nogavicke-fairy-1.webp\" \/>\n\t<meta property=\"og:image:width\" content=\"1440\" \/>\n\t<meta property=\"og:image:height\" content=\"1440\" \/>\n\t<meta property=\"og:image:type\" content=\"image\/webp\" \/>\n<meta name=\"twitter:card\" content=\"summary_large_image\" \/>\n<script type=\"application\/ld+json\" class=\"yoast-schema-graph\">{\"@context\":\"https:\\\/\\\/schema.org\",\"@graph\":[{\"@type\":\"WebPage\",\"@id\":\"https:\\\/\\\/ajatutaja.com\\\/hr\\\/proizvod\\\/baby-nogavicke-little-dutch-fairy-garden-pak-3\\\/\",\"url\":\"https:\\\/\\\/ajatutaja.com\\\/hr\\\/proizvod\\\/baby-nogavicke-little-dutch-fairy-garden-pak-3\\\/\",\"name\":\"Baby nogavi\u010dke Little Dutch - Fairy Garden (Pak. 3) | Ajatutaja\",\"isPartOf\":{\"@id\":\"https:\\\/\\\/ajatutaja.com\\\/#website\"},\"primaryImageOfPage\":{\"@id\":\"https:\\\/\\\/ajatutaja.com\\\/hr\\\/proizvod\\\/baby-nogavicke-little-dutch-fairy-garden-pak-3\\\/#primaryimage\"},\"image\":{\"@id\":\"https:\\\/\\\/ajatutaja.com\\\/hr\\\/proizvod\\\/baby-nogavicke-little-dutch-fairy-garden-pak-3\\\/#primaryimage\"},\"thumbnailUrl\":\"https:\\\/\\\/ajatutaja.com\\\/wp-content\\\/uploads\\\/2025\\\/05\\\/LD-baby-nogavicke-fairy-1.webp\",\"datePublished\":\"2025-05-23T19:40:12+00:00\",\"dateModified\":\"2025-05-25T20:13:49+00:00\",\"description\":\"Baby nogavi\u010dke Little Dutch so izdelane iz certificiranega organskega bomba\u017ea, ki ne vsebuje \u0161kodljivih snovi. Paket treh nogavic je lahko tudi prakti\u010dno darilo za novorojen\u010dka.\",\"breadcrumb\":{\"@id\":\"https:\\\/\\\/ajatutaja.com\\\/hr\\\/proizvod\\\/baby-nogavicke-little-dutch-fairy-garden-pak-3\\\/#breadcrumb\"},\"inLanguage\":\"hr\",\"potentialAction\":[{\"@type\":\"ReadAction\",\"target\":[\"https:\\\/\\\/ajatutaja.com\\\/hr\\\/proizvod\\\/baby-nogavicke-little-dutch-fairy-garden-pak-3\\\/\"]}]},{\"@type\":\"ImageObject\",\"inLanguage\":\"hr\",\"@id\":\"https:\\\/\\\/ajatutaja.com\\\/hr\\\/proizvod\\\/baby-nogavicke-little-dutch-fairy-garden-pak-3\\\/#primaryimage\",\"url\":\"https:\\\/\\\/ajatutaja.com\\\/wp-content\\\/uploads\\\/2025\\\/05\\\/LD-baby-nogavicke-fairy-1.webp\",\"contentUrl\":\"https:\\\/\\\/ajatutaja.com\\\/wp-content\\\/uploads\\\/2025\\\/05\\\/LD-baby-nogavicke-fairy-1.webp\",\"width\":1440,\"height\":1440},{\"@type\":\"BreadcrumbList\",\"@id\":\"https:\\\/\\\/ajatutaja.com\\\/hr\\\/proizvod\\\/baby-nogavicke-little-dutch-fairy-garden-pak-3\\\/#breadcrumb\",\"itemListElement\":[{\"@type\":\"ListItem\",\"position\":1,\"name\":\"Home\",\"item\":\"https:\\\/\\\/ajatutaja.com\\\/hr\\\/\"},{\"@type\":\"ListItem\",\"position\":2,\"name\":\"Trgovina\",\"item\":\"https:\\\/\\\/ajatutaja.com\\\/hr\\\/trgovina\\\/\"},{\"@type\":\"ListItem\",\"position\":3,\"name\":\"Baby nogavi\u010dke Little Dutch &#8211; Fairy Garden (Pak. 3)\"}]},{\"@type\":\"WebSite\",\"@id\":\"https:\\\/\\\/ajatutaja.com\\\/#website\",\"url\":\"https:\\\/\\\/ajatutaja.com\\\/\",\"name\":\"Ajatutaja\",\"description\":\"Otro\u0161ka spletna trgovina AJATUTAJA\",\"publisher\":{\"@id\":\"https:\\\/\\\/ajatutaja.com\\\/#organization\"},\"potentialAction\":[{\"@type\":\"SearchAction\",\"target\":{\"@type\":\"EntryPoint\",\"urlTemplate\":\"https:\\\/\\\/ajatutaja.com\\\/?s={search_term_string}\"},\"query-input\":{\"@type\":\"PropertyValueSpecification\",\"valueRequired\":true,\"valueName\":\"search_term_string\"}}],\"inLanguage\":\"hr\"},{\"@type\":\"Organization\",\"@id\":\"https:\\\/\\\/ajatutaja.com\\\/#organization\",\"name\":\"Ajatutaja\",\"url\":\"https:\\\/\\\/ajatutaja.com\\\/\",\"logo\":{\"@type\":\"ImageObject\",\"inLanguage\":\"hr\",\"@id\":\"https:\\\/\\\/ajatutaja.com\\\/#\\\/schema\\\/logo\\\/image\\\/\",\"url\":\"https:\\\/\\\/ajatutaja.com\\\/wp-content\\\/uploads\\\/2021\\\/10\\\/logo.png\",\"contentUrl\":\"https:\\\/\\\/ajatutaja.com\\\/wp-content\\\/uploads\\\/2021\\\/10\\\/logo.png\",\"width\":555,\"height\":150,\"caption\":\"Ajatutaja\"},\"image\":{\"@id\":\"https:\\\/\\\/ajatutaja.com\\\/#\\\/schema\\\/logo\\\/image\\\/\"}}]}<\/script>\n<!-- \/ Yoast SEO plugin. -->","yoast_head_json":{"title":"Baby nogavi\u010dke Little Dutch - Fairy Garden (Pak. 3) | Ajatutaja","description":"Baby nogavi\u010dke Little Dutch so izdelane iz certificiranega organskega bomba\u017ea, ki ne vsebuje \u0161kodljivih snovi. Paket treh nogavic je lahko tudi prakti\u010dno darilo za novorojen\u010dka.","robots":{"index":"index","follow":"follow","max-snippet":"max-snippet:-1","max-image-preview":"max-image-preview:large","max-video-preview":"max-video-preview:-1"},"canonical":"https:\/\/ajatutaja.com\/hr\/proizvod\/baby-nogavicke-little-dutch-fairy-garden-pak-3\/","og_locale":"hr_HR","og_type":"article","og_title":"Baby nogavi\u010dke Little Dutch - Fairy Garden (Pak. 3) | Ajatutaja","og_description":"Baby nogavi\u010dke Little Dutch so izdelane iz certificiranega organskega bomba\u017ea, ki ne vsebuje \u0161kodljivih snovi. Paket treh nogavic je lahko tudi prakti\u010dno darilo za novorojen\u010dka.","og_url":"https:\/\/ajatutaja.com\/hr\/proizvod\/baby-nogavicke-little-dutch-fairy-garden-pak-3\/","og_site_name":"Ajatutaja","article_modified_time":"2025-05-25T20:13:49+00:00","og_image":[{"width":1440,"height":1440,"url":"https:\/\/ajatutaja.com\/wp-content\/uploads\/2025\/05\/LD-baby-nogavicke-fairy-1.webp","type":"image\/webp"}],"twitter_card":"summary_large_image","schema":{"@context":"https:\/\/schema.org","@graph":[{"@type":"WebPage","@id":"https:\/\/ajatutaja.com\/hr\/proizvod\/baby-nogavicke-little-dutch-fairy-garden-pak-3\/","url":"https:\/\/ajatutaja.com\/hr\/proizvod\/baby-nogavicke-little-dutch-fairy-garden-pak-3\/","name":"Baby nogavi\u010dke Little Dutch - Fairy Garden (Pak. 3) | Ajatutaja","isPartOf":{"@id":"https:\/\/ajatutaja.com\/#website"},"primaryImageOfPage":{"@id":"https:\/\/ajatutaja.com\/hr\/proizvod\/baby-nogavicke-little-dutch-fairy-garden-pak-3\/#primaryimage"},"image":{"@id":"https:\/\/ajatutaja.com\/hr\/proizvod\/baby-nogavicke-little-dutch-fairy-garden-pak-3\/#primaryimage"},"thumbnailUrl":"https:\/\/ajatutaja.com\/wp-content\/uploads\/2025\/05\/LD-baby-nogavicke-fairy-1.webp","datePublished":"2025-05-23T19:40:12+00:00","dateModified":"2025-05-25T20:13:49+00:00","description":"Baby nogavi\u010dke Little Dutch so izdelane iz certificiranega organskega bomba\u017ea, ki ne vsebuje \u0161kodljivih snovi. Paket treh nogavic je lahko tudi prakti\u010dno darilo za novorojen\u010dka.","breadcrumb":{"@id":"https:\/\/ajatutaja.com\/hr\/proizvod\/baby-nogavicke-little-dutch-fairy-garden-pak-3\/#breadcrumb"},"inLanguage":"hr","potentialAction":[{"@type":"ReadAction","target":["https:\/\/ajatutaja.com\/hr\/proizvod\/baby-nogavicke-little-dutch-fairy-garden-pak-3\/"]}]},{"@type":"ImageObject","inLanguage":"hr","@id":"https:\/\/ajatutaja.com\/hr\/proizvod\/baby-nogavicke-little-dutch-fairy-garden-pak-3\/#primaryimage","url":"https:\/\/ajatutaja.com\/wp-content\/uploads\/2025\/05\/LD-baby-nogavicke-fairy-1.webp","contentUrl":"https:\/\/ajatutaja.com\/wp-content\/uploads\/2025\/05\/LD-baby-nogavicke-fairy-1.webp","width":1440,"height":1440},{"@type":"BreadcrumbList","@id":"https:\/\/ajatutaja.com\/hr\/proizvod\/baby-nogavicke-little-dutch-fairy-garden-pak-3\/#breadcrumb","itemListElement":[{"@type":"ListItem","position":1,"name":"Home","item":"https:\/\/ajatutaja.com\/hr\/"},{"@type":"ListItem","position":2,"name":"Trgovina","item":"https:\/\/ajatutaja.com\/hr\/trgovina\/"},{"@type":"ListItem","position":3,"name":"Baby nogavi\u010dke Little Dutch &#8211; Fairy Garden (Pak. 3)"}]},{"@type":"WebSite","@id":"https:\/\/ajatutaja.com\/#website","url":"https:\/\/ajatutaja.com\/","name":"Ajatutaja","description":"Otro\u0161ka spletna trgovina AJATUTAJA","publisher":{"@id":"https:\/\/ajatutaja.com\/#organization"},"potentialAction":[{"@type":"SearchAction","target":{"@type":"EntryPoint","urlTemplate":"https:\/\/ajatutaja.com\/?s={search_term_string}"},"query-input":{"@type":"PropertyValueSpecification","valueRequired":true,"valueName":"search_term_string"}}],"inLanguage":"hr"},{"@type":"Organization","@id":"https:\/\/ajatutaja.com\/#organization","name":"Ajatutaja","url":"https:\/\/ajatutaja.com\/","logo":{"@type":"ImageObject","inLanguage":"hr","@id":"https:\/\/ajatutaja.com\/#\/schema\/logo\/image\/","url":"https:\/\/ajatutaja.com\/wp-content\/uploads\/2021\/10\/logo.png","contentUrl":"https:\/\/ajatutaja.com\/wp-content\/uploads\/2021\/10\/logo.png","width":555,"height":150,"caption":"Ajatutaja"},"image":{"@id":"https:\/\/ajatutaja.com\/#\/schema\/logo\/image\/"}}]}},"brands":[{"id":4893,"name":"Little Dutch","slug":"little-dutch-moda"},{"id":2696,"name":"Moda","slug":"moda"}],"_links":{"self":[{"href":"https:\/\/ajatutaja.com\/hr\/wp-json\/wp\/v2\/product\/76849","targetHints":{"allow":["GET"]}}],"collection":[{"href":"https:\/\/ajatutaja.com\/hr\/wp-json\/wp\/v2\/product"}],"about":[{"href":"https:\/\/ajatutaja.com\/hr\/wp-json\/wp\/v2\/types\/product"}],"wp:featuredmedia":[{"embeddable":true,"href":"https:\/\/ajatutaja.com\/hr\/wp-json\/wp\/v2\/media\/76852"}],"wp:attachment":[{"href":"https:\/\/ajatutaja.com\/hr\/wp-json\/wp\/v2\/media?parent=76849"}],"wp:term":[{"taxonomy":"pwb-brand","embeddable":true,"href":"https:\/\/ajatutaja.com\/hr\/wp-json\/wp\/v2\/pwb-brand?post=76849"},{"taxonomy":"product_brand","embeddable":true,"href":"https:\/\/ajatutaja.com\/hr\/wp-json\/wp\/v2\/product_brand?post=76849"},{"taxonomy":"product_cat","embeddable":true,"href":"https:\/\/ajatutaja.com\/hr\/wp-json\/wp\/v2\/product_cat?post=76849"},{"taxonomy":"product_tag","embeddable":true,"href":"https:\/\/ajatutaja.com\/hr\/wp-json\/wp\/v2\/product_tag?post=76849"}],"curies":[{"name":"wp","href":"https:\/\/api.w.org\/{rel}","templated":true}]}}