{"id":76803,"date":"2024-05-24T09:59:50","date_gmt":"2024-05-24T07:59:50","guid":{"rendered":"https:\/\/ajatutaja.com\/?post_type=product&#038;p=76803"},"modified":"2025-08-20T21:13:30","modified_gmt":"2025-08-20T19:13:30","slug":"komplet-3-muslin-plenick-sivili-vintage-flowers","status":"publish","type":"product","link":"https:\/\/ajatutaja.com\/hr\/proizvod\/komplet-3-muslin-plenick-sivili-vintage-flowers\/","title":{"rendered":"Komplet 3 muslin pleni\u010dk Sivili &#8211; Vintage Flowers"},"content":{"rendered":"<p>[vc_row][vc_column][vc_column_text]<\/p>\n<h4>Lastnosti Sivili kompleta 3 tetra pleni\u010dk:<\/h4>\n<ul>\n<li>3 delni komplet z vzor\u010dki: Smetana z drobnimi ro\u017eicami \/\u00a0Le\u0161nik z drobnimi sr\u010dki \/\u00a0Enobarvna le\u0161nik rjava<\/li>\n<li>Dimenzije posamezne pleni\u010dke 70&#215;70 cm<\/li>\n<li>Vsestransko uporabne<\/li>\n<li>V li\u010dni \u0161katli in zato primerne kot prakti\u010dno darilo<\/li>\n<li>Surovinska sestava: 100% bomba\u017e (muslin)<\/li>\n<li>Izredno mehek in zra\u010den material<\/li>\n<li>Izdelek je \u017ee opran in nima kr\u010denja<\/li>\n<li>Vzdr\u017eevanje: Ro\u010dno pranje na 40\u00b0C \/ Prepovedano beljenje in kemi\u010dno \u010di\u0161\u010denje \/ Su\u0161enje na zraku<\/li>\n<li>Proizvedeno v Sloveniji<\/li>\n<\/ul>\n<p>[\/vc_column_text][\/vc_column][\/vc_row]<\/p>\n","protected":false},"excerpt":{"rendered":"<p style=\"text-align: justify\">\u010cudovit komplet 3 bomba\u017enih tetra pleni\u010dk Sivili v ljubkih vzor\u010dkih je nepogre\u0161ljiv dodatek za vsakodnevno nego dojen\u010dka. Izdelane so iz 100 % mehkega in zra\u010dnega muslina (70\u00d770 cm). Nadvse primerne za podiranje kup\u010dka, previjanje, pokrivanje ali crkljanje.<\/p>\n","protected":false},"featured_media":76763,"template":"","meta":[],"pwb-brand":[2696,2697],"product_brand":[],"product_cat":[2711,2713,2608,2649],"product_tag":[4306,4333,4024,4307],"class_list":{"0":"post-76803","1":"product","2":"type-product","3":"status-publish","4":"has-post-thumbnail","6":"pwb-brand-moda","7":"pwb-brand-sivili","8":"product_cat-darilo-ob-rojstvu","9":"product_cat-darilo-za-deklico","10":"product_cat-nega-in-kopanje","11":"product_cat-tetra-in-muslin-plenice","12":"product_tag-kaj-potrebujem-za-novorojencka","13":"product_tag-pomlad-poletje","14":"product_tag-sivili","15":"product_tag-slovenski-proizvod","17":"first","18":"instock","19":"taxable","20":"shipping-taxable","21":"purchasable","22":"product-type-simple","23":"add-to-wishlist-before_image"},"yoast_head":"<!-- This site is optimized with the Yoast SEO plugin v27.3 - https:\/\/yoast.com\/product\/yoast-seo-wordpress\/ -->\n<title>Komplet 3 muslin pleni\u010dk Sivili - Vintage Flowers | Ajatutaja<\/title>\n<meta name=\"description\" content=\"\u010cudovit komplet 3 bomba\u017enih tetra pleni\u010dk Sivili v ljubkih vzor\u010dkih je nepogre\u0161ljiv dodatek za vsakodnevno nego dojen\u010dka. Izdelane so iz 100 % mehkega in zra\u010dnega muslina (70\u00d770 cm).\" \/>\n<meta name=\"robots\" content=\"index, follow, max-snippet:-1, max-image-preview:large, max-video-preview:-1\" \/>\n<link rel=\"canonical\" href=\"https:\/\/ajatutaja.com\/izdelek\/komplet-3-muslin-plenick-sivili-vintage-flowers\/\" \/>\n<meta property=\"og:locale\" content=\"hr_HR\" \/>\n<meta property=\"og:type\" content=\"article\" \/>\n<meta property=\"og:title\" content=\"Komplet 3 muslin pleni\u010dk Sivili - Vintage Flowers | Ajatutaja\" \/>\n<meta property=\"og:description\" content=\"\u010cudovit komplet 3 bomba\u017enih tetra pleni\u010dk Sivili v ljubkih vzor\u010dkih je nepogre\u0161ljiv dodatek za vsakodnevno nego dojen\u010dka. Izdelane so iz 100 % mehkega in zra\u010dnega muslina (70\u00d770 cm).\" \/>\n<meta property=\"og:url\" content=\"https:\/\/ajatutaja.com\/izdelek\/komplet-3-muslin-plenick-sivili-vintage-flowers\/\" \/>\n<meta property=\"og:site_name\" content=\"Ajatutaja\" \/>\n<meta property=\"article:modified_time\" content=\"2025-08-20T19:13:30+00:00\" \/>\n<meta property=\"og:image\" content=\"https:\/\/ajatutaja.com\/wp-content\/uploads\/2025\/05\/Tetra-plenicke-21101-1.jpg\" \/>\n\t<meta property=\"og:image:width\" content=\"1500\" \/>\n\t<meta property=\"og:image:height\" content=\"1500\" \/>\n\t<meta property=\"og:image:type\" content=\"image\/jpeg\" \/>\n<meta name=\"twitter:card\" content=\"summary_large_image\" \/>\n<script type=\"application\/ld+json\" class=\"yoast-schema-graph\">{\"@context\":\"https:\\\/\\\/schema.org\",\"@graph\":[{\"@type\":\"WebPage\",\"@id\":\"https:\\\/\\\/ajatutaja.com\\\/izdelek\\\/komplet-3-muslin-plenick-sivili-vintage-flowers\\\/\",\"url\":\"https:\\\/\\\/ajatutaja.com\\\/izdelek\\\/komplet-3-muslin-plenick-sivili-vintage-flowers\\\/\",\"name\":\"Komplet 3 muslin pleni\u010dk Sivili - Vintage Flowers | Ajatutaja\",\"isPartOf\":{\"@id\":\"https:\\\/\\\/ajatutaja.com\\\/#website\"},\"primaryImageOfPage\":{\"@id\":\"https:\\\/\\\/ajatutaja.com\\\/izdelek\\\/komplet-3-muslin-plenick-sivili-vintage-flowers\\\/#primaryimage\"},\"image\":{\"@id\":\"https:\\\/\\\/ajatutaja.com\\\/izdelek\\\/komplet-3-muslin-plenick-sivili-vintage-flowers\\\/#primaryimage\"},\"thumbnailUrl\":\"https:\\\/\\\/ajatutaja.com\\\/wp-content\\\/uploads\\\/2025\\\/05\\\/Tetra-plenicke-21101-1.jpg\",\"datePublished\":\"2024-05-24T07:59:50+00:00\",\"dateModified\":\"2025-08-20T19:13:30+00:00\",\"description\":\"\u010cudovit komplet 3 bomba\u017enih tetra pleni\u010dk Sivili v ljubkih vzor\u010dkih je nepogre\u0161ljiv dodatek za vsakodnevno nego dojen\u010dka. Izdelane so iz 100 % mehkega in zra\u010dnega muslina (70\u00d770 cm).\",\"breadcrumb\":{\"@id\":\"https:\\\/\\\/ajatutaja.com\\\/izdelek\\\/komplet-3-muslin-plenick-sivili-vintage-flowers\\\/#breadcrumb\"},\"inLanguage\":\"hr\",\"potentialAction\":[{\"@type\":\"ReadAction\",\"target\":[\"https:\\\/\\\/ajatutaja.com\\\/izdelek\\\/komplet-3-muslin-plenick-sivili-vintage-flowers\\\/\"]}]},{\"@type\":\"ImageObject\",\"inLanguage\":\"hr\",\"@id\":\"https:\\\/\\\/ajatutaja.com\\\/izdelek\\\/komplet-3-muslin-plenick-sivili-vintage-flowers\\\/#primaryimage\",\"url\":\"https:\\\/\\\/ajatutaja.com\\\/wp-content\\\/uploads\\\/2025\\\/05\\\/Tetra-plenicke-21101-1.jpg\",\"contentUrl\":\"https:\\\/\\\/ajatutaja.com\\\/wp-content\\\/uploads\\\/2025\\\/05\\\/Tetra-plenicke-21101-1.jpg\",\"width\":1500,\"height\":1500,\"caption\":\"Tetra pleni\u010dke\"},{\"@type\":\"BreadcrumbList\",\"@id\":\"https:\\\/\\\/ajatutaja.com\\\/izdelek\\\/komplet-3-muslin-plenick-sivili-vintage-flowers\\\/#breadcrumb\",\"itemListElement\":[{\"@type\":\"ListItem\",\"position\":1,\"name\":\"Home\",\"item\":\"https:\\\/\\\/ajatutaja.com\\\/hr\\\/\"},{\"@type\":\"ListItem\",\"position\":2,\"name\":\"Trgovina\",\"item\":\"https:\\\/\\\/ajatutaja.com\\\/hr\\\/trgovina\\\/\"},{\"@type\":\"ListItem\",\"position\":3,\"name\":\"Komplet 3 muslin pleni\u010dk Sivili &#8211; Vintage Flowers\"}]},{\"@type\":\"WebSite\",\"@id\":\"https:\\\/\\\/ajatutaja.com\\\/#website\",\"url\":\"https:\\\/\\\/ajatutaja.com\\\/\",\"name\":\"Ajatutaja\",\"description\":\"Otro\u0161ka spletna trgovina AJATUTAJA\",\"publisher\":{\"@id\":\"https:\\\/\\\/ajatutaja.com\\\/#organization\"},\"potentialAction\":[{\"@type\":\"SearchAction\",\"target\":{\"@type\":\"EntryPoint\",\"urlTemplate\":\"https:\\\/\\\/ajatutaja.com\\\/?s={search_term_string}\"},\"query-input\":{\"@type\":\"PropertyValueSpecification\",\"valueRequired\":true,\"valueName\":\"search_term_string\"}}],\"inLanguage\":\"hr\"},{\"@type\":\"Organization\",\"@id\":\"https:\\\/\\\/ajatutaja.com\\\/#organization\",\"name\":\"Ajatutaja\",\"url\":\"https:\\\/\\\/ajatutaja.com\\\/\",\"logo\":{\"@type\":\"ImageObject\",\"inLanguage\":\"hr\",\"@id\":\"https:\\\/\\\/ajatutaja.com\\\/#\\\/schema\\\/logo\\\/image\\\/\",\"url\":\"https:\\\/\\\/ajatutaja.com\\\/wp-content\\\/uploads\\\/2021\\\/10\\\/logo.png\",\"contentUrl\":\"https:\\\/\\\/ajatutaja.com\\\/wp-content\\\/uploads\\\/2021\\\/10\\\/logo.png\",\"width\":555,\"height\":150,\"caption\":\"Ajatutaja\"},\"image\":{\"@id\":\"https:\\\/\\\/ajatutaja.com\\\/#\\\/schema\\\/logo\\\/image\\\/\"}}]}<\/script>\n<!-- \/ Yoast SEO plugin. -->","yoast_head_json":{"title":"Komplet 3 muslin pleni\u010dk Sivili - Vintage Flowers | Ajatutaja","description":"\u010cudovit komplet 3 bomba\u017enih tetra pleni\u010dk Sivili v ljubkih vzor\u010dkih je nepogre\u0161ljiv dodatek za vsakodnevno nego dojen\u010dka. Izdelane so iz 100 % mehkega in zra\u010dnega muslina (70\u00d770 cm).","robots":{"index":"index","follow":"follow","max-snippet":"max-snippet:-1","max-image-preview":"max-image-preview:large","max-video-preview":"max-video-preview:-1"},"canonical":"https:\/\/ajatutaja.com\/izdelek\/komplet-3-muslin-plenick-sivili-vintage-flowers\/","og_locale":"hr_HR","og_type":"article","og_title":"Komplet 3 muslin pleni\u010dk Sivili - Vintage Flowers | Ajatutaja","og_description":"\u010cudovit komplet 3 bomba\u017enih tetra pleni\u010dk Sivili v ljubkih vzor\u010dkih je nepogre\u0161ljiv dodatek za vsakodnevno nego dojen\u010dka. Izdelane so iz 100 % mehkega in zra\u010dnega muslina (70\u00d770 cm).","og_url":"https:\/\/ajatutaja.com\/izdelek\/komplet-3-muslin-plenick-sivili-vintage-flowers\/","og_site_name":"Ajatutaja","article_modified_time":"2025-08-20T19:13:30+00:00","og_image":[{"width":1500,"height":1500,"url":"https:\/\/ajatutaja.com\/wp-content\/uploads\/2025\/05\/Tetra-plenicke-21101-1.jpg","type":"image\/jpeg"}],"twitter_card":"summary_large_image","schema":{"@context":"https:\/\/schema.org","@graph":[{"@type":"WebPage","@id":"https:\/\/ajatutaja.com\/izdelek\/komplet-3-muslin-plenick-sivili-vintage-flowers\/","url":"https:\/\/ajatutaja.com\/izdelek\/komplet-3-muslin-plenick-sivili-vintage-flowers\/","name":"Komplet 3 muslin pleni\u010dk Sivili - Vintage Flowers | Ajatutaja","isPartOf":{"@id":"https:\/\/ajatutaja.com\/#website"},"primaryImageOfPage":{"@id":"https:\/\/ajatutaja.com\/izdelek\/komplet-3-muslin-plenick-sivili-vintage-flowers\/#primaryimage"},"image":{"@id":"https:\/\/ajatutaja.com\/izdelek\/komplet-3-muslin-plenick-sivili-vintage-flowers\/#primaryimage"},"thumbnailUrl":"https:\/\/ajatutaja.com\/wp-content\/uploads\/2025\/05\/Tetra-plenicke-21101-1.jpg","datePublished":"2024-05-24T07:59:50+00:00","dateModified":"2025-08-20T19:13:30+00:00","description":"\u010cudovit komplet 3 bomba\u017enih tetra pleni\u010dk Sivili v ljubkih vzor\u010dkih je nepogre\u0161ljiv dodatek za vsakodnevno nego dojen\u010dka. Izdelane so iz 100 % mehkega in zra\u010dnega muslina (70\u00d770 cm).","breadcrumb":{"@id":"https:\/\/ajatutaja.com\/izdelek\/komplet-3-muslin-plenick-sivili-vintage-flowers\/#breadcrumb"},"inLanguage":"hr","potentialAction":[{"@type":"ReadAction","target":["https:\/\/ajatutaja.com\/izdelek\/komplet-3-muslin-plenick-sivili-vintage-flowers\/"]}]},{"@type":"ImageObject","inLanguage":"hr","@id":"https:\/\/ajatutaja.com\/izdelek\/komplet-3-muslin-plenick-sivili-vintage-flowers\/#primaryimage","url":"https:\/\/ajatutaja.com\/wp-content\/uploads\/2025\/05\/Tetra-plenicke-21101-1.jpg","contentUrl":"https:\/\/ajatutaja.com\/wp-content\/uploads\/2025\/05\/Tetra-plenicke-21101-1.jpg","width":1500,"height":1500,"caption":"Tetra pleni\u010dke"},{"@type":"BreadcrumbList","@id":"https:\/\/ajatutaja.com\/izdelek\/komplet-3-muslin-plenick-sivili-vintage-flowers\/#breadcrumb","itemListElement":[{"@type":"ListItem","position":1,"name":"Home","item":"https:\/\/ajatutaja.com\/hr\/"},{"@type":"ListItem","position":2,"name":"Trgovina","item":"https:\/\/ajatutaja.com\/hr\/trgovina\/"},{"@type":"ListItem","position":3,"name":"Komplet 3 muslin pleni\u010dk Sivili &#8211; Vintage Flowers"}]},{"@type":"WebSite","@id":"https:\/\/ajatutaja.com\/#website","url":"https:\/\/ajatutaja.com\/","name":"Ajatutaja","description":"Otro\u0161ka spletna trgovina AJATUTAJA","publisher":{"@id":"https:\/\/ajatutaja.com\/#organization"},"potentialAction":[{"@type":"SearchAction","target":{"@type":"EntryPoint","urlTemplate":"https:\/\/ajatutaja.com\/?s={search_term_string}"},"query-input":{"@type":"PropertyValueSpecification","valueRequired":true,"valueName":"search_term_string"}}],"inLanguage":"hr"},{"@type":"Organization","@id":"https:\/\/ajatutaja.com\/#organization","name":"Ajatutaja","url":"https:\/\/ajatutaja.com\/","logo":{"@type":"ImageObject","inLanguage":"hr","@id":"https:\/\/ajatutaja.com\/#\/schema\/logo\/image\/","url":"https:\/\/ajatutaja.com\/wp-content\/uploads\/2021\/10\/logo.png","contentUrl":"https:\/\/ajatutaja.com\/wp-content\/uploads\/2021\/10\/logo.png","width":555,"height":150,"caption":"Ajatutaja"},"image":{"@id":"https:\/\/ajatutaja.com\/#\/schema\/logo\/image\/"}}]}},"brands":[{"id":2696,"name":"Moda","slug":"moda"},{"id":2697,"name":"Sivili","slug":"sivili"}],"_links":{"self":[{"href":"https:\/\/ajatutaja.com\/hr\/wp-json\/wp\/v2\/product\/76803","targetHints":{"allow":["GET"]}}],"collection":[{"href":"https:\/\/ajatutaja.com\/hr\/wp-json\/wp\/v2\/product"}],"about":[{"href":"https:\/\/ajatutaja.com\/hr\/wp-json\/wp\/v2\/types\/product"}],"wp:featuredmedia":[{"embeddable":true,"href":"https:\/\/ajatutaja.com\/hr\/wp-json\/wp\/v2\/media\/76763"}],"wp:attachment":[{"href":"https:\/\/ajatutaja.com\/hr\/wp-json\/wp\/v2\/media?parent=76803"}],"wp:term":[{"taxonomy":"pwb-brand","embeddable":true,"href":"https:\/\/ajatutaja.com\/hr\/wp-json\/wp\/v2\/pwb-brand?post=76803"},{"taxonomy":"product_brand","embeddable":true,"href":"https:\/\/ajatutaja.com\/hr\/wp-json\/wp\/v2\/product_brand?post=76803"},{"taxonomy":"product_cat","embeddable":true,"href":"https:\/\/ajatutaja.com\/hr\/wp-json\/wp\/v2\/product_cat?post=76803"},{"taxonomy":"product_tag","embeddable":true,"href":"https:\/\/ajatutaja.com\/hr\/wp-json\/wp\/v2\/product_tag?post=76803"}],"curies":[{"name":"wp","href":"https:\/\/api.w.org\/{rel}","templated":true}]}}