{"id":76796,"date":"2024-05-23T21:28:16","date_gmt":"2024-05-23T19:28:16","guid":{"rendered":"https:\/\/ajatutaja.com\/?post_type=product&#038;p=76796"},"modified":"2026-04-10T17:04:07","modified_gmt":"2026-04-10T15:04:07","slug":"muslin-komplet-za-dojencka-sivili-flowers","status":"publish","type":"product","link":"https:\/\/ajatutaja.com\/hr\/proizvod\/muslin-komplet-za-dojencka-sivili-flowers\/","title":{"rendered":"Muslin komplet za dojen\u010dka Sivili &#8211; Flowers"},"content":{"rendered":"<p>[vc_row][vc_column][vc_column_text]<\/p>\n<h4>Lastnosti Sivili kompleta za novorojen\u010dka:<\/h4>\n<ul>\n<li>2 delni kompletek za novorojen\u010dka vklju\u010duje: sraj\u010dko in hla\u010de z aplikacijo motiv ro\u017eice<\/li>\n<li>Nadvse primeren za prihod iz porodni\u0161nice<\/li>\n<li>Roza &#8211; bela barva<\/li>\n<li>Surovinska sestava: Srajca in hla\u010de 100% bomba\u017e (muslin) \/ Bodi na preklop 95% bomba\u017e , 5% elastan<\/li>\n<li>Izredno mehek in zra\u010den material<\/li>\n<li>Enostavno obla\u010denje<\/li>\n<li>Izdelek je \u017ee opran in nima kr\u010denja<\/li>\n<li>Vzdr\u017eevanje: Ro\u010dno pranje na 40\u00b0C \/ Prepovedano beljenje in kemi\u010dno \u010di\u0161\u010denje \/ Su\u0161enje na zraku<\/li>\n<li>Proizvedeno v Sloveniji<\/li>\n<\/ul>\n<p>[\/vc_column_text][\/vc_column][\/vc_row]<\/p>\n","protected":false},"excerpt":{"rendered":"<p style=\"text-align: justify\">\u010cudovit 2 delni kompletek za dojen\u010dka Sivili je najbolj\u0161a izbira za va\u0161ega novorojen\u010dka v poletnih mesecih. Izdelan je iz mehkega in zra\u010dnega muslin bomba\u017enega materiala in lahko slu\u017ei kot prvi kompletek za prihod iz porodni\u0161nice, pa tudi za vsakodnevno rabo.<\/p>\n","protected":false},"featured_media":88101,"template":"","meta":[],"pwb-brand":[2696,2697],"product_brand":[],"product_cat":[2609,2683,2682,2688],"product_tag":[4306,4333,4024,4307],"class_list":{"0":"post-76796","1":"product","2":"type-product","3":"status-publish","4":"has-post-thumbnail","6":"pwb-brand-moda","7":"pwb-brand-sivili","8":"product_cat-moda","9":"product_cat-oblacila-za-deklico","10":"product_cat-oblacila-za-novorojencka","11":"product_cat-otroski-kompleti","12":"product_tag-kaj-potrebujem-za-novorojencka","13":"product_tag-pomlad-poletje","14":"product_tag-sivili","15":"product_tag-slovenski-proizvod","17":"first","18":"instock","19":"taxable","20":"shipping-taxable","21":"purchasable","22":"product-type-variable","23":"add-to-wishlist-before_image"},"yoast_head":"<!-- This site is optimized with the Yoast SEO plugin v27.3 - https:\/\/yoast.com\/product\/yoast-seo-wordpress\/ -->\n<title>Muslin komplet za dojen\u010dka Sivili - Flowers | Ajatutaja<\/title>\n<meta name=\"description\" content=\"Komplet za dojen\u010dka Sivili je najbolj\u0161a izbira za va\u0161ega novorojen\u010dka v poletnih mesecih. Izdelan je iz mehkega in zra\u010dnega muslin bomba\u017enega materiala\" \/>\n<meta name=\"robots\" content=\"index, follow, max-snippet:-1, max-image-preview:large, max-video-preview:-1\" \/>\n<link rel=\"canonical\" href=\"https:\/\/ajatutaja.com\/izdelek\/muslin-komplet-za-dojencka-sivili-flowers\/\" \/>\n<meta property=\"og:locale\" content=\"hr_HR\" \/>\n<meta property=\"og:type\" content=\"article\" \/>\n<meta property=\"og:title\" content=\"Muslin komplet za dojen\u010dka Sivili - Flowers | Ajatutaja\" \/>\n<meta property=\"og:description\" content=\"Komplet za dojen\u010dka Sivili je najbolj\u0161a izbira za va\u0161ega novorojen\u010dka v poletnih mesecih. Izdelan je iz mehkega in zra\u010dnega muslin bomba\u017enega materiala\" \/>\n<meta property=\"og:url\" content=\"https:\/\/ajatutaja.com\/izdelek\/muslin-komplet-za-dojencka-sivili-flowers\/\" \/>\n<meta property=\"og:site_name\" content=\"Ajatutaja\" \/>\n<meta property=\"article:modified_time\" content=\"2026-04-10T15:04:07+00:00\" \/>\n<meta property=\"og:image\" content=\"https:\/\/ajatutaja.com\/wp-content\/uploads\/2024\/05\/Otroski-komplet-za-novorojencka-iz-muslina-21802-flowers-0.jpg\" \/>\n\t<meta property=\"og:image:width\" content=\"1000\" \/>\n\t<meta property=\"og:image:height\" content=\"1000\" \/>\n\t<meta property=\"og:image:type\" content=\"image\/jpeg\" \/>\n<meta name=\"twitter:card\" content=\"summary_large_image\" \/>\n<script type=\"application\/ld+json\" class=\"yoast-schema-graph\">{\"@context\":\"https:\\\/\\\/schema.org\",\"@graph\":[{\"@type\":\"WebPage\",\"@id\":\"https:\\\/\\\/ajatutaja.com\\\/izdelek\\\/muslin-komplet-za-dojencka-sivili-flowers\\\/\",\"url\":\"https:\\\/\\\/ajatutaja.com\\\/izdelek\\\/muslin-komplet-za-dojencka-sivili-flowers\\\/\",\"name\":\"Muslin komplet za dojen\u010dka Sivili - Flowers | Ajatutaja\",\"isPartOf\":{\"@id\":\"https:\\\/\\\/ajatutaja.com\\\/#website\"},\"primaryImageOfPage\":{\"@id\":\"https:\\\/\\\/ajatutaja.com\\\/izdelek\\\/muslin-komplet-za-dojencka-sivili-flowers\\\/#primaryimage\"},\"image\":{\"@id\":\"https:\\\/\\\/ajatutaja.com\\\/izdelek\\\/muslin-komplet-za-dojencka-sivili-flowers\\\/#primaryimage\"},\"thumbnailUrl\":\"https:\\\/\\\/ajatutaja.com\\\/wp-content\\\/uploads\\\/2024\\\/05\\\/Otroski-komplet-za-novorojencka-iz-muslina-21802-flowers-0.jpg\",\"datePublished\":\"2024-05-23T19:28:16+00:00\",\"dateModified\":\"2026-04-10T15:04:07+00:00\",\"description\":\"Komplet za dojen\u010dka Sivili je najbolj\u0161a izbira za va\u0161ega novorojen\u010dka v poletnih mesecih. Izdelan je iz mehkega in zra\u010dnega muslin bomba\u017enega materiala\",\"breadcrumb\":{\"@id\":\"https:\\\/\\\/ajatutaja.com\\\/izdelek\\\/muslin-komplet-za-dojencka-sivili-flowers\\\/#breadcrumb\"},\"inLanguage\":\"hr\",\"potentialAction\":[{\"@type\":\"ReadAction\",\"target\":[\"https:\\\/\\\/ajatutaja.com\\\/izdelek\\\/muslin-komplet-za-dojencka-sivili-flowers\\\/\"]}]},{\"@type\":\"ImageObject\",\"inLanguage\":\"hr\",\"@id\":\"https:\\\/\\\/ajatutaja.com\\\/izdelek\\\/muslin-komplet-za-dojencka-sivili-flowers\\\/#primaryimage\",\"url\":\"https:\\\/\\\/ajatutaja.com\\\/wp-content\\\/uploads\\\/2024\\\/05\\\/Otroski-komplet-za-novorojencka-iz-muslina-21802-flowers-0.jpg\",\"contentUrl\":\"https:\\\/\\\/ajatutaja.com\\\/wp-content\\\/uploads\\\/2024\\\/05\\\/Otroski-komplet-za-novorojencka-iz-muslina-21802-flowers-0.jpg\",\"width\":1000,\"height\":1000},{\"@type\":\"BreadcrumbList\",\"@id\":\"https:\\\/\\\/ajatutaja.com\\\/izdelek\\\/muslin-komplet-za-dojencka-sivili-flowers\\\/#breadcrumb\",\"itemListElement\":[{\"@type\":\"ListItem\",\"position\":1,\"name\":\"Home\",\"item\":\"https:\\\/\\\/ajatutaja.com\\\/hr\\\/\"},{\"@type\":\"ListItem\",\"position\":2,\"name\":\"Trgovina\",\"item\":\"https:\\\/\\\/ajatutaja.com\\\/hr\\\/trgovina\\\/\"},{\"@type\":\"ListItem\",\"position\":3,\"name\":\"Muslin komplet za dojen\u010dka Sivili &#8211; Flowers\"}]},{\"@type\":\"WebSite\",\"@id\":\"https:\\\/\\\/ajatutaja.com\\\/#website\",\"url\":\"https:\\\/\\\/ajatutaja.com\\\/\",\"name\":\"Ajatutaja\",\"description\":\"Otro\u0161ka spletna trgovina AJATUTAJA\",\"publisher\":{\"@id\":\"https:\\\/\\\/ajatutaja.com\\\/#organization\"},\"potentialAction\":[{\"@type\":\"SearchAction\",\"target\":{\"@type\":\"EntryPoint\",\"urlTemplate\":\"https:\\\/\\\/ajatutaja.com\\\/?s={search_term_string}\"},\"query-input\":{\"@type\":\"PropertyValueSpecification\",\"valueRequired\":true,\"valueName\":\"search_term_string\"}}],\"inLanguage\":\"hr\"},{\"@type\":\"Organization\",\"@id\":\"https:\\\/\\\/ajatutaja.com\\\/#organization\",\"name\":\"Ajatutaja\",\"url\":\"https:\\\/\\\/ajatutaja.com\\\/\",\"logo\":{\"@type\":\"ImageObject\",\"inLanguage\":\"hr\",\"@id\":\"https:\\\/\\\/ajatutaja.com\\\/#\\\/schema\\\/logo\\\/image\\\/\",\"url\":\"https:\\\/\\\/ajatutaja.com\\\/wp-content\\\/uploads\\\/2021\\\/10\\\/logo.png\",\"contentUrl\":\"https:\\\/\\\/ajatutaja.com\\\/wp-content\\\/uploads\\\/2021\\\/10\\\/logo.png\",\"width\":555,\"height\":150,\"caption\":\"Ajatutaja\"},\"image\":{\"@id\":\"https:\\\/\\\/ajatutaja.com\\\/#\\\/schema\\\/logo\\\/image\\\/\"}}]}<\/script>\n<!-- \/ Yoast SEO plugin. -->","yoast_head_json":{"title":"Muslin komplet za dojen\u010dka Sivili - Flowers | Ajatutaja","description":"Komplet za dojen\u010dka Sivili je najbolj\u0161a izbira za va\u0161ega novorojen\u010dka v poletnih mesecih. Izdelan je iz mehkega in zra\u010dnega muslin bomba\u017enega materiala","robots":{"index":"index","follow":"follow","max-snippet":"max-snippet:-1","max-image-preview":"max-image-preview:large","max-video-preview":"max-video-preview:-1"},"canonical":"https:\/\/ajatutaja.com\/izdelek\/muslin-komplet-za-dojencka-sivili-flowers\/","og_locale":"hr_HR","og_type":"article","og_title":"Muslin komplet za dojen\u010dka Sivili - Flowers | Ajatutaja","og_description":"Komplet za dojen\u010dka Sivili je najbolj\u0161a izbira za va\u0161ega novorojen\u010dka v poletnih mesecih. Izdelan je iz mehkega in zra\u010dnega muslin bomba\u017enega materiala","og_url":"https:\/\/ajatutaja.com\/izdelek\/muslin-komplet-za-dojencka-sivili-flowers\/","og_site_name":"Ajatutaja","article_modified_time":"2026-04-10T15:04:07+00:00","og_image":[{"width":1000,"height":1000,"url":"https:\/\/ajatutaja.com\/wp-content\/uploads\/2024\/05\/Otroski-komplet-za-novorojencka-iz-muslina-21802-flowers-0.jpg","type":"image\/jpeg"}],"twitter_card":"summary_large_image","schema":{"@context":"https:\/\/schema.org","@graph":[{"@type":"WebPage","@id":"https:\/\/ajatutaja.com\/izdelek\/muslin-komplet-za-dojencka-sivili-flowers\/","url":"https:\/\/ajatutaja.com\/izdelek\/muslin-komplet-za-dojencka-sivili-flowers\/","name":"Muslin komplet za dojen\u010dka Sivili - Flowers | Ajatutaja","isPartOf":{"@id":"https:\/\/ajatutaja.com\/#website"},"primaryImageOfPage":{"@id":"https:\/\/ajatutaja.com\/izdelek\/muslin-komplet-za-dojencka-sivili-flowers\/#primaryimage"},"image":{"@id":"https:\/\/ajatutaja.com\/izdelek\/muslin-komplet-za-dojencka-sivili-flowers\/#primaryimage"},"thumbnailUrl":"https:\/\/ajatutaja.com\/wp-content\/uploads\/2024\/05\/Otroski-komplet-za-novorojencka-iz-muslina-21802-flowers-0.jpg","datePublished":"2024-05-23T19:28:16+00:00","dateModified":"2026-04-10T15:04:07+00:00","description":"Komplet za dojen\u010dka Sivili je najbolj\u0161a izbira za va\u0161ega novorojen\u010dka v poletnih mesecih. Izdelan je iz mehkega in zra\u010dnega muslin bomba\u017enega materiala","breadcrumb":{"@id":"https:\/\/ajatutaja.com\/izdelek\/muslin-komplet-za-dojencka-sivili-flowers\/#breadcrumb"},"inLanguage":"hr","potentialAction":[{"@type":"ReadAction","target":["https:\/\/ajatutaja.com\/izdelek\/muslin-komplet-za-dojencka-sivili-flowers\/"]}]},{"@type":"ImageObject","inLanguage":"hr","@id":"https:\/\/ajatutaja.com\/izdelek\/muslin-komplet-za-dojencka-sivili-flowers\/#primaryimage","url":"https:\/\/ajatutaja.com\/wp-content\/uploads\/2024\/05\/Otroski-komplet-za-novorojencka-iz-muslina-21802-flowers-0.jpg","contentUrl":"https:\/\/ajatutaja.com\/wp-content\/uploads\/2024\/05\/Otroski-komplet-za-novorojencka-iz-muslina-21802-flowers-0.jpg","width":1000,"height":1000},{"@type":"BreadcrumbList","@id":"https:\/\/ajatutaja.com\/izdelek\/muslin-komplet-za-dojencka-sivili-flowers\/#breadcrumb","itemListElement":[{"@type":"ListItem","position":1,"name":"Home","item":"https:\/\/ajatutaja.com\/hr\/"},{"@type":"ListItem","position":2,"name":"Trgovina","item":"https:\/\/ajatutaja.com\/hr\/trgovina\/"},{"@type":"ListItem","position":3,"name":"Muslin komplet za dojen\u010dka Sivili &#8211; Flowers"}]},{"@type":"WebSite","@id":"https:\/\/ajatutaja.com\/#website","url":"https:\/\/ajatutaja.com\/","name":"Ajatutaja","description":"Otro\u0161ka spletna trgovina AJATUTAJA","publisher":{"@id":"https:\/\/ajatutaja.com\/#organization"},"potentialAction":[{"@type":"SearchAction","target":{"@type":"EntryPoint","urlTemplate":"https:\/\/ajatutaja.com\/?s={search_term_string}"},"query-input":{"@type":"PropertyValueSpecification","valueRequired":true,"valueName":"search_term_string"}}],"inLanguage":"hr"},{"@type":"Organization","@id":"https:\/\/ajatutaja.com\/#organization","name":"Ajatutaja","url":"https:\/\/ajatutaja.com\/","logo":{"@type":"ImageObject","inLanguage":"hr","@id":"https:\/\/ajatutaja.com\/#\/schema\/logo\/image\/","url":"https:\/\/ajatutaja.com\/wp-content\/uploads\/2021\/10\/logo.png","contentUrl":"https:\/\/ajatutaja.com\/wp-content\/uploads\/2021\/10\/logo.png","width":555,"height":150,"caption":"Ajatutaja"},"image":{"@id":"https:\/\/ajatutaja.com\/#\/schema\/logo\/image\/"}}]}},"brands":[{"id":2696,"name":"Moda","slug":"moda"},{"id":2697,"name":"Sivili","slug":"sivili"}],"_links":{"self":[{"href":"https:\/\/ajatutaja.com\/hr\/wp-json\/wp\/v2\/product\/76796","targetHints":{"allow":["GET"]}}],"collection":[{"href":"https:\/\/ajatutaja.com\/hr\/wp-json\/wp\/v2\/product"}],"about":[{"href":"https:\/\/ajatutaja.com\/hr\/wp-json\/wp\/v2\/types\/product"}],"wp:featuredmedia":[{"embeddable":true,"href":"https:\/\/ajatutaja.com\/hr\/wp-json\/wp\/v2\/media\/88101"}],"wp:attachment":[{"href":"https:\/\/ajatutaja.com\/hr\/wp-json\/wp\/v2\/media?parent=76796"}],"wp:term":[{"taxonomy":"pwb-brand","embeddable":true,"href":"https:\/\/ajatutaja.com\/hr\/wp-json\/wp\/v2\/pwb-brand?post=76796"},{"taxonomy":"product_brand","embeddable":true,"href":"https:\/\/ajatutaja.com\/hr\/wp-json\/wp\/v2\/product_brand?post=76796"},{"taxonomy":"product_cat","embeddable":true,"href":"https:\/\/ajatutaja.com\/hr\/wp-json\/wp\/v2\/product_cat?post=76796"},{"taxonomy":"product_tag","embeddable":true,"href":"https:\/\/ajatutaja.com\/hr\/wp-json\/wp\/v2\/product_tag?post=76796"}],"curies":[{"name":"wp","href":"https:\/\/api.w.org\/{rel}","templated":true}]}}