{"id":76714,"date":"2025-02-22T12:00:24","date_gmt":"2025-02-22T11:00:24","guid":{"rendered":"https:\/\/ajatutaja.com\/?post_type=product&#038;p=76714"},"modified":"2026-03-05T13:49:16","modified_gmt":"2026-03-05T12:49:16","slug":"spectra-silikonski-cuclji-pak-2","status":"publish","type":"product","link":"https:\/\/ajatutaja.com\/hr\/proizvod\/spectra-silikonski-cuclji-pak-2\/","title":{"rendered":"Spectra\u00ae silikonski cuclji (Pak.2)"},"content":{"rendered":"<p>[vc_row][vc_column][vc_column_text]Lastnosti cucljev Spectra:<\/p>\n<ul>\n<li>V kompletu: 2 cuclja<\/li>\n<li>Cucllji so iz silikona, brez lateksa in BPA<\/li>\n<li>Z 2 ventiloma, ki prepre\u010dujeta vstop zraka v otrokov trebu\u0161\u010dek<\/li>\n<li>Zaobljen vrh za la\u017eje hranjenje in so \u010dim bli\u017eje obliki in gibanju materinih dojk ter tako prepre\u010dujejo, da bi dojen\u010dek zavrnil stekleni\u010dko<\/li>\n<li>Steriliziramo jih lahko s paro, prekuhano vodo ali UV-sevanjem \/\u00a0Temperatura sterilizacije: 120\u00b0C<\/li>\n<li>Zdru\u017eljivo <strong>samo<\/strong> s steklenicami Spectra s \u0161irokim vratom<\/li>\n<li>Pred vsako uporabo izdelek sterilizirajte 30 sekund v prekuhani vodi. Po vsaki uporabi umijte s toplo vodo in milom. Sterilizacija ne bo uspe\u0161na, \u010de celotne opreme predhodno ne temeljito o\u010distimo in splaknemo.<\/li>\n<\/ul>\n<p>[\/vc_column_text][\/vc_column][\/vc_row]<\/p>\n","protected":false},"excerpt":{"rendered":"<p style=\"text-align: justify\">Spectra\u00ae silikonski cuclji so kompatibilni izklju\u010dno s stekleni\u010dkami blagovne znamke Spectra.<\/p>\n","protected":false},"featured_media":76694,"template":"","meta":[],"pwb-brand":[2269,5500],"product_brand":[],"product_cat":[2307,2266],"product_tag":[5502],"class_list":{"0":"post-76714","1":"product","2":"type-product","3":"status-publish","4":"has-post-thumbnail","6":"pwb-brand-hranjenje","7":"pwb-brand-spectra","8":"product_cat-flaske-in-steklenicke","9":"product_cat-hranjenje","10":"product_tag-spectra","12":"first","13":"instock","14":"taxable","15":"shipping-taxable","16":"purchasable","17":"product-type-variable","18":"add-to-wishlist-before_image"},"yoast_head":"<!-- This site is optimized with the Yoast SEO plugin v27.3 - https:\/\/yoast.com\/product\/yoast-seo-wordpress\/ -->\n<title>Spectra\u00ae silikonski cuclji (Pak.2) | Ajatutaja<\/title>\n<meta name=\"description\" content=\"Spectra\u00ae silikonski cuclji so kompatibilni s stekleni\u010dko Spectra 160ml (rumene barve).\" \/>\n<meta name=\"robots\" content=\"index, follow, max-snippet:-1, max-image-preview:large, max-video-preview:-1\" \/>\n<link rel=\"canonical\" href=\"https:\/\/ajatutaja.com\/izdelek\/spectra-silikonski-cuclji-pak-2\/\" \/>\n<meta property=\"og:locale\" content=\"hr_HR\" \/>\n<meta property=\"og:type\" content=\"article\" \/>\n<meta property=\"og:title\" content=\"Spectra\u00ae silikonski cuclji (Pak.2) | Ajatutaja\" \/>\n<meta property=\"og:description\" content=\"Spectra\u00ae silikonski cuclji so kompatibilni s stekleni\u010dko Spectra 160ml (rumene barve).\" \/>\n<meta property=\"og:url\" content=\"https:\/\/ajatutaja.com\/izdelek\/spectra-silikonski-cuclji-pak-2\/\" \/>\n<meta property=\"og:site_name\" content=\"Ajatutaja\" \/>\n<meta property=\"article:modified_time\" content=\"2026-03-05T12:49:16+00:00\" \/>\n<meta property=\"og:image\" content=\"https:\/\/ajatutaja.com\/wp-content\/uploads\/2025\/05\/spectra-cuclji-za-steklanicko-1.jpg\" \/>\n\t<meta property=\"og:image:width\" content=\"750\" \/>\n\t<meta property=\"og:image:height\" content=\"750\" \/>\n\t<meta property=\"og:image:type\" content=\"image\/jpeg\" \/>\n<meta name=\"twitter:card\" content=\"summary_large_image\" \/>\n<meta name=\"twitter:label1\" content=\"Procijenjeno vrijeme \u010ditanja\" \/>\n\t<meta name=\"twitter:data1\" content=\"1 minuta\" \/>\n<script type=\"application\/ld+json\" class=\"yoast-schema-graph\">{\"@context\":\"https:\\\/\\\/schema.org\",\"@graph\":[{\"@type\":\"WebPage\",\"@id\":\"https:\\\/\\\/ajatutaja.com\\\/izdelek\\\/spectra-silikonski-cuclji-pak-2\\\/\",\"url\":\"https:\\\/\\\/ajatutaja.com\\\/izdelek\\\/spectra-silikonski-cuclji-pak-2\\\/\",\"name\":\"Spectra\u00ae silikonski cuclji (Pak.2) | Ajatutaja\",\"isPartOf\":{\"@id\":\"https:\\\/\\\/ajatutaja.com\\\/#website\"},\"primaryImageOfPage\":{\"@id\":\"https:\\\/\\\/ajatutaja.com\\\/izdelek\\\/spectra-silikonski-cuclji-pak-2\\\/#primaryimage\"},\"image\":{\"@id\":\"https:\\\/\\\/ajatutaja.com\\\/izdelek\\\/spectra-silikonski-cuclji-pak-2\\\/#primaryimage\"},\"thumbnailUrl\":\"https:\\\/\\\/ajatutaja.com\\\/wp-content\\\/uploads\\\/2025\\\/05\\\/spectra-cuclji-za-steklanicko-1.jpg\",\"datePublished\":\"2025-02-22T11:00:24+00:00\",\"dateModified\":\"2026-03-05T12:49:16+00:00\",\"description\":\"Spectra\u00ae silikonski cuclji so kompatibilni s stekleni\u010dko Spectra 160ml (rumene barve).\",\"breadcrumb\":{\"@id\":\"https:\\\/\\\/ajatutaja.com\\\/izdelek\\\/spectra-silikonski-cuclji-pak-2\\\/#breadcrumb\"},\"inLanguage\":\"hr\",\"potentialAction\":[{\"@type\":\"ReadAction\",\"target\":[\"https:\\\/\\\/ajatutaja.com\\\/izdelek\\\/spectra-silikonski-cuclji-pak-2\\\/\"]}]},{\"@type\":\"ImageObject\",\"inLanguage\":\"hr\",\"@id\":\"https:\\\/\\\/ajatutaja.com\\\/izdelek\\\/spectra-silikonski-cuclji-pak-2\\\/#primaryimage\",\"url\":\"https:\\\/\\\/ajatutaja.com\\\/wp-content\\\/uploads\\\/2025\\\/05\\\/spectra-cuclji-za-steklanicko-1.jpg\",\"contentUrl\":\"https:\\\/\\\/ajatutaja.com\\\/wp-content\\\/uploads\\\/2025\\\/05\\\/spectra-cuclji-za-steklanicko-1.jpg\",\"width\":750,\"height\":750},{\"@type\":\"BreadcrumbList\",\"@id\":\"https:\\\/\\\/ajatutaja.com\\\/izdelek\\\/spectra-silikonski-cuclji-pak-2\\\/#breadcrumb\",\"itemListElement\":[{\"@type\":\"ListItem\",\"position\":1,\"name\":\"Home\",\"item\":\"https:\\\/\\\/ajatutaja.com\\\/hr\\\/\"},{\"@type\":\"ListItem\",\"position\":2,\"name\":\"Trgovina\",\"item\":\"https:\\\/\\\/ajatutaja.com\\\/hr\\\/trgovina\\\/\"},{\"@type\":\"ListItem\",\"position\":3,\"name\":\"Spectra\u00ae silikonski cuclji (Pak.2)\"}]},{\"@type\":\"WebSite\",\"@id\":\"https:\\\/\\\/ajatutaja.com\\\/#website\",\"url\":\"https:\\\/\\\/ajatutaja.com\\\/\",\"name\":\"Ajatutaja\",\"description\":\"Otro\u0161ka spletna trgovina AJATUTAJA\",\"publisher\":{\"@id\":\"https:\\\/\\\/ajatutaja.com\\\/#organization\"},\"potentialAction\":[{\"@type\":\"SearchAction\",\"target\":{\"@type\":\"EntryPoint\",\"urlTemplate\":\"https:\\\/\\\/ajatutaja.com\\\/?s={search_term_string}\"},\"query-input\":{\"@type\":\"PropertyValueSpecification\",\"valueRequired\":true,\"valueName\":\"search_term_string\"}}],\"inLanguage\":\"hr\"},{\"@type\":\"Organization\",\"@id\":\"https:\\\/\\\/ajatutaja.com\\\/#organization\",\"name\":\"Ajatutaja\",\"url\":\"https:\\\/\\\/ajatutaja.com\\\/\",\"logo\":{\"@type\":\"ImageObject\",\"inLanguage\":\"hr\",\"@id\":\"https:\\\/\\\/ajatutaja.com\\\/#\\\/schema\\\/logo\\\/image\\\/\",\"url\":\"https:\\\/\\\/ajatutaja.com\\\/wp-content\\\/uploads\\\/2021\\\/10\\\/logo.png\",\"contentUrl\":\"https:\\\/\\\/ajatutaja.com\\\/wp-content\\\/uploads\\\/2021\\\/10\\\/logo.png\",\"width\":555,\"height\":150,\"caption\":\"Ajatutaja\"},\"image\":{\"@id\":\"https:\\\/\\\/ajatutaja.com\\\/#\\\/schema\\\/logo\\\/image\\\/\"}}]}<\/script>\n<!-- \/ Yoast SEO plugin. -->","yoast_head_json":{"title":"Spectra\u00ae silikonski cuclji (Pak.2) | Ajatutaja","description":"Spectra\u00ae silikonski cuclji so kompatibilni s stekleni\u010dko Spectra 160ml (rumene barve).","robots":{"index":"index","follow":"follow","max-snippet":"max-snippet:-1","max-image-preview":"max-image-preview:large","max-video-preview":"max-video-preview:-1"},"canonical":"https:\/\/ajatutaja.com\/izdelek\/spectra-silikonski-cuclji-pak-2\/","og_locale":"hr_HR","og_type":"article","og_title":"Spectra\u00ae silikonski cuclji (Pak.2) | Ajatutaja","og_description":"Spectra\u00ae silikonski cuclji so kompatibilni s stekleni\u010dko Spectra 160ml (rumene barve).","og_url":"https:\/\/ajatutaja.com\/izdelek\/spectra-silikonski-cuclji-pak-2\/","og_site_name":"Ajatutaja","article_modified_time":"2026-03-05T12:49:16+00:00","og_image":[{"width":750,"height":750,"url":"https:\/\/ajatutaja.com\/wp-content\/uploads\/2025\/05\/spectra-cuclji-za-steklanicko-1.jpg","type":"image\/jpeg"}],"twitter_card":"summary_large_image","twitter_misc":{"Procijenjeno vrijeme \u010ditanja":"1 minuta"},"schema":{"@context":"https:\/\/schema.org","@graph":[{"@type":"WebPage","@id":"https:\/\/ajatutaja.com\/izdelek\/spectra-silikonski-cuclji-pak-2\/","url":"https:\/\/ajatutaja.com\/izdelek\/spectra-silikonski-cuclji-pak-2\/","name":"Spectra\u00ae silikonski cuclji (Pak.2) | Ajatutaja","isPartOf":{"@id":"https:\/\/ajatutaja.com\/#website"},"primaryImageOfPage":{"@id":"https:\/\/ajatutaja.com\/izdelek\/spectra-silikonski-cuclji-pak-2\/#primaryimage"},"image":{"@id":"https:\/\/ajatutaja.com\/izdelek\/spectra-silikonski-cuclji-pak-2\/#primaryimage"},"thumbnailUrl":"https:\/\/ajatutaja.com\/wp-content\/uploads\/2025\/05\/spectra-cuclji-za-steklanicko-1.jpg","datePublished":"2025-02-22T11:00:24+00:00","dateModified":"2026-03-05T12:49:16+00:00","description":"Spectra\u00ae silikonski cuclji so kompatibilni s stekleni\u010dko Spectra 160ml (rumene barve).","breadcrumb":{"@id":"https:\/\/ajatutaja.com\/izdelek\/spectra-silikonski-cuclji-pak-2\/#breadcrumb"},"inLanguage":"hr","potentialAction":[{"@type":"ReadAction","target":["https:\/\/ajatutaja.com\/izdelek\/spectra-silikonski-cuclji-pak-2\/"]}]},{"@type":"ImageObject","inLanguage":"hr","@id":"https:\/\/ajatutaja.com\/izdelek\/spectra-silikonski-cuclji-pak-2\/#primaryimage","url":"https:\/\/ajatutaja.com\/wp-content\/uploads\/2025\/05\/spectra-cuclji-za-steklanicko-1.jpg","contentUrl":"https:\/\/ajatutaja.com\/wp-content\/uploads\/2025\/05\/spectra-cuclji-za-steklanicko-1.jpg","width":750,"height":750},{"@type":"BreadcrumbList","@id":"https:\/\/ajatutaja.com\/izdelek\/spectra-silikonski-cuclji-pak-2\/#breadcrumb","itemListElement":[{"@type":"ListItem","position":1,"name":"Home","item":"https:\/\/ajatutaja.com\/hr\/"},{"@type":"ListItem","position":2,"name":"Trgovina","item":"https:\/\/ajatutaja.com\/hr\/trgovina\/"},{"@type":"ListItem","position":3,"name":"Spectra\u00ae silikonski cuclji (Pak.2)"}]},{"@type":"WebSite","@id":"https:\/\/ajatutaja.com\/#website","url":"https:\/\/ajatutaja.com\/","name":"Ajatutaja","description":"Otro\u0161ka spletna trgovina AJATUTAJA","publisher":{"@id":"https:\/\/ajatutaja.com\/#organization"},"potentialAction":[{"@type":"SearchAction","target":{"@type":"EntryPoint","urlTemplate":"https:\/\/ajatutaja.com\/?s={search_term_string}"},"query-input":{"@type":"PropertyValueSpecification","valueRequired":true,"valueName":"search_term_string"}}],"inLanguage":"hr"},{"@type":"Organization","@id":"https:\/\/ajatutaja.com\/#organization","name":"Ajatutaja","url":"https:\/\/ajatutaja.com\/","logo":{"@type":"ImageObject","inLanguage":"hr","@id":"https:\/\/ajatutaja.com\/#\/schema\/logo\/image\/","url":"https:\/\/ajatutaja.com\/wp-content\/uploads\/2021\/10\/logo.png","contentUrl":"https:\/\/ajatutaja.com\/wp-content\/uploads\/2021\/10\/logo.png","width":555,"height":150,"caption":"Ajatutaja"},"image":{"@id":"https:\/\/ajatutaja.com\/#\/schema\/logo\/image\/"}}]}},"brands":[{"id":2269,"name":"Hranjenje","slug":"hranjenje"},{"id":5500,"name":"Spectra Baby\u00ae","slug":"spectra"}],"_links":{"self":[{"href":"https:\/\/ajatutaja.com\/hr\/wp-json\/wp\/v2\/product\/76714","targetHints":{"allow":["GET"]}}],"collection":[{"href":"https:\/\/ajatutaja.com\/hr\/wp-json\/wp\/v2\/product"}],"about":[{"href":"https:\/\/ajatutaja.com\/hr\/wp-json\/wp\/v2\/types\/product"}],"wp:featuredmedia":[{"embeddable":true,"href":"https:\/\/ajatutaja.com\/hr\/wp-json\/wp\/v2\/media\/76694"}],"wp:attachment":[{"href":"https:\/\/ajatutaja.com\/hr\/wp-json\/wp\/v2\/media?parent=76714"}],"wp:term":[{"taxonomy":"pwb-brand","embeddable":true,"href":"https:\/\/ajatutaja.com\/hr\/wp-json\/wp\/v2\/pwb-brand?post=76714"},{"taxonomy":"product_brand","embeddable":true,"href":"https:\/\/ajatutaja.com\/hr\/wp-json\/wp\/v2\/product_brand?post=76714"},{"taxonomy":"product_cat","embeddable":true,"href":"https:\/\/ajatutaja.com\/hr\/wp-json\/wp\/v2\/product_cat?post=76714"},{"taxonomy":"product_tag","embeddable":true,"href":"https:\/\/ajatutaja.com\/hr\/wp-json\/wp\/v2\/product_tag?post=76714"}],"curies":[{"name":"wp","href":"https:\/\/api.w.org\/{rel}","templated":true}]}}