{"id":76663,"date":"2025-05-20T20:11:00","date_gmt":"2025-05-20T18:11:00","guid":{"rendered":"https:\/\/ajatutaja.com\/?post_type=product&#038;p=76663"},"modified":"2026-04-19T09:44:23","modified_gmt":"2026-04-19T07:44:23","slug":"beaba-zlozljiv-sotor-z-uv-zascito-2v1-breezynest","status":"publish","type":"product","link":"https:\/\/ajatutaja.com\/hr\/proizvod\/beaba-zlozljiv-sotor-z-uv-zascito-2v1-breezynest\/","title":{"rendered":"Beaba zlo\u017eljiv \u0161otor Breezy z UV za\u0161\u010dito &#8211; Clay Earth"},"content":{"rendered":"<p>[vc_row][vc_column][vc_column_text]Beaba \u0161otor za na pla\u017eo z UV za\u0161\u010dito ponuja veliko prostora za vas in va\u0161ega otroka. Z vi\u0161ino 85 cm je \u0161otor dovolj visok, da se v njem udobno igrajo tako odrasli kot otroci.<\/p>\n<h4>\u0160otor\u00a0za otroke (0\/48 mes) Beaba Breezy ima naslednje lastnosti:<\/h4>\n<div class=\"content-container froala-content\">\n<ul>\n<li>Maksimalna za\u0161\u010dita pred soncem: UPF 50+, filtrira 98 % UV \u017earkov<\/li>\n<li>360\u00b0 prezra\u010devanje: tri stranske odprtine z zra\u010dno tkanino in tekstilno loputo zadaj<\/li>\n<li>Primeren za otroke od rojstva do 24 mesecev starosti<\/li>\n<li>Za\u0161\u010dita pred komarji in peskom: zra\u010dna mre\u017easta tkanina<\/li>\n<li>Hladilni u\u010dinek: premaz, ki zmanj\u0161uje toploto &#8211; povpre\u010dno zni\u017eanje notranje temperature za 9 \u00b0C v primerjavi z zunanjostjo (testi, opravljeni v realnih pogojih)<\/li>\n<li>Dimenzije: 120 x 85 cm<\/li>\n<li>Dimenzije zlo\u017eenega: premer 43 cm<\/li>\n<li>Material: poliester, plastika<\/li>\n<li><a href=\"https:\/\/ajatutaja.com\/wp-content\/uploads\/2026\/03\/TenteUV-Breezy_Notice.pdf\">NAVODILA ZA UPORABO<\/a><\/li>\n<\/ul>\n<\/div>\n<p>[\/vc_column_text][\/vc_column][\/vc_row]<\/p>\n","protected":false},"excerpt":{"rendered":"<p>Otro\u0161ki zlo\u017eljivi \u0161otor Beaba nudi mal\u010dku zanesljivo za\u0161\u010dito pred soncem, vetrom, peskom in nadle\u017enimi insekti. Lahkoten in kompakten otro\u0161ki \u0161otor Beaba Breezy se zlahka in hitro zlo\u017ei. Maksimalna za\u0161\u010dita pred soncem: UPF 50+, filtrira 98 % UV \u017earkov.<\/p>\n","protected":false},"featured_media":87317,"template":"","meta":[],"pwb-brand":[2665,2409],"product_brand":[],"product_cat":[2407,2408,2361],"product_tag":[4055,5520],"class_list":{"0":"post-76663","1":"product","2":"type-product","3":"status-publish","4":"has-post-thumbnail","6":"pwb-brand-beaba-nega-in-kopanje","7":"pwb-brand-potepanje","8":"product_cat-otroski-sotori-tuneli","9":"product_cat-poletni-pripomocki","10":"product_cat-potepanje","11":"product_tag-beaba","12":"product_tag-sotor-za-plazo","14":"first","15":"instock","16":"taxable","17":"shipping-taxable","18":"purchasable","19":"product-type-simple","20":"add-to-wishlist-before_image"},"yoast_head":"<!-- This site is optimized with the Yoast SEO plugin v27.3 - https:\/\/yoast.com\/product\/yoast-seo-wordpress\/ -->\n<title>Beaba zlo\u017eljiv \u0161otor Breezy z UV za\u0161\u010dito - Clay Earth | Ajatutaja<\/title>\n<meta name=\"description\" content=\"Otro\u0161ki zlo\u017eljivi \u0161otor Beaba nudi mal\u010dku zanesljivo za\u0161\u010dito pred soncem, vetrom, peskom in nadle\u017enimi insekti.\" \/>\n<meta name=\"robots\" content=\"index, follow, max-snippet:-1, max-image-preview:large, max-video-preview:-1\" \/>\n<link rel=\"canonical\" href=\"https:\/\/ajatutaja.com\/izdelek\/beaba-zlozljiv-sotor-z-uv-zascito-2v1-breezynest\/\" \/>\n<meta property=\"og:locale\" content=\"hr_HR\" \/>\n<meta property=\"og:type\" content=\"article\" \/>\n<meta property=\"og:title\" content=\"Beaba zlo\u017eljiv \u0161otor Breezy z UV za\u0161\u010dito - Clay Earth | Ajatutaja\" \/>\n<meta property=\"og:description\" content=\"Otro\u0161ki zlo\u017eljivi \u0161otor Beaba nudi mal\u010dku zanesljivo za\u0161\u010dito pred soncem, vetrom, peskom in nadle\u017enimi insekti.\" \/>\n<meta property=\"og:url\" content=\"https:\/\/ajatutaja.com\/izdelek\/beaba-zlozljiv-sotor-z-uv-zascito-2v1-breezynest\/\" \/>\n<meta property=\"og:site_name\" content=\"Ajatutaja\" \/>\n<meta property=\"article:modified_time\" content=\"2026-04-19T07:44:23+00:00\" \/>\n<meta property=\"og:image\" content=\"https:\/\/ajatutaja.com\/wp-content\/uploads\/2026\/03\/Beaba-breezee-sotor-z-uv-zascito-beige-1.jpg\" \/>\n\t<meta property=\"og:image:width\" content=\"800\" \/>\n\t<meta property=\"og:image:height\" content=\"800\" \/>\n\t<meta property=\"og:image:type\" content=\"image\/jpeg\" \/>\n<meta name=\"twitter:card\" content=\"summary_large_image\" \/>\n<meta name=\"twitter:label1\" content=\"Procijenjeno vrijeme \u010ditanja\" \/>\n\t<meta name=\"twitter:data1\" content=\"1 minuta\" \/>\n<script type=\"application\/ld+json\" class=\"yoast-schema-graph\">{\"@context\":\"https:\\\/\\\/schema.org\",\"@graph\":[{\"@type\":\"WebPage\",\"@id\":\"https:\\\/\\\/ajatutaja.com\\\/izdelek\\\/beaba-zlozljiv-sotor-z-uv-zascito-2v1-breezynest\\\/\",\"url\":\"https:\\\/\\\/ajatutaja.com\\\/izdelek\\\/beaba-zlozljiv-sotor-z-uv-zascito-2v1-breezynest\\\/\",\"name\":\"Beaba zlo\u017eljiv \u0161otor Breezy z UV za\u0161\u010dito - Clay Earth | Ajatutaja\",\"isPartOf\":{\"@id\":\"https:\\\/\\\/ajatutaja.com\\\/#website\"},\"primaryImageOfPage\":{\"@id\":\"https:\\\/\\\/ajatutaja.com\\\/izdelek\\\/beaba-zlozljiv-sotor-z-uv-zascito-2v1-breezynest\\\/#primaryimage\"},\"image\":{\"@id\":\"https:\\\/\\\/ajatutaja.com\\\/izdelek\\\/beaba-zlozljiv-sotor-z-uv-zascito-2v1-breezynest\\\/#primaryimage\"},\"thumbnailUrl\":\"https:\\\/\\\/ajatutaja.com\\\/wp-content\\\/uploads\\\/2026\\\/03\\\/Beaba-breezee-sotor-z-uv-zascito-beige-1.jpg\",\"datePublished\":\"2025-05-20T18:11:00+00:00\",\"dateModified\":\"2026-04-19T07:44:23+00:00\",\"description\":\"Otro\u0161ki zlo\u017eljivi \u0161otor Beaba nudi mal\u010dku zanesljivo za\u0161\u010dito pred soncem, vetrom, peskom in nadle\u017enimi insekti.\",\"breadcrumb\":{\"@id\":\"https:\\\/\\\/ajatutaja.com\\\/izdelek\\\/beaba-zlozljiv-sotor-z-uv-zascito-2v1-breezynest\\\/#breadcrumb\"},\"inLanguage\":\"hr\",\"potentialAction\":[{\"@type\":\"ReadAction\",\"target\":[\"https:\\\/\\\/ajatutaja.com\\\/izdelek\\\/beaba-zlozljiv-sotor-z-uv-zascito-2v1-breezynest\\\/\"]}]},{\"@type\":\"ImageObject\",\"inLanguage\":\"hr\",\"@id\":\"https:\\\/\\\/ajatutaja.com\\\/izdelek\\\/beaba-zlozljiv-sotor-z-uv-zascito-2v1-breezynest\\\/#primaryimage\",\"url\":\"https:\\\/\\\/ajatutaja.com\\\/wp-content\\\/uploads\\\/2026\\\/03\\\/Beaba-breezee-sotor-z-uv-zascito-beige-1.jpg\",\"contentUrl\":\"https:\\\/\\\/ajatutaja.com\\\/wp-content\\\/uploads\\\/2026\\\/03\\\/Beaba-breezee-sotor-z-uv-zascito-beige-1.jpg\",\"width\":800,\"height\":800},{\"@type\":\"BreadcrumbList\",\"@id\":\"https:\\\/\\\/ajatutaja.com\\\/izdelek\\\/beaba-zlozljiv-sotor-z-uv-zascito-2v1-breezynest\\\/#breadcrumb\",\"itemListElement\":[{\"@type\":\"ListItem\",\"position\":1,\"name\":\"Home\",\"item\":\"https:\\\/\\\/ajatutaja.com\\\/hr\\\/\"},{\"@type\":\"ListItem\",\"position\":2,\"name\":\"Trgovina\",\"item\":\"https:\\\/\\\/ajatutaja.com\\\/hr\\\/trgovina\\\/\"},{\"@type\":\"ListItem\",\"position\":3,\"name\":\"Beaba zlo\u017eljiv \u0161otor Breezy z UV za\u0161\u010dito &#8211; Clay Earth\"}]},{\"@type\":\"WebSite\",\"@id\":\"https:\\\/\\\/ajatutaja.com\\\/#website\",\"url\":\"https:\\\/\\\/ajatutaja.com\\\/\",\"name\":\"Ajatutaja\",\"description\":\"Otro\u0161ka spletna trgovina AJATUTAJA\",\"publisher\":{\"@id\":\"https:\\\/\\\/ajatutaja.com\\\/#organization\"},\"potentialAction\":[{\"@type\":\"SearchAction\",\"target\":{\"@type\":\"EntryPoint\",\"urlTemplate\":\"https:\\\/\\\/ajatutaja.com\\\/?s={search_term_string}\"},\"query-input\":{\"@type\":\"PropertyValueSpecification\",\"valueRequired\":true,\"valueName\":\"search_term_string\"}}],\"inLanguage\":\"hr\"},{\"@type\":\"Organization\",\"@id\":\"https:\\\/\\\/ajatutaja.com\\\/#organization\",\"name\":\"Ajatutaja\",\"url\":\"https:\\\/\\\/ajatutaja.com\\\/\",\"logo\":{\"@type\":\"ImageObject\",\"inLanguage\":\"hr\",\"@id\":\"https:\\\/\\\/ajatutaja.com\\\/#\\\/schema\\\/logo\\\/image\\\/\",\"url\":\"https:\\\/\\\/ajatutaja.com\\\/wp-content\\\/uploads\\\/2021\\\/10\\\/logo.png\",\"contentUrl\":\"https:\\\/\\\/ajatutaja.com\\\/wp-content\\\/uploads\\\/2021\\\/10\\\/logo.png\",\"width\":555,\"height\":150,\"caption\":\"Ajatutaja\"},\"image\":{\"@id\":\"https:\\\/\\\/ajatutaja.com\\\/#\\\/schema\\\/logo\\\/image\\\/\"}}]}<\/script>\n<!-- \/ Yoast SEO plugin. -->","yoast_head_json":{"title":"Beaba zlo\u017eljiv \u0161otor Breezy z UV za\u0161\u010dito - Clay Earth | Ajatutaja","description":"Otro\u0161ki zlo\u017eljivi \u0161otor Beaba nudi mal\u010dku zanesljivo za\u0161\u010dito pred soncem, vetrom, peskom in nadle\u017enimi insekti.","robots":{"index":"index","follow":"follow","max-snippet":"max-snippet:-1","max-image-preview":"max-image-preview:large","max-video-preview":"max-video-preview:-1"},"canonical":"https:\/\/ajatutaja.com\/izdelek\/beaba-zlozljiv-sotor-z-uv-zascito-2v1-breezynest\/","og_locale":"hr_HR","og_type":"article","og_title":"Beaba zlo\u017eljiv \u0161otor Breezy z UV za\u0161\u010dito - Clay Earth | Ajatutaja","og_description":"Otro\u0161ki zlo\u017eljivi \u0161otor Beaba nudi mal\u010dku zanesljivo za\u0161\u010dito pred soncem, vetrom, peskom in nadle\u017enimi insekti.","og_url":"https:\/\/ajatutaja.com\/izdelek\/beaba-zlozljiv-sotor-z-uv-zascito-2v1-breezynest\/","og_site_name":"Ajatutaja","article_modified_time":"2026-04-19T07:44:23+00:00","og_image":[{"width":800,"height":800,"url":"https:\/\/ajatutaja.com\/wp-content\/uploads\/2026\/03\/Beaba-breezee-sotor-z-uv-zascito-beige-1.jpg","type":"image\/jpeg"}],"twitter_card":"summary_large_image","twitter_misc":{"Procijenjeno vrijeme \u010ditanja":"1 minuta"},"schema":{"@context":"https:\/\/schema.org","@graph":[{"@type":"WebPage","@id":"https:\/\/ajatutaja.com\/izdelek\/beaba-zlozljiv-sotor-z-uv-zascito-2v1-breezynest\/","url":"https:\/\/ajatutaja.com\/izdelek\/beaba-zlozljiv-sotor-z-uv-zascito-2v1-breezynest\/","name":"Beaba zlo\u017eljiv \u0161otor Breezy z UV za\u0161\u010dito - Clay Earth | Ajatutaja","isPartOf":{"@id":"https:\/\/ajatutaja.com\/#website"},"primaryImageOfPage":{"@id":"https:\/\/ajatutaja.com\/izdelek\/beaba-zlozljiv-sotor-z-uv-zascito-2v1-breezynest\/#primaryimage"},"image":{"@id":"https:\/\/ajatutaja.com\/izdelek\/beaba-zlozljiv-sotor-z-uv-zascito-2v1-breezynest\/#primaryimage"},"thumbnailUrl":"https:\/\/ajatutaja.com\/wp-content\/uploads\/2026\/03\/Beaba-breezee-sotor-z-uv-zascito-beige-1.jpg","datePublished":"2025-05-20T18:11:00+00:00","dateModified":"2026-04-19T07:44:23+00:00","description":"Otro\u0161ki zlo\u017eljivi \u0161otor Beaba nudi mal\u010dku zanesljivo za\u0161\u010dito pred soncem, vetrom, peskom in nadle\u017enimi insekti.","breadcrumb":{"@id":"https:\/\/ajatutaja.com\/izdelek\/beaba-zlozljiv-sotor-z-uv-zascito-2v1-breezynest\/#breadcrumb"},"inLanguage":"hr","potentialAction":[{"@type":"ReadAction","target":["https:\/\/ajatutaja.com\/izdelek\/beaba-zlozljiv-sotor-z-uv-zascito-2v1-breezynest\/"]}]},{"@type":"ImageObject","inLanguage":"hr","@id":"https:\/\/ajatutaja.com\/izdelek\/beaba-zlozljiv-sotor-z-uv-zascito-2v1-breezynest\/#primaryimage","url":"https:\/\/ajatutaja.com\/wp-content\/uploads\/2026\/03\/Beaba-breezee-sotor-z-uv-zascito-beige-1.jpg","contentUrl":"https:\/\/ajatutaja.com\/wp-content\/uploads\/2026\/03\/Beaba-breezee-sotor-z-uv-zascito-beige-1.jpg","width":800,"height":800},{"@type":"BreadcrumbList","@id":"https:\/\/ajatutaja.com\/izdelek\/beaba-zlozljiv-sotor-z-uv-zascito-2v1-breezynest\/#breadcrumb","itemListElement":[{"@type":"ListItem","position":1,"name":"Home","item":"https:\/\/ajatutaja.com\/hr\/"},{"@type":"ListItem","position":2,"name":"Trgovina","item":"https:\/\/ajatutaja.com\/hr\/trgovina\/"},{"@type":"ListItem","position":3,"name":"Beaba zlo\u017eljiv \u0161otor Breezy z UV za\u0161\u010dito &#8211; Clay Earth"}]},{"@type":"WebSite","@id":"https:\/\/ajatutaja.com\/#website","url":"https:\/\/ajatutaja.com\/","name":"Ajatutaja","description":"Otro\u0161ka spletna trgovina AJATUTAJA","publisher":{"@id":"https:\/\/ajatutaja.com\/#organization"},"potentialAction":[{"@type":"SearchAction","target":{"@type":"EntryPoint","urlTemplate":"https:\/\/ajatutaja.com\/?s={search_term_string}"},"query-input":{"@type":"PropertyValueSpecification","valueRequired":true,"valueName":"search_term_string"}}],"inLanguage":"hr"},{"@type":"Organization","@id":"https:\/\/ajatutaja.com\/#organization","name":"Ajatutaja","url":"https:\/\/ajatutaja.com\/","logo":{"@type":"ImageObject","inLanguage":"hr","@id":"https:\/\/ajatutaja.com\/#\/schema\/logo\/image\/","url":"https:\/\/ajatutaja.com\/wp-content\/uploads\/2021\/10\/logo.png","contentUrl":"https:\/\/ajatutaja.com\/wp-content\/uploads\/2021\/10\/logo.png","width":555,"height":150,"caption":"Ajatutaja"},"image":{"@id":"https:\/\/ajatutaja.com\/#\/schema\/logo\/image\/"}}]}},"brands":[{"id":2665,"name":"Beaba","slug":"beaba-nega-in-kopanje"},{"id":2409,"name":"Potepanje","slug":"potepanje"}],"_links":{"self":[{"href":"https:\/\/ajatutaja.com\/hr\/wp-json\/wp\/v2\/product\/76663","targetHints":{"allow":["GET"]}}],"collection":[{"href":"https:\/\/ajatutaja.com\/hr\/wp-json\/wp\/v2\/product"}],"about":[{"href":"https:\/\/ajatutaja.com\/hr\/wp-json\/wp\/v2\/types\/product"}],"wp:featuredmedia":[{"embeddable":true,"href":"https:\/\/ajatutaja.com\/hr\/wp-json\/wp\/v2\/media\/87317"}],"wp:attachment":[{"href":"https:\/\/ajatutaja.com\/hr\/wp-json\/wp\/v2\/media?parent=76663"}],"wp:term":[{"taxonomy":"pwb-brand","embeddable":true,"href":"https:\/\/ajatutaja.com\/hr\/wp-json\/wp\/v2\/pwb-brand?post=76663"},{"taxonomy":"product_brand","embeddable":true,"href":"https:\/\/ajatutaja.com\/hr\/wp-json\/wp\/v2\/product_brand?post=76663"},{"taxonomy":"product_cat","embeddable":true,"href":"https:\/\/ajatutaja.com\/hr\/wp-json\/wp\/v2\/product_cat?post=76663"},{"taxonomy":"product_tag","embeddable":true,"href":"https:\/\/ajatutaja.com\/hr\/wp-json\/wp\/v2\/product_tag?post=76663"}],"curies":[{"name":"wp","href":"https:\/\/api.w.org\/{rel}","templated":true}]}}