{"id":76478,"date":"2025-05-14T17:20:36","date_gmt":"2025-05-14T15:20:36","guid":{"rendered":"https:\/\/ajatutaja.com\/?post_type=product&#038;p=76478"},"modified":"2026-04-07T13:10:47","modified_gmt":"2026-04-07T11:10:47","slug":"otroska-samokolnica-little-dutch-fairy-garden","status":"publish","type":"product","link":"https:\/\/ajatutaja.com\/hr\/proizvod\/otroska-samokolnica-little-dutch-fairy-garden\/","title":{"rendered":"Otro\u0161ka samokolnica Little Dutch &#8211; Fairy Garden"},"content":{"rendered":"<p>[vc_row][vc_column][vc_column_text]<\/p>\n<div class=\"content-container froala-content\">\n<h3>Lastnosti samokolnice Little Dutch:<\/h3>\n<ul>\n<li>Primerno za otroke starej\u0161e od 3 let.<\/li>\n<li>Prostornina: 15 lt.<\/li>\n<li>Najve\u010dja te\u017ea: 20 kg.<\/li>\n<li>Velikost: 79x39x50 cm<\/li>\n<li>Material: Samokolnica: \u017eelezo, ro\u010daj, kolo: PP.<\/li>\n<li>Vzdr\u017eevanje: O\u010distite z vla\u017eno krpo. Redno preverjajte, da so vsi vijaki priviti in vsi deli nepo\u0161kodovani. Ko samokolnice ne uporabljate, jo vedno hranite na suhem mestu. Ko jo pustite na prostem, poskrbite, da bo shranjena v pokon\u010dnem polo\u017eaju, da prepre\u010dite kopi\u010denje vode. \u010ce je ne uporabljate, jo za\u0161\u010ditite pred de\u017ejem. Redno jo pregledujte glede znakov rje. Po potrebi nanesite barvo, odporno proti rji ali pr\u0161ilo.<\/li>\n<\/ul>\n<\/div>\n<p>[\/vc_column_text][\/vc_column][\/vc_row]<\/p>\n","protected":false},"excerpt":{"rendered":"<p>Otro\u0161ka samokolnica Little Dutch zagotavlja obilo zabave na vrtu! Samokolnica bo na zabaven na\u010din pripomogla otroku razvijati ravnote\u017eje in motori\u010dnih sposobnosti ter ponuja neskon\u010dne mo\u017enosti za raziskovanje v naravi.<\/p>\n","protected":false},"featured_media":76479,"template":"","meta":[],"pwb-brand":[2452,2457],"product_brand":[],"product_cat":[3992,2713,2451,2362,2448],"product_tag":[5774,4002,5020],"class_list":{"0":"post-76478","1":"product","2":"type-product","3":"status-publish","4":"has-post-thumbnail","6":"pwb-brand-igranje","7":"pwb-brand-little-dutch-igra","8":"product_cat-3-leta-igrace","9":"product_cat-darilo-za-deklico","10":"product_cat-igra-na-prostem","11":"product_cat-igranje","12":"product_cat-igranje-vlog","13":"product_tag-igra-na-vrtu","14":"product_tag-little-dutch","15":"product_tag-mali-mojster","17":"first","18":"instock","19":"taxable","20":"shipping-taxable","21":"purchasable","22":"product-type-simple","23":"add-to-wishlist-before_image"},"yoast_head":"<!-- This site is optimized with the Yoast SEO plugin v27.3 - https:\/\/yoast.com\/product\/yoast-seo-wordpress\/ -->\n<title>Otro\u0161ka samokolnica Little Dutch - Fairy Garden | Ajatutaja<\/title>\n<meta name=\"description\" content=\"Otro\u0161ka samokolnica Little Dutch zagotavlja obilo zabave na vrtu! Na voljo v roza in modri barvi.\" \/>\n<meta name=\"robots\" content=\"index, follow, max-snippet:-1, max-image-preview:large, max-video-preview:-1\" \/>\n<link rel=\"canonical\" href=\"https:\/\/ajatutaja.com\/izdelek\/otroska-samokolnica-little-dutch-fairy-garden\/\" \/>\n<meta property=\"og:locale\" content=\"hr_HR\" \/>\n<meta property=\"og:type\" content=\"article\" \/>\n<meta property=\"og:title\" content=\"Otro\u0161ka samokolnica Little Dutch - Fairy Garden | Ajatutaja\" \/>\n<meta property=\"og:description\" content=\"Otro\u0161ka samokolnica Little Dutch zagotavlja obilo zabave na vrtu! Na voljo v roza in modri barvi.\" \/>\n<meta property=\"og:url\" content=\"https:\/\/ajatutaja.com\/izdelek\/otroska-samokolnica-little-dutch-fairy-garden\/\" \/>\n<meta property=\"og:site_name\" content=\"Ajatutaja\" \/>\n<meta property=\"article:modified_time\" content=\"2026-04-07T11:10:47+00:00\" \/>\n<meta property=\"og:image\" content=\"https:\/\/ajatutaja.com\/wp-content\/uploads\/2025\/05\/little-dutch-samokolnica-fairy-garden-roza-1.jpeg\" \/>\n\t<meta property=\"og:image:width\" content=\"1080\" \/>\n\t<meta property=\"og:image:height\" content=\"1080\" \/>\n\t<meta property=\"og:image:type\" content=\"image\/jpeg\" \/>\n<meta name=\"twitter:card\" content=\"summary_large_image\" \/>\n<meta name=\"twitter:label1\" content=\"Procijenjeno vrijeme \u010ditanja\" \/>\n\t<meta name=\"twitter:data1\" content=\"1 minuta\" \/>\n<script type=\"application\/ld+json\" class=\"yoast-schema-graph\">{\"@context\":\"https:\\\/\\\/schema.org\",\"@graph\":[{\"@type\":\"WebPage\",\"@id\":\"https:\\\/\\\/ajatutaja.com\\\/izdelek\\\/otroska-samokolnica-little-dutch-fairy-garden\\\/\",\"url\":\"https:\\\/\\\/ajatutaja.com\\\/izdelek\\\/otroska-samokolnica-little-dutch-fairy-garden\\\/\",\"name\":\"Otro\u0161ka samokolnica Little Dutch - Fairy Garden | Ajatutaja\",\"isPartOf\":{\"@id\":\"https:\\\/\\\/ajatutaja.com\\\/#website\"},\"primaryImageOfPage\":{\"@id\":\"https:\\\/\\\/ajatutaja.com\\\/izdelek\\\/otroska-samokolnica-little-dutch-fairy-garden\\\/#primaryimage\"},\"image\":{\"@id\":\"https:\\\/\\\/ajatutaja.com\\\/izdelek\\\/otroska-samokolnica-little-dutch-fairy-garden\\\/#primaryimage\"},\"thumbnailUrl\":\"https:\\\/\\\/ajatutaja.com\\\/wp-content\\\/uploads\\\/2025\\\/05\\\/little-dutch-samokolnica-fairy-garden-roza-1.jpeg\",\"datePublished\":\"2025-05-14T15:20:36+00:00\",\"dateModified\":\"2026-04-07T11:10:47+00:00\",\"description\":\"Otro\u0161ka samokolnica Little Dutch zagotavlja obilo zabave na vrtu! Na voljo v roza in modri barvi.\",\"breadcrumb\":{\"@id\":\"https:\\\/\\\/ajatutaja.com\\\/izdelek\\\/otroska-samokolnica-little-dutch-fairy-garden\\\/#breadcrumb\"},\"inLanguage\":\"hr\",\"potentialAction\":[{\"@type\":\"ReadAction\",\"target\":[\"https:\\\/\\\/ajatutaja.com\\\/izdelek\\\/otroska-samokolnica-little-dutch-fairy-garden\\\/\"]}]},{\"@type\":\"ImageObject\",\"inLanguage\":\"hr\",\"@id\":\"https:\\\/\\\/ajatutaja.com\\\/izdelek\\\/otroska-samokolnica-little-dutch-fairy-garden\\\/#primaryimage\",\"url\":\"https:\\\/\\\/ajatutaja.com\\\/wp-content\\\/uploads\\\/2025\\\/05\\\/little-dutch-samokolnica-fairy-garden-roza-1.jpeg\",\"contentUrl\":\"https:\\\/\\\/ajatutaja.com\\\/wp-content\\\/uploads\\\/2025\\\/05\\\/little-dutch-samokolnica-fairy-garden-roza-1.jpeg\",\"width\":1080,\"height\":1080},{\"@type\":\"BreadcrumbList\",\"@id\":\"https:\\\/\\\/ajatutaja.com\\\/izdelek\\\/otroska-samokolnica-little-dutch-fairy-garden\\\/#breadcrumb\",\"itemListElement\":[{\"@type\":\"ListItem\",\"position\":1,\"name\":\"Home\",\"item\":\"https:\\\/\\\/ajatutaja.com\\\/hr\\\/\"},{\"@type\":\"ListItem\",\"position\":2,\"name\":\"Trgovina\",\"item\":\"https:\\\/\\\/ajatutaja.com\\\/hr\\\/trgovina\\\/\"},{\"@type\":\"ListItem\",\"position\":3,\"name\":\"Otro\u0161ka samokolnica Little Dutch &#8211; Fairy Garden\"}]},{\"@type\":\"WebSite\",\"@id\":\"https:\\\/\\\/ajatutaja.com\\\/#website\",\"url\":\"https:\\\/\\\/ajatutaja.com\\\/\",\"name\":\"Ajatutaja\",\"description\":\"Otro\u0161ka spletna trgovina AJATUTAJA\",\"publisher\":{\"@id\":\"https:\\\/\\\/ajatutaja.com\\\/#organization\"},\"potentialAction\":[{\"@type\":\"SearchAction\",\"target\":{\"@type\":\"EntryPoint\",\"urlTemplate\":\"https:\\\/\\\/ajatutaja.com\\\/?s={search_term_string}\"},\"query-input\":{\"@type\":\"PropertyValueSpecification\",\"valueRequired\":true,\"valueName\":\"search_term_string\"}}],\"inLanguage\":\"hr\"},{\"@type\":\"Organization\",\"@id\":\"https:\\\/\\\/ajatutaja.com\\\/#organization\",\"name\":\"Ajatutaja\",\"url\":\"https:\\\/\\\/ajatutaja.com\\\/\",\"logo\":{\"@type\":\"ImageObject\",\"inLanguage\":\"hr\",\"@id\":\"https:\\\/\\\/ajatutaja.com\\\/#\\\/schema\\\/logo\\\/image\\\/\",\"url\":\"https:\\\/\\\/ajatutaja.com\\\/wp-content\\\/uploads\\\/2021\\\/10\\\/logo.png\",\"contentUrl\":\"https:\\\/\\\/ajatutaja.com\\\/wp-content\\\/uploads\\\/2021\\\/10\\\/logo.png\",\"width\":555,\"height\":150,\"caption\":\"Ajatutaja\"},\"image\":{\"@id\":\"https:\\\/\\\/ajatutaja.com\\\/#\\\/schema\\\/logo\\\/image\\\/\"}}]}<\/script>\n<!-- \/ Yoast SEO plugin. -->","yoast_head_json":{"title":"Otro\u0161ka samokolnica Little Dutch - Fairy Garden | Ajatutaja","description":"Otro\u0161ka samokolnica Little Dutch zagotavlja obilo zabave na vrtu! Na voljo v roza in modri barvi.","robots":{"index":"index","follow":"follow","max-snippet":"max-snippet:-1","max-image-preview":"max-image-preview:large","max-video-preview":"max-video-preview:-1"},"canonical":"https:\/\/ajatutaja.com\/izdelek\/otroska-samokolnica-little-dutch-fairy-garden\/","og_locale":"hr_HR","og_type":"article","og_title":"Otro\u0161ka samokolnica Little Dutch - Fairy Garden | Ajatutaja","og_description":"Otro\u0161ka samokolnica Little Dutch zagotavlja obilo zabave na vrtu! Na voljo v roza in modri barvi.","og_url":"https:\/\/ajatutaja.com\/izdelek\/otroska-samokolnica-little-dutch-fairy-garden\/","og_site_name":"Ajatutaja","article_modified_time":"2026-04-07T11:10:47+00:00","og_image":[{"width":1080,"height":1080,"url":"https:\/\/ajatutaja.com\/wp-content\/uploads\/2025\/05\/little-dutch-samokolnica-fairy-garden-roza-1.jpeg","type":"image\/jpeg"}],"twitter_card":"summary_large_image","twitter_misc":{"Procijenjeno vrijeme \u010ditanja":"1 minuta"},"schema":{"@context":"https:\/\/schema.org","@graph":[{"@type":"WebPage","@id":"https:\/\/ajatutaja.com\/izdelek\/otroska-samokolnica-little-dutch-fairy-garden\/","url":"https:\/\/ajatutaja.com\/izdelek\/otroska-samokolnica-little-dutch-fairy-garden\/","name":"Otro\u0161ka samokolnica Little Dutch - Fairy Garden | Ajatutaja","isPartOf":{"@id":"https:\/\/ajatutaja.com\/#website"},"primaryImageOfPage":{"@id":"https:\/\/ajatutaja.com\/izdelek\/otroska-samokolnica-little-dutch-fairy-garden\/#primaryimage"},"image":{"@id":"https:\/\/ajatutaja.com\/izdelek\/otroska-samokolnica-little-dutch-fairy-garden\/#primaryimage"},"thumbnailUrl":"https:\/\/ajatutaja.com\/wp-content\/uploads\/2025\/05\/little-dutch-samokolnica-fairy-garden-roza-1.jpeg","datePublished":"2025-05-14T15:20:36+00:00","dateModified":"2026-04-07T11:10:47+00:00","description":"Otro\u0161ka samokolnica Little Dutch zagotavlja obilo zabave na vrtu! Na voljo v roza in modri barvi.","breadcrumb":{"@id":"https:\/\/ajatutaja.com\/izdelek\/otroska-samokolnica-little-dutch-fairy-garden\/#breadcrumb"},"inLanguage":"hr","potentialAction":[{"@type":"ReadAction","target":["https:\/\/ajatutaja.com\/izdelek\/otroska-samokolnica-little-dutch-fairy-garden\/"]}]},{"@type":"ImageObject","inLanguage":"hr","@id":"https:\/\/ajatutaja.com\/izdelek\/otroska-samokolnica-little-dutch-fairy-garden\/#primaryimage","url":"https:\/\/ajatutaja.com\/wp-content\/uploads\/2025\/05\/little-dutch-samokolnica-fairy-garden-roza-1.jpeg","contentUrl":"https:\/\/ajatutaja.com\/wp-content\/uploads\/2025\/05\/little-dutch-samokolnica-fairy-garden-roza-1.jpeg","width":1080,"height":1080},{"@type":"BreadcrumbList","@id":"https:\/\/ajatutaja.com\/izdelek\/otroska-samokolnica-little-dutch-fairy-garden\/#breadcrumb","itemListElement":[{"@type":"ListItem","position":1,"name":"Home","item":"https:\/\/ajatutaja.com\/hr\/"},{"@type":"ListItem","position":2,"name":"Trgovina","item":"https:\/\/ajatutaja.com\/hr\/trgovina\/"},{"@type":"ListItem","position":3,"name":"Otro\u0161ka samokolnica Little Dutch &#8211; Fairy Garden"}]},{"@type":"WebSite","@id":"https:\/\/ajatutaja.com\/#website","url":"https:\/\/ajatutaja.com\/","name":"Ajatutaja","description":"Otro\u0161ka spletna trgovina AJATUTAJA","publisher":{"@id":"https:\/\/ajatutaja.com\/#organization"},"potentialAction":[{"@type":"SearchAction","target":{"@type":"EntryPoint","urlTemplate":"https:\/\/ajatutaja.com\/?s={search_term_string}"},"query-input":{"@type":"PropertyValueSpecification","valueRequired":true,"valueName":"search_term_string"}}],"inLanguage":"hr"},{"@type":"Organization","@id":"https:\/\/ajatutaja.com\/#organization","name":"Ajatutaja","url":"https:\/\/ajatutaja.com\/","logo":{"@type":"ImageObject","inLanguage":"hr","@id":"https:\/\/ajatutaja.com\/#\/schema\/logo\/image\/","url":"https:\/\/ajatutaja.com\/wp-content\/uploads\/2021\/10\/logo.png","contentUrl":"https:\/\/ajatutaja.com\/wp-content\/uploads\/2021\/10\/logo.png","width":555,"height":150,"caption":"Ajatutaja"},"image":{"@id":"https:\/\/ajatutaja.com\/#\/schema\/logo\/image\/"}}]}},"brands":[{"id":2452,"name":"Igranje","slug":"igranje"},{"id":2457,"name":"Little Dutch","slug":"little-dutch-igra"}],"_links":{"self":[{"href":"https:\/\/ajatutaja.com\/hr\/wp-json\/wp\/v2\/product\/76478","targetHints":{"allow":["GET"]}}],"collection":[{"href":"https:\/\/ajatutaja.com\/hr\/wp-json\/wp\/v2\/product"}],"about":[{"href":"https:\/\/ajatutaja.com\/hr\/wp-json\/wp\/v2\/types\/product"}],"wp:featuredmedia":[{"embeddable":true,"href":"https:\/\/ajatutaja.com\/hr\/wp-json\/wp\/v2\/media\/76479"}],"wp:attachment":[{"href":"https:\/\/ajatutaja.com\/hr\/wp-json\/wp\/v2\/media?parent=76478"}],"wp:term":[{"taxonomy":"pwb-brand","embeddable":true,"href":"https:\/\/ajatutaja.com\/hr\/wp-json\/wp\/v2\/pwb-brand?post=76478"},{"taxonomy":"product_brand","embeddable":true,"href":"https:\/\/ajatutaja.com\/hr\/wp-json\/wp\/v2\/product_brand?post=76478"},{"taxonomy":"product_cat","embeddable":true,"href":"https:\/\/ajatutaja.com\/hr\/wp-json\/wp\/v2\/product_cat?post=76478"},{"taxonomy":"product_tag","embeddable":true,"href":"https:\/\/ajatutaja.com\/hr\/wp-json\/wp\/v2\/product_tag?post=76478"}],"curies":[{"name":"wp","href":"https:\/\/api.w.org\/{rel}","templated":true}]}}