{"id":76421,"date":"2025-05-13T14:46:50","date_gmt":"2025-05-13T12:46:50","guid":{"rendered":"https:\/\/ajatutaja.com\/?post_type=product&#038;p=76421"},"modified":"2025-10-23T16:59:29","modified_gmt":"2025-10-23T14:59:29","slug":"pletena-bombazna-jopica-za-dojencka-little-dutch-fairy-pink","status":"publish","type":"product","link":"https:\/\/ajatutaja.com\/hr\/proizvod\/pletena-bombazna-jopica-za-dojencka-little-dutch-fairy-pink\/","title":{"rendered":"Pletena bomba\u017ena jopica za dojen\u010dka Little Dutch &#8211; Fairy Pink"},"content":{"rendered":"<p>[vc_row][vc_column][vc_column_text]<\/p>\n<h3>Lastnosti pletene jopice Little Dutch:<\/h3>\n<ul>\n<li>V roza barvi z vezenino in odpiranjem na gumbke<\/li>\n<li>Velikosti: 62 cm, 68 cm, 74 cm<\/li>\n<li>Surovinska sestava: 100% organski\u00a0 bomba\u017e<\/li>\n<li>Vzdr\u017eevanje in nega: Pralni stroj pri 30 stopinjah, ne\u017een cikel \/ Nizkotemperaturno likanje \/ Ne \u010distite kemi\u010dno \/ Ne beliti \/ Ni primerno za su\u0161ilni stroj.<\/li>\n<\/ul>\n<p>[\/vc_column_text][\/vc_column][\/vc_row]<\/p>\n","protected":false},"excerpt":{"rendered":"<p><span lang=\"sl\">Pletena roza jopica za dojen\u010dke Little Dutch je izdelana iz certificiranaga organskega bomba\u017ea! Okrogel ovratnik in gumbki omogo\u010dajo enostavno obla\u010denje. Nepogre\u0161ljiv kos gardarobe za va\u0161ega mal\u010dka vse dni v letu!<\/span><\/p>\n","protected":false},"featured_media":76414,"template":"","meta":[],"pwb-brand":[4893,2696],"product_brand":[],"product_cat":[2609,2683,2682,2681],"product_tag":[4002],"class_list":{"0":"post-76421","1":"product","2":"type-product","3":"status-publish","4":"has-post-thumbnail","6":"pwb-brand-little-dutch-moda","7":"pwb-brand-moda","8":"product_cat-moda","9":"product_cat-oblacila-za-deklico","10":"product_cat-oblacila-za-novorojencka","11":"product_cat-otroska-oblacila","12":"product_tag-little-dutch","14":"first","15":"instock","16":"taxable","17":"shipping-taxable","18":"purchasable","19":"product-type-variable","20":"add-to-wishlist-before_image"},"yoast_head":"<!-- This site is optimized with the Yoast SEO plugin v27.3 - https:\/\/yoast.com\/product\/yoast-seo-wordpress\/ -->\n<title>Pletena bomba\u017ena jopica za dojen\u010dka Little Dutch - Fairy Pink | Ajatutaja<\/title>\n<meta name=\"description\" content=\"\u010cudovita pletena jopica za dojen\u010dke Little Dutch je izdelana iz organskega bomba\u017ea. Okrogel ovratnik in gumbki omogo\u010dajo enostavno obla\u010denje.\" \/>\n<meta name=\"robots\" content=\"index, follow, max-snippet:-1, max-image-preview:large, max-video-preview:-1\" \/>\n<link rel=\"canonical\" href=\"https:\/\/ajatutaja.com\/izdelek\/pletena-bombazna-jopica-za-dojencka-little-dutch-fairy-pink\/\" \/>\n<meta property=\"og:locale\" content=\"hr_HR\" \/>\n<meta property=\"og:type\" content=\"article\" \/>\n<meta property=\"og:title\" content=\"Pletena bomba\u017ena jopica za dojen\u010dka Little Dutch - Fairy Pink | Ajatutaja\" \/>\n<meta property=\"og:description\" content=\"\u010cudovita pletena jopica za dojen\u010dke Little Dutch je izdelana iz organskega bomba\u017ea. Okrogel ovratnik in gumbki omogo\u010dajo enostavno obla\u010denje.\" \/>\n<meta property=\"og:url\" content=\"https:\/\/ajatutaja.com\/izdelek\/pletena-bombazna-jopica-za-dojencka-little-dutch-fairy-pink\/\" \/>\n<meta property=\"og:site_name\" content=\"Ajatutaja\" \/>\n<meta property=\"article:modified_time\" content=\"2025-10-23T14:59:29+00:00\" \/>\n<meta property=\"og:image\" content=\"https:\/\/ajatutaja.com\/wp-content\/uploads\/2025\/05\/Pletena-jopica-bombaz-cardigan-little-dutch-pink-1.webp\" \/>\n\t<meta property=\"og:image:width\" content=\"500\" \/>\n\t<meta property=\"og:image:height\" content=\"500\" \/>\n\t<meta property=\"og:image:type\" content=\"image\/webp\" \/>\n<meta name=\"twitter:card\" content=\"summary_large_image\" \/>\n<script type=\"application\/ld+json\" class=\"yoast-schema-graph\">{\"@context\":\"https:\\\/\\\/schema.org\",\"@graph\":[{\"@type\":\"WebPage\",\"@id\":\"https:\\\/\\\/ajatutaja.com\\\/izdelek\\\/pletena-bombazna-jopica-za-dojencka-little-dutch-fairy-pink\\\/\",\"url\":\"https:\\\/\\\/ajatutaja.com\\\/izdelek\\\/pletena-bombazna-jopica-za-dojencka-little-dutch-fairy-pink\\\/\",\"name\":\"Pletena bomba\u017ena jopica za dojen\u010dka Little Dutch - Fairy Pink | Ajatutaja\",\"isPartOf\":{\"@id\":\"https:\\\/\\\/ajatutaja.com\\\/#website\"},\"primaryImageOfPage\":{\"@id\":\"https:\\\/\\\/ajatutaja.com\\\/izdelek\\\/pletena-bombazna-jopica-za-dojencka-little-dutch-fairy-pink\\\/#primaryimage\"},\"image\":{\"@id\":\"https:\\\/\\\/ajatutaja.com\\\/izdelek\\\/pletena-bombazna-jopica-za-dojencka-little-dutch-fairy-pink\\\/#primaryimage\"},\"thumbnailUrl\":\"https:\\\/\\\/ajatutaja.com\\\/wp-content\\\/uploads\\\/2025\\\/05\\\/Pletena-jopica-bombaz-cardigan-little-dutch-pink-1.webp\",\"datePublished\":\"2025-05-13T12:46:50+00:00\",\"dateModified\":\"2025-10-23T14:59:29+00:00\",\"description\":\"\u010cudovita pletena jopica za dojen\u010dke Little Dutch je izdelana iz organskega bomba\u017ea. Okrogel ovratnik in gumbki omogo\u010dajo enostavno obla\u010denje.\",\"breadcrumb\":{\"@id\":\"https:\\\/\\\/ajatutaja.com\\\/izdelek\\\/pletena-bombazna-jopica-za-dojencka-little-dutch-fairy-pink\\\/#breadcrumb\"},\"inLanguage\":\"hr\",\"potentialAction\":[{\"@type\":\"ReadAction\",\"target\":[\"https:\\\/\\\/ajatutaja.com\\\/izdelek\\\/pletena-bombazna-jopica-za-dojencka-little-dutch-fairy-pink\\\/\"]}]},{\"@type\":\"ImageObject\",\"inLanguage\":\"hr\",\"@id\":\"https:\\\/\\\/ajatutaja.com\\\/izdelek\\\/pletena-bombazna-jopica-za-dojencka-little-dutch-fairy-pink\\\/#primaryimage\",\"url\":\"https:\\\/\\\/ajatutaja.com\\\/wp-content\\\/uploads\\\/2025\\\/05\\\/Pletena-jopica-bombaz-cardigan-little-dutch-pink-1.webp\",\"contentUrl\":\"https:\\\/\\\/ajatutaja.com\\\/wp-content\\\/uploads\\\/2025\\\/05\\\/Pletena-jopica-bombaz-cardigan-little-dutch-pink-1.webp\",\"width\":500,\"height\":500},{\"@type\":\"BreadcrumbList\",\"@id\":\"https:\\\/\\\/ajatutaja.com\\\/izdelek\\\/pletena-bombazna-jopica-za-dojencka-little-dutch-fairy-pink\\\/#breadcrumb\",\"itemListElement\":[{\"@type\":\"ListItem\",\"position\":1,\"name\":\"Home\",\"item\":\"https:\\\/\\\/ajatutaja.com\\\/hr\\\/\"},{\"@type\":\"ListItem\",\"position\":2,\"name\":\"Trgovina\",\"item\":\"https:\\\/\\\/ajatutaja.com\\\/hr\\\/trgovina\\\/\"},{\"@type\":\"ListItem\",\"position\":3,\"name\":\"Pletena bomba\u017ena jopica za dojen\u010dka Little Dutch &#8211; Fairy Pink\"}]},{\"@type\":\"WebSite\",\"@id\":\"https:\\\/\\\/ajatutaja.com\\\/#website\",\"url\":\"https:\\\/\\\/ajatutaja.com\\\/\",\"name\":\"Ajatutaja\",\"description\":\"Otro\u0161ka spletna trgovina AJATUTAJA\",\"publisher\":{\"@id\":\"https:\\\/\\\/ajatutaja.com\\\/#organization\"},\"potentialAction\":[{\"@type\":\"SearchAction\",\"target\":{\"@type\":\"EntryPoint\",\"urlTemplate\":\"https:\\\/\\\/ajatutaja.com\\\/?s={search_term_string}\"},\"query-input\":{\"@type\":\"PropertyValueSpecification\",\"valueRequired\":true,\"valueName\":\"search_term_string\"}}],\"inLanguage\":\"hr\"},{\"@type\":\"Organization\",\"@id\":\"https:\\\/\\\/ajatutaja.com\\\/#organization\",\"name\":\"Ajatutaja\",\"url\":\"https:\\\/\\\/ajatutaja.com\\\/\",\"logo\":{\"@type\":\"ImageObject\",\"inLanguage\":\"hr\",\"@id\":\"https:\\\/\\\/ajatutaja.com\\\/#\\\/schema\\\/logo\\\/image\\\/\",\"url\":\"https:\\\/\\\/ajatutaja.com\\\/wp-content\\\/uploads\\\/2021\\\/10\\\/logo.png\",\"contentUrl\":\"https:\\\/\\\/ajatutaja.com\\\/wp-content\\\/uploads\\\/2021\\\/10\\\/logo.png\",\"width\":555,\"height\":150,\"caption\":\"Ajatutaja\"},\"image\":{\"@id\":\"https:\\\/\\\/ajatutaja.com\\\/#\\\/schema\\\/logo\\\/image\\\/\"}}]}<\/script>\n<!-- \/ Yoast SEO plugin. -->","yoast_head_json":{"title":"Pletena bomba\u017ena jopica za dojen\u010dka Little Dutch - Fairy Pink | Ajatutaja","description":"\u010cudovita pletena jopica za dojen\u010dke Little Dutch je izdelana iz organskega bomba\u017ea. Okrogel ovratnik in gumbki omogo\u010dajo enostavno obla\u010denje.","robots":{"index":"index","follow":"follow","max-snippet":"max-snippet:-1","max-image-preview":"max-image-preview:large","max-video-preview":"max-video-preview:-1"},"canonical":"https:\/\/ajatutaja.com\/izdelek\/pletena-bombazna-jopica-za-dojencka-little-dutch-fairy-pink\/","og_locale":"hr_HR","og_type":"article","og_title":"Pletena bomba\u017ena jopica za dojen\u010dka Little Dutch - Fairy Pink | Ajatutaja","og_description":"\u010cudovita pletena jopica za dojen\u010dke Little Dutch je izdelana iz organskega bomba\u017ea. Okrogel ovratnik in gumbki omogo\u010dajo enostavno obla\u010denje.","og_url":"https:\/\/ajatutaja.com\/izdelek\/pletena-bombazna-jopica-za-dojencka-little-dutch-fairy-pink\/","og_site_name":"Ajatutaja","article_modified_time":"2025-10-23T14:59:29+00:00","og_image":[{"width":500,"height":500,"url":"https:\/\/ajatutaja.com\/wp-content\/uploads\/2025\/05\/Pletena-jopica-bombaz-cardigan-little-dutch-pink-1.webp","type":"image\/webp"}],"twitter_card":"summary_large_image","schema":{"@context":"https:\/\/schema.org","@graph":[{"@type":"WebPage","@id":"https:\/\/ajatutaja.com\/izdelek\/pletena-bombazna-jopica-za-dojencka-little-dutch-fairy-pink\/","url":"https:\/\/ajatutaja.com\/izdelek\/pletena-bombazna-jopica-za-dojencka-little-dutch-fairy-pink\/","name":"Pletena bomba\u017ena jopica za dojen\u010dka Little Dutch - Fairy Pink | Ajatutaja","isPartOf":{"@id":"https:\/\/ajatutaja.com\/#website"},"primaryImageOfPage":{"@id":"https:\/\/ajatutaja.com\/izdelek\/pletena-bombazna-jopica-za-dojencka-little-dutch-fairy-pink\/#primaryimage"},"image":{"@id":"https:\/\/ajatutaja.com\/izdelek\/pletena-bombazna-jopica-za-dojencka-little-dutch-fairy-pink\/#primaryimage"},"thumbnailUrl":"https:\/\/ajatutaja.com\/wp-content\/uploads\/2025\/05\/Pletena-jopica-bombaz-cardigan-little-dutch-pink-1.webp","datePublished":"2025-05-13T12:46:50+00:00","dateModified":"2025-10-23T14:59:29+00:00","description":"\u010cudovita pletena jopica za dojen\u010dke Little Dutch je izdelana iz organskega bomba\u017ea. Okrogel ovratnik in gumbki omogo\u010dajo enostavno obla\u010denje.","breadcrumb":{"@id":"https:\/\/ajatutaja.com\/izdelek\/pletena-bombazna-jopica-za-dojencka-little-dutch-fairy-pink\/#breadcrumb"},"inLanguage":"hr","potentialAction":[{"@type":"ReadAction","target":["https:\/\/ajatutaja.com\/izdelek\/pletena-bombazna-jopica-za-dojencka-little-dutch-fairy-pink\/"]}]},{"@type":"ImageObject","inLanguage":"hr","@id":"https:\/\/ajatutaja.com\/izdelek\/pletena-bombazna-jopica-za-dojencka-little-dutch-fairy-pink\/#primaryimage","url":"https:\/\/ajatutaja.com\/wp-content\/uploads\/2025\/05\/Pletena-jopica-bombaz-cardigan-little-dutch-pink-1.webp","contentUrl":"https:\/\/ajatutaja.com\/wp-content\/uploads\/2025\/05\/Pletena-jopica-bombaz-cardigan-little-dutch-pink-1.webp","width":500,"height":500},{"@type":"BreadcrumbList","@id":"https:\/\/ajatutaja.com\/izdelek\/pletena-bombazna-jopica-za-dojencka-little-dutch-fairy-pink\/#breadcrumb","itemListElement":[{"@type":"ListItem","position":1,"name":"Home","item":"https:\/\/ajatutaja.com\/hr\/"},{"@type":"ListItem","position":2,"name":"Trgovina","item":"https:\/\/ajatutaja.com\/hr\/trgovina\/"},{"@type":"ListItem","position":3,"name":"Pletena bomba\u017ena jopica za dojen\u010dka Little Dutch &#8211; Fairy Pink"}]},{"@type":"WebSite","@id":"https:\/\/ajatutaja.com\/#website","url":"https:\/\/ajatutaja.com\/","name":"Ajatutaja","description":"Otro\u0161ka spletna trgovina AJATUTAJA","publisher":{"@id":"https:\/\/ajatutaja.com\/#organization"},"potentialAction":[{"@type":"SearchAction","target":{"@type":"EntryPoint","urlTemplate":"https:\/\/ajatutaja.com\/?s={search_term_string}"},"query-input":{"@type":"PropertyValueSpecification","valueRequired":true,"valueName":"search_term_string"}}],"inLanguage":"hr"},{"@type":"Organization","@id":"https:\/\/ajatutaja.com\/#organization","name":"Ajatutaja","url":"https:\/\/ajatutaja.com\/","logo":{"@type":"ImageObject","inLanguage":"hr","@id":"https:\/\/ajatutaja.com\/#\/schema\/logo\/image\/","url":"https:\/\/ajatutaja.com\/wp-content\/uploads\/2021\/10\/logo.png","contentUrl":"https:\/\/ajatutaja.com\/wp-content\/uploads\/2021\/10\/logo.png","width":555,"height":150,"caption":"Ajatutaja"},"image":{"@id":"https:\/\/ajatutaja.com\/#\/schema\/logo\/image\/"}}]}},"brands":[{"id":4893,"name":"Little Dutch","slug":"little-dutch-moda"},{"id":2696,"name":"Moda","slug":"moda"}],"_links":{"self":[{"href":"https:\/\/ajatutaja.com\/hr\/wp-json\/wp\/v2\/product\/76421","targetHints":{"allow":["GET"]}}],"collection":[{"href":"https:\/\/ajatutaja.com\/hr\/wp-json\/wp\/v2\/product"}],"about":[{"href":"https:\/\/ajatutaja.com\/hr\/wp-json\/wp\/v2\/types\/product"}],"wp:featuredmedia":[{"embeddable":true,"href":"https:\/\/ajatutaja.com\/hr\/wp-json\/wp\/v2\/media\/76414"}],"wp:attachment":[{"href":"https:\/\/ajatutaja.com\/hr\/wp-json\/wp\/v2\/media?parent=76421"}],"wp:term":[{"taxonomy":"pwb-brand","embeddable":true,"href":"https:\/\/ajatutaja.com\/hr\/wp-json\/wp\/v2\/pwb-brand?post=76421"},{"taxonomy":"product_brand","embeddable":true,"href":"https:\/\/ajatutaja.com\/hr\/wp-json\/wp\/v2\/product_brand?post=76421"},{"taxonomy":"product_cat","embeddable":true,"href":"https:\/\/ajatutaja.com\/hr\/wp-json\/wp\/v2\/product_cat?post=76421"},{"taxonomy":"product_tag","embeddable":true,"href":"https:\/\/ajatutaja.com\/hr\/wp-json\/wp\/v2\/product_tag?post=76421"}],"curies":[{"name":"wp","href":"https:\/\/api.w.org\/{rel}","templated":true}]}}