{"id":75933,"date":"2025-04-30T10:09:53","date_gmt":"2025-04-30T08:09:53","guid":{"rendered":"https:\/\/ajatutaja.com\/?post_type=product&#038;p=75933"},"modified":"2026-02-19T08:21:02","modified_gmt":"2026-02-19T07:21:02","slug":"bamboo-muslin-odejica-elodie-anglaise-pink","status":"publish","type":"product","link":"https:\/\/ajatutaja.com\/hr\/proizvod\/bamboo-muslin-odejica-elodie-anglaise-pink\/","title":{"rendered":"Bamboo muslin odejica Elodie (80x80cm) Embroidery Anglaise Pink"},"content":{"rendered":"<p>[vc_row][vc_column][vc_column_text]<\/p>\n<div class=\"std\">\n<h3><strong>Lastnosti bamboo muslin odejice Elodie:\u00a0<\/strong><\/h3>\n<ul>\n<li>Velikost: 80 x 80 cm<\/li>\n<li>2 sloja muslin tkanine<\/li>\n<li>Material: 50% <span class=\"product-info__field-value\">Oeko-Tex<\/span> bomba\u017e\/ 50% bambusova vlakna<\/li>\n<li>Debelina odejice. TOG 0.5<\/li>\n<li>\u010cudovita tkanina, ki bo z vsakim pranjem \u0161e mehkej\u0161a ima lastnosti u\u010dinkovitega temperaturnega nadzora.<\/li>\n<\/ul>\n<\/div>\n<p>[\/vc_column_text][\/vc_column][\/vc_row]<\/p>\n","protected":false},"excerpt":{"rendered":"<p style=\"text-align: justify\">Mehka in zra\u010dna bamboo odejica Elodie je izdelana iz 2 slojev muslin materiala in je nepogre\u0161ljiva tako doma, kot na sprehodu z otro\u0161kim vozi\u010dkom. Nadvse primerna v poletnih mesecih.<\/p>\n","protected":false},"featured_media":75970,"template":"","meta":[],"pwb-brand":[2624,2611],"product_brand":[],"product_cat":[2600,2593],"product_tag":[4079,4154,4407,4333],"class_list":{"0":"post-75933","1":"product","2":"type-product","3":"status-publish","4":"has-post-thumbnail","6":"pwb-brand-elodie-spanje","7":"pwb-brand-spanje","8":"product_cat-odejice","9":"product_cat-spanje","10":"product_tag-bamboo","11":"product_tag-elodie","12":"product_tag-odejica-za-vozicek","13":"product_tag-pomlad-poletje","15":"first","16":"instock","17":"taxable","18":"shipping-taxable","19":"purchasable","20":"product-type-simple","21":"add-to-wishlist-before_image"},"yoast_head":"<!-- This site is optimized with the Yoast SEO plugin v27.3 - https:\/\/yoast.com\/product\/yoast-seo-wordpress\/ -->\n<title>Bamboo muslin odejica Elodie (80x80cm) Embroidery Anglaise Pink | Ajatutaja<\/title>\n<meta name=\"description\" content=\"Mehka in zra\u010dna bamboo odejica Elodie je izdelana iz 2 slojev muslin materiala in je nepogre\u0161ljiva tako doma, kot na sprehodu z otro\u0161kim vozi\u010dkom.\" \/>\n<meta name=\"robots\" content=\"index, follow, max-snippet:-1, max-image-preview:large, max-video-preview:-1\" \/>\n<link rel=\"canonical\" href=\"https:\/\/ajatutaja.com\/izdelek\/bamboo-muslin-odejica-elodie-anglaise-pink\/\" \/>\n<meta property=\"og:locale\" content=\"hr_HR\" \/>\n<meta property=\"og:type\" content=\"article\" \/>\n<meta property=\"og:title\" content=\"Bamboo muslin odejica Elodie (80x80cm) Embroidery Anglaise Pink | Ajatutaja\" \/>\n<meta property=\"og:description\" content=\"Mehka in zra\u010dna bamboo odejica Elodie je izdelana iz 2 slojev muslin materiala in je nepogre\u0161ljiva tako doma, kot na sprehodu z otro\u0161kim vozi\u010dkom.\" \/>\n<meta property=\"og:url\" content=\"https:\/\/ajatutaja.com\/izdelek\/bamboo-muslin-odejica-elodie-anglaise-pink\/\" \/>\n<meta property=\"og:site_name\" content=\"Ajatutaja\" \/>\n<meta property=\"article:modified_time\" content=\"2026-02-19T07:21:02+00:00\" \/>\n<meta property=\"og:image\" content=\"https:\/\/ajatutaja.com\/wp-content\/uploads\/2025\/04\/elodie-mehka-muslin-odejica-embroidery-anglaise-pink-1.jpg\" \/>\n\t<meta property=\"og:image:width\" content=\"1100\" \/>\n\t<meta property=\"og:image:height\" content=\"1100\" \/>\n\t<meta property=\"og:image:type\" content=\"image\/jpeg\" \/>\n<meta name=\"twitter:card\" content=\"summary_large_image\" \/>\n<script type=\"application\/ld+json\" class=\"yoast-schema-graph\">{\"@context\":\"https:\\\/\\\/schema.org\",\"@graph\":[{\"@type\":\"WebPage\",\"@id\":\"https:\\\/\\\/ajatutaja.com\\\/izdelek\\\/bamboo-muslin-odejica-elodie-anglaise-pink\\\/\",\"url\":\"https:\\\/\\\/ajatutaja.com\\\/izdelek\\\/bamboo-muslin-odejica-elodie-anglaise-pink\\\/\",\"name\":\"Bamboo muslin odejica Elodie (80x80cm) Embroidery Anglaise Pink | Ajatutaja\",\"isPartOf\":{\"@id\":\"https:\\\/\\\/ajatutaja.com\\\/#website\"},\"primaryImageOfPage\":{\"@id\":\"https:\\\/\\\/ajatutaja.com\\\/izdelek\\\/bamboo-muslin-odejica-elodie-anglaise-pink\\\/#primaryimage\"},\"image\":{\"@id\":\"https:\\\/\\\/ajatutaja.com\\\/izdelek\\\/bamboo-muslin-odejica-elodie-anglaise-pink\\\/#primaryimage\"},\"thumbnailUrl\":\"https:\\\/\\\/ajatutaja.com\\\/wp-content\\\/uploads\\\/2025\\\/04\\\/elodie-mehka-muslin-odejica-embroidery-anglaise-pink-1.jpg\",\"datePublished\":\"2025-04-30T08:09:53+00:00\",\"dateModified\":\"2026-02-19T07:21:02+00:00\",\"description\":\"Mehka in zra\u010dna bamboo odejica Elodie je izdelana iz 2 slojev muslin materiala in je nepogre\u0161ljiva tako doma, kot na sprehodu z otro\u0161kim vozi\u010dkom.\",\"breadcrumb\":{\"@id\":\"https:\\\/\\\/ajatutaja.com\\\/izdelek\\\/bamboo-muslin-odejica-elodie-anglaise-pink\\\/#breadcrumb\"},\"inLanguage\":\"hr\",\"potentialAction\":[{\"@type\":\"ReadAction\",\"target\":[\"https:\\\/\\\/ajatutaja.com\\\/izdelek\\\/bamboo-muslin-odejica-elodie-anglaise-pink\\\/\"]}]},{\"@type\":\"ImageObject\",\"inLanguage\":\"hr\",\"@id\":\"https:\\\/\\\/ajatutaja.com\\\/izdelek\\\/bamboo-muslin-odejica-elodie-anglaise-pink\\\/#primaryimage\",\"url\":\"https:\\\/\\\/ajatutaja.com\\\/wp-content\\\/uploads\\\/2025\\\/04\\\/elodie-mehka-muslin-odejica-embroidery-anglaise-pink-1.jpg\",\"contentUrl\":\"https:\\\/\\\/ajatutaja.com\\\/wp-content\\\/uploads\\\/2025\\\/04\\\/elodie-mehka-muslin-odejica-embroidery-anglaise-pink-1.jpg\",\"width\":1100,\"height\":1100},{\"@type\":\"BreadcrumbList\",\"@id\":\"https:\\\/\\\/ajatutaja.com\\\/izdelek\\\/bamboo-muslin-odejica-elodie-anglaise-pink\\\/#breadcrumb\",\"itemListElement\":[{\"@type\":\"ListItem\",\"position\":1,\"name\":\"Home\",\"item\":\"https:\\\/\\\/ajatutaja.com\\\/hr\\\/\"},{\"@type\":\"ListItem\",\"position\":2,\"name\":\"Trgovina\",\"item\":\"https:\\\/\\\/ajatutaja.com\\\/hr\\\/trgovina\\\/\"},{\"@type\":\"ListItem\",\"position\":3,\"name\":\"Bamboo muslin odejica Elodie (80x80cm) Embroidery Anglaise Pink\"}]},{\"@type\":\"WebSite\",\"@id\":\"https:\\\/\\\/ajatutaja.com\\\/#website\",\"url\":\"https:\\\/\\\/ajatutaja.com\\\/\",\"name\":\"Ajatutaja\",\"description\":\"Otro\u0161ka spletna trgovina AJATUTAJA\",\"publisher\":{\"@id\":\"https:\\\/\\\/ajatutaja.com\\\/#organization\"},\"potentialAction\":[{\"@type\":\"SearchAction\",\"target\":{\"@type\":\"EntryPoint\",\"urlTemplate\":\"https:\\\/\\\/ajatutaja.com\\\/?s={search_term_string}\"},\"query-input\":{\"@type\":\"PropertyValueSpecification\",\"valueRequired\":true,\"valueName\":\"search_term_string\"}}],\"inLanguage\":\"hr\"},{\"@type\":\"Organization\",\"@id\":\"https:\\\/\\\/ajatutaja.com\\\/#organization\",\"name\":\"Ajatutaja\",\"url\":\"https:\\\/\\\/ajatutaja.com\\\/\",\"logo\":{\"@type\":\"ImageObject\",\"inLanguage\":\"hr\",\"@id\":\"https:\\\/\\\/ajatutaja.com\\\/#\\\/schema\\\/logo\\\/image\\\/\",\"url\":\"https:\\\/\\\/ajatutaja.com\\\/wp-content\\\/uploads\\\/2021\\\/10\\\/logo.png\",\"contentUrl\":\"https:\\\/\\\/ajatutaja.com\\\/wp-content\\\/uploads\\\/2021\\\/10\\\/logo.png\",\"width\":555,\"height\":150,\"caption\":\"Ajatutaja\"},\"image\":{\"@id\":\"https:\\\/\\\/ajatutaja.com\\\/#\\\/schema\\\/logo\\\/image\\\/\"}}]}<\/script>\n<!-- \/ Yoast SEO plugin. -->","yoast_head_json":{"title":"Bamboo muslin odejica Elodie (80x80cm) Embroidery Anglaise Pink | Ajatutaja","description":"Mehka in zra\u010dna bamboo odejica Elodie je izdelana iz 2 slojev muslin materiala in je nepogre\u0161ljiva tako doma, kot na sprehodu z otro\u0161kim vozi\u010dkom.","robots":{"index":"index","follow":"follow","max-snippet":"max-snippet:-1","max-image-preview":"max-image-preview:large","max-video-preview":"max-video-preview:-1"},"canonical":"https:\/\/ajatutaja.com\/izdelek\/bamboo-muslin-odejica-elodie-anglaise-pink\/","og_locale":"hr_HR","og_type":"article","og_title":"Bamboo muslin odejica Elodie (80x80cm) Embroidery Anglaise Pink | Ajatutaja","og_description":"Mehka in zra\u010dna bamboo odejica Elodie je izdelana iz 2 slojev muslin materiala in je nepogre\u0161ljiva tako doma, kot na sprehodu z otro\u0161kim vozi\u010dkom.","og_url":"https:\/\/ajatutaja.com\/izdelek\/bamboo-muslin-odejica-elodie-anglaise-pink\/","og_site_name":"Ajatutaja","article_modified_time":"2026-02-19T07:21:02+00:00","og_image":[{"width":1100,"height":1100,"url":"https:\/\/ajatutaja.com\/wp-content\/uploads\/2025\/04\/elodie-mehka-muslin-odejica-embroidery-anglaise-pink-1.jpg","type":"image\/jpeg"}],"twitter_card":"summary_large_image","schema":{"@context":"https:\/\/schema.org","@graph":[{"@type":"WebPage","@id":"https:\/\/ajatutaja.com\/izdelek\/bamboo-muslin-odejica-elodie-anglaise-pink\/","url":"https:\/\/ajatutaja.com\/izdelek\/bamboo-muslin-odejica-elodie-anglaise-pink\/","name":"Bamboo muslin odejica Elodie (80x80cm) Embroidery Anglaise Pink | Ajatutaja","isPartOf":{"@id":"https:\/\/ajatutaja.com\/#website"},"primaryImageOfPage":{"@id":"https:\/\/ajatutaja.com\/izdelek\/bamboo-muslin-odejica-elodie-anglaise-pink\/#primaryimage"},"image":{"@id":"https:\/\/ajatutaja.com\/izdelek\/bamboo-muslin-odejica-elodie-anglaise-pink\/#primaryimage"},"thumbnailUrl":"https:\/\/ajatutaja.com\/wp-content\/uploads\/2025\/04\/elodie-mehka-muslin-odejica-embroidery-anglaise-pink-1.jpg","datePublished":"2025-04-30T08:09:53+00:00","dateModified":"2026-02-19T07:21:02+00:00","description":"Mehka in zra\u010dna bamboo odejica Elodie je izdelana iz 2 slojev muslin materiala in je nepogre\u0161ljiva tako doma, kot na sprehodu z otro\u0161kim vozi\u010dkom.","breadcrumb":{"@id":"https:\/\/ajatutaja.com\/izdelek\/bamboo-muslin-odejica-elodie-anglaise-pink\/#breadcrumb"},"inLanguage":"hr","potentialAction":[{"@type":"ReadAction","target":["https:\/\/ajatutaja.com\/izdelek\/bamboo-muslin-odejica-elodie-anglaise-pink\/"]}]},{"@type":"ImageObject","inLanguage":"hr","@id":"https:\/\/ajatutaja.com\/izdelek\/bamboo-muslin-odejica-elodie-anglaise-pink\/#primaryimage","url":"https:\/\/ajatutaja.com\/wp-content\/uploads\/2025\/04\/elodie-mehka-muslin-odejica-embroidery-anglaise-pink-1.jpg","contentUrl":"https:\/\/ajatutaja.com\/wp-content\/uploads\/2025\/04\/elodie-mehka-muslin-odejica-embroidery-anglaise-pink-1.jpg","width":1100,"height":1100},{"@type":"BreadcrumbList","@id":"https:\/\/ajatutaja.com\/izdelek\/bamboo-muslin-odejica-elodie-anglaise-pink\/#breadcrumb","itemListElement":[{"@type":"ListItem","position":1,"name":"Home","item":"https:\/\/ajatutaja.com\/hr\/"},{"@type":"ListItem","position":2,"name":"Trgovina","item":"https:\/\/ajatutaja.com\/hr\/trgovina\/"},{"@type":"ListItem","position":3,"name":"Bamboo muslin odejica Elodie (80x80cm) Embroidery Anglaise Pink"}]},{"@type":"WebSite","@id":"https:\/\/ajatutaja.com\/#website","url":"https:\/\/ajatutaja.com\/","name":"Ajatutaja","description":"Otro\u0161ka spletna trgovina AJATUTAJA","publisher":{"@id":"https:\/\/ajatutaja.com\/#organization"},"potentialAction":[{"@type":"SearchAction","target":{"@type":"EntryPoint","urlTemplate":"https:\/\/ajatutaja.com\/?s={search_term_string}"},"query-input":{"@type":"PropertyValueSpecification","valueRequired":true,"valueName":"search_term_string"}}],"inLanguage":"hr"},{"@type":"Organization","@id":"https:\/\/ajatutaja.com\/#organization","name":"Ajatutaja","url":"https:\/\/ajatutaja.com\/","logo":{"@type":"ImageObject","inLanguage":"hr","@id":"https:\/\/ajatutaja.com\/#\/schema\/logo\/image\/","url":"https:\/\/ajatutaja.com\/wp-content\/uploads\/2021\/10\/logo.png","contentUrl":"https:\/\/ajatutaja.com\/wp-content\/uploads\/2021\/10\/logo.png","width":555,"height":150,"caption":"Ajatutaja"},"image":{"@id":"https:\/\/ajatutaja.com\/#\/schema\/logo\/image\/"}}]}},"brands":[{"id":2624,"name":"Elodie","slug":"elodie-spanje"},{"id":2611,"name":"Spanje","slug":"spanje"}],"_links":{"self":[{"href":"https:\/\/ajatutaja.com\/hr\/wp-json\/wp\/v2\/product\/75933","targetHints":{"allow":["GET"]}}],"collection":[{"href":"https:\/\/ajatutaja.com\/hr\/wp-json\/wp\/v2\/product"}],"about":[{"href":"https:\/\/ajatutaja.com\/hr\/wp-json\/wp\/v2\/types\/product"}],"wp:featuredmedia":[{"embeddable":true,"href":"https:\/\/ajatutaja.com\/hr\/wp-json\/wp\/v2\/media\/75970"}],"wp:attachment":[{"href":"https:\/\/ajatutaja.com\/hr\/wp-json\/wp\/v2\/media?parent=75933"}],"wp:term":[{"taxonomy":"pwb-brand","embeddable":true,"href":"https:\/\/ajatutaja.com\/hr\/wp-json\/wp\/v2\/pwb-brand?post=75933"},{"taxonomy":"product_brand","embeddable":true,"href":"https:\/\/ajatutaja.com\/hr\/wp-json\/wp\/v2\/product_brand?post=75933"},{"taxonomy":"product_cat","embeddable":true,"href":"https:\/\/ajatutaja.com\/hr\/wp-json\/wp\/v2\/product_cat?post=75933"},{"taxonomy":"product_tag","embeddable":true,"href":"https:\/\/ajatutaja.com\/hr\/wp-json\/wp\/v2\/product_tag?post=75933"}],"curies":[{"name":"wp","href":"https:\/\/api.w.org\/{rel}","templated":true}]}}