{"id":75750,"date":"2025-04-25T15:15:09","date_gmt":"2025-04-25T13:15:09","guid":{"rendered":"https:\/\/ajatutaja.com\/?post_type=product&#038;p=75750"},"modified":"2026-03-12T14:36:32","modified_gmt":"2026-03-12T13:36:32","slug":"nocna-lucka-zazu-s-senzorjem","status":"publish","type":"product","link":"https:\/\/ajatutaja.com\/hr\/proizvod\/nocna-lucka-zazu-s-senzorjem\/","title":{"rendered":"No\u010dna lu\u010dka ZAZU s senzorjem svetlobe"},"content":{"rendered":"<p>[vc_row][vc_column][vc_column_text]No\u010dno lu\u010dko ZAZU preprosto vtaknite v vti\u010dnico, in lu\u010dka bo sama poskrbela za ne\u017eno osvetlitev prostora. LED-tehnologija zagotavlja nizko porabo energije in varno delovanje \u2013 lu\u010dka se ne segreva.<\/p>\n<h4>Mehka no\u010dna lu\u010dka ZAZU ima naslednje lastnosti:<\/h4>\n<ul>\n<li><em><em>Nastavljiva svetlost:<\/em><\/em>Izberite jakost svetlobe, ki ustreza va\u0161emu otroku (Nizka \u2013 Srednja \u2013 Svetla \u2013 Izklop)<\/li>\n<li><em>Pametna lu\u010dka: <\/em>si zapomni nastavitev za naslednjo no\u010d!<\/li>\n<li><em>Senzor svetlobe: <\/em>\u010ce se v temi ne pri\u017ege, pritisnite gumb na strani \u2013 morda je senzor svetlobe izklopljen.<em><br \/>\n<\/em><\/li>\n<li><em>Ta izdelek ni igra\u010da!<\/em><\/li>\n<\/ul>\n<h4>Tehni\u010dne lastnosti:<\/h4>\n<ul>\n<li>LED-svetloba: 0,5 W<\/li>\n<li>Napajanje: 230V\/50Hz<\/li>\n<li>Samo za notranjo uporabo (IP20)<\/li>\n<li>Varno za otroke<\/li>\n<li>Lu\u010dka se ne segreva<\/li>\n<\/ul>\n<p>[\/vc_column_text][\/vc_column][\/vc_row]<\/p>\n","protected":false},"excerpt":{"rendered":"<p style=\"text-align: justify\">ZAZU no\u010dna lu\u010dka, ki se samodejno vklopi ob mraku in ugasne ob svitu je popolna re\u0161itev za prijetno in pomirjujo\u010do svetlobo v otro\u0161ki sobi.<\/p>\n","protected":false},"featured_media":75751,"template":"","meta":[],"pwb-brand":[2611,2641],"product_brand":[],"product_cat":[2606,2593],"product_tag":[5009],"class_list":{"0":"post-75750","1":"product","2":"type-product","3":"status-publish","4":"has-post-thumbnail","6":"pwb-brand-spanje","7":"pwb-brand-zazu","8":"product_cat-nocne-lucke","9":"product_cat-spanje","10":"product_tag-zazu","12":"first","13":"instock","14":"taxable","15":"shipping-taxable","16":"purchasable","17":"product-type-simple","18":"add-to-wishlist-before_image"},"yoast_head":"<!-- This site is optimized with the Yoast SEO plugin v27.3 - https:\/\/yoast.com\/product\/yoast-seo-wordpress\/ -->\n<title>No\u010dna lu\u010dka ZAZU s senzorjem svetlobe | Ajatutaja<\/title>\n<meta name=\"description\" content=\"ZAZU no\u010dna lu\u010dka, ki se samodejno vklopi ob mraku in ugasne ob svitu je popolna re\u0161itev za prijetno in pomirjujo\u010do svetlobo v otro\u0161ki sobi.\" \/>\n<meta name=\"robots\" content=\"index, follow, max-snippet:-1, max-image-preview:large, max-video-preview:-1\" \/>\n<link rel=\"canonical\" href=\"https:\/\/ajatutaja.com\/hr\/proizvod\/nocna-lucka-zazu-s-senzorjem\/\" \/>\n<meta property=\"og:locale\" content=\"hr_HR\" \/>\n<meta property=\"og:type\" content=\"article\" \/>\n<meta property=\"og:title\" content=\"No\u010dna lu\u010dka ZAZU s senzorjem svetlobe | Ajatutaja\" \/>\n<meta property=\"og:description\" content=\"ZAZU no\u010dna lu\u010dka, ki se samodejno vklopi ob mraku in ugasne ob svitu je popolna re\u0161itev za prijetno in pomirjujo\u010do svetlobo v otro\u0161ki sobi.\" \/>\n<meta property=\"og:url\" content=\"https:\/\/ajatutaja.com\/hr\/proizvod\/nocna-lucka-zazu-s-senzorjem\/\" \/>\n<meta property=\"og:site_name\" content=\"Ajatutaja\" \/>\n<meta property=\"article:modified_time\" content=\"2026-03-12T13:36:32+00:00\" \/>\n<meta property=\"og:image\" content=\"https:\/\/ajatutaja.com\/wp-content\/uploads\/2025\/04\/ZAZU-Avtomatska-LED-nocna-lucka-s-senzorjem-1.jpg\" \/>\n\t<meta property=\"og:image:width\" content=\"1000\" \/>\n\t<meta property=\"og:image:height\" content=\"1000\" \/>\n\t<meta property=\"og:image:type\" content=\"image\/jpeg\" \/>\n<meta name=\"twitter:card\" content=\"summary_large_image\" \/>\n<meta name=\"twitter:label1\" content=\"Procijenjeno vrijeme \u010ditanja\" \/>\n\t<meta name=\"twitter:data1\" content=\"2 minute\" \/>\n<script type=\"application\/ld+json\" class=\"yoast-schema-graph\">{\"@context\":\"https:\\\/\\\/schema.org\",\"@graph\":[{\"@type\":\"WebPage\",\"@id\":\"https:\\\/\\\/ajatutaja.com\\\/hr\\\/proizvod\\\/nocna-lucka-zazu-s-senzorjem\\\/\",\"url\":\"https:\\\/\\\/ajatutaja.com\\\/hr\\\/proizvod\\\/nocna-lucka-zazu-s-senzorjem\\\/\",\"name\":\"No\u010dna lu\u010dka ZAZU s senzorjem svetlobe | Ajatutaja\",\"isPartOf\":{\"@id\":\"https:\\\/\\\/ajatutaja.com\\\/#website\"},\"primaryImageOfPage\":{\"@id\":\"https:\\\/\\\/ajatutaja.com\\\/hr\\\/proizvod\\\/nocna-lucka-zazu-s-senzorjem\\\/#primaryimage\"},\"image\":{\"@id\":\"https:\\\/\\\/ajatutaja.com\\\/hr\\\/proizvod\\\/nocna-lucka-zazu-s-senzorjem\\\/#primaryimage\"},\"thumbnailUrl\":\"https:\\\/\\\/ajatutaja.com\\\/wp-content\\\/uploads\\\/2025\\\/04\\\/ZAZU-Avtomatska-LED-nocna-lucka-s-senzorjem-1.jpg\",\"datePublished\":\"2025-04-25T13:15:09+00:00\",\"dateModified\":\"2026-03-12T13:36:32+00:00\",\"description\":\"ZAZU no\u010dna lu\u010dka, ki se samodejno vklopi ob mraku in ugasne ob svitu je popolna re\u0161itev za prijetno in pomirjujo\u010do svetlobo v otro\u0161ki sobi.\",\"breadcrumb\":{\"@id\":\"https:\\\/\\\/ajatutaja.com\\\/hr\\\/proizvod\\\/nocna-lucka-zazu-s-senzorjem\\\/#breadcrumb\"},\"inLanguage\":\"hr\",\"potentialAction\":[{\"@type\":\"ReadAction\",\"target\":[\"https:\\\/\\\/ajatutaja.com\\\/hr\\\/proizvod\\\/nocna-lucka-zazu-s-senzorjem\\\/\"]}]},{\"@type\":\"ImageObject\",\"inLanguage\":\"hr\",\"@id\":\"https:\\\/\\\/ajatutaja.com\\\/hr\\\/proizvod\\\/nocna-lucka-zazu-s-senzorjem\\\/#primaryimage\",\"url\":\"https:\\\/\\\/ajatutaja.com\\\/wp-content\\\/uploads\\\/2025\\\/04\\\/ZAZU-Avtomatska-LED-nocna-lucka-s-senzorjem-1.jpg\",\"contentUrl\":\"https:\\\/\\\/ajatutaja.com\\\/wp-content\\\/uploads\\\/2025\\\/04\\\/ZAZU-Avtomatska-LED-nocna-lucka-s-senzorjem-1.jpg\",\"width\":1000,\"height\":1000},{\"@type\":\"BreadcrumbList\",\"@id\":\"https:\\\/\\\/ajatutaja.com\\\/hr\\\/proizvod\\\/nocna-lucka-zazu-s-senzorjem\\\/#breadcrumb\",\"itemListElement\":[{\"@type\":\"ListItem\",\"position\":1,\"name\":\"Home\",\"item\":\"https:\\\/\\\/ajatutaja.com\\\/hr\\\/\"},{\"@type\":\"ListItem\",\"position\":2,\"name\":\"Trgovina\",\"item\":\"https:\\\/\\\/ajatutaja.com\\\/hr\\\/trgovina\\\/\"},{\"@type\":\"ListItem\",\"position\":3,\"name\":\"No\u010dna lu\u010dka ZAZU s senzorjem svetlobe\"}]},{\"@type\":\"WebSite\",\"@id\":\"https:\\\/\\\/ajatutaja.com\\\/#website\",\"url\":\"https:\\\/\\\/ajatutaja.com\\\/\",\"name\":\"Ajatutaja\",\"description\":\"Otro\u0161ka spletna trgovina AJATUTAJA\",\"publisher\":{\"@id\":\"https:\\\/\\\/ajatutaja.com\\\/#organization\"},\"potentialAction\":[{\"@type\":\"SearchAction\",\"target\":{\"@type\":\"EntryPoint\",\"urlTemplate\":\"https:\\\/\\\/ajatutaja.com\\\/?s={search_term_string}\"},\"query-input\":{\"@type\":\"PropertyValueSpecification\",\"valueRequired\":true,\"valueName\":\"search_term_string\"}}],\"inLanguage\":\"hr\"},{\"@type\":\"Organization\",\"@id\":\"https:\\\/\\\/ajatutaja.com\\\/#organization\",\"name\":\"Ajatutaja\",\"url\":\"https:\\\/\\\/ajatutaja.com\\\/\",\"logo\":{\"@type\":\"ImageObject\",\"inLanguage\":\"hr\",\"@id\":\"https:\\\/\\\/ajatutaja.com\\\/#\\\/schema\\\/logo\\\/image\\\/\",\"url\":\"https:\\\/\\\/ajatutaja.com\\\/wp-content\\\/uploads\\\/2021\\\/10\\\/logo.png\",\"contentUrl\":\"https:\\\/\\\/ajatutaja.com\\\/wp-content\\\/uploads\\\/2021\\\/10\\\/logo.png\",\"width\":555,\"height\":150,\"caption\":\"Ajatutaja\"},\"image\":{\"@id\":\"https:\\\/\\\/ajatutaja.com\\\/#\\\/schema\\\/logo\\\/image\\\/\"}}]}<\/script>\n<!-- \/ Yoast SEO plugin. -->","yoast_head_json":{"title":"No\u010dna lu\u010dka ZAZU s senzorjem svetlobe | Ajatutaja","description":"ZAZU no\u010dna lu\u010dka, ki se samodejno vklopi ob mraku in ugasne ob svitu je popolna re\u0161itev za prijetno in pomirjujo\u010do svetlobo v otro\u0161ki sobi.","robots":{"index":"index","follow":"follow","max-snippet":"max-snippet:-1","max-image-preview":"max-image-preview:large","max-video-preview":"max-video-preview:-1"},"canonical":"https:\/\/ajatutaja.com\/hr\/proizvod\/nocna-lucka-zazu-s-senzorjem\/","og_locale":"hr_HR","og_type":"article","og_title":"No\u010dna lu\u010dka ZAZU s senzorjem svetlobe | Ajatutaja","og_description":"ZAZU no\u010dna lu\u010dka, ki se samodejno vklopi ob mraku in ugasne ob svitu je popolna re\u0161itev za prijetno in pomirjujo\u010do svetlobo v otro\u0161ki sobi.","og_url":"https:\/\/ajatutaja.com\/hr\/proizvod\/nocna-lucka-zazu-s-senzorjem\/","og_site_name":"Ajatutaja","article_modified_time":"2026-03-12T13:36:32+00:00","og_image":[{"width":1000,"height":1000,"url":"https:\/\/ajatutaja.com\/wp-content\/uploads\/2025\/04\/ZAZU-Avtomatska-LED-nocna-lucka-s-senzorjem-1.jpg","type":"image\/jpeg"}],"twitter_card":"summary_large_image","twitter_misc":{"Procijenjeno vrijeme \u010ditanja":"2 minute"},"schema":{"@context":"https:\/\/schema.org","@graph":[{"@type":"WebPage","@id":"https:\/\/ajatutaja.com\/hr\/proizvod\/nocna-lucka-zazu-s-senzorjem\/","url":"https:\/\/ajatutaja.com\/hr\/proizvod\/nocna-lucka-zazu-s-senzorjem\/","name":"No\u010dna lu\u010dka ZAZU s senzorjem svetlobe | Ajatutaja","isPartOf":{"@id":"https:\/\/ajatutaja.com\/#website"},"primaryImageOfPage":{"@id":"https:\/\/ajatutaja.com\/hr\/proizvod\/nocna-lucka-zazu-s-senzorjem\/#primaryimage"},"image":{"@id":"https:\/\/ajatutaja.com\/hr\/proizvod\/nocna-lucka-zazu-s-senzorjem\/#primaryimage"},"thumbnailUrl":"https:\/\/ajatutaja.com\/wp-content\/uploads\/2025\/04\/ZAZU-Avtomatska-LED-nocna-lucka-s-senzorjem-1.jpg","datePublished":"2025-04-25T13:15:09+00:00","dateModified":"2026-03-12T13:36:32+00:00","description":"ZAZU no\u010dna lu\u010dka, ki se samodejno vklopi ob mraku in ugasne ob svitu je popolna re\u0161itev za prijetno in pomirjujo\u010do svetlobo v otro\u0161ki sobi.","breadcrumb":{"@id":"https:\/\/ajatutaja.com\/hr\/proizvod\/nocna-lucka-zazu-s-senzorjem\/#breadcrumb"},"inLanguage":"hr","potentialAction":[{"@type":"ReadAction","target":["https:\/\/ajatutaja.com\/hr\/proizvod\/nocna-lucka-zazu-s-senzorjem\/"]}]},{"@type":"ImageObject","inLanguage":"hr","@id":"https:\/\/ajatutaja.com\/hr\/proizvod\/nocna-lucka-zazu-s-senzorjem\/#primaryimage","url":"https:\/\/ajatutaja.com\/wp-content\/uploads\/2025\/04\/ZAZU-Avtomatska-LED-nocna-lucka-s-senzorjem-1.jpg","contentUrl":"https:\/\/ajatutaja.com\/wp-content\/uploads\/2025\/04\/ZAZU-Avtomatska-LED-nocna-lucka-s-senzorjem-1.jpg","width":1000,"height":1000},{"@type":"BreadcrumbList","@id":"https:\/\/ajatutaja.com\/hr\/proizvod\/nocna-lucka-zazu-s-senzorjem\/#breadcrumb","itemListElement":[{"@type":"ListItem","position":1,"name":"Home","item":"https:\/\/ajatutaja.com\/hr\/"},{"@type":"ListItem","position":2,"name":"Trgovina","item":"https:\/\/ajatutaja.com\/hr\/trgovina\/"},{"@type":"ListItem","position":3,"name":"No\u010dna lu\u010dka ZAZU s senzorjem svetlobe"}]},{"@type":"WebSite","@id":"https:\/\/ajatutaja.com\/#website","url":"https:\/\/ajatutaja.com\/","name":"Ajatutaja","description":"Otro\u0161ka spletna trgovina AJATUTAJA","publisher":{"@id":"https:\/\/ajatutaja.com\/#organization"},"potentialAction":[{"@type":"SearchAction","target":{"@type":"EntryPoint","urlTemplate":"https:\/\/ajatutaja.com\/?s={search_term_string}"},"query-input":{"@type":"PropertyValueSpecification","valueRequired":true,"valueName":"search_term_string"}}],"inLanguage":"hr"},{"@type":"Organization","@id":"https:\/\/ajatutaja.com\/#organization","name":"Ajatutaja","url":"https:\/\/ajatutaja.com\/","logo":{"@type":"ImageObject","inLanguage":"hr","@id":"https:\/\/ajatutaja.com\/#\/schema\/logo\/image\/","url":"https:\/\/ajatutaja.com\/wp-content\/uploads\/2021\/10\/logo.png","contentUrl":"https:\/\/ajatutaja.com\/wp-content\/uploads\/2021\/10\/logo.png","width":555,"height":150,"caption":"Ajatutaja"},"image":{"@id":"https:\/\/ajatutaja.com\/#\/schema\/logo\/image\/"}}]}},"brands":[{"id":2611,"name":"Spanje","slug":"spanje"},{"id":2641,"name":"Zazu","slug":"zazu"}],"_links":{"self":[{"href":"https:\/\/ajatutaja.com\/hr\/wp-json\/wp\/v2\/product\/75750","targetHints":{"allow":["GET"]}}],"collection":[{"href":"https:\/\/ajatutaja.com\/hr\/wp-json\/wp\/v2\/product"}],"about":[{"href":"https:\/\/ajatutaja.com\/hr\/wp-json\/wp\/v2\/types\/product"}],"wp:featuredmedia":[{"embeddable":true,"href":"https:\/\/ajatutaja.com\/hr\/wp-json\/wp\/v2\/media\/75751"}],"wp:attachment":[{"href":"https:\/\/ajatutaja.com\/hr\/wp-json\/wp\/v2\/media?parent=75750"}],"wp:term":[{"taxonomy":"pwb-brand","embeddable":true,"href":"https:\/\/ajatutaja.com\/hr\/wp-json\/wp\/v2\/pwb-brand?post=75750"},{"taxonomy":"product_brand","embeddable":true,"href":"https:\/\/ajatutaja.com\/hr\/wp-json\/wp\/v2\/product_brand?post=75750"},{"taxonomy":"product_cat","embeddable":true,"href":"https:\/\/ajatutaja.com\/hr\/wp-json\/wp\/v2\/product_cat?post=75750"},{"taxonomy":"product_tag","embeddable":true,"href":"https:\/\/ajatutaja.com\/hr\/wp-json\/wp\/v2\/product_tag?post=75750"}],"curies":[{"name":"wp","href":"https:\/\/api.w.org\/{rel}","templated":true}]}}