{"id":75741,"date":"2025-04-25T15:37:04","date_gmt":"2025-04-25T13:37:04","guid":{"rendered":"https:\/\/ajatutaja.com\/?post_type=product&#038;p=75741"},"modified":"2026-03-04T12:55:34","modified_gmt":"2026-03-04T11:55:34","slug":"mehka-nocna-lucka-zazu-medvedek-benny","status":"publish","type":"product","link":"https:\/\/ajatutaja.com\/hr\/proizvod\/mehka-nocna-lucka-zazu-medvedek-benny\/","title":{"rendered":"Mehka no\u010dna lu\u010dka ZAZU s senzorjem &#8211; Medvedek Benny"},"content":{"rendered":"<p>[vc_row][vc_column][vc_column_text]<\/p>\n<h4>Mehka no\u010dna lu\u010dka ZAZU Benny ima naslednje lastnosti:<\/h4>\n<ul>\n<li><em>Mehka no\u010dna LED lu\u010dka<\/em> Benny v obliki ljubkega medvedka.<\/li>\n<li><em>2 barvni svetlobi:<\/em> Toplo belo in mehkej\u0161o oran\u017eno svetlobo, ki ustvarita prijeten ambient v vsaki sobi.<\/li>\n<li><em>Senzor svetlobe: <\/em>Svetilka se samodejno pri\u017ege ob zatemnitvi in ugasne, ko pride svetloba, kar zagotavlja udobje, ob\u010dutek varnosti, \u010de se va\u0161 mal\u010dek boji teme in var\u010devanje z energijo.<\/li>\n<li><em>Polnilna baterija: <\/em>U\u017eivajte v ve\u010d kot 70 urah neprekinjenega delovanja.<\/li>\n<li><em>Preprosto polnjenje:<\/em>Odstranite pokrov (medvedka) in priklju\u010dite direktno v vti\u010dnico, brez zapletov z dodatnimi kabli.<\/li>\n<li><em>Dimenzije:<\/em> Izdelka: 5 x 9 cm \/ Embala\u017ee: 12 x 17 x 7 cm<\/li>\n<li>Ta izdelek ni igra\u010da!<\/li>\n<\/ul>\n<p>[\/vc_column_text][\/vc_column][\/vc_row]<\/p>\n","protected":false},"excerpt":{"rendered":"<p style=\"text-align: justify\">ZAZU Benny je kompaktna, prenosna in polnilna no\u010dna lu\u010dka, ki vam in ve\u0161emu mal\u010dku olaj\u0161a \u017eivljenje. Ko se stemni se Benny samodejno pri\u017ege, ko pa pride jutranja svetloba, se sam izklopi in to brez pritiskanja gumbov.<\/p>\n","protected":false},"featured_media":75745,"template":"","meta":[],"pwb-brand":[2611,2641],"product_brand":[],"product_cat":[5072,2716,2711,2607,2606,2593],"product_tag":[5009],"class_list":{"0":"post-75741","1":"product","2":"type-product","3":"status-publish","4":"has-post-thumbnail","6":"pwb-brand-spanje","7":"pwb-brand-zazu","8":"product_cat-bozicna-darila","9":"product_cat-darilo-do-30e","10":"product_cat-darilo-ob-rojstvu","11":"product_cat-dodatki-in-dekoracije","12":"product_cat-nocne-lucke","13":"product_cat-spanje","14":"product_tag-zazu","16":"first","17":"instock","18":"taxable","19":"shipping-taxable","20":"purchasable","21":"product-type-simple","22":"add-to-wishlist-before_image"},"yoast_head":"<!-- This site is optimized with the Yoast SEO plugin v27.3 - https:\/\/yoast.com\/product\/yoast-seo-wordpress\/ -->\n<title>Mehka no\u010dna lu\u010dka ZAZU s senzorjem - Medvedek Benny | Ajatutaja<\/title>\n<meta name=\"description\" content=\"ZAZU Benny je kompaktna, prenosna in polnilna no\u010dna lu\u010dka, ki vam in ve\u0161emu mal\u010dku olaj\u0161a \u017eivljenje. Ko se stemni se Benny samodejno pri\u017ege in izklopi ob svetlobi.\" \/>\n<meta name=\"robots\" content=\"index, follow, max-snippet:-1, max-image-preview:large, max-video-preview:-1\" \/>\n<link rel=\"canonical\" href=\"https:\/\/ajatutaja.com\/izdelek\/mehka-nocna-lucka-zazu-medvedek-benny\/\" \/>\n<meta property=\"og:locale\" content=\"hr_HR\" \/>\n<meta property=\"og:type\" content=\"article\" \/>\n<meta property=\"og:title\" content=\"Mehka no\u010dna lu\u010dka ZAZU s senzorjem - Medvedek Benny | Ajatutaja\" \/>\n<meta property=\"og:description\" content=\"ZAZU Benny je kompaktna, prenosna in polnilna no\u010dna lu\u010dka, ki vam in ve\u0161emu mal\u010dku olaj\u0161a \u017eivljenje. Ko se stemni se Benny samodejno pri\u017ege in izklopi ob svetlobi.\" \/>\n<meta property=\"og:url\" content=\"https:\/\/ajatutaja.com\/izdelek\/mehka-nocna-lucka-zazu-medvedek-benny\/\" \/>\n<meta property=\"og:site_name\" content=\"Ajatutaja\" \/>\n<meta property=\"article:modified_time\" content=\"2026-03-04T11:55:34+00:00\" \/>\n<meta property=\"og:image\" content=\"https:\/\/ajatutaja.com\/wp-content\/uploads\/2025\/04\/Mehka-lucka-zazu-benny-3.jpg\" \/>\n\t<meta property=\"og:image:width\" content=\"1000\" \/>\n\t<meta property=\"og:image:height\" content=\"1000\" \/>\n\t<meta property=\"og:image:type\" content=\"image\/jpeg\" \/>\n<meta name=\"twitter:card\" content=\"summary_large_image\" \/>\n<meta name=\"twitter:label1\" content=\"Procijenjeno vrijeme \u010ditanja\" \/>\n\t<meta name=\"twitter:data1\" content=\"2 minute\" \/>\n<script type=\"application\/ld+json\" class=\"yoast-schema-graph\">{\"@context\":\"https:\\\/\\\/schema.org\",\"@graph\":[{\"@type\":\"WebPage\",\"@id\":\"https:\\\/\\\/ajatutaja.com\\\/izdelek\\\/mehka-nocna-lucka-zazu-medvedek-benny\\\/\",\"url\":\"https:\\\/\\\/ajatutaja.com\\\/izdelek\\\/mehka-nocna-lucka-zazu-medvedek-benny\\\/\",\"name\":\"Mehka no\u010dna lu\u010dka ZAZU s senzorjem - Medvedek Benny | Ajatutaja\",\"isPartOf\":{\"@id\":\"https:\\\/\\\/ajatutaja.com\\\/#website\"},\"primaryImageOfPage\":{\"@id\":\"https:\\\/\\\/ajatutaja.com\\\/izdelek\\\/mehka-nocna-lucka-zazu-medvedek-benny\\\/#primaryimage\"},\"image\":{\"@id\":\"https:\\\/\\\/ajatutaja.com\\\/izdelek\\\/mehka-nocna-lucka-zazu-medvedek-benny\\\/#primaryimage\"},\"thumbnailUrl\":\"https:\\\/\\\/ajatutaja.com\\\/wp-content\\\/uploads\\\/2025\\\/04\\\/Mehka-lucka-zazu-benny-3.jpg\",\"datePublished\":\"2025-04-25T13:37:04+00:00\",\"dateModified\":\"2026-03-04T11:55:34+00:00\",\"description\":\"ZAZU Benny je kompaktna, prenosna in polnilna no\u010dna lu\u010dka, ki vam in ve\u0161emu mal\u010dku olaj\u0161a \u017eivljenje. Ko se stemni se Benny samodejno pri\u017ege in izklopi ob svetlobi.\",\"breadcrumb\":{\"@id\":\"https:\\\/\\\/ajatutaja.com\\\/izdelek\\\/mehka-nocna-lucka-zazu-medvedek-benny\\\/#breadcrumb\"},\"inLanguage\":\"hr\",\"potentialAction\":[{\"@type\":\"ReadAction\",\"target\":[\"https:\\\/\\\/ajatutaja.com\\\/izdelek\\\/mehka-nocna-lucka-zazu-medvedek-benny\\\/\"]}]},{\"@type\":\"ImageObject\",\"inLanguage\":\"hr\",\"@id\":\"https:\\\/\\\/ajatutaja.com\\\/izdelek\\\/mehka-nocna-lucka-zazu-medvedek-benny\\\/#primaryimage\",\"url\":\"https:\\\/\\\/ajatutaja.com\\\/wp-content\\\/uploads\\\/2025\\\/04\\\/Mehka-lucka-zazu-benny-3.jpg\",\"contentUrl\":\"https:\\\/\\\/ajatutaja.com\\\/wp-content\\\/uploads\\\/2025\\\/04\\\/Mehka-lucka-zazu-benny-3.jpg\",\"width\":1000,\"height\":1000},{\"@type\":\"BreadcrumbList\",\"@id\":\"https:\\\/\\\/ajatutaja.com\\\/izdelek\\\/mehka-nocna-lucka-zazu-medvedek-benny\\\/#breadcrumb\",\"itemListElement\":[{\"@type\":\"ListItem\",\"position\":1,\"name\":\"Home\",\"item\":\"https:\\\/\\\/ajatutaja.com\\\/hr\\\/\"},{\"@type\":\"ListItem\",\"position\":2,\"name\":\"Trgovina\",\"item\":\"https:\\\/\\\/ajatutaja.com\\\/hr\\\/trgovina\\\/\"},{\"@type\":\"ListItem\",\"position\":3,\"name\":\"Mehka no\u010dna lu\u010dka ZAZU s senzorjem &#8211; Medvedek Benny\"}]},{\"@type\":\"WebSite\",\"@id\":\"https:\\\/\\\/ajatutaja.com\\\/#website\",\"url\":\"https:\\\/\\\/ajatutaja.com\\\/\",\"name\":\"Ajatutaja\",\"description\":\"Otro\u0161ka spletna trgovina AJATUTAJA\",\"publisher\":{\"@id\":\"https:\\\/\\\/ajatutaja.com\\\/#organization\"},\"potentialAction\":[{\"@type\":\"SearchAction\",\"target\":{\"@type\":\"EntryPoint\",\"urlTemplate\":\"https:\\\/\\\/ajatutaja.com\\\/?s={search_term_string}\"},\"query-input\":{\"@type\":\"PropertyValueSpecification\",\"valueRequired\":true,\"valueName\":\"search_term_string\"}}],\"inLanguage\":\"hr\"},{\"@type\":\"Organization\",\"@id\":\"https:\\\/\\\/ajatutaja.com\\\/#organization\",\"name\":\"Ajatutaja\",\"url\":\"https:\\\/\\\/ajatutaja.com\\\/\",\"logo\":{\"@type\":\"ImageObject\",\"inLanguage\":\"hr\",\"@id\":\"https:\\\/\\\/ajatutaja.com\\\/#\\\/schema\\\/logo\\\/image\\\/\",\"url\":\"https:\\\/\\\/ajatutaja.com\\\/wp-content\\\/uploads\\\/2021\\\/10\\\/logo.png\",\"contentUrl\":\"https:\\\/\\\/ajatutaja.com\\\/wp-content\\\/uploads\\\/2021\\\/10\\\/logo.png\",\"width\":555,\"height\":150,\"caption\":\"Ajatutaja\"},\"image\":{\"@id\":\"https:\\\/\\\/ajatutaja.com\\\/#\\\/schema\\\/logo\\\/image\\\/\"}}]}<\/script>\n<!-- \/ Yoast SEO plugin. -->","yoast_head_json":{"title":"Mehka no\u010dna lu\u010dka ZAZU s senzorjem - Medvedek Benny | Ajatutaja","description":"ZAZU Benny je kompaktna, prenosna in polnilna no\u010dna lu\u010dka, ki vam in ve\u0161emu mal\u010dku olaj\u0161a \u017eivljenje. Ko se stemni se Benny samodejno pri\u017ege in izklopi ob svetlobi.","robots":{"index":"index","follow":"follow","max-snippet":"max-snippet:-1","max-image-preview":"max-image-preview:large","max-video-preview":"max-video-preview:-1"},"canonical":"https:\/\/ajatutaja.com\/izdelek\/mehka-nocna-lucka-zazu-medvedek-benny\/","og_locale":"hr_HR","og_type":"article","og_title":"Mehka no\u010dna lu\u010dka ZAZU s senzorjem - Medvedek Benny | Ajatutaja","og_description":"ZAZU Benny je kompaktna, prenosna in polnilna no\u010dna lu\u010dka, ki vam in ve\u0161emu mal\u010dku olaj\u0161a \u017eivljenje. Ko se stemni se Benny samodejno pri\u017ege in izklopi ob svetlobi.","og_url":"https:\/\/ajatutaja.com\/izdelek\/mehka-nocna-lucka-zazu-medvedek-benny\/","og_site_name":"Ajatutaja","article_modified_time":"2026-03-04T11:55:34+00:00","og_image":[{"width":1000,"height":1000,"url":"https:\/\/ajatutaja.com\/wp-content\/uploads\/2025\/04\/Mehka-lucka-zazu-benny-3.jpg","type":"image\/jpeg"}],"twitter_card":"summary_large_image","twitter_misc":{"Procijenjeno vrijeme \u010ditanja":"2 minute"},"schema":{"@context":"https:\/\/schema.org","@graph":[{"@type":"WebPage","@id":"https:\/\/ajatutaja.com\/izdelek\/mehka-nocna-lucka-zazu-medvedek-benny\/","url":"https:\/\/ajatutaja.com\/izdelek\/mehka-nocna-lucka-zazu-medvedek-benny\/","name":"Mehka no\u010dna lu\u010dka ZAZU s senzorjem - Medvedek Benny | Ajatutaja","isPartOf":{"@id":"https:\/\/ajatutaja.com\/#website"},"primaryImageOfPage":{"@id":"https:\/\/ajatutaja.com\/izdelek\/mehka-nocna-lucka-zazu-medvedek-benny\/#primaryimage"},"image":{"@id":"https:\/\/ajatutaja.com\/izdelek\/mehka-nocna-lucka-zazu-medvedek-benny\/#primaryimage"},"thumbnailUrl":"https:\/\/ajatutaja.com\/wp-content\/uploads\/2025\/04\/Mehka-lucka-zazu-benny-3.jpg","datePublished":"2025-04-25T13:37:04+00:00","dateModified":"2026-03-04T11:55:34+00:00","description":"ZAZU Benny je kompaktna, prenosna in polnilna no\u010dna lu\u010dka, ki vam in ve\u0161emu mal\u010dku olaj\u0161a \u017eivljenje. Ko se stemni se Benny samodejno pri\u017ege in izklopi ob svetlobi.","breadcrumb":{"@id":"https:\/\/ajatutaja.com\/izdelek\/mehka-nocna-lucka-zazu-medvedek-benny\/#breadcrumb"},"inLanguage":"hr","potentialAction":[{"@type":"ReadAction","target":["https:\/\/ajatutaja.com\/izdelek\/mehka-nocna-lucka-zazu-medvedek-benny\/"]}]},{"@type":"ImageObject","inLanguage":"hr","@id":"https:\/\/ajatutaja.com\/izdelek\/mehka-nocna-lucka-zazu-medvedek-benny\/#primaryimage","url":"https:\/\/ajatutaja.com\/wp-content\/uploads\/2025\/04\/Mehka-lucka-zazu-benny-3.jpg","contentUrl":"https:\/\/ajatutaja.com\/wp-content\/uploads\/2025\/04\/Mehka-lucka-zazu-benny-3.jpg","width":1000,"height":1000},{"@type":"BreadcrumbList","@id":"https:\/\/ajatutaja.com\/izdelek\/mehka-nocna-lucka-zazu-medvedek-benny\/#breadcrumb","itemListElement":[{"@type":"ListItem","position":1,"name":"Home","item":"https:\/\/ajatutaja.com\/hr\/"},{"@type":"ListItem","position":2,"name":"Trgovina","item":"https:\/\/ajatutaja.com\/hr\/trgovina\/"},{"@type":"ListItem","position":3,"name":"Mehka no\u010dna lu\u010dka ZAZU s senzorjem &#8211; Medvedek Benny"}]},{"@type":"WebSite","@id":"https:\/\/ajatutaja.com\/#website","url":"https:\/\/ajatutaja.com\/","name":"Ajatutaja","description":"Otro\u0161ka spletna trgovina AJATUTAJA","publisher":{"@id":"https:\/\/ajatutaja.com\/#organization"},"potentialAction":[{"@type":"SearchAction","target":{"@type":"EntryPoint","urlTemplate":"https:\/\/ajatutaja.com\/?s={search_term_string}"},"query-input":{"@type":"PropertyValueSpecification","valueRequired":true,"valueName":"search_term_string"}}],"inLanguage":"hr"},{"@type":"Organization","@id":"https:\/\/ajatutaja.com\/#organization","name":"Ajatutaja","url":"https:\/\/ajatutaja.com\/","logo":{"@type":"ImageObject","inLanguage":"hr","@id":"https:\/\/ajatutaja.com\/#\/schema\/logo\/image\/","url":"https:\/\/ajatutaja.com\/wp-content\/uploads\/2021\/10\/logo.png","contentUrl":"https:\/\/ajatutaja.com\/wp-content\/uploads\/2021\/10\/logo.png","width":555,"height":150,"caption":"Ajatutaja"},"image":{"@id":"https:\/\/ajatutaja.com\/#\/schema\/logo\/image\/"}}]}},"brands":[{"id":2611,"name":"Spanje","slug":"spanje"},{"id":2641,"name":"Zazu","slug":"zazu"}],"_links":{"self":[{"href":"https:\/\/ajatutaja.com\/hr\/wp-json\/wp\/v2\/product\/75741","targetHints":{"allow":["GET"]}}],"collection":[{"href":"https:\/\/ajatutaja.com\/hr\/wp-json\/wp\/v2\/product"}],"about":[{"href":"https:\/\/ajatutaja.com\/hr\/wp-json\/wp\/v2\/types\/product"}],"wp:featuredmedia":[{"embeddable":true,"href":"https:\/\/ajatutaja.com\/hr\/wp-json\/wp\/v2\/media\/75745"}],"wp:attachment":[{"href":"https:\/\/ajatutaja.com\/hr\/wp-json\/wp\/v2\/media?parent=75741"}],"wp:term":[{"taxonomy":"pwb-brand","embeddable":true,"href":"https:\/\/ajatutaja.com\/hr\/wp-json\/wp\/v2\/pwb-brand?post=75741"},{"taxonomy":"product_brand","embeddable":true,"href":"https:\/\/ajatutaja.com\/hr\/wp-json\/wp\/v2\/product_brand?post=75741"},{"taxonomy":"product_cat","embeddable":true,"href":"https:\/\/ajatutaja.com\/hr\/wp-json\/wp\/v2\/product_cat?post=75741"},{"taxonomy":"product_tag","embeddable":true,"href":"https:\/\/ajatutaja.com\/hr\/wp-json\/wp\/v2\/product_tag?post=75741"}],"curies":[{"name":"wp","href":"https:\/\/api.w.org\/{rel}","templated":true}]}}