{"id":75499,"date":"2025-04-25T15:38:11","date_gmt":"2025-04-25T13:38:11","guid":{"rendered":"https:\/\/ajatutaja.com\/?post_type=product&#038;p=75499"},"modified":"2026-03-12T14:36:32","modified_gmt":"2026-03-12T13:36:32","slug":"mehka-silikonska-lucka-zazu-medvedek-bor","status":"publish","type":"product","link":"https:\/\/ajatutaja.com\/hr\/proizvod\/mehka-silikonska-lucka-zazu-medvedek-bor\/","title":{"rendered":"Mehka silikonska lu\u010dka ZAZU &#8211; Medvedek Bor"},"content":{"rendered":"<p>[vc_row][vc_column][vc_column_text]<\/p>\n<h4>Mehka silikonska lu\u010dka ZAZU &#8220;Bor the bear&#8221; ima naslednje lastnosti:<\/h4>\n<ul>\n<li><em>Mehka no\u010dna LED lu\u010dka svetilka<\/em> v obliki ljubkega medvedka<\/li>\n<li><em>Ve\u010dbarvna no\u010dna svetilka: <\/em>Izbirajte med rde\u010do, oran\u017eno, rumeno, zeleno, modro, roza ali belo.<em><br \/>\n<\/em><\/li>\n<li><em>Dovolj je dotik: <\/em>Preprosto tapnite medveda za spremembo barve svetlobe.<\/li>\n<li><em>Nastavitev svetlosti:<\/em> Izberite \u017eeleno svetlost: nizka, srednja, visoka.<\/li>\n<li><em>Funkcija \u010dasovnika:<\/em> No\u010dna lu\u010dka u\u010dka lahko sveti neprekinjeno ali se ugasne po 30 minutah.<\/li>\n<li><em>Polnilna baterija:<\/em> Dolga \u017eivljenjska doba baterije \u2013 svetilka lahko deluje ve\u010d kot 50 ur.<\/li>\n<li><em>Preprosto polnjenje:<\/em> S pomo\u010djo USB-C kablom, ki je prilo\u017een.<\/li>\n<li><em>Dimenzije:<\/em> Izdelka: 10 x 11 cm \/ Embala\u017ee: 14 x 15 x 12 cm<\/li>\n<li>Ta izdelek ni igra\u010da!<\/li>\n<\/ul>\n<p>[\/vc_column_text][\/vc_column][\/vc_row]<\/p>\n","protected":false},"excerpt":{"rendered":"<p style=\"text-align: justify\">Prisr\u010dna mehka silikonska LED lu\u010dka medvedek Bor se aktivira na dotik in ima funkcijo samodejnega izklopa, 7 barv in dolgotrajno polnilno baterijo (ve\u010d kot 50 ur delovanja) je idealen za ustvarjanje prijetnega ambienta.<\/p>\n","protected":false},"featured_media":75500,"template":"","meta":[],"pwb-brand":[2611,2641],"product_brand":[],"product_cat":[5072,2716,2711,2607,2606,2593],"product_tag":[5009],"class_list":{"0":"post-75499","1":"product","2":"type-product","3":"status-publish","4":"has-post-thumbnail","6":"pwb-brand-spanje","7":"pwb-brand-zazu","8":"product_cat-bozicna-darila","9":"product_cat-darilo-do-30e","10":"product_cat-darilo-ob-rojstvu","11":"product_cat-dodatki-in-dekoracije","12":"product_cat-nocne-lucke","13":"product_cat-spanje","14":"product_tag-zazu","16":"first","17":"instock","18":"taxable","19":"shipping-taxable","20":"purchasable","21":"product-type-simple","22":"add-to-wishlist-before_image"},"yoast_head":"<!-- This site is optimized with the Yoast SEO plugin v27.3 - https:\/\/yoast.com\/product\/yoast-seo-wordpress\/ -->\n<title>Mehka silikonska lu\u010dka ZAZU - Medvedek Bor | Ajatutaja<\/title>\n<meta name=\"description\" content=\"Prisr\u010dna mehka silikonska LED lu\u010dka medvedek Bor se aktivira na dotik in ima funkcijo samodejnega izklopa, 7 barv in dolgotrajno USB polnilno baterijo\" \/>\n<meta name=\"robots\" content=\"index, follow, max-snippet:-1, max-image-preview:large, max-video-preview:-1\" \/>\n<link rel=\"canonical\" href=\"https:\/\/ajatutaja.com\/hr\/proizvod\/mehka-silikonska-lucka-zazu-medvedek-bor\/\" \/>\n<meta property=\"og:locale\" content=\"hr_HR\" \/>\n<meta property=\"og:type\" content=\"article\" \/>\n<meta property=\"og:title\" content=\"Mehka silikonska lu\u010dka ZAZU - Medvedek Bor | Ajatutaja\" \/>\n<meta property=\"og:description\" content=\"Prisr\u010dna mehka silikonska LED lu\u010dka medvedek Bor se aktivira na dotik in ima funkcijo samodejnega izklopa, 7 barv in dolgotrajno USB polnilno baterijo\" \/>\n<meta property=\"og:url\" content=\"https:\/\/ajatutaja.com\/hr\/proizvod\/mehka-silikonska-lucka-zazu-medvedek-bor\/\" \/>\n<meta property=\"og:site_name\" content=\"Ajatutaja\" \/>\n<meta property=\"article:modified_time\" content=\"2026-03-12T13:36:32+00:00\" \/>\n<meta property=\"og:image\" content=\"https:\/\/ajatutaja.com\/wp-content\/uploads\/2025\/04\/ZAZU-Mehka-Silikonska-lucka-medved-BOR-0.jpg\" \/>\n\t<meta property=\"og:image:width\" content=\"2000\" \/>\n\t<meta property=\"og:image:height\" content=\"2000\" \/>\n\t<meta property=\"og:image:type\" content=\"image\/jpeg\" \/>\n<meta name=\"twitter:card\" content=\"summary_large_image\" \/>\n<meta name=\"twitter:label1\" content=\"Procijenjeno vrijeme \u010ditanja\" \/>\n\t<meta name=\"twitter:data1\" content=\"2 minute\" \/>\n<script type=\"application\/ld+json\" class=\"yoast-schema-graph\">{\"@context\":\"https:\\\/\\\/schema.org\",\"@graph\":[{\"@type\":\"WebPage\",\"@id\":\"https:\\\/\\\/ajatutaja.com\\\/hr\\\/proizvod\\\/mehka-silikonska-lucka-zazu-medvedek-bor\\\/\",\"url\":\"https:\\\/\\\/ajatutaja.com\\\/hr\\\/proizvod\\\/mehka-silikonska-lucka-zazu-medvedek-bor\\\/\",\"name\":\"Mehka silikonska lu\u010dka ZAZU - Medvedek Bor | Ajatutaja\",\"isPartOf\":{\"@id\":\"https:\\\/\\\/ajatutaja.com\\\/#website\"},\"primaryImageOfPage\":{\"@id\":\"https:\\\/\\\/ajatutaja.com\\\/hr\\\/proizvod\\\/mehka-silikonska-lucka-zazu-medvedek-bor\\\/#primaryimage\"},\"image\":{\"@id\":\"https:\\\/\\\/ajatutaja.com\\\/hr\\\/proizvod\\\/mehka-silikonska-lucka-zazu-medvedek-bor\\\/#primaryimage\"},\"thumbnailUrl\":\"https:\\\/\\\/ajatutaja.com\\\/wp-content\\\/uploads\\\/2025\\\/04\\\/ZAZU-Mehka-Silikonska-lucka-medved-BOR-0.jpg\",\"datePublished\":\"2025-04-25T13:38:11+00:00\",\"dateModified\":\"2026-03-12T13:36:32+00:00\",\"description\":\"Prisr\u010dna mehka silikonska LED lu\u010dka medvedek Bor se aktivira na dotik in ima funkcijo samodejnega izklopa, 7 barv in dolgotrajno USB polnilno baterijo\",\"breadcrumb\":{\"@id\":\"https:\\\/\\\/ajatutaja.com\\\/hr\\\/proizvod\\\/mehka-silikonska-lucka-zazu-medvedek-bor\\\/#breadcrumb\"},\"inLanguage\":\"hr\",\"potentialAction\":[{\"@type\":\"ReadAction\",\"target\":[\"https:\\\/\\\/ajatutaja.com\\\/hr\\\/proizvod\\\/mehka-silikonska-lucka-zazu-medvedek-bor\\\/\"]}]},{\"@type\":\"ImageObject\",\"inLanguage\":\"hr\",\"@id\":\"https:\\\/\\\/ajatutaja.com\\\/hr\\\/proizvod\\\/mehka-silikonska-lucka-zazu-medvedek-bor\\\/#primaryimage\",\"url\":\"https:\\\/\\\/ajatutaja.com\\\/wp-content\\\/uploads\\\/2025\\\/04\\\/ZAZU-Mehka-Silikonska-lucka-medved-BOR-0.jpg\",\"contentUrl\":\"https:\\\/\\\/ajatutaja.com\\\/wp-content\\\/uploads\\\/2025\\\/04\\\/ZAZU-Mehka-Silikonska-lucka-medved-BOR-0.jpg\",\"width\":2000,\"height\":2000},{\"@type\":\"BreadcrumbList\",\"@id\":\"https:\\\/\\\/ajatutaja.com\\\/hr\\\/proizvod\\\/mehka-silikonska-lucka-zazu-medvedek-bor\\\/#breadcrumb\",\"itemListElement\":[{\"@type\":\"ListItem\",\"position\":1,\"name\":\"Home\",\"item\":\"https:\\\/\\\/ajatutaja.com\\\/hr\\\/\"},{\"@type\":\"ListItem\",\"position\":2,\"name\":\"Trgovina\",\"item\":\"https:\\\/\\\/ajatutaja.com\\\/hr\\\/trgovina\\\/\"},{\"@type\":\"ListItem\",\"position\":3,\"name\":\"Mehka silikonska lu\u010dka ZAZU &#8211; Medvedek Bor\"}]},{\"@type\":\"WebSite\",\"@id\":\"https:\\\/\\\/ajatutaja.com\\\/#website\",\"url\":\"https:\\\/\\\/ajatutaja.com\\\/\",\"name\":\"Ajatutaja\",\"description\":\"Otro\u0161ka spletna trgovina AJATUTAJA\",\"publisher\":{\"@id\":\"https:\\\/\\\/ajatutaja.com\\\/#organization\"},\"potentialAction\":[{\"@type\":\"SearchAction\",\"target\":{\"@type\":\"EntryPoint\",\"urlTemplate\":\"https:\\\/\\\/ajatutaja.com\\\/?s={search_term_string}\"},\"query-input\":{\"@type\":\"PropertyValueSpecification\",\"valueRequired\":true,\"valueName\":\"search_term_string\"}}],\"inLanguage\":\"hr\"},{\"@type\":\"Organization\",\"@id\":\"https:\\\/\\\/ajatutaja.com\\\/#organization\",\"name\":\"Ajatutaja\",\"url\":\"https:\\\/\\\/ajatutaja.com\\\/\",\"logo\":{\"@type\":\"ImageObject\",\"inLanguage\":\"hr\",\"@id\":\"https:\\\/\\\/ajatutaja.com\\\/#\\\/schema\\\/logo\\\/image\\\/\",\"url\":\"https:\\\/\\\/ajatutaja.com\\\/wp-content\\\/uploads\\\/2021\\\/10\\\/logo.png\",\"contentUrl\":\"https:\\\/\\\/ajatutaja.com\\\/wp-content\\\/uploads\\\/2021\\\/10\\\/logo.png\",\"width\":555,\"height\":150,\"caption\":\"Ajatutaja\"},\"image\":{\"@id\":\"https:\\\/\\\/ajatutaja.com\\\/#\\\/schema\\\/logo\\\/image\\\/\"}}]}<\/script>\n<!-- \/ Yoast SEO plugin. -->","yoast_head_json":{"title":"Mehka silikonska lu\u010dka ZAZU - Medvedek Bor | Ajatutaja","description":"Prisr\u010dna mehka silikonska LED lu\u010dka medvedek Bor se aktivira na dotik in ima funkcijo samodejnega izklopa, 7 barv in dolgotrajno USB polnilno baterijo","robots":{"index":"index","follow":"follow","max-snippet":"max-snippet:-1","max-image-preview":"max-image-preview:large","max-video-preview":"max-video-preview:-1"},"canonical":"https:\/\/ajatutaja.com\/hr\/proizvod\/mehka-silikonska-lucka-zazu-medvedek-bor\/","og_locale":"hr_HR","og_type":"article","og_title":"Mehka silikonska lu\u010dka ZAZU - Medvedek Bor | Ajatutaja","og_description":"Prisr\u010dna mehka silikonska LED lu\u010dka medvedek Bor se aktivira na dotik in ima funkcijo samodejnega izklopa, 7 barv in dolgotrajno USB polnilno baterijo","og_url":"https:\/\/ajatutaja.com\/hr\/proizvod\/mehka-silikonska-lucka-zazu-medvedek-bor\/","og_site_name":"Ajatutaja","article_modified_time":"2026-03-12T13:36:32+00:00","og_image":[{"width":2000,"height":2000,"url":"https:\/\/ajatutaja.com\/wp-content\/uploads\/2025\/04\/ZAZU-Mehka-Silikonska-lucka-medved-BOR-0.jpg","type":"image\/jpeg"}],"twitter_card":"summary_large_image","twitter_misc":{"Procijenjeno vrijeme \u010ditanja":"2 minute"},"schema":{"@context":"https:\/\/schema.org","@graph":[{"@type":"WebPage","@id":"https:\/\/ajatutaja.com\/hr\/proizvod\/mehka-silikonska-lucka-zazu-medvedek-bor\/","url":"https:\/\/ajatutaja.com\/hr\/proizvod\/mehka-silikonska-lucka-zazu-medvedek-bor\/","name":"Mehka silikonska lu\u010dka ZAZU - Medvedek Bor | Ajatutaja","isPartOf":{"@id":"https:\/\/ajatutaja.com\/#website"},"primaryImageOfPage":{"@id":"https:\/\/ajatutaja.com\/hr\/proizvod\/mehka-silikonska-lucka-zazu-medvedek-bor\/#primaryimage"},"image":{"@id":"https:\/\/ajatutaja.com\/hr\/proizvod\/mehka-silikonska-lucka-zazu-medvedek-bor\/#primaryimage"},"thumbnailUrl":"https:\/\/ajatutaja.com\/wp-content\/uploads\/2025\/04\/ZAZU-Mehka-Silikonska-lucka-medved-BOR-0.jpg","datePublished":"2025-04-25T13:38:11+00:00","dateModified":"2026-03-12T13:36:32+00:00","description":"Prisr\u010dna mehka silikonska LED lu\u010dka medvedek Bor se aktivira na dotik in ima funkcijo samodejnega izklopa, 7 barv in dolgotrajno USB polnilno baterijo","breadcrumb":{"@id":"https:\/\/ajatutaja.com\/hr\/proizvod\/mehka-silikonska-lucka-zazu-medvedek-bor\/#breadcrumb"},"inLanguage":"hr","potentialAction":[{"@type":"ReadAction","target":["https:\/\/ajatutaja.com\/hr\/proizvod\/mehka-silikonska-lucka-zazu-medvedek-bor\/"]}]},{"@type":"ImageObject","inLanguage":"hr","@id":"https:\/\/ajatutaja.com\/hr\/proizvod\/mehka-silikonska-lucka-zazu-medvedek-bor\/#primaryimage","url":"https:\/\/ajatutaja.com\/wp-content\/uploads\/2025\/04\/ZAZU-Mehka-Silikonska-lucka-medved-BOR-0.jpg","contentUrl":"https:\/\/ajatutaja.com\/wp-content\/uploads\/2025\/04\/ZAZU-Mehka-Silikonska-lucka-medved-BOR-0.jpg","width":2000,"height":2000},{"@type":"BreadcrumbList","@id":"https:\/\/ajatutaja.com\/hr\/proizvod\/mehka-silikonska-lucka-zazu-medvedek-bor\/#breadcrumb","itemListElement":[{"@type":"ListItem","position":1,"name":"Home","item":"https:\/\/ajatutaja.com\/hr\/"},{"@type":"ListItem","position":2,"name":"Trgovina","item":"https:\/\/ajatutaja.com\/hr\/trgovina\/"},{"@type":"ListItem","position":3,"name":"Mehka silikonska lu\u010dka ZAZU &#8211; Medvedek Bor"}]},{"@type":"WebSite","@id":"https:\/\/ajatutaja.com\/#website","url":"https:\/\/ajatutaja.com\/","name":"Ajatutaja","description":"Otro\u0161ka spletna trgovina AJATUTAJA","publisher":{"@id":"https:\/\/ajatutaja.com\/#organization"},"potentialAction":[{"@type":"SearchAction","target":{"@type":"EntryPoint","urlTemplate":"https:\/\/ajatutaja.com\/?s={search_term_string}"},"query-input":{"@type":"PropertyValueSpecification","valueRequired":true,"valueName":"search_term_string"}}],"inLanguage":"hr"},{"@type":"Organization","@id":"https:\/\/ajatutaja.com\/#organization","name":"Ajatutaja","url":"https:\/\/ajatutaja.com\/","logo":{"@type":"ImageObject","inLanguage":"hr","@id":"https:\/\/ajatutaja.com\/#\/schema\/logo\/image\/","url":"https:\/\/ajatutaja.com\/wp-content\/uploads\/2021\/10\/logo.png","contentUrl":"https:\/\/ajatutaja.com\/wp-content\/uploads\/2021\/10\/logo.png","width":555,"height":150,"caption":"Ajatutaja"},"image":{"@id":"https:\/\/ajatutaja.com\/#\/schema\/logo\/image\/"}}]}},"brands":[{"id":2611,"name":"Spanje","slug":"spanje"},{"id":2641,"name":"Zazu","slug":"zazu"}],"_links":{"self":[{"href":"https:\/\/ajatutaja.com\/hr\/wp-json\/wp\/v2\/product\/75499","targetHints":{"allow":["GET"]}}],"collection":[{"href":"https:\/\/ajatutaja.com\/hr\/wp-json\/wp\/v2\/product"}],"about":[{"href":"https:\/\/ajatutaja.com\/hr\/wp-json\/wp\/v2\/types\/product"}],"wp:featuredmedia":[{"embeddable":true,"href":"https:\/\/ajatutaja.com\/hr\/wp-json\/wp\/v2\/media\/75500"}],"wp:attachment":[{"href":"https:\/\/ajatutaja.com\/hr\/wp-json\/wp\/v2\/media?parent=75499"}],"wp:term":[{"taxonomy":"pwb-brand","embeddable":true,"href":"https:\/\/ajatutaja.com\/hr\/wp-json\/wp\/v2\/pwb-brand?post=75499"},{"taxonomy":"product_brand","embeddable":true,"href":"https:\/\/ajatutaja.com\/hr\/wp-json\/wp\/v2\/product_brand?post=75499"},{"taxonomy":"product_cat","embeddable":true,"href":"https:\/\/ajatutaja.com\/hr\/wp-json\/wp\/v2\/product_cat?post=75499"},{"taxonomy":"product_tag","embeddable":true,"href":"https:\/\/ajatutaja.com\/hr\/wp-json\/wp\/v2\/product_tag?post=75499"}],"curies":[{"name":"wp","href":"https:\/\/api.w.org\/{rel}","templated":true}]}}