{"id":75341,"date":"2025-04-18T21:31:24","date_gmt":"2025-04-18T19:31:24","guid":{"rendered":"https:\/\/ajatutaja.com\/?post_type=product&#038;p=75341"},"modified":"2026-03-12T14:51:31","modified_gmt":"2026-03-12T13:51:31","slug":"domine-stephen-joseph-2-leti","status":"publish","type":"product","link":"https:\/\/ajatutaja.com\/hr\/proizvod\/domine-stephen-joseph-2-leti\/","title":{"rendered":"Domine Stephen Joseph"},"content":{"rendered":"<p>[vc_row][vc_column][vc_column_text]<\/p>\n<h3>Lastnosti igre DOMINE Stephen Joseph:<\/h3>\n<ul>\n<li>Priporo\u010dljiva starost otroka: 2 leti+<\/li>\n<li>28 dvostranskih domin z motivom \u017eivali<\/li>\n<li>Trpe\u017ena \u0161katla za prena\u0161anje.<\/li>\n<li>Velikost embala\u017ee je cca. 22,8 cm x 2,54 cm x 12,7 cm<\/li>\n<li>Dodatno pozornost vzbujajo tudi \u010dudoviti detajli in pisane barve.<\/li>\n<li>Puzzle je \u010dudovita igra za razvijanje sposobnosti, za zabavo in kreativnost.<\/li>\n<li>Proizvajalec: Stephen Joseph Inc. , Lubbock, Texas, ZDA<\/li>\n<\/ul>\n<p><strong>OPOZORILO!\u00a0<\/strong> Izdelek ni primeren za otroke mlaj\u0161e od 2 let. Nevarnost zadu\u0161itve z majhnimi delci.\u00a0Preden izdelek izro\u010dite otroku, ostranite vso embala\u017eo in vise\u010de etikete![\/vc_column_text][\/vc_column][\/vc_row]<\/p>\n","protected":false},"excerpt":{"rendered":"<p>Legendarna dru\u017eabna igra DOMINO Stephen Joseph je izdelana iz tr\u0161ega kartona in pisanih barv.Igrate se lahko s stranjo s sli\u010dicami ali pa na &#8220;klasi\u010den&#8221; na\u010din s \u0161tevili oziroma \u0161tetjem pik.<\/p>\n","protected":false},"featured_media":75343,"template":"","meta":[],"pwb-brand":[2452,2460],"product_brand":[],"product_cat":[3991,5072,2715,2450,2362,2445],"product_tag":[3980],"class_list":{"0":"post-75341","1":"product","2":"type-product","3":"status-publish","4":"has-post-thumbnail","6":"pwb-brand-igranje","7":"pwb-brand-stephen-joseph-igranje","8":"product_cat-24-mesecev-igrace","9":"product_cat-bozicna-darila","10":"product_cat-darilo-do-15e","11":"product_cat-druzabne-igre","12":"product_cat-igranje","13":"product_cat-sestavljanke","14":"product_tag-stephen-joseph","16":"first","17":"instock","18":"taxable","19":"shipping-taxable","20":"purchasable","21":"product-type-simple","22":"add-to-wishlist-before_image"},"yoast_head":"<!-- This site is optimized with the Yoast SEO plugin v27.3 - https:\/\/yoast.com\/product\/yoast-seo-wordpress\/ -->\n<title>Domine Stephen Joseph | Ajatutaja<\/title>\n<meta name=\"description\" content=\"Legendarna dru\u017eabna igra DOMINO Stephen Joseph je izdelana iz tr\u0161ega kartona in pisanih barv.Igrate se lahko s stranjo s sli\u010dicami ali pa na &quot;klasi\u010den&quot; na\u010din s \u0161tevili oziroma \u0161tetjem pik.\" \/>\n<meta name=\"robots\" content=\"index, follow, max-snippet:-1, max-image-preview:large, max-video-preview:-1\" \/>\n<link rel=\"canonical\" href=\"https:\/\/ajatutaja.com\/izdelek\/domine-stephen-joseph-2-leti\/\" \/>\n<meta property=\"og:locale\" content=\"hr_HR\" \/>\n<meta property=\"og:type\" content=\"article\" \/>\n<meta property=\"og:title\" content=\"Domine Stephen Joseph | Ajatutaja\" \/>\n<meta property=\"og:description\" content=\"Legendarna dru\u017eabna igra DOMINO Stephen Joseph je izdelana iz tr\u0161ega kartona in pisanih barv.Igrate se lahko s stranjo s sli\u010dicami ali pa na &quot;klasi\u010den&quot; na\u010din s \u0161tevili oziroma \u0161tetjem pik.\" \/>\n<meta property=\"og:url\" content=\"https:\/\/ajatutaja.com\/izdelek\/domine-stephen-joseph-2-leti\/\" \/>\n<meta property=\"og:site_name\" content=\"Ajatutaja\" \/>\n<meta property=\"article:modified_time\" content=\"2026-03-12T13:51:31+00:00\" \/>\n<meta property=\"og:image\" content=\"https:\/\/ajatutaja.com\/wp-content\/uploads\/2025\/04\/Stephen-Joseph-igra-domine-SJ1285123-1.jpg\" \/>\n\t<meta property=\"og:image:width\" content=\"800\" \/>\n\t<meta property=\"og:image:height\" content=\"800\" \/>\n\t<meta property=\"og:image:type\" content=\"image\/jpeg\" \/>\n<meta name=\"twitter:card\" content=\"summary_large_image\" \/>\n<meta name=\"twitter:label1\" content=\"Procijenjeno vrijeme \u010ditanja\" \/>\n\t<meta name=\"twitter:data1\" content=\"1 minuta\" \/>\n<script type=\"application\/ld+json\" class=\"yoast-schema-graph\">{\"@context\":\"https:\\\/\\\/schema.org\",\"@graph\":[{\"@type\":\"WebPage\",\"@id\":\"https:\\\/\\\/ajatutaja.com\\\/izdelek\\\/domine-stephen-joseph-2-leti\\\/\",\"url\":\"https:\\\/\\\/ajatutaja.com\\\/izdelek\\\/domine-stephen-joseph-2-leti\\\/\",\"name\":\"Domine Stephen Joseph | Ajatutaja\",\"isPartOf\":{\"@id\":\"https:\\\/\\\/ajatutaja.com\\\/#website\"},\"primaryImageOfPage\":{\"@id\":\"https:\\\/\\\/ajatutaja.com\\\/izdelek\\\/domine-stephen-joseph-2-leti\\\/#primaryimage\"},\"image\":{\"@id\":\"https:\\\/\\\/ajatutaja.com\\\/izdelek\\\/domine-stephen-joseph-2-leti\\\/#primaryimage\"},\"thumbnailUrl\":\"https:\\\/\\\/ajatutaja.com\\\/wp-content\\\/uploads\\\/2025\\\/04\\\/Stephen-Joseph-igra-domine-SJ1285123-1.jpg\",\"datePublished\":\"2025-04-18T19:31:24+00:00\",\"dateModified\":\"2026-03-12T13:51:31+00:00\",\"description\":\"Legendarna dru\u017eabna igra DOMINO Stephen Joseph je izdelana iz tr\u0161ega kartona in pisanih barv.Igrate se lahko s stranjo s sli\u010dicami ali pa na \\\"klasi\u010den\\\" na\u010din s \u0161tevili oziroma \u0161tetjem pik.\",\"breadcrumb\":{\"@id\":\"https:\\\/\\\/ajatutaja.com\\\/izdelek\\\/domine-stephen-joseph-2-leti\\\/#breadcrumb\"},\"inLanguage\":\"hr\",\"potentialAction\":[{\"@type\":\"ReadAction\",\"target\":[\"https:\\\/\\\/ajatutaja.com\\\/izdelek\\\/domine-stephen-joseph-2-leti\\\/\"]}]},{\"@type\":\"ImageObject\",\"inLanguage\":\"hr\",\"@id\":\"https:\\\/\\\/ajatutaja.com\\\/izdelek\\\/domine-stephen-joseph-2-leti\\\/#primaryimage\",\"url\":\"https:\\\/\\\/ajatutaja.com\\\/wp-content\\\/uploads\\\/2025\\\/04\\\/Stephen-Joseph-igra-domine-SJ1285123-1.jpg\",\"contentUrl\":\"https:\\\/\\\/ajatutaja.com\\\/wp-content\\\/uploads\\\/2025\\\/04\\\/Stephen-Joseph-igra-domine-SJ1285123-1.jpg\",\"width\":800,\"height\":800},{\"@type\":\"BreadcrumbList\",\"@id\":\"https:\\\/\\\/ajatutaja.com\\\/izdelek\\\/domine-stephen-joseph-2-leti\\\/#breadcrumb\",\"itemListElement\":[{\"@type\":\"ListItem\",\"position\":1,\"name\":\"Home\",\"item\":\"https:\\\/\\\/ajatutaja.com\\\/hr\\\/\"},{\"@type\":\"ListItem\",\"position\":2,\"name\":\"Trgovina\",\"item\":\"https:\\\/\\\/ajatutaja.com\\\/hr\\\/trgovina\\\/\"},{\"@type\":\"ListItem\",\"position\":3,\"name\":\"Domine Stephen Joseph\"}]},{\"@type\":\"WebSite\",\"@id\":\"https:\\\/\\\/ajatutaja.com\\\/#website\",\"url\":\"https:\\\/\\\/ajatutaja.com\\\/\",\"name\":\"Ajatutaja\",\"description\":\"Otro\u0161ka spletna trgovina AJATUTAJA\",\"publisher\":{\"@id\":\"https:\\\/\\\/ajatutaja.com\\\/#organization\"},\"potentialAction\":[{\"@type\":\"SearchAction\",\"target\":{\"@type\":\"EntryPoint\",\"urlTemplate\":\"https:\\\/\\\/ajatutaja.com\\\/?s={search_term_string}\"},\"query-input\":{\"@type\":\"PropertyValueSpecification\",\"valueRequired\":true,\"valueName\":\"search_term_string\"}}],\"inLanguage\":\"hr\"},{\"@type\":\"Organization\",\"@id\":\"https:\\\/\\\/ajatutaja.com\\\/#organization\",\"name\":\"Ajatutaja\",\"url\":\"https:\\\/\\\/ajatutaja.com\\\/\",\"logo\":{\"@type\":\"ImageObject\",\"inLanguage\":\"hr\",\"@id\":\"https:\\\/\\\/ajatutaja.com\\\/#\\\/schema\\\/logo\\\/image\\\/\",\"url\":\"https:\\\/\\\/ajatutaja.com\\\/wp-content\\\/uploads\\\/2021\\\/10\\\/logo.png\",\"contentUrl\":\"https:\\\/\\\/ajatutaja.com\\\/wp-content\\\/uploads\\\/2021\\\/10\\\/logo.png\",\"width\":555,\"height\":150,\"caption\":\"Ajatutaja\"},\"image\":{\"@id\":\"https:\\\/\\\/ajatutaja.com\\\/#\\\/schema\\\/logo\\\/image\\\/\"}}]}<\/script>\n<!-- \/ Yoast SEO plugin. -->","yoast_head_json":{"title":"Domine Stephen Joseph | Ajatutaja","description":"Legendarna dru\u017eabna igra DOMINO Stephen Joseph je izdelana iz tr\u0161ega kartona in pisanih barv.Igrate se lahko s stranjo s sli\u010dicami ali pa na \"klasi\u010den\" na\u010din s \u0161tevili oziroma \u0161tetjem pik.","robots":{"index":"index","follow":"follow","max-snippet":"max-snippet:-1","max-image-preview":"max-image-preview:large","max-video-preview":"max-video-preview:-1"},"canonical":"https:\/\/ajatutaja.com\/izdelek\/domine-stephen-joseph-2-leti\/","og_locale":"hr_HR","og_type":"article","og_title":"Domine Stephen Joseph | Ajatutaja","og_description":"Legendarna dru\u017eabna igra DOMINO Stephen Joseph je izdelana iz tr\u0161ega kartona in pisanih barv.Igrate se lahko s stranjo s sli\u010dicami ali pa na \"klasi\u010den\" na\u010din s \u0161tevili oziroma \u0161tetjem pik.","og_url":"https:\/\/ajatutaja.com\/izdelek\/domine-stephen-joseph-2-leti\/","og_site_name":"Ajatutaja","article_modified_time":"2026-03-12T13:51:31+00:00","og_image":[{"width":800,"height":800,"url":"https:\/\/ajatutaja.com\/wp-content\/uploads\/2025\/04\/Stephen-Joseph-igra-domine-SJ1285123-1.jpg","type":"image\/jpeg"}],"twitter_card":"summary_large_image","twitter_misc":{"Procijenjeno vrijeme \u010ditanja":"1 minuta"},"schema":{"@context":"https:\/\/schema.org","@graph":[{"@type":"WebPage","@id":"https:\/\/ajatutaja.com\/izdelek\/domine-stephen-joseph-2-leti\/","url":"https:\/\/ajatutaja.com\/izdelek\/domine-stephen-joseph-2-leti\/","name":"Domine Stephen Joseph | Ajatutaja","isPartOf":{"@id":"https:\/\/ajatutaja.com\/#website"},"primaryImageOfPage":{"@id":"https:\/\/ajatutaja.com\/izdelek\/domine-stephen-joseph-2-leti\/#primaryimage"},"image":{"@id":"https:\/\/ajatutaja.com\/izdelek\/domine-stephen-joseph-2-leti\/#primaryimage"},"thumbnailUrl":"https:\/\/ajatutaja.com\/wp-content\/uploads\/2025\/04\/Stephen-Joseph-igra-domine-SJ1285123-1.jpg","datePublished":"2025-04-18T19:31:24+00:00","dateModified":"2026-03-12T13:51:31+00:00","description":"Legendarna dru\u017eabna igra DOMINO Stephen Joseph je izdelana iz tr\u0161ega kartona in pisanih barv.Igrate se lahko s stranjo s sli\u010dicami ali pa na \"klasi\u010den\" na\u010din s \u0161tevili oziroma \u0161tetjem pik.","breadcrumb":{"@id":"https:\/\/ajatutaja.com\/izdelek\/domine-stephen-joseph-2-leti\/#breadcrumb"},"inLanguage":"hr","potentialAction":[{"@type":"ReadAction","target":["https:\/\/ajatutaja.com\/izdelek\/domine-stephen-joseph-2-leti\/"]}]},{"@type":"ImageObject","inLanguage":"hr","@id":"https:\/\/ajatutaja.com\/izdelek\/domine-stephen-joseph-2-leti\/#primaryimage","url":"https:\/\/ajatutaja.com\/wp-content\/uploads\/2025\/04\/Stephen-Joseph-igra-domine-SJ1285123-1.jpg","contentUrl":"https:\/\/ajatutaja.com\/wp-content\/uploads\/2025\/04\/Stephen-Joseph-igra-domine-SJ1285123-1.jpg","width":800,"height":800},{"@type":"BreadcrumbList","@id":"https:\/\/ajatutaja.com\/izdelek\/domine-stephen-joseph-2-leti\/#breadcrumb","itemListElement":[{"@type":"ListItem","position":1,"name":"Home","item":"https:\/\/ajatutaja.com\/hr\/"},{"@type":"ListItem","position":2,"name":"Trgovina","item":"https:\/\/ajatutaja.com\/hr\/trgovina\/"},{"@type":"ListItem","position":3,"name":"Domine Stephen Joseph"}]},{"@type":"WebSite","@id":"https:\/\/ajatutaja.com\/#website","url":"https:\/\/ajatutaja.com\/","name":"Ajatutaja","description":"Otro\u0161ka spletna trgovina AJATUTAJA","publisher":{"@id":"https:\/\/ajatutaja.com\/#organization"},"potentialAction":[{"@type":"SearchAction","target":{"@type":"EntryPoint","urlTemplate":"https:\/\/ajatutaja.com\/?s={search_term_string}"},"query-input":{"@type":"PropertyValueSpecification","valueRequired":true,"valueName":"search_term_string"}}],"inLanguage":"hr"},{"@type":"Organization","@id":"https:\/\/ajatutaja.com\/#organization","name":"Ajatutaja","url":"https:\/\/ajatutaja.com\/","logo":{"@type":"ImageObject","inLanguage":"hr","@id":"https:\/\/ajatutaja.com\/#\/schema\/logo\/image\/","url":"https:\/\/ajatutaja.com\/wp-content\/uploads\/2021\/10\/logo.png","contentUrl":"https:\/\/ajatutaja.com\/wp-content\/uploads\/2021\/10\/logo.png","width":555,"height":150,"caption":"Ajatutaja"},"image":{"@id":"https:\/\/ajatutaja.com\/#\/schema\/logo\/image\/"}}]}},"brands":[{"id":2452,"name":"Igranje","slug":"igranje"},{"id":2460,"name":"Stephen Joseph","slug":"stephen-joseph-igranje"}],"_links":{"self":[{"href":"https:\/\/ajatutaja.com\/hr\/wp-json\/wp\/v2\/product\/75341","targetHints":{"allow":["GET"]}}],"collection":[{"href":"https:\/\/ajatutaja.com\/hr\/wp-json\/wp\/v2\/product"}],"about":[{"href":"https:\/\/ajatutaja.com\/hr\/wp-json\/wp\/v2\/types\/product"}],"wp:featuredmedia":[{"embeddable":true,"href":"https:\/\/ajatutaja.com\/hr\/wp-json\/wp\/v2\/media\/75343"}],"wp:attachment":[{"href":"https:\/\/ajatutaja.com\/hr\/wp-json\/wp\/v2\/media?parent=75341"}],"wp:term":[{"taxonomy":"pwb-brand","embeddable":true,"href":"https:\/\/ajatutaja.com\/hr\/wp-json\/wp\/v2\/pwb-brand?post=75341"},{"taxonomy":"product_brand","embeddable":true,"href":"https:\/\/ajatutaja.com\/hr\/wp-json\/wp\/v2\/product_brand?post=75341"},{"taxonomy":"product_cat","embeddable":true,"href":"https:\/\/ajatutaja.com\/hr\/wp-json\/wp\/v2\/product_cat?post=75341"},{"taxonomy":"product_tag","embeddable":true,"href":"https:\/\/ajatutaja.com\/hr\/wp-json\/wp\/v2\/product_tag?post=75341"}],"curies":[{"name":"wp","href":"https:\/\/api.w.org\/{rel}","templated":true}]}}