{"id":74944,"date":"2025-04-02T16:32:10","date_gmt":"2025-04-02T14:32:10","guid":{"rendered":"https:\/\/ajatutaja.com\/?post_type=product&#038;p=74944"},"modified":"2025-04-02T16:49:19","modified_gmt":"2025-04-02T14:49:19","slug":"torba-mommy-bag-signature-urban-anthracite","status":"publish","type":"product","link":"https:\/\/ajatutaja.com\/hr\/proizvod\/torba-mommy-bag-signature-urban-anthracite\/","title":{"rendered":"Torba MOMMY BAG &#8211; Signature Urban Anthracite"},"content":{"rendered":"<p>[vc_row][vc_column][vc_column_text]<\/p>\n<p style=\"text-align: justify\">Torba Mommy Bag blagovne znamke Childhome je prostorna previjalna torba, ki jo mamice naravnost obo\u017eujejo. Vanjo namre\u010d lahko pospravijo ogromno re\u010di &#8211; obla\u010dila za mal\u010dka, plenice, kozmetiko, fla\u0161ko in igla\u010de. Nadvse je primerna za odhod v porodni\u0161nico ali pa kraj\u0161e dopuste. Mamice dvoj\u010dkov, pa lahko vanjo pospravijo vse potrebno.<\/p>\n<h3 style=\"text-align: justify\">Lastnosti torbe MOOMY BAG:<\/h3>\n<ul>\n<li>Izredno udobna in prijetna za no\u0161enje v roki ali na rami<\/li>\n<li>Prostorna in pregledna<\/li>\n<li>Izoliran \u017eepek za stekleni\u010dko<\/li>\n<li>Vklju\u010dena previjalna podloga<\/li>\n<li>Sestava: 100% Poliester \/ Podloga: 100 % najlon \/\u00a0Ro\u010daji: 100 % PU usnje<\/li>\n<li>Dimenzije: 30 x 16 x 40 cm (postavljena z ro\u010daji\/polna: 55 x 30 x 40 cm)<\/li>\n<li>Prostornina 58 lt<\/li>\n<li>Te\u017ea: 1,05 kg<\/li>\n<li>Nosilnost: 5 kg<\/li>\n<li>EN Standard: REACH, EN 14362, EN 17234<\/li>\n<li>\u010ci\u0161\u010denje je zelo enostavno, saj\u00a0 torbo Mommy Bag obri\u0161emo z vla\u017eno krpo.<\/li>\n<\/ul>\n<p>[\/vc_column_text][\/vc_column][\/vc_row]<\/p>\n","protected":false},"excerpt":{"rendered":"<p style=\"text-align: justify\">Najbolj priljubljena in vsestranska torba za mamice Childhome Mommy Bag iz kolekcije Signature Urban je modna in ekstra prostorna previjalna torba, ki zdru\u017euje stil in funkcionalnost. Uporabna \u017ee za odhod iz porodni\u0161nice, dnevne izlete in dolga potovanja.<\/p>\n","protected":false},"featured_media":74945,"template":"","meta":[],"pwb-brand":[2422,2409],"product_brand":[],"product_cat":[2264,2711,2262,2250,2361,2398],"product_tag":[4043,4358],"class_list":{"0":"post-74944","1":"product","2":"type-product","3":"status-publish","4":"has-post-thumbnail","6":"pwb-brand-childhome-potepanje","7":"pwb-brand-potepanje","8":"product_cat-babyshower","9":"product_cat-darilo-ob-rojstvu","10":"product_cat-darilo-za-nosecnico","11":"product_cat-nosecnost","12":"product_cat-potepanje","13":"product_cat-previjalne-torbe","14":"product_tag-childhome","15":"product_tag-mommy-bag","17":"first","18":"instock","19":"taxable","20":"shipping-taxable","21":"purchasable","22":"product-type-simple","23":"add-to-wishlist-before_image"},"yoast_head":"<!-- This site is optimized with the Yoast SEO plugin v27.3 - https:\/\/yoast.com\/product\/yoast-seo-wordpress\/ -->\n<title>Torba MOMMY BAG - Signature Urban Anthracite | Ajatutaja<\/title>\n<meta name=\"description\" content=\"Najbolj priljubljena torba za mamice Childhome Mommy Bag iz kolekcije Signature Canvas je modna in ekstra prostorna previjalna torba, ki zdru\u017euje stil in funkcionalnost.\" \/>\n<meta name=\"robots\" content=\"index, follow, max-snippet:-1, max-image-preview:large, max-video-preview:-1\" \/>\n<link rel=\"canonical\" href=\"https:\/\/ajatutaja.com\/hr\/proizvod\/torba-mommy-bag-signature-urban-anthracite\/\" \/>\n<meta property=\"og:locale\" content=\"hr_HR\" \/>\n<meta property=\"og:type\" content=\"article\" \/>\n<meta property=\"og:title\" content=\"Torba MOMMY BAG - Signature Urban Anthracite | Ajatutaja\" \/>\n<meta property=\"og:description\" content=\"Najbolj priljubljena torba za mamice Childhome Mommy Bag iz kolekcije Signature Canvas je modna in ekstra prostorna previjalna torba, ki zdru\u017euje stil in funkcionalnost.\" \/>\n<meta property=\"og:url\" content=\"https:\/\/ajatutaja.com\/hr\/proizvod\/torba-mommy-bag-signature-urban-anthracite\/\" \/>\n<meta property=\"og:site_name\" content=\"Ajatutaja\" \/>\n<meta property=\"article:modified_time\" content=\"2025-04-02T14:49:19+00:00\" \/>\n<meta property=\"og:image\" content=\"https:\/\/ajatutaja.com\/wp-content\/uploads\/2025\/04\/Childhome-torba-mommy-bag-urban-anthracit-1.png\" \/>\n\t<meta property=\"og:image:width\" content=\"800\" \/>\n\t<meta property=\"og:image:height\" content=\"800\" \/>\n\t<meta property=\"og:image:type\" content=\"image\/png\" \/>\n<meta name=\"twitter:card\" content=\"summary_large_image\" \/>\n<meta name=\"twitter:label1\" content=\"Procijenjeno vrijeme \u010ditanja\" \/>\n\t<meta name=\"twitter:data1\" content=\"1 minuta\" \/>\n<script type=\"application\/ld+json\" class=\"yoast-schema-graph\">{\"@context\":\"https:\\\/\\\/schema.org\",\"@graph\":[{\"@type\":\"WebPage\",\"@id\":\"https:\\\/\\\/ajatutaja.com\\\/hr\\\/proizvod\\\/torba-mommy-bag-signature-urban-anthracite\\\/\",\"url\":\"https:\\\/\\\/ajatutaja.com\\\/hr\\\/proizvod\\\/torba-mommy-bag-signature-urban-anthracite\\\/\",\"name\":\"Torba MOMMY BAG - Signature Urban Anthracite | Ajatutaja\",\"isPartOf\":{\"@id\":\"https:\\\/\\\/ajatutaja.com\\\/#website\"},\"primaryImageOfPage\":{\"@id\":\"https:\\\/\\\/ajatutaja.com\\\/hr\\\/proizvod\\\/torba-mommy-bag-signature-urban-anthracite\\\/#primaryimage\"},\"image\":{\"@id\":\"https:\\\/\\\/ajatutaja.com\\\/hr\\\/proizvod\\\/torba-mommy-bag-signature-urban-anthracite\\\/#primaryimage\"},\"thumbnailUrl\":\"https:\\\/\\\/ajatutaja.com\\\/wp-content\\\/uploads\\\/2025\\\/04\\\/Childhome-torba-mommy-bag-urban-anthracit-1.png\",\"datePublished\":\"2025-04-02T14:32:10+00:00\",\"dateModified\":\"2025-04-02T14:49:19+00:00\",\"description\":\"Najbolj priljubljena torba za mamice Childhome Mommy Bag iz kolekcije Signature Canvas je modna in ekstra prostorna previjalna torba, ki zdru\u017euje stil in funkcionalnost.\",\"breadcrumb\":{\"@id\":\"https:\\\/\\\/ajatutaja.com\\\/hr\\\/proizvod\\\/torba-mommy-bag-signature-urban-anthracite\\\/#breadcrumb\"},\"inLanguage\":\"hr\",\"potentialAction\":[{\"@type\":\"ReadAction\",\"target\":[\"https:\\\/\\\/ajatutaja.com\\\/hr\\\/proizvod\\\/torba-mommy-bag-signature-urban-anthracite\\\/\"]}]},{\"@type\":\"ImageObject\",\"inLanguage\":\"hr\",\"@id\":\"https:\\\/\\\/ajatutaja.com\\\/hr\\\/proizvod\\\/torba-mommy-bag-signature-urban-anthracite\\\/#primaryimage\",\"url\":\"https:\\\/\\\/ajatutaja.com\\\/wp-content\\\/uploads\\\/2025\\\/04\\\/Childhome-torba-mommy-bag-urban-anthracit-1.png\",\"contentUrl\":\"https:\\\/\\\/ajatutaja.com\\\/wp-content\\\/uploads\\\/2025\\\/04\\\/Childhome-torba-mommy-bag-urban-anthracit-1.png\",\"width\":800,\"height\":800},{\"@type\":\"BreadcrumbList\",\"@id\":\"https:\\\/\\\/ajatutaja.com\\\/hr\\\/proizvod\\\/torba-mommy-bag-signature-urban-anthracite\\\/#breadcrumb\",\"itemListElement\":[{\"@type\":\"ListItem\",\"position\":1,\"name\":\"Home\",\"item\":\"https:\\\/\\\/ajatutaja.com\\\/hr\\\/\"},{\"@type\":\"ListItem\",\"position\":2,\"name\":\"Trgovina\",\"item\":\"https:\\\/\\\/ajatutaja.com\\\/hr\\\/trgovina\\\/\"},{\"@type\":\"ListItem\",\"position\":3,\"name\":\"Torba MOMMY BAG &#8211; Signature Urban Anthracite\"}]},{\"@type\":\"WebSite\",\"@id\":\"https:\\\/\\\/ajatutaja.com\\\/#website\",\"url\":\"https:\\\/\\\/ajatutaja.com\\\/\",\"name\":\"Ajatutaja\",\"description\":\"Otro\u0161ka spletna trgovina AJATUTAJA\",\"publisher\":{\"@id\":\"https:\\\/\\\/ajatutaja.com\\\/#organization\"},\"potentialAction\":[{\"@type\":\"SearchAction\",\"target\":{\"@type\":\"EntryPoint\",\"urlTemplate\":\"https:\\\/\\\/ajatutaja.com\\\/?s={search_term_string}\"},\"query-input\":{\"@type\":\"PropertyValueSpecification\",\"valueRequired\":true,\"valueName\":\"search_term_string\"}}],\"inLanguage\":\"hr\"},{\"@type\":\"Organization\",\"@id\":\"https:\\\/\\\/ajatutaja.com\\\/#organization\",\"name\":\"Ajatutaja\",\"url\":\"https:\\\/\\\/ajatutaja.com\\\/\",\"logo\":{\"@type\":\"ImageObject\",\"inLanguage\":\"hr\",\"@id\":\"https:\\\/\\\/ajatutaja.com\\\/#\\\/schema\\\/logo\\\/image\\\/\",\"url\":\"https:\\\/\\\/ajatutaja.com\\\/wp-content\\\/uploads\\\/2021\\\/10\\\/logo.png\",\"contentUrl\":\"https:\\\/\\\/ajatutaja.com\\\/wp-content\\\/uploads\\\/2021\\\/10\\\/logo.png\",\"width\":555,\"height\":150,\"caption\":\"Ajatutaja\"},\"image\":{\"@id\":\"https:\\\/\\\/ajatutaja.com\\\/#\\\/schema\\\/logo\\\/image\\\/\"}}]}<\/script>\n<!-- \/ Yoast SEO plugin. -->","yoast_head_json":{"title":"Torba MOMMY BAG - Signature Urban Anthracite | Ajatutaja","description":"Najbolj priljubljena torba za mamice Childhome Mommy Bag iz kolekcije Signature Canvas je modna in ekstra prostorna previjalna torba, ki zdru\u017euje stil in funkcionalnost.","robots":{"index":"index","follow":"follow","max-snippet":"max-snippet:-1","max-image-preview":"max-image-preview:large","max-video-preview":"max-video-preview:-1"},"canonical":"https:\/\/ajatutaja.com\/hr\/proizvod\/torba-mommy-bag-signature-urban-anthracite\/","og_locale":"hr_HR","og_type":"article","og_title":"Torba MOMMY BAG - Signature Urban Anthracite | Ajatutaja","og_description":"Najbolj priljubljena torba za mamice Childhome Mommy Bag iz kolekcije Signature Canvas je modna in ekstra prostorna previjalna torba, ki zdru\u017euje stil in funkcionalnost.","og_url":"https:\/\/ajatutaja.com\/hr\/proizvod\/torba-mommy-bag-signature-urban-anthracite\/","og_site_name":"Ajatutaja","article_modified_time":"2025-04-02T14:49:19+00:00","og_image":[{"width":800,"height":800,"url":"https:\/\/ajatutaja.com\/wp-content\/uploads\/2025\/04\/Childhome-torba-mommy-bag-urban-anthracit-1.png","type":"image\/png"}],"twitter_card":"summary_large_image","twitter_misc":{"Procijenjeno vrijeme \u010ditanja":"1 minuta"},"schema":{"@context":"https:\/\/schema.org","@graph":[{"@type":"WebPage","@id":"https:\/\/ajatutaja.com\/hr\/proizvod\/torba-mommy-bag-signature-urban-anthracite\/","url":"https:\/\/ajatutaja.com\/hr\/proizvod\/torba-mommy-bag-signature-urban-anthracite\/","name":"Torba MOMMY BAG - Signature Urban Anthracite | Ajatutaja","isPartOf":{"@id":"https:\/\/ajatutaja.com\/#website"},"primaryImageOfPage":{"@id":"https:\/\/ajatutaja.com\/hr\/proizvod\/torba-mommy-bag-signature-urban-anthracite\/#primaryimage"},"image":{"@id":"https:\/\/ajatutaja.com\/hr\/proizvod\/torba-mommy-bag-signature-urban-anthracite\/#primaryimage"},"thumbnailUrl":"https:\/\/ajatutaja.com\/wp-content\/uploads\/2025\/04\/Childhome-torba-mommy-bag-urban-anthracit-1.png","datePublished":"2025-04-02T14:32:10+00:00","dateModified":"2025-04-02T14:49:19+00:00","description":"Najbolj priljubljena torba za mamice Childhome Mommy Bag iz kolekcije Signature Canvas je modna in ekstra prostorna previjalna torba, ki zdru\u017euje stil in funkcionalnost.","breadcrumb":{"@id":"https:\/\/ajatutaja.com\/hr\/proizvod\/torba-mommy-bag-signature-urban-anthracite\/#breadcrumb"},"inLanguage":"hr","potentialAction":[{"@type":"ReadAction","target":["https:\/\/ajatutaja.com\/hr\/proizvod\/torba-mommy-bag-signature-urban-anthracite\/"]}]},{"@type":"ImageObject","inLanguage":"hr","@id":"https:\/\/ajatutaja.com\/hr\/proizvod\/torba-mommy-bag-signature-urban-anthracite\/#primaryimage","url":"https:\/\/ajatutaja.com\/wp-content\/uploads\/2025\/04\/Childhome-torba-mommy-bag-urban-anthracit-1.png","contentUrl":"https:\/\/ajatutaja.com\/wp-content\/uploads\/2025\/04\/Childhome-torba-mommy-bag-urban-anthracit-1.png","width":800,"height":800},{"@type":"BreadcrumbList","@id":"https:\/\/ajatutaja.com\/hr\/proizvod\/torba-mommy-bag-signature-urban-anthracite\/#breadcrumb","itemListElement":[{"@type":"ListItem","position":1,"name":"Home","item":"https:\/\/ajatutaja.com\/hr\/"},{"@type":"ListItem","position":2,"name":"Trgovina","item":"https:\/\/ajatutaja.com\/hr\/trgovina\/"},{"@type":"ListItem","position":3,"name":"Torba MOMMY BAG &#8211; Signature Urban Anthracite"}]},{"@type":"WebSite","@id":"https:\/\/ajatutaja.com\/#website","url":"https:\/\/ajatutaja.com\/","name":"Ajatutaja","description":"Otro\u0161ka spletna trgovina AJATUTAJA","publisher":{"@id":"https:\/\/ajatutaja.com\/#organization"},"potentialAction":[{"@type":"SearchAction","target":{"@type":"EntryPoint","urlTemplate":"https:\/\/ajatutaja.com\/?s={search_term_string}"},"query-input":{"@type":"PropertyValueSpecification","valueRequired":true,"valueName":"search_term_string"}}],"inLanguage":"hr"},{"@type":"Organization","@id":"https:\/\/ajatutaja.com\/#organization","name":"Ajatutaja","url":"https:\/\/ajatutaja.com\/","logo":{"@type":"ImageObject","inLanguage":"hr","@id":"https:\/\/ajatutaja.com\/#\/schema\/logo\/image\/","url":"https:\/\/ajatutaja.com\/wp-content\/uploads\/2021\/10\/logo.png","contentUrl":"https:\/\/ajatutaja.com\/wp-content\/uploads\/2021\/10\/logo.png","width":555,"height":150,"caption":"Ajatutaja"},"image":{"@id":"https:\/\/ajatutaja.com\/#\/schema\/logo\/image\/"}}]}},"brands":[{"id":2422,"name":"Childhome","slug":"childhome-potepanje"},{"id":2409,"name":"Potepanje","slug":"potepanje"}],"_links":{"self":[{"href":"https:\/\/ajatutaja.com\/hr\/wp-json\/wp\/v2\/product\/74944","targetHints":{"allow":["GET"]}}],"collection":[{"href":"https:\/\/ajatutaja.com\/hr\/wp-json\/wp\/v2\/product"}],"about":[{"href":"https:\/\/ajatutaja.com\/hr\/wp-json\/wp\/v2\/types\/product"}],"wp:featuredmedia":[{"embeddable":true,"href":"https:\/\/ajatutaja.com\/hr\/wp-json\/wp\/v2\/media\/74945"}],"wp:attachment":[{"href":"https:\/\/ajatutaja.com\/hr\/wp-json\/wp\/v2\/media?parent=74944"}],"wp:term":[{"taxonomy":"pwb-brand","embeddable":true,"href":"https:\/\/ajatutaja.com\/hr\/wp-json\/wp\/v2\/pwb-brand?post=74944"},{"taxonomy":"product_brand","embeddable":true,"href":"https:\/\/ajatutaja.com\/hr\/wp-json\/wp\/v2\/product_brand?post=74944"},{"taxonomy":"product_cat","embeddable":true,"href":"https:\/\/ajatutaja.com\/hr\/wp-json\/wp\/v2\/product_cat?post=74944"},{"taxonomy":"product_tag","embeddable":true,"href":"https:\/\/ajatutaja.com\/hr\/wp-json\/wp\/v2\/product_tag?post=74944"}],"curies":[{"name":"wp","href":"https:\/\/api.w.org\/{rel}","templated":true}]}}