{"id":74833,"date":"2025-03-28T06:17:03","date_gmt":"2025-03-28T05:17:03","guid":{"rendered":"https:\/\/ajatutaja.com\/?post_type=product&#038;p=74833"},"modified":"2026-05-15T18:13:12","modified_gmt":"2026-05-15T16:13:12","slug":"nosilka-ergobaby-omni-deluxe-air-mesh-graphite-grey","status":"publish","type":"product","link":"https:\/\/ajatutaja.com\/hr\/proizvod\/nosilka-ergobaby-omni-deluxe-air-mesh-graphite-grey\/","title":{"rendered":"Nosilka Ergobaby OMNI Deluxe Air Mesh &#8211; Graphite Grey"},"content":{"rendered":"<p>[vc_row][vc_column][vc_column_text]Nova nosilka za otroke Ergobaby Omni Deluxe je izdelana iz lahke mre\u017easte tkanine SoftFlex\u2122 za najve\u010dji pretok zraka, zaradi \u010desar je to najbolj zra\u010dna nosilka na trgu, ki vam in va\u0161emu otroku ves dan zagotavlja prezskrbno uporabo brez odve\u010dnega potenja.\u00a0Z oblazinjenimi naramnicami in ledveno oporo bo vsaka dogodiv\u0161\u010dina videti lahka, ne glede na to, kako dolgo traja. Omni Deluxe ponuja 4 na\u010dine no\u0161enja za razli\u010dne starosti, od novorojen\u010dka do starosti vrtca (0 &#8211; 48 mesecev).<\/p>\n<p>Omni Deluxe je nosilka, ki se lahko uporablja brez vstavka od rojstva in vedno zagotavlja da je otrok v nosilki postavljen v pravilnem naravnem polo\u017eaju \u2013 noge v \u02ddM\u02ddpolo\u017eaju z raz\u0161irjenimi koleni, zadnjica postavljena v ravnini ali ni\u017eje od kolen in hrbtenica v pravilnem ukrivljenem polo\u017eaju v obliki \u010drke C.\u00a0 Nosilka podpira otroka od stegna do stegna, raste skupaj z otrokom in se prilagaja glede na velikost otroka in polo\u017eaj no\u0161enja.<\/p>\n<p>Zdrava hrbtenica za dojen\u010dke in star\u0161e &#8211; Ergobaby nosilke so priznane kot &#8220;zdravi izdelki za hrbtenico star\u0161ev&#8221; s strani organizacije organizacije Healthier Back (AGR).\u00a0Edinstven mre\u017easti material SoftFlex\u2122 Mesh z diamantnimi mre\u017enimi o\u010desi, na zunanjem robu katerih se odpira zra\u010dni \u017eep, notranja mikro-mre\u017ea pa omogo\u010da enostaven pretok zraka, kar zagotavlja izjemen ob\u010dutek udobja.<\/p>\n<h4>Nosilka Ergobaby Omni DELUXE ima naslednje lastnosti:<\/h4>\n<ul>\n<li>Nosilka je primerna za otroke od rojstva pa vse do 4 let oz. te\u017ee 20.4 kg<\/li>\n<li>Prilagodljiva velikost od rojstva do vrt\u010devske starosti (pribli\u017eno 0\u201348 mesecev; 3,2\u201320,4 kg)<\/li>\n<li>Takoj uporabna za novorojen\u010dka &#8211; brez uporabe vstavka za novorojen\u010dka<\/li>\n<li>4 polo\u017eaji no\u0161enja otroka<\/li>\n<li>Inovativna zasnova vklju\u010duje 6 \u017eepov za shranjevanje osebnih predmetov<\/li>\n<li>Hitro prilagajanje nosilke z oznakami na pasovih za popolno namestitev<\/li>\n<li>Dodatna podpora za spodnji del hrbta in dodatno podlo\u017eene naramnice<\/li>\n<li>Odsevni elementi za ve\u010djo varnost in za\u0161\u010dito<\/li>\n<li>SoftFlexTM mre\u017easta tkanina za najve\u010dji pretok zraka<\/li>\n<li>2 mo\u017enosti zapenjanja: \u2018H\u2019 zapenjanje ali prekri\u017eane naramnice.<\/li>\n<li>Kri\u017ene naramnice in ledvena podpora<\/li>\n<li>Kapuca za za\u0161\u010dito pred soncem (UPF 50+), zasebnost in la\u017eje dojenje<\/li>\n<li>ErgoPromise &#8211; 10 let garancije<\/li>\n<\/ul>\n<h4>4 Polo\u017eaji no\u0161enja:<\/h4>\n<ol>\n<li><em>Polo\u017eaj na trebuhu &#8211; otrok je obrnjen k star\u0161u:<\/em> Za novorojen\u010dke in mal\u010dke<\/li>\n<li><em>Polo\u017eaj na trebuhu &#8211; otrok gleda naprej:<\/em> Za mal\u010de od 6 mesecev dalje<\/li>\n<li><em>No\u0161enje otroka na boku:<\/em> Za mal\u010dke od 6 mesecev dalje<\/li>\n<li><em>No\u0161enje otroka na hrbtu:<\/em> Za mal\u010dke od 6 mesecev dalje<\/li>\n<\/ol>\n<p>[\/vc_column_text][\/vc_column][\/vc_row]<\/p>\n","protected":false},"excerpt":{"rendered":"<p style=\"text-align: justify\">Ergobaby Omni Deluxe predstavlja nadgradnjo priljubljene nosilke Ergobaby Omni. Izjemno zra\u010dna in dodatno izbolj\u0161ana nosilka je skrbno oblikovana s \u010distimi linijami, dodatnim prostorom za shranjevanje ter izjemno zra\u010dnostjo in zagotovljenim udobjem. Primerna za otroke od rojstva pa vse do 4 leta oz. 20 kg.<\/p>\n","protected":false},"featured_media":74841,"template":"","meta":[],"pwb-brand":[2415,2409],"product_brand":[],"product_cat":[2397,2361],"product_tag":[3973,5748],"class_list":{"0":"post-74833","1":"product","2":"type-product","3":"status-publish","4":"has-post-thumbnail","6":"pwb-brand-ergobaby-potepanje","7":"pwb-brand-potepanje","8":"product_cat-nosilke-za-otroke","9":"product_cat-potepanje","10":"product_tag-ergobaby","11":"product_tag-omni-deluxe","13":"first","14":"instock","15":"taxable","16":"shipping-taxable","17":"purchasable","18":"product-type-simple","19":"add-to-wishlist-before_image"},"yoast_head":"<!-- This site is optimized with the Yoast SEO plugin v27.6 - https:\/\/yoast.com\/product\/yoast-seo-wordpress\/ -->\n<title>Nosilka Ergobaby OMNI Deluxe Air Mesh - Graphite Grey | Ajatutaja<\/title>\n<meta name=\"description\" content=\"Nova nosilka za otroke Ergobaby Omni Deluxe je izdelana iz lahke mre\u017easte tkanine SoftFlex\u2122 za najve\u010dji pretok zraka, zaradi \u010desar je to najbolj zra\u010dna nosilka na trgu, ki vam in va\u0161emu otroku ves dan zagotavlja prezskrbno uporabo brez odve\u010dnega potenja.\" \/>\n<meta name=\"robots\" content=\"index, follow, max-snippet:-1, max-image-preview:large, max-video-preview:-1\" \/>\n<link rel=\"canonical\" href=\"https:\/\/ajatutaja.com\/izdelek\/nosilka-ergobaby-omni-deluxe-air-mesh-graphite-grey\/\" \/>\n<meta property=\"og:locale\" content=\"hr_HR\" \/>\n<meta property=\"og:type\" content=\"article\" \/>\n<meta property=\"og:title\" content=\"Nosilka Ergobaby OMNI Deluxe Air Mesh - Graphite Grey | Ajatutaja\" \/>\n<meta property=\"og:description\" content=\"Nova nosilka za otroke Ergobaby Omni Deluxe je izdelana iz lahke mre\u017easte tkanine SoftFlex\u2122 za najve\u010dji pretok zraka, zaradi \u010desar je to najbolj zra\u010dna nosilka na trgu, ki vam in va\u0161emu otroku ves dan zagotavlja prezskrbno uporabo brez odve\u010dnega potenja.\" \/>\n<meta property=\"og:url\" content=\"https:\/\/ajatutaja.com\/izdelek\/nosilka-ergobaby-omni-deluxe-air-mesh-graphite-grey\/\" \/>\n<meta property=\"og:site_name\" content=\"Ajatutaja\" \/>\n<meta property=\"article:modified_time\" content=\"2026-05-15T16:13:12+00:00\" \/>\n<meta property=\"og:image\" content=\"https:\/\/ajatutaja.com\/wp-content\/uploads\/2025\/03\/Ergobaby-omni-deluxe-mesh-nosilka-za-otroke-ajatutaja-graphite-1.jpg\" \/>\n\t<meta property=\"og:image:width\" content=\"2349\" \/>\n\t<meta property=\"og:image:height\" content=\"2400\" \/>\n\t<meta property=\"og:image:type\" content=\"image\/jpeg\" \/>\n<meta name=\"twitter:card\" content=\"summary_large_image\" \/>\n<meta name=\"twitter:label1\" content=\"Procijenjeno vrijeme \u010ditanja\" \/>\n\t<meta name=\"twitter:data1\" content=\"2 minute\" \/>\n<script type=\"application\/ld+json\" class=\"yoast-schema-graph\">{\"@context\":\"https:\\\/\\\/schema.org\",\"@graph\":[{\"@type\":\"WebPage\",\"@id\":\"https:\\\/\\\/ajatutaja.com\\\/izdelek\\\/nosilka-ergobaby-omni-deluxe-air-mesh-graphite-grey\\\/\",\"url\":\"https:\\\/\\\/ajatutaja.com\\\/izdelek\\\/nosilka-ergobaby-omni-deluxe-air-mesh-graphite-grey\\\/\",\"name\":\"Nosilka Ergobaby OMNI Deluxe Air Mesh - Graphite Grey | Ajatutaja\",\"isPartOf\":{\"@id\":\"https:\\\/\\\/ajatutaja.com\\\/#website\"},\"primaryImageOfPage\":{\"@id\":\"https:\\\/\\\/ajatutaja.com\\\/izdelek\\\/nosilka-ergobaby-omni-deluxe-air-mesh-graphite-grey\\\/#primaryimage\"},\"image\":{\"@id\":\"https:\\\/\\\/ajatutaja.com\\\/izdelek\\\/nosilka-ergobaby-omni-deluxe-air-mesh-graphite-grey\\\/#primaryimage\"},\"thumbnailUrl\":\"https:\\\/\\\/ajatutaja.com\\\/wp-content\\\/uploads\\\/2025\\\/03\\\/Ergobaby-omni-deluxe-mesh-nosilka-za-otroke-ajatutaja-graphite-1.jpg\",\"datePublished\":\"2025-03-28T05:17:03+00:00\",\"dateModified\":\"2026-05-15T16:13:12+00:00\",\"description\":\"Nova nosilka za otroke Ergobaby Omni Deluxe je izdelana iz lahke mre\u017easte tkanine SoftFlex\u2122 za najve\u010dji pretok zraka, zaradi \u010desar je to najbolj zra\u010dna nosilka na trgu, ki vam in va\u0161emu otroku ves dan zagotavlja prezskrbno uporabo brez odve\u010dnega potenja.\",\"breadcrumb\":{\"@id\":\"https:\\\/\\\/ajatutaja.com\\\/izdelek\\\/nosilka-ergobaby-omni-deluxe-air-mesh-graphite-grey\\\/#breadcrumb\"},\"inLanguage\":\"hr\",\"potentialAction\":[{\"@type\":\"ReadAction\",\"target\":[\"https:\\\/\\\/ajatutaja.com\\\/izdelek\\\/nosilka-ergobaby-omni-deluxe-air-mesh-graphite-grey\\\/\"]}]},{\"@type\":\"ImageObject\",\"inLanguage\":\"hr\",\"@id\":\"https:\\\/\\\/ajatutaja.com\\\/izdelek\\\/nosilka-ergobaby-omni-deluxe-air-mesh-graphite-grey\\\/#primaryimage\",\"url\":\"https:\\\/\\\/ajatutaja.com\\\/wp-content\\\/uploads\\\/2025\\\/03\\\/Ergobaby-omni-deluxe-mesh-nosilka-za-otroke-ajatutaja-graphite-1.jpg\",\"contentUrl\":\"https:\\\/\\\/ajatutaja.com\\\/wp-content\\\/uploads\\\/2025\\\/03\\\/Ergobaby-omni-deluxe-mesh-nosilka-za-otroke-ajatutaja-graphite-1.jpg\",\"width\":2349,\"height\":2400},{\"@type\":\"BreadcrumbList\",\"@id\":\"https:\\\/\\\/ajatutaja.com\\\/izdelek\\\/nosilka-ergobaby-omni-deluxe-air-mesh-graphite-grey\\\/#breadcrumb\",\"itemListElement\":[{\"@type\":\"ListItem\",\"position\":1,\"name\":\"Home\",\"item\":\"https:\\\/\\\/ajatutaja.com\\\/hr\\\/\"},{\"@type\":\"ListItem\",\"position\":2,\"name\":\"Trgovina\",\"item\":\"https:\\\/\\\/ajatutaja.com\\\/hr\\\/trgovina\\\/\"},{\"@type\":\"ListItem\",\"position\":3,\"name\":\"Nosilka Ergobaby OMNI Deluxe Air Mesh &#8211; Graphite Grey\"}]},{\"@type\":\"WebSite\",\"@id\":\"https:\\\/\\\/ajatutaja.com\\\/#website\",\"url\":\"https:\\\/\\\/ajatutaja.com\\\/\",\"name\":\"Ajatutaja\",\"description\":\"Otro\u0161ka spletna trgovina AJATUTAJA\",\"publisher\":{\"@id\":\"https:\\\/\\\/ajatutaja.com\\\/#organization\"},\"potentialAction\":[{\"@type\":\"SearchAction\",\"target\":{\"@type\":\"EntryPoint\",\"urlTemplate\":\"https:\\\/\\\/ajatutaja.com\\\/?s={search_term_string}\"},\"query-input\":{\"@type\":\"PropertyValueSpecification\",\"valueRequired\":true,\"valueName\":\"search_term_string\"}}],\"inLanguage\":\"hr\"},{\"@type\":\"Organization\",\"@id\":\"https:\\\/\\\/ajatutaja.com\\\/#organization\",\"name\":\"Ajatutaja\",\"url\":\"https:\\\/\\\/ajatutaja.com\\\/\",\"logo\":{\"@type\":\"ImageObject\",\"inLanguage\":\"hr\",\"@id\":\"https:\\\/\\\/ajatutaja.com\\\/#\\\/schema\\\/logo\\\/image\\\/\",\"url\":\"https:\\\/\\\/ajatutaja.com\\\/wp-content\\\/uploads\\\/2021\\\/10\\\/logo.png\",\"contentUrl\":\"https:\\\/\\\/ajatutaja.com\\\/wp-content\\\/uploads\\\/2021\\\/10\\\/logo.png\",\"width\":555,\"height\":150,\"caption\":\"Ajatutaja\"},\"image\":{\"@id\":\"https:\\\/\\\/ajatutaja.com\\\/#\\\/schema\\\/logo\\\/image\\\/\"}}]}<\/script>\n<!-- \/ Yoast SEO plugin. -->","yoast_head_json":{"title":"Nosilka Ergobaby OMNI Deluxe Air Mesh - Graphite Grey | Ajatutaja","description":"Nova nosilka za otroke Ergobaby Omni Deluxe je izdelana iz lahke mre\u017easte tkanine SoftFlex\u2122 za najve\u010dji pretok zraka, zaradi \u010desar je to najbolj zra\u010dna nosilka na trgu, ki vam in va\u0161emu otroku ves dan zagotavlja prezskrbno uporabo brez odve\u010dnega potenja.","robots":{"index":"index","follow":"follow","max-snippet":"max-snippet:-1","max-image-preview":"max-image-preview:large","max-video-preview":"max-video-preview:-1"},"canonical":"https:\/\/ajatutaja.com\/izdelek\/nosilka-ergobaby-omni-deluxe-air-mesh-graphite-grey\/","og_locale":"hr_HR","og_type":"article","og_title":"Nosilka Ergobaby OMNI Deluxe Air Mesh - Graphite Grey | Ajatutaja","og_description":"Nova nosilka za otroke Ergobaby Omni Deluxe je izdelana iz lahke mre\u017easte tkanine SoftFlex\u2122 za najve\u010dji pretok zraka, zaradi \u010desar je to najbolj zra\u010dna nosilka na trgu, ki vam in va\u0161emu otroku ves dan zagotavlja prezskrbno uporabo brez odve\u010dnega potenja.","og_url":"https:\/\/ajatutaja.com\/izdelek\/nosilka-ergobaby-omni-deluxe-air-mesh-graphite-grey\/","og_site_name":"Ajatutaja","article_modified_time":"2026-05-15T16:13:12+00:00","og_image":[{"width":2349,"height":2400,"url":"https:\/\/ajatutaja.com\/wp-content\/uploads\/2025\/03\/Ergobaby-omni-deluxe-mesh-nosilka-za-otroke-ajatutaja-graphite-1.jpg","type":"image\/jpeg"}],"twitter_card":"summary_large_image","twitter_misc":{"Procijenjeno vrijeme \u010ditanja":"2 minute"},"schema":{"@context":"https:\/\/schema.org","@graph":[{"@type":"WebPage","@id":"https:\/\/ajatutaja.com\/izdelek\/nosilka-ergobaby-omni-deluxe-air-mesh-graphite-grey\/","url":"https:\/\/ajatutaja.com\/izdelek\/nosilka-ergobaby-omni-deluxe-air-mesh-graphite-grey\/","name":"Nosilka Ergobaby OMNI Deluxe Air Mesh - Graphite Grey | Ajatutaja","isPartOf":{"@id":"https:\/\/ajatutaja.com\/#website"},"primaryImageOfPage":{"@id":"https:\/\/ajatutaja.com\/izdelek\/nosilka-ergobaby-omni-deluxe-air-mesh-graphite-grey\/#primaryimage"},"image":{"@id":"https:\/\/ajatutaja.com\/izdelek\/nosilka-ergobaby-omni-deluxe-air-mesh-graphite-grey\/#primaryimage"},"thumbnailUrl":"https:\/\/ajatutaja.com\/wp-content\/uploads\/2025\/03\/Ergobaby-omni-deluxe-mesh-nosilka-za-otroke-ajatutaja-graphite-1.jpg","datePublished":"2025-03-28T05:17:03+00:00","dateModified":"2026-05-15T16:13:12+00:00","description":"Nova nosilka za otroke Ergobaby Omni Deluxe je izdelana iz lahke mre\u017easte tkanine SoftFlex\u2122 za najve\u010dji pretok zraka, zaradi \u010desar je to najbolj zra\u010dna nosilka na trgu, ki vam in va\u0161emu otroku ves dan zagotavlja prezskrbno uporabo brez odve\u010dnega potenja.","breadcrumb":{"@id":"https:\/\/ajatutaja.com\/izdelek\/nosilka-ergobaby-omni-deluxe-air-mesh-graphite-grey\/#breadcrumb"},"inLanguage":"hr","potentialAction":[{"@type":"ReadAction","target":["https:\/\/ajatutaja.com\/izdelek\/nosilka-ergobaby-omni-deluxe-air-mesh-graphite-grey\/"]}]},{"@type":"ImageObject","inLanguage":"hr","@id":"https:\/\/ajatutaja.com\/izdelek\/nosilka-ergobaby-omni-deluxe-air-mesh-graphite-grey\/#primaryimage","url":"https:\/\/ajatutaja.com\/wp-content\/uploads\/2025\/03\/Ergobaby-omni-deluxe-mesh-nosilka-za-otroke-ajatutaja-graphite-1.jpg","contentUrl":"https:\/\/ajatutaja.com\/wp-content\/uploads\/2025\/03\/Ergobaby-omni-deluxe-mesh-nosilka-za-otroke-ajatutaja-graphite-1.jpg","width":2349,"height":2400},{"@type":"BreadcrumbList","@id":"https:\/\/ajatutaja.com\/izdelek\/nosilka-ergobaby-omni-deluxe-air-mesh-graphite-grey\/#breadcrumb","itemListElement":[{"@type":"ListItem","position":1,"name":"Home","item":"https:\/\/ajatutaja.com\/hr\/"},{"@type":"ListItem","position":2,"name":"Trgovina","item":"https:\/\/ajatutaja.com\/hr\/trgovina\/"},{"@type":"ListItem","position":3,"name":"Nosilka Ergobaby OMNI Deluxe Air Mesh &#8211; Graphite Grey"}]},{"@type":"WebSite","@id":"https:\/\/ajatutaja.com\/#website","url":"https:\/\/ajatutaja.com\/","name":"Ajatutaja","description":"Otro\u0161ka spletna trgovina AJATUTAJA","publisher":{"@id":"https:\/\/ajatutaja.com\/#organization"},"potentialAction":[{"@type":"SearchAction","target":{"@type":"EntryPoint","urlTemplate":"https:\/\/ajatutaja.com\/?s={search_term_string}"},"query-input":{"@type":"PropertyValueSpecification","valueRequired":true,"valueName":"search_term_string"}}],"inLanguage":"hr"},{"@type":"Organization","@id":"https:\/\/ajatutaja.com\/#organization","name":"Ajatutaja","url":"https:\/\/ajatutaja.com\/","logo":{"@type":"ImageObject","inLanguage":"hr","@id":"https:\/\/ajatutaja.com\/#\/schema\/logo\/image\/","url":"https:\/\/ajatutaja.com\/wp-content\/uploads\/2021\/10\/logo.png","contentUrl":"https:\/\/ajatutaja.com\/wp-content\/uploads\/2021\/10\/logo.png","width":555,"height":150,"caption":"Ajatutaja"},"image":{"@id":"https:\/\/ajatutaja.com\/#\/schema\/logo\/image\/"}}]}},"brands":[{"id":2415,"name":"Ergobaby","slug":"ergobaby-potepanje"},{"id":2409,"name":"Potepanje","slug":"potepanje"}],"_links":{"self":[{"href":"https:\/\/ajatutaja.com\/hr\/wp-json\/wp\/v2\/product\/74833","targetHints":{"allow":["GET"]}}],"collection":[{"href":"https:\/\/ajatutaja.com\/hr\/wp-json\/wp\/v2\/product"}],"about":[{"href":"https:\/\/ajatutaja.com\/hr\/wp-json\/wp\/v2\/types\/product"}],"wp:featuredmedia":[{"embeddable":true,"href":"https:\/\/ajatutaja.com\/hr\/wp-json\/wp\/v2\/media\/74841"}],"wp:attachment":[{"href":"https:\/\/ajatutaja.com\/hr\/wp-json\/wp\/v2\/media?parent=74833"}],"wp:term":[{"taxonomy":"pwb-brand","embeddable":true,"href":"https:\/\/ajatutaja.com\/hr\/wp-json\/wp\/v2\/pwb-brand?post=74833"},{"taxonomy":"product_brand","embeddable":true,"href":"https:\/\/ajatutaja.com\/hr\/wp-json\/wp\/v2\/product_brand?post=74833"},{"taxonomy":"product_cat","embeddable":true,"href":"https:\/\/ajatutaja.com\/hr\/wp-json\/wp\/v2\/product_cat?post=74833"},{"taxonomy":"product_tag","embeddable":true,"href":"https:\/\/ajatutaja.com\/hr\/wp-json\/wp\/v2\/product_tag?post=74833"}],"curies":[{"name":"wp","href":"https:\/\/api.w.org\/{rel}","templated":true}]}}