{"id":73711,"date":"2025-02-25T16:03:38","date_gmt":"2025-02-25T15:03:38","guid":{"rendered":"https:\/\/ajatutaja.com\/?post_type=product&#038;p=73711"},"modified":"2025-12-02T07:32:26","modified_gmt":"2025-12-02T06:32:26","slug":"iglu-soft-play-igralne-zogice-za-bazen-500-kosov-white","status":"publish","type":"product","link":"https:\/\/ajatutaja.com\/hr\/proizvod\/iglu-soft-play-igralne-zogice-za-bazen-500-kosov-white\/","title":{"rendered":"IGLU Soft Play igralne \u017eogice za bazen (500 kosov) &#8211; White"},"content":{"rendered":"<p>[vc_row][vc_column][vc_column_text]<\/p>\n<h3>Klju\u010dne lastnosti IGLU \u017eogic:<\/h3>\n<ul>\n<li>V kompletu je 500 \u017eogic.<\/li>\n<li>Primerne za otroke 12+ mesecev.<\/li>\n<li><span data-sheets-root=\"1\">Namenjene za aktivno igro v notranjih in zunanjih prostorih.<\/span><\/li>\n<li><span data-sheets-root=\"1\">Primerne za razvoj \u0161irokega spektra gibalnih in motori\u010dnih sposobnosti otrok.<\/span><\/li>\n<li><span data-sheets-root=\"1\">Izdelano iz visokokakovostnih, nestrupenih in hipoalergenih materialov, brez vonja, za varno igro mal\u010dkov.<\/span><\/li>\n<li><span data-sheets-root=\"1\">Premer posamezne \u017eogice je 7 cm, kar je idealna velikost za prijemanje in metanje majhnih rok, kar spodbuja razvoj motori\u010dnih sposobnosti.<\/span><\/li>\n<li><span data-sheets-root=\"1\">\u017dogice so odporne na obrabo, udarce in razpoke, kar zagotavlja dolgo \u017eivljenjsko dobo. Ko jih stisnemo, hitro pridobijo prvotno obliko.<\/span><\/li>\n<li><span data-sheets-root=\"1\">Zagotovljena varnost: Evropski certifikat skladnosti CE (EU Direktiva 88\/378 \/ EEC)<\/span><\/li>\n<li>Brez BPA in ftalatov.<\/li>\n<li>Izdelano v EU.<\/li>\n<\/ul>\n<h4>Klju\u010dne prednosti igre v bazenu za \u017eogice:<\/h4>\n<ul>\n<li><span data-sheets-root=\"1\"><em>Ravnote\u017eje in koordinacija:<\/em> Otroci krepijo grobe motori\u010dne sposobnosti in ravnote\u017eje.<br \/>\n<\/span><\/li>\n<li><span data-sheets-root=\"1\"><em>Domiselna igra:<\/em> Otroci se potopijo v svet domi\u0161ljije.<br \/>\n<\/span><\/li>\n<li><span data-sheets-root=\"1\"><em>Fizi\u010dna aktivnost:<\/em> Aktivna igra spodbuja krepitev mi\u0161ic in zdrav na\u010din \u017eivljenja.<br \/>\n<\/span><\/li>\n<li><span data-sheets-root=\"1\"><em>Varno raziskovanje:<\/em> Skakanje in potapljanje v bazen z \u017eogami omogo\u010da otrokom varno preizku\u0161anje meja, krepitev samozavesti in spoznavanje svojih sposobnosti v nadzorovanem okolju.<br \/>\n<\/span><\/li>\n<li><span data-sheets-root=\"1\"><em>Dru\u017ebena interakcija:<\/em> Skupna igra z \u017eogicami omogo\u010da sodelovanje, deljenje in razvijanje socialnih ve\u0161\u010din.<br \/>\n<\/span><\/li>\n<li><span data-sheets-root=\"1\"><em>Vzrok in posledica:<\/em> Otroci eksperimentirajo z metanjem in opazovanjem, kar spodbuja radovednost.<\/span><\/li>\n<\/ul>\n<h4>Ostale prednosti:<\/h4>\n<ul>\n<li><span data-sheets-root=\"1\">Za aktivno igro v notranjih in zunanjih prostorih.<\/span><\/li>\n<li><span data-sheets-root=\"1\">Za razvoj \u0161irokega spektra gibalnih in motori\u010dnih sposobnosti otrok.<\/span><\/li>\n<\/ul>\n<p>[\/vc_column_text][\/vc_column][\/vc_row]<\/p>\n","protected":false},"excerpt":{"rendered":"<p style=\"text-align: justify\">Set 500 mehkih plasti\u010dnih IGLU Soft Play \u017eogic v beli barvi zagotavlja varno in zabavno igro. \u017dogice za otro\u0161ki bazen so izdelane iz visokokakovostnih, nestrupenih materialov, ki zagotavljajo brezskrbno uporabo. S premerom 7 cm so popolne velikosti tudi za majhne roke, kar spodbuja razvoj motori\u010dnih spretnosti, kot so prijemanje, metanje in razvr\u0161\u010danje.<\/p>\n","protected":false},"featured_media":73707,"template":"","meta":[],"pwb-brand":[5714,2452],"product_brand":[],"product_cat":[3989,2441,2440,2362],"product_tag":[5720,5719],"class_list":{"0":"post-73711","1":"product","2":"type-product","3":"status-publish","4":"has-post-thumbnail","6":"pwb-brand-iglu","7":"pwb-brand-igranje","8":"product_cat-12-mesecev-igrace","9":"product_cat-aktivnostne-igrace","10":"product_cat-igralni-centri","11":"product_cat-igranje","12":"product_tag-bazen-za-zogice","13":"product_tag-iglu","15":"first","16":"onbackorder","17":"taxable","18":"shipping-taxable","19":"purchasable","20":"product-type-simple","21":"add-to-wishlist-before_image"},"yoast_head":"<!-- This site is optimized with the Yoast SEO plugin v27.3 - https:\/\/yoast.com\/product\/yoast-seo-wordpress\/ -->\n<title>IGLU Soft Play igralne \u017eogice za bazen (500 kosov) - White | Ajatutaja<\/title>\n<meta name=\"description\" content=\"Set 500 mehkih plasti\u010dnih IGLU Soft Play \u017eogic je zasnovan za varno in zabavno igro. \u017dogice za otro\u0161ki bazen so izdelane iz visokokakovostnih, nestrupenih materialov, ki zagotavljajo brezskrbno uporabo.\" \/>\n<meta name=\"robots\" content=\"index, follow, max-snippet:-1, max-image-preview:large, max-video-preview:-1\" \/>\n<link rel=\"canonical\" href=\"https:\/\/ajatutaja.com\/izdelek\/iglu-soft-play-igralne-zogice-za-bazen-500-kosov-white\/\" \/>\n<meta property=\"og:locale\" content=\"hr_HR\" \/>\n<meta property=\"og:type\" content=\"article\" \/>\n<meta property=\"og:title\" content=\"IGLU Soft Play igralne \u017eogice za bazen (500 kosov) - White | Ajatutaja\" \/>\n<meta property=\"og:description\" content=\"Set 500 mehkih plasti\u010dnih IGLU Soft Play \u017eogic je zasnovan za varno in zabavno igro. \u017dogice za otro\u0161ki bazen so izdelane iz visokokakovostnih, nestrupenih materialov, ki zagotavljajo brezskrbno uporabo.\" \/>\n<meta property=\"og:url\" content=\"https:\/\/ajatutaja.com\/izdelek\/iglu-soft-play-igralne-zogice-za-bazen-500-kosov-white\/\" \/>\n<meta property=\"og:site_name\" content=\"Ajatutaja\" \/>\n<meta property=\"article:modified_time\" content=\"2025-12-02T06:32:26+00:00\" \/>\n<meta property=\"og:image\" content=\"https:\/\/ajatutaja.com\/wp-content\/uploads\/2025\/02\/IGLUBallPitBalls_500pc_3.webp\" \/>\n\t<meta property=\"og:image:width\" content=\"800\" \/>\n\t<meta property=\"og:image:height\" content=\"800\" \/>\n\t<meta property=\"og:image:type\" content=\"image\/webp\" \/>\n<meta name=\"twitter:card\" content=\"summary_large_image\" \/>\n<meta name=\"twitter:label1\" content=\"Procijenjeno vrijeme \u010ditanja\" \/>\n\t<meta name=\"twitter:data1\" content=\"1 minuta\" \/>\n<script type=\"application\/ld+json\" class=\"yoast-schema-graph\">{\"@context\":\"https:\\\/\\\/schema.org\",\"@graph\":[{\"@type\":\"WebPage\",\"@id\":\"https:\\\/\\\/ajatutaja.com\\\/izdelek\\\/iglu-soft-play-igralne-zogice-za-bazen-500-kosov-white\\\/\",\"url\":\"https:\\\/\\\/ajatutaja.com\\\/izdelek\\\/iglu-soft-play-igralne-zogice-za-bazen-500-kosov-white\\\/\",\"name\":\"IGLU Soft Play igralne \u017eogice za bazen (500 kosov) - White | Ajatutaja\",\"isPartOf\":{\"@id\":\"https:\\\/\\\/ajatutaja.com\\\/#website\"},\"primaryImageOfPage\":{\"@id\":\"https:\\\/\\\/ajatutaja.com\\\/izdelek\\\/iglu-soft-play-igralne-zogice-za-bazen-500-kosov-white\\\/#primaryimage\"},\"image\":{\"@id\":\"https:\\\/\\\/ajatutaja.com\\\/izdelek\\\/iglu-soft-play-igralne-zogice-za-bazen-500-kosov-white\\\/#primaryimage\"},\"thumbnailUrl\":\"https:\\\/\\\/ajatutaja.com\\\/wp-content\\\/uploads\\\/2025\\\/02\\\/IGLUBallPitBalls_500pc_3.webp\",\"datePublished\":\"2025-02-25T15:03:38+00:00\",\"dateModified\":\"2025-12-02T06:32:26+00:00\",\"description\":\"Set 500 mehkih plasti\u010dnih IGLU Soft Play \u017eogic je zasnovan za varno in zabavno igro. \u017dogice za otro\u0161ki bazen so izdelane iz visokokakovostnih, nestrupenih materialov, ki zagotavljajo brezskrbno uporabo.\",\"breadcrumb\":{\"@id\":\"https:\\\/\\\/ajatutaja.com\\\/izdelek\\\/iglu-soft-play-igralne-zogice-za-bazen-500-kosov-white\\\/#breadcrumb\"},\"inLanguage\":\"hr\",\"potentialAction\":[{\"@type\":\"ReadAction\",\"target\":[\"https:\\\/\\\/ajatutaja.com\\\/izdelek\\\/iglu-soft-play-igralne-zogice-za-bazen-500-kosov-white\\\/\"]}]},{\"@type\":\"ImageObject\",\"inLanguage\":\"hr\",\"@id\":\"https:\\\/\\\/ajatutaja.com\\\/izdelek\\\/iglu-soft-play-igralne-zogice-za-bazen-500-kosov-white\\\/#primaryimage\",\"url\":\"https:\\\/\\\/ajatutaja.com\\\/wp-content\\\/uploads\\\/2025\\\/02\\\/IGLUBallPitBalls_500pc_3.webp\",\"contentUrl\":\"https:\\\/\\\/ajatutaja.com\\\/wp-content\\\/uploads\\\/2025\\\/02\\\/IGLUBallPitBalls_500pc_3.webp\",\"width\":800,\"height\":800},{\"@type\":\"BreadcrumbList\",\"@id\":\"https:\\\/\\\/ajatutaja.com\\\/izdelek\\\/iglu-soft-play-igralne-zogice-za-bazen-500-kosov-white\\\/#breadcrumb\",\"itemListElement\":[{\"@type\":\"ListItem\",\"position\":1,\"name\":\"Home\",\"item\":\"https:\\\/\\\/ajatutaja.com\\\/hr\\\/\"},{\"@type\":\"ListItem\",\"position\":2,\"name\":\"Trgovina\",\"item\":\"https:\\\/\\\/ajatutaja.com\\\/hr\\\/trgovina\\\/\"},{\"@type\":\"ListItem\",\"position\":3,\"name\":\"IGLU Soft Play igralne \u017eogice za bazen (500 kosov) &#8211; White\"}]},{\"@type\":\"WebSite\",\"@id\":\"https:\\\/\\\/ajatutaja.com\\\/#website\",\"url\":\"https:\\\/\\\/ajatutaja.com\\\/\",\"name\":\"Ajatutaja\",\"description\":\"Otro\u0161ka spletna trgovina AJATUTAJA\",\"publisher\":{\"@id\":\"https:\\\/\\\/ajatutaja.com\\\/#organization\"},\"potentialAction\":[{\"@type\":\"SearchAction\",\"target\":{\"@type\":\"EntryPoint\",\"urlTemplate\":\"https:\\\/\\\/ajatutaja.com\\\/?s={search_term_string}\"},\"query-input\":{\"@type\":\"PropertyValueSpecification\",\"valueRequired\":true,\"valueName\":\"search_term_string\"}}],\"inLanguage\":\"hr\"},{\"@type\":\"Organization\",\"@id\":\"https:\\\/\\\/ajatutaja.com\\\/#organization\",\"name\":\"Ajatutaja\",\"url\":\"https:\\\/\\\/ajatutaja.com\\\/\",\"logo\":{\"@type\":\"ImageObject\",\"inLanguage\":\"hr\",\"@id\":\"https:\\\/\\\/ajatutaja.com\\\/#\\\/schema\\\/logo\\\/image\\\/\",\"url\":\"https:\\\/\\\/ajatutaja.com\\\/wp-content\\\/uploads\\\/2021\\\/10\\\/logo.png\",\"contentUrl\":\"https:\\\/\\\/ajatutaja.com\\\/wp-content\\\/uploads\\\/2021\\\/10\\\/logo.png\",\"width\":555,\"height\":150,\"caption\":\"Ajatutaja\"},\"image\":{\"@id\":\"https:\\\/\\\/ajatutaja.com\\\/#\\\/schema\\\/logo\\\/image\\\/\"}}]}<\/script>\n<!-- \/ Yoast SEO plugin. -->","yoast_head_json":{"title":"IGLU Soft Play igralne \u017eogice za bazen (500 kosov) - White | Ajatutaja","description":"Set 500 mehkih plasti\u010dnih IGLU Soft Play \u017eogic je zasnovan za varno in zabavno igro. \u017dogice za otro\u0161ki bazen so izdelane iz visokokakovostnih, nestrupenih materialov, ki zagotavljajo brezskrbno uporabo.","robots":{"index":"index","follow":"follow","max-snippet":"max-snippet:-1","max-image-preview":"max-image-preview:large","max-video-preview":"max-video-preview:-1"},"canonical":"https:\/\/ajatutaja.com\/izdelek\/iglu-soft-play-igralne-zogice-za-bazen-500-kosov-white\/","og_locale":"hr_HR","og_type":"article","og_title":"IGLU Soft Play igralne \u017eogice za bazen (500 kosov) - White | Ajatutaja","og_description":"Set 500 mehkih plasti\u010dnih IGLU Soft Play \u017eogic je zasnovan za varno in zabavno igro. \u017dogice za otro\u0161ki bazen so izdelane iz visokokakovostnih, nestrupenih materialov, ki zagotavljajo brezskrbno uporabo.","og_url":"https:\/\/ajatutaja.com\/izdelek\/iglu-soft-play-igralne-zogice-za-bazen-500-kosov-white\/","og_site_name":"Ajatutaja","article_modified_time":"2025-12-02T06:32:26+00:00","og_image":[{"width":800,"height":800,"url":"https:\/\/ajatutaja.com\/wp-content\/uploads\/2025\/02\/IGLUBallPitBalls_500pc_3.webp","type":"image\/webp"}],"twitter_card":"summary_large_image","twitter_misc":{"Procijenjeno vrijeme \u010ditanja":"1 minuta"},"schema":{"@context":"https:\/\/schema.org","@graph":[{"@type":"WebPage","@id":"https:\/\/ajatutaja.com\/izdelek\/iglu-soft-play-igralne-zogice-za-bazen-500-kosov-white\/","url":"https:\/\/ajatutaja.com\/izdelek\/iglu-soft-play-igralne-zogice-za-bazen-500-kosov-white\/","name":"IGLU Soft Play igralne \u017eogice za bazen (500 kosov) - White | Ajatutaja","isPartOf":{"@id":"https:\/\/ajatutaja.com\/#website"},"primaryImageOfPage":{"@id":"https:\/\/ajatutaja.com\/izdelek\/iglu-soft-play-igralne-zogice-za-bazen-500-kosov-white\/#primaryimage"},"image":{"@id":"https:\/\/ajatutaja.com\/izdelek\/iglu-soft-play-igralne-zogice-za-bazen-500-kosov-white\/#primaryimage"},"thumbnailUrl":"https:\/\/ajatutaja.com\/wp-content\/uploads\/2025\/02\/IGLUBallPitBalls_500pc_3.webp","datePublished":"2025-02-25T15:03:38+00:00","dateModified":"2025-12-02T06:32:26+00:00","description":"Set 500 mehkih plasti\u010dnih IGLU Soft Play \u017eogic je zasnovan za varno in zabavno igro. \u017dogice za otro\u0161ki bazen so izdelane iz visokokakovostnih, nestrupenih materialov, ki zagotavljajo brezskrbno uporabo.","breadcrumb":{"@id":"https:\/\/ajatutaja.com\/izdelek\/iglu-soft-play-igralne-zogice-za-bazen-500-kosov-white\/#breadcrumb"},"inLanguage":"hr","potentialAction":[{"@type":"ReadAction","target":["https:\/\/ajatutaja.com\/izdelek\/iglu-soft-play-igralne-zogice-za-bazen-500-kosov-white\/"]}]},{"@type":"ImageObject","inLanguage":"hr","@id":"https:\/\/ajatutaja.com\/izdelek\/iglu-soft-play-igralne-zogice-za-bazen-500-kosov-white\/#primaryimage","url":"https:\/\/ajatutaja.com\/wp-content\/uploads\/2025\/02\/IGLUBallPitBalls_500pc_3.webp","contentUrl":"https:\/\/ajatutaja.com\/wp-content\/uploads\/2025\/02\/IGLUBallPitBalls_500pc_3.webp","width":800,"height":800},{"@type":"BreadcrumbList","@id":"https:\/\/ajatutaja.com\/izdelek\/iglu-soft-play-igralne-zogice-za-bazen-500-kosov-white\/#breadcrumb","itemListElement":[{"@type":"ListItem","position":1,"name":"Home","item":"https:\/\/ajatutaja.com\/hr\/"},{"@type":"ListItem","position":2,"name":"Trgovina","item":"https:\/\/ajatutaja.com\/hr\/trgovina\/"},{"@type":"ListItem","position":3,"name":"IGLU Soft Play igralne \u017eogice za bazen (500 kosov) &#8211; White"}]},{"@type":"WebSite","@id":"https:\/\/ajatutaja.com\/#website","url":"https:\/\/ajatutaja.com\/","name":"Ajatutaja","description":"Otro\u0161ka spletna trgovina AJATUTAJA","publisher":{"@id":"https:\/\/ajatutaja.com\/#organization"},"potentialAction":[{"@type":"SearchAction","target":{"@type":"EntryPoint","urlTemplate":"https:\/\/ajatutaja.com\/?s={search_term_string}"},"query-input":{"@type":"PropertyValueSpecification","valueRequired":true,"valueName":"search_term_string"}}],"inLanguage":"hr"},{"@type":"Organization","@id":"https:\/\/ajatutaja.com\/#organization","name":"Ajatutaja","url":"https:\/\/ajatutaja.com\/","logo":{"@type":"ImageObject","inLanguage":"hr","@id":"https:\/\/ajatutaja.com\/#\/schema\/logo\/image\/","url":"https:\/\/ajatutaja.com\/wp-content\/uploads\/2021\/10\/logo.png","contentUrl":"https:\/\/ajatutaja.com\/wp-content\/uploads\/2021\/10\/logo.png","width":555,"height":150,"caption":"Ajatutaja"},"image":{"@id":"https:\/\/ajatutaja.com\/#\/schema\/logo\/image\/"}}]}},"brands":[{"id":5714,"name":"IGLU","slug":"iglu"},{"id":2452,"name":"Igranje","slug":"igranje"}],"_links":{"self":[{"href":"https:\/\/ajatutaja.com\/hr\/wp-json\/wp\/v2\/product\/73711","targetHints":{"allow":["GET"]}}],"collection":[{"href":"https:\/\/ajatutaja.com\/hr\/wp-json\/wp\/v2\/product"}],"about":[{"href":"https:\/\/ajatutaja.com\/hr\/wp-json\/wp\/v2\/types\/product"}],"wp:featuredmedia":[{"embeddable":true,"href":"https:\/\/ajatutaja.com\/hr\/wp-json\/wp\/v2\/media\/73707"}],"wp:attachment":[{"href":"https:\/\/ajatutaja.com\/hr\/wp-json\/wp\/v2\/media?parent=73711"}],"wp:term":[{"taxonomy":"pwb-brand","embeddable":true,"href":"https:\/\/ajatutaja.com\/hr\/wp-json\/wp\/v2\/pwb-brand?post=73711"},{"taxonomy":"product_brand","embeddable":true,"href":"https:\/\/ajatutaja.com\/hr\/wp-json\/wp\/v2\/product_brand?post=73711"},{"taxonomy":"product_cat","embeddable":true,"href":"https:\/\/ajatutaja.com\/hr\/wp-json\/wp\/v2\/product_cat?post=73711"},{"taxonomy":"product_tag","embeddable":true,"href":"https:\/\/ajatutaja.com\/hr\/wp-json\/wp\/v2\/product_tag?post=73711"}],"curies":[{"name":"wp","href":"https:\/\/api.w.org\/{rel}","templated":true}]}}