{"id":73460,"date":"2024-11-27T16:23:18","date_gmt":"2024-11-27T15:23:18","guid":{"rendered":"https:\/\/ajatutaja.com\/?post_type=product&#038;p=73460"},"modified":"2025-10-13T11:39:59","modified_gmt":"2025-10-13T09:39:59","slug":"previjalni-nahrbtnik-kikkaboo-siena-grey","status":"publish","type":"product","link":"https:\/\/ajatutaja.com\/hr\/proizvod\/previjalni-nahrbtnik-kikkaboo-siena-grey\/","title":{"rendered":"Previjalni nahrbtnik KikkaBoo\u00ae Siena &#8211; Grey"},"content":{"rendered":"<p>[vc_row][vc_column][vc_column_text]KikkaBoo nahrbtnik Siena zdru\u017euje slog in funkcionalnost za sodobne star\u0161e. Izdelana iz deluxe melange tkanine, ta torba je tako luksuzna kot tudi trpe\u017ena. Vklju\u010duje previjalno podlogo za dodatno prakti\u010dnost in sponke za enostavno pritrditev na ro\u010daj vozi\u010dka. Glavni \u017eep ima \u0161iroko odprtino za enostaven dostop, medtem ko organizacijski \u017eepi ohranjajo plenice in obla\u010dila lepo urejene. Vodoodporni \u017eep je idealen za shranjevanje mokrih predmetov, trije predeli za stekleni\u010dke pa ohranjajo temperaturo vode ali mleka ve\u010d ur. Torba ima tudi zadrgo na zadnji strani za dostop do dna glavnega predelka, nosilec za klju\u010de za dodatno prakti\u010dnost in elasti\u010dni nastavljiv trak za udobno no\u0161enje. Vsestranska v dizajnu, lahko jo uporabljate tako kot torbico kot tudi nahrbtnik.<\/p>\n<h4>Lastnosti previjalnega nahrbtnika Kikkaboo Siena 2025:<\/h4>\n<ul>\n<li>Deluxe melange tkanina: Luksuzna in trpe\u017ena.<\/li>\n<li>Previjalna podloga vklju\u010dena: Priro\u010dna za menjavo plenic med potovanjem.<\/li>\n<li>Sponke za enostavno pritrditev na ro\u010daj vozi\u010dka: Proste roke med sprehodom.<\/li>\n<li>Glavni \u017eep s \u0161iroko odprtino: Enostaven dostop do potreb\u0161\u010din.<\/li>\n<li>Organizacijski \u017eepi: Ohranjajo plenice in obla\u010dila lepo urejene.<\/li>\n<li>Vodoodporni \u017eep za mokre predmete: Idealno za shranjevanje mokrih predmetov.<\/li>\n<li>Trije predeli za stekleni\u010dke: Ohranjajo temperaturo teko\u010din ve\u010d ur.<\/li>\n<li>Zadrga na zadnji strani: Omogo\u010da dostop do dna glavnega predelka.<\/li>\n<li>Nosilec za klju\u010de: Prakti\u010dno za shranjevanje klju\u010dev.<\/li>\n<li>Elasti\u010dni nastavljiv trak: Zagotavlja udobno no\u0161enje.<\/li>\n<li>Primerna za uporabo kot torbica in nahrbtnik: Vsestranske mo\u017enosti no\u0161enja.<\/li>\n<li>Sestava: 100% poliester<\/li>\n<li>Dimenzije: 18x32x41 cm<\/li>\n<li>Te\u017ea: 0.8 kg<\/li>\n<li>\u010ci\u0161\u010denje z vla\u017eno krpo in blagim \u010distilom<\/li>\n<\/ul>\n<p>[\/vc_column_text][\/vc_column][\/vc_row]<\/p>\n","protected":false},"excerpt":{"rendered":"<p>Prikupni nahrbtnik KikkaBoo slu\u017ei kot previjalna torba in so nepogre\u0161ljiv modni dodatek vsake mamice. Nahrbtnik ima velik sprednji \u017eep z zadrgo in zelo velik prostoren glavni del za shranjevanje, ki se odpre\/zapre z zadrgo. Poleg tega je nahrbtnik opremljen s previjalno podlogo in veilikim termoizoliranim predal\u010dkom.<\/p>\n","protected":false},"featured_media":73462,"template":"","meta":[],"pwb-brand":[5686,2409],"product_brand":[],"product_cat":[2361,2398,2373],"product_tag":[5679,5685],"class_list":{"0":"post-73460","1":"product","2":"type-product","3":"status-publish","4":"has-post-thumbnail","6":"pwb-brand-kikkaboo-potepanje","7":"pwb-brand-potepanje","8":"product_cat-potepanje","9":"product_cat-previjalne-torbe","10":"product_cat-previjalne-torbe-za-vozicek","11":"product_tag-kikkaboo","12":"product_tag-kikkaboo-siena","14":"first","15":"instock","16":"taxable","17":"shipping-taxable","18":"purchasable","19":"product-type-simple","20":"add-to-wishlist-before_image"},"yoast_head":"<!-- This site is optimized with the Yoast SEO plugin v27.3 - https:\/\/yoast.com\/product\/yoast-seo-wordpress\/ -->\n<title>Previjalni nahrbtnik KikkaBoo\u00ae Siena - Grey | Ajatutaja<\/title>\n<meta name=\"description\" content=\"Nahrbtnik Kikkaboo slu\u017ei kot previjalna torba in je nepogre\u0161ljiv modni dodatek vsake mamice. Previjalni nahrbtnik je vsestransko uporaben.\" \/>\n<meta name=\"robots\" content=\"index, follow, max-snippet:-1, max-image-preview:large, max-video-preview:-1\" \/>\n<link rel=\"canonical\" href=\"https:\/\/ajatutaja.com\/izdelek\/previjalni-nahrbtnik-kikkaboo-siena-grey\/\" \/>\n<meta property=\"og:locale\" content=\"hr_HR\" \/>\n<meta property=\"og:type\" content=\"article\" \/>\n<meta property=\"og:title\" content=\"Previjalni nahrbtnik KikkaBoo\u00ae Siena - Grey | Ajatutaja\" \/>\n<meta property=\"og:description\" content=\"Nahrbtnik Kikkaboo slu\u017ei kot previjalna torba in je nepogre\u0161ljiv modni dodatek vsake mamice. Previjalni nahrbtnik je vsestransko uporaben.\" \/>\n<meta property=\"og:url\" content=\"https:\/\/ajatutaja.com\/izdelek\/previjalni-nahrbtnik-kikkaboo-siena-grey\/\" \/>\n<meta property=\"og:site_name\" content=\"Ajatutaja\" \/>\n<meta property=\"article:modified_time\" content=\"2025-10-13T09:39:59+00:00\" \/>\n<meta property=\"og:image\" content=\"https:\/\/ajatutaja.com\/wp-content\/uploads\/2025\/02\/SIENA-kikkaboo-previjalni-nahrbtnik-grey-0.jpeg\" \/>\n\t<meta property=\"og:image:width\" content=\"1080\" \/>\n\t<meta property=\"og:image:height\" content=\"1080\" \/>\n\t<meta property=\"og:image:type\" content=\"image\/jpeg\" \/>\n<meta name=\"twitter:card\" content=\"summary_large_image\" \/>\n<meta name=\"twitter:label1\" content=\"Procijenjeno vrijeme \u010ditanja\" \/>\n\t<meta name=\"twitter:data1\" content=\"1 minuta\" \/>\n<script type=\"application\/ld+json\" class=\"yoast-schema-graph\">{\"@context\":\"https:\\\/\\\/schema.org\",\"@graph\":[{\"@type\":\"WebPage\",\"@id\":\"https:\\\/\\\/ajatutaja.com\\\/izdelek\\\/previjalni-nahrbtnik-kikkaboo-siena-grey\\\/\",\"url\":\"https:\\\/\\\/ajatutaja.com\\\/izdelek\\\/previjalni-nahrbtnik-kikkaboo-siena-grey\\\/\",\"name\":\"Previjalni nahrbtnik KikkaBoo\u00ae Siena - Grey | Ajatutaja\",\"isPartOf\":{\"@id\":\"https:\\\/\\\/ajatutaja.com\\\/#website\"},\"primaryImageOfPage\":{\"@id\":\"https:\\\/\\\/ajatutaja.com\\\/izdelek\\\/previjalni-nahrbtnik-kikkaboo-siena-grey\\\/#primaryimage\"},\"image\":{\"@id\":\"https:\\\/\\\/ajatutaja.com\\\/izdelek\\\/previjalni-nahrbtnik-kikkaboo-siena-grey\\\/#primaryimage\"},\"thumbnailUrl\":\"https:\\\/\\\/ajatutaja.com\\\/wp-content\\\/uploads\\\/2025\\\/02\\\/SIENA-kikkaboo-previjalni-nahrbtnik-grey-0.jpeg\",\"datePublished\":\"2024-11-27T15:23:18+00:00\",\"dateModified\":\"2025-10-13T09:39:59+00:00\",\"description\":\"Nahrbtnik Kikkaboo slu\u017ei kot previjalna torba in je nepogre\u0161ljiv modni dodatek vsake mamice. Previjalni nahrbtnik je vsestransko uporaben.\",\"breadcrumb\":{\"@id\":\"https:\\\/\\\/ajatutaja.com\\\/izdelek\\\/previjalni-nahrbtnik-kikkaboo-siena-grey\\\/#breadcrumb\"},\"inLanguage\":\"hr\",\"potentialAction\":[{\"@type\":\"ReadAction\",\"target\":[\"https:\\\/\\\/ajatutaja.com\\\/izdelek\\\/previjalni-nahrbtnik-kikkaboo-siena-grey\\\/\"]}]},{\"@type\":\"ImageObject\",\"inLanguage\":\"hr\",\"@id\":\"https:\\\/\\\/ajatutaja.com\\\/izdelek\\\/previjalni-nahrbtnik-kikkaboo-siena-grey\\\/#primaryimage\",\"url\":\"https:\\\/\\\/ajatutaja.com\\\/wp-content\\\/uploads\\\/2025\\\/02\\\/SIENA-kikkaboo-previjalni-nahrbtnik-grey-0.jpeg\",\"contentUrl\":\"https:\\\/\\\/ajatutaja.com\\\/wp-content\\\/uploads\\\/2025\\\/02\\\/SIENA-kikkaboo-previjalni-nahrbtnik-grey-0.jpeg\",\"width\":1080,\"height\":1080},{\"@type\":\"BreadcrumbList\",\"@id\":\"https:\\\/\\\/ajatutaja.com\\\/izdelek\\\/previjalni-nahrbtnik-kikkaboo-siena-grey\\\/#breadcrumb\",\"itemListElement\":[{\"@type\":\"ListItem\",\"position\":1,\"name\":\"Home\",\"item\":\"https:\\\/\\\/ajatutaja.com\\\/hr\\\/\"},{\"@type\":\"ListItem\",\"position\":2,\"name\":\"Trgovina\",\"item\":\"https:\\\/\\\/ajatutaja.com\\\/hr\\\/trgovina\\\/\"},{\"@type\":\"ListItem\",\"position\":3,\"name\":\"Previjalni nahrbtnik KikkaBoo\u00ae Siena &#8211; Grey\"}]},{\"@type\":\"WebSite\",\"@id\":\"https:\\\/\\\/ajatutaja.com\\\/#website\",\"url\":\"https:\\\/\\\/ajatutaja.com\\\/\",\"name\":\"Ajatutaja\",\"description\":\"Otro\u0161ka spletna trgovina AJATUTAJA\",\"publisher\":{\"@id\":\"https:\\\/\\\/ajatutaja.com\\\/#organization\"},\"potentialAction\":[{\"@type\":\"SearchAction\",\"target\":{\"@type\":\"EntryPoint\",\"urlTemplate\":\"https:\\\/\\\/ajatutaja.com\\\/?s={search_term_string}\"},\"query-input\":{\"@type\":\"PropertyValueSpecification\",\"valueRequired\":true,\"valueName\":\"search_term_string\"}}],\"inLanguage\":\"hr\"},{\"@type\":\"Organization\",\"@id\":\"https:\\\/\\\/ajatutaja.com\\\/#organization\",\"name\":\"Ajatutaja\",\"url\":\"https:\\\/\\\/ajatutaja.com\\\/\",\"logo\":{\"@type\":\"ImageObject\",\"inLanguage\":\"hr\",\"@id\":\"https:\\\/\\\/ajatutaja.com\\\/#\\\/schema\\\/logo\\\/image\\\/\",\"url\":\"https:\\\/\\\/ajatutaja.com\\\/wp-content\\\/uploads\\\/2021\\\/10\\\/logo.png\",\"contentUrl\":\"https:\\\/\\\/ajatutaja.com\\\/wp-content\\\/uploads\\\/2021\\\/10\\\/logo.png\",\"width\":555,\"height\":150,\"caption\":\"Ajatutaja\"},\"image\":{\"@id\":\"https:\\\/\\\/ajatutaja.com\\\/#\\\/schema\\\/logo\\\/image\\\/\"}}]}<\/script>\n<!-- \/ Yoast SEO plugin. -->","yoast_head_json":{"title":"Previjalni nahrbtnik KikkaBoo\u00ae Siena - Grey | Ajatutaja","description":"Nahrbtnik Kikkaboo slu\u017ei kot previjalna torba in je nepogre\u0161ljiv modni dodatek vsake mamice. Previjalni nahrbtnik je vsestransko uporaben.","robots":{"index":"index","follow":"follow","max-snippet":"max-snippet:-1","max-image-preview":"max-image-preview:large","max-video-preview":"max-video-preview:-1"},"canonical":"https:\/\/ajatutaja.com\/izdelek\/previjalni-nahrbtnik-kikkaboo-siena-grey\/","og_locale":"hr_HR","og_type":"article","og_title":"Previjalni nahrbtnik KikkaBoo\u00ae Siena - Grey | Ajatutaja","og_description":"Nahrbtnik Kikkaboo slu\u017ei kot previjalna torba in je nepogre\u0161ljiv modni dodatek vsake mamice. Previjalni nahrbtnik je vsestransko uporaben.","og_url":"https:\/\/ajatutaja.com\/izdelek\/previjalni-nahrbtnik-kikkaboo-siena-grey\/","og_site_name":"Ajatutaja","article_modified_time":"2025-10-13T09:39:59+00:00","og_image":[{"width":1080,"height":1080,"url":"https:\/\/ajatutaja.com\/wp-content\/uploads\/2025\/02\/SIENA-kikkaboo-previjalni-nahrbtnik-grey-0.jpeg","type":"image\/jpeg"}],"twitter_card":"summary_large_image","twitter_misc":{"Procijenjeno vrijeme \u010ditanja":"1 minuta"},"schema":{"@context":"https:\/\/schema.org","@graph":[{"@type":"WebPage","@id":"https:\/\/ajatutaja.com\/izdelek\/previjalni-nahrbtnik-kikkaboo-siena-grey\/","url":"https:\/\/ajatutaja.com\/izdelek\/previjalni-nahrbtnik-kikkaboo-siena-grey\/","name":"Previjalni nahrbtnik KikkaBoo\u00ae Siena - Grey | Ajatutaja","isPartOf":{"@id":"https:\/\/ajatutaja.com\/#website"},"primaryImageOfPage":{"@id":"https:\/\/ajatutaja.com\/izdelek\/previjalni-nahrbtnik-kikkaboo-siena-grey\/#primaryimage"},"image":{"@id":"https:\/\/ajatutaja.com\/izdelek\/previjalni-nahrbtnik-kikkaboo-siena-grey\/#primaryimage"},"thumbnailUrl":"https:\/\/ajatutaja.com\/wp-content\/uploads\/2025\/02\/SIENA-kikkaboo-previjalni-nahrbtnik-grey-0.jpeg","datePublished":"2024-11-27T15:23:18+00:00","dateModified":"2025-10-13T09:39:59+00:00","description":"Nahrbtnik Kikkaboo slu\u017ei kot previjalna torba in je nepogre\u0161ljiv modni dodatek vsake mamice. Previjalni nahrbtnik je vsestransko uporaben.","breadcrumb":{"@id":"https:\/\/ajatutaja.com\/izdelek\/previjalni-nahrbtnik-kikkaboo-siena-grey\/#breadcrumb"},"inLanguage":"hr","potentialAction":[{"@type":"ReadAction","target":["https:\/\/ajatutaja.com\/izdelek\/previjalni-nahrbtnik-kikkaboo-siena-grey\/"]}]},{"@type":"ImageObject","inLanguage":"hr","@id":"https:\/\/ajatutaja.com\/izdelek\/previjalni-nahrbtnik-kikkaboo-siena-grey\/#primaryimage","url":"https:\/\/ajatutaja.com\/wp-content\/uploads\/2025\/02\/SIENA-kikkaboo-previjalni-nahrbtnik-grey-0.jpeg","contentUrl":"https:\/\/ajatutaja.com\/wp-content\/uploads\/2025\/02\/SIENA-kikkaboo-previjalni-nahrbtnik-grey-0.jpeg","width":1080,"height":1080},{"@type":"BreadcrumbList","@id":"https:\/\/ajatutaja.com\/izdelek\/previjalni-nahrbtnik-kikkaboo-siena-grey\/#breadcrumb","itemListElement":[{"@type":"ListItem","position":1,"name":"Home","item":"https:\/\/ajatutaja.com\/hr\/"},{"@type":"ListItem","position":2,"name":"Trgovina","item":"https:\/\/ajatutaja.com\/hr\/trgovina\/"},{"@type":"ListItem","position":3,"name":"Previjalni nahrbtnik KikkaBoo\u00ae Siena &#8211; Grey"}]},{"@type":"WebSite","@id":"https:\/\/ajatutaja.com\/#website","url":"https:\/\/ajatutaja.com\/","name":"Ajatutaja","description":"Otro\u0161ka spletna trgovina AJATUTAJA","publisher":{"@id":"https:\/\/ajatutaja.com\/#organization"},"potentialAction":[{"@type":"SearchAction","target":{"@type":"EntryPoint","urlTemplate":"https:\/\/ajatutaja.com\/?s={search_term_string}"},"query-input":{"@type":"PropertyValueSpecification","valueRequired":true,"valueName":"search_term_string"}}],"inLanguage":"hr"},{"@type":"Organization","@id":"https:\/\/ajatutaja.com\/#organization","name":"Ajatutaja","url":"https:\/\/ajatutaja.com\/","logo":{"@type":"ImageObject","inLanguage":"hr","@id":"https:\/\/ajatutaja.com\/#\/schema\/logo\/image\/","url":"https:\/\/ajatutaja.com\/wp-content\/uploads\/2021\/10\/logo.png","contentUrl":"https:\/\/ajatutaja.com\/wp-content\/uploads\/2021\/10\/logo.png","width":555,"height":150,"caption":"Ajatutaja"},"image":{"@id":"https:\/\/ajatutaja.com\/#\/schema\/logo\/image\/"}}]}},"brands":[{"id":5686,"name":"KikkaBoo","slug":"kikkaboo-potepanje"},{"id":2409,"name":"Potepanje","slug":"potepanje"}],"_links":{"self":[{"href":"https:\/\/ajatutaja.com\/hr\/wp-json\/wp\/v2\/product\/73460","targetHints":{"allow":["GET"]}}],"collection":[{"href":"https:\/\/ajatutaja.com\/hr\/wp-json\/wp\/v2\/product"}],"about":[{"href":"https:\/\/ajatutaja.com\/hr\/wp-json\/wp\/v2\/types\/product"}],"wp:featuredmedia":[{"embeddable":true,"href":"https:\/\/ajatutaja.com\/hr\/wp-json\/wp\/v2\/media\/73462"}],"wp:attachment":[{"href":"https:\/\/ajatutaja.com\/hr\/wp-json\/wp\/v2\/media?parent=73460"}],"wp:term":[{"taxonomy":"pwb-brand","embeddable":true,"href":"https:\/\/ajatutaja.com\/hr\/wp-json\/wp\/v2\/pwb-brand?post=73460"},{"taxonomy":"product_brand","embeddable":true,"href":"https:\/\/ajatutaja.com\/hr\/wp-json\/wp\/v2\/product_brand?post=73460"},{"taxonomy":"product_cat","embeddable":true,"href":"https:\/\/ajatutaja.com\/hr\/wp-json\/wp\/v2\/product_cat?post=73460"},{"taxonomy":"product_tag","embeddable":true,"href":"https:\/\/ajatutaja.com\/hr\/wp-json\/wp\/v2\/product_tag?post=73460"}],"curies":[{"name":"wp","href":"https:\/\/api.w.org\/{rel}","templated":true}]}}