{"id":73323,"date":"2025-02-11T16:08:05","date_gmt":"2025-02-11T15:08:05","guid":{"rendered":"https:\/\/ajatutaja.com\/?post_type=product&#038;p=73323"},"modified":"2025-02-11T16:29:31","modified_gmt":"2025-02-11T15:29:31","slug":"presita-odejica-little-dutch-70x100cm","status":"publish","type":"product","link":"https:\/\/ajatutaja.com\/hr\/proizvod\/presita-odejica-little-dutch-70x100cm\/","title":{"rendered":"Pre\u0161ita odejica Little Dutch 70x100cm"},"content":{"rendered":"<p>[vc_row][vc_column][vc_column_text]<\/p>\n<h3 style=\"text-align: justify\">Pre\u0161ita odejica Little Dutch ima naslednje lastnosti:<\/h3>\n<ul>\n<li style=\"text-align: justify\">Dimenzije:\u00a0 70cm x 100 cm<span id=\"result_box\" class=\"\" lang=\"sl\"><span class=\"\"><br \/>\n<\/span><\/span><\/li>\n<li>Satenast material daje otroku \u0161e prijetnej\u0161i ob\u010dutek med spanjem<\/li>\n<li>Surovinska sestava: 100% bomba\u017e<\/li>\n<li>Polnilo:\u00a0 100% poliesterska vlakna<\/li>\n<li><span class=\"\" lang=\"sl\"><span class=\"\">Pranje na 40\u00b0C in\u00a0 su\u0161enje na zraku. Priporo\u010damo tudi pogosto zra\u010denje na sve\u017eem zraku, saj s tem prepre\u010dujemo nastanek pr\u0161i\u010d, saj je zrak njihov najve\u010dji sovra\u017enik. <\/span><\/span><\/li>\n<\/ul>\n<p>[\/vc_column_text][\/vc_column][\/vc_row]<\/p>\n","protected":false},"excerpt":{"rendered":"<p style=\"text-align: justify\">Pre\u0161ita odejica Little Duch iz organskega bomba\u017ea s polnilom iz poliestra je primerna za posteljice 120x60cm in uporabna tudi kot mehka igralna podloga.<\/p>\n<p>Na voljo v 3 barvah.<\/p>\n","protected":false},"featured_media":73326,"template":"","meta":[],"pwb-brand":[2631,2611],"product_brand":[],"product_cat":[2603,2593],"product_tag":[4005,4002],"class_list":{"0":"post-73323","1":"product","2":"type-product","3":"status-publish","4":"has-post-thumbnail","6":"pwb-brand-little-dutch-spanje","7":"pwb-brand-spanje","8":"product_cat-otroska-posteljnina","9":"product_cat-spanje","10":"product_tag-120x60","11":"product_tag-little-dutch","13":"first","14":"instock","15":"taxable","16":"shipping-taxable","17":"purchasable","18":"product-type-variable","19":"add-to-wishlist-before_image"},"yoast_head":"<!-- This site is optimized with the Yoast SEO plugin v27.3 - https:\/\/yoast.com\/product\/yoast-seo-wordpress\/ -->\n<title>Pre\u0161ita odejica Little Dutch 70x100cm | Ajatutaja<\/title>\n<meta name=\"description\" content=\"Pre\u0161ita odejica Little Duch iz organskega bomba\u017ea s polnilom iz poliestra je primerna za posteljice 120x60cm in uporabna tudi kot mehka igralna podloga.\" \/>\n<meta name=\"robots\" content=\"index, follow, max-snippet:-1, max-image-preview:large, max-video-preview:-1\" \/>\n<link rel=\"canonical\" href=\"https:\/\/ajatutaja.com\/izdelek\/presita-odejica-little-dutch-70x100cm\/\" \/>\n<meta property=\"og:locale\" content=\"hr_HR\" \/>\n<meta property=\"og:type\" content=\"article\" \/>\n<meta property=\"og:title\" content=\"Pre\u0161ita odejica Little Dutch 70x100cm | Ajatutaja\" \/>\n<meta property=\"og:description\" content=\"Pre\u0161ita odejica Little Duch iz organskega bomba\u017ea s polnilom iz poliestra je primerna za posteljice 120x60cm in uporabna tudi kot mehka igralna podloga.\" \/>\n<meta property=\"og:url\" content=\"https:\/\/ajatutaja.com\/izdelek\/presita-odejica-little-dutch-70x100cm\/\" \/>\n<meta property=\"og:site_name\" content=\"Ajatutaja\" \/>\n<meta property=\"article:modified_time\" content=\"2025-02-11T15:29:31+00:00\" \/>\n<meta property=\"og:image\" content=\"https:\/\/ajatutaja.com\/wp-content\/uploads\/2025\/02\/Presita-odejica-Little-dutch-sage-green.jpg\" \/>\n\t<meta property=\"og:image:width\" content=\"1400\" \/>\n\t<meta property=\"og:image:height\" content=\"1400\" \/>\n\t<meta property=\"og:image:type\" content=\"image\/jpeg\" \/>\n<meta name=\"twitter:card\" content=\"summary_large_image\" \/>\n<meta name=\"twitter:label1\" content=\"Procijenjeno vrijeme \u010ditanja\" \/>\n\t<meta name=\"twitter:data1\" content=\"1 minuta\" \/>\n<script type=\"application\/ld+json\" class=\"yoast-schema-graph\">{\"@context\":\"https:\\\/\\\/schema.org\",\"@graph\":[{\"@type\":\"WebPage\",\"@id\":\"https:\\\/\\\/ajatutaja.com\\\/izdelek\\\/presita-odejica-little-dutch-70x100cm\\\/\",\"url\":\"https:\\\/\\\/ajatutaja.com\\\/izdelek\\\/presita-odejica-little-dutch-70x100cm\\\/\",\"name\":\"Pre\u0161ita odejica Little Dutch 70x100cm | Ajatutaja\",\"isPartOf\":{\"@id\":\"https:\\\/\\\/ajatutaja.com\\\/#website\"},\"primaryImageOfPage\":{\"@id\":\"https:\\\/\\\/ajatutaja.com\\\/izdelek\\\/presita-odejica-little-dutch-70x100cm\\\/#primaryimage\"},\"image\":{\"@id\":\"https:\\\/\\\/ajatutaja.com\\\/izdelek\\\/presita-odejica-little-dutch-70x100cm\\\/#primaryimage\"},\"thumbnailUrl\":\"https:\\\/\\\/ajatutaja.com\\\/wp-content\\\/uploads\\\/2025\\\/02\\\/Presita-odejica-Little-dutch-sage-green.jpg\",\"datePublished\":\"2025-02-11T15:08:05+00:00\",\"dateModified\":\"2025-02-11T15:29:31+00:00\",\"description\":\"Pre\u0161ita odejica Little Duch iz organskega bomba\u017ea s polnilom iz poliestra je primerna za posteljice 120x60cm in uporabna tudi kot mehka igralna podloga.\",\"breadcrumb\":{\"@id\":\"https:\\\/\\\/ajatutaja.com\\\/izdelek\\\/presita-odejica-little-dutch-70x100cm\\\/#breadcrumb\"},\"inLanguage\":\"hr\",\"potentialAction\":[{\"@type\":\"ReadAction\",\"target\":[\"https:\\\/\\\/ajatutaja.com\\\/izdelek\\\/presita-odejica-little-dutch-70x100cm\\\/\"]}]},{\"@type\":\"ImageObject\",\"inLanguage\":\"hr\",\"@id\":\"https:\\\/\\\/ajatutaja.com\\\/izdelek\\\/presita-odejica-little-dutch-70x100cm\\\/#primaryimage\",\"url\":\"https:\\\/\\\/ajatutaja.com\\\/wp-content\\\/uploads\\\/2025\\\/02\\\/Presita-odejica-Little-dutch-sage-green.jpg\",\"contentUrl\":\"https:\\\/\\\/ajatutaja.com\\\/wp-content\\\/uploads\\\/2025\\\/02\\\/Presita-odejica-Little-dutch-sage-green.jpg\",\"width\":1400,\"height\":1400},{\"@type\":\"BreadcrumbList\",\"@id\":\"https:\\\/\\\/ajatutaja.com\\\/izdelek\\\/presita-odejica-little-dutch-70x100cm\\\/#breadcrumb\",\"itemListElement\":[{\"@type\":\"ListItem\",\"position\":1,\"name\":\"Home\",\"item\":\"https:\\\/\\\/ajatutaja.com\\\/hr\\\/\"},{\"@type\":\"ListItem\",\"position\":2,\"name\":\"Trgovina\",\"item\":\"https:\\\/\\\/ajatutaja.com\\\/hr\\\/trgovina\\\/\"},{\"@type\":\"ListItem\",\"position\":3,\"name\":\"Pre\u0161ita odejica Little Dutch 70x100cm\"}]},{\"@type\":\"WebSite\",\"@id\":\"https:\\\/\\\/ajatutaja.com\\\/#website\",\"url\":\"https:\\\/\\\/ajatutaja.com\\\/\",\"name\":\"Ajatutaja\",\"description\":\"Otro\u0161ka spletna trgovina AJATUTAJA\",\"publisher\":{\"@id\":\"https:\\\/\\\/ajatutaja.com\\\/#organization\"},\"potentialAction\":[{\"@type\":\"SearchAction\",\"target\":{\"@type\":\"EntryPoint\",\"urlTemplate\":\"https:\\\/\\\/ajatutaja.com\\\/?s={search_term_string}\"},\"query-input\":{\"@type\":\"PropertyValueSpecification\",\"valueRequired\":true,\"valueName\":\"search_term_string\"}}],\"inLanguage\":\"hr\"},{\"@type\":\"Organization\",\"@id\":\"https:\\\/\\\/ajatutaja.com\\\/#organization\",\"name\":\"Ajatutaja\",\"url\":\"https:\\\/\\\/ajatutaja.com\\\/\",\"logo\":{\"@type\":\"ImageObject\",\"inLanguage\":\"hr\",\"@id\":\"https:\\\/\\\/ajatutaja.com\\\/#\\\/schema\\\/logo\\\/image\\\/\",\"url\":\"https:\\\/\\\/ajatutaja.com\\\/wp-content\\\/uploads\\\/2021\\\/10\\\/logo.png\",\"contentUrl\":\"https:\\\/\\\/ajatutaja.com\\\/wp-content\\\/uploads\\\/2021\\\/10\\\/logo.png\",\"width\":555,\"height\":150,\"caption\":\"Ajatutaja\"},\"image\":{\"@id\":\"https:\\\/\\\/ajatutaja.com\\\/#\\\/schema\\\/logo\\\/image\\\/\"}}]}<\/script>\n<!-- \/ Yoast SEO plugin. -->","yoast_head_json":{"title":"Pre\u0161ita odejica Little Dutch 70x100cm | Ajatutaja","description":"Pre\u0161ita odejica Little Duch iz organskega bomba\u017ea s polnilom iz poliestra je primerna za posteljice 120x60cm in uporabna tudi kot mehka igralna podloga.","robots":{"index":"index","follow":"follow","max-snippet":"max-snippet:-1","max-image-preview":"max-image-preview:large","max-video-preview":"max-video-preview:-1"},"canonical":"https:\/\/ajatutaja.com\/izdelek\/presita-odejica-little-dutch-70x100cm\/","og_locale":"hr_HR","og_type":"article","og_title":"Pre\u0161ita odejica Little Dutch 70x100cm | Ajatutaja","og_description":"Pre\u0161ita odejica Little Duch iz organskega bomba\u017ea s polnilom iz poliestra je primerna za posteljice 120x60cm in uporabna tudi kot mehka igralna podloga.","og_url":"https:\/\/ajatutaja.com\/izdelek\/presita-odejica-little-dutch-70x100cm\/","og_site_name":"Ajatutaja","article_modified_time":"2025-02-11T15:29:31+00:00","og_image":[{"width":1400,"height":1400,"url":"https:\/\/ajatutaja.com\/wp-content\/uploads\/2025\/02\/Presita-odejica-Little-dutch-sage-green.jpg","type":"image\/jpeg"}],"twitter_card":"summary_large_image","twitter_misc":{"Procijenjeno vrijeme \u010ditanja":"1 minuta"},"schema":{"@context":"https:\/\/schema.org","@graph":[{"@type":"WebPage","@id":"https:\/\/ajatutaja.com\/izdelek\/presita-odejica-little-dutch-70x100cm\/","url":"https:\/\/ajatutaja.com\/izdelek\/presita-odejica-little-dutch-70x100cm\/","name":"Pre\u0161ita odejica Little Dutch 70x100cm | Ajatutaja","isPartOf":{"@id":"https:\/\/ajatutaja.com\/#website"},"primaryImageOfPage":{"@id":"https:\/\/ajatutaja.com\/izdelek\/presita-odejica-little-dutch-70x100cm\/#primaryimage"},"image":{"@id":"https:\/\/ajatutaja.com\/izdelek\/presita-odejica-little-dutch-70x100cm\/#primaryimage"},"thumbnailUrl":"https:\/\/ajatutaja.com\/wp-content\/uploads\/2025\/02\/Presita-odejica-Little-dutch-sage-green.jpg","datePublished":"2025-02-11T15:08:05+00:00","dateModified":"2025-02-11T15:29:31+00:00","description":"Pre\u0161ita odejica Little Duch iz organskega bomba\u017ea s polnilom iz poliestra je primerna za posteljice 120x60cm in uporabna tudi kot mehka igralna podloga.","breadcrumb":{"@id":"https:\/\/ajatutaja.com\/izdelek\/presita-odejica-little-dutch-70x100cm\/#breadcrumb"},"inLanguage":"hr","potentialAction":[{"@type":"ReadAction","target":["https:\/\/ajatutaja.com\/izdelek\/presita-odejica-little-dutch-70x100cm\/"]}]},{"@type":"ImageObject","inLanguage":"hr","@id":"https:\/\/ajatutaja.com\/izdelek\/presita-odejica-little-dutch-70x100cm\/#primaryimage","url":"https:\/\/ajatutaja.com\/wp-content\/uploads\/2025\/02\/Presita-odejica-Little-dutch-sage-green.jpg","contentUrl":"https:\/\/ajatutaja.com\/wp-content\/uploads\/2025\/02\/Presita-odejica-Little-dutch-sage-green.jpg","width":1400,"height":1400},{"@type":"BreadcrumbList","@id":"https:\/\/ajatutaja.com\/izdelek\/presita-odejica-little-dutch-70x100cm\/#breadcrumb","itemListElement":[{"@type":"ListItem","position":1,"name":"Home","item":"https:\/\/ajatutaja.com\/hr\/"},{"@type":"ListItem","position":2,"name":"Trgovina","item":"https:\/\/ajatutaja.com\/hr\/trgovina\/"},{"@type":"ListItem","position":3,"name":"Pre\u0161ita odejica Little Dutch 70x100cm"}]},{"@type":"WebSite","@id":"https:\/\/ajatutaja.com\/#website","url":"https:\/\/ajatutaja.com\/","name":"Ajatutaja","description":"Otro\u0161ka spletna trgovina AJATUTAJA","publisher":{"@id":"https:\/\/ajatutaja.com\/#organization"},"potentialAction":[{"@type":"SearchAction","target":{"@type":"EntryPoint","urlTemplate":"https:\/\/ajatutaja.com\/?s={search_term_string}"},"query-input":{"@type":"PropertyValueSpecification","valueRequired":true,"valueName":"search_term_string"}}],"inLanguage":"hr"},{"@type":"Organization","@id":"https:\/\/ajatutaja.com\/#organization","name":"Ajatutaja","url":"https:\/\/ajatutaja.com\/","logo":{"@type":"ImageObject","inLanguage":"hr","@id":"https:\/\/ajatutaja.com\/#\/schema\/logo\/image\/","url":"https:\/\/ajatutaja.com\/wp-content\/uploads\/2021\/10\/logo.png","contentUrl":"https:\/\/ajatutaja.com\/wp-content\/uploads\/2021\/10\/logo.png","width":555,"height":150,"caption":"Ajatutaja"},"image":{"@id":"https:\/\/ajatutaja.com\/#\/schema\/logo\/image\/"}}]}},"brands":[{"id":2631,"name":"Little Dutch","slug":"little-dutch-spanje"},{"id":2611,"name":"Spanje","slug":"spanje"}],"_links":{"self":[{"href":"https:\/\/ajatutaja.com\/hr\/wp-json\/wp\/v2\/product\/73323","targetHints":{"allow":["GET"]}}],"collection":[{"href":"https:\/\/ajatutaja.com\/hr\/wp-json\/wp\/v2\/product"}],"about":[{"href":"https:\/\/ajatutaja.com\/hr\/wp-json\/wp\/v2\/types\/product"}],"wp:featuredmedia":[{"embeddable":true,"href":"https:\/\/ajatutaja.com\/hr\/wp-json\/wp\/v2\/media\/73326"}],"wp:attachment":[{"href":"https:\/\/ajatutaja.com\/hr\/wp-json\/wp\/v2\/media?parent=73323"}],"wp:term":[{"taxonomy":"pwb-brand","embeddable":true,"href":"https:\/\/ajatutaja.com\/hr\/wp-json\/wp\/v2\/pwb-brand?post=73323"},{"taxonomy":"product_brand","embeddable":true,"href":"https:\/\/ajatutaja.com\/hr\/wp-json\/wp\/v2\/product_brand?post=73323"},{"taxonomy":"product_cat","embeddable":true,"href":"https:\/\/ajatutaja.com\/hr\/wp-json\/wp\/v2\/product_cat?post=73323"},{"taxonomy":"product_tag","embeddable":true,"href":"https:\/\/ajatutaja.com\/hr\/wp-json\/wp\/v2\/product_tag?post=73323"}],"curies":[{"name":"wp","href":"https:\/\/api.w.org\/{rel}","templated":true}]}}