{"id":73015,"date":"2025-02-01T08:01:11","date_gmt":"2025-02-01T07:01:11","guid":{"rendered":"https:\/\/ajatutaja.com\/?post_type=product&#038;p=73015"},"modified":"2025-12-18T17:18:22","modified_gmt":"2025-12-18T16:18:22","slug":"spominska-knjiga-the-memo-book-mojih-18-let","status":"publish","type":"product","link":"https:\/\/ajatutaja.com\/hr\/proizvod\/spominska-knjiga-the-memo-book-mojih-18-let\/","title":{"rendered":"Spominska knjiga The Memo Book &#8211; Mojih 18 let"},"content":{"rendered":"<p>[vc_row][vc_column][vc_column_text]The Memo Book &#8220;Mojih 18 let&#8221; je prva slovenska otro\u0161ka spominska knjiga, ki na 18. rojstni dan postane va\u0161e najlep\u0161e darilo otroku. Zasnovana je po konceptu 3v1 in je hkrati nose\u010dni\u0161ki, dojen\u010dkov ter otro\u0161ki album v enem. S svojim brez\u010dasnem dizajnu in vsebini, ki je enostavna za izpolnjevanje tudi za nekaj let nazaj ter po poglavju se zagotovo lo\u010di od vseh ostalih albumov na tr\u017ei\u0161\u010du.<\/p>\n<h4>Lastnosti spominske knjige The Memo Book &#8220;Mojih 18 let&#8221; :<\/h4>\n<ul>\n<li>Koncept 3v1, ki predstavlja nose\u010dni\u0161ki, dojen\u010dkov in otro\u0161ki album v enem<\/li>\n<li>Trde platnice v 4 razli\u010dnih barvah z napisom v zlati barvi<\/li>\n<li>Vsebuje 192 strani, 120g papir<\/li>\n<li>Prostor za ve\u010d kot 160 fotografij formata 10x15cm<\/li>\n<li>Zasnovano in izdelano v Sloveniji<\/li>\n<li>Vsi napisi so v Slovenskem jeziku<\/li>\n<li>Popolna izbira za darilo nose\u010dki ali novope\u010denim star\u0161em ob rojstvu otroka!<\/li>\n<\/ul>\n<p>Vsebina spomiske knjige Mojih 18 let je razdeljena na 9 poglavij, skozi katere lahko bele\u017eite otrokovo zgodbo \u017ee v \u010dasu nose\u010dnosti in vse do otrokovega 18. rojstnega dne:<\/p>\n<ul>\n<li style=\"list-style-type: none\">\n<ol>\n<li><em>ZGODBA MOJIH STAR\u0160EV<\/em><\/li>\n<li><em>MOJE ROJSTVO<\/em><\/li>\n<li><em>MOJA DRU\u017dINA<\/em><\/li>\n<li><em>PRVIH 12 MESECEV MOJEGA \u017dIVLJENJA (0-1 leto)<\/em><\/li>\n<li><em>MOJI ROJSTNI DNEVI (1-18 let)<\/em><\/li>\n<li><em>VSE JE ENKRAT PRVI\u010c<\/em><\/li>\n<li><em>MOJI IZLETI IN POTOVANJA<\/em><\/li>\n<li><em>O MENI<\/em><\/li>\n<li><em>PISMA ZATE<\/em><\/li>\n<\/ol>\n<\/li>\n<\/ul>\n<p><strong>Prosim upo\u0161tevajte spodnje nasvete!<\/strong><\/p>\n<p>Za pisanje uporabite kemi\u010dni svin\u010dnik, ki se ne ma\u017ee in ne pu\u0161\u010da sledi. Predlagamo, da pisalo testno preizkusite na predelu, ki ga kasneje prelepite s fotografijo. Za lepljenje fotografij priporo\u010damo lepilni trak\/mi\u0161ko ali dvostranske nalepke za fotografije. Ne priporo\u010damo uporabe teko\u010dega lepila. Knjigo shranjujte vstran od direktne svetlobe in vlage ter v le\u017ee\u010dem polo\u017eaju.[\/vc_column_text][\/vc_column][\/vc_row]<\/p>\n","protected":false},"excerpt":{"rendered":"<p>Spominska knjiga<em> &#8220;Mojih 18 let&#8221;<\/em> je popolna izbira za Baby shower ali kot darilo novope\u010denim star\u0161em ob rojstvu otroka! The Memo Book 3v1 je hkrati nose\u010dni\u0161ki, dojen\u010dkov in otro\u0161ki album spominov. Vsebina v Slovenskem jeziku je enostavna za izpolnjevanje tudi za nekaj let nazaj. Skozi 9 poglavij boste lahko zabele\u017eili vse spomine od \u010dasa nose\u010dnosti, pa vse do otrokovega 18. rojstnega dneva.<\/p>\n<p>Na voljo v 4 barvah z zlatim napisom!<\/p>\n","protected":false},"featured_media":73016,"template":"","meta":[],"pwb-brand":[2267],"product_brand":[],"product_cat":[2710,2264,2610,2717,2711,2263],"product_tag":[5705],"class_list":{"0":"post-73015","1":"product","2":"type-product","3":"status-publish","4":"has-post-thumbnail","6":"pwb-brand-nosecnost","7":"product_cat-babyshower-darila","8":"product_cat-babyshower","9":"product_cat-darila","10":"product_cat-darilo-do-50e","11":"product_cat-darilo-ob-rojstvu","12":"product_cat-foto-spomini","13":"product_tag-the-memo-book","15":"first","16":"instock","17":"taxable","18":"shipping-taxable","19":"purchasable","20":"product-type-variable","21":"add-to-wishlist-before_image"},"yoast_head":"<!-- This site is optimized with the Yoast SEO plugin v27.6 - https:\/\/yoast.com\/product\/yoast-seo-wordpress\/ -->\n<title>Spominska knjiga The Memo Book - Mojih 18 let | Ajatutaja<\/title>\n<meta name=\"description\" content=\"Spominska knjiga &quot;Mojih 18 let&quot; je popolna izbira za Baby shower ali kot darilo novope\u010denim star\u0161em ob rojstvu otroka! The Memo Book 3v1 je\u00a0 hkrati nose\u010dni\u0161ki, dojen\u010dkov in otro\u0161ki album spominov. Vsebina v Slovenskem jeziku\" \/>\n<meta name=\"robots\" content=\"index, follow, max-snippet:-1, max-image-preview:large, max-video-preview:-1\" \/>\n<link rel=\"canonical\" href=\"https:\/\/ajatutaja.com\/izdelek\/spominska-knjiga-the-memo-book-mojih-18-let\/\" \/>\n<meta property=\"og:locale\" content=\"hr_HR\" \/>\n<meta property=\"og:type\" content=\"article\" \/>\n<meta property=\"og:title\" content=\"Spominska knjiga The Memo Book - Mojih 18 let | Ajatutaja\" \/>\n<meta property=\"og:description\" content=\"Spominska knjiga &quot;Mojih 18 let&quot; je popolna izbira za Baby shower ali kot darilo novope\u010denim star\u0161em ob rojstvu otroka! The Memo Book 3v1 je\u00a0 hkrati nose\u010dni\u0161ki, dojen\u010dkov in otro\u0161ki album spominov. Vsebina v Slovenskem jeziku\" \/>\n<meta property=\"og:url\" content=\"https:\/\/ajatutaja.com\/izdelek\/spominska-knjiga-the-memo-book-mojih-18-let\/\" \/>\n<meta property=\"og:site_name\" content=\"Ajatutaja\" \/>\n<meta property=\"article:modified_time\" content=\"2025-12-18T16:18:22+00:00\" \/>\n<meta property=\"og:image\" content=\"https:\/\/ajatutaja.com\/wp-content\/uploads\/2025\/02\/Spominska-knjiga-The-memo-book-mojih-18-let-0.jpg\" \/>\n\t<meta property=\"og:image:width\" content=\"705\" \/>\n\t<meta property=\"og:image:height\" content=\"705\" \/>\n\t<meta property=\"og:image:type\" content=\"image\/jpeg\" \/>\n<meta name=\"twitter:card\" content=\"summary_large_image\" \/>\n<meta name=\"twitter:label1\" content=\"Procijenjeno vrijeme \u010ditanja\" \/>\n\t<meta name=\"twitter:data1\" content=\"1 minuta\" \/>\n<script type=\"application\/ld+json\" class=\"yoast-schema-graph\">{\"@context\":\"https:\\\/\\\/schema.org\",\"@graph\":[{\"@type\":\"WebPage\",\"@id\":\"https:\\\/\\\/ajatutaja.com\\\/izdelek\\\/spominska-knjiga-the-memo-book-mojih-18-let\\\/\",\"url\":\"https:\\\/\\\/ajatutaja.com\\\/izdelek\\\/spominska-knjiga-the-memo-book-mojih-18-let\\\/\",\"name\":\"Spominska knjiga The Memo Book - Mojih 18 let | Ajatutaja\",\"isPartOf\":{\"@id\":\"https:\\\/\\\/ajatutaja.com\\\/#website\"},\"primaryImageOfPage\":{\"@id\":\"https:\\\/\\\/ajatutaja.com\\\/izdelek\\\/spominska-knjiga-the-memo-book-mojih-18-let\\\/#primaryimage\"},\"image\":{\"@id\":\"https:\\\/\\\/ajatutaja.com\\\/izdelek\\\/spominska-knjiga-the-memo-book-mojih-18-let\\\/#primaryimage\"},\"thumbnailUrl\":\"https:\\\/\\\/ajatutaja.com\\\/wp-content\\\/uploads\\\/2025\\\/02\\\/Spominska-knjiga-The-memo-book-mojih-18-let-0.jpg\",\"datePublished\":\"2025-02-01T07:01:11+00:00\",\"dateModified\":\"2025-12-18T16:18:22+00:00\",\"description\":\"Spominska knjiga \\\"Mojih 18 let\\\" je popolna izbira za Baby shower ali kot darilo novope\u010denim star\u0161em ob rojstvu otroka! The Memo Book 3v1 je\u00a0 hkrati nose\u010dni\u0161ki, dojen\u010dkov in otro\u0161ki album spominov. Vsebina v Slovenskem jeziku\",\"breadcrumb\":{\"@id\":\"https:\\\/\\\/ajatutaja.com\\\/izdelek\\\/spominska-knjiga-the-memo-book-mojih-18-let\\\/#breadcrumb\"},\"inLanguage\":\"hr\",\"potentialAction\":[{\"@type\":\"ReadAction\",\"target\":[\"https:\\\/\\\/ajatutaja.com\\\/izdelek\\\/spominska-knjiga-the-memo-book-mojih-18-let\\\/\"]}]},{\"@type\":\"ImageObject\",\"inLanguage\":\"hr\",\"@id\":\"https:\\\/\\\/ajatutaja.com\\\/izdelek\\\/spominska-knjiga-the-memo-book-mojih-18-let\\\/#primaryimage\",\"url\":\"https:\\\/\\\/ajatutaja.com\\\/wp-content\\\/uploads\\\/2025\\\/02\\\/Spominska-knjiga-The-memo-book-mojih-18-let-0.jpg\",\"contentUrl\":\"https:\\\/\\\/ajatutaja.com\\\/wp-content\\\/uploads\\\/2025\\\/02\\\/Spominska-knjiga-The-memo-book-mojih-18-let-0.jpg\",\"width\":705,\"height\":705},{\"@type\":\"BreadcrumbList\",\"@id\":\"https:\\\/\\\/ajatutaja.com\\\/izdelek\\\/spominska-knjiga-the-memo-book-mojih-18-let\\\/#breadcrumb\",\"itemListElement\":[{\"@type\":\"ListItem\",\"position\":1,\"name\":\"Home\",\"item\":\"https:\\\/\\\/ajatutaja.com\\\/hr\\\/\"},{\"@type\":\"ListItem\",\"position\":2,\"name\":\"Trgovina\",\"item\":\"https:\\\/\\\/ajatutaja.com\\\/hr\\\/trgovina\\\/\"},{\"@type\":\"ListItem\",\"position\":3,\"name\":\"Spominska knjiga The Memo Book &#8211; Mojih 18 let\"}]},{\"@type\":\"WebSite\",\"@id\":\"https:\\\/\\\/ajatutaja.com\\\/#website\",\"url\":\"https:\\\/\\\/ajatutaja.com\\\/\",\"name\":\"Ajatutaja\",\"description\":\"Otro\u0161ka spletna trgovina AJATUTAJA\",\"publisher\":{\"@id\":\"https:\\\/\\\/ajatutaja.com\\\/#organization\"},\"potentialAction\":[{\"@type\":\"SearchAction\",\"target\":{\"@type\":\"EntryPoint\",\"urlTemplate\":\"https:\\\/\\\/ajatutaja.com\\\/?s={search_term_string}\"},\"query-input\":{\"@type\":\"PropertyValueSpecification\",\"valueRequired\":true,\"valueName\":\"search_term_string\"}}],\"inLanguage\":\"hr\"},{\"@type\":\"Organization\",\"@id\":\"https:\\\/\\\/ajatutaja.com\\\/#organization\",\"name\":\"Ajatutaja\",\"url\":\"https:\\\/\\\/ajatutaja.com\\\/\",\"logo\":{\"@type\":\"ImageObject\",\"inLanguage\":\"hr\",\"@id\":\"https:\\\/\\\/ajatutaja.com\\\/#\\\/schema\\\/logo\\\/image\\\/\",\"url\":\"https:\\\/\\\/ajatutaja.com\\\/wp-content\\\/uploads\\\/2021\\\/10\\\/logo.png\",\"contentUrl\":\"https:\\\/\\\/ajatutaja.com\\\/wp-content\\\/uploads\\\/2021\\\/10\\\/logo.png\",\"width\":555,\"height\":150,\"caption\":\"Ajatutaja\"},\"image\":{\"@id\":\"https:\\\/\\\/ajatutaja.com\\\/#\\\/schema\\\/logo\\\/image\\\/\"}}]}<\/script>\n<!-- \/ Yoast SEO plugin. -->","yoast_head_json":{"title":"Spominska knjiga The Memo Book - Mojih 18 let | Ajatutaja","description":"Spominska knjiga \"Mojih 18 let\" je popolna izbira za Baby shower ali kot darilo novope\u010denim star\u0161em ob rojstvu otroka! The Memo Book 3v1 je\u00a0 hkrati nose\u010dni\u0161ki, dojen\u010dkov in otro\u0161ki album spominov. Vsebina v Slovenskem jeziku","robots":{"index":"index","follow":"follow","max-snippet":"max-snippet:-1","max-image-preview":"max-image-preview:large","max-video-preview":"max-video-preview:-1"},"canonical":"https:\/\/ajatutaja.com\/izdelek\/spominska-knjiga-the-memo-book-mojih-18-let\/","og_locale":"hr_HR","og_type":"article","og_title":"Spominska knjiga The Memo Book - Mojih 18 let | Ajatutaja","og_description":"Spominska knjiga \"Mojih 18 let\" je popolna izbira za Baby shower ali kot darilo novope\u010denim star\u0161em ob rojstvu otroka! The Memo Book 3v1 je\u00a0 hkrati nose\u010dni\u0161ki, dojen\u010dkov in otro\u0161ki album spominov. Vsebina v Slovenskem jeziku","og_url":"https:\/\/ajatutaja.com\/izdelek\/spominska-knjiga-the-memo-book-mojih-18-let\/","og_site_name":"Ajatutaja","article_modified_time":"2025-12-18T16:18:22+00:00","og_image":[{"width":705,"height":705,"url":"https:\/\/ajatutaja.com\/wp-content\/uploads\/2025\/02\/Spominska-knjiga-The-memo-book-mojih-18-let-0.jpg","type":"image\/jpeg"}],"twitter_card":"summary_large_image","twitter_misc":{"Procijenjeno vrijeme \u010ditanja":"1 minuta"},"schema":{"@context":"https:\/\/schema.org","@graph":[{"@type":"WebPage","@id":"https:\/\/ajatutaja.com\/izdelek\/spominska-knjiga-the-memo-book-mojih-18-let\/","url":"https:\/\/ajatutaja.com\/izdelek\/spominska-knjiga-the-memo-book-mojih-18-let\/","name":"Spominska knjiga The Memo Book - Mojih 18 let | Ajatutaja","isPartOf":{"@id":"https:\/\/ajatutaja.com\/#website"},"primaryImageOfPage":{"@id":"https:\/\/ajatutaja.com\/izdelek\/spominska-knjiga-the-memo-book-mojih-18-let\/#primaryimage"},"image":{"@id":"https:\/\/ajatutaja.com\/izdelek\/spominska-knjiga-the-memo-book-mojih-18-let\/#primaryimage"},"thumbnailUrl":"https:\/\/ajatutaja.com\/wp-content\/uploads\/2025\/02\/Spominska-knjiga-The-memo-book-mojih-18-let-0.jpg","datePublished":"2025-02-01T07:01:11+00:00","dateModified":"2025-12-18T16:18:22+00:00","description":"Spominska knjiga \"Mojih 18 let\" je popolna izbira za Baby shower ali kot darilo novope\u010denim star\u0161em ob rojstvu otroka! The Memo Book 3v1 je\u00a0 hkrati nose\u010dni\u0161ki, dojen\u010dkov in otro\u0161ki album spominov. Vsebina v Slovenskem jeziku","breadcrumb":{"@id":"https:\/\/ajatutaja.com\/izdelek\/spominska-knjiga-the-memo-book-mojih-18-let\/#breadcrumb"},"inLanguage":"hr","potentialAction":[{"@type":"ReadAction","target":["https:\/\/ajatutaja.com\/izdelek\/spominska-knjiga-the-memo-book-mojih-18-let\/"]}]},{"@type":"ImageObject","inLanguage":"hr","@id":"https:\/\/ajatutaja.com\/izdelek\/spominska-knjiga-the-memo-book-mojih-18-let\/#primaryimage","url":"https:\/\/ajatutaja.com\/wp-content\/uploads\/2025\/02\/Spominska-knjiga-The-memo-book-mojih-18-let-0.jpg","contentUrl":"https:\/\/ajatutaja.com\/wp-content\/uploads\/2025\/02\/Spominska-knjiga-The-memo-book-mojih-18-let-0.jpg","width":705,"height":705},{"@type":"BreadcrumbList","@id":"https:\/\/ajatutaja.com\/izdelek\/spominska-knjiga-the-memo-book-mojih-18-let\/#breadcrumb","itemListElement":[{"@type":"ListItem","position":1,"name":"Home","item":"https:\/\/ajatutaja.com\/hr\/"},{"@type":"ListItem","position":2,"name":"Trgovina","item":"https:\/\/ajatutaja.com\/hr\/trgovina\/"},{"@type":"ListItem","position":3,"name":"Spominska knjiga The Memo Book &#8211; Mojih 18 let"}]},{"@type":"WebSite","@id":"https:\/\/ajatutaja.com\/#website","url":"https:\/\/ajatutaja.com\/","name":"Ajatutaja","description":"Otro\u0161ka spletna trgovina AJATUTAJA","publisher":{"@id":"https:\/\/ajatutaja.com\/#organization"},"potentialAction":[{"@type":"SearchAction","target":{"@type":"EntryPoint","urlTemplate":"https:\/\/ajatutaja.com\/?s={search_term_string}"},"query-input":{"@type":"PropertyValueSpecification","valueRequired":true,"valueName":"search_term_string"}}],"inLanguage":"hr"},{"@type":"Organization","@id":"https:\/\/ajatutaja.com\/#organization","name":"Ajatutaja","url":"https:\/\/ajatutaja.com\/","logo":{"@type":"ImageObject","inLanguage":"hr","@id":"https:\/\/ajatutaja.com\/#\/schema\/logo\/image\/","url":"https:\/\/ajatutaja.com\/wp-content\/uploads\/2021\/10\/logo.png","contentUrl":"https:\/\/ajatutaja.com\/wp-content\/uploads\/2021\/10\/logo.png","width":555,"height":150,"caption":"Ajatutaja"},"image":{"@id":"https:\/\/ajatutaja.com\/#\/schema\/logo\/image\/"}}]}},"brands":[{"id":2267,"name":"Nose\u010dnost","slug":"nosecnost"}],"_links":{"self":[{"href":"https:\/\/ajatutaja.com\/hr\/wp-json\/wp\/v2\/product\/73015","targetHints":{"allow":["GET"]}}],"collection":[{"href":"https:\/\/ajatutaja.com\/hr\/wp-json\/wp\/v2\/product"}],"about":[{"href":"https:\/\/ajatutaja.com\/hr\/wp-json\/wp\/v2\/types\/product"}],"wp:featuredmedia":[{"embeddable":true,"href":"https:\/\/ajatutaja.com\/hr\/wp-json\/wp\/v2\/media\/73016"}],"wp:attachment":[{"href":"https:\/\/ajatutaja.com\/hr\/wp-json\/wp\/v2\/media?parent=73015"}],"wp:term":[{"taxonomy":"pwb-brand","embeddable":true,"href":"https:\/\/ajatutaja.com\/hr\/wp-json\/wp\/v2\/pwb-brand?post=73015"},{"taxonomy":"product_brand","embeddable":true,"href":"https:\/\/ajatutaja.com\/hr\/wp-json\/wp\/v2\/product_brand?post=73015"},{"taxonomy":"product_cat","embeddable":true,"href":"https:\/\/ajatutaja.com\/hr\/wp-json\/wp\/v2\/product_cat?post=73015"},{"taxonomy":"product_tag","embeddable":true,"href":"https:\/\/ajatutaja.com\/hr\/wp-json\/wp\/v2\/product_tag?post=73015"}],"curies":[{"name":"wp","href":"https:\/\/api.w.org\/{rel}","templated":true}]}}