{"id":72872,"date":"2025-01-27T06:45:39","date_gmt":"2025-01-27T05:45:39","guid":{"rendered":"https:\/\/ajatutaja.com\/?post_type=product&#038;p=72872"},"modified":"2025-01-27T07:03:00","modified_gmt":"2025-01-27T06:03:00","slug":"nanobebe-breastmilk-steklenicka-150ml-gen2","status":"publish","type":"product","link":"https:\/\/ajatutaja.com\/hr\/proizvod\/nanobebe-breastmilk-steklenicka-150ml-gen2\/","title":{"rendered":"Nanob\u00e9b\u00e9 Breastmilk stekleni\u010dka 150ml GEN2"},"content":{"rendered":"<p>[vc_row][vc_column][vc_column_text]<\/p>\n<h3>Komplet Nanob\u00e9b\u00e9 stekleni\u010dka Breastmilk 150ml vsebuje:<\/h3>\n<ul>\n<li>Stekleni\u010dko za materino Nanob\u00e9b\u00e9 Breastmilk mleko 150ml GEN2<\/li>\n<li>Cucelj s po\u010dasnim pretokom &#8211; Slow Flow (cuclji z drugimi stopnjami pretoka so na voljo posebej)<\/li>\n<li>Pokrov\u010dek za zapiranje stekleni\u010dke<\/li>\n<li>Potovalni pokrov\u010dek za shranjevanje<\/li>\n<li>Adapter za namestitev \u010drpalke s standardnim vratom, kot je Medela (za \u010drpalke s \u0161irokim vratom, kot je Spectra, lahko komplet adapterjev kupite posebej).<\/li>\n<\/ul>\n<p>Ve\u010dkrat nagrajena Nanob\u00e9b\u00e9 stekleni\u010dka s svojo inovativno obliko je zasnovana tako, da med shranjevanjem hitro ohladi materino mleko po \u010drpanju, da prepre\u010di rast bakterij. Pri segrevanju pa se mleko v stekleni\u010dki varno in kar 2x hitreje in enakomerno segreje in tako za\u0161\u010diti hranila, ki se nahajajo v materinem mleku. Njena posebna oblika prepre\u010duje sesalno zmedo in olaj\u0161a prehod od dojke do stekleni\u010dke.<\/p>\n<p>Za prakti\u010dnost hranjenja lahko doje\u010de mame \u010drpajo materino mleko neposredno v stekleni\u010dko s pomo\u010djo prsne \u010drpalke Nanobebe in nato shranijo, segrejejo in nahranijo otroka \u2013 vse z isto stekleni\u010dko. Napredni 360-stopenjski cucelj proti kolikam s trojnim prezra\u010devanjem je oblikovan, da prepre\u010duje nastajanje plinov in nelagodja pri dojen\u010dku.<\/p>\n<h3>Lastnosti Nanob\u00e9b\u00e9 stekleni\u010dke za materino mleko GEN2:<\/h3>\n<ul>\n<li><strong>Nova generacija <\/strong>ve\u010dkrat nagrajenih in inovativnih stekleni\u010dk Nanobebe Breastmilk ima \u0161e bolj dodelano obliko<\/li>\n<li><strong>Edina otro\u0161ka stekleni\u010dka, zasnovana za materino mleko:<\/strong> Dojen\u010dek se instinktivno pove\u017ee z obliko prsi stekleni\u010dke, kar spodbuja gladke prehode med prsmi in stekleni\u010dko.<\/li>\n<li><strong>\u0160\u010diti esencialne hranilne snovi v materinem mleku<\/strong>: hitro hlajenje po \u010drpanju zmanj\u0161a rast bakterij, hitro in enakomerno segrevanje pa prepre\u010duje vro\u010de to\u010dke, ki \u0161kodijo hranilom v materinem mleku.<\/li>\n<li><strong>Napredni<\/strong>\u00a0<strong>cuclji proti kolikam<\/strong>: trojni prezra\u010devalni nastavek za hranjenje brez plinov ali neugodja po hranjenju.<\/li>\n<li><strong>Vse v enem:<\/strong>\u00a0adapter za prsno \u010drpalko je prilo\u017een za\u00a0neposredno \u010drpanje v stekleni\u010dko Nanob\u00e9b\u00e9; iz\u010drpajte, shranite, ogrejte in nahranite. Vse to z eno stekleni\u010dko za popolno shranjevanje materinega mleka.<\/li>\n<li><strong>Najve\u010dja priro\u010dnost:<\/strong> segreje se 2x hitreje kot druge stekleni\u010dke; mo\u017enost zlaganja ena v drugo (z vklju\u010denimi pokrovi za shranjevanje) za prihranek prostora; enostavno \u010di\u0161\u010denje in sestavljanje.<\/li>\n<li><strong>Varno za dojen\u010dke in nestrupeno:<\/strong> brez BPA, PVC, svinca in ftalatov<\/li>\n<li><strong>Enostavna za \u010di\u0161\u010denje.<\/strong><\/li>\n<li><strong>Lahko se pospravijo ena na drugo.<\/strong><\/li>\n<\/ul>\n<p>[\/vc_column_text][\/vc_column][\/vc_row]<\/p>\n","protected":false},"excerpt":{"rendered":"<p>Tu je nova generacija stekleni\u010dk Nanob\u00e9b\u00e9 Breastmilk GEN2!\u00a0 Prva in edina stekleni\u010dka za dojen\u010dke, ki je s svojo obliko zasnovana tako, da ohranja esencialne hranilne snovi v materinem mleku in kar je najpomembnej\u0161e &#8211; ne povzro\u010da sesalne zmede pri dojenih otrocih in prepre\u010duje kolike zahvaljujo\u010d cuclju s trojnim prezra\u010devanjem.<\/p>\n<p>3 barve na voljo!<\/p>\n","protected":false},"featured_media":72877,"template":"","meta":[],"pwb-brand":[2269,5024],"product_brand":[],"product_cat":[2307,2266],"product_tag":[5025],"class_list":{"0":"post-72872","1":"product","2":"type-product","3":"status-publish","4":"has-post-thumbnail","6":"pwb-brand-hranjenje","7":"pwb-brand-nanobebe","8":"product_cat-flaske-in-steklenicke","9":"product_cat-hranjenje","10":"product_tag-nanobebe","12":"first","13":"instock","14":"taxable","15":"shipping-taxable","16":"purchasable","17":"product-type-variable","18":"add-to-wishlist-before_image"},"yoast_head":"<!-- This site is optimized with the Yoast SEO plugin v27.3 - https:\/\/yoast.com\/product\/yoast-seo-wordpress\/ -->\n<title>Nanob\u00e9b\u00e9 Breastmilk stekleni\u010dka 150ml GEN2 | Ajatutaja<\/title>\n<meta name=\"description\" content=\"Tu je nova generacija stekleni\u010dk Nanob\u00e9b\u00e9 Breastmilk GEN2!\u00a0 Prva in edina stekleni\u010dka za dojen\u010dke, ki je s svojo obliko zasnovana tako, da ohranja esencialne hranilne snovi v materinem mleku in kar je najpomembnej\u0161e - ne povzro\u010da sesalne zmede pri dojenih otrocih in prepre\u010duje kolike zahvaljujo\u010d cuclju s trojnim prezra\u010devanjem.\" \/>\n<meta name=\"robots\" content=\"index, follow, max-snippet:-1, max-image-preview:large, max-video-preview:-1\" \/>\n<link rel=\"canonical\" href=\"https:\/\/ajatutaja.com\/izdelek\/nanobebe-breastmilk-steklenicka-150ml-gen2\/\" \/>\n<meta property=\"og:locale\" content=\"hr_HR\" \/>\n<meta property=\"og:type\" content=\"article\" \/>\n<meta property=\"og:title\" content=\"Nanob\u00e9b\u00e9 Breastmilk stekleni\u010dka 150ml GEN2 | Ajatutaja\" \/>\n<meta property=\"og:description\" content=\"Tu je nova generacija stekleni\u010dk Nanob\u00e9b\u00e9 Breastmilk GEN2!\u00a0 Prva in edina stekleni\u010dka za dojen\u010dke, ki je s svojo obliko zasnovana tako, da ohranja esencialne hranilne snovi v materinem mleku in kar je najpomembnej\u0161e - ne povzro\u010da sesalne zmede pri dojenih otrocih in prepre\u010duje kolike zahvaljujo\u010d cuclju s trojnim prezra\u010devanjem.\" \/>\n<meta property=\"og:url\" content=\"https:\/\/ajatutaja.com\/izdelek\/nanobebe-breastmilk-steklenicka-150ml-gen2\/\" \/>\n<meta property=\"og:site_name\" content=\"Ajatutaja\" \/>\n<meta property=\"article:modified_time\" content=\"2025-01-27T06:03:00+00:00\" \/>\n<meta property=\"og:image\" content=\"https:\/\/ajatutaja.com\/wp-content\/uploads\/2025\/01\/New-Breastmilk-Bottle-gen2-Nanobebe-ajatutaja-koper.webp\" \/>\n\t<meta property=\"og:image:width\" content=\"1426\" \/>\n\t<meta property=\"og:image:height\" content=\"1426\" \/>\n\t<meta property=\"og:image:type\" content=\"image\/webp\" \/>\n<meta name=\"twitter:card\" content=\"summary_large_image\" \/>\n<meta name=\"twitter:label1\" content=\"Procijenjeno vrijeme \u010ditanja\" \/>\n\t<meta name=\"twitter:data1\" content=\"2 minute\" \/>\n<script type=\"application\/ld+json\" class=\"yoast-schema-graph\">{\"@context\":\"https:\\\/\\\/schema.org\",\"@graph\":[{\"@type\":\"WebPage\",\"@id\":\"https:\\\/\\\/ajatutaja.com\\\/izdelek\\\/nanobebe-breastmilk-steklenicka-150ml-gen2\\\/\",\"url\":\"https:\\\/\\\/ajatutaja.com\\\/izdelek\\\/nanobebe-breastmilk-steklenicka-150ml-gen2\\\/\",\"name\":\"Nanob\u00e9b\u00e9 Breastmilk stekleni\u010dka 150ml GEN2 | Ajatutaja\",\"isPartOf\":{\"@id\":\"https:\\\/\\\/ajatutaja.com\\\/#website\"},\"primaryImageOfPage\":{\"@id\":\"https:\\\/\\\/ajatutaja.com\\\/izdelek\\\/nanobebe-breastmilk-steklenicka-150ml-gen2\\\/#primaryimage\"},\"image\":{\"@id\":\"https:\\\/\\\/ajatutaja.com\\\/izdelek\\\/nanobebe-breastmilk-steklenicka-150ml-gen2\\\/#primaryimage\"},\"thumbnailUrl\":\"https:\\\/\\\/ajatutaja.com\\\/wp-content\\\/uploads\\\/2025\\\/01\\\/New-Breastmilk-Bottle-gen2-Nanobebe-ajatutaja-koper.webp\",\"datePublished\":\"2025-01-27T05:45:39+00:00\",\"dateModified\":\"2025-01-27T06:03:00+00:00\",\"description\":\"Tu je nova generacija stekleni\u010dk Nanob\u00e9b\u00e9 Breastmilk GEN2!\u00a0 Prva in edina stekleni\u010dka za dojen\u010dke, ki je s svojo obliko zasnovana tako, da ohranja esencialne hranilne snovi v materinem mleku in kar je najpomembnej\u0161e - ne povzro\u010da sesalne zmede pri dojenih otrocih in prepre\u010duje kolike zahvaljujo\u010d cuclju s trojnim prezra\u010devanjem.\",\"breadcrumb\":{\"@id\":\"https:\\\/\\\/ajatutaja.com\\\/izdelek\\\/nanobebe-breastmilk-steklenicka-150ml-gen2\\\/#breadcrumb\"},\"inLanguage\":\"hr\",\"potentialAction\":[{\"@type\":\"ReadAction\",\"target\":[\"https:\\\/\\\/ajatutaja.com\\\/izdelek\\\/nanobebe-breastmilk-steklenicka-150ml-gen2\\\/\"]}]},{\"@type\":\"ImageObject\",\"inLanguage\":\"hr\",\"@id\":\"https:\\\/\\\/ajatutaja.com\\\/izdelek\\\/nanobebe-breastmilk-steklenicka-150ml-gen2\\\/#primaryimage\",\"url\":\"https:\\\/\\\/ajatutaja.com\\\/wp-content\\\/uploads\\\/2025\\\/01\\\/New-Breastmilk-Bottle-gen2-Nanobebe-ajatutaja-koper.webp\",\"contentUrl\":\"https:\\\/\\\/ajatutaja.com\\\/wp-content\\\/uploads\\\/2025\\\/01\\\/New-Breastmilk-Bottle-gen2-Nanobebe-ajatutaja-koper.webp\",\"width\":1426,\"height\":1426},{\"@type\":\"BreadcrumbList\",\"@id\":\"https:\\\/\\\/ajatutaja.com\\\/izdelek\\\/nanobebe-breastmilk-steklenicka-150ml-gen2\\\/#breadcrumb\",\"itemListElement\":[{\"@type\":\"ListItem\",\"position\":1,\"name\":\"Home\",\"item\":\"https:\\\/\\\/ajatutaja.com\\\/hr\\\/\"},{\"@type\":\"ListItem\",\"position\":2,\"name\":\"Trgovina\",\"item\":\"https:\\\/\\\/ajatutaja.com\\\/hr\\\/trgovina\\\/\"},{\"@type\":\"ListItem\",\"position\":3,\"name\":\"Nanob\u00e9b\u00e9 Breastmilk stekleni\u010dka 150ml GEN2\"}]},{\"@type\":\"WebSite\",\"@id\":\"https:\\\/\\\/ajatutaja.com\\\/#website\",\"url\":\"https:\\\/\\\/ajatutaja.com\\\/\",\"name\":\"Ajatutaja\",\"description\":\"Otro\u0161ka spletna trgovina AJATUTAJA\",\"publisher\":{\"@id\":\"https:\\\/\\\/ajatutaja.com\\\/#organization\"},\"potentialAction\":[{\"@type\":\"SearchAction\",\"target\":{\"@type\":\"EntryPoint\",\"urlTemplate\":\"https:\\\/\\\/ajatutaja.com\\\/?s={search_term_string}\"},\"query-input\":{\"@type\":\"PropertyValueSpecification\",\"valueRequired\":true,\"valueName\":\"search_term_string\"}}],\"inLanguage\":\"hr\"},{\"@type\":\"Organization\",\"@id\":\"https:\\\/\\\/ajatutaja.com\\\/#organization\",\"name\":\"Ajatutaja\",\"url\":\"https:\\\/\\\/ajatutaja.com\\\/\",\"logo\":{\"@type\":\"ImageObject\",\"inLanguage\":\"hr\",\"@id\":\"https:\\\/\\\/ajatutaja.com\\\/#\\\/schema\\\/logo\\\/image\\\/\",\"url\":\"https:\\\/\\\/ajatutaja.com\\\/wp-content\\\/uploads\\\/2021\\\/10\\\/logo.png\",\"contentUrl\":\"https:\\\/\\\/ajatutaja.com\\\/wp-content\\\/uploads\\\/2021\\\/10\\\/logo.png\",\"width\":555,\"height\":150,\"caption\":\"Ajatutaja\"},\"image\":{\"@id\":\"https:\\\/\\\/ajatutaja.com\\\/#\\\/schema\\\/logo\\\/image\\\/\"}}]}<\/script>\n<!-- \/ Yoast SEO plugin. -->","yoast_head_json":{"title":"Nanob\u00e9b\u00e9 Breastmilk stekleni\u010dka 150ml GEN2 | Ajatutaja","description":"Tu je nova generacija stekleni\u010dk Nanob\u00e9b\u00e9 Breastmilk GEN2!\u00a0 Prva in edina stekleni\u010dka za dojen\u010dke, ki je s svojo obliko zasnovana tako, da ohranja esencialne hranilne snovi v materinem mleku in kar je najpomembnej\u0161e - ne povzro\u010da sesalne zmede pri dojenih otrocih in prepre\u010duje kolike zahvaljujo\u010d cuclju s trojnim prezra\u010devanjem.","robots":{"index":"index","follow":"follow","max-snippet":"max-snippet:-1","max-image-preview":"max-image-preview:large","max-video-preview":"max-video-preview:-1"},"canonical":"https:\/\/ajatutaja.com\/izdelek\/nanobebe-breastmilk-steklenicka-150ml-gen2\/","og_locale":"hr_HR","og_type":"article","og_title":"Nanob\u00e9b\u00e9 Breastmilk stekleni\u010dka 150ml GEN2 | Ajatutaja","og_description":"Tu je nova generacija stekleni\u010dk Nanob\u00e9b\u00e9 Breastmilk GEN2!\u00a0 Prva in edina stekleni\u010dka za dojen\u010dke, ki je s svojo obliko zasnovana tako, da ohranja esencialne hranilne snovi v materinem mleku in kar je najpomembnej\u0161e - ne povzro\u010da sesalne zmede pri dojenih otrocih in prepre\u010duje kolike zahvaljujo\u010d cuclju s trojnim prezra\u010devanjem.","og_url":"https:\/\/ajatutaja.com\/izdelek\/nanobebe-breastmilk-steklenicka-150ml-gen2\/","og_site_name":"Ajatutaja","article_modified_time":"2025-01-27T06:03:00+00:00","og_image":[{"width":1426,"height":1426,"url":"https:\/\/ajatutaja.com\/wp-content\/uploads\/2025\/01\/New-Breastmilk-Bottle-gen2-Nanobebe-ajatutaja-koper.webp","type":"image\/webp"}],"twitter_card":"summary_large_image","twitter_misc":{"Procijenjeno vrijeme \u010ditanja":"2 minute"},"schema":{"@context":"https:\/\/schema.org","@graph":[{"@type":"WebPage","@id":"https:\/\/ajatutaja.com\/izdelek\/nanobebe-breastmilk-steklenicka-150ml-gen2\/","url":"https:\/\/ajatutaja.com\/izdelek\/nanobebe-breastmilk-steklenicka-150ml-gen2\/","name":"Nanob\u00e9b\u00e9 Breastmilk stekleni\u010dka 150ml GEN2 | Ajatutaja","isPartOf":{"@id":"https:\/\/ajatutaja.com\/#website"},"primaryImageOfPage":{"@id":"https:\/\/ajatutaja.com\/izdelek\/nanobebe-breastmilk-steklenicka-150ml-gen2\/#primaryimage"},"image":{"@id":"https:\/\/ajatutaja.com\/izdelek\/nanobebe-breastmilk-steklenicka-150ml-gen2\/#primaryimage"},"thumbnailUrl":"https:\/\/ajatutaja.com\/wp-content\/uploads\/2025\/01\/New-Breastmilk-Bottle-gen2-Nanobebe-ajatutaja-koper.webp","datePublished":"2025-01-27T05:45:39+00:00","dateModified":"2025-01-27T06:03:00+00:00","description":"Tu je nova generacija stekleni\u010dk Nanob\u00e9b\u00e9 Breastmilk GEN2!\u00a0 Prva in edina stekleni\u010dka za dojen\u010dke, ki je s svojo obliko zasnovana tako, da ohranja esencialne hranilne snovi v materinem mleku in kar je najpomembnej\u0161e - ne povzro\u010da sesalne zmede pri dojenih otrocih in prepre\u010duje kolike zahvaljujo\u010d cuclju s trojnim prezra\u010devanjem.","breadcrumb":{"@id":"https:\/\/ajatutaja.com\/izdelek\/nanobebe-breastmilk-steklenicka-150ml-gen2\/#breadcrumb"},"inLanguage":"hr","potentialAction":[{"@type":"ReadAction","target":["https:\/\/ajatutaja.com\/izdelek\/nanobebe-breastmilk-steklenicka-150ml-gen2\/"]}]},{"@type":"ImageObject","inLanguage":"hr","@id":"https:\/\/ajatutaja.com\/izdelek\/nanobebe-breastmilk-steklenicka-150ml-gen2\/#primaryimage","url":"https:\/\/ajatutaja.com\/wp-content\/uploads\/2025\/01\/New-Breastmilk-Bottle-gen2-Nanobebe-ajatutaja-koper.webp","contentUrl":"https:\/\/ajatutaja.com\/wp-content\/uploads\/2025\/01\/New-Breastmilk-Bottle-gen2-Nanobebe-ajatutaja-koper.webp","width":1426,"height":1426},{"@type":"BreadcrumbList","@id":"https:\/\/ajatutaja.com\/izdelek\/nanobebe-breastmilk-steklenicka-150ml-gen2\/#breadcrumb","itemListElement":[{"@type":"ListItem","position":1,"name":"Home","item":"https:\/\/ajatutaja.com\/hr\/"},{"@type":"ListItem","position":2,"name":"Trgovina","item":"https:\/\/ajatutaja.com\/hr\/trgovina\/"},{"@type":"ListItem","position":3,"name":"Nanob\u00e9b\u00e9 Breastmilk stekleni\u010dka 150ml GEN2"}]},{"@type":"WebSite","@id":"https:\/\/ajatutaja.com\/#website","url":"https:\/\/ajatutaja.com\/","name":"Ajatutaja","description":"Otro\u0161ka spletna trgovina AJATUTAJA","publisher":{"@id":"https:\/\/ajatutaja.com\/#organization"},"potentialAction":[{"@type":"SearchAction","target":{"@type":"EntryPoint","urlTemplate":"https:\/\/ajatutaja.com\/?s={search_term_string}"},"query-input":{"@type":"PropertyValueSpecification","valueRequired":true,"valueName":"search_term_string"}}],"inLanguage":"hr"},{"@type":"Organization","@id":"https:\/\/ajatutaja.com\/#organization","name":"Ajatutaja","url":"https:\/\/ajatutaja.com\/","logo":{"@type":"ImageObject","inLanguage":"hr","@id":"https:\/\/ajatutaja.com\/#\/schema\/logo\/image\/","url":"https:\/\/ajatutaja.com\/wp-content\/uploads\/2021\/10\/logo.png","contentUrl":"https:\/\/ajatutaja.com\/wp-content\/uploads\/2021\/10\/logo.png","width":555,"height":150,"caption":"Ajatutaja"},"image":{"@id":"https:\/\/ajatutaja.com\/#\/schema\/logo\/image\/"}}]}},"brands":[{"id":2269,"name":"Hranjenje","slug":"hranjenje"},{"id":5024,"name":"Nanob\u00e9b\u00e9","slug":"nanobebe"}],"_links":{"self":[{"href":"https:\/\/ajatutaja.com\/hr\/wp-json\/wp\/v2\/product\/72872","targetHints":{"allow":["GET"]}}],"collection":[{"href":"https:\/\/ajatutaja.com\/hr\/wp-json\/wp\/v2\/product"}],"about":[{"href":"https:\/\/ajatutaja.com\/hr\/wp-json\/wp\/v2\/types\/product"}],"wp:featuredmedia":[{"embeddable":true,"href":"https:\/\/ajatutaja.com\/hr\/wp-json\/wp\/v2\/media\/72877"}],"wp:attachment":[{"href":"https:\/\/ajatutaja.com\/hr\/wp-json\/wp\/v2\/media?parent=72872"}],"wp:term":[{"taxonomy":"pwb-brand","embeddable":true,"href":"https:\/\/ajatutaja.com\/hr\/wp-json\/wp\/v2\/pwb-brand?post=72872"},{"taxonomy":"product_brand","embeddable":true,"href":"https:\/\/ajatutaja.com\/hr\/wp-json\/wp\/v2\/product_brand?post=72872"},{"taxonomy":"product_cat","embeddable":true,"href":"https:\/\/ajatutaja.com\/hr\/wp-json\/wp\/v2\/product_cat?post=72872"},{"taxonomy":"product_tag","embeddable":true,"href":"https:\/\/ajatutaja.com\/hr\/wp-json\/wp\/v2\/product_tag?post=72872"}],"curies":[{"name":"wp","href":"https:\/\/api.w.org\/{rel}","templated":true}]}}