{"id":72834,"date":"2025-01-24T14:45:28","date_gmt":"2025-01-24T13:45:28","guid":{"rendered":"https:\/\/ajatutaja.com\/?post_type=product&#038;p=72834"},"modified":"2025-01-24T14:46:47","modified_gmt":"2025-01-24T13:46:47","slug":"pletena-bombazna-odejica-bibs-pointelle-ivory","status":"publish","type":"product","link":"https:\/\/ajatutaja.com\/hr\/proizvod\/pletena-bombazna-odejica-bibs-pointelle-ivory\/","title":{"rendered":"Pletena bomba\u017ena odejica Bibs Pointelle &#8211; Ivory"},"content":{"rendered":"<p>[vc_row][vc_column][vc_column_text]<\/p>\n<h3>Lastnosti Pletene odejice Bibs Pointelle:<\/h3>\n<ul>\n<li>Material: 100% <span class=\"pt-5 paragraph-1\">OEKO-TEX\u00ae<\/span> organski bomba\u017e<\/li>\n<li>Velikost: 70&#215;100 cm<\/li>\n<li>Pletena odejica je uporabna v doma\u010di posteljici in v vozi\u010dku<\/li>\n<li>Navodila za vzdr\u017eevanje: Ro\u010dno pranje na 30\u00b0. Ne su\u0161ite v su\u0161ilcu. Ne uporabljajte belila. Operite s podobnimi barvami.<\/li>\n<\/ul>\n<p>[\/vc_column_text][\/vc_column][\/vc_row]<\/p>\n","protected":false},"excerpt":{"rendered":"<p>\u010cudovita pletena odejica iz 100% organskega bomba\u017ea znamke Bibs ima lep pleteni vzorec s pletenim vzorcem &#8220;pointelle&#8221;. Ta otro\u0161ka odejica je vsestranska! Lahko jo uporabljate kot odeja \u010dez otro\u0161ki vozi\u010dek, odeja na kav\u010du ali kot prvo odejico za otro\u0161ko posteljico ali ko\u0161ek.<\/p>\n","protected":false},"featured_media":72832,"template":"","meta":[],"pwb-brand":[2316,2611],"product_brand":[],"product_cat":[2710,2610,2716,2711,2600,2593],"product_tag":[4118,4306],"class_list":{"0":"post-72834","1":"product","2":"type-product","3":"status-publish","4":"has-post-thumbnail","6":"pwb-brand-bibs","7":"pwb-brand-spanje","8":"product_cat-babyshower-darila","9":"product_cat-darila","10":"product_cat-darilo-do-30e","11":"product_cat-darilo-ob-rojstvu","12":"product_cat-odejice","13":"product_cat-spanje","14":"product_tag-bibs","15":"product_tag-kaj-potrebujem-za-novorojencka","17":"first","18":"instock","19":"taxable","20":"shipping-taxable","21":"purchasable","22":"product-type-simple","23":"add-to-wishlist-before_image"},"yoast_head":"<!-- This site is optimized with the Yoast SEO plugin v27.6 - https:\/\/yoast.com\/product\/yoast-seo-wordpress\/ -->\n<title>Pletena bomba\u017ena odejica Bibs Pointelle - Ivory | Ajatutaja<\/title>\n<meta name=\"description\" content=\"\u010cudovita pletena odejica iz 100% organskega bomba\u017ea znamke Bibs ima lep pleteni vzorec s pletenim vzorcem &quot;pointelle&quot;. Ta otro\u0161ka odejica je vsestranska!\" \/>\n<meta name=\"robots\" content=\"index, follow, max-snippet:-1, max-image-preview:large, max-video-preview:-1\" \/>\n<link rel=\"canonical\" href=\"https:\/\/ajatutaja.com\/izdelek\/pletena-bombazna-odejica-bibs-pointelle-ivory\/\" \/>\n<meta property=\"og:locale\" content=\"hr_HR\" \/>\n<meta property=\"og:type\" content=\"article\" \/>\n<meta property=\"og:title\" content=\"Pletena bomba\u017ena odejica Bibs Pointelle - Ivory | Ajatutaja\" \/>\n<meta property=\"og:description\" content=\"\u010cudovita pletena odejica iz 100% organskega bomba\u017ea znamke Bibs ima lep pleteni vzorec s pletenim vzorcem &quot;pointelle&quot;. Ta otro\u0161ka odejica je vsestranska!\" \/>\n<meta property=\"og:url\" content=\"https:\/\/ajatutaja.com\/izdelek\/pletena-bombazna-odejica-bibs-pointelle-ivory\/\" \/>\n<meta property=\"og:site_name\" content=\"Ajatutaja\" \/>\n<meta property=\"article:modified_time\" content=\"2025-01-24T13:46:47+00:00\" \/>\n<meta property=\"og:image\" content=\"https:\/\/ajatutaja.com\/wp-content\/uploads\/2022\/07\/bibs.pletena-odejica-organski-bombaz-pointelle-00.webp\" \/>\n\t<meta property=\"og:image:width\" content=\"1000\" \/>\n\t<meta property=\"og:image:height\" content=\"1000\" \/>\n\t<meta property=\"og:image:type\" content=\"image\/webp\" \/>\n<meta name=\"twitter:card\" content=\"summary_large_image\" \/>\n<script type=\"application\/ld+json\" class=\"yoast-schema-graph\">{\"@context\":\"https:\\\/\\\/schema.org\",\"@graph\":[{\"@type\":\"WebPage\",\"@id\":\"https:\\\/\\\/ajatutaja.com\\\/izdelek\\\/pletena-bombazna-odejica-bibs-pointelle-ivory\\\/\",\"url\":\"https:\\\/\\\/ajatutaja.com\\\/izdelek\\\/pletena-bombazna-odejica-bibs-pointelle-ivory\\\/\",\"name\":\"Pletena bomba\u017ena odejica Bibs Pointelle - Ivory | Ajatutaja\",\"isPartOf\":{\"@id\":\"https:\\\/\\\/ajatutaja.com\\\/#website\"},\"primaryImageOfPage\":{\"@id\":\"https:\\\/\\\/ajatutaja.com\\\/izdelek\\\/pletena-bombazna-odejica-bibs-pointelle-ivory\\\/#primaryimage\"},\"image\":{\"@id\":\"https:\\\/\\\/ajatutaja.com\\\/izdelek\\\/pletena-bombazna-odejica-bibs-pointelle-ivory\\\/#primaryimage\"},\"thumbnailUrl\":\"https:\\\/\\\/ajatutaja.com\\\/wp-content\\\/uploads\\\/2022\\\/07\\\/bibs.pletena-odejica-organski-bombaz-pointelle-00.webp\",\"datePublished\":\"2025-01-24T13:45:28+00:00\",\"dateModified\":\"2025-01-24T13:46:47+00:00\",\"description\":\"\u010cudovita pletena odejica iz 100% organskega bomba\u017ea znamke Bibs ima lep pleteni vzorec s pletenim vzorcem \\\"pointelle\\\". Ta otro\u0161ka odejica je vsestranska!\",\"breadcrumb\":{\"@id\":\"https:\\\/\\\/ajatutaja.com\\\/izdelek\\\/pletena-bombazna-odejica-bibs-pointelle-ivory\\\/#breadcrumb\"},\"inLanguage\":\"hr\",\"potentialAction\":[{\"@type\":\"ReadAction\",\"target\":[\"https:\\\/\\\/ajatutaja.com\\\/izdelek\\\/pletena-bombazna-odejica-bibs-pointelle-ivory\\\/\"]}]},{\"@type\":\"ImageObject\",\"inLanguage\":\"hr\",\"@id\":\"https:\\\/\\\/ajatutaja.com\\\/izdelek\\\/pletena-bombazna-odejica-bibs-pointelle-ivory\\\/#primaryimage\",\"url\":\"https:\\\/\\\/ajatutaja.com\\\/wp-content\\\/uploads\\\/2022\\\/07\\\/bibs.pletena-odejica-organski-bombaz-pointelle-00.webp\",\"contentUrl\":\"https:\\\/\\\/ajatutaja.com\\\/wp-content\\\/uploads\\\/2022\\\/07\\\/bibs.pletena-odejica-organski-bombaz-pointelle-00.webp\",\"width\":1000,\"height\":1000},{\"@type\":\"BreadcrumbList\",\"@id\":\"https:\\\/\\\/ajatutaja.com\\\/izdelek\\\/pletena-bombazna-odejica-bibs-pointelle-ivory\\\/#breadcrumb\",\"itemListElement\":[{\"@type\":\"ListItem\",\"position\":1,\"name\":\"Home\",\"item\":\"https:\\\/\\\/ajatutaja.com\\\/hr\\\/\"},{\"@type\":\"ListItem\",\"position\":2,\"name\":\"Trgovina\",\"item\":\"https:\\\/\\\/ajatutaja.com\\\/hr\\\/trgovina\\\/\"},{\"@type\":\"ListItem\",\"position\":3,\"name\":\"Pletena bomba\u017ena odejica Bibs Pointelle &#8211; Ivory\"}]},{\"@type\":\"WebSite\",\"@id\":\"https:\\\/\\\/ajatutaja.com\\\/#website\",\"url\":\"https:\\\/\\\/ajatutaja.com\\\/\",\"name\":\"Ajatutaja\",\"description\":\"Otro\u0161ka spletna trgovina AJATUTAJA\",\"publisher\":{\"@id\":\"https:\\\/\\\/ajatutaja.com\\\/#organization\"},\"potentialAction\":[{\"@type\":\"SearchAction\",\"target\":{\"@type\":\"EntryPoint\",\"urlTemplate\":\"https:\\\/\\\/ajatutaja.com\\\/?s={search_term_string}\"},\"query-input\":{\"@type\":\"PropertyValueSpecification\",\"valueRequired\":true,\"valueName\":\"search_term_string\"}}],\"inLanguage\":\"hr\"},{\"@type\":\"Organization\",\"@id\":\"https:\\\/\\\/ajatutaja.com\\\/#organization\",\"name\":\"Ajatutaja\",\"url\":\"https:\\\/\\\/ajatutaja.com\\\/\",\"logo\":{\"@type\":\"ImageObject\",\"inLanguage\":\"hr\",\"@id\":\"https:\\\/\\\/ajatutaja.com\\\/#\\\/schema\\\/logo\\\/image\\\/\",\"url\":\"https:\\\/\\\/ajatutaja.com\\\/wp-content\\\/uploads\\\/2021\\\/10\\\/logo.png\",\"contentUrl\":\"https:\\\/\\\/ajatutaja.com\\\/wp-content\\\/uploads\\\/2021\\\/10\\\/logo.png\",\"width\":555,\"height\":150,\"caption\":\"Ajatutaja\"},\"image\":{\"@id\":\"https:\\\/\\\/ajatutaja.com\\\/#\\\/schema\\\/logo\\\/image\\\/\"}}]}<\/script>\n<!-- \/ Yoast SEO plugin. -->","yoast_head_json":{"title":"Pletena bomba\u017ena odejica Bibs Pointelle - Ivory | Ajatutaja","description":"\u010cudovita pletena odejica iz 100% organskega bomba\u017ea znamke Bibs ima lep pleteni vzorec s pletenim vzorcem \"pointelle\". Ta otro\u0161ka odejica je vsestranska!","robots":{"index":"index","follow":"follow","max-snippet":"max-snippet:-1","max-image-preview":"max-image-preview:large","max-video-preview":"max-video-preview:-1"},"canonical":"https:\/\/ajatutaja.com\/izdelek\/pletena-bombazna-odejica-bibs-pointelle-ivory\/","og_locale":"hr_HR","og_type":"article","og_title":"Pletena bomba\u017ena odejica Bibs Pointelle - Ivory | Ajatutaja","og_description":"\u010cudovita pletena odejica iz 100% organskega bomba\u017ea znamke Bibs ima lep pleteni vzorec s pletenim vzorcem \"pointelle\". Ta otro\u0161ka odejica je vsestranska!","og_url":"https:\/\/ajatutaja.com\/izdelek\/pletena-bombazna-odejica-bibs-pointelle-ivory\/","og_site_name":"Ajatutaja","article_modified_time":"2025-01-24T13:46:47+00:00","og_image":[{"width":1000,"height":1000,"url":"https:\/\/ajatutaja.com\/wp-content\/uploads\/2022\/07\/bibs.pletena-odejica-organski-bombaz-pointelle-00.webp","type":"image\/webp"}],"twitter_card":"summary_large_image","schema":{"@context":"https:\/\/schema.org","@graph":[{"@type":"WebPage","@id":"https:\/\/ajatutaja.com\/izdelek\/pletena-bombazna-odejica-bibs-pointelle-ivory\/","url":"https:\/\/ajatutaja.com\/izdelek\/pletena-bombazna-odejica-bibs-pointelle-ivory\/","name":"Pletena bomba\u017ena odejica Bibs Pointelle - Ivory | Ajatutaja","isPartOf":{"@id":"https:\/\/ajatutaja.com\/#website"},"primaryImageOfPage":{"@id":"https:\/\/ajatutaja.com\/izdelek\/pletena-bombazna-odejica-bibs-pointelle-ivory\/#primaryimage"},"image":{"@id":"https:\/\/ajatutaja.com\/izdelek\/pletena-bombazna-odejica-bibs-pointelle-ivory\/#primaryimage"},"thumbnailUrl":"https:\/\/ajatutaja.com\/wp-content\/uploads\/2022\/07\/bibs.pletena-odejica-organski-bombaz-pointelle-00.webp","datePublished":"2025-01-24T13:45:28+00:00","dateModified":"2025-01-24T13:46:47+00:00","description":"\u010cudovita pletena odejica iz 100% organskega bomba\u017ea znamke Bibs ima lep pleteni vzorec s pletenim vzorcem \"pointelle\". Ta otro\u0161ka odejica je vsestranska!","breadcrumb":{"@id":"https:\/\/ajatutaja.com\/izdelek\/pletena-bombazna-odejica-bibs-pointelle-ivory\/#breadcrumb"},"inLanguage":"hr","potentialAction":[{"@type":"ReadAction","target":["https:\/\/ajatutaja.com\/izdelek\/pletena-bombazna-odejica-bibs-pointelle-ivory\/"]}]},{"@type":"ImageObject","inLanguage":"hr","@id":"https:\/\/ajatutaja.com\/izdelek\/pletena-bombazna-odejica-bibs-pointelle-ivory\/#primaryimage","url":"https:\/\/ajatutaja.com\/wp-content\/uploads\/2022\/07\/bibs.pletena-odejica-organski-bombaz-pointelle-00.webp","contentUrl":"https:\/\/ajatutaja.com\/wp-content\/uploads\/2022\/07\/bibs.pletena-odejica-organski-bombaz-pointelle-00.webp","width":1000,"height":1000},{"@type":"BreadcrumbList","@id":"https:\/\/ajatutaja.com\/izdelek\/pletena-bombazna-odejica-bibs-pointelle-ivory\/#breadcrumb","itemListElement":[{"@type":"ListItem","position":1,"name":"Home","item":"https:\/\/ajatutaja.com\/hr\/"},{"@type":"ListItem","position":2,"name":"Trgovina","item":"https:\/\/ajatutaja.com\/hr\/trgovina\/"},{"@type":"ListItem","position":3,"name":"Pletena bomba\u017ena odejica Bibs Pointelle &#8211; Ivory"}]},{"@type":"WebSite","@id":"https:\/\/ajatutaja.com\/#website","url":"https:\/\/ajatutaja.com\/","name":"Ajatutaja","description":"Otro\u0161ka spletna trgovina AJATUTAJA","publisher":{"@id":"https:\/\/ajatutaja.com\/#organization"},"potentialAction":[{"@type":"SearchAction","target":{"@type":"EntryPoint","urlTemplate":"https:\/\/ajatutaja.com\/?s={search_term_string}"},"query-input":{"@type":"PropertyValueSpecification","valueRequired":true,"valueName":"search_term_string"}}],"inLanguage":"hr"},{"@type":"Organization","@id":"https:\/\/ajatutaja.com\/#organization","name":"Ajatutaja","url":"https:\/\/ajatutaja.com\/","logo":{"@type":"ImageObject","inLanguage":"hr","@id":"https:\/\/ajatutaja.com\/#\/schema\/logo\/image\/","url":"https:\/\/ajatutaja.com\/wp-content\/uploads\/2021\/10\/logo.png","contentUrl":"https:\/\/ajatutaja.com\/wp-content\/uploads\/2021\/10\/logo.png","width":555,"height":150,"caption":"Ajatutaja"},"image":{"@id":"https:\/\/ajatutaja.com\/#\/schema\/logo\/image\/"}}]}},"brands":[{"id":2316,"name":"Bibs","slug":"bibs"},{"id":2611,"name":"Spanje","slug":"spanje"}],"_links":{"self":[{"href":"https:\/\/ajatutaja.com\/hr\/wp-json\/wp\/v2\/product\/72834","targetHints":{"allow":["GET"]}}],"collection":[{"href":"https:\/\/ajatutaja.com\/hr\/wp-json\/wp\/v2\/product"}],"about":[{"href":"https:\/\/ajatutaja.com\/hr\/wp-json\/wp\/v2\/types\/product"}],"wp:featuredmedia":[{"embeddable":true,"href":"https:\/\/ajatutaja.com\/hr\/wp-json\/wp\/v2\/media\/72832"}],"wp:attachment":[{"href":"https:\/\/ajatutaja.com\/hr\/wp-json\/wp\/v2\/media?parent=72834"}],"wp:term":[{"taxonomy":"pwb-brand","embeddable":true,"href":"https:\/\/ajatutaja.com\/hr\/wp-json\/wp\/v2\/pwb-brand?post=72834"},{"taxonomy":"product_brand","embeddable":true,"href":"https:\/\/ajatutaja.com\/hr\/wp-json\/wp\/v2\/product_brand?post=72834"},{"taxonomy":"product_cat","embeddable":true,"href":"https:\/\/ajatutaja.com\/hr\/wp-json\/wp\/v2\/product_cat?post=72834"},{"taxonomy":"product_tag","embeddable":true,"href":"https:\/\/ajatutaja.com\/hr\/wp-json\/wp\/v2\/product_tag?post=72834"}],"curies":[{"name":"wp","href":"https:\/\/api.w.org\/{rel}","templated":true}]}}