{"id":72810,"date":"2025-01-23T14:19:27","date_gmt":"2025-01-23T13:19:27","guid":{"rendered":"https:\/\/ajatutaja.com\/?post_type=product&#038;p=72810"},"modified":"2026-01-13T11:37:42","modified_gmt":"2026-01-13T10:37:42","slug":"little-dutch-komplet-2-tetra-plenick-muslin-blueberry-leaves-sage","status":"publish","type":"product","link":"https:\/\/ajatutaja.com\/hr\/proizvod\/little-dutch-komplet-2-tetra-plenick-muslin-blueberry-leaves-sage\/","title":{"rendered":"Little Dutch Komplet 2 tetra pleni\u010dk muslin Blueberry Leaves\/Sage"},"content":{"rendered":"<p>Nizozemski proizvajalec Little Dutch izdeluje brez\u010dasne igra\u010de visoke kakovosti, z elegantnimi barvami, odtisi in ilustracijami. Vsi izdelki so skladni z evropskimi direktivami in se proizvajajo brez dela otrok in na dru\u017ebeno odgovoren na\u010din.<\/p>\n<h3>Lastnosti tetra pleni\u010dk blagovne znamke Little Dutch:<\/h3>\n<ul>\n<li>V kompletu prejmete 2 pleni\u010dki iz 100 % Oeko-Tex certificiranega bomba\u017ea.<\/li>\n<li>Dimenzija: 70 x 70 cm<\/li>\n<li>Material: 100% bomba\u017e<\/li>\n<li>Vzdr\u017eevanje: Pranje pri 40\u00b0C; ne uporabljajte belila; posu\u0161ite pri nizki temperaturi; ne likajte; ni primerno za kemi\u010dno \u010di\u0161\u010denje<\/li>\n<\/ul>\n","protected":false},"excerpt":{"rendered":"<p>\u010cudovite tetra plenice s potiskom iz kolekcije\u00a0 so izdelane iz 100% organskega bomba\u017ea in imajo certifikat Oeko-Tex. Mehke in opojne muslin pleni\u010dke so nepogre\u0161ljive doma in na sprehodu.<\/p>\n","protected":false},"featured_media":72803,"template":"","meta":[],"pwb-brand":[2669,2658],"product_brand":[],"product_cat":[2608,2649],"product_tag":[5681,4002],"class_list":{"0":"post-72810","1":"product","2":"type-product","3":"status-publish","4":"has-post-thumbnail","6":"pwb-brand-little-dutch-nega-in-kopanje","7":"pwb-brand-nega-in-kopanje","8":"product_cat-nega-in-kopanje","9":"product_cat-tetra-in-muslin-plenice","10":"product_tag-blueberry-leaves","11":"product_tag-little-dutch","13":"first","14":"instock","15":"taxable","16":"shipping-taxable","17":"purchasable","18":"product-type-simple","19":"add-to-wishlist-before_image"},"yoast_head":"<!-- This site is optimized with the Yoast SEO plugin v27.3 - https:\/\/yoast.com\/product\/yoast-seo-wordpress\/ -->\n<title>Little Dutch Komplet 2 tetra pleni\u010dk muslin Blueberry Leaves\/Sage | Ajatutaja<\/title>\n<meta name=\"description\" content=\"\u010cudovite tetra plenice s potiskom Little Dutch so iz 100% organskega bomba\u017ea in imajo certifikat Oeko-Tex. Mehke in opojne muslin pleni\u010dke so nepogre\u0161ljive doma in na sprehodu.\" \/>\n<meta name=\"robots\" content=\"index, follow, max-snippet:-1, max-image-preview:large, max-video-preview:-1\" \/>\n<link rel=\"canonical\" href=\"https:\/\/ajatutaja.com\/izdelek\/little-dutch-komplet-2-tetra-plenick-muslin-blueberry-leaves-sage\/\" \/>\n<meta property=\"og:locale\" content=\"hr_HR\" \/>\n<meta property=\"og:type\" content=\"article\" \/>\n<meta property=\"og:title\" content=\"Little Dutch Komplet 2 tetra pleni\u010dk muslin Blueberry Leaves\/Sage | Ajatutaja\" \/>\n<meta property=\"og:description\" content=\"\u010cudovite tetra plenice s potiskom Little Dutch so iz 100% organskega bomba\u017ea in imajo certifikat Oeko-Tex. Mehke in opojne muslin pleni\u010dke so nepogre\u0161ljive doma in na sprehodu.\" \/>\n<meta property=\"og:url\" content=\"https:\/\/ajatutaja.com\/izdelek\/little-dutch-komplet-2-tetra-plenick-muslin-blueberry-leaves-sage\/\" \/>\n<meta property=\"og:site_name\" content=\"Ajatutaja\" \/>\n<meta property=\"article:modified_time\" content=\"2026-01-13T10:37:42+00:00\" \/>\n<meta property=\"og:image\" content=\"https:\/\/ajatutaja.com\/wp-content\/uploads\/2025\/01\/little-dutch-komplet-2-tetra-plenick-sage-1.jpeg\" \/>\n\t<meta property=\"og:image:width\" content=\"1080\" \/>\n\t<meta property=\"og:image:height\" content=\"1080\" \/>\n\t<meta property=\"og:image:type\" content=\"image\/jpeg\" \/>\n<meta name=\"twitter:card\" content=\"summary_large_image\" \/>\n<script type=\"application\/ld+json\" class=\"yoast-schema-graph\">{\"@context\":\"https:\\\/\\\/schema.org\",\"@graph\":[{\"@type\":\"WebPage\",\"@id\":\"https:\\\/\\\/ajatutaja.com\\\/izdelek\\\/little-dutch-komplet-2-tetra-plenick-muslin-blueberry-leaves-sage\\\/\",\"url\":\"https:\\\/\\\/ajatutaja.com\\\/izdelek\\\/little-dutch-komplet-2-tetra-plenick-muslin-blueberry-leaves-sage\\\/\",\"name\":\"Little Dutch Komplet 2 tetra pleni\u010dk muslin Blueberry Leaves\\\/Sage | Ajatutaja\",\"isPartOf\":{\"@id\":\"https:\\\/\\\/ajatutaja.com\\\/#website\"},\"primaryImageOfPage\":{\"@id\":\"https:\\\/\\\/ajatutaja.com\\\/izdelek\\\/little-dutch-komplet-2-tetra-plenick-muslin-blueberry-leaves-sage\\\/#primaryimage\"},\"image\":{\"@id\":\"https:\\\/\\\/ajatutaja.com\\\/izdelek\\\/little-dutch-komplet-2-tetra-plenick-muslin-blueberry-leaves-sage\\\/#primaryimage\"},\"thumbnailUrl\":\"https:\\\/\\\/ajatutaja.com\\\/wp-content\\\/uploads\\\/2025\\\/01\\\/little-dutch-komplet-2-tetra-plenick-sage-1.jpeg\",\"datePublished\":\"2025-01-23T13:19:27+00:00\",\"dateModified\":\"2026-01-13T10:37:42+00:00\",\"description\":\"\u010cudovite tetra plenice s potiskom Little Dutch so iz 100% organskega bomba\u017ea in imajo certifikat Oeko-Tex. Mehke in opojne muslin pleni\u010dke so nepogre\u0161ljive doma in na sprehodu.\",\"breadcrumb\":{\"@id\":\"https:\\\/\\\/ajatutaja.com\\\/izdelek\\\/little-dutch-komplet-2-tetra-plenick-muslin-blueberry-leaves-sage\\\/#breadcrumb\"},\"inLanguage\":\"hr\",\"potentialAction\":[{\"@type\":\"ReadAction\",\"target\":[\"https:\\\/\\\/ajatutaja.com\\\/izdelek\\\/little-dutch-komplet-2-tetra-plenick-muslin-blueberry-leaves-sage\\\/\"]}]},{\"@type\":\"ImageObject\",\"inLanguage\":\"hr\",\"@id\":\"https:\\\/\\\/ajatutaja.com\\\/izdelek\\\/little-dutch-komplet-2-tetra-plenick-muslin-blueberry-leaves-sage\\\/#primaryimage\",\"url\":\"https:\\\/\\\/ajatutaja.com\\\/wp-content\\\/uploads\\\/2025\\\/01\\\/little-dutch-komplet-2-tetra-plenick-sage-1.jpeg\",\"contentUrl\":\"https:\\\/\\\/ajatutaja.com\\\/wp-content\\\/uploads\\\/2025\\\/01\\\/little-dutch-komplet-2-tetra-plenick-sage-1.jpeg\",\"width\":1080,\"height\":1080},{\"@type\":\"BreadcrumbList\",\"@id\":\"https:\\\/\\\/ajatutaja.com\\\/izdelek\\\/little-dutch-komplet-2-tetra-plenick-muslin-blueberry-leaves-sage\\\/#breadcrumb\",\"itemListElement\":[{\"@type\":\"ListItem\",\"position\":1,\"name\":\"Home\",\"item\":\"https:\\\/\\\/ajatutaja.com\\\/hr\\\/\"},{\"@type\":\"ListItem\",\"position\":2,\"name\":\"Trgovina\",\"item\":\"https:\\\/\\\/ajatutaja.com\\\/hr\\\/trgovina\\\/\"},{\"@type\":\"ListItem\",\"position\":3,\"name\":\"Little Dutch Komplet 2 tetra pleni\u010dk muslin Blueberry Leaves\\\/Sage\"}]},{\"@type\":\"WebSite\",\"@id\":\"https:\\\/\\\/ajatutaja.com\\\/#website\",\"url\":\"https:\\\/\\\/ajatutaja.com\\\/\",\"name\":\"Ajatutaja\",\"description\":\"Otro\u0161ka spletna trgovina AJATUTAJA\",\"publisher\":{\"@id\":\"https:\\\/\\\/ajatutaja.com\\\/#organization\"},\"potentialAction\":[{\"@type\":\"SearchAction\",\"target\":{\"@type\":\"EntryPoint\",\"urlTemplate\":\"https:\\\/\\\/ajatutaja.com\\\/?s={search_term_string}\"},\"query-input\":{\"@type\":\"PropertyValueSpecification\",\"valueRequired\":true,\"valueName\":\"search_term_string\"}}],\"inLanguage\":\"hr\"},{\"@type\":\"Organization\",\"@id\":\"https:\\\/\\\/ajatutaja.com\\\/#organization\",\"name\":\"Ajatutaja\",\"url\":\"https:\\\/\\\/ajatutaja.com\\\/\",\"logo\":{\"@type\":\"ImageObject\",\"inLanguage\":\"hr\",\"@id\":\"https:\\\/\\\/ajatutaja.com\\\/#\\\/schema\\\/logo\\\/image\\\/\",\"url\":\"https:\\\/\\\/ajatutaja.com\\\/wp-content\\\/uploads\\\/2021\\\/10\\\/logo.png\",\"contentUrl\":\"https:\\\/\\\/ajatutaja.com\\\/wp-content\\\/uploads\\\/2021\\\/10\\\/logo.png\",\"width\":555,\"height\":150,\"caption\":\"Ajatutaja\"},\"image\":{\"@id\":\"https:\\\/\\\/ajatutaja.com\\\/#\\\/schema\\\/logo\\\/image\\\/\"}}]}<\/script>\n<!-- \/ Yoast SEO plugin. -->","yoast_head_json":{"title":"Little Dutch Komplet 2 tetra pleni\u010dk muslin Blueberry Leaves\/Sage | Ajatutaja","description":"\u010cudovite tetra plenice s potiskom Little Dutch so iz 100% organskega bomba\u017ea in imajo certifikat Oeko-Tex. Mehke in opojne muslin pleni\u010dke so nepogre\u0161ljive doma in na sprehodu.","robots":{"index":"index","follow":"follow","max-snippet":"max-snippet:-1","max-image-preview":"max-image-preview:large","max-video-preview":"max-video-preview:-1"},"canonical":"https:\/\/ajatutaja.com\/izdelek\/little-dutch-komplet-2-tetra-plenick-muslin-blueberry-leaves-sage\/","og_locale":"hr_HR","og_type":"article","og_title":"Little Dutch Komplet 2 tetra pleni\u010dk muslin Blueberry Leaves\/Sage | Ajatutaja","og_description":"\u010cudovite tetra plenice s potiskom Little Dutch so iz 100% organskega bomba\u017ea in imajo certifikat Oeko-Tex. Mehke in opojne muslin pleni\u010dke so nepogre\u0161ljive doma in na sprehodu.","og_url":"https:\/\/ajatutaja.com\/izdelek\/little-dutch-komplet-2-tetra-plenick-muslin-blueberry-leaves-sage\/","og_site_name":"Ajatutaja","article_modified_time":"2026-01-13T10:37:42+00:00","og_image":[{"width":1080,"height":1080,"url":"https:\/\/ajatutaja.com\/wp-content\/uploads\/2025\/01\/little-dutch-komplet-2-tetra-plenick-sage-1.jpeg","type":"image\/jpeg"}],"twitter_card":"summary_large_image","schema":{"@context":"https:\/\/schema.org","@graph":[{"@type":"WebPage","@id":"https:\/\/ajatutaja.com\/izdelek\/little-dutch-komplet-2-tetra-plenick-muslin-blueberry-leaves-sage\/","url":"https:\/\/ajatutaja.com\/izdelek\/little-dutch-komplet-2-tetra-plenick-muslin-blueberry-leaves-sage\/","name":"Little Dutch Komplet 2 tetra pleni\u010dk muslin Blueberry Leaves\/Sage | Ajatutaja","isPartOf":{"@id":"https:\/\/ajatutaja.com\/#website"},"primaryImageOfPage":{"@id":"https:\/\/ajatutaja.com\/izdelek\/little-dutch-komplet-2-tetra-plenick-muslin-blueberry-leaves-sage\/#primaryimage"},"image":{"@id":"https:\/\/ajatutaja.com\/izdelek\/little-dutch-komplet-2-tetra-plenick-muslin-blueberry-leaves-sage\/#primaryimage"},"thumbnailUrl":"https:\/\/ajatutaja.com\/wp-content\/uploads\/2025\/01\/little-dutch-komplet-2-tetra-plenick-sage-1.jpeg","datePublished":"2025-01-23T13:19:27+00:00","dateModified":"2026-01-13T10:37:42+00:00","description":"\u010cudovite tetra plenice s potiskom Little Dutch so iz 100% organskega bomba\u017ea in imajo certifikat Oeko-Tex. Mehke in opojne muslin pleni\u010dke so nepogre\u0161ljive doma in na sprehodu.","breadcrumb":{"@id":"https:\/\/ajatutaja.com\/izdelek\/little-dutch-komplet-2-tetra-plenick-muslin-blueberry-leaves-sage\/#breadcrumb"},"inLanguage":"hr","potentialAction":[{"@type":"ReadAction","target":["https:\/\/ajatutaja.com\/izdelek\/little-dutch-komplet-2-tetra-plenick-muslin-blueberry-leaves-sage\/"]}]},{"@type":"ImageObject","inLanguage":"hr","@id":"https:\/\/ajatutaja.com\/izdelek\/little-dutch-komplet-2-tetra-plenick-muslin-blueberry-leaves-sage\/#primaryimage","url":"https:\/\/ajatutaja.com\/wp-content\/uploads\/2025\/01\/little-dutch-komplet-2-tetra-plenick-sage-1.jpeg","contentUrl":"https:\/\/ajatutaja.com\/wp-content\/uploads\/2025\/01\/little-dutch-komplet-2-tetra-plenick-sage-1.jpeg","width":1080,"height":1080},{"@type":"BreadcrumbList","@id":"https:\/\/ajatutaja.com\/izdelek\/little-dutch-komplet-2-tetra-plenick-muslin-blueberry-leaves-sage\/#breadcrumb","itemListElement":[{"@type":"ListItem","position":1,"name":"Home","item":"https:\/\/ajatutaja.com\/hr\/"},{"@type":"ListItem","position":2,"name":"Trgovina","item":"https:\/\/ajatutaja.com\/hr\/trgovina\/"},{"@type":"ListItem","position":3,"name":"Little Dutch Komplet 2 tetra pleni\u010dk muslin Blueberry Leaves\/Sage"}]},{"@type":"WebSite","@id":"https:\/\/ajatutaja.com\/#website","url":"https:\/\/ajatutaja.com\/","name":"Ajatutaja","description":"Otro\u0161ka spletna trgovina AJATUTAJA","publisher":{"@id":"https:\/\/ajatutaja.com\/#organization"},"potentialAction":[{"@type":"SearchAction","target":{"@type":"EntryPoint","urlTemplate":"https:\/\/ajatutaja.com\/?s={search_term_string}"},"query-input":{"@type":"PropertyValueSpecification","valueRequired":true,"valueName":"search_term_string"}}],"inLanguage":"hr"},{"@type":"Organization","@id":"https:\/\/ajatutaja.com\/#organization","name":"Ajatutaja","url":"https:\/\/ajatutaja.com\/","logo":{"@type":"ImageObject","inLanguage":"hr","@id":"https:\/\/ajatutaja.com\/#\/schema\/logo\/image\/","url":"https:\/\/ajatutaja.com\/wp-content\/uploads\/2021\/10\/logo.png","contentUrl":"https:\/\/ajatutaja.com\/wp-content\/uploads\/2021\/10\/logo.png","width":555,"height":150,"caption":"Ajatutaja"},"image":{"@id":"https:\/\/ajatutaja.com\/#\/schema\/logo\/image\/"}}]}},"brands":[{"id":2669,"name":"Little Dutch","slug":"little-dutch-nega-in-kopanje"},{"id":2658,"name":"Nega in kopanje","slug":"nega-in-kopanje"}],"_links":{"self":[{"href":"https:\/\/ajatutaja.com\/hr\/wp-json\/wp\/v2\/product\/72810","targetHints":{"allow":["GET"]}}],"collection":[{"href":"https:\/\/ajatutaja.com\/hr\/wp-json\/wp\/v2\/product"}],"about":[{"href":"https:\/\/ajatutaja.com\/hr\/wp-json\/wp\/v2\/types\/product"}],"wp:featuredmedia":[{"embeddable":true,"href":"https:\/\/ajatutaja.com\/hr\/wp-json\/wp\/v2\/media\/72803"}],"wp:attachment":[{"href":"https:\/\/ajatutaja.com\/hr\/wp-json\/wp\/v2\/media?parent=72810"}],"wp:term":[{"taxonomy":"pwb-brand","embeddable":true,"href":"https:\/\/ajatutaja.com\/hr\/wp-json\/wp\/v2\/pwb-brand?post=72810"},{"taxonomy":"product_brand","embeddable":true,"href":"https:\/\/ajatutaja.com\/hr\/wp-json\/wp\/v2\/product_brand?post=72810"},{"taxonomy":"product_cat","embeddable":true,"href":"https:\/\/ajatutaja.com\/hr\/wp-json\/wp\/v2\/product_cat?post=72810"},{"taxonomy":"product_tag","embeddable":true,"href":"https:\/\/ajatutaja.com\/hr\/wp-json\/wp\/v2\/product_tag?post=72810"}],"curies":[{"name":"wp","href":"https:\/\/api.w.org\/{rel}","templated":true}]}}