{"id":72780,"date":"2025-01-23T07:12:37","date_gmt":"2025-01-23T06:12:37","guid":{"rendered":"https:\/\/ajatutaja.com\/?post_type=product&#038;p=72780"},"modified":"2025-11-16T20:03:41","modified_gmt":"2025-11-16T19:03:41","slug":"igralni-lok-za-lezalnik-3v1-ergobaby-evolve-serene-sweels","status":"publish","type":"product","link":"https:\/\/ajatutaja.com\/hr\/proizvod\/igralni-lok-za-lezalnik-3v1-ergobaby-evolve-serene-sweels\/","title":{"rendered":"Igralni lok za le\u017ealnik 3v1 Ergobaby Evolve &#8211; Serene Sweels"},"content":{"rendered":"<p>[vc_row][vc_column][vc_column_text]Igralni lok enostavno namestimo na po\u010divalnik Ergobaby Evolve, ki se kupi lo\u010deno. V sivi barvi z igra\u010dkami z morskim motivom v ne\u017enih barvah, se lepo poda na vse barve Ergobaby Evolve 3v1.<\/p>\n<p>Sestava: <span class=\"font2\">FSC-certificirani silikon za les in hrano bez ftalata\/BPA\/PVC<\/span><\/p>\n<p>Po\u010divalnik Ergobaby\u00ae Evolve je zasnovan v sodelovanju s pediatri in ponuja 3 razli\u010dne naklone, ki so prilagojeni razli\u010dnim stopnjam otrokovega razvoja.\u00a0 Vklju\u010den je tudi snemljiv vlo\u017eek za novorojen\u010dka, ki zagotavlja ergonomski polo\u017eaj dojen\u010dka in prepre\u010duje pojav sindroma zale\u017eane glave ter je zdrav za otrokovo hrbtenico, kar je potrdila tudi organizacija Healthier Back (AGR).[\/vc_column_text][\/vc_column][\/vc_row]<\/p>\n","protected":false},"excerpt":{"rendered":"<p>Igralni lok enostavno namestimo na le\u017ealnik Ergobaby Evolve 3v1, ki bo rastel z va\u0161im otrokom! Po\u010divalnik Ergobaby\u00ae Evolve je zasnovan v sodelovanju s pediatri in ponuja 3 razli\u010dne naklone, ki so prilagojeni razli\u010dnim stopnjam otrokovega razvoja.<\/p>\n<p>&nbsp;<\/p>\n","protected":false},"featured_media":72781,"template":"","meta":[],"pwb-brand":[2613,2611],"product_brand":[],"product_cat":[2598],"product_tag":[3973,5112],"class_list":{"0":"post-72780","1":"product","2":"type-product","3":"status-publish","4":"has-post-thumbnail","6":"pwb-brand-ergobaby-spanje","7":"pwb-brand-spanje","8":"product_cat-otroski-lezalniki","9":"product_tag-ergobaby","10":"product_tag-ergobaby-evolve","12":"first","13":"outofstock","14":"taxable","15":"shipping-taxable","16":"purchasable","17":"product-type-simple","18":"add-to-wishlist-before_image"},"yoast_head":"<!-- This site is optimized with the Yoast SEO plugin v27.3 - https:\/\/yoast.com\/product\/yoast-seo-wordpress\/ -->\n<title>Igralni lok za le\u017ealnik 3v1 Ergobaby Evolve - Serene Sweels | Ajatutaja<\/title>\n<meta name=\"description\" content=\"Igralni lok enostavno namestimo na le\u017ealnik Ergobaby Evolve 3v1, ki bo rastel z va\u0161im otrokom! Po\u010divalnik Ergobaby\u00ae Evolve je zasnovan v sodelovanju s pediatri in ponuja 3 razli\u010dne naklone, ki so prilagojeni razli\u010dnim stopnjam otrokovega razvoja.\u00a0\" \/>\n<meta name=\"robots\" content=\"index, follow, max-snippet:-1, max-image-preview:large, max-video-preview:-1\" \/>\n<link rel=\"canonical\" href=\"https:\/\/ajatutaja.com\/izdelek\/igralni-lok-za-lezalnik-3v1-ergobaby-evolve-serene-sweels\/\" \/>\n<meta property=\"og:locale\" content=\"hr_HR\" \/>\n<meta property=\"og:type\" content=\"article\" \/>\n<meta property=\"og:title\" content=\"Igralni lok za le\u017ealnik 3v1 Ergobaby Evolve - Serene Sweels | Ajatutaja\" \/>\n<meta property=\"og:description\" content=\"Igralni lok enostavno namestimo na le\u017ealnik Ergobaby Evolve 3v1, ki bo rastel z va\u0161im otrokom! Po\u010divalnik Ergobaby\u00ae Evolve je zasnovan v sodelovanju s pediatri in ponuja 3 razli\u010dne naklone, ki so prilagojeni razli\u010dnim stopnjam otrokovega razvoja.\u00a0\" \/>\n<meta property=\"og:url\" content=\"https:\/\/ajatutaja.com\/izdelek\/igralni-lok-za-lezalnik-3v1-ergobaby-evolve-serene-sweels\/\" \/>\n<meta property=\"og:site_name\" content=\"Ajatutaja\" \/>\n<meta property=\"article:modified_time\" content=\"2025-11-16T19:03:41+00:00\" \/>\n<meta property=\"og:image\" content=\"https:\/\/ajatutaja.com\/wp-content\/uploads\/2025\/01\/Ergobaby-evolve-igralni-lok-serene-swells-01.jpg\" \/>\n\t<meta property=\"og:image:width\" content=\"2400\" \/>\n\t<meta property=\"og:image:height\" content=\"2400\" \/>\n\t<meta property=\"og:image:type\" content=\"image\/jpeg\" \/>\n<meta name=\"twitter:card\" content=\"summary_large_image\" \/>\n<meta name=\"twitter:label1\" content=\"Procijenjeno vrijeme \u010ditanja\" \/>\n\t<meta name=\"twitter:data1\" content=\"1 minuta\" \/>\n<script type=\"application\/ld+json\" class=\"yoast-schema-graph\">{\"@context\":\"https:\\\/\\\/schema.org\",\"@graph\":[{\"@type\":\"WebPage\",\"@id\":\"https:\\\/\\\/ajatutaja.com\\\/izdelek\\\/igralni-lok-za-lezalnik-3v1-ergobaby-evolve-serene-sweels\\\/\",\"url\":\"https:\\\/\\\/ajatutaja.com\\\/izdelek\\\/igralni-lok-za-lezalnik-3v1-ergobaby-evolve-serene-sweels\\\/\",\"name\":\"Igralni lok za le\u017ealnik 3v1 Ergobaby Evolve - Serene Sweels | Ajatutaja\",\"isPartOf\":{\"@id\":\"https:\\\/\\\/ajatutaja.com\\\/#website\"},\"primaryImageOfPage\":{\"@id\":\"https:\\\/\\\/ajatutaja.com\\\/izdelek\\\/igralni-lok-za-lezalnik-3v1-ergobaby-evolve-serene-sweels\\\/#primaryimage\"},\"image\":{\"@id\":\"https:\\\/\\\/ajatutaja.com\\\/izdelek\\\/igralni-lok-za-lezalnik-3v1-ergobaby-evolve-serene-sweels\\\/#primaryimage\"},\"thumbnailUrl\":\"https:\\\/\\\/ajatutaja.com\\\/wp-content\\\/uploads\\\/2025\\\/01\\\/Ergobaby-evolve-igralni-lok-serene-swells-01.jpg\",\"datePublished\":\"2025-01-23T06:12:37+00:00\",\"dateModified\":\"2025-11-16T19:03:41+00:00\",\"description\":\"Igralni lok enostavno namestimo na le\u017ealnik Ergobaby Evolve 3v1, ki bo rastel z va\u0161im otrokom! Po\u010divalnik Ergobaby\u00ae Evolve je zasnovan v sodelovanju s pediatri in ponuja 3 razli\u010dne naklone, ki so prilagojeni razli\u010dnim stopnjam otrokovega razvoja.\u00a0\",\"breadcrumb\":{\"@id\":\"https:\\\/\\\/ajatutaja.com\\\/izdelek\\\/igralni-lok-za-lezalnik-3v1-ergobaby-evolve-serene-sweels\\\/#breadcrumb\"},\"inLanguage\":\"hr\",\"potentialAction\":[{\"@type\":\"ReadAction\",\"target\":[\"https:\\\/\\\/ajatutaja.com\\\/izdelek\\\/igralni-lok-za-lezalnik-3v1-ergobaby-evolve-serene-sweels\\\/\"]}]},{\"@type\":\"ImageObject\",\"inLanguage\":\"hr\",\"@id\":\"https:\\\/\\\/ajatutaja.com\\\/izdelek\\\/igralni-lok-za-lezalnik-3v1-ergobaby-evolve-serene-sweels\\\/#primaryimage\",\"url\":\"https:\\\/\\\/ajatutaja.com\\\/wp-content\\\/uploads\\\/2025\\\/01\\\/Ergobaby-evolve-igralni-lok-serene-swells-01.jpg\",\"contentUrl\":\"https:\\\/\\\/ajatutaja.com\\\/wp-content\\\/uploads\\\/2025\\\/01\\\/Ergobaby-evolve-igralni-lok-serene-swells-01.jpg\",\"width\":2400,\"height\":2400},{\"@type\":\"BreadcrumbList\",\"@id\":\"https:\\\/\\\/ajatutaja.com\\\/izdelek\\\/igralni-lok-za-lezalnik-3v1-ergobaby-evolve-serene-sweels\\\/#breadcrumb\",\"itemListElement\":[{\"@type\":\"ListItem\",\"position\":1,\"name\":\"Home\",\"item\":\"https:\\\/\\\/ajatutaja.com\\\/hr\\\/\"},{\"@type\":\"ListItem\",\"position\":2,\"name\":\"Trgovina\",\"item\":\"https:\\\/\\\/ajatutaja.com\\\/hr\\\/trgovina\\\/\"},{\"@type\":\"ListItem\",\"position\":3,\"name\":\"Igralni lok za le\u017ealnik 3v1 Ergobaby Evolve &#8211; Serene Sweels\"}]},{\"@type\":\"WebSite\",\"@id\":\"https:\\\/\\\/ajatutaja.com\\\/#website\",\"url\":\"https:\\\/\\\/ajatutaja.com\\\/\",\"name\":\"Ajatutaja\",\"description\":\"Otro\u0161ka spletna trgovina AJATUTAJA\",\"publisher\":{\"@id\":\"https:\\\/\\\/ajatutaja.com\\\/#organization\"},\"potentialAction\":[{\"@type\":\"SearchAction\",\"target\":{\"@type\":\"EntryPoint\",\"urlTemplate\":\"https:\\\/\\\/ajatutaja.com\\\/?s={search_term_string}\"},\"query-input\":{\"@type\":\"PropertyValueSpecification\",\"valueRequired\":true,\"valueName\":\"search_term_string\"}}],\"inLanguage\":\"hr\"},{\"@type\":\"Organization\",\"@id\":\"https:\\\/\\\/ajatutaja.com\\\/#organization\",\"name\":\"Ajatutaja\",\"url\":\"https:\\\/\\\/ajatutaja.com\\\/\",\"logo\":{\"@type\":\"ImageObject\",\"inLanguage\":\"hr\",\"@id\":\"https:\\\/\\\/ajatutaja.com\\\/#\\\/schema\\\/logo\\\/image\\\/\",\"url\":\"https:\\\/\\\/ajatutaja.com\\\/wp-content\\\/uploads\\\/2021\\\/10\\\/logo.png\",\"contentUrl\":\"https:\\\/\\\/ajatutaja.com\\\/wp-content\\\/uploads\\\/2021\\\/10\\\/logo.png\",\"width\":555,\"height\":150,\"caption\":\"Ajatutaja\"},\"image\":{\"@id\":\"https:\\\/\\\/ajatutaja.com\\\/#\\\/schema\\\/logo\\\/image\\\/\"}}]}<\/script>\n<!-- \/ Yoast SEO plugin. -->","yoast_head_json":{"title":"Igralni lok za le\u017ealnik 3v1 Ergobaby Evolve - Serene Sweels | Ajatutaja","description":"Igralni lok enostavno namestimo na le\u017ealnik Ergobaby Evolve 3v1, ki bo rastel z va\u0161im otrokom! Po\u010divalnik Ergobaby\u00ae Evolve je zasnovan v sodelovanju s pediatri in ponuja 3 razli\u010dne naklone, ki so prilagojeni razli\u010dnim stopnjam otrokovega razvoja.\u00a0","robots":{"index":"index","follow":"follow","max-snippet":"max-snippet:-1","max-image-preview":"max-image-preview:large","max-video-preview":"max-video-preview:-1"},"canonical":"https:\/\/ajatutaja.com\/izdelek\/igralni-lok-za-lezalnik-3v1-ergobaby-evolve-serene-sweels\/","og_locale":"hr_HR","og_type":"article","og_title":"Igralni lok za le\u017ealnik 3v1 Ergobaby Evolve - Serene Sweels | Ajatutaja","og_description":"Igralni lok enostavno namestimo na le\u017ealnik Ergobaby Evolve 3v1, ki bo rastel z va\u0161im otrokom! Po\u010divalnik Ergobaby\u00ae Evolve je zasnovan v sodelovanju s pediatri in ponuja 3 razli\u010dne naklone, ki so prilagojeni razli\u010dnim stopnjam otrokovega razvoja.\u00a0","og_url":"https:\/\/ajatutaja.com\/izdelek\/igralni-lok-za-lezalnik-3v1-ergobaby-evolve-serene-sweels\/","og_site_name":"Ajatutaja","article_modified_time":"2025-11-16T19:03:41+00:00","og_image":[{"width":2400,"height":2400,"url":"https:\/\/ajatutaja.com\/wp-content\/uploads\/2025\/01\/Ergobaby-evolve-igralni-lok-serene-swells-01.jpg","type":"image\/jpeg"}],"twitter_card":"summary_large_image","twitter_misc":{"Procijenjeno vrijeme \u010ditanja":"1 minuta"},"schema":{"@context":"https:\/\/schema.org","@graph":[{"@type":"WebPage","@id":"https:\/\/ajatutaja.com\/izdelek\/igralni-lok-za-lezalnik-3v1-ergobaby-evolve-serene-sweels\/","url":"https:\/\/ajatutaja.com\/izdelek\/igralni-lok-za-lezalnik-3v1-ergobaby-evolve-serene-sweels\/","name":"Igralni lok za le\u017ealnik 3v1 Ergobaby Evolve - Serene Sweels | Ajatutaja","isPartOf":{"@id":"https:\/\/ajatutaja.com\/#website"},"primaryImageOfPage":{"@id":"https:\/\/ajatutaja.com\/izdelek\/igralni-lok-za-lezalnik-3v1-ergobaby-evolve-serene-sweels\/#primaryimage"},"image":{"@id":"https:\/\/ajatutaja.com\/izdelek\/igralni-lok-za-lezalnik-3v1-ergobaby-evolve-serene-sweels\/#primaryimage"},"thumbnailUrl":"https:\/\/ajatutaja.com\/wp-content\/uploads\/2025\/01\/Ergobaby-evolve-igralni-lok-serene-swells-01.jpg","datePublished":"2025-01-23T06:12:37+00:00","dateModified":"2025-11-16T19:03:41+00:00","description":"Igralni lok enostavno namestimo na le\u017ealnik Ergobaby Evolve 3v1, ki bo rastel z va\u0161im otrokom! Po\u010divalnik Ergobaby\u00ae Evolve je zasnovan v sodelovanju s pediatri in ponuja 3 razli\u010dne naklone, ki so prilagojeni razli\u010dnim stopnjam otrokovega razvoja.\u00a0","breadcrumb":{"@id":"https:\/\/ajatutaja.com\/izdelek\/igralni-lok-za-lezalnik-3v1-ergobaby-evolve-serene-sweels\/#breadcrumb"},"inLanguage":"hr","potentialAction":[{"@type":"ReadAction","target":["https:\/\/ajatutaja.com\/izdelek\/igralni-lok-za-lezalnik-3v1-ergobaby-evolve-serene-sweels\/"]}]},{"@type":"ImageObject","inLanguage":"hr","@id":"https:\/\/ajatutaja.com\/izdelek\/igralni-lok-za-lezalnik-3v1-ergobaby-evolve-serene-sweels\/#primaryimage","url":"https:\/\/ajatutaja.com\/wp-content\/uploads\/2025\/01\/Ergobaby-evolve-igralni-lok-serene-swells-01.jpg","contentUrl":"https:\/\/ajatutaja.com\/wp-content\/uploads\/2025\/01\/Ergobaby-evolve-igralni-lok-serene-swells-01.jpg","width":2400,"height":2400},{"@type":"BreadcrumbList","@id":"https:\/\/ajatutaja.com\/izdelek\/igralni-lok-za-lezalnik-3v1-ergobaby-evolve-serene-sweels\/#breadcrumb","itemListElement":[{"@type":"ListItem","position":1,"name":"Home","item":"https:\/\/ajatutaja.com\/hr\/"},{"@type":"ListItem","position":2,"name":"Trgovina","item":"https:\/\/ajatutaja.com\/hr\/trgovina\/"},{"@type":"ListItem","position":3,"name":"Igralni lok za le\u017ealnik 3v1 Ergobaby Evolve &#8211; Serene Sweels"}]},{"@type":"WebSite","@id":"https:\/\/ajatutaja.com\/#website","url":"https:\/\/ajatutaja.com\/","name":"Ajatutaja","description":"Otro\u0161ka spletna trgovina AJATUTAJA","publisher":{"@id":"https:\/\/ajatutaja.com\/#organization"},"potentialAction":[{"@type":"SearchAction","target":{"@type":"EntryPoint","urlTemplate":"https:\/\/ajatutaja.com\/?s={search_term_string}"},"query-input":{"@type":"PropertyValueSpecification","valueRequired":true,"valueName":"search_term_string"}}],"inLanguage":"hr"},{"@type":"Organization","@id":"https:\/\/ajatutaja.com\/#organization","name":"Ajatutaja","url":"https:\/\/ajatutaja.com\/","logo":{"@type":"ImageObject","inLanguage":"hr","@id":"https:\/\/ajatutaja.com\/#\/schema\/logo\/image\/","url":"https:\/\/ajatutaja.com\/wp-content\/uploads\/2021\/10\/logo.png","contentUrl":"https:\/\/ajatutaja.com\/wp-content\/uploads\/2021\/10\/logo.png","width":555,"height":150,"caption":"Ajatutaja"},"image":{"@id":"https:\/\/ajatutaja.com\/#\/schema\/logo\/image\/"}}]}},"brands":[{"id":2613,"name":"Ergobaby","slug":"ergobaby-spanje"},{"id":2611,"name":"Spanje","slug":"spanje"}],"_links":{"self":[{"href":"https:\/\/ajatutaja.com\/hr\/wp-json\/wp\/v2\/product\/72780","targetHints":{"allow":["GET"]}}],"collection":[{"href":"https:\/\/ajatutaja.com\/hr\/wp-json\/wp\/v2\/product"}],"about":[{"href":"https:\/\/ajatutaja.com\/hr\/wp-json\/wp\/v2\/types\/product"}],"wp:featuredmedia":[{"embeddable":true,"href":"https:\/\/ajatutaja.com\/hr\/wp-json\/wp\/v2\/media\/72781"}],"wp:attachment":[{"href":"https:\/\/ajatutaja.com\/hr\/wp-json\/wp\/v2\/media?parent=72780"}],"wp:term":[{"taxonomy":"pwb-brand","embeddable":true,"href":"https:\/\/ajatutaja.com\/hr\/wp-json\/wp\/v2\/pwb-brand?post=72780"},{"taxonomy":"product_brand","embeddable":true,"href":"https:\/\/ajatutaja.com\/hr\/wp-json\/wp\/v2\/product_brand?post=72780"},{"taxonomy":"product_cat","embeddable":true,"href":"https:\/\/ajatutaja.com\/hr\/wp-json\/wp\/v2\/product_cat?post=72780"},{"taxonomy":"product_tag","embeddable":true,"href":"https:\/\/ajatutaja.com\/hr\/wp-json\/wp\/v2\/product_tag?post=72780"}],"curies":[{"name":"wp","href":"https:\/\/api.w.org\/{rel}","templated":true}]}}