{"id":72764,"date":"2025-01-22T15:32:31","date_gmt":"2025-01-22T14:32:31","guid":{"rendered":"https:\/\/ajatutaja.com\/?post_type=product&#038;p=72764"},"modified":"2025-01-22T15:34:18","modified_gmt":"2025-01-22T14:34:18","slug":"bibado-otroski-jedilni-pribor-handi-blush","status":"publish","type":"product","link":"https:\/\/ajatutaja.com\/hr\/proizvod\/bibado-otroski-jedilni-pribor-handi-blush\/","title":{"rendered":"Bibado\u2122 otro\u0161ki jedilni pribor Handi &#8211; Blush"},"content":{"rendered":"<p>[vc_row][vc_column][vc_column_text]Otro\u0161ki jedilni pribor Bibado Handi je ergonomsko oblikovan in se zato prilega dlani va\u0161ega mal\u010dka in spodbuja <strong>razvoj njegovega kle\u0161\u010dastega prijema<\/strong>. Tudi ko je moker, je ta priro\u010dni jedilni pribor za uvajanje hrane \u0161e vedno <strong>oprijemljiv<\/strong>, zato je manj verjetno, da bo zdrsnil iz mokrih prstkov. Konice vilic Handi so bile <strong>zasnovane za pobiranje hrane<\/strong>, namesto da bi jo samo pretla\u010dile v skledo ali kro\u017enik. To pomeni, da lahko va\u0161 mal\u010dek la\u017eje spravi hrano v usta in u\u017eiva v obrokih<\/p>\n<h4>Lastnosti jedilnega pribora Bibado Handi:<\/h4>\n<ul>\n<li>Idealen in priro\u010den jedilni pribor za zgodnje uvajanje hrane &#8211; uporabljajte od 6 mesecev do 2 let<\/li>\n<li>Ergonomsko oblikovan za male roke &#8211; z ro\u010daji za enostaven oprijem<\/li>\n<li>Oprijemljive vilice in oblikovana \u017elica pomagata pri razvoju kle\u0161\u010dastega prijema<\/li>\n<li>Ujemajo\u010di se dizajni v barvah in vzorcih slin\u010dka z rokavi Coverall<\/li>\n<li>Zasnovan tako, da je obrok bolj zabaven in spodbuja raziskovanje hrane<\/li>\n<li>Dol\u017eina trakov: 23 cm. Zasnovano posebej za uporabo s <a href=\"https:\/\/ajatutaja.com\/oznaka-izdelka\/bibado-coverall\/\">slin\u010dki Bibado<\/a><\/li>\n<li>Pralno v pomivalnem stroju<\/li>\n<li>Mo\u017enost pritrditve jedilnega pribora na slin\u010dek Bibado Coverall<\/li>\n<li>Varnost preizku\u0161ena po najvi\u0161jih mednarodnih standardih. Prestal je mednarodno varnostno testiranje za EU, ZDA, Kanado, Avstralijo in Novo Zelandijo ter ne vsebuje BPA, ftalatov in azo barvil.<\/li>\n<\/ul>\n<p>[\/vc_column_text][\/vc_column][\/vc_row]<\/p>\n","protected":false},"excerpt":{"rendered":"<p>Pritrdljivi jedilni pribor Bibado Handi\u2122 ima edinstven sistem pripenjanja na slin\u010dek Bibado Coverall\u2122, ki otrokom omogo\u010da, da jih dvignejo in spustijo pribor tako visoko, kolikor je potrebno, da se nau\u010dijo samostojnega hranjenja. Ergonomska zasnova pomaga tudi pri razvoju njihovega kle\u0161\u010dastega prijema, tako da postanejo bolj samozavestni pri uvajanju goste hrane.<\/p>\n","protected":false},"featured_media":72753,"template":"","meta":[],"pwb-brand":[5697,2269],"product_brand":[],"product_cat":[2266,2311],"product_tag":[5701,5699],"class_list":{"0":"post-72764","1":"product","2":"type-product","3":"status-publish","4":"has-post-thumbnail","6":"pwb-brand-bibado","7":"pwb-brand-hranjenje","8":"product_cat-hranjenje","9":"product_cat-zlicke-in-jedilni-pribor","10":"product_tag-bibado-handi","11":"product_tag-bibado","13":"first","14":"instock","15":"taxable","16":"shipping-taxable","17":"purchasable","18":"product-type-simple","19":"add-to-wishlist-before_image"},"yoast_head":"<!-- This site is optimized with the Yoast SEO plugin v27.6 - https:\/\/yoast.com\/product\/yoast-seo-wordpress\/ -->\n<title>Bibado\u2122 otro\u0161ki jedilni pribor Handi - Blush | Ajatutaja<\/title>\n<meta name=\"description\" content=\"Pritrdljivi jedilni pribor Bibado Handi\u2122 ima edinstven sistem pripenjanja na slin\u010dek Bibado Coverall\u2122, ki otrokom omogo\u010da, da jih dvignejo in spustijo pribor tako visoko, kolikor je potrebno, da se nau\u010dijo samostojnega hranjenja.\" \/>\n<meta name=\"robots\" content=\"index, follow, max-snippet:-1, max-image-preview:large, max-video-preview:-1\" \/>\n<link rel=\"canonical\" href=\"https:\/\/ajatutaja.com\/izdelek\/bibado-otroski-jedilni-pribor-handi-blush\/\" \/>\n<meta property=\"og:locale\" content=\"hr_HR\" \/>\n<meta property=\"og:type\" content=\"article\" \/>\n<meta property=\"og:title\" content=\"Bibado\u2122 otro\u0161ki jedilni pribor Handi - Blush | Ajatutaja\" \/>\n<meta property=\"og:description\" content=\"Pritrdljivi jedilni pribor Bibado Handi\u2122 ima edinstven sistem pripenjanja na slin\u010dek Bibado Coverall\u2122, ki otrokom omogo\u010da, da jih dvignejo in spustijo pribor tako visoko, kolikor je potrebno, da se nau\u010dijo samostojnega hranjenja.\" \/>\n<meta property=\"og:url\" content=\"https:\/\/ajatutaja.com\/izdelek\/bibado-otroski-jedilni-pribor-handi-blush\/\" \/>\n<meta property=\"og:site_name\" content=\"Ajatutaja\" \/>\n<meta property=\"article:modified_time\" content=\"2025-01-22T14:34:18+00:00\" \/>\n<meta property=\"og:image\" content=\"https:\/\/ajatutaja.com\/wp-content\/uploads\/2025\/01\/Bibadoo-jedilni-pribor-handi-blush-2.jpg\" \/>\n\t<meta property=\"og:image:width\" content=\"1000\" \/>\n\t<meta property=\"og:image:height\" content=\"1000\" \/>\n\t<meta property=\"og:image:type\" content=\"image\/jpeg\" \/>\n<meta name=\"twitter:card\" content=\"summary_large_image\" \/>\n<meta name=\"twitter:label1\" content=\"Procijenjeno vrijeme \u010ditanja\" \/>\n\t<meta name=\"twitter:data1\" content=\"1 minuta\" \/>\n<script type=\"application\/ld+json\" class=\"yoast-schema-graph\">{\"@context\":\"https:\\\/\\\/schema.org\",\"@graph\":[{\"@type\":\"WebPage\",\"@id\":\"https:\\\/\\\/ajatutaja.com\\\/izdelek\\\/bibado-otroski-jedilni-pribor-handi-blush\\\/\",\"url\":\"https:\\\/\\\/ajatutaja.com\\\/izdelek\\\/bibado-otroski-jedilni-pribor-handi-blush\\\/\",\"name\":\"Bibado\u2122 otro\u0161ki jedilni pribor Handi - Blush | Ajatutaja\",\"isPartOf\":{\"@id\":\"https:\\\/\\\/ajatutaja.com\\\/#website\"},\"primaryImageOfPage\":{\"@id\":\"https:\\\/\\\/ajatutaja.com\\\/izdelek\\\/bibado-otroski-jedilni-pribor-handi-blush\\\/#primaryimage\"},\"image\":{\"@id\":\"https:\\\/\\\/ajatutaja.com\\\/izdelek\\\/bibado-otroski-jedilni-pribor-handi-blush\\\/#primaryimage\"},\"thumbnailUrl\":\"https:\\\/\\\/ajatutaja.com\\\/wp-content\\\/uploads\\\/2025\\\/01\\\/Bibadoo-jedilni-pribor-handi-blush-2.jpg\",\"datePublished\":\"2025-01-22T14:32:31+00:00\",\"dateModified\":\"2025-01-22T14:34:18+00:00\",\"description\":\"Pritrdljivi jedilni pribor Bibado Handi\u2122 ima edinstven sistem pripenjanja na slin\u010dek Bibado Coverall\u2122, ki otrokom omogo\u010da, da jih dvignejo in spustijo pribor tako visoko, kolikor je potrebno, da se nau\u010dijo samostojnega hranjenja.\",\"breadcrumb\":{\"@id\":\"https:\\\/\\\/ajatutaja.com\\\/izdelek\\\/bibado-otroski-jedilni-pribor-handi-blush\\\/#breadcrumb\"},\"inLanguage\":\"hr\",\"potentialAction\":[{\"@type\":\"ReadAction\",\"target\":[\"https:\\\/\\\/ajatutaja.com\\\/izdelek\\\/bibado-otroski-jedilni-pribor-handi-blush\\\/\"]}]},{\"@type\":\"ImageObject\",\"inLanguage\":\"hr\",\"@id\":\"https:\\\/\\\/ajatutaja.com\\\/izdelek\\\/bibado-otroski-jedilni-pribor-handi-blush\\\/#primaryimage\",\"url\":\"https:\\\/\\\/ajatutaja.com\\\/wp-content\\\/uploads\\\/2025\\\/01\\\/Bibadoo-jedilni-pribor-handi-blush-2.jpg\",\"contentUrl\":\"https:\\\/\\\/ajatutaja.com\\\/wp-content\\\/uploads\\\/2025\\\/01\\\/Bibadoo-jedilni-pribor-handi-blush-2.jpg\",\"width\":1000,\"height\":1000},{\"@type\":\"BreadcrumbList\",\"@id\":\"https:\\\/\\\/ajatutaja.com\\\/izdelek\\\/bibado-otroski-jedilni-pribor-handi-blush\\\/#breadcrumb\",\"itemListElement\":[{\"@type\":\"ListItem\",\"position\":1,\"name\":\"Home\",\"item\":\"https:\\\/\\\/ajatutaja.com\\\/hr\\\/\"},{\"@type\":\"ListItem\",\"position\":2,\"name\":\"Trgovina\",\"item\":\"https:\\\/\\\/ajatutaja.com\\\/hr\\\/trgovina\\\/\"},{\"@type\":\"ListItem\",\"position\":3,\"name\":\"Bibado\u2122 otro\u0161ki jedilni pribor Handi &#8211; Blush\"}]},{\"@type\":\"WebSite\",\"@id\":\"https:\\\/\\\/ajatutaja.com\\\/#website\",\"url\":\"https:\\\/\\\/ajatutaja.com\\\/\",\"name\":\"Ajatutaja\",\"description\":\"Otro\u0161ka spletna trgovina AJATUTAJA\",\"publisher\":{\"@id\":\"https:\\\/\\\/ajatutaja.com\\\/#organization\"},\"potentialAction\":[{\"@type\":\"SearchAction\",\"target\":{\"@type\":\"EntryPoint\",\"urlTemplate\":\"https:\\\/\\\/ajatutaja.com\\\/?s={search_term_string}\"},\"query-input\":{\"@type\":\"PropertyValueSpecification\",\"valueRequired\":true,\"valueName\":\"search_term_string\"}}],\"inLanguage\":\"hr\"},{\"@type\":\"Organization\",\"@id\":\"https:\\\/\\\/ajatutaja.com\\\/#organization\",\"name\":\"Ajatutaja\",\"url\":\"https:\\\/\\\/ajatutaja.com\\\/\",\"logo\":{\"@type\":\"ImageObject\",\"inLanguage\":\"hr\",\"@id\":\"https:\\\/\\\/ajatutaja.com\\\/#\\\/schema\\\/logo\\\/image\\\/\",\"url\":\"https:\\\/\\\/ajatutaja.com\\\/wp-content\\\/uploads\\\/2021\\\/10\\\/logo.png\",\"contentUrl\":\"https:\\\/\\\/ajatutaja.com\\\/wp-content\\\/uploads\\\/2021\\\/10\\\/logo.png\",\"width\":555,\"height\":150,\"caption\":\"Ajatutaja\"},\"image\":{\"@id\":\"https:\\\/\\\/ajatutaja.com\\\/#\\\/schema\\\/logo\\\/image\\\/\"}}]}<\/script>\n<!-- \/ Yoast SEO plugin. -->","yoast_head_json":{"title":"Bibado\u2122 otro\u0161ki jedilni pribor Handi - Blush | Ajatutaja","description":"Pritrdljivi jedilni pribor Bibado Handi\u2122 ima edinstven sistem pripenjanja na slin\u010dek Bibado Coverall\u2122, ki otrokom omogo\u010da, da jih dvignejo in spustijo pribor tako visoko, kolikor je potrebno, da se nau\u010dijo samostojnega hranjenja.","robots":{"index":"index","follow":"follow","max-snippet":"max-snippet:-1","max-image-preview":"max-image-preview:large","max-video-preview":"max-video-preview:-1"},"canonical":"https:\/\/ajatutaja.com\/izdelek\/bibado-otroski-jedilni-pribor-handi-blush\/","og_locale":"hr_HR","og_type":"article","og_title":"Bibado\u2122 otro\u0161ki jedilni pribor Handi - Blush | Ajatutaja","og_description":"Pritrdljivi jedilni pribor Bibado Handi\u2122 ima edinstven sistem pripenjanja na slin\u010dek Bibado Coverall\u2122, ki otrokom omogo\u010da, da jih dvignejo in spustijo pribor tako visoko, kolikor je potrebno, da se nau\u010dijo samostojnega hranjenja.","og_url":"https:\/\/ajatutaja.com\/izdelek\/bibado-otroski-jedilni-pribor-handi-blush\/","og_site_name":"Ajatutaja","article_modified_time":"2025-01-22T14:34:18+00:00","og_image":[{"width":1000,"height":1000,"url":"https:\/\/ajatutaja.com\/wp-content\/uploads\/2025\/01\/Bibadoo-jedilni-pribor-handi-blush-2.jpg","type":"image\/jpeg"}],"twitter_card":"summary_large_image","twitter_misc":{"Procijenjeno vrijeme \u010ditanja":"1 minuta"},"schema":{"@context":"https:\/\/schema.org","@graph":[{"@type":"WebPage","@id":"https:\/\/ajatutaja.com\/izdelek\/bibado-otroski-jedilni-pribor-handi-blush\/","url":"https:\/\/ajatutaja.com\/izdelek\/bibado-otroski-jedilni-pribor-handi-blush\/","name":"Bibado\u2122 otro\u0161ki jedilni pribor Handi - Blush | Ajatutaja","isPartOf":{"@id":"https:\/\/ajatutaja.com\/#website"},"primaryImageOfPage":{"@id":"https:\/\/ajatutaja.com\/izdelek\/bibado-otroski-jedilni-pribor-handi-blush\/#primaryimage"},"image":{"@id":"https:\/\/ajatutaja.com\/izdelek\/bibado-otroski-jedilni-pribor-handi-blush\/#primaryimage"},"thumbnailUrl":"https:\/\/ajatutaja.com\/wp-content\/uploads\/2025\/01\/Bibadoo-jedilni-pribor-handi-blush-2.jpg","datePublished":"2025-01-22T14:32:31+00:00","dateModified":"2025-01-22T14:34:18+00:00","description":"Pritrdljivi jedilni pribor Bibado Handi\u2122 ima edinstven sistem pripenjanja na slin\u010dek Bibado Coverall\u2122, ki otrokom omogo\u010da, da jih dvignejo in spustijo pribor tako visoko, kolikor je potrebno, da se nau\u010dijo samostojnega hranjenja.","breadcrumb":{"@id":"https:\/\/ajatutaja.com\/izdelek\/bibado-otroski-jedilni-pribor-handi-blush\/#breadcrumb"},"inLanguage":"hr","potentialAction":[{"@type":"ReadAction","target":["https:\/\/ajatutaja.com\/izdelek\/bibado-otroski-jedilni-pribor-handi-blush\/"]}]},{"@type":"ImageObject","inLanguage":"hr","@id":"https:\/\/ajatutaja.com\/izdelek\/bibado-otroski-jedilni-pribor-handi-blush\/#primaryimage","url":"https:\/\/ajatutaja.com\/wp-content\/uploads\/2025\/01\/Bibadoo-jedilni-pribor-handi-blush-2.jpg","contentUrl":"https:\/\/ajatutaja.com\/wp-content\/uploads\/2025\/01\/Bibadoo-jedilni-pribor-handi-blush-2.jpg","width":1000,"height":1000},{"@type":"BreadcrumbList","@id":"https:\/\/ajatutaja.com\/izdelek\/bibado-otroski-jedilni-pribor-handi-blush\/#breadcrumb","itemListElement":[{"@type":"ListItem","position":1,"name":"Home","item":"https:\/\/ajatutaja.com\/hr\/"},{"@type":"ListItem","position":2,"name":"Trgovina","item":"https:\/\/ajatutaja.com\/hr\/trgovina\/"},{"@type":"ListItem","position":3,"name":"Bibado\u2122 otro\u0161ki jedilni pribor Handi &#8211; Blush"}]},{"@type":"WebSite","@id":"https:\/\/ajatutaja.com\/#website","url":"https:\/\/ajatutaja.com\/","name":"Ajatutaja","description":"Otro\u0161ka spletna trgovina AJATUTAJA","publisher":{"@id":"https:\/\/ajatutaja.com\/#organization"},"potentialAction":[{"@type":"SearchAction","target":{"@type":"EntryPoint","urlTemplate":"https:\/\/ajatutaja.com\/?s={search_term_string}"},"query-input":{"@type":"PropertyValueSpecification","valueRequired":true,"valueName":"search_term_string"}}],"inLanguage":"hr"},{"@type":"Organization","@id":"https:\/\/ajatutaja.com\/#organization","name":"Ajatutaja","url":"https:\/\/ajatutaja.com\/","logo":{"@type":"ImageObject","inLanguage":"hr","@id":"https:\/\/ajatutaja.com\/#\/schema\/logo\/image\/","url":"https:\/\/ajatutaja.com\/wp-content\/uploads\/2021\/10\/logo.png","contentUrl":"https:\/\/ajatutaja.com\/wp-content\/uploads\/2021\/10\/logo.png","width":555,"height":150,"caption":"Ajatutaja"},"image":{"@id":"https:\/\/ajatutaja.com\/#\/schema\/logo\/image\/"}}]}},"brands":[{"id":5697,"name":"Bibado\u2122","slug":"bibado"},{"id":2269,"name":"Hranjenje","slug":"hranjenje"}],"_links":{"self":[{"href":"https:\/\/ajatutaja.com\/hr\/wp-json\/wp\/v2\/product\/72764","targetHints":{"allow":["GET"]}}],"collection":[{"href":"https:\/\/ajatutaja.com\/hr\/wp-json\/wp\/v2\/product"}],"about":[{"href":"https:\/\/ajatutaja.com\/hr\/wp-json\/wp\/v2\/types\/product"}],"wp:featuredmedia":[{"embeddable":true,"href":"https:\/\/ajatutaja.com\/hr\/wp-json\/wp\/v2\/media\/72753"}],"wp:attachment":[{"href":"https:\/\/ajatutaja.com\/hr\/wp-json\/wp\/v2\/media?parent=72764"}],"wp:term":[{"taxonomy":"pwb-brand","embeddable":true,"href":"https:\/\/ajatutaja.com\/hr\/wp-json\/wp\/v2\/pwb-brand?post=72764"},{"taxonomy":"product_brand","embeddable":true,"href":"https:\/\/ajatutaja.com\/hr\/wp-json\/wp\/v2\/product_brand?post=72764"},{"taxonomy":"product_cat","embeddable":true,"href":"https:\/\/ajatutaja.com\/hr\/wp-json\/wp\/v2\/product_cat?post=72764"},{"taxonomy":"product_tag","embeddable":true,"href":"https:\/\/ajatutaja.com\/hr\/wp-json\/wp\/v2\/product_tag?post=72764"}],"curies":[{"name":"wp","href":"https:\/\/api.w.org\/{rel}","templated":true}]}}