{"id":72738,"date":"2025-01-22T14:34:15","date_gmt":"2025-01-22T13:34:15","guid":{"rendered":"https:\/\/ajatutaja.com\/?post_type=product&#038;p=72738"},"modified":"2025-01-22T15:43:00","modified_gmt":"2025-01-22T14:43:00","slug":"bibado-slincek-z-rokavi-coverall-george-pig","status":"publish","type":"product","link":"https:\/\/ajatutaja.com\/hr\/proizvod\/bibado-slincek-z-rokavi-coverall-george-pig\/","title":{"rendered":"Bibado\u2122 slin\u010dek z rokavi Coverall &#8211; George Pig"},"content":{"rendered":"<p>[vc_row][vc_column][vc_column_text]Otro\u0161ki slin\u010dek z dolgimi rokavi Bibado Coverall je obvezna oprema za vsakega malega papav\u010dka. Izdelan je iz mehkega vodoodpornega materiala in je enostaven za uporabo in hitro \u010di\u0161\u010denje. Njegove pametne oblikovne zna\u010dilnosti omogo\u010dajo tudi, da va\u0161 mal\u010dek udobno u\u017eiva v svoji pustolov\u0161\u010dini ob obroku \u2013 medtem ko njegova obla\u010dila ostanejo \u010dista, suha in brez made\u017eev.<\/p>\n<p><strong>Kako uporabljati Bibado Slin\u010dek z rokavi Coverall?<\/strong><\/p>\n<ol>\n<li>Mal\u010dka postavite v otro\u0161ki stol\u010dek in ga varno pritrdite v skladu z navodili za otro\u0161ki stol\u010dek.<\/li>\n<li>Rokice va\u0161ih najmlaj\u0161ih polo\u017eite skozi rokave slin\u010dka, ga nataknite \u010dez njihova ramena in zapnite na tilniku. Sprednji del slin\u010dka ovijte okoli pladnja za otro\u0161ki stol\u010dek in ga spodaj pritrdite s trakovi na je\u017eka.<\/li>\n<li>Slin\u010dek enostavno obri\u0161ite po va\u0161i brezskrbni pustolov\u0161\u010dini s hrano in ga hitro posu\u0161ite, in tako ste \u017ee pripravljeni na 2. krog. Slin\u010dek Bibado je prav tako mogo\u010de prati v pralnem stroju pri 40\u00b0C.<\/li>\n<\/ol>\n<h4>Lastnosti slin\u010dka Bibado Coverall:<\/h4>\n<ul>\n<li><strong>Pritrdilni trakovi za vsak otro\u0161ki sede\u017e ali vozi\u010dek<\/strong> &#8211; poskrbite, da bodo obla\u010dila brezhibno \u010dista in suha tudi pri najbolj neurejenih obrokih.<\/li>\n<li><strong>Material, ki ga je enostavno obrisati<\/strong> &#8211; za hitro \u010di\u0161\u010denje po neurejenih obrokih.<\/li>\n<li><strong>Mehak in udoben<\/strong> &#8211; z nastavljivim ovratnikom in rokavi.<\/li>\n<li><strong>Mo\u017enost pritrditve jedilnega pribora<\/strong> <a href=\"https:\/\/ajatutaja.com\/oznaka-izdelka\/bibado-handi\/\">Bibado Handi.<\/a><\/li>\n<li><strong>Popolna velikost<\/strong> za mal\u010dke, stare od 6 mesecev do 3 let.<\/li>\n<li><strong>Odporen na made\u017ee<\/strong> &#8211; va\u0161 slin\u010dek Coverall lahko prenese preizkus najzahtevnej\u0161ih made\u017eev, vklju\u010dno z bolonjsko omako!<\/li>\n<li><strong>Nastavljivi trakovi<\/strong> &#8211; enostavno pritrjevanje na \u0161iroko paleto stolov za hranjenje in miz.<\/li>\n<li><strong>Pralno v pralnem stroju pri 40 stopinjah<\/strong> \u2013 poleg tega se va\u0161 slin\u010dek zelo hitro posu\u0161i, tako da ste pripravljeni na naslednjo avanturo ob obroku.<\/li>\n<li><strong>\u0160\u010diti obla\u010dila<\/strong> \u2013 ni\u010d ve\u010d uni\u010denih obla\u010dil, zato je potrebnih manj ciklov pranja, kar vam prihrani \u010das in elektriko.<\/li>\n<li><strong>Prijaznej\u0161i do okolja<\/strong> \u2013 za \u010di\u0161\u010denje stol\u010dka je potrebno manj brisanja in \u010distil.<\/li>\n<li><strong>Varen za otroka<\/strong> &#8211;\u00a0 v skladu z najstro\u017ejimi mednarodnimi varnostnimi standardi za otro\u0161ke izdelke. Slin\u010dek Coverall je prestal mednarodno varnostno testiranje za EU, ZDA, Kanado, Avstralijo in Novo Zelandijo ter ne vsebuje BPA, ftalatov in azo barvil.<\/li>\n<\/ul>\n<p>[\/vc_column_text][\/vc_column][\/vc_row]<\/p>\n","protected":false},"excerpt":{"rendered":"<p>Otro\u0161ki slin\u010dek z dolgimi rokavi Bibado Coverall je obvezna oprema za vsakega malega papav\u010dka. Izdelan je iz mehkega vodoodpornega materiala in je enostaven za uporabo in hitro \u010di\u0161\u010denje. Njegove pametne oblikovne zna\u010dilnosti omogo\u010dajo tudi, da va\u0161 mal\u010dek udobno u\u017eiva v svoji pustolov\u0161\u010dini ob obroku \u2013 medtem ko njegova obla\u010dila ostanejo \u010dista, suha in brez made\u017eev.<\/p>\n","protected":false},"featured_media":72739,"template":"","meta":[],"pwb-brand":[5697,2269],"product_brand":[],"product_cat":[5072,2266,2309],"product_tag":[5700,5699],"class_list":{"0":"post-72738","1":"product","2":"type-product","3":"status-publish","4":"has-post-thumbnail","6":"pwb-brand-bibado","7":"pwb-brand-hranjenje","8":"product_cat-bozicna-darila","9":"product_cat-hranjenje","10":"product_cat-otroski-slincki","11":"product_tag-bibado-coverall","12":"product_tag-bibado","14":"first","15":"instock","16":"taxable","17":"shipping-taxable","18":"purchasable","19":"product-type-simple","20":"add-to-wishlist-before_image"},"yoast_head":"<!-- This site is optimized with the Yoast SEO plugin v27.6 - https:\/\/yoast.com\/product\/yoast-seo-wordpress\/ -->\n<title>Bibado\u2122 slin\u010dek z rokavi Coverall - George Pig | Ajatutaja<\/title>\n<meta name=\"description\" content=\"Otro\u0161ki slin\u010dek z dolgimi rokavi Bibado Coverall je obvezna oprema za vsakega malega papav\u010dka.\" \/>\n<meta name=\"robots\" content=\"index, follow, max-snippet:-1, max-image-preview:large, max-video-preview:-1\" \/>\n<link rel=\"canonical\" href=\"https:\/\/ajatutaja.com\/izdelek\/bibado-slincek-z-rokavi-coverall-george-pig\/\" \/>\n<meta property=\"og:locale\" content=\"hr_HR\" \/>\n<meta property=\"og:type\" content=\"article\" \/>\n<meta property=\"og:title\" content=\"Bibado\u2122 slin\u010dek z rokavi Coverall - George Pig | Ajatutaja\" \/>\n<meta property=\"og:description\" content=\"Otro\u0161ki slin\u010dek z dolgimi rokavi Bibado Coverall je obvezna oprema za vsakega malega papav\u010dka.\" \/>\n<meta property=\"og:url\" content=\"https:\/\/ajatutaja.com\/izdelek\/bibado-slincek-z-rokavi-coverall-george-pig\/\" \/>\n<meta property=\"og:site_name\" content=\"Ajatutaja\" \/>\n<meta property=\"article:modified_time\" content=\"2025-01-22T14:43:00+00:00\" \/>\n<meta property=\"og:image\" content=\"https:\/\/ajatutaja.com\/wp-content\/uploads\/2025\/01\/Biibado-Slincek-z-rokavi-Coverall-george-pig-ajatutaja-1.jpg\" \/>\n\t<meta property=\"og:image:width\" content=\"1000\" \/>\n\t<meta property=\"og:image:height\" content=\"1000\" \/>\n\t<meta property=\"og:image:type\" content=\"image\/jpeg\" \/>\n<meta name=\"twitter:card\" content=\"summary_large_image\" \/>\n<meta name=\"twitter:label1\" content=\"Procijenjeno vrijeme \u010ditanja\" \/>\n\t<meta name=\"twitter:data1\" content=\"2 minute\" \/>\n<script type=\"application\/ld+json\" class=\"yoast-schema-graph\">{\"@context\":\"https:\\\/\\\/schema.org\",\"@graph\":[{\"@type\":\"WebPage\",\"@id\":\"https:\\\/\\\/ajatutaja.com\\\/izdelek\\\/bibado-slincek-z-rokavi-coverall-george-pig\\\/\",\"url\":\"https:\\\/\\\/ajatutaja.com\\\/izdelek\\\/bibado-slincek-z-rokavi-coverall-george-pig\\\/\",\"name\":\"Bibado\u2122 slin\u010dek z rokavi Coverall - George Pig | Ajatutaja\",\"isPartOf\":{\"@id\":\"https:\\\/\\\/ajatutaja.com\\\/#website\"},\"primaryImageOfPage\":{\"@id\":\"https:\\\/\\\/ajatutaja.com\\\/izdelek\\\/bibado-slincek-z-rokavi-coverall-george-pig\\\/#primaryimage\"},\"image\":{\"@id\":\"https:\\\/\\\/ajatutaja.com\\\/izdelek\\\/bibado-slincek-z-rokavi-coverall-george-pig\\\/#primaryimage\"},\"thumbnailUrl\":\"https:\\\/\\\/ajatutaja.com\\\/wp-content\\\/uploads\\\/2025\\\/01\\\/Biibado-Slincek-z-rokavi-Coverall-george-pig-ajatutaja-1.jpg\",\"datePublished\":\"2025-01-22T13:34:15+00:00\",\"dateModified\":\"2025-01-22T14:43:00+00:00\",\"description\":\"Otro\u0161ki slin\u010dek z dolgimi rokavi Bibado Coverall je obvezna oprema za vsakega malega papav\u010dka.\",\"breadcrumb\":{\"@id\":\"https:\\\/\\\/ajatutaja.com\\\/izdelek\\\/bibado-slincek-z-rokavi-coverall-george-pig\\\/#breadcrumb\"},\"inLanguage\":\"hr\",\"potentialAction\":[{\"@type\":\"ReadAction\",\"target\":[\"https:\\\/\\\/ajatutaja.com\\\/izdelek\\\/bibado-slincek-z-rokavi-coverall-george-pig\\\/\"]}]},{\"@type\":\"ImageObject\",\"inLanguage\":\"hr\",\"@id\":\"https:\\\/\\\/ajatutaja.com\\\/izdelek\\\/bibado-slincek-z-rokavi-coverall-george-pig\\\/#primaryimage\",\"url\":\"https:\\\/\\\/ajatutaja.com\\\/wp-content\\\/uploads\\\/2025\\\/01\\\/Biibado-Slincek-z-rokavi-Coverall-george-pig-ajatutaja-1.jpg\",\"contentUrl\":\"https:\\\/\\\/ajatutaja.com\\\/wp-content\\\/uploads\\\/2025\\\/01\\\/Biibado-Slincek-z-rokavi-Coverall-george-pig-ajatutaja-1.jpg\",\"width\":1000,\"height\":1000},{\"@type\":\"BreadcrumbList\",\"@id\":\"https:\\\/\\\/ajatutaja.com\\\/izdelek\\\/bibado-slincek-z-rokavi-coverall-george-pig\\\/#breadcrumb\",\"itemListElement\":[{\"@type\":\"ListItem\",\"position\":1,\"name\":\"Home\",\"item\":\"https:\\\/\\\/ajatutaja.com\\\/hr\\\/\"},{\"@type\":\"ListItem\",\"position\":2,\"name\":\"Trgovina\",\"item\":\"https:\\\/\\\/ajatutaja.com\\\/hr\\\/trgovina\\\/\"},{\"@type\":\"ListItem\",\"position\":3,\"name\":\"Bibado\u2122 slin\u010dek z rokavi Coverall &#8211; George Pig\"}]},{\"@type\":\"WebSite\",\"@id\":\"https:\\\/\\\/ajatutaja.com\\\/#website\",\"url\":\"https:\\\/\\\/ajatutaja.com\\\/\",\"name\":\"Ajatutaja\",\"description\":\"Otro\u0161ka spletna trgovina AJATUTAJA\",\"publisher\":{\"@id\":\"https:\\\/\\\/ajatutaja.com\\\/#organization\"},\"potentialAction\":[{\"@type\":\"SearchAction\",\"target\":{\"@type\":\"EntryPoint\",\"urlTemplate\":\"https:\\\/\\\/ajatutaja.com\\\/?s={search_term_string}\"},\"query-input\":{\"@type\":\"PropertyValueSpecification\",\"valueRequired\":true,\"valueName\":\"search_term_string\"}}],\"inLanguage\":\"hr\"},{\"@type\":\"Organization\",\"@id\":\"https:\\\/\\\/ajatutaja.com\\\/#organization\",\"name\":\"Ajatutaja\",\"url\":\"https:\\\/\\\/ajatutaja.com\\\/\",\"logo\":{\"@type\":\"ImageObject\",\"inLanguage\":\"hr\",\"@id\":\"https:\\\/\\\/ajatutaja.com\\\/#\\\/schema\\\/logo\\\/image\\\/\",\"url\":\"https:\\\/\\\/ajatutaja.com\\\/wp-content\\\/uploads\\\/2021\\\/10\\\/logo.png\",\"contentUrl\":\"https:\\\/\\\/ajatutaja.com\\\/wp-content\\\/uploads\\\/2021\\\/10\\\/logo.png\",\"width\":555,\"height\":150,\"caption\":\"Ajatutaja\"},\"image\":{\"@id\":\"https:\\\/\\\/ajatutaja.com\\\/#\\\/schema\\\/logo\\\/image\\\/\"}}]}<\/script>\n<!-- \/ Yoast SEO plugin. -->","yoast_head_json":{"title":"Bibado\u2122 slin\u010dek z rokavi Coverall - George Pig | Ajatutaja","description":"Otro\u0161ki slin\u010dek z dolgimi rokavi Bibado Coverall je obvezna oprema za vsakega malega papav\u010dka.","robots":{"index":"index","follow":"follow","max-snippet":"max-snippet:-1","max-image-preview":"max-image-preview:large","max-video-preview":"max-video-preview:-1"},"canonical":"https:\/\/ajatutaja.com\/izdelek\/bibado-slincek-z-rokavi-coverall-george-pig\/","og_locale":"hr_HR","og_type":"article","og_title":"Bibado\u2122 slin\u010dek z rokavi Coverall - George Pig | Ajatutaja","og_description":"Otro\u0161ki slin\u010dek z dolgimi rokavi Bibado Coverall je obvezna oprema za vsakega malega papav\u010dka.","og_url":"https:\/\/ajatutaja.com\/izdelek\/bibado-slincek-z-rokavi-coverall-george-pig\/","og_site_name":"Ajatutaja","article_modified_time":"2025-01-22T14:43:00+00:00","og_image":[{"width":1000,"height":1000,"url":"https:\/\/ajatutaja.com\/wp-content\/uploads\/2025\/01\/Biibado-Slincek-z-rokavi-Coverall-george-pig-ajatutaja-1.jpg","type":"image\/jpeg"}],"twitter_card":"summary_large_image","twitter_misc":{"Procijenjeno vrijeme \u010ditanja":"2 minute"},"schema":{"@context":"https:\/\/schema.org","@graph":[{"@type":"WebPage","@id":"https:\/\/ajatutaja.com\/izdelek\/bibado-slincek-z-rokavi-coverall-george-pig\/","url":"https:\/\/ajatutaja.com\/izdelek\/bibado-slincek-z-rokavi-coverall-george-pig\/","name":"Bibado\u2122 slin\u010dek z rokavi Coverall - George Pig | Ajatutaja","isPartOf":{"@id":"https:\/\/ajatutaja.com\/#website"},"primaryImageOfPage":{"@id":"https:\/\/ajatutaja.com\/izdelek\/bibado-slincek-z-rokavi-coverall-george-pig\/#primaryimage"},"image":{"@id":"https:\/\/ajatutaja.com\/izdelek\/bibado-slincek-z-rokavi-coverall-george-pig\/#primaryimage"},"thumbnailUrl":"https:\/\/ajatutaja.com\/wp-content\/uploads\/2025\/01\/Biibado-Slincek-z-rokavi-Coverall-george-pig-ajatutaja-1.jpg","datePublished":"2025-01-22T13:34:15+00:00","dateModified":"2025-01-22T14:43:00+00:00","description":"Otro\u0161ki slin\u010dek z dolgimi rokavi Bibado Coverall je obvezna oprema za vsakega malega papav\u010dka.","breadcrumb":{"@id":"https:\/\/ajatutaja.com\/izdelek\/bibado-slincek-z-rokavi-coverall-george-pig\/#breadcrumb"},"inLanguage":"hr","potentialAction":[{"@type":"ReadAction","target":["https:\/\/ajatutaja.com\/izdelek\/bibado-slincek-z-rokavi-coverall-george-pig\/"]}]},{"@type":"ImageObject","inLanguage":"hr","@id":"https:\/\/ajatutaja.com\/izdelek\/bibado-slincek-z-rokavi-coverall-george-pig\/#primaryimage","url":"https:\/\/ajatutaja.com\/wp-content\/uploads\/2025\/01\/Biibado-Slincek-z-rokavi-Coverall-george-pig-ajatutaja-1.jpg","contentUrl":"https:\/\/ajatutaja.com\/wp-content\/uploads\/2025\/01\/Biibado-Slincek-z-rokavi-Coverall-george-pig-ajatutaja-1.jpg","width":1000,"height":1000},{"@type":"BreadcrumbList","@id":"https:\/\/ajatutaja.com\/izdelek\/bibado-slincek-z-rokavi-coverall-george-pig\/#breadcrumb","itemListElement":[{"@type":"ListItem","position":1,"name":"Home","item":"https:\/\/ajatutaja.com\/hr\/"},{"@type":"ListItem","position":2,"name":"Trgovina","item":"https:\/\/ajatutaja.com\/hr\/trgovina\/"},{"@type":"ListItem","position":3,"name":"Bibado\u2122 slin\u010dek z rokavi Coverall &#8211; George Pig"}]},{"@type":"WebSite","@id":"https:\/\/ajatutaja.com\/#website","url":"https:\/\/ajatutaja.com\/","name":"Ajatutaja","description":"Otro\u0161ka spletna trgovina AJATUTAJA","publisher":{"@id":"https:\/\/ajatutaja.com\/#organization"},"potentialAction":[{"@type":"SearchAction","target":{"@type":"EntryPoint","urlTemplate":"https:\/\/ajatutaja.com\/?s={search_term_string}"},"query-input":{"@type":"PropertyValueSpecification","valueRequired":true,"valueName":"search_term_string"}}],"inLanguage":"hr"},{"@type":"Organization","@id":"https:\/\/ajatutaja.com\/#organization","name":"Ajatutaja","url":"https:\/\/ajatutaja.com\/","logo":{"@type":"ImageObject","inLanguage":"hr","@id":"https:\/\/ajatutaja.com\/#\/schema\/logo\/image\/","url":"https:\/\/ajatutaja.com\/wp-content\/uploads\/2021\/10\/logo.png","contentUrl":"https:\/\/ajatutaja.com\/wp-content\/uploads\/2021\/10\/logo.png","width":555,"height":150,"caption":"Ajatutaja"},"image":{"@id":"https:\/\/ajatutaja.com\/#\/schema\/logo\/image\/"}}]}},"brands":[{"id":5697,"name":"Bibado\u2122","slug":"bibado"},{"id":2269,"name":"Hranjenje","slug":"hranjenje"}],"_links":{"self":[{"href":"https:\/\/ajatutaja.com\/hr\/wp-json\/wp\/v2\/product\/72738","targetHints":{"allow":["GET"]}}],"collection":[{"href":"https:\/\/ajatutaja.com\/hr\/wp-json\/wp\/v2\/product"}],"about":[{"href":"https:\/\/ajatutaja.com\/hr\/wp-json\/wp\/v2\/types\/product"}],"wp:featuredmedia":[{"embeddable":true,"href":"https:\/\/ajatutaja.com\/hr\/wp-json\/wp\/v2\/media\/72739"}],"wp:attachment":[{"href":"https:\/\/ajatutaja.com\/hr\/wp-json\/wp\/v2\/media?parent=72738"}],"wp:term":[{"taxonomy":"pwb-brand","embeddable":true,"href":"https:\/\/ajatutaja.com\/hr\/wp-json\/wp\/v2\/pwb-brand?post=72738"},{"taxonomy":"product_brand","embeddable":true,"href":"https:\/\/ajatutaja.com\/hr\/wp-json\/wp\/v2\/product_brand?post=72738"},{"taxonomy":"product_cat","embeddable":true,"href":"https:\/\/ajatutaja.com\/hr\/wp-json\/wp\/v2\/product_cat?post=72738"},{"taxonomy":"product_tag","embeddable":true,"href":"https:\/\/ajatutaja.com\/hr\/wp-json\/wp\/v2\/product_tag?post=72738"}],"curies":[{"name":"wp","href":"https:\/\/api.w.org\/{rel}","templated":true}]}}