{"id":72679,"date":"2025-01-21T16:21:58","date_gmt":"2025-01-21T15:21:58","guid":{"rendered":"https:\/\/ajatutaja.com\/?post_type=product&#038;p=72679"},"modified":"2025-01-21T16:37:45","modified_gmt":"2025-01-21T15:37:45","slug":"grelna-blazina-doomoo-snoogy-bunny-beige","status":"publish","type":"product","link":"https:\/\/ajatutaja.com\/hr\/proizvod\/grelna-blazina-doomoo-snoogy-bunny-beige\/","title":{"rendered":"Grelna blazina DOOMOO Snoogy Bunny Beige"},"content":{"rendered":"<p>[vc_row][vc_column][vc_column_text]<\/p>\n<h4 style=\"text-align: justify\">Uporaba grelne blazine Doomoo Snoogy:<\/h4>\n<p>Izvlecite notranjo blazinico in jo segrevajte v mikrovalovni pe\u010dici pri 700 vatih 45 sekund. Vzemite ga ven in preverite temperaturo. \u010ce \u0161e nimate \u017eelene temperature, jo segrevajte \u0161e 15 sekund. V mikrovalovno pe\u010dico postavite kozarec vode, medtem ko segrevate blazinico s semeni.<br \/>\n\u010ce nimate mikrovalovne pe\u010dice lahko blazino segrevate tudi v pe\u010dici na 100\u00b0C pribli\u017eno 12 do 15 minut.<\/p>\n<h4>Lastnosti grelne blazine Doomoo Snoogy:<\/h4>\n<ul>\n<li><strong>Sestavljena je iz dveh delov:<\/strong> mehke prevleke in notranje toplotne blazinice.<\/li>\n<li>Lahko se uporablja tudi kot hladno. Blazinico postavimo v zamrzovalnik za vsaj 2 uri.<\/li>\n<li>Pred uporabo vedno preverite notranjo temperaturo blazinice.<\/li>\n<li>Pralna v pralnem stroju pri 30\u00b0C.<\/li>\n<li>Material: prevleka: 100 % poliester, polnilo: 95% ogr\u0161\u010dice in 5% sivke<\/li>\n<li>Velikost<strong>:<\/strong> 25 x 18,5 x 11 cm<\/li>\n<li><strong>Pozor! <\/strong>Odstranljive blazinice ni mogo\u010de prati, samo zaj\u010dka.<\/li>\n<li>Izdelek hranite na hladnem in suhem mestu<\/li>\n<\/ul>\n<p>[\/vc_column_text][\/vc_column][\/vc_row]<\/p>\n","protected":false},"excerpt":{"rendered":"<p>Grelna blazinica Doomoo Snoogy olaj\u0161a te\u017eave s kr\u010dki pri novorojen\u010dku in poskrbi za sladke sanje. Prevleka blazine je odstranljiva in vsebuje majhno odstranljivo grelno blazinico, ki je napolnjena z sivko in repico.<\/p>\n","protected":false},"featured_media":72684,"template":"","meta":[],"pwb-brand":[2630,2611],"product_brand":[],"product_cat":[2610,2716,2711,2605,2593],"product_tag":[4059,4069,4090],"class_list":{"0":"post-72679","1":"product","2":"type-product","3":"status-publish","4":"has-post-thumbnail","6":"pwb-brand-doomoo-spanje","7":"pwb-brand-spanje","8":"product_cat-darila","9":"product_cat-darilo-do-30e","10":"product_cat-darilo-ob-rojstvu","11":"product_cat-ninice","12":"product_cat-spanje","13":"product_tag-doomoo","14":"product_tag-doomoo-snoogy","15":"product_tag-grelna-blazina","17":"first","18":"instock","19":"taxable","20":"shipping-taxable","21":"purchasable","22":"product-type-simple","23":"add-to-wishlist-before_image"},"yoast_head":"<!-- This site is optimized with the Yoast SEO plugin v27.6 - https:\/\/yoast.com\/product\/yoast-seo-wordpress\/ -->\n<title>Grelna blazina DOOMOO Snoogy Bunny Beige | Ajatutaja<\/title>\n<meta name=\"description\" content=\"Grelna blazinica Doomoo Snoogy olaj\u0161a te\u017eave s kr\u010dki pri novorojen\u010dku in poskrbi za sladke sanje. Prevleka blazine je odstranljiva in vsebuje majhno odstranljivo grelno blazinico, ki je napolnjena z sivko in repico.\" \/>\n<meta name=\"robots\" content=\"index, follow, max-snippet:-1, max-image-preview:large, max-video-preview:-1\" \/>\n<link rel=\"canonical\" href=\"https:\/\/ajatutaja.com\/izdelek\/grelna-blazina-doomoo-snoogy-bunny-beige\/\" \/>\n<meta property=\"og:locale\" content=\"hr_HR\" \/>\n<meta property=\"og:type\" content=\"article\" \/>\n<meta property=\"og:title\" content=\"Grelna blazina DOOMOO Snoogy Bunny Beige | Ajatutaja\" \/>\n<meta property=\"og:description\" content=\"Grelna blazinica Doomoo Snoogy olaj\u0161a te\u017eave s kr\u010dki pri novorojen\u010dku in poskrbi za sladke sanje. Prevleka blazine je odstranljiva in vsebuje majhno odstranljivo grelno blazinico, ki je napolnjena z sivko in repico.\" \/>\n<meta property=\"og:url\" content=\"https:\/\/ajatutaja.com\/izdelek\/grelna-blazina-doomoo-snoogy-bunny-beige\/\" \/>\n<meta property=\"og:site_name\" content=\"Ajatutaja\" \/>\n<meta property=\"article:modified_time\" content=\"2025-01-21T15:37:45+00:00\" \/>\n<meta property=\"og:image\" content=\"https:\/\/ajatutaja.com\/wp-content\/uploads\/2025\/01\/Snoogi-grelna-blazina-bunny.jpg\" \/>\n\t<meta property=\"og:image:width\" content=\"1000\" \/>\n\t<meta property=\"og:image:height\" content=\"1000\" \/>\n\t<meta property=\"og:image:type\" content=\"image\/jpeg\" \/>\n<meta name=\"twitter:card\" content=\"summary_large_image\" \/>\n<meta name=\"twitter:label1\" content=\"Procijenjeno vrijeme \u010ditanja\" \/>\n\t<meta name=\"twitter:data1\" content=\"1 minuta\" \/>\n<script type=\"application\/ld+json\" class=\"yoast-schema-graph\">{\"@context\":\"https:\\\/\\\/schema.org\",\"@graph\":[{\"@type\":\"WebPage\",\"@id\":\"https:\\\/\\\/ajatutaja.com\\\/izdelek\\\/grelna-blazina-doomoo-snoogy-bunny-beige\\\/\",\"url\":\"https:\\\/\\\/ajatutaja.com\\\/izdelek\\\/grelna-blazina-doomoo-snoogy-bunny-beige\\\/\",\"name\":\"Grelna blazina DOOMOO Snoogy Bunny Beige | Ajatutaja\",\"isPartOf\":{\"@id\":\"https:\\\/\\\/ajatutaja.com\\\/#website\"},\"primaryImageOfPage\":{\"@id\":\"https:\\\/\\\/ajatutaja.com\\\/izdelek\\\/grelna-blazina-doomoo-snoogy-bunny-beige\\\/#primaryimage\"},\"image\":{\"@id\":\"https:\\\/\\\/ajatutaja.com\\\/izdelek\\\/grelna-blazina-doomoo-snoogy-bunny-beige\\\/#primaryimage\"},\"thumbnailUrl\":\"https:\\\/\\\/ajatutaja.com\\\/wp-content\\\/uploads\\\/2025\\\/01\\\/Snoogi-grelna-blazina-bunny.jpg\",\"datePublished\":\"2025-01-21T15:21:58+00:00\",\"dateModified\":\"2025-01-21T15:37:45+00:00\",\"description\":\"Grelna blazinica Doomoo Snoogy olaj\u0161a te\u017eave s kr\u010dki pri novorojen\u010dku in poskrbi za sladke sanje. Prevleka blazine je odstranljiva in vsebuje majhno odstranljivo grelno blazinico, ki je napolnjena z sivko in repico.\",\"breadcrumb\":{\"@id\":\"https:\\\/\\\/ajatutaja.com\\\/izdelek\\\/grelna-blazina-doomoo-snoogy-bunny-beige\\\/#breadcrumb\"},\"inLanguage\":\"hr\",\"potentialAction\":[{\"@type\":\"ReadAction\",\"target\":[\"https:\\\/\\\/ajatutaja.com\\\/izdelek\\\/grelna-blazina-doomoo-snoogy-bunny-beige\\\/\"]}]},{\"@type\":\"ImageObject\",\"inLanguage\":\"hr\",\"@id\":\"https:\\\/\\\/ajatutaja.com\\\/izdelek\\\/grelna-blazina-doomoo-snoogy-bunny-beige\\\/#primaryimage\",\"url\":\"https:\\\/\\\/ajatutaja.com\\\/wp-content\\\/uploads\\\/2025\\\/01\\\/Snoogi-grelna-blazina-bunny.jpg\",\"contentUrl\":\"https:\\\/\\\/ajatutaja.com\\\/wp-content\\\/uploads\\\/2025\\\/01\\\/Snoogi-grelna-blazina-bunny.jpg\",\"width\":1000,\"height\":1000},{\"@type\":\"BreadcrumbList\",\"@id\":\"https:\\\/\\\/ajatutaja.com\\\/izdelek\\\/grelna-blazina-doomoo-snoogy-bunny-beige\\\/#breadcrumb\",\"itemListElement\":[{\"@type\":\"ListItem\",\"position\":1,\"name\":\"Home\",\"item\":\"https:\\\/\\\/ajatutaja.com\\\/hr\\\/\"},{\"@type\":\"ListItem\",\"position\":2,\"name\":\"Trgovina\",\"item\":\"https:\\\/\\\/ajatutaja.com\\\/hr\\\/trgovina\\\/\"},{\"@type\":\"ListItem\",\"position\":3,\"name\":\"Grelna blazina DOOMOO Snoogy Bunny Beige\"}]},{\"@type\":\"WebSite\",\"@id\":\"https:\\\/\\\/ajatutaja.com\\\/#website\",\"url\":\"https:\\\/\\\/ajatutaja.com\\\/\",\"name\":\"Ajatutaja\",\"description\":\"Otro\u0161ka spletna trgovina AJATUTAJA\",\"publisher\":{\"@id\":\"https:\\\/\\\/ajatutaja.com\\\/#organization\"},\"potentialAction\":[{\"@type\":\"SearchAction\",\"target\":{\"@type\":\"EntryPoint\",\"urlTemplate\":\"https:\\\/\\\/ajatutaja.com\\\/?s={search_term_string}\"},\"query-input\":{\"@type\":\"PropertyValueSpecification\",\"valueRequired\":true,\"valueName\":\"search_term_string\"}}],\"inLanguage\":\"hr\"},{\"@type\":\"Organization\",\"@id\":\"https:\\\/\\\/ajatutaja.com\\\/#organization\",\"name\":\"Ajatutaja\",\"url\":\"https:\\\/\\\/ajatutaja.com\\\/\",\"logo\":{\"@type\":\"ImageObject\",\"inLanguage\":\"hr\",\"@id\":\"https:\\\/\\\/ajatutaja.com\\\/#\\\/schema\\\/logo\\\/image\\\/\",\"url\":\"https:\\\/\\\/ajatutaja.com\\\/wp-content\\\/uploads\\\/2021\\\/10\\\/logo.png\",\"contentUrl\":\"https:\\\/\\\/ajatutaja.com\\\/wp-content\\\/uploads\\\/2021\\\/10\\\/logo.png\",\"width\":555,\"height\":150,\"caption\":\"Ajatutaja\"},\"image\":{\"@id\":\"https:\\\/\\\/ajatutaja.com\\\/#\\\/schema\\\/logo\\\/image\\\/\"}}]}<\/script>\n<!-- \/ Yoast SEO plugin. -->","yoast_head_json":{"title":"Grelna blazina DOOMOO Snoogy Bunny Beige | Ajatutaja","description":"Grelna blazinica Doomoo Snoogy olaj\u0161a te\u017eave s kr\u010dki pri novorojen\u010dku in poskrbi za sladke sanje. Prevleka blazine je odstranljiva in vsebuje majhno odstranljivo grelno blazinico, ki je napolnjena z sivko in repico.","robots":{"index":"index","follow":"follow","max-snippet":"max-snippet:-1","max-image-preview":"max-image-preview:large","max-video-preview":"max-video-preview:-1"},"canonical":"https:\/\/ajatutaja.com\/izdelek\/grelna-blazina-doomoo-snoogy-bunny-beige\/","og_locale":"hr_HR","og_type":"article","og_title":"Grelna blazina DOOMOO Snoogy Bunny Beige | Ajatutaja","og_description":"Grelna blazinica Doomoo Snoogy olaj\u0161a te\u017eave s kr\u010dki pri novorojen\u010dku in poskrbi za sladke sanje. Prevleka blazine je odstranljiva in vsebuje majhno odstranljivo grelno blazinico, ki je napolnjena z sivko in repico.","og_url":"https:\/\/ajatutaja.com\/izdelek\/grelna-blazina-doomoo-snoogy-bunny-beige\/","og_site_name":"Ajatutaja","article_modified_time":"2025-01-21T15:37:45+00:00","og_image":[{"width":1000,"height":1000,"url":"https:\/\/ajatutaja.com\/wp-content\/uploads\/2025\/01\/Snoogi-grelna-blazina-bunny.jpg","type":"image\/jpeg"}],"twitter_card":"summary_large_image","twitter_misc":{"Procijenjeno vrijeme \u010ditanja":"1 minuta"},"schema":{"@context":"https:\/\/schema.org","@graph":[{"@type":"WebPage","@id":"https:\/\/ajatutaja.com\/izdelek\/grelna-blazina-doomoo-snoogy-bunny-beige\/","url":"https:\/\/ajatutaja.com\/izdelek\/grelna-blazina-doomoo-snoogy-bunny-beige\/","name":"Grelna blazina DOOMOO Snoogy Bunny Beige | Ajatutaja","isPartOf":{"@id":"https:\/\/ajatutaja.com\/#website"},"primaryImageOfPage":{"@id":"https:\/\/ajatutaja.com\/izdelek\/grelna-blazina-doomoo-snoogy-bunny-beige\/#primaryimage"},"image":{"@id":"https:\/\/ajatutaja.com\/izdelek\/grelna-blazina-doomoo-snoogy-bunny-beige\/#primaryimage"},"thumbnailUrl":"https:\/\/ajatutaja.com\/wp-content\/uploads\/2025\/01\/Snoogi-grelna-blazina-bunny.jpg","datePublished":"2025-01-21T15:21:58+00:00","dateModified":"2025-01-21T15:37:45+00:00","description":"Grelna blazinica Doomoo Snoogy olaj\u0161a te\u017eave s kr\u010dki pri novorojen\u010dku in poskrbi za sladke sanje. Prevleka blazine je odstranljiva in vsebuje majhno odstranljivo grelno blazinico, ki je napolnjena z sivko in repico.","breadcrumb":{"@id":"https:\/\/ajatutaja.com\/izdelek\/grelna-blazina-doomoo-snoogy-bunny-beige\/#breadcrumb"},"inLanguage":"hr","potentialAction":[{"@type":"ReadAction","target":["https:\/\/ajatutaja.com\/izdelek\/grelna-blazina-doomoo-snoogy-bunny-beige\/"]}]},{"@type":"ImageObject","inLanguage":"hr","@id":"https:\/\/ajatutaja.com\/izdelek\/grelna-blazina-doomoo-snoogy-bunny-beige\/#primaryimage","url":"https:\/\/ajatutaja.com\/wp-content\/uploads\/2025\/01\/Snoogi-grelna-blazina-bunny.jpg","contentUrl":"https:\/\/ajatutaja.com\/wp-content\/uploads\/2025\/01\/Snoogi-grelna-blazina-bunny.jpg","width":1000,"height":1000},{"@type":"BreadcrumbList","@id":"https:\/\/ajatutaja.com\/izdelek\/grelna-blazina-doomoo-snoogy-bunny-beige\/#breadcrumb","itemListElement":[{"@type":"ListItem","position":1,"name":"Home","item":"https:\/\/ajatutaja.com\/hr\/"},{"@type":"ListItem","position":2,"name":"Trgovina","item":"https:\/\/ajatutaja.com\/hr\/trgovina\/"},{"@type":"ListItem","position":3,"name":"Grelna blazina DOOMOO Snoogy Bunny Beige"}]},{"@type":"WebSite","@id":"https:\/\/ajatutaja.com\/#website","url":"https:\/\/ajatutaja.com\/","name":"Ajatutaja","description":"Otro\u0161ka spletna trgovina AJATUTAJA","publisher":{"@id":"https:\/\/ajatutaja.com\/#organization"},"potentialAction":[{"@type":"SearchAction","target":{"@type":"EntryPoint","urlTemplate":"https:\/\/ajatutaja.com\/?s={search_term_string}"},"query-input":{"@type":"PropertyValueSpecification","valueRequired":true,"valueName":"search_term_string"}}],"inLanguage":"hr"},{"@type":"Organization","@id":"https:\/\/ajatutaja.com\/#organization","name":"Ajatutaja","url":"https:\/\/ajatutaja.com\/","logo":{"@type":"ImageObject","inLanguage":"hr","@id":"https:\/\/ajatutaja.com\/#\/schema\/logo\/image\/","url":"https:\/\/ajatutaja.com\/wp-content\/uploads\/2021\/10\/logo.png","contentUrl":"https:\/\/ajatutaja.com\/wp-content\/uploads\/2021\/10\/logo.png","width":555,"height":150,"caption":"Ajatutaja"},"image":{"@id":"https:\/\/ajatutaja.com\/#\/schema\/logo\/image\/"}}]}},"brands":[{"id":2630,"name":"Doomoo","slug":"doomoo-spanje"},{"id":2611,"name":"Spanje","slug":"spanje"}],"_links":{"self":[{"href":"https:\/\/ajatutaja.com\/hr\/wp-json\/wp\/v2\/product\/72679","targetHints":{"allow":["GET"]}}],"collection":[{"href":"https:\/\/ajatutaja.com\/hr\/wp-json\/wp\/v2\/product"}],"about":[{"href":"https:\/\/ajatutaja.com\/hr\/wp-json\/wp\/v2\/types\/product"}],"wp:featuredmedia":[{"embeddable":true,"href":"https:\/\/ajatutaja.com\/hr\/wp-json\/wp\/v2\/media\/72684"}],"wp:attachment":[{"href":"https:\/\/ajatutaja.com\/hr\/wp-json\/wp\/v2\/media?parent=72679"}],"wp:term":[{"taxonomy":"pwb-brand","embeddable":true,"href":"https:\/\/ajatutaja.com\/hr\/wp-json\/wp\/v2\/pwb-brand?post=72679"},{"taxonomy":"product_brand","embeddable":true,"href":"https:\/\/ajatutaja.com\/hr\/wp-json\/wp\/v2\/product_brand?post=72679"},{"taxonomy":"product_cat","embeddable":true,"href":"https:\/\/ajatutaja.com\/hr\/wp-json\/wp\/v2\/product_cat?post=72679"},{"taxonomy":"product_tag","embeddable":true,"href":"https:\/\/ajatutaja.com\/hr\/wp-json\/wp\/v2\/product_tag?post=72679"}],"curies":[{"name":"wp","href":"https:\/\/api.w.org\/{rel}","templated":true}]}}