{"id":72669,"date":"2025-01-21T15:14:42","date_gmt":"2025-01-21T14:14:42","guid":{"rendered":"https:\/\/ajatutaja.com\/?post_type=product&#038;p=72669"},"modified":"2026-03-12T14:52:20","modified_gmt":"2026-03-12T13:52:20","slug":"little-dutch-ninica-in-drzalo-za-dudo-forest-friends","status":"publish","type":"product","link":"https:\/\/ajatutaja.com\/hr\/proizvod\/little-dutch-ninica-in-drzalo-za-dudo-forest-friends\/","title":{"rendered":"Little Dutch ninica in dr\u017ealo za dudo Forest Friends"},"content":{"rendered":"<p>[vc_row][vc_column][vc_column_text]Nizozemski proizvajalec Little Dutch izdeluje brez\u010dasne igra\u010de visoke kakovosti, z elegantnimi barvami, odtisi in ilustracijami. Vsi izdelki so skladni z evropskimi direktivami in se proizvajajo brez dela otrok in na dru\u017ebeno odgovoren na\u010din.<\/p>\n<h3>Lastnosti ninice Little Dutch:<\/h3>\n<ul>\n<li>Mehka ninica z mo\u017enostjo pripetja tola\u017eilne dude<\/li>\n<li>Material: tkanina: 100% poliester<\/li>\n<li>Dimenzije: 23 x 8 x 31 cm<\/li>\n<li>Starost: 0m+<\/li>\n<li>Vzdr\u017eevanje:\u00a0pranje na ob\u010dutljivo 30\u00b0C<\/li>\n<\/ul>\n<p>Varno za otroke &#8211; izdelek je skladen z evropsko uredbo REACH in evropsko direktivo EN-71.[\/vc_column_text][\/vc_column][\/vc_row]<\/p>\n","protected":false},"excerpt":{"rendered":"<p>Mehka in ljubka ninica v obliki Lisi\u010dke bo dojen\u010dke pomirila in ponudila tola\u017eilni objem. Mehka tkanina ima \u010dudovite detajle, vklju\u010dno z igrivimi nalepkami, vezenino Forest Friends in dvema vozloma, ki ju drobne roke primejo in dr\u017eijo. S priro\u010dno zanko lahko preprosto pritrdite dudo, da ostane blizu.<\/p>\n","protected":false},"featured_media":72670,"template":"","meta":[],"pwb-brand":[2452,2457],"product_brand":[],"product_cat":[3986,2715,2711,2712,2362,2605,2439],"product_tag":[5596,4002],"class_list":{"0":"post-72669","1":"product","2":"type-product","3":"status-publish","4":"has-post-thumbnail","6":"pwb-brand-igranje","7":"pwb-brand-little-dutch-igra","8":"product_cat-novorojencek-igrace","9":"product_cat-darilo-do-15e","10":"product_cat-darilo-ob-rojstvu","11":"product_cat-darilo-za-decka","12":"product_cat-igranje","13":"product_cat-ninice","14":"product_cat-ninice-za-dojencke","15":"product_tag-forest-friends","16":"product_tag-little-dutch","18":"first","19":"instock","20":"taxable","21":"shipping-taxable","22":"purchasable","23":"product-type-simple","24":"add-to-wishlist-before_image"},"yoast_head":"<!-- This site is optimized with the Yoast SEO plugin v27.3 - https:\/\/yoast.com\/product\/yoast-seo-wordpress\/ -->\n<title>Little Dutch ninica in dr\u017ealo za dudo Forest Friends | Ajatutaja<\/title>\n<meta name=\"description\" content=\"Mehka in ljubka ninica v obliki Lisi\u010dke bo dojen\u010dke pomirila in ponudila tola\u017eilni objem. S priro\u010dno zanko lahko preprosto pritrdite dudo, da ostane blizu.\" \/>\n<meta name=\"robots\" content=\"index, follow, max-snippet:-1, max-image-preview:large, max-video-preview:-1\" \/>\n<link rel=\"canonical\" href=\"https:\/\/ajatutaja.com\/izdelek\/little-dutch-ninica-in-drzalo-za-dudo-forest-friends\/\" \/>\n<meta property=\"og:locale\" content=\"hr_HR\" \/>\n<meta property=\"og:type\" content=\"article\" \/>\n<meta property=\"og:title\" content=\"Little Dutch ninica in dr\u017ealo za dudo Forest Friends | Ajatutaja\" \/>\n<meta property=\"og:description\" content=\"Mehka in ljubka ninica v obliki Lisi\u010dke bo dojen\u010dke pomirila in ponudila tola\u017eilni objem. S priro\u010dno zanko lahko preprosto pritrdite dudo, da ostane blizu.\" \/>\n<meta property=\"og:url\" content=\"https:\/\/ajatutaja.com\/izdelek\/little-dutch-ninica-in-drzalo-za-dudo-forest-friends\/\" \/>\n<meta property=\"og:site_name\" content=\"Ajatutaja\" \/>\n<meta property=\"article:modified_time\" content=\"2026-03-12T13:52:20+00:00\" \/>\n<meta property=\"og:image\" content=\"https:\/\/ajatutaja.com\/wp-content\/uploads\/2025\/01\/Little-dutch-ninica-in-drzalo-za-dudo-lisicka-forest-friends-1.jpeg\" \/>\n\t<meta property=\"og:image:width\" content=\"1080\" \/>\n\t<meta property=\"og:image:height\" content=\"1080\" \/>\n\t<meta property=\"og:image:type\" content=\"image\/jpeg\" \/>\n<meta name=\"twitter:card\" content=\"summary_large_image\" \/>\n<script type=\"application\/ld+json\" class=\"yoast-schema-graph\">{\"@context\":\"https:\\\/\\\/schema.org\",\"@graph\":[{\"@type\":\"WebPage\",\"@id\":\"https:\\\/\\\/ajatutaja.com\\\/izdelek\\\/little-dutch-ninica-in-drzalo-za-dudo-forest-friends\\\/\",\"url\":\"https:\\\/\\\/ajatutaja.com\\\/izdelek\\\/little-dutch-ninica-in-drzalo-za-dudo-forest-friends\\\/\",\"name\":\"Little Dutch ninica in dr\u017ealo za dudo Forest Friends | Ajatutaja\",\"isPartOf\":{\"@id\":\"https:\\\/\\\/ajatutaja.com\\\/#website\"},\"primaryImageOfPage\":{\"@id\":\"https:\\\/\\\/ajatutaja.com\\\/izdelek\\\/little-dutch-ninica-in-drzalo-za-dudo-forest-friends\\\/#primaryimage\"},\"image\":{\"@id\":\"https:\\\/\\\/ajatutaja.com\\\/izdelek\\\/little-dutch-ninica-in-drzalo-za-dudo-forest-friends\\\/#primaryimage\"},\"thumbnailUrl\":\"https:\\\/\\\/ajatutaja.com\\\/wp-content\\\/uploads\\\/2025\\\/01\\\/Little-dutch-ninica-in-drzalo-za-dudo-lisicka-forest-friends-1.jpeg\",\"datePublished\":\"2025-01-21T14:14:42+00:00\",\"dateModified\":\"2026-03-12T13:52:20+00:00\",\"description\":\"Mehka in ljubka ninica v obliki Lisi\u010dke bo dojen\u010dke pomirila in ponudila tola\u017eilni objem. S priro\u010dno zanko lahko preprosto pritrdite dudo, da ostane blizu.\",\"breadcrumb\":{\"@id\":\"https:\\\/\\\/ajatutaja.com\\\/izdelek\\\/little-dutch-ninica-in-drzalo-za-dudo-forest-friends\\\/#breadcrumb\"},\"inLanguage\":\"hr\",\"potentialAction\":[{\"@type\":\"ReadAction\",\"target\":[\"https:\\\/\\\/ajatutaja.com\\\/izdelek\\\/little-dutch-ninica-in-drzalo-za-dudo-forest-friends\\\/\"]}]},{\"@type\":\"ImageObject\",\"inLanguage\":\"hr\",\"@id\":\"https:\\\/\\\/ajatutaja.com\\\/izdelek\\\/little-dutch-ninica-in-drzalo-za-dudo-forest-friends\\\/#primaryimage\",\"url\":\"https:\\\/\\\/ajatutaja.com\\\/wp-content\\\/uploads\\\/2025\\\/01\\\/Little-dutch-ninica-in-drzalo-za-dudo-lisicka-forest-friends-1.jpeg\",\"contentUrl\":\"https:\\\/\\\/ajatutaja.com\\\/wp-content\\\/uploads\\\/2025\\\/01\\\/Little-dutch-ninica-in-drzalo-za-dudo-lisicka-forest-friends-1.jpeg\",\"width\":1080,\"height\":1080},{\"@type\":\"BreadcrumbList\",\"@id\":\"https:\\\/\\\/ajatutaja.com\\\/izdelek\\\/little-dutch-ninica-in-drzalo-za-dudo-forest-friends\\\/#breadcrumb\",\"itemListElement\":[{\"@type\":\"ListItem\",\"position\":1,\"name\":\"Home\",\"item\":\"https:\\\/\\\/ajatutaja.com\\\/hr\\\/\"},{\"@type\":\"ListItem\",\"position\":2,\"name\":\"Trgovina\",\"item\":\"https:\\\/\\\/ajatutaja.com\\\/hr\\\/trgovina\\\/\"},{\"@type\":\"ListItem\",\"position\":3,\"name\":\"Little Dutch ninica in dr\u017ealo za dudo Forest Friends\"}]},{\"@type\":\"WebSite\",\"@id\":\"https:\\\/\\\/ajatutaja.com\\\/#website\",\"url\":\"https:\\\/\\\/ajatutaja.com\\\/\",\"name\":\"Ajatutaja\",\"description\":\"Otro\u0161ka spletna trgovina AJATUTAJA\",\"publisher\":{\"@id\":\"https:\\\/\\\/ajatutaja.com\\\/#organization\"},\"potentialAction\":[{\"@type\":\"SearchAction\",\"target\":{\"@type\":\"EntryPoint\",\"urlTemplate\":\"https:\\\/\\\/ajatutaja.com\\\/?s={search_term_string}\"},\"query-input\":{\"@type\":\"PropertyValueSpecification\",\"valueRequired\":true,\"valueName\":\"search_term_string\"}}],\"inLanguage\":\"hr\"},{\"@type\":\"Organization\",\"@id\":\"https:\\\/\\\/ajatutaja.com\\\/#organization\",\"name\":\"Ajatutaja\",\"url\":\"https:\\\/\\\/ajatutaja.com\\\/\",\"logo\":{\"@type\":\"ImageObject\",\"inLanguage\":\"hr\",\"@id\":\"https:\\\/\\\/ajatutaja.com\\\/#\\\/schema\\\/logo\\\/image\\\/\",\"url\":\"https:\\\/\\\/ajatutaja.com\\\/wp-content\\\/uploads\\\/2021\\\/10\\\/logo.png\",\"contentUrl\":\"https:\\\/\\\/ajatutaja.com\\\/wp-content\\\/uploads\\\/2021\\\/10\\\/logo.png\",\"width\":555,\"height\":150,\"caption\":\"Ajatutaja\"},\"image\":{\"@id\":\"https:\\\/\\\/ajatutaja.com\\\/#\\\/schema\\\/logo\\\/image\\\/\"}}]}<\/script>\n<!-- \/ Yoast SEO plugin. -->","yoast_head_json":{"title":"Little Dutch ninica in dr\u017ealo za dudo Forest Friends | Ajatutaja","description":"Mehka in ljubka ninica v obliki Lisi\u010dke bo dojen\u010dke pomirila in ponudila tola\u017eilni objem. S priro\u010dno zanko lahko preprosto pritrdite dudo, da ostane blizu.","robots":{"index":"index","follow":"follow","max-snippet":"max-snippet:-1","max-image-preview":"max-image-preview:large","max-video-preview":"max-video-preview:-1"},"canonical":"https:\/\/ajatutaja.com\/izdelek\/little-dutch-ninica-in-drzalo-za-dudo-forest-friends\/","og_locale":"hr_HR","og_type":"article","og_title":"Little Dutch ninica in dr\u017ealo za dudo Forest Friends | Ajatutaja","og_description":"Mehka in ljubka ninica v obliki Lisi\u010dke bo dojen\u010dke pomirila in ponudila tola\u017eilni objem. S priro\u010dno zanko lahko preprosto pritrdite dudo, da ostane blizu.","og_url":"https:\/\/ajatutaja.com\/izdelek\/little-dutch-ninica-in-drzalo-za-dudo-forest-friends\/","og_site_name":"Ajatutaja","article_modified_time":"2026-03-12T13:52:20+00:00","og_image":[{"width":1080,"height":1080,"url":"https:\/\/ajatutaja.com\/wp-content\/uploads\/2025\/01\/Little-dutch-ninica-in-drzalo-za-dudo-lisicka-forest-friends-1.jpeg","type":"image\/jpeg"}],"twitter_card":"summary_large_image","schema":{"@context":"https:\/\/schema.org","@graph":[{"@type":"WebPage","@id":"https:\/\/ajatutaja.com\/izdelek\/little-dutch-ninica-in-drzalo-za-dudo-forest-friends\/","url":"https:\/\/ajatutaja.com\/izdelek\/little-dutch-ninica-in-drzalo-za-dudo-forest-friends\/","name":"Little Dutch ninica in dr\u017ealo za dudo Forest Friends | Ajatutaja","isPartOf":{"@id":"https:\/\/ajatutaja.com\/#website"},"primaryImageOfPage":{"@id":"https:\/\/ajatutaja.com\/izdelek\/little-dutch-ninica-in-drzalo-za-dudo-forest-friends\/#primaryimage"},"image":{"@id":"https:\/\/ajatutaja.com\/izdelek\/little-dutch-ninica-in-drzalo-za-dudo-forest-friends\/#primaryimage"},"thumbnailUrl":"https:\/\/ajatutaja.com\/wp-content\/uploads\/2025\/01\/Little-dutch-ninica-in-drzalo-za-dudo-lisicka-forest-friends-1.jpeg","datePublished":"2025-01-21T14:14:42+00:00","dateModified":"2026-03-12T13:52:20+00:00","description":"Mehka in ljubka ninica v obliki Lisi\u010dke bo dojen\u010dke pomirila in ponudila tola\u017eilni objem. S priro\u010dno zanko lahko preprosto pritrdite dudo, da ostane blizu.","breadcrumb":{"@id":"https:\/\/ajatutaja.com\/izdelek\/little-dutch-ninica-in-drzalo-za-dudo-forest-friends\/#breadcrumb"},"inLanguage":"hr","potentialAction":[{"@type":"ReadAction","target":["https:\/\/ajatutaja.com\/izdelek\/little-dutch-ninica-in-drzalo-za-dudo-forest-friends\/"]}]},{"@type":"ImageObject","inLanguage":"hr","@id":"https:\/\/ajatutaja.com\/izdelek\/little-dutch-ninica-in-drzalo-za-dudo-forest-friends\/#primaryimage","url":"https:\/\/ajatutaja.com\/wp-content\/uploads\/2025\/01\/Little-dutch-ninica-in-drzalo-za-dudo-lisicka-forest-friends-1.jpeg","contentUrl":"https:\/\/ajatutaja.com\/wp-content\/uploads\/2025\/01\/Little-dutch-ninica-in-drzalo-za-dudo-lisicka-forest-friends-1.jpeg","width":1080,"height":1080},{"@type":"BreadcrumbList","@id":"https:\/\/ajatutaja.com\/izdelek\/little-dutch-ninica-in-drzalo-za-dudo-forest-friends\/#breadcrumb","itemListElement":[{"@type":"ListItem","position":1,"name":"Home","item":"https:\/\/ajatutaja.com\/hr\/"},{"@type":"ListItem","position":2,"name":"Trgovina","item":"https:\/\/ajatutaja.com\/hr\/trgovina\/"},{"@type":"ListItem","position":3,"name":"Little Dutch ninica in dr\u017ealo za dudo Forest Friends"}]},{"@type":"WebSite","@id":"https:\/\/ajatutaja.com\/#website","url":"https:\/\/ajatutaja.com\/","name":"Ajatutaja","description":"Otro\u0161ka spletna trgovina AJATUTAJA","publisher":{"@id":"https:\/\/ajatutaja.com\/#organization"},"potentialAction":[{"@type":"SearchAction","target":{"@type":"EntryPoint","urlTemplate":"https:\/\/ajatutaja.com\/?s={search_term_string}"},"query-input":{"@type":"PropertyValueSpecification","valueRequired":true,"valueName":"search_term_string"}}],"inLanguage":"hr"},{"@type":"Organization","@id":"https:\/\/ajatutaja.com\/#organization","name":"Ajatutaja","url":"https:\/\/ajatutaja.com\/","logo":{"@type":"ImageObject","inLanguage":"hr","@id":"https:\/\/ajatutaja.com\/#\/schema\/logo\/image\/","url":"https:\/\/ajatutaja.com\/wp-content\/uploads\/2021\/10\/logo.png","contentUrl":"https:\/\/ajatutaja.com\/wp-content\/uploads\/2021\/10\/logo.png","width":555,"height":150,"caption":"Ajatutaja"},"image":{"@id":"https:\/\/ajatutaja.com\/#\/schema\/logo\/image\/"}}]}},"brands":[{"id":2452,"name":"Igranje","slug":"igranje"},{"id":2457,"name":"Little Dutch","slug":"little-dutch-igra"}],"_links":{"self":[{"href":"https:\/\/ajatutaja.com\/hr\/wp-json\/wp\/v2\/product\/72669","targetHints":{"allow":["GET"]}}],"collection":[{"href":"https:\/\/ajatutaja.com\/hr\/wp-json\/wp\/v2\/product"}],"about":[{"href":"https:\/\/ajatutaja.com\/hr\/wp-json\/wp\/v2\/types\/product"}],"wp:featuredmedia":[{"embeddable":true,"href":"https:\/\/ajatutaja.com\/hr\/wp-json\/wp\/v2\/media\/72670"}],"wp:attachment":[{"href":"https:\/\/ajatutaja.com\/hr\/wp-json\/wp\/v2\/media?parent=72669"}],"wp:term":[{"taxonomy":"pwb-brand","embeddable":true,"href":"https:\/\/ajatutaja.com\/hr\/wp-json\/wp\/v2\/pwb-brand?post=72669"},{"taxonomy":"product_brand","embeddable":true,"href":"https:\/\/ajatutaja.com\/hr\/wp-json\/wp\/v2\/product_brand?post=72669"},{"taxonomy":"product_cat","embeddable":true,"href":"https:\/\/ajatutaja.com\/hr\/wp-json\/wp\/v2\/product_cat?post=72669"},{"taxonomy":"product_tag","embeddable":true,"href":"https:\/\/ajatutaja.com\/hr\/wp-json\/wp\/v2\/product_tag?post=72669"}],"curies":[{"name":"wp","href":"https:\/\/api.w.org\/{rel}","templated":true}]}}