{"id":71784,"date":"2024-12-18T10:22:03","date_gmt":"2024-12-18T09:22:03","guid":{"rendered":"https:\/\/ajatutaja.com\/?post_type=product&#038;p=71784"},"modified":"2024-12-18T15:56:26","modified_gmt":"2024-12-18T14:56:26","slug":"matchstick-monkey-baby-elektricna-sonicna-zobna-scetka-3m-zofi","status":"publish","type":"product","link":"https:\/\/ajatutaja.com\/hr\/proizvod\/matchstick-monkey-baby-elektricna-sonicna-zobna-scetka-3m-zofi\/","title":{"rendered":"Matchstick Monkey Baby elektri\u010dna soni\u010dna zobna \u0161\u010detka (3m+) &#8211; Zofi"},"content":{"rendered":"<p>Elektri\u010dna zobna \u0161\u010detka deluje na baterije, je varnostno testirana in vklju\u010duje standardno baterijo AAA, ki jo je mogo\u010de enostavno zamenjati. Prilo\u017eena je glava \u0161\u010detke velikosti za dojen\u010dka, ki jo lahko uporabljate od 3 do 36 mesecev, nadomestne glave pa lahko kupite posebej. Zabavni \u017eivalski liki in ro\u010daj za enostavno dr\u017eanje uvajajo dojen\u010dke in mal\u010dke v njihovo rutino \u0161\u010detkanja zob na zabaven in privla\u010den na\u010din. Priro\u010den pokrov\u010dek \u0161\u010diti glavo \u0161\u010detke in je odli\u010dna re\u0161itev na poti.<\/p>\n<h3>Matchstick Monkey Baby elektri\u010dna soni\u010dna zobna \u0161\u010detka ima naslednje lastnosti:<\/h3>\n<p>\u2022 Elektri\u010dna soni\u010dna zobna \u0161\u010detka za dojen\u010dke in mal\u010dke na baterije<br \/>\n\u2022 Izjemno mehke \u0161\u010detine in ne\u017ene vibracije na novo izra\u0161\u010denih mle\u010dnih zobeh<br \/>\n\u2022 Prilo\u017eena je glava \u0161\u010detke v velikosti za dojen\u010dke (3 mesece+)<br \/>\n\u2022 Vklju\u010duje pokrov\u010dek za ohranjanje \u010disto\u010de glave \u0161\u010detke<br \/>\n\u2022 Vsebuje protimikrobno za\u0161\u010dito Biocote\u00ae, ki zmanj\u0161a rast mikrobov do 99,9% in ohranja zobno \u0161\u010detko \u010distej\u0161o in sve\u017eo dlje \u010dasa<br \/>\n\u2022 Prilo\u017eena 1x AAA baterija<\/p>\n","protected":false},"excerpt":{"rendered":"<p>Otro\u0161ka elektri\u010dna soni\u010dna zobna \u0161\u010detka Matchstick Monkey Baby je zasnovana za ne\u017eno in u\u010dinkovito \u010di\u0161\u010denje dojen\u010dkovih zob. Izjemno mehke \u0161\u010detine na glavi \u0161\u010detke in ne\u017ene vibracije so primerne za novo izra\u0161\u010dene mle\u010dne zobke in vam pomagajo pri skrbi za zobe in ustnem zdravju va\u0161ega otroka od 3. meseca starosti.<\/p>\n","protected":false},"featured_media":71791,"template":"","meta":[],"pwb-brand":[2678,2658],"product_brand":[],"product_cat":[5072,2610,2715,2608,2647],"product_tag":[4048],"class_list":{"0":"post-71784","1":"product","2":"type-product","3":"status-publish","4":"has-post-thumbnail","6":"pwb-brand-matchstick-monkey-nega-in-kopanje","7":"pwb-brand-nega-in-kopanje","8":"product_cat-bozicna-darila","9":"product_cat-darila","10":"product_cat-darilo-do-15e","11":"product_cat-nega-in-kopanje","12":"product_cat-pripomocki-za-nego-kopanje","13":"product_tag-matchstick-monkey","15":"first","16":"instock","17":"taxable","18":"shipping-taxable","19":"purchasable","20":"product-type-simple","21":"add-to-wishlist-before_image"},"yoast_head":"<!-- This site is optimized with the Yoast SEO plugin v27.3 - https:\/\/yoast.com\/product\/yoast-seo-wordpress\/ -->\n<title>Matchstick Monkey Baby elektri\u010dna soni\u010dna zobna \u0161\u010detka (3m+) - Zofi | Ajatutaja<\/title>\n<meta name=\"description\" content=\"Otro\u0161ka elektri\u010dna soni\u010dna zobna \u0161\u010detka Matchstick Monkey Baby je zasnovana za ne\u017eno in u\u010dinkovito \u010di\u0161\u010denje dojen\u010dkovih zob.\" \/>\n<meta name=\"robots\" content=\"index, follow, max-snippet:-1, max-image-preview:large, max-video-preview:-1\" \/>\n<link rel=\"canonical\" href=\"https:\/\/ajatutaja.com\/izdelek\/matchstick-monkey-baby-elektricna-sonicna-zobna-scetka-3m-zofi\/\" \/>\n<meta property=\"og:locale\" content=\"hr_HR\" \/>\n<meta property=\"og:type\" content=\"article\" \/>\n<meta property=\"og:title\" content=\"Matchstick Monkey Baby elektri\u010dna soni\u010dna zobna \u0161\u010detka (3m+) - Zofi | Ajatutaja\" \/>\n<meta property=\"og:description\" content=\"Otro\u0161ka elektri\u010dna soni\u010dna zobna \u0161\u010detka Matchstick Monkey Baby je zasnovana za ne\u017eno in u\u010dinkovito \u010di\u0161\u010denje dojen\u010dkovih zob.\" \/>\n<meta property=\"og:url\" content=\"https:\/\/ajatutaja.com\/izdelek\/matchstick-monkey-baby-elektricna-sonicna-zobna-scetka-3m-zofi\/\" \/>\n<meta property=\"og:site_name\" content=\"Ajatutaja\" \/>\n<meta property=\"article:modified_time\" content=\"2024-12-18T14:56:26+00:00\" \/>\n<meta property=\"og:image\" content=\"https:\/\/ajatutaja.com\/wp-content\/uploads\/2024\/12\/Matchstick-Monkey-Elektricna-sonicna-zobna-scetka-Baby-Zofi-zirafa-5.jpg\" \/>\n\t<meta property=\"og:image:width\" content=\"1000\" \/>\n\t<meta property=\"og:image:height\" content=\"1000\" \/>\n\t<meta property=\"og:image:type\" content=\"image\/jpeg\" \/>\n<meta name=\"twitter:card\" content=\"summary_large_image\" \/>\n<meta name=\"twitter:label1\" content=\"Procijenjeno vrijeme \u010ditanja\" \/>\n\t<meta name=\"twitter:data1\" content=\"1 minuta\" \/>\n<script type=\"application\/ld+json\" class=\"yoast-schema-graph\">{\"@context\":\"https:\\\/\\\/schema.org\",\"@graph\":[{\"@type\":\"WebPage\",\"@id\":\"https:\\\/\\\/ajatutaja.com\\\/izdelek\\\/matchstick-monkey-baby-elektricna-sonicna-zobna-scetka-3m-zofi\\\/\",\"url\":\"https:\\\/\\\/ajatutaja.com\\\/izdelek\\\/matchstick-monkey-baby-elektricna-sonicna-zobna-scetka-3m-zofi\\\/\",\"name\":\"Matchstick Monkey Baby elektri\u010dna soni\u010dna zobna \u0161\u010detka (3m+) - Zofi | Ajatutaja\",\"isPartOf\":{\"@id\":\"https:\\\/\\\/ajatutaja.com\\\/#website\"},\"primaryImageOfPage\":{\"@id\":\"https:\\\/\\\/ajatutaja.com\\\/izdelek\\\/matchstick-monkey-baby-elektricna-sonicna-zobna-scetka-3m-zofi\\\/#primaryimage\"},\"image\":{\"@id\":\"https:\\\/\\\/ajatutaja.com\\\/izdelek\\\/matchstick-monkey-baby-elektricna-sonicna-zobna-scetka-3m-zofi\\\/#primaryimage\"},\"thumbnailUrl\":\"https:\\\/\\\/ajatutaja.com\\\/wp-content\\\/uploads\\\/2024\\\/12\\\/Matchstick-Monkey-Elektricna-sonicna-zobna-scetka-Baby-Zofi-zirafa-5.jpg\",\"datePublished\":\"2024-12-18T09:22:03+00:00\",\"dateModified\":\"2024-12-18T14:56:26+00:00\",\"description\":\"Otro\u0161ka elektri\u010dna soni\u010dna zobna \u0161\u010detka Matchstick Monkey Baby je zasnovana za ne\u017eno in u\u010dinkovito \u010di\u0161\u010denje dojen\u010dkovih zob.\",\"breadcrumb\":{\"@id\":\"https:\\\/\\\/ajatutaja.com\\\/izdelek\\\/matchstick-monkey-baby-elektricna-sonicna-zobna-scetka-3m-zofi\\\/#breadcrumb\"},\"inLanguage\":\"hr\",\"potentialAction\":[{\"@type\":\"ReadAction\",\"target\":[\"https:\\\/\\\/ajatutaja.com\\\/izdelek\\\/matchstick-monkey-baby-elektricna-sonicna-zobna-scetka-3m-zofi\\\/\"]}]},{\"@type\":\"ImageObject\",\"inLanguage\":\"hr\",\"@id\":\"https:\\\/\\\/ajatutaja.com\\\/izdelek\\\/matchstick-monkey-baby-elektricna-sonicna-zobna-scetka-3m-zofi\\\/#primaryimage\",\"url\":\"https:\\\/\\\/ajatutaja.com\\\/wp-content\\\/uploads\\\/2024\\\/12\\\/Matchstick-Monkey-Elektricna-sonicna-zobna-scetka-Baby-Zofi-zirafa-5.jpg\",\"contentUrl\":\"https:\\\/\\\/ajatutaja.com\\\/wp-content\\\/uploads\\\/2024\\\/12\\\/Matchstick-Monkey-Elektricna-sonicna-zobna-scetka-Baby-Zofi-zirafa-5.jpg\",\"width\":1000,\"height\":1000},{\"@type\":\"BreadcrumbList\",\"@id\":\"https:\\\/\\\/ajatutaja.com\\\/izdelek\\\/matchstick-monkey-baby-elektricna-sonicna-zobna-scetka-3m-zofi\\\/#breadcrumb\",\"itemListElement\":[{\"@type\":\"ListItem\",\"position\":1,\"name\":\"Home\",\"item\":\"https:\\\/\\\/ajatutaja.com\\\/hr\\\/\"},{\"@type\":\"ListItem\",\"position\":2,\"name\":\"Trgovina\",\"item\":\"https:\\\/\\\/ajatutaja.com\\\/hr\\\/trgovina\\\/\"},{\"@type\":\"ListItem\",\"position\":3,\"name\":\"Matchstick Monkey Baby elektri\u010dna soni\u010dna zobna \u0161\u010detka (3m+) &#8211; Zofi\"}]},{\"@type\":\"WebSite\",\"@id\":\"https:\\\/\\\/ajatutaja.com\\\/#website\",\"url\":\"https:\\\/\\\/ajatutaja.com\\\/\",\"name\":\"Ajatutaja\",\"description\":\"Otro\u0161ka spletna trgovina AJATUTAJA\",\"publisher\":{\"@id\":\"https:\\\/\\\/ajatutaja.com\\\/#organization\"},\"potentialAction\":[{\"@type\":\"SearchAction\",\"target\":{\"@type\":\"EntryPoint\",\"urlTemplate\":\"https:\\\/\\\/ajatutaja.com\\\/?s={search_term_string}\"},\"query-input\":{\"@type\":\"PropertyValueSpecification\",\"valueRequired\":true,\"valueName\":\"search_term_string\"}}],\"inLanguage\":\"hr\"},{\"@type\":\"Organization\",\"@id\":\"https:\\\/\\\/ajatutaja.com\\\/#organization\",\"name\":\"Ajatutaja\",\"url\":\"https:\\\/\\\/ajatutaja.com\\\/\",\"logo\":{\"@type\":\"ImageObject\",\"inLanguage\":\"hr\",\"@id\":\"https:\\\/\\\/ajatutaja.com\\\/#\\\/schema\\\/logo\\\/image\\\/\",\"url\":\"https:\\\/\\\/ajatutaja.com\\\/wp-content\\\/uploads\\\/2021\\\/10\\\/logo.png\",\"contentUrl\":\"https:\\\/\\\/ajatutaja.com\\\/wp-content\\\/uploads\\\/2021\\\/10\\\/logo.png\",\"width\":555,\"height\":150,\"caption\":\"Ajatutaja\"},\"image\":{\"@id\":\"https:\\\/\\\/ajatutaja.com\\\/#\\\/schema\\\/logo\\\/image\\\/\"}}]}<\/script>\n<!-- \/ Yoast SEO plugin. -->","yoast_head_json":{"title":"Matchstick Monkey Baby elektri\u010dna soni\u010dna zobna \u0161\u010detka (3m+) - Zofi | Ajatutaja","description":"Otro\u0161ka elektri\u010dna soni\u010dna zobna \u0161\u010detka Matchstick Monkey Baby je zasnovana za ne\u017eno in u\u010dinkovito \u010di\u0161\u010denje dojen\u010dkovih zob.","robots":{"index":"index","follow":"follow","max-snippet":"max-snippet:-1","max-image-preview":"max-image-preview:large","max-video-preview":"max-video-preview:-1"},"canonical":"https:\/\/ajatutaja.com\/izdelek\/matchstick-monkey-baby-elektricna-sonicna-zobna-scetka-3m-zofi\/","og_locale":"hr_HR","og_type":"article","og_title":"Matchstick Monkey Baby elektri\u010dna soni\u010dna zobna \u0161\u010detka (3m+) - Zofi | Ajatutaja","og_description":"Otro\u0161ka elektri\u010dna soni\u010dna zobna \u0161\u010detka Matchstick Monkey Baby je zasnovana za ne\u017eno in u\u010dinkovito \u010di\u0161\u010denje dojen\u010dkovih zob.","og_url":"https:\/\/ajatutaja.com\/izdelek\/matchstick-monkey-baby-elektricna-sonicna-zobna-scetka-3m-zofi\/","og_site_name":"Ajatutaja","article_modified_time":"2024-12-18T14:56:26+00:00","og_image":[{"width":1000,"height":1000,"url":"https:\/\/ajatutaja.com\/wp-content\/uploads\/2024\/12\/Matchstick-Monkey-Elektricna-sonicna-zobna-scetka-Baby-Zofi-zirafa-5.jpg","type":"image\/jpeg"}],"twitter_card":"summary_large_image","twitter_misc":{"Procijenjeno vrijeme \u010ditanja":"1 minuta"},"schema":{"@context":"https:\/\/schema.org","@graph":[{"@type":"WebPage","@id":"https:\/\/ajatutaja.com\/izdelek\/matchstick-monkey-baby-elektricna-sonicna-zobna-scetka-3m-zofi\/","url":"https:\/\/ajatutaja.com\/izdelek\/matchstick-monkey-baby-elektricna-sonicna-zobna-scetka-3m-zofi\/","name":"Matchstick Monkey Baby elektri\u010dna soni\u010dna zobna \u0161\u010detka (3m+) - Zofi | Ajatutaja","isPartOf":{"@id":"https:\/\/ajatutaja.com\/#website"},"primaryImageOfPage":{"@id":"https:\/\/ajatutaja.com\/izdelek\/matchstick-monkey-baby-elektricna-sonicna-zobna-scetka-3m-zofi\/#primaryimage"},"image":{"@id":"https:\/\/ajatutaja.com\/izdelek\/matchstick-monkey-baby-elektricna-sonicna-zobna-scetka-3m-zofi\/#primaryimage"},"thumbnailUrl":"https:\/\/ajatutaja.com\/wp-content\/uploads\/2024\/12\/Matchstick-Monkey-Elektricna-sonicna-zobna-scetka-Baby-Zofi-zirafa-5.jpg","datePublished":"2024-12-18T09:22:03+00:00","dateModified":"2024-12-18T14:56:26+00:00","description":"Otro\u0161ka elektri\u010dna soni\u010dna zobna \u0161\u010detka Matchstick Monkey Baby je zasnovana za ne\u017eno in u\u010dinkovito \u010di\u0161\u010denje dojen\u010dkovih zob.","breadcrumb":{"@id":"https:\/\/ajatutaja.com\/izdelek\/matchstick-monkey-baby-elektricna-sonicna-zobna-scetka-3m-zofi\/#breadcrumb"},"inLanguage":"hr","potentialAction":[{"@type":"ReadAction","target":["https:\/\/ajatutaja.com\/izdelek\/matchstick-monkey-baby-elektricna-sonicna-zobna-scetka-3m-zofi\/"]}]},{"@type":"ImageObject","inLanguage":"hr","@id":"https:\/\/ajatutaja.com\/izdelek\/matchstick-monkey-baby-elektricna-sonicna-zobna-scetka-3m-zofi\/#primaryimage","url":"https:\/\/ajatutaja.com\/wp-content\/uploads\/2024\/12\/Matchstick-Monkey-Elektricna-sonicna-zobna-scetka-Baby-Zofi-zirafa-5.jpg","contentUrl":"https:\/\/ajatutaja.com\/wp-content\/uploads\/2024\/12\/Matchstick-Monkey-Elektricna-sonicna-zobna-scetka-Baby-Zofi-zirafa-5.jpg","width":1000,"height":1000},{"@type":"BreadcrumbList","@id":"https:\/\/ajatutaja.com\/izdelek\/matchstick-monkey-baby-elektricna-sonicna-zobna-scetka-3m-zofi\/#breadcrumb","itemListElement":[{"@type":"ListItem","position":1,"name":"Home","item":"https:\/\/ajatutaja.com\/hr\/"},{"@type":"ListItem","position":2,"name":"Trgovina","item":"https:\/\/ajatutaja.com\/hr\/trgovina\/"},{"@type":"ListItem","position":3,"name":"Matchstick Monkey Baby elektri\u010dna soni\u010dna zobna \u0161\u010detka (3m+) &#8211; Zofi"}]},{"@type":"WebSite","@id":"https:\/\/ajatutaja.com\/#website","url":"https:\/\/ajatutaja.com\/","name":"Ajatutaja","description":"Otro\u0161ka spletna trgovina AJATUTAJA","publisher":{"@id":"https:\/\/ajatutaja.com\/#organization"},"potentialAction":[{"@type":"SearchAction","target":{"@type":"EntryPoint","urlTemplate":"https:\/\/ajatutaja.com\/?s={search_term_string}"},"query-input":{"@type":"PropertyValueSpecification","valueRequired":true,"valueName":"search_term_string"}}],"inLanguage":"hr"},{"@type":"Organization","@id":"https:\/\/ajatutaja.com\/#organization","name":"Ajatutaja","url":"https:\/\/ajatutaja.com\/","logo":{"@type":"ImageObject","inLanguage":"hr","@id":"https:\/\/ajatutaja.com\/#\/schema\/logo\/image\/","url":"https:\/\/ajatutaja.com\/wp-content\/uploads\/2021\/10\/logo.png","contentUrl":"https:\/\/ajatutaja.com\/wp-content\/uploads\/2021\/10\/logo.png","width":555,"height":150,"caption":"Ajatutaja"},"image":{"@id":"https:\/\/ajatutaja.com\/#\/schema\/logo\/image\/"}}]}},"brands":[{"id":2678,"name":"Matchstick Monkey","slug":"matchstick-monkey-nega-in-kopanje"},{"id":2658,"name":"Nega in kopanje","slug":"nega-in-kopanje"}],"_links":{"self":[{"href":"https:\/\/ajatutaja.com\/hr\/wp-json\/wp\/v2\/product\/71784","targetHints":{"allow":["GET"]}}],"collection":[{"href":"https:\/\/ajatutaja.com\/hr\/wp-json\/wp\/v2\/product"}],"about":[{"href":"https:\/\/ajatutaja.com\/hr\/wp-json\/wp\/v2\/types\/product"}],"wp:featuredmedia":[{"embeddable":true,"href":"https:\/\/ajatutaja.com\/hr\/wp-json\/wp\/v2\/media\/71791"}],"wp:attachment":[{"href":"https:\/\/ajatutaja.com\/hr\/wp-json\/wp\/v2\/media?parent=71784"}],"wp:term":[{"taxonomy":"pwb-brand","embeddable":true,"href":"https:\/\/ajatutaja.com\/hr\/wp-json\/wp\/v2\/pwb-brand?post=71784"},{"taxonomy":"product_brand","embeddable":true,"href":"https:\/\/ajatutaja.com\/hr\/wp-json\/wp\/v2\/product_brand?post=71784"},{"taxonomy":"product_cat","embeddable":true,"href":"https:\/\/ajatutaja.com\/hr\/wp-json\/wp\/v2\/product_cat?post=71784"},{"taxonomy":"product_tag","embeddable":true,"href":"https:\/\/ajatutaja.com\/hr\/wp-json\/wp\/v2\/product_tag?post=71784"}],"curies":[{"name":"wp","href":"https:\/\/api.w.org\/{rel}","templated":true}]}}