{"id":71652,"date":"2024-05-24T10:21:19","date_gmt":"2024-05-24T08:21:19","guid":{"rendered":"https:\/\/ajatutaja.com\/?post_type=product&#038;p=71652"},"modified":"2026-03-12T14:55:08","modified_gmt":"2026-03-12T13:55:08","slug":"plan-toys-lesena-ropotuljica-kljuci-pastel","status":"publish","type":"product","link":"https:\/\/ajatutaja.com\/hr\/proizvod\/plan-toys-lesena-ropotuljica-kljuci-pastel\/","title":{"rendered":"Plan Toys lesena ropotuljica Klju\u010di Pastel"},"content":{"rendered":"<p>[vc_row][vc_column][vc_column_text]<\/p>\n<h3>Lastnosti Plan Toys ropotuljice Klju\u010di:<\/h3>\n<ul>\n<li>Igra\u010da je primerna za otroke starosti od 4 mesecev+<\/li>\n<li>Trajnostno izdelano iz lesa kav\u010dukovca brez kemikalij, lepil brez formaldehida, organskih pigmentov, barvil na vodni osnovi in testirano na varnost<\/li>\n<li>Embala\u017ea je izdelana iz recikliranega papirja, rastlinska barvila<\/li>\n<li>Otrok lahko igra\u010do daje v usta, saj ne vsebuje \u0161kodljivih snovi<\/li>\n<li>Mere 5,5 x 7,2 x 10,4 cm<\/li>\n<\/ul>\n<p>Male otro\u0161ke rokice obo\u017eujejo dotik in igro s Plan Toys lesenimi igra\u010dami, ki so tako ekolo\u0161ke, trajnostne in visokokakovostne, kot so le lahko najbolj\u0161e igra\u010de. Vse igra\u010de so eti\u010dno izdelano na Tajskem iz kav\u010dukovcev, ki ne proizvajajo ve\u010d lateksa.<\/p>\n<p>Lesene igra\u010de Plan Toys so pojem za trajnost in igro, ki prispeva k pravemu razvoj otroka ob pravem \u010dasu. Glavna skrb inovativnega podjetja je izdelovati varne lesene didakti\u010dne igra\u010de na montessori osnovi ua razli\u010dne starostne mejnike med. Lesene izoba\u017eevalne in pou\u010dne igra\u010de Plan Toys so oblikovane tako krepijo tako fizi\u010dni kot kognitivni razvoj dojen\u010dka, mal\u010dka in otroka. Z mo\u010dno misijo ustvarjanja trajnostnega sveta, PlanToys upo\u0161teva vsak posamezen korak proizvodnje lesenih igra\u010d najvi\u0161je kakovosti, tako da \u010dim bolj zmanj\u0161a vpliv na okolje. To poslanstvo se izvaja prek treh stebrov poslovanja PlanToys, znanih tudi kot \u00bbTrajnostni na\u010din\u00ab. To vklju\u010duje trajnostni material, trajnostno proizvodnjo in trajnostni dizajn.<\/p>\n<p><em>Izdelki Plan Toys so po na\u010delih eti\u010dne proizvodnje izdelani na Tajskem. Narejeni so iz lesa kav\u010dukovca, neformaldehidnega lepila, ki ga izdelujejo sami, organskih pigmentov ter barv na vodni osnovi. Poleg lesa s FSC certifikatom pri izdelavi igra\u010d uporabljajo tudi \u00bbPlanwood\u00ab \u2013 izjemen ekolo\u0161ki material iz stisnjene \u017eagovine, ki ga prav tako izdelujejo v svoji tovarni. Vsi izdelki so pakirani v reciklirani in okolju prijazni embala\u017ei, vse igra\u010de pa so skladne z Evropsko direktivo za igra\u010de (DIN EN 71).<\/em>[\/vc_column_text][\/vc_column][\/vc_row]<\/p>\n","protected":false},"excerpt":{"rendered":"<p>Plan Toys leseni klju\u010di v pastelnih barvah so res zabavni za vsakega dojen\u010dka! S svojimi razli\u010dnimi teksturami, \u017eivimi barvami in naravnim zvokom klikanja spodbuja zgodnje senzori\u010dno raziskovanje. Varne, nestrupene barve pa pomenijo, da lahko va\u0161 mal\u010dek v to igra\u010do tudi brez skrbi ugrizne.<\/p>\n","protected":false},"featured_media":71650,"template":"","meta":[],"pwb-brand":[2452,5542],"product_brand":[],"product_cat":[3987,2441,5072,2610,2715,2711,2712,2362,2443],"product_tag":[5544],"class_list":{"0":"post-71652","1":"product","2":"type-product","3":"status-publish","4":"has-post-thumbnail","6":"pwb-brand-igranje","7":"pwb-brand-plan-toys","8":"product_cat-3-mesece-igrace","9":"product_cat-aktivnostne-igrace","10":"product_cat-bozicna-darila","11":"product_cat-darila","12":"product_cat-darilo-do-15e","13":"product_cat-darilo-ob-rojstvu","14":"product_cat-darilo-za-decka","15":"product_cat-igranje","16":"product_cat-lesene-igrace","17":"product_tag-plan-toys","19":"first","20":"instock","21":"taxable","22":"shipping-taxable","23":"purchasable","24":"product-type-simple","25":"add-to-wishlist-before_image"},"yoast_head":"<!-- This site is optimized with the Yoast SEO plugin v27.3 - https:\/\/yoast.com\/product\/yoast-seo-wordpress\/ -->\n<title>Plan Toys lesena ropotuljica Klju\u010di Pastel | Ajatutaja<\/title>\n<meta name=\"description\" content=\"Plan Toys leseni klju\u010di v pastelnih barvah so res zabavni za vsakega dojen\u010dka! S svojimi razli\u010dnimi teksturami, \u017eivimi barvami in naravnim zvokom klikanja spodbuja zgodnje senzori\u010dno raziskovanje\" \/>\n<meta name=\"robots\" content=\"index, follow, max-snippet:-1, max-image-preview:large, max-video-preview:-1\" \/>\n<link rel=\"canonical\" href=\"https:\/\/ajatutaja.com\/izdelek\/plan-toys-lesena-ropotuljica-kljuci-pastel\/\" \/>\n<meta property=\"og:locale\" content=\"hr_HR\" \/>\n<meta property=\"og:type\" content=\"article\" \/>\n<meta property=\"og:title\" content=\"Plan Toys lesena ropotuljica Klju\u010di Pastel | Ajatutaja\" \/>\n<meta property=\"og:description\" content=\"Plan Toys leseni klju\u010di v pastelnih barvah so res zabavni za vsakega dojen\u010dka! S svojimi razli\u010dnimi teksturami, \u017eivimi barvami in naravnim zvokom klikanja spodbuja zgodnje senzori\u010dno raziskovanje\" \/>\n<meta property=\"og:url\" content=\"https:\/\/ajatutaja.com\/izdelek\/plan-toys-lesena-ropotuljica-kljuci-pastel\/\" \/>\n<meta property=\"og:site_name\" content=\"Ajatutaja\" \/>\n<meta property=\"article:modified_time\" content=\"2026-03-12T13:55:08+00:00\" \/>\n<meta property=\"og:image\" content=\"https:\/\/ajatutaja.com\/wp-content\/uploads\/2024\/05\/Planttoys-lesena-ropotuljica-kljuci-pastel-3.webp\" \/>\n\t<meta property=\"og:image:width\" content=\"480\" \/>\n\t<meta property=\"og:image:height\" content=\"480\" \/>\n\t<meta property=\"og:image:type\" content=\"image\/webp\" \/>\n<meta name=\"twitter:card\" content=\"summary_large_image\" \/>\n<meta name=\"twitter:label1\" content=\"Procijenjeno vrijeme \u010ditanja\" \/>\n\t<meta name=\"twitter:data1\" content=\"2 minute\" \/>\n<script type=\"application\/ld+json\" class=\"yoast-schema-graph\">{\"@context\":\"https:\\\/\\\/schema.org\",\"@graph\":[{\"@type\":\"WebPage\",\"@id\":\"https:\\\/\\\/ajatutaja.com\\\/izdelek\\\/plan-toys-lesena-ropotuljica-kljuci-pastel\\\/\",\"url\":\"https:\\\/\\\/ajatutaja.com\\\/izdelek\\\/plan-toys-lesena-ropotuljica-kljuci-pastel\\\/\",\"name\":\"Plan Toys lesena ropotuljica Klju\u010di Pastel | Ajatutaja\",\"isPartOf\":{\"@id\":\"https:\\\/\\\/ajatutaja.com\\\/#website\"},\"primaryImageOfPage\":{\"@id\":\"https:\\\/\\\/ajatutaja.com\\\/izdelek\\\/plan-toys-lesena-ropotuljica-kljuci-pastel\\\/#primaryimage\"},\"image\":{\"@id\":\"https:\\\/\\\/ajatutaja.com\\\/izdelek\\\/plan-toys-lesena-ropotuljica-kljuci-pastel\\\/#primaryimage\"},\"thumbnailUrl\":\"https:\\\/\\\/ajatutaja.com\\\/wp-content\\\/uploads\\\/2024\\\/05\\\/Planttoys-lesena-ropotuljica-kljuci-pastel-3.webp\",\"datePublished\":\"2024-05-24T08:21:19+00:00\",\"dateModified\":\"2026-03-12T13:55:08+00:00\",\"description\":\"Plan Toys leseni klju\u010di v pastelnih barvah so res zabavni za vsakega dojen\u010dka! S svojimi razli\u010dnimi teksturami, \u017eivimi barvami in naravnim zvokom klikanja spodbuja zgodnje senzori\u010dno raziskovanje\",\"breadcrumb\":{\"@id\":\"https:\\\/\\\/ajatutaja.com\\\/izdelek\\\/plan-toys-lesena-ropotuljica-kljuci-pastel\\\/#breadcrumb\"},\"inLanguage\":\"hr\",\"potentialAction\":[{\"@type\":\"ReadAction\",\"target\":[\"https:\\\/\\\/ajatutaja.com\\\/izdelek\\\/plan-toys-lesena-ropotuljica-kljuci-pastel\\\/\"]}]},{\"@type\":\"ImageObject\",\"inLanguage\":\"hr\",\"@id\":\"https:\\\/\\\/ajatutaja.com\\\/izdelek\\\/plan-toys-lesena-ropotuljica-kljuci-pastel\\\/#primaryimage\",\"url\":\"https:\\\/\\\/ajatutaja.com\\\/wp-content\\\/uploads\\\/2024\\\/05\\\/Planttoys-lesena-ropotuljica-kljuci-pastel-3.webp\",\"contentUrl\":\"https:\\\/\\\/ajatutaja.com\\\/wp-content\\\/uploads\\\/2024\\\/05\\\/Planttoys-lesena-ropotuljica-kljuci-pastel-3.webp\",\"width\":480,\"height\":480},{\"@type\":\"BreadcrumbList\",\"@id\":\"https:\\\/\\\/ajatutaja.com\\\/izdelek\\\/plan-toys-lesena-ropotuljica-kljuci-pastel\\\/#breadcrumb\",\"itemListElement\":[{\"@type\":\"ListItem\",\"position\":1,\"name\":\"Home\",\"item\":\"https:\\\/\\\/ajatutaja.com\\\/hr\\\/\"},{\"@type\":\"ListItem\",\"position\":2,\"name\":\"Trgovina\",\"item\":\"https:\\\/\\\/ajatutaja.com\\\/hr\\\/trgovina\\\/\"},{\"@type\":\"ListItem\",\"position\":3,\"name\":\"Plan Toys lesena ropotuljica Klju\u010di Pastel\"}]},{\"@type\":\"WebSite\",\"@id\":\"https:\\\/\\\/ajatutaja.com\\\/#website\",\"url\":\"https:\\\/\\\/ajatutaja.com\\\/\",\"name\":\"Ajatutaja\",\"description\":\"Otro\u0161ka spletna trgovina AJATUTAJA\",\"publisher\":{\"@id\":\"https:\\\/\\\/ajatutaja.com\\\/#organization\"},\"potentialAction\":[{\"@type\":\"SearchAction\",\"target\":{\"@type\":\"EntryPoint\",\"urlTemplate\":\"https:\\\/\\\/ajatutaja.com\\\/?s={search_term_string}\"},\"query-input\":{\"@type\":\"PropertyValueSpecification\",\"valueRequired\":true,\"valueName\":\"search_term_string\"}}],\"inLanguage\":\"hr\"},{\"@type\":\"Organization\",\"@id\":\"https:\\\/\\\/ajatutaja.com\\\/#organization\",\"name\":\"Ajatutaja\",\"url\":\"https:\\\/\\\/ajatutaja.com\\\/\",\"logo\":{\"@type\":\"ImageObject\",\"inLanguage\":\"hr\",\"@id\":\"https:\\\/\\\/ajatutaja.com\\\/#\\\/schema\\\/logo\\\/image\\\/\",\"url\":\"https:\\\/\\\/ajatutaja.com\\\/wp-content\\\/uploads\\\/2021\\\/10\\\/logo.png\",\"contentUrl\":\"https:\\\/\\\/ajatutaja.com\\\/wp-content\\\/uploads\\\/2021\\\/10\\\/logo.png\",\"width\":555,\"height\":150,\"caption\":\"Ajatutaja\"},\"image\":{\"@id\":\"https:\\\/\\\/ajatutaja.com\\\/#\\\/schema\\\/logo\\\/image\\\/\"}}]}<\/script>\n<!-- \/ Yoast SEO plugin. -->","yoast_head_json":{"title":"Plan Toys lesena ropotuljica Klju\u010di Pastel | Ajatutaja","description":"Plan Toys leseni klju\u010di v pastelnih barvah so res zabavni za vsakega dojen\u010dka! S svojimi razli\u010dnimi teksturami, \u017eivimi barvami in naravnim zvokom klikanja spodbuja zgodnje senzori\u010dno raziskovanje","robots":{"index":"index","follow":"follow","max-snippet":"max-snippet:-1","max-image-preview":"max-image-preview:large","max-video-preview":"max-video-preview:-1"},"canonical":"https:\/\/ajatutaja.com\/izdelek\/plan-toys-lesena-ropotuljica-kljuci-pastel\/","og_locale":"hr_HR","og_type":"article","og_title":"Plan Toys lesena ropotuljica Klju\u010di Pastel | Ajatutaja","og_description":"Plan Toys leseni klju\u010di v pastelnih barvah so res zabavni za vsakega dojen\u010dka! S svojimi razli\u010dnimi teksturami, \u017eivimi barvami in naravnim zvokom klikanja spodbuja zgodnje senzori\u010dno raziskovanje","og_url":"https:\/\/ajatutaja.com\/izdelek\/plan-toys-lesena-ropotuljica-kljuci-pastel\/","og_site_name":"Ajatutaja","article_modified_time":"2026-03-12T13:55:08+00:00","og_image":[{"width":480,"height":480,"url":"https:\/\/ajatutaja.com\/wp-content\/uploads\/2024\/05\/Planttoys-lesena-ropotuljica-kljuci-pastel-3.webp","type":"image\/webp"}],"twitter_card":"summary_large_image","twitter_misc":{"Procijenjeno vrijeme \u010ditanja":"2 minute"},"schema":{"@context":"https:\/\/schema.org","@graph":[{"@type":"WebPage","@id":"https:\/\/ajatutaja.com\/izdelek\/plan-toys-lesena-ropotuljica-kljuci-pastel\/","url":"https:\/\/ajatutaja.com\/izdelek\/plan-toys-lesena-ropotuljica-kljuci-pastel\/","name":"Plan Toys lesena ropotuljica Klju\u010di Pastel | Ajatutaja","isPartOf":{"@id":"https:\/\/ajatutaja.com\/#website"},"primaryImageOfPage":{"@id":"https:\/\/ajatutaja.com\/izdelek\/plan-toys-lesena-ropotuljica-kljuci-pastel\/#primaryimage"},"image":{"@id":"https:\/\/ajatutaja.com\/izdelek\/plan-toys-lesena-ropotuljica-kljuci-pastel\/#primaryimage"},"thumbnailUrl":"https:\/\/ajatutaja.com\/wp-content\/uploads\/2024\/05\/Planttoys-lesena-ropotuljica-kljuci-pastel-3.webp","datePublished":"2024-05-24T08:21:19+00:00","dateModified":"2026-03-12T13:55:08+00:00","description":"Plan Toys leseni klju\u010di v pastelnih barvah so res zabavni za vsakega dojen\u010dka! S svojimi razli\u010dnimi teksturami, \u017eivimi barvami in naravnim zvokom klikanja spodbuja zgodnje senzori\u010dno raziskovanje","breadcrumb":{"@id":"https:\/\/ajatutaja.com\/izdelek\/plan-toys-lesena-ropotuljica-kljuci-pastel\/#breadcrumb"},"inLanguage":"hr","potentialAction":[{"@type":"ReadAction","target":["https:\/\/ajatutaja.com\/izdelek\/plan-toys-lesena-ropotuljica-kljuci-pastel\/"]}]},{"@type":"ImageObject","inLanguage":"hr","@id":"https:\/\/ajatutaja.com\/izdelek\/plan-toys-lesena-ropotuljica-kljuci-pastel\/#primaryimage","url":"https:\/\/ajatutaja.com\/wp-content\/uploads\/2024\/05\/Planttoys-lesena-ropotuljica-kljuci-pastel-3.webp","contentUrl":"https:\/\/ajatutaja.com\/wp-content\/uploads\/2024\/05\/Planttoys-lesena-ropotuljica-kljuci-pastel-3.webp","width":480,"height":480},{"@type":"BreadcrumbList","@id":"https:\/\/ajatutaja.com\/izdelek\/plan-toys-lesena-ropotuljica-kljuci-pastel\/#breadcrumb","itemListElement":[{"@type":"ListItem","position":1,"name":"Home","item":"https:\/\/ajatutaja.com\/hr\/"},{"@type":"ListItem","position":2,"name":"Trgovina","item":"https:\/\/ajatutaja.com\/hr\/trgovina\/"},{"@type":"ListItem","position":3,"name":"Plan Toys lesena ropotuljica Klju\u010di Pastel"}]},{"@type":"WebSite","@id":"https:\/\/ajatutaja.com\/#website","url":"https:\/\/ajatutaja.com\/","name":"Ajatutaja","description":"Otro\u0161ka spletna trgovina AJATUTAJA","publisher":{"@id":"https:\/\/ajatutaja.com\/#organization"},"potentialAction":[{"@type":"SearchAction","target":{"@type":"EntryPoint","urlTemplate":"https:\/\/ajatutaja.com\/?s={search_term_string}"},"query-input":{"@type":"PropertyValueSpecification","valueRequired":true,"valueName":"search_term_string"}}],"inLanguage":"hr"},{"@type":"Organization","@id":"https:\/\/ajatutaja.com\/#organization","name":"Ajatutaja","url":"https:\/\/ajatutaja.com\/","logo":{"@type":"ImageObject","inLanguage":"hr","@id":"https:\/\/ajatutaja.com\/#\/schema\/logo\/image\/","url":"https:\/\/ajatutaja.com\/wp-content\/uploads\/2021\/10\/logo.png","contentUrl":"https:\/\/ajatutaja.com\/wp-content\/uploads\/2021\/10\/logo.png","width":555,"height":150,"caption":"Ajatutaja"},"image":{"@id":"https:\/\/ajatutaja.com\/#\/schema\/logo\/image\/"}}]}},"brands":[{"id":2452,"name":"Igranje","slug":"igranje"},{"id":5542,"name":"Plan Toys","slug":"plan-toys"}],"_links":{"self":[{"href":"https:\/\/ajatutaja.com\/hr\/wp-json\/wp\/v2\/product\/71652","targetHints":{"allow":["GET"]}}],"collection":[{"href":"https:\/\/ajatutaja.com\/hr\/wp-json\/wp\/v2\/product"}],"about":[{"href":"https:\/\/ajatutaja.com\/hr\/wp-json\/wp\/v2\/types\/product"}],"wp:featuredmedia":[{"embeddable":true,"href":"https:\/\/ajatutaja.com\/hr\/wp-json\/wp\/v2\/media\/71650"}],"wp:attachment":[{"href":"https:\/\/ajatutaja.com\/hr\/wp-json\/wp\/v2\/media?parent=71652"}],"wp:term":[{"taxonomy":"pwb-brand","embeddable":true,"href":"https:\/\/ajatutaja.com\/hr\/wp-json\/wp\/v2\/pwb-brand?post=71652"},{"taxonomy":"product_brand","embeddable":true,"href":"https:\/\/ajatutaja.com\/hr\/wp-json\/wp\/v2\/product_brand?post=71652"},{"taxonomy":"product_cat","embeddable":true,"href":"https:\/\/ajatutaja.com\/hr\/wp-json\/wp\/v2\/product_cat?post=71652"},{"taxonomy":"product_tag","embeddable":true,"href":"https:\/\/ajatutaja.com\/hr\/wp-json\/wp\/v2\/product_tag?post=71652"}],"curies":[{"name":"wp","href":"https:\/\/api.w.org\/{rel}","templated":true}]}}