{"id":71424,"date":"2023-12-08T11:05:46","date_gmt":"2023-12-08T10:05:46","guid":{"rendered":"https:\/\/ajatutaja.com\/?post_type=product&#038;p=71424"},"modified":"2026-03-04T19:17:14","modified_gmt":"2026-03-04T18:17:14","slug":"bozicna-nogavica-stephen-joseph-snezak","status":"publish","type":"product","link":"https:\/\/ajatutaja.com\/hr\/proizvod\/bozicna-nogavica-stephen-joseph-snezak\/","title":{"rendered":"Bo\u017ei\u010dna nogavica Stephen Joseph &#8211; Sne\u017eak"},"content":{"rendered":"<p>[vc_row][vc_column][vc_column_text]<\/p>\n<h4>Lastnosti bo\u017ei\u010dne nogavice Stephen Joseph:<\/h4>\n<ul>\n<li>Motiv Sne\u017eak.<\/li>\n<li>Bo\u017ei\u010dna nogavica bo krasila va\u0161 dom in dala pridih prazni\u010dnosti v decembrskem \u010dasu.<\/li>\n<li>Opremljena je z mo\u010dno pri\u0161itim trakcem za obe\u0161anje ter simpati\u010dnim POM-POM cofkom.<\/li>\n<li>Sestava: Zunanjost 100% bomba\u017e \/ Notranjost poliester.<\/li>\n<li>Dimenzije: 50&#215;27 cm<\/li>\n<\/ul>\n<p>[\/vc_column_text][\/vc_column][\/vc_row]<\/p>\n","protected":false},"excerpt":{"rendered":"<p>Bo\u017ei\u010dna nogavica poskrbi za prazni\u010dno dekoracijo in vzdu\u0161je v va\u0161em domu. Naj bo bo\u017ei\u010dna nogavica Stephen Joseph polna malih daril za otroke in presene\u010denj ter razveseljuje va\u0161e najdra\u017eje.<\/p>\n","protected":false},"featured_media":71421,"template":"","meta":[],"pwb-brand":[2460],"product_brand":[],"product_cat":[5072],"product_tag":[5068,3980],"class_list":{"0":"post-71424","1":"product","2":"type-product","3":"status-publish","4":"has-post-thumbnail","6":"pwb-brand-stephen-joseph-igranje","7":"product_cat-bozicna-darila","8":"product_tag-christmas","9":"product_tag-stephen-joseph","11":"first","12":"instock","13":"taxable","14":"shipping-taxable","15":"purchasable","16":"product-type-simple","17":"add-to-wishlist-before_image"},"yoast_head":"<!-- This site is optimized with the Yoast SEO plugin v27.3 - https:\/\/yoast.com\/product\/yoast-seo-wordpress\/ -->\n<title>Bo\u017ei\u010dna nogavica Stephen Joseph - Sne\u017eak | Ajatutaja<\/title>\n<meta name=\"description\" content=\"Bo\u017ei\u010dna nogavica poskrbi za prazni\u010dno dekoracijo in vzdu\u0161je v va\u0161em domu. Naj bo bo\u017ei\u010dna nogavica Stephen Joseph polna malih daril za otroke in presene\u010denj ter razveseljuje va\u0161e najdra\u017eje.\" \/>\n<meta name=\"robots\" content=\"index, follow, max-snippet:-1, max-image-preview:large, max-video-preview:-1\" \/>\n<link rel=\"canonical\" href=\"https:\/\/ajatutaja.com\/izdelek\/bozicna-nogavica-stephen-joseph-snezak\/\" \/>\n<meta property=\"og:locale\" content=\"hr_HR\" \/>\n<meta property=\"og:type\" content=\"article\" \/>\n<meta property=\"og:title\" content=\"Bo\u017ei\u010dna nogavica Stephen Joseph - Sne\u017eak | Ajatutaja\" \/>\n<meta property=\"og:description\" content=\"Bo\u017ei\u010dna nogavica poskrbi za prazni\u010dno dekoracijo in vzdu\u0161je v va\u0161em domu. Naj bo bo\u017ei\u010dna nogavica Stephen Joseph polna malih daril za otroke in presene\u010denj ter razveseljuje va\u0161e najdra\u017eje.\" \/>\n<meta property=\"og:url\" content=\"https:\/\/ajatutaja.com\/izdelek\/bozicna-nogavica-stephen-joseph-snezak\/\" \/>\n<meta property=\"og:site_name\" content=\"Ajatutaja\" \/>\n<meta property=\"article:modified_time\" content=\"2026-03-04T18:17:14+00:00\" \/>\n<meta property=\"og:image\" content=\"https:\/\/ajatutaja.com\/wp-content\/uploads\/2024\/12\/Bozicna-nogavica-stephen-joseph-snezak-1.jpg\" \/>\n\t<meta property=\"og:image:width\" content=\"800\" \/>\n\t<meta property=\"og:image:height\" content=\"800\" \/>\n\t<meta property=\"og:image:type\" content=\"image\/jpeg\" \/>\n<meta name=\"twitter:card\" content=\"summary_large_image\" \/>\n<script type=\"application\/ld+json\" class=\"yoast-schema-graph\">{\"@context\":\"https:\\\/\\\/schema.org\",\"@graph\":[{\"@type\":\"WebPage\",\"@id\":\"https:\\\/\\\/ajatutaja.com\\\/izdelek\\\/bozicna-nogavica-stephen-joseph-snezak\\\/\",\"url\":\"https:\\\/\\\/ajatutaja.com\\\/izdelek\\\/bozicna-nogavica-stephen-joseph-snezak\\\/\",\"name\":\"Bo\u017ei\u010dna nogavica Stephen Joseph - Sne\u017eak | Ajatutaja\",\"isPartOf\":{\"@id\":\"https:\\\/\\\/ajatutaja.com\\\/#website\"},\"primaryImageOfPage\":{\"@id\":\"https:\\\/\\\/ajatutaja.com\\\/izdelek\\\/bozicna-nogavica-stephen-joseph-snezak\\\/#primaryimage\"},\"image\":{\"@id\":\"https:\\\/\\\/ajatutaja.com\\\/izdelek\\\/bozicna-nogavica-stephen-joseph-snezak\\\/#primaryimage\"},\"thumbnailUrl\":\"https:\\\/\\\/ajatutaja.com\\\/wp-content\\\/uploads\\\/2024\\\/12\\\/Bozicna-nogavica-stephen-joseph-snezak-1.jpg\",\"datePublished\":\"2023-12-08T10:05:46+00:00\",\"dateModified\":\"2026-03-04T18:17:14+00:00\",\"description\":\"Bo\u017ei\u010dna nogavica poskrbi za prazni\u010dno dekoracijo in vzdu\u0161je v va\u0161em domu. Naj bo bo\u017ei\u010dna nogavica Stephen Joseph polna malih daril za otroke in presene\u010denj ter razveseljuje va\u0161e najdra\u017eje.\",\"breadcrumb\":{\"@id\":\"https:\\\/\\\/ajatutaja.com\\\/izdelek\\\/bozicna-nogavica-stephen-joseph-snezak\\\/#breadcrumb\"},\"inLanguage\":\"hr\",\"potentialAction\":[{\"@type\":\"ReadAction\",\"target\":[\"https:\\\/\\\/ajatutaja.com\\\/izdelek\\\/bozicna-nogavica-stephen-joseph-snezak\\\/\"]}]},{\"@type\":\"ImageObject\",\"inLanguage\":\"hr\",\"@id\":\"https:\\\/\\\/ajatutaja.com\\\/izdelek\\\/bozicna-nogavica-stephen-joseph-snezak\\\/#primaryimage\",\"url\":\"https:\\\/\\\/ajatutaja.com\\\/wp-content\\\/uploads\\\/2024\\\/12\\\/Bozicna-nogavica-stephen-joseph-snezak-1.jpg\",\"contentUrl\":\"https:\\\/\\\/ajatutaja.com\\\/wp-content\\\/uploads\\\/2024\\\/12\\\/Bozicna-nogavica-stephen-joseph-snezak-1.jpg\",\"width\":800,\"height\":800},{\"@type\":\"BreadcrumbList\",\"@id\":\"https:\\\/\\\/ajatutaja.com\\\/izdelek\\\/bozicna-nogavica-stephen-joseph-snezak\\\/#breadcrumb\",\"itemListElement\":[{\"@type\":\"ListItem\",\"position\":1,\"name\":\"Home\",\"item\":\"https:\\\/\\\/ajatutaja.com\\\/hr\\\/\"},{\"@type\":\"ListItem\",\"position\":2,\"name\":\"Trgovina\",\"item\":\"https:\\\/\\\/ajatutaja.com\\\/hr\\\/trgovina\\\/\"},{\"@type\":\"ListItem\",\"position\":3,\"name\":\"Bo\u017ei\u010dna nogavica Stephen Joseph &#8211; Sne\u017eak\"}]},{\"@type\":\"WebSite\",\"@id\":\"https:\\\/\\\/ajatutaja.com\\\/#website\",\"url\":\"https:\\\/\\\/ajatutaja.com\\\/\",\"name\":\"Ajatutaja\",\"description\":\"Otro\u0161ka spletna trgovina AJATUTAJA\",\"publisher\":{\"@id\":\"https:\\\/\\\/ajatutaja.com\\\/#organization\"},\"potentialAction\":[{\"@type\":\"SearchAction\",\"target\":{\"@type\":\"EntryPoint\",\"urlTemplate\":\"https:\\\/\\\/ajatutaja.com\\\/?s={search_term_string}\"},\"query-input\":{\"@type\":\"PropertyValueSpecification\",\"valueRequired\":true,\"valueName\":\"search_term_string\"}}],\"inLanguage\":\"hr\"},{\"@type\":\"Organization\",\"@id\":\"https:\\\/\\\/ajatutaja.com\\\/#organization\",\"name\":\"Ajatutaja\",\"url\":\"https:\\\/\\\/ajatutaja.com\\\/\",\"logo\":{\"@type\":\"ImageObject\",\"inLanguage\":\"hr\",\"@id\":\"https:\\\/\\\/ajatutaja.com\\\/#\\\/schema\\\/logo\\\/image\\\/\",\"url\":\"https:\\\/\\\/ajatutaja.com\\\/wp-content\\\/uploads\\\/2021\\\/10\\\/logo.png\",\"contentUrl\":\"https:\\\/\\\/ajatutaja.com\\\/wp-content\\\/uploads\\\/2021\\\/10\\\/logo.png\",\"width\":555,\"height\":150,\"caption\":\"Ajatutaja\"},\"image\":{\"@id\":\"https:\\\/\\\/ajatutaja.com\\\/#\\\/schema\\\/logo\\\/image\\\/\"}}]}<\/script>\n<!-- \/ Yoast SEO plugin. -->","yoast_head_json":{"title":"Bo\u017ei\u010dna nogavica Stephen Joseph - Sne\u017eak | Ajatutaja","description":"Bo\u017ei\u010dna nogavica poskrbi za prazni\u010dno dekoracijo in vzdu\u0161je v va\u0161em domu. Naj bo bo\u017ei\u010dna nogavica Stephen Joseph polna malih daril za otroke in presene\u010denj ter razveseljuje va\u0161e najdra\u017eje.","robots":{"index":"index","follow":"follow","max-snippet":"max-snippet:-1","max-image-preview":"max-image-preview:large","max-video-preview":"max-video-preview:-1"},"canonical":"https:\/\/ajatutaja.com\/izdelek\/bozicna-nogavica-stephen-joseph-snezak\/","og_locale":"hr_HR","og_type":"article","og_title":"Bo\u017ei\u010dna nogavica Stephen Joseph - Sne\u017eak | Ajatutaja","og_description":"Bo\u017ei\u010dna nogavica poskrbi za prazni\u010dno dekoracijo in vzdu\u0161je v va\u0161em domu. Naj bo bo\u017ei\u010dna nogavica Stephen Joseph polna malih daril za otroke in presene\u010denj ter razveseljuje va\u0161e najdra\u017eje.","og_url":"https:\/\/ajatutaja.com\/izdelek\/bozicna-nogavica-stephen-joseph-snezak\/","og_site_name":"Ajatutaja","article_modified_time":"2026-03-04T18:17:14+00:00","og_image":[{"width":800,"height":800,"url":"https:\/\/ajatutaja.com\/wp-content\/uploads\/2024\/12\/Bozicna-nogavica-stephen-joseph-snezak-1.jpg","type":"image\/jpeg"}],"twitter_card":"summary_large_image","schema":{"@context":"https:\/\/schema.org","@graph":[{"@type":"WebPage","@id":"https:\/\/ajatutaja.com\/izdelek\/bozicna-nogavica-stephen-joseph-snezak\/","url":"https:\/\/ajatutaja.com\/izdelek\/bozicna-nogavica-stephen-joseph-snezak\/","name":"Bo\u017ei\u010dna nogavica Stephen Joseph - Sne\u017eak | Ajatutaja","isPartOf":{"@id":"https:\/\/ajatutaja.com\/#website"},"primaryImageOfPage":{"@id":"https:\/\/ajatutaja.com\/izdelek\/bozicna-nogavica-stephen-joseph-snezak\/#primaryimage"},"image":{"@id":"https:\/\/ajatutaja.com\/izdelek\/bozicna-nogavica-stephen-joseph-snezak\/#primaryimage"},"thumbnailUrl":"https:\/\/ajatutaja.com\/wp-content\/uploads\/2024\/12\/Bozicna-nogavica-stephen-joseph-snezak-1.jpg","datePublished":"2023-12-08T10:05:46+00:00","dateModified":"2026-03-04T18:17:14+00:00","description":"Bo\u017ei\u010dna nogavica poskrbi za prazni\u010dno dekoracijo in vzdu\u0161je v va\u0161em domu. Naj bo bo\u017ei\u010dna nogavica Stephen Joseph polna malih daril za otroke in presene\u010denj ter razveseljuje va\u0161e najdra\u017eje.","breadcrumb":{"@id":"https:\/\/ajatutaja.com\/izdelek\/bozicna-nogavica-stephen-joseph-snezak\/#breadcrumb"},"inLanguage":"hr","potentialAction":[{"@type":"ReadAction","target":["https:\/\/ajatutaja.com\/izdelek\/bozicna-nogavica-stephen-joseph-snezak\/"]}]},{"@type":"ImageObject","inLanguage":"hr","@id":"https:\/\/ajatutaja.com\/izdelek\/bozicna-nogavica-stephen-joseph-snezak\/#primaryimage","url":"https:\/\/ajatutaja.com\/wp-content\/uploads\/2024\/12\/Bozicna-nogavica-stephen-joseph-snezak-1.jpg","contentUrl":"https:\/\/ajatutaja.com\/wp-content\/uploads\/2024\/12\/Bozicna-nogavica-stephen-joseph-snezak-1.jpg","width":800,"height":800},{"@type":"BreadcrumbList","@id":"https:\/\/ajatutaja.com\/izdelek\/bozicna-nogavica-stephen-joseph-snezak\/#breadcrumb","itemListElement":[{"@type":"ListItem","position":1,"name":"Home","item":"https:\/\/ajatutaja.com\/hr\/"},{"@type":"ListItem","position":2,"name":"Trgovina","item":"https:\/\/ajatutaja.com\/hr\/trgovina\/"},{"@type":"ListItem","position":3,"name":"Bo\u017ei\u010dna nogavica Stephen Joseph &#8211; Sne\u017eak"}]},{"@type":"WebSite","@id":"https:\/\/ajatutaja.com\/#website","url":"https:\/\/ajatutaja.com\/","name":"Ajatutaja","description":"Otro\u0161ka spletna trgovina AJATUTAJA","publisher":{"@id":"https:\/\/ajatutaja.com\/#organization"},"potentialAction":[{"@type":"SearchAction","target":{"@type":"EntryPoint","urlTemplate":"https:\/\/ajatutaja.com\/?s={search_term_string}"},"query-input":{"@type":"PropertyValueSpecification","valueRequired":true,"valueName":"search_term_string"}}],"inLanguage":"hr"},{"@type":"Organization","@id":"https:\/\/ajatutaja.com\/#organization","name":"Ajatutaja","url":"https:\/\/ajatutaja.com\/","logo":{"@type":"ImageObject","inLanguage":"hr","@id":"https:\/\/ajatutaja.com\/#\/schema\/logo\/image\/","url":"https:\/\/ajatutaja.com\/wp-content\/uploads\/2021\/10\/logo.png","contentUrl":"https:\/\/ajatutaja.com\/wp-content\/uploads\/2021\/10\/logo.png","width":555,"height":150,"caption":"Ajatutaja"},"image":{"@id":"https:\/\/ajatutaja.com\/#\/schema\/logo\/image\/"}}]}},"brands":[{"id":2460,"name":"Stephen Joseph","slug":"stephen-joseph-igranje"}],"_links":{"self":[{"href":"https:\/\/ajatutaja.com\/hr\/wp-json\/wp\/v2\/product\/71424","targetHints":{"allow":["GET"]}}],"collection":[{"href":"https:\/\/ajatutaja.com\/hr\/wp-json\/wp\/v2\/product"}],"about":[{"href":"https:\/\/ajatutaja.com\/hr\/wp-json\/wp\/v2\/types\/product"}],"wp:featuredmedia":[{"embeddable":true,"href":"https:\/\/ajatutaja.com\/hr\/wp-json\/wp\/v2\/media\/71421"}],"wp:attachment":[{"href":"https:\/\/ajatutaja.com\/hr\/wp-json\/wp\/v2\/media?parent=71424"}],"wp:term":[{"taxonomy":"pwb-brand","embeddable":true,"href":"https:\/\/ajatutaja.com\/hr\/wp-json\/wp\/v2\/pwb-brand?post=71424"},{"taxonomy":"product_brand","embeddable":true,"href":"https:\/\/ajatutaja.com\/hr\/wp-json\/wp\/v2\/product_brand?post=71424"},{"taxonomy":"product_cat","embeddable":true,"href":"https:\/\/ajatutaja.com\/hr\/wp-json\/wp\/v2\/product_cat?post=71424"},{"taxonomy":"product_tag","embeddable":true,"href":"https:\/\/ajatutaja.com\/hr\/wp-json\/wp\/v2\/product_tag?post=71424"}],"curies":[{"name":"wp","href":"https:\/\/api.w.org\/{rel}","templated":true}]}}