{"id":71408,"date":"2023-12-08T10:29:46","date_gmt":"2023-12-08T09:29:46","guid":{"rendered":"https:\/\/ajatutaja.com\/?post_type=product&#038;p=71408"},"modified":"2026-03-04T12:50:28","modified_gmt":"2026-03-04T11:50:28","slug":"otroski-predpasnik-stephen-joseph-santas-little-helper","status":"publish","type":"product","link":"https:\/\/ajatutaja.com\/hr\/proizvod\/otroski-predpasnik-stephen-joseph-santas-little-helper\/","title":{"rendered":"Otro\u0161ki predpasnik Stephen Joseph &#8211; Santa`s little helper"},"content":{"rendered":"<p>[vc_row][vc_column][vc_column_text]Naj va\u0161i mal\u010dki kuhajo, pe\u010dejo in ustvarjajo najbolj\u0161e kuharske dobrote odeti v \u010dudovit predpasnik proizvajalca Stephen Joseph. Posebej prilagojen otrokom &#8211; zapenjanje na vratu na je\u017eka in vrvicama za privezovanje okoli pasu, za kar najbolj\u0161e prilagajanje.<\/p>\n<h3>Lastnosti predpasnika Stephen Joseph:<\/h3>\n<div class=\"content-container froala-content\">\n<ul>\n<li>Bo\u017ei\u010dni motiv z napisom Santa`s little helper<\/li>\n<li>Predpasnik bo za\u0161\u010ditil mal\u010dka med ustvarjanjem<\/li>\n<li>Nastavljivo zapenjanje na je\u017eka okoli vratu.<\/li>\n<li>Sprednji \u017eepek.<\/li>\n<li>Zavezovanje z vrvicama okoli pasu.<\/li>\n<li>Material: 100% bomba\u017e.<\/li>\n<li>Vzdr\u017eevanje: Ob\u010dutljivo pranje pri 30\u00b0C. Ne belite. Obesite, da se posu\u0161i.<\/li>\n<li>Velikost: 43 x 53 cm.<\/li>\n<li>Primerno za otroke razli\u010dnih starosti.<\/li>\n<\/ul>\n<\/div>\n<p>[\/vc_column_text][\/vc_column][\/vc_row]<\/p>\n","protected":false},"excerpt":{"rendered":"<p>Bo\u017ei\u010dni \u010das je tudi \u010das za peko slastnih medenjakov in drugih dobrot. Otro\u0161ki predpasnik Stephen Joseph iz kolekcije Christmas je odli\u010dna ideja za darilo!<\/p>\n","protected":false},"featured_media":71410,"template":"","meta":[],"pwb-brand":[2460],"product_brand":[],"product_cat":[5072],"product_tag":[5068,3980],"class_list":{"0":"post-71408","1":"product","2":"type-product","3":"status-publish","4":"has-post-thumbnail","6":"pwb-brand-stephen-joseph-igranje","7":"product_cat-bozicna-darila","8":"product_tag-christmas","9":"product_tag-stephen-joseph","11":"first","12":"instock","13":"taxable","14":"shipping-taxable","15":"purchasable","16":"product-type-simple","17":"add-to-wishlist-before_image"},"yoast_head":"<!-- This site is optimized with the Yoast SEO plugin v27.3 - https:\/\/yoast.com\/product\/yoast-seo-wordpress\/ -->\n<title>Otro\u0161ki predpasnik Stephen Joseph - Santa`s little helper | Ajatutaja<\/title>\n<meta name=\"description\" content=\"Bo\u017ei\u010dni \u010das je tudi \u010das za peko slastnih medenjakov in drugih dobrot. Otro\u0161ki predpasnik Stephen Joseph iz kolekcije Christmas je odli\u010dna ideja za darilo!\" \/>\n<meta name=\"robots\" content=\"index, follow, max-snippet:-1, max-image-preview:large, max-video-preview:-1\" \/>\n<link rel=\"canonical\" href=\"https:\/\/ajatutaja.com\/izdelek\/otroski-predpasnik-stephen-joseph-santas-little-helper\/\" \/>\n<meta property=\"og:locale\" content=\"hr_HR\" \/>\n<meta property=\"og:type\" content=\"article\" \/>\n<meta property=\"og:title\" content=\"Otro\u0161ki predpasnik Stephen Joseph - Santa`s little helper | Ajatutaja\" \/>\n<meta property=\"og:description\" content=\"Bo\u017ei\u010dni \u010das je tudi \u010das za peko slastnih medenjakov in drugih dobrot. Otro\u0161ki predpasnik Stephen Joseph iz kolekcije Christmas je odli\u010dna ideja za darilo!\" \/>\n<meta property=\"og:url\" content=\"https:\/\/ajatutaja.com\/izdelek\/otroski-predpasnik-stephen-joseph-santas-little-helper\/\" \/>\n<meta property=\"og:site_name\" content=\"Ajatutaja\" \/>\n<meta property=\"article:modified_time\" content=\"2026-03-04T11:50:28+00:00\" \/>\n<meta property=\"og:image\" content=\"https:\/\/ajatutaja.com\/wp-content\/uploads\/2024\/12\/Stephen-joseph-otroski-predpasnik-za-peko-christmas-.jpg\" \/>\n\t<meta property=\"og:image:width\" content=\"800\" \/>\n\t<meta property=\"og:image:height\" content=\"800\" \/>\n\t<meta property=\"og:image:type\" content=\"image\/jpeg\" \/>\n<meta name=\"twitter:card\" content=\"summary_large_image\" \/>\n<meta name=\"twitter:label1\" content=\"Procijenjeno vrijeme \u010ditanja\" \/>\n\t<meta name=\"twitter:data1\" content=\"1 minuta\" \/>\n<script type=\"application\/ld+json\" class=\"yoast-schema-graph\">{\"@context\":\"https:\\\/\\\/schema.org\",\"@graph\":[{\"@type\":\"WebPage\",\"@id\":\"https:\\\/\\\/ajatutaja.com\\\/izdelek\\\/otroski-predpasnik-stephen-joseph-santas-little-helper\\\/\",\"url\":\"https:\\\/\\\/ajatutaja.com\\\/izdelek\\\/otroski-predpasnik-stephen-joseph-santas-little-helper\\\/\",\"name\":\"Otro\u0161ki predpasnik Stephen Joseph - Santa`s little helper | Ajatutaja\",\"isPartOf\":{\"@id\":\"https:\\\/\\\/ajatutaja.com\\\/#website\"},\"primaryImageOfPage\":{\"@id\":\"https:\\\/\\\/ajatutaja.com\\\/izdelek\\\/otroski-predpasnik-stephen-joseph-santas-little-helper\\\/#primaryimage\"},\"image\":{\"@id\":\"https:\\\/\\\/ajatutaja.com\\\/izdelek\\\/otroski-predpasnik-stephen-joseph-santas-little-helper\\\/#primaryimage\"},\"thumbnailUrl\":\"https:\\\/\\\/ajatutaja.com\\\/wp-content\\\/uploads\\\/2024\\\/12\\\/Stephen-joseph-otroski-predpasnik-za-peko-christmas-.jpg\",\"datePublished\":\"2023-12-08T09:29:46+00:00\",\"dateModified\":\"2026-03-04T11:50:28+00:00\",\"description\":\"Bo\u017ei\u010dni \u010das je tudi \u010das za peko slastnih medenjakov in drugih dobrot. Otro\u0161ki predpasnik Stephen Joseph iz kolekcije Christmas je odli\u010dna ideja za darilo!\",\"breadcrumb\":{\"@id\":\"https:\\\/\\\/ajatutaja.com\\\/izdelek\\\/otroski-predpasnik-stephen-joseph-santas-little-helper\\\/#breadcrumb\"},\"inLanguage\":\"hr\",\"potentialAction\":[{\"@type\":\"ReadAction\",\"target\":[\"https:\\\/\\\/ajatutaja.com\\\/izdelek\\\/otroski-predpasnik-stephen-joseph-santas-little-helper\\\/\"]}]},{\"@type\":\"ImageObject\",\"inLanguage\":\"hr\",\"@id\":\"https:\\\/\\\/ajatutaja.com\\\/izdelek\\\/otroski-predpasnik-stephen-joseph-santas-little-helper\\\/#primaryimage\",\"url\":\"https:\\\/\\\/ajatutaja.com\\\/wp-content\\\/uploads\\\/2024\\\/12\\\/Stephen-joseph-otroski-predpasnik-za-peko-christmas-.jpg\",\"contentUrl\":\"https:\\\/\\\/ajatutaja.com\\\/wp-content\\\/uploads\\\/2024\\\/12\\\/Stephen-joseph-otroski-predpasnik-za-peko-christmas-.jpg\",\"width\":800,\"height\":800},{\"@type\":\"BreadcrumbList\",\"@id\":\"https:\\\/\\\/ajatutaja.com\\\/izdelek\\\/otroski-predpasnik-stephen-joseph-santas-little-helper\\\/#breadcrumb\",\"itemListElement\":[{\"@type\":\"ListItem\",\"position\":1,\"name\":\"Home\",\"item\":\"https:\\\/\\\/ajatutaja.com\\\/hr\\\/\"},{\"@type\":\"ListItem\",\"position\":2,\"name\":\"Trgovina\",\"item\":\"https:\\\/\\\/ajatutaja.com\\\/hr\\\/trgovina\\\/\"},{\"@type\":\"ListItem\",\"position\":3,\"name\":\"Otro\u0161ki predpasnik Stephen Joseph &#8211; Santa`s little helper\"}]},{\"@type\":\"WebSite\",\"@id\":\"https:\\\/\\\/ajatutaja.com\\\/#website\",\"url\":\"https:\\\/\\\/ajatutaja.com\\\/\",\"name\":\"Ajatutaja\",\"description\":\"Otro\u0161ka spletna trgovina AJATUTAJA\",\"publisher\":{\"@id\":\"https:\\\/\\\/ajatutaja.com\\\/#organization\"},\"potentialAction\":[{\"@type\":\"SearchAction\",\"target\":{\"@type\":\"EntryPoint\",\"urlTemplate\":\"https:\\\/\\\/ajatutaja.com\\\/?s={search_term_string}\"},\"query-input\":{\"@type\":\"PropertyValueSpecification\",\"valueRequired\":true,\"valueName\":\"search_term_string\"}}],\"inLanguage\":\"hr\"},{\"@type\":\"Organization\",\"@id\":\"https:\\\/\\\/ajatutaja.com\\\/#organization\",\"name\":\"Ajatutaja\",\"url\":\"https:\\\/\\\/ajatutaja.com\\\/\",\"logo\":{\"@type\":\"ImageObject\",\"inLanguage\":\"hr\",\"@id\":\"https:\\\/\\\/ajatutaja.com\\\/#\\\/schema\\\/logo\\\/image\\\/\",\"url\":\"https:\\\/\\\/ajatutaja.com\\\/wp-content\\\/uploads\\\/2021\\\/10\\\/logo.png\",\"contentUrl\":\"https:\\\/\\\/ajatutaja.com\\\/wp-content\\\/uploads\\\/2021\\\/10\\\/logo.png\",\"width\":555,\"height\":150,\"caption\":\"Ajatutaja\"},\"image\":{\"@id\":\"https:\\\/\\\/ajatutaja.com\\\/#\\\/schema\\\/logo\\\/image\\\/\"}}]}<\/script>\n<!-- \/ Yoast SEO plugin. -->","yoast_head_json":{"title":"Otro\u0161ki predpasnik Stephen Joseph - Santa`s little helper | Ajatutaja","description":"Bo\u017ei\u010dni \u010das je tudi \u010das za peko slastnih medenjakov in drugih dobrot. Otro\u0161ki predpasnik Stephen Joseph iz kolekcije Christmas je odli\u010dna ideja za darilo!","robots":{"index":"index","follow":"follow","max-snippet":"max-snippet:-1","max-image-preview":"max-image-preview:large","max-video-preview":"max-video-preview:-1"},"canonical":"https:\/\/ajatutaja.com\/izdelek\/otroski-predpasnik-stephen-joseph-santas-little-helper\/","og_locale":"hr_HR","og_type":"article","og_title":"Otro\u0161ki predpasnik Stephen Joseph - Santa`s little helper | Ajatutaja","og_description":"Bo\u017ei\u010dni \u010das je tudi \u010das za peko slastnih medenjakov in drugih dobrot. Otro\u0161ki predpasnik Stephen Joseph iz kolekcije Christmas je odli\u010dna ideja za darilo!","og_url":"https:\/\/ajatutaja.com\/izdelek\/otroski-predpasnik-stephen-joseph-santas-little-helper\/","og_site_name":"Ajatutaja","article_modified_time":"2026-03-04T11:50:28+00:00","og_image":[{"width":800,"height":800,"url":"https:\/\/ajatutaja.com\/wp-content\/uploads\/2024\/12\/Stephen-joseph-otroski-predpasnik-za-peko-christmas-.jpg","type":"image\/jpeg"}],"twitter_card":"summary_large_image","twitter_misc":{"Procijenjeno vrijeme \u010ditanja":"1 minuta"},"schema":{"@context":"https:\/\/schema.org","@graph":[{"@type":"WebPage","@id":"https:\/\/ajatutaja.com\/izdelek\/otroski-predpasnik-stephen-joseph-santas-little-helper\/","url":"https:\/\/ajatutaja.com\/izdelek\/otroski-predpasnik-stephen-joseph-santas-little-helper\/","name":"Otro\u0161ki predpasnik Stephen Joseph - Santa`s little helper | Ajatutaja","isPartOf":{"@id":"https:\/\/ajatutaja.com\/#website"},"primaryImageOfPage":{"@id":"https:\/\/ajatutaja.com\/izdelek\/otroski-predpasnik-stephen-joseph-santas-little-helper\/#primaryimage"},"image":{"@id":"https:\/\/ajatutaja.com\/izdelek\/otroski-predpasnik-stephen-joseph-santas-little-helper\/#primaryimage"},"thumbnailUrl":"https:\/\/ajatutaja.com\/wp-content\/uploads\/2024\/12\/Stephen-joseph-otroski-predpasnik-za-peko-christmas-.jpg","datePublished":"2023-12-08T09:29:46+00:00","dateModified":"2026-03-04T11:50:28+00:00","description":"Bo\u017ei\u010dni \u010das je tudi \u010das za peko slastnih medenjakov in drugih dobrot. Otro\u0161ki predpasnik Stephen Joseph iz kolekcije Christmas je odli\u010dna ideja za darilo!","breadcrumb":{"@id":"https:\/\/ajatutaja.com\/izdelek\/otroski-predpasnik-stephen-joseph-santas-little-helper\/#breadcrumb"},"inLanguage":"hr","potentialAction":[{"@type":"ReadAction","target":["https:\/\/ajatutaja.com\/izdelek\/otroski-predpasnik-stephen-joseph-santas-little-helper\/"]}]},{"@type":"ImageObject","inLanguage":"hr","@id":"https:\/\/ajatutaja.com\/izdelek\/otroski-predpasnik-stephen-joseph-santas-little-helper\/#primaryimage","url":"https:\/\/ajatutaja.com\/wp-content\/uploads\/2024\/12\/Stephen-joseph-otroski-predpasnik-za-peko-christmas-.jpg","contentUrl":"https:\/\/ajatutaja.com\/wp-content\/uploads\/2024\/12\/Stephen-joseph-otroski-predpasnik-za-peko-christmas-.jpg","width":800,"height":800},{"@type":"BreadcrumbList","@id":"https:\/\/ajatutaja.com\/izdelek\/otroski-predpasnik-stephen-joseph-santas-little-helper\/#breadcrumb","itemListElement":[{"@type":"ListItem","position":1,"name":"Home","item":"https:\/\/ajatutaja.com\/hr\/"},{"@type":"ListItem","position":2,"name":"Trgovina","item":"https:\/\/ajatutaja.com\/hr\/trgovina\/"},{"@type":"ListItem","position":3,"name":"Otro\u0161ki predpasnik Stephen Joseph &#8211; Santa`s little helper"}]},{"@type":"WebSite","@id":"https:\/\/ajatutaja.com\/#website","url":"https:\/\/ajatutaja.com\/","name":"Ajatutaja","description":"Otro\u0161ka spletna trgovina AJATUTAJA","publisher":{"@id":"https:\/\/ajatutaja.com\/#organization"},"potentialAction":[{"@type":"SearchAction","target":{"@type":"EntryPoint","urlTemplate":"https:\/\/ajatutaja.com\/?s={search_term_string}"},"query-input":{"@type":"PropertyValueSpecification","valueRequired":true,"valueName":"search_term_string"}}],"inLanguage":"hr"},{"@type":"Organization","@id":"https:\/\/ajatutaja.com\/#organization","name":"Ajatutaja","url":"https:\/\/ajatutaja.com\/","logo":{"@type":"ImageObject","inLanguage":"hr","@id":"https:\/\/ajatutaja.com\/#\/schema\/logo\/image\/","url":"https:\/\/ajatutaja.com\/wp-content\/uploads\/2021\/10\/logo.png","contentUrl":"https:\/\/ajatutaja.com\/wp-content\/uploads\/2021\/10\/logo.png","width":555,"height":150,"caption":"Ajatutaja"},"image":{"@id":"https:\/\/ajatutaja.com\/#\/schema\/logo\/image\/"}}]}},"brands":[{"id":2460,"name":"Stephen Joseph","slug":"stephen-joseph-igranje"}],"_links":{"self":[{"href":"https:\/\/ajatutaja.com\/hr\/wp-json\/wp\/v2\/product\/71408","targetHints":{"allow":["GET"]}}],"collection":[{"href":"https:\/\/ajatutaja.com\/hr\/wp-json\/wp\/v2\/product"}],"about":[{"href":"https:\/\/ajatutaja.com\/hr\/wp-json\/wp\/v2\/types\/product"}],"wp:featuredmedia":[{"embeddable":true,"href":"https:\/\/ajatutaja.com\/hr\/wp-json\/wp\/v2\/media\/71410"}],"wp:attachment":[{"href":"https:\/\/ajatutaja.com\/hr\/wp-json\/wp\/v2\/media?parent=71408"}],"wp:term":[{"taxonomy":"pwb-brand","embeddable":true,"href":"https:\/\/ajatutaja.com\/hr\/wp-json\/wp\/v2\/pwb-brand?post=71408"},{"taxonomy":"product_brand","embeddable":true,"href":"https:\/\/ajatutaja.com\/hr\/wp-json\/wp\/v2\/product_brand?post=71408"},{"taxonomy":"product_cat","embeddable":true,"href":"https:\/\/ajatutaja.com\/hr\/wp-json\/wp\/v2\/product_cat?post=71408"},{"taxonomy":"product_tag","embeddable":true,"href":"https:\/\/ajatutaja.com\/hr\/wp-json\/wp\/v2\/product_tag?post=71408"}],"curies":[{"name":"wp","href":"https:\/\/api.w.org\/{rel}","templated":true}]}}