{"id":71105,"date":"2025-02-10T16:19:01","date_gmt":"2025-02-10T15:19:01","guid":{"rendered":"https:\/\/ajatutaja.com\/?post_type=product&#038;p=71105"},"modified":"2026-03-24T12:46:23","modified_gmt":"2026-03-24T11:46:23","slug":"previjalna-torba-kikkaboo-maxi-black","status":"publish","type":"product","link":"https:\/\/ajatutaja.com\/hr\/proizvod\/previjalna-torba-kikkaboo-maxi-black\/","title":{"rendered":"Previjalna torba KikkaBoo\u00ae Maxi &#8211; New Black"},"content":{"rendered":"<p>[vc_row][vc_column][vc_column_text]KikkaBoo Mama Bag Maxi je ultimativna spremljevalka za moderne star\u0161e. Izdelana iz luksuzne melange tkanine s stilskimi usnjenimi detajli, ta vsestranska torba zdru\u017euje eleganco in funkcionalnost. Vklju\u010duje podlogo za previjanje in ima sponke za enostavno pritrditev na ro\u010daj vozi\u010dka. Glavni \u017eep ima \u0161iroko odprtino za la\u017eji dostop, medtem ko organizacijski \u017eepi poskrbijo za urejenost plenic in obla\u010dil. Zunanji sprednji in zadnji \u017eepi z zadrgami ter stranski \u017eepi z enostavnim dostopom nudijo dodatne mo\u017enosti shranjevanja. Dva predelka za stekleni\u010dke ohranjata temperaturo vode ali mleka ve\u010d ur. Snemljiva denarnica in trak za pritrjevanje na prtljago omogo\u010data enostavno pritrditev na ro\u010daj kov\u010dka. Dolg nastavljiv trak z ramensko blazinico zagotavlja udobje. Izdelana iz 100% poliestra, Mama Bag Maxi je trpe\u017ena in enostavna za \u010di\u0161\u010denje<\/p>\n<p>Lastnosti:<\/p>\n<ul>\n<li style=\"list-style-type: none\">\n<ul>\n<li style=\"list-style-type: none\">\n<ul>\n<li>Melange tkanina s \u010drnimi detajli: Modna in elegantna hkrati!<\/li>\n<li>Vklju\u010dena podloga za previjanje: Zagotavlja priro\u010dnost pri menjavi plenic na poti.<\/li>\n<li>Sponke za enostavno pritrditev na ro\u010daj vozi\u010dka: Brez te\u017eav se integrira z vozi\u010dkom.<\/li>\n<li>\u0160iroka odprtina glavnega \u017eepa za la\u017eji dostop: Poenostavlja doseganje v torbo.<\/li>\n<li>Organizacijski \u017eepi za plenice in obla\u010dila: Ohranja predmete urejene.<\/li>\n<li>Zunanji sprednji in zadnji \u017eepi z zadrgami ter stranski \u017eepi z enostavnim dostopom: Ponuja dodatne mo\u017enosti shranjevanja.<\/li>\n<li>Dva predelka za stekleni\u010dke: Ohranita temperaturo vode ali mleka ve\u010d ur.<\/li>\n<li>Snemljiva denarnica: Ponuja dodatno priro\u010dnost.<\/li>\n<li>Trak za pritrjevanje na prtljago: Enostavno se pritrdi na ro\u010daj kov\u010dka.<\/li>\n<li>Dolg nastavljiv trak z ramensko blazinico: Zagotavlja udobno no\u0161enje.<\/li>\n<li>Sestava: 100% poliester<\/li>\n<li>Dimenzije: 40x27x22 cm<\/li>\n<li>Te\u017ea: 1.0 kg<\/li>\n<li>Trpe\u017ena in enostavna za \u010di\u0161\u010denje z vla\u017eno krpo<\/li>\n<\/ul>\n<\/li>\n<\/ul>\n<p>[\/vc_column_text][\/vc_column][\/vc_row]<\/li>\n<\/ul>\n","protected":false},"excerpt":{"rendered":"<p style=\"font-weight: 400\">Prakti\u010dna in modna previjalna torba KikkaBoo\u00ae Maxi je dovolj prostorna, da vanjo spravite vse kar potrebuje va\u0161 mal\u010dek. S pomo\u010djo prilo\u017eenih pasov, pa jo enostavno namestimo na ro\u010daj otro\u0161kega vozi\u010dka. Previjalna torba KikkaBoo Maxi je odli\u010dna izbira za potovanja, saj se lahko pripne tudi na ro\u010daj kov\u010dka.<\/p>\n","protected":false},"featured_media":73283,"template":"","meta":[],"pwb-brand":[5686,2409],"product_brand":[],"product_cat":[2361,2398,2373],"product_tag":[5679,5689],"class_list":{"0":"post-71105","1":"product","2":"type-product","3":"status-publish","4":"has-post-thumbnail","6":"pwb-brand-kikkaboo-potepanje","7":"pwb-brand-potepanje","8":"product_cat-potepanje","9":"product_cat-previjalne-torbe","10":"product_cat-previjalne-torbe-za-vozicek","11":"product_tag-kikkaboo","12":"product_tag-kikkaboo-maxi","14":"first","15":"instock","16":"taxable","17":"shipping-taxable","18":"purchasable","19":"product-type-simple","20":"add-to-wishlist-before_image"},"yoast_head":"<!-- This site is optimized with the Yoast SEO plugin v27.3 - https:\/\/yoast.com\/product\/yoast-seo-wordpress\/ -->\n<title>Previjalna torba KikkaBoo\u00ae Maxi - New Black | Ajatutaja<\/title>\n<meta name=\"description\" content=\"Prakti\u010dna in modna previjalna torba KikkaBoo\u00ae Maxi je dovolj prostorna, da vanjo spravite vse kar potrebuje va\u0161 mal\u010dek. S pomo\u010djo prilo\u017eenih pasov, pa jo enostavno namestimo na ro\u010daj otro\u0161kega vozi\u010dka.\" \/>\n<meta name=\"robots\" content=\"index, follow, max-snippet:-1, max-image-preview:large, max-video-preview:-1\" \/>\n<link rel=\"canonical\" href=\"https:\/\/ajatutaja.com\/izdelek\/previjalna-torba-kikkaboo-maxi-black\/\" \/>\n<meta property=\"og:locale\" content=\"hr_HR\" \/>\n<meta property=\"og:type\" content=\"article\" \/>\n<meta property=\"og:title\" content=\"Previjalna torba KikkaBoo\u00ae Maxi - New Black | Ajatutaja\" \/>\n<meta property=\"og:description\" content=\"Prakti\u010dna in modna previjalna torba KikkaBoo\u00ae Maxi je dovolj prostorna, da vanjo spravite vse kar potrebuje va\u0161 mal\u010dek. S pomo\u010djo prilo\u017eenih pasov, pa jo enostavno namestimo na ro\u010daj otro\u0161kega vozi\u010dka.\" \/>\n<meta property=\"og:url\" content=\"https:\/\/ajatutaja.com\/izdelek\/previjalna-torba-kikkaboo-maxi-black\/\" \/>\n<meta property=\"og:site_name\" content=\"Ajatutaja\" \/>\n<meta property=\"article:modified_time\" content=\"2026-03-24T11:46:23+00:00\" \/>\n<meta property=\"og:image\" content=\"https:\/\/ajatutaja.com\/wp-content\/uploads\/2024\/11\/Kiikkaboo-previjalna-torba-maxi-black-gold-new-2.jpeg\" \/>\n\t<meta property=\"og:image:width\" content=\"1080\" \/>\n\t<meta property=\"og:image:height\" content=\"1080\" \/>\n\t<meta property=\"og:image:type\" content=\"image\/jpeg\" \/>\n<meta name=\"twitter:card\" content=\"summary_large_image\" \/>\n<meta name=\"twitter:label1\" content=\"Procijenjeno vrijeme \u010ditanja\" \/>\n\t<meta name=\"twitter:data1\" content=\"1 minuta\" \/>\n<script type=\"application\/ld+json\" class=\"yoast-schema-graph\">{\"@context\":\"https:\\\/\\\/schema.org\",\"@graph\":[{\"@type\":\"WebPage\",\"@id\":\"https:\\\/\\\/ajatutaja.com\\\/izdelek\\\/previjalna-torba-kikkaboo-maxi-black\\\/\",\"url\":\"https:\\\/\\\/ajatutaja.com\\\/izdelek\\\/previjalna-torba-kikkaboo-maxi-black\\\/\",\"name\":\"Previjalna torba KikkaBoo\u00ae Maxi - New Black | Ajatutaja\",\"isPartOf\":{\"@id\":\"https:\\\/\\\/ajatutaja.com\\\/#website\"},\"primaryImageOfPage\":{\"@id\":\"https:\\\/\\\/ajatutaja.com\\\/izdelek\\\/previjalna-torba-kikkaboo-maxi-black\\\/#primaryimage\"},\"image\":{\"@id\":\"https:\\\/\\\/ajatutaja.com\\\/izdelek\\\/previjalna-torba-kikkaboo-maxi-black\\\/#primaryimage\"},\"thumbnailUrl\":\"https:\\\/\\\/ajatutaja.com\\\/wp-content\\\/uploads\\\/2024\\\/11\\\/Kiikkaboo-previjalna-torba-maxi-black-gold-new-2.jpeg\",\"datePublished\":\"2025-02-10T15:19:01+00:00\",\"dateModified\":\"2026-03-24T11:46:23+00:00\",\"description\":\"Prakti\u010dna in modna previjalna torba KikkaBoo\u00ae Maxi je dovolj prostorna, da vanjo spravite vse kar potrebuje va\u0161 mal\u010dek. S pomo\u010djo prilo\u017eenih pasov, pa jo enostavno namestimo na ro\u010daj otro\u0161kega vozi\u010dka.\",\"breadcrumb\":{\"@id\":\"https:\\\/\\\/ajatutaja.com\\\/izdelek\\\/previjalna-torba-kikkaboo-maxi-black\\\/#breadcrumb\"},\"inLanguage\":\"hr\",\"potentialAction\":[{\"@type\":\"ReadAction\",\"target\":[\"https:\\\/\\\/ajatutaja.com\\\/izdelek\\\/previjalna-torba-kikkaboo-maxi-black\\\/\"]}]},{\"@type\":\"ImageObject\",\"inLanguage\":\"hr\",\"@id\":\"https:\\\/\\\/ajatutaja.com\\\/izdelek\\\/previjalna-torba-kikkaboo-maxi-black\\\/#primaryimage\",\"url\":\"https:\\\/\\\/ajatutaja.com\\\/wp-content\\\/uploads\\\/2024\\\/11\\\/Kiikkaboo-previjalna-torba-maxi-black-gold-new-2.jpeg\",\"contentUrl\":\"https:\\\/\\\/ajatutaja.com\\\/wp-content\\\/uploads\\\/2024\\\/11\\\/Kiikkaboo-previjalna-torba-maxi-black-gold-new-2.jpeg\",\"width\":1080,\"height\":1080},{\"@type\":\"BreadcrumbList\",\"@id\":\"https:\\\/\\\/ajatutaja.com\\\/izdelek\\\/previjalna-torba-kikkaboo-maxi-black\\\/#breadcrumb\",\"itemListElement\":[{\"@type\":\"ListItem\",\"position\":1,\"name\":\"Home\",\"item\":\"https:\\\/\\\/ajatutaja.com\\\/hr\\\/\"},{\"@type\":\"ListItem\",\"position\":2,\"name\":\"Trgovina\",\"item\":\"https:\\\/\\\/ajatutaja.com\\\/hr\\\/trgovina\\\/\"},{\"@type\":\"ListItem\",\"position\":3,\"name\":\"Previjalna torba KikkaBoo\u00ae Maxi &#8211; New Black\"}]},{\"@type\":\"WebSite\",\"@id\":\"https:\\\/\\\/ajatutaja.com\\\/#website\",\"url\":\"https:\\\/\\\/ajatutaja.com\\\/\",\"name\":\"Ajatutaja\",\"description\":\"Otro\u0161ka spletna trgovina AJATUTAJA\",\"publisher\":{\"@id\":\"https:\\\/\\\/ajatutaja.com\\\/#organization\"},\"potentialAction\":[{\"@type\":\"SearchAction\",\"target\":{\"@type\":\"EntryPoint\",\"urlTemplate\":\"https:\\\/\\\/ajatutaja.com\\\/?s={search_term_string}\"},\"query-input\":{\"@type\":\"PropertyValueSpecification\",\"valueRequired\":true,\"valueName\":\"search_term_string\"}}],\"inLanguage\":\"hr\"},{\"@type\":\"Organization\",\"@id\":\"https:\\\/\\\/ajatutaja.com\\\/#organization\",\"name\":\"Ajatutaja\",\"url\":\"https:\\\/\\\/ajatutaja.com\\\/\",\"logo\":{\"@type\":\"ImageObject\",\"inLanguage\":\"hr\",\"@id\":\"https:\\\/\\\/ajatutaja.com\\\/#\\\/schema\\\/logo\\\/image\\\/\",\"url\":\"https:\\\/\\\/ajatutaja.com\\\/wp-content\\\/uploads\\\/2021\\\/10\\\/logo.png\",\"contentUrl\":\"https:\\\/\\\/ajatutaja.com\\\/wp-content\\\/uploads\\\/2021\\\/10\\\/logo.png\",\"width\":555,\"height\":150,\"caption\":\"Ajatutaja\"},\"image\":{\"@id\":\"https:\\\/\\\/ajatutaja.com\\\/#\\\/schema\\\/logo\\\/image\\\/\"}}]}<\/script>\n<!-- \/ Yoast SEO plugin. -->","yoast_head_json":{"title":"Previjalna torba KikkaBoo\u00ae Maxi - New Black | Ajatutaja","description":"Prakti\u010dna in modna previjalna torba KikkaBoo\u00ae Maxi je dovolj prostorna, da vanjo spravite vse kar potrebuje va\u0161 mal\u010dek. S pomo\u010djo prilo\u017eenih pasov, pa jo enostavno namestimo na ro\u010daj otro\u0161kega vozi\u010dka.","robots":{"index":"index","follow":"follow","max-snippet":"max-snippet:-1","max-image-preview":"max-image-preview:large","max-video-preview":"max-video-preview:-1"},"canonical":"https:\/\/ajatutaja.com\/izdelek\/previjalna-torba-kikkaboo-maxi-black\/","og_locale":"hr_HR","og_type":"article","og_title":"Previjalna torba KikkaBoo\u00ae Maxi - New Black | Ajatutaja","og_description":"Prakti\u010dna in modna previjalna torba KikkaBoo\u00ae Maxi je dovolj prostorna, da vanjo spravite vse kar potrebuje va\u0161 mal\u010dek. S pomo\u010djo prilo\u017eenih pasov, pa jo enostavno namestimo na ro\u010daj otro\u0161kega vozi\u010dka.","og_url":"https:\/\/ajatutaja.com\/izdelek\/previjalna-torba-kikkaboo-maxi-black\/","og_site_name":"Ajatutaja","article_modified_time":"2026-03-24T11:46:23+00:00","og_image":[{"width":1080,"height":1080,"url":"https:\/\/ajatutaja.com\/wp-content\/uploads\/2024\/11\/Kiikkaboo-previjalna-torba-maxi-black-gold-new-2.jpeg","type":"image\/jpeg"}],"twitter_card":"summary_large_image","twitter_misc":{"Procijenjeno vrijeme \u010ditanja":"1 minuta"},"schema":{"@context":"https:\/\/schema.org","@graph":[{"@type":"WebPage","@id":"https:\/\/ajatutaja.com\/izdelek\/previjalna-torba-kikkaboo-maxi-black\/","url":"https:\/\/ajatutaja.com\/izdelek\/previjalna-torba-kikkaboo-maxi-black\/","name":"Previjalna torba KikkaBoo\u00ae Maxi - New Black | Ajatutaja","isPartOf":{"@id":"https:\/\/ajatutaja.com\/#website"},"primaryImageOfPage":{"@id":"https:\/\/ajatutaja.com\/izdelek\/previjalna-torba-kikkaboo-maxi-black\/#primaryimage"},"image":{"@id":"https:\/\/ajatutaja.com\/izdelek\/previjalna-torba-kikkaboo-maxi-black\/#primaryimage"},"thumbnailUrl":"https:\/\/ajatutaja.com\/wp-content\/uploads\/2024\/11\/Kiikkaboo-previjalna-torba-maxi-black-gold-new-2.jpeg","datePublished":"2025-02-10T15:19:01+00:00","dateModified":"2026-03-24T11:46:23+00:00","description":"Prakti\u010dna in modna previjalna torba KikkaBoo\u00ae Maxi je dovolj prostorna, da vanjo spravite vse kar potrebuje va\u0161 mal\u010dek. S pomo\u010djo prilo\u017eenih pasov, pa jo enostavno namestimo na ro\u010daj otro\u0161kega vozi\u010dka.","breadcrumb":{"@id":"https:\/\/ajatutaja.com\/izdelek\/previjalna-torba-kikkaboo-maxi-black\/#breadcrumb"},"inLanguage":"hr","potentialAction":[{"@type":"ReadAction","target":["https:\/\/ajatutaja.com\/izdelek\/previjalna-torba-kikkaboo-maxi-black\/"]}]},{"@type":"ImageObject","inLanguage":"hr","@id":"https:\/\/ajatutaja.com\/izdelek\/previjalna-torba-kikkaboo-maxi-black\/#primaryimage","url":"https:\/\/ajatutaja.com\/wp-content\/uploads\/2024\/11\/Kiikkaboo-previjalna-torba-maxi-black-gold-new-2.jpeg","contentUrl":"https:\/\/ajatutaja.com\/wp-content\/uploads\/2024\/11\/Kiikkaboo-previjalna-torba-maxi-black-gold-new-2.jpeg","width":1080,"height":1080},{"@type":"BreadcrumbList","@id":"https:\/\/ajatutaja.com\/izdelek\/previjalna-torba-kikkaboo-maxi-black\/#breadcrumb","itemListElement":[{"@type":"ListItem","position":1,"name":"Home","item":"https:\/\/ajatutaja.com\/hr\/"},{"@type":"ListItem","position":2,"name":"Trgovina","item":"https:\/\/ajatutaja.com\/hr\/trgovina\/"},{"@type":"ListItem","position":3,"name":"Previjalna torba KikkaBoo\u00ae Maxi &#8211; New Black"}]},{"@type":"WebSite","@id":"https:\/\/ajatutaja.com\/#website","url":"https:\/\/ajatutaja.com\/","name":"Ajatutaja","description":"Otro\u0161ka spletna trgovina AJATUTAJA","publisher":{"@id":"https:\/\/ajatutaja.com\/#organization"},"potentialAction":[{"@type":"SearchAction","target":{"@type":"EntryPoint","urlTemplate":"https:\/\/ajatutaja.com\/?s={search_term_string}"},"query-input":{"@type":"PropertyValueSpecification","valueRequired":true,"valueName":"search_term_string"}}],"inLanguage":"hr"},{"@type":"Organization","@id":"https:\/\/ajatutaja.com\/#organization","name":"Ajatutaja","url":"https:\/\/ajatutaja.com\/","logo":{"@type":"ImageObject","inLanguage":"hr","@id":"https:\/\/ajatutaja.com\/#\/schema\/logo\/image\/","url":"https:\/\/ajatutaja.com\/wp-content\/uploads\/2021\/10\/logo.png","contentUrl":"https:\/\/ajatutaja.com\/wp-content\/uploads\/2021\/10\/logo.png","width":555,"height":150,"caption":"Ajatutaja"},"image":{"@id":"https:\/\/ajatutaja.com\/#\/schema\/logo\/image\/"}}]}},"brands":[{"id":5686,"name":"KikkaBoo","slug":"kikkaboo-potepanje"},{"id":2409,"name":"Potepanje","slug":"potepanje"}],"_links":{"self":[{"href":"https:\/\/ajatutaja.com\/hr\/wp-json\/wp\/v2\/product\/71105","targetHints":{"allow":["GET"]}}],"collection":[{"href":"https:\/\/ajatutaja.com\/hr\/wp-json\/wp\/v2\/product"}],"about":[{"href":"https:\/\/ajatutaja.com\/hr\/wp-json\/wp\/v2\/types\/product"}],"wp:featuredmedia":[{"embeddable":true,"href":"https:\/\/ajatutaja.com\/hr\/wp-json\/wp\/v2\/media\/73283"}],"wp:attachment":[{"href":"https:\/\/ajatutaja.com\/hr\/wp-json\/wp\/v2\/media?parent=71105"}],"wp:term":[{"taxonomy":"pwb-brand","embeddable":true,"href":"https:\/\/ajatutaja.com\/hr\/wp-json\/wp\/v2\/pwb-brand?post=71105"},{"taxonomy":"product_brand","embeddable":true,"href":"https:\/\/ajatutaja.com\/hr\/wp-json\/wp\/v2\/product_brand?post=71105"},{"taxonomy":"product_cat","embeddable":true,"href":"https:\/\/ajatutaja.com\/hr\/wp-json\/wp\/v2\/product_cat?post=71105"},{"taxonomy":"product_tag","embeddable":true,"href":"https:\/\/ajatutaja.com\/hr\/wp-json\/wp\/v2\/product_tag?post=71105"}],"curies":[{"name":"wp","href":"https:\/\/api.w.org\/{rel}","templated":true}]}}