{"id":71063,"date":"2024-11-27T15:49:46","date_gmt":"2024-11-27T14:49:46","guid":{"rendered":"https:\/\/ajatutaja.com\/?post_type=product&#038;p=71063"},"modified":"2026-04-14T20:37:19","modified_gmt":"2026-04-14T18:37:19","slug":"mehka-deluxe-glasbena-igraca-za-umirjanje-zazu-zajcek-ro-white","status":"publish","type":"product","link":"https:\/\/ajatutaja.com\/hr\/proizvod\/mehka-deluxe-glasbena-igraca-za-umirjanje-zazu-zajcek-ro-white\/","title":{"rendered":"Mehka Deluxe glasbena igra\u010da za umirjanje ZAZU &#8211; Zaj\u010dek Ro &#8211; White"},"content":{"rendered":"<p>[vc_row][vc_column][vc_column_text]<\/p>\n<h3>Lastnosti ninice Zazu Brody:<\/h3>\n<ul>\n<li>Prilagodljive no\u010dne lu\u010dke: Izbirajte med \u010dudovitimi barvami \u2013 od tople rde\u010de do ve\u010dbarvnega sijaja, ki ustvarijo popolno vzdu\u0161je.<\/li>\n<li>Nastavljiva svetlost: Tri stopnje svetlosti omogo\u010dajo, da prilagodite lu\u010dko glede na potrebe va\u0161ega otroka.<\/li>\n<li>10 edinstvenih melodij: Sr\u010dni utrip, beli \u0161um, &#8220;\u0161\u0161\u0161&#8221; zvok, spro\u0161\u010dujo\u010do &#8220;lounge&#8221; glasbo, dihanje, zvoke oceana, afri\u0161ki son\u010dni zahod in 3 uspavanke.<\/li>\n<li>Upravljanje glasnosti: S tremi stopnjami glasnosti lahko zvoke prilagodite ob\u010dutljivim otro\u0161kim u\u0161eskom.<\/li>\n<li>Samodejni izklop ali neprekinjen na\u010din: Izberite, ali \u017eelite, da Zaj\u010dek Ro deluje celo no\u010d ali se ne\u017eno izklopi po 20-40 minutah.<\/li>\n<li>Pametni senzor joka: Ko dojen\u010dek zajoka, se Zaj\u010dek Ro avtomatsko vklopi in umiri otroka, tako da boste imeli manj prekinitev spanca.<\/li>\n<li>Polnilna baterija: Zaj\u010dek Ro ima dolgo \u017eivljenjsko dobo baterije in vklju\u010duje USB-C polnilni kabel za va\u0161o udobnost.<\/li>\n<\/ul>\n<p><strong>Specifikacije:<\/strong><\/p>\n<ul>\n<li>Velikost: 16 x 10 x 24 cm<\/li>\n<li>Primerna od rojstva naprej, ustreza vsem predpisanim EU standardom.<\/li>\n<\/ul>\n<p>Neodvisne raziskave so pokazale, da se velika ve\u010dina otrok pono\u010di zbuja, ker jih je strah teme ali ti\u0161ine. Do tretjega leta starosti je obi\u010dajno najve\u010dja te\u017eava ti\u0161ina, ker je otrok navajen, da je v maternici ves \u010das poslu\u0161al zvoke, sedaj pa se zbudi v ti\u0161ini. Iz tega razloga se navadno otrok na no\u010d zbudi 3-6x ve\u010d kot bi se obi\u010dajno, \u010de ne bi bilo te te\u017eave.<br \/>\nDo prvega leta starosti samodejni predvajalnik zvoka maternice umiri otroka, da zaspi nazaj, razen ko je resni\u010dno la\u010den.\u00a0 Je tudi odli\u010dna ninica, ki se lahko obesi na rob postelje. Mal\u010dek pa se bo vedno rad pocartljal z njo.[\/vc_column_text][\/vc_column][\/vc_row]<\/p>\n","protected":false},"excerpt":{"rendered":"<div style=\"text-align: justify\">\n<div class=\"short-description\">\n<div class=\"short-description\">\n<p>Zaj\u010dek Ro je ve\u010d kot le mehka igra\u010da \u2013 je va\u0161 zvesti pomo\u010dnik pri zagotavljanju pomirjujo\u010dega spanca. Z izjemnimi funkcijami, kot so pomirjujo\u010de melodije, ne\u017ena no\u010dna lu\u010dka in pametni senzor joka, bo va\u0161 mal\u010dek hitro potonil v sladek spanec. Ko se dojen\u010dek prebudi, Zaj\u010dek Ro samodejno za\u017eene zadnje nastavitve in ga znova umiri.<\/p>\n<p>&nbsp;<\/p>\n<\/div>\n<\/div>\n<\/div>\n","protected":false},"featured_media":71064,"template":"","meta":[],"pwb-brand":[2452,2611,2641,5010],"product_brand":[],"product_cat":[3986,2710,2717,2711,2713,2362,2606,3985,2593],"product_tag":[5009],"class_list":{"0":"post-71063","1":"product","2":"type-product","3":"status-publish","4":"has-post-thumbnail","6":"pwb-brand-igranje","7":"pwb-brand-spanje","8":"pwb-brand-zazu","9":"pwb-brand-zazu-igranje","10":"product_cat-novorojencek-igrace","11":"product_cat-babyshower-darila","12":"product_cat-darilo-do-50e","13":"product_cat-darilo-ob-rojstvu","14":"product_cat-darilo-za-deklico","15":"product_cat-igranje","16":"product_cat-nocne-lucke","17":"product_cat-po-starosti","18":"product_cat-spanje","19":"product_tag-zazu","21":"first","22":"instock","23":"taxable","24":"shipping-taxable","25":"purchasable","26":"product-type-simple","27":"add-to-wishlist-before_image"},"yoast_head":"<!-- This site is optimized with the Yoast SEO plugin v27.3 - https:\/\/yoast.com\/product\/yoast-seo-wordpress\/ -->\n<title>Mehka Deluxe glasbena igra\u010da za umirjanje ZAZU - Zaj\u010dek Ro - White | Ajatutaja<\/title>\n<meta name=\"description\" content=\"Zaj\u010dek Ro je ve\u010d kot le mehka igra\u010da \u2013 je va\u0161 zvesti pomo\u010dnik pri zagotavljanju pomirjujo\u010dega spanca.\" \/>\n<meta name=\"robots\" content=\"index, follow, max-snippet:-1, max-image-preview:large, max-video-preview:-1\" \/>\n<link rel=\"canonical\" href=\"https:\/\/ajatutaja.com\/izdelek\/mehka-deluxe-glasbena-igraca-za-umirjanje-zazu-zajcek-ro-white\/\" \/>\n<meta property=\"og:locale\" content=\"hr_HR\" \/>\n<meta property=\"og:type\" content=\"article\" \/>\n<meta property=\"og:title\" content=\"Mehka Deluxe glasbena igra\u010da za umirjanje ZAZU - Zaj\u010dek Ro - White | Ajatutaja\" \/>\n<meta property=\"og:description\" content=\"Zaj\u010dek Ro je ve\u010d kot le mehka igra\u010da \u2013 je va\u0161 zvesti pomo\u010dnik pri zagotavljanju pomirjujo\u010dega spanca.\" \/>\n<meta property=\"og:url\" content=\"https:\/\/ajatutaja.com\/izdelek\/mehka-deluxe-glasbena-igraca-za-umirjanje-zazu-zajcek-ro-white\/\" \/>\n<meta property=\"og:site_name\" content=\"Ajatutaja\" \/>\n<meta property=\"article:modified_time\" content=\"2026-04-14T18:37:19+00:00\" \/>\n<meta property=\"og:image\" content=\"https:\/\/ajatutaja.com\/wp-content\/uploads\/2024\/11\/915-ZAZU-Mehka-Deluxe-Zajcek-Ro-White-1.jpg\" \/>\n\t<meta property=\"og:image:width\" content=\"1000\" \/>\n\t<meta property=\"og:image:height\" content=\"1000\" \/>\n\t<meta property=\"og:image:type\" content=\"image\/jpeg\" \/>\n<meta name=\"twitter:card\" content=\"summary_large_image\" \/>\n<meta name=\"twitter:label1\" content=\"Procijenjeno vrijeme \u010ditanja\" \/>\n\t<meta name=\"twitter:data1\" content=\"2 minute\" \/>\n<script type=\"application\/ld+json\" class=\"yoast-schema-graph\">{\"@context\":\"https:\\\/\\\/schema.org\",\"@graph\":[{\"@type\":\"WebPage\",\"@id\":\"https:\\\/\\\/ajatutaja.com\\\/izdelek\\\/mehka-deluxe-glasbena-igraca-za-umirjanje-zazu-zajcek-ro-white\\\/\",\"url\":\"https:\\\/\\\/ajatutaja.com\\\/izdelek\\\/mehka-deluxe-glasbena-igraca-za-umirjanje-zazu-zajcek-ro-white\\\/\",\"name\":\"Mehka Deluxe glasbena igra\u010da za umirjanje ZAZU - Zaj\u010dek Ro - White | Ajatutaja\",\"isPartOf\":{\"@id\":\"https:\\\/\\\/ajatutaja.com\\\/#website\"},\"primaryImageOfPage\":{\"@id\":\"https:\\\/\\\/ajatutaja.com\\\/izdelek\\\/mehka-deluxe-glasbena-igraca-za-umirjanje-zazu-zajcek-ro-white\\\/#primaryimage\"},\"image\":{\"@id\":\"https:\\\/\\\/ajatutaja.com\\\/izdelek\\\/mehka-deluxe-glasbena-igraca-za-umirjanje-zazu-zajcek-ro-white\\\/#primaryimage\"},\"thumbnailUrl\":\"https:\\\/\\\/ajatutaja.com\\\/wp-content\\\/uploads\\\/2024\\\/11\\\/915-ZAZU-Mehka-Deluxe-Zajcek-Ro-White-1.jpg\",\"datePublished\":\"2024-11-27T14:49:46+00:00\",\"dateModified\":\"2026-04-14T18:37:19+00:00\",\"description\":\"Zaj\u010dek Ro je ve\u010d kot le mehka igra\u010da \u2013 je va\u0161 zvesti pomo\u010dnik pri zagotavljanju pomirjujo\u010dega spanca.\",\"breadcrumb\":{\"@id\":\"https:\\\/\\\/ajatutaja.com\\\/izdelek\\\/mehka-deluxe-glasbena-igraca-za-umirjanje-zazu-zajcek-ro-white\\\/#breadcrumb\"},\"inLanguage\":\"hr\",\"potentialAction\":[{\"@type\":\"ReadAction\",\"target\":[\"https:\\\/\\\/ajatutaja.com\\\/izdelek\\\/mehka-deluxe-glasbena-igraca-za-umirjanje-zazu-zajcek-ro-white\\\/\"]}]},{\"@type\":\"ImageObject\",\"inLanguage\":\"hr\",\"@id\":\"https:\\\/\\\/ajatutaja.com\\\/izdelek\\\/mehka-deluxe-glasbena-igraca-za-umirjanje-zazu-zajcek-ro-white\\\/#primaryimage\",\"url\":\"https:\\\/\\\/ajatutaja.com\\\/wp-content\\\/uploads\\\/2024\\\/11\\\/915-ZAZU-Mehka-Deluxe-Zajcek-Ro-White-1.jpg\",\"contentUrl\":\"https:\\\/\\\/ajatutaja.com\\\/wp-content\\\/uploads\\\/2024\\\/11\\\/915-ZAZU-Mehka-Deluxe-Zajcek-Ro-White-1.jpg\",\"width\":1000,\"height\":1000},{\"@type\":\"BreadcrumbList\",\"@id\":\"https:\\\/\\\/ajatutaja.com\\\/izdelek\\\/mehka-deluxe-glasbena-igraca-za-umirjanje-zazu-zajcek-ro-white\\\/#breadcrumb\",\"itemListElement\":[{\"@type\":\"ListItem\",\"position\":1,\"name\":\"Home\",\"item\":\"https:\\\/\\\/ajatutaja.com\\\/hr\\\/\"},{\"@type\":\"ListItem\",\"position\":2,\"name\":\"Trgovina\",\"item\":\"https:\\\/\\\/ajatutaja.com\\\/hr\\\/trgovina\\\/\"},{\"@type\":\"ListItem\",\"position\":3,\"name\":\"Mehka Deluxe glasbena igra\u010da za umirjanje ZAZU &#8211; Zaj\u010dek Ro &#8211; White\"}]},{\"@type\":\"WebSite\",\"@id\":\"https:\\\/\\\/ajatutaja.com\\\/#website\",\"url\":\"https:\\\/\\\/ajatutaja.com\\\/\",\"name\":\"Ajatutaja\",\"description\":\"Otro\u0161ka spletna trgovina AJATUTAJA\",\"publisher\":{\"@id\":\"https:\\\/\\\/ajatutaja.com\\\/#organization\"},\"potentialAction\":[{\"@type\":\"SearchAction\",\"target\":{\"@type\":\"EntryPoint\",\"urlTemplate\":\"https:\\\/\\\/ajatutaja.com\\\/?s={search_term_string}\"},\"query-input\":{\"@type\":\"PropertyValueSpecification\",\"valueRequired\":true,\"valueName\":\"search_term_string\"}}],\"inLanguage\":\"hr\"},{\"@type\":\"Organization\",\"@id\":\"https:\\\/\\\/ajatutaja.com\\\/#organization\",\"name\":\"Ajatutaja\",\"url\":\"https:\\\/\\\/ajatutaja.com\\\/\",\"logo\":{\"@type\":\"ImageObject\",\"inLanguage\":\"hr\",\"@id\":\"https:\\\/\\\/ajatutaja.com\\\/#\\\/schema\\\/logo\\\/image\\\/\",\"url\":\"https:\\\/\\\/ajatutaja.com\\\/wp-content\\\/uploads\\\/2021\\\/10\\\/logo.png\",\"contentUrl\":\"https:\\\/\\\/ajatutaja.com\\\/wp-content\\\/uploads\\\/2021\\\/10\\\/logo.png\",\"width\":555,\"height\":150,\"caption\":\"Ajatutaja\"},\"image\":{\"@id\":\"https:\\\/\\\/ajatutaja.com\\\/#\\\/schema\\\/logo\\\/image\\\/\"}}]}<\/script>\n<!-- \/ Yoast SEO plugin. -->","yoast_head_json":{"title":"Mehka Deluxe glasbena igra\u010da za umirjanje ZAZU - Zaj\u010dek Ro - White | Ajatutaja","description":"Zaj\u010dek Ro je ve\u010d kot le mehka igra\u010da \u2013 je va\u0161 zvesti pomo\u010dnik pri zagotavljanju pomirjujo\u010dega spanca.","robots":{"index":"index","follow":"follow","max-snippet":"max-snippet:-1","max-image-preview":"max-image-preview:large","max-video-preview":"max-video-preview:-1"},"canonical":"https:\/\/ajatutaja.com\/izdelek\/mehka-deluxe-glasbena-igraca-za-umirjanje-zazu-zajcek-ro-white\/","og_locale":"hr_HR","og_type":"article","og_title":"Mehka Deluxe glasbena igra\u010da za umirjanje ZAZU - Zaj\u010dek Ro - White | Ajatutaja","og_description":"Zaj\u010dek Ro je ve\u010d kot le mehka igra\u010da \u2013 je va\u0161 zvesti pomo\u010dnik pri zagotavljanju pomirjujo\u010dega spanca.","og_url":"https:\/\/ajatutaja.com\/izdelek\/mehka-deluxe-glasbena-igraca-za-umirjanje-zazu-zajcek-ro-white\/","og_site_name":"Ajatutaja","article_modified_time":"2026-04-14T18:37:19+00:00","og_image":[{"width":1000,"height":1000,"url":"https:\/\/ajatutaja.com\/wp-content\/uploads\/2024\/11\/915-ZAZU-Mehka-Deluxe-Zajcek-Ro-White-1.jpg","type":"image\/jpeg"}],"twitter_card":"summary_large_image","twitter_misc":{"Procijenjeno vrijeme \u010ditanja":"2 minute"},"schema":{"@context":"https:\/\/schema.org","@graph":[{"@type":"WebPage","@id":"https:\/\/ajatutaja.com\/izdelek\/mehka-deluxe-glasbena-igraca-za-umirjanje-zazu-zajcek-ro-white\/","url":"https:\/\/ajatutaja.com\/izdelek\/mehka-deluxe-glasbena-igraca-za-umirjanje-zazu-zajcek-ro-white\/","name":"Mehka Deluxe glasbena igra\u010da za umirjanje ZAZU - Zaj\u010dek Ro - White | Ajatutaja","isPartOf":{"@id":"https:\/\/ajatutaja.com\/#website"},"primaryImageOfPage":{"@id":"https:\/\/ajatutaja.com\/izdelek\/mehka-deluxe-glasbena-igraca-za-umirjanje-zazu-zajcek-ro-white\/#primaryimage"},"image":{"@id":"https:\/\/ajatutaja.com\/izdelek\/mehka-deluxe-glasbena-igraca-za-umirjanje-zazu-zajcek-ro-white\/#primaryimage"},"thumbnailUrl":"https:\/\/ajatutaja.com\/wp-content\/uploads\/2024\/11\/915-ZAZU-Mehka-Deluxe-Zajcek-Ro-White-1.jpg","datePublished":"2024-11-27T14:49:46+00:00","dateModified":"2026-04-14T18:37:19+00:00","description":"Zaj\u010dek Ro je ve\u010d kot le mehka igra\u010da \u2013 je va\u0161 zvesti pomo\u010dnik pri zagotavljanju pomirjujo\u010dega spanca.","breadcrumb":{"@id":"https:\/\/ajatutaja.com\/izdelek\/mehka-deluxe-glasbena-igraca-za-umirjanje-zazu-zajcek-ro-white\/#breadcrumb"},"inLanguage":"hr","potentialAction":[{"@type":"ReadAction","target":["https:\/\/ajatutaja.com\/izdelek\/mehka-deluxe-glasbena-igraca-za-umirjanje-zazu-zajcek-ro-white\/"]}]},{"@type":"ImageObject","inLanguage":"hr","@id":"https:\/\/ajatutaja.com\/izdelek\/mehka-deluxe-glasbena-igraca-za-umirjanje-zazu-zajcek-ro-white\/#primaryimage","url":"https:\/\/ajatutaja.com\/wp-content\/uploads\/2024\/11\/915-ZAZU-Mehka-Deluxe-Zajcek-Ro-White-1.jpg","contentUrl":"https:\/\/ajatutaja.com\/wp-content\/uploads\/2024\/11\/915-ZAZU-Mehka-Deluxe-Zajcek-Ro-White-1.jpg","width":1000,"height":1000},{"@type":"BreadcrumbList","@id":"https:\/\/ajatutaja.com\/izdelek\/mehka-deluxe-glasbena-igraca-za-umirjanje-zazu-zajcek-ro-white\/#breadcrumb","itemListElement":[{"@type":"ListItem","position":1,"name":"Home","item":"https:\/\/ajatutaja.com\/hr\/"},{"@type":"ListItem","position":2,"name":"Trgovina","item":"https:\/\/ajatutaja.com\/hr\/trgovina\/"},{"@type":"ListItem","position":3,"name":"Mehka Deluxe glasbena igra\u010da za umirjanje ZAZU &#8211; Zaj\u010dek Ro &#8211; White"}]},{"@type":"WebSite","@id":"https:\/\/ajatutaja.com\/#website","url":"https:\/\/ajatutaja.com\/","name":"Ajatutaja","description":"Otro\u0161ka spletna trgovina AJATUTAJA","publisher":{"@id":"https:\/\/ajatutaja.com\/#organization"},"potentialAction":[{"@type":"SearchAction","target":{"@type":"EntryPoint","urlTemplate":"https:\/\/ajatutaja.com\/?s={search_term_string}"},"query-input":{"@type":"PropertyValueSpecification","valueRequired":true,"valueName":"search_term_string"}}],"inLanguage":"hr"},{"@type":"Organization","@id":"https:\/\/ajatutaja.com\/#organization","name":"Ajatutaja","url":"https:\/\/ajatutaja.com\/","logo":{"@type":"ImageObject","inLanguage":"hr","@id":"https:\/\/ajatutaja.com\/#\/schema\/logo\/image\/","url":"https:\/\/ajatutaja.com\/wp-content\/uploads\/2021\/10\/logo.png","contentUrl":"https:\/\/ajatutaja.com\/wp-content\/uploads\/2021\/10\/logo.png","width":555,"height":150,"caption":"Ajatutaja"},"image":{"@id":"https:\/\/ajatutaja.com\/#\/schema\/logo\/image\/"}}]}},"brands":[{"id":2452,"name":"Igranje","slug":"igranje"},{"id":2611,"name":"Spanje","slug":"spanje"},{"id":2641,"name":"Zazu","slug":"zazu"},{"id":5010,"name":"Zazu","slug":"zazu-igranje"}],"_links":{"self":[{"href":"https:\/\/ajatutaja.com\/hr\/wp-json\/wp\/v2\/product\/71063","targetHints":{"allow":["GET"]}}],"collection":[{"href":"https:\/\/ajatutaja.com\/hr\/wp-json\/wp\/v2\/product"}],"about":[{"href":"https:\/\/ajatutaja.com\/hr\/wp-json\/wp\/v2\/types\/product"}],"wp:featuredmedia":[{"embeddable":true,"href":"https:\/\/ajatutaja.com\/hr\/wp-json\/wp\/v2\/media\/71064"}],"wp:attachment":[{"href":"https:\/\/ajatutaja.com\/hr\/wp-json\/wp\/v2\/media?parent=71063"}],"wp:term":[{"taxonomy":"pwb-brand","embeddable":true,"href":"https:\/\/ajatutaja.com\/hr\/wp-json\/wp\/v2\/pwb-brand?post=71063"},{"taxonomy":"product_brand","embeddable":true,"href":"https:\/\/ajatutaja.com\/hr\/wp-json\/wp\/v2\/product_brand?post=71063"},{"taxonomy":"product_cat","embeddable":true,"href":"https:\/\/ajatutaja.com\/hr\/wp-json\/wp\/v2\/product_cat?post=71063"},{"taxonomy":"product_tag","embeddable":true,"href":"https:\/\/ajatutaja.com\/hr\/wp-json\/wp\/v2\/product_tag?post=71063"}],"curies":[{"name":"wp","href":"https:\/\/api.w.org\/{rel}","templated":true}]}}