{"id":71042,"date":"2024-11-27T15:27:56","date_gmt":"2024-11-27T14:27:56","guid":{"rendered":"https:\/\/ajatutaja.com\/?post_type=product&#038;p=71042"},"modified":"2026-03-04T12:36:57","modified_gmt":"2026-03-04T11:36:57","slug":"sleep-trainer-igraca-z-lucko-in-pomirjujocimi-zvoki-zazu-brody","status":"publish","type":"product","link":"https:\/\/ajatutaja.com\/hr\/proizvod\/sleep-trainer-igraca-z-lucko-in-pomirjujocimi-zvoki-zazu-brody\/","title":{"rendered":"Sleep trainer igra\u010da z lu\u010dko in pomirjujo\u010dimi zvoki ZAZU &#8211; Brody"},"content":{"rendered":"<p>[vc_row][vc_column][vc_column_text]<\/p>\n<h3>Lastnosti ninice Zazu Brody:<\/h3>\n<p>Medvedka Brodyja zve\u010der uporabite kot <strong>no\u010dno lu\u010dko<\/strong>. Svetlost svetlobe je popolnoma nastavljiva!<\/p>\n<p>Ali je \u010das za spanje ali ne, otroku sporo\u010di barvna lu\u010dka:<\/p>\n<ul>\n<li><strong>Rde\u010da: \u010das za spanje.<\/strong> \u2013 rde\u010da lu\u010dka se samodejno izklopi po 10 minutah. Pono\u010di, ko otrok pritisne na medvedkov trebu\u0161\u010dek, bo lu\u010dka rde\u010da.<\/li>\n<li><strong>Oran\u017ena: samo \u0161e malo<\/strong>. 30 minut pred primerno uro za za\u010detek dneva bo lu\u010dka zasvetila oran\u017eno ob pritisku na trebu\u0161\u010dek. 5 minut pred bujenjem bo samodejno za\u010dela svetiti oran\u017eno.<\/li>\n<li><strong>Zelena: \u010das za vstajanje!<\/strong> Ko je \u010das za bujenje, se bo Brodyjev trebu\u0161\u010dek obarval zeleno.<\/li>\n<\/ul>\n<p><strong>PREDVAJANJE POMIRJUJO\u010cIH ZVOKOV<\/strong><\/p>\n<p>ZAZU Sleeptrainer Brody predvaja razli\u010dne pomirjujo\u010de zvoke. Izbirajte med:<\/p>\n<ul>\n<li><strong>Uspavankami<\/strong><\/li>\n<li><strong>Belim \u0161umom<\/strong><\/li>\n<li><strong>Zvoki afri\u0161kega son\u010dnega zahoda<\/strong><\/li>\n<\/ul>\n<p>Pomirjujo\u010da melodija se samodejno izklopi po 10 minutah.<\/p>\n<p><strong>SENZOR ZA JOK<\/strong><\/p>\n<p>Poleg tega se medvedek pona\u0161a s senzorjem za jok. Ko va\u0161 mal\u010dek za\u010dne jokati, Brodyjev trebu\u0161\u010dek za\u010dne svetiti rde\u010de in predvajati pomirjujo\u010de melodije, po 10 minutah pa se samodejno izklopi.<\/p>\n<ul>\n<li>Mehka igra\u010dka medvedek z Sleep Trainer modulom<\/li>\n<li>Trener spanja, no\u010dna lu\u010dka in predvajalnik pomirjujo\u010dih zvokov v enem<\/li>\n<li>Dimenzije: 16 x 40 x 12 cm<\/li>\n<li>Nastavljiva svetlost in glasnost<\/li>\n<li>Sleep Trainer, ki z razli\u010dnimi barvami poka\u017ee, ali je \u010das za vstajanje iz postelje<\/li>\n<li>Predvaja uspavanke, beli \u0161um in zvoke afri\u0161kega son\u010dnega zahoda<\/li>\n<li>Senzor za jok<\/li>\n<li>Deluje s 3 x AAA baterijami (niso prilo\u017eene)<\/li>\n<li>Ro\u010dno pranje (po odstranitvi glasbeno-svetlobnega modula)<\/li>\n<li>Primerna od rojstva naprej, ustreza vsem predpisanim EU standardom.<\/li>\n<\/ul>\n<p>Neodvisne raziskave so pokazale, da se velika ve\u010dina otrok pono\u010di zbuja, ker jih je strah teme ali ti\u0161ine. Do tretjega leta starosti je obi\u010dajno najve\u010dja te\u017eava ti\u0161ina, ker je otrok navajen, da je v maternici ves \u010das poslu\u0161al zvoke, sedaj pa se zbudi v ti\u0161ini. Iz tega razloga se navadno otrok na no\u010d zbudi 3-6x ve\u010d kot bi se obi\u010dajno, \u010de ne bi bilo te te\u017eave.<br \/>\nDo prvega leta starosti samodejni predvajalnik zvoka maternice umiri otroka, da zaspi nazaj, razen ko je resni\u010dno la\u010den.\u00a0 Je tudi odli\u010dna ninica, ki se lahko obesi na rob postelje. Mal\u010dek pa se bo vedno rad pocartljal z njo.[\/vc_column_text][\/vc_column][\/vc_row]<\/p>\n","protected":false},"excerpt":{"rendered":"<div style=\"text-align: justify\">\n<div class=\"short-description\">\n<div class=\"short-description\">\n<p>Prisr\u010den medvedek Brody je no\u010dna lu\u010dka, Sleep Trainer in zvo\u010dna naprava v enem. Mehka pli\u0161asta igra\u010da bo pomagala va\u0161emu mal\u010dku, da zve\u010der zaspi s pomirjujo\u010do no\u010dno svetlobo in tola\u017eilnimi melodijami ter se zjutraj zbudi ob pravem trenutku. Otroci \u0161e nimajo razvitega smisla za \u010das, medvedek Brody bo otroka nau\u010dil, kdaj je \u010das za spanje in vstajanje.<\/p>\n<p>&nbsp;<\/p>\n<\/div>\n<\/div>\n<\/div>\n","protected":false},"featured_media":71045,"template":"","meta":[],"pwb-brand":[2452,2611,5010,2641],"product_brand":[],"product_cat":[3986,2710,2717,2711,2713,2362,2605,2606,3985,2593],"product_tag":[5009],"class_list":{"0":"post-71042","1":"product","2":"type-product","3":"status-publish","4":"has-post-thumbnail","6":"pwb-brand-igranje","7":"pwb-brand-spanje","8":"pwb-brand-zazu-igranje","9":"pwb-brand-zazu","10":"product_cat-novorojencek-igrace","11":"product_cat-babyshower-darila","12":"product_cat-darilo-do-50e","13":"product_cat-darilo-ob-rojstvu","14":"product_cat-darilo-za-deklico","15":"product_cat-igranje","16":"product_cat-ninice","17":"product_cat-nocne-lucke","18":"product_cat-po-starosti","19":"product_cat-spanje","20":"product_tag-zazu","22":"first","23":"instock","24":"taxable","25":"shipping-taxable","26":"purchasable","27":"product-type-simple","28":"add-to-wishlist-before_image"},"yoast_head":"<!-- This site is optimized with the Yoast SEO plugin v27.3 - https:\/\/yoast.com\/product\/yoast-seo-wordpress\/ -->\n<title>Sleep trainer igra\u010da z lu\u010dko in pomirjujo\u010dimi zvoki ZAZU - Brody | Ajatutaja<\/title>\n<meta name=\"robots\" content=\"index, follow, max-snippet:-1, max-image-preview:large, max-video-preview:-1\" \/>\n<link rel=\"canonical\" href=\"https:\/\/ajatutaja.com\/izdelek\/sleep-trainer-igraca-z-lucko-in-pomirjujocimi-zvoki-zazu-brody\/\" \/>\n<meta property=\"og:locale\" content=\"hr_HR\" \/>\n<meta property=\"og:type\" content=\"article\" \/>\n<meta property=\"og:title\" content=\"Sleep trainer igra\u010da z lu\u010dko in pomirjujo\u010dimi zvoki ZAZU - Brody | Ajatutaja\" \/>\n<meta property=\"og:description\" content=\"Prisr\u010den medvedek Brody je no\u010dna lu\u010dka, Sleep Trainer in zvo\u010dna naprava v enem. Mehka pli\u0161asta igra\u010da bo pomagala va\u0161emu mal\u010dku, da zve\u010der zaspi s pomirjujo\u010do no\u010dno svetlobo in tola\u017eilnimi melodijami ter se zjutraj zbudi ob pravem trenutku. Otroci \u0161e nimajo razvitega smisla za \u010das, medvedek Brody bo otroka nau\u010dil, kdaj je \u010das za spanje in vstajanje.  &nbsp;\" \/>\n<meta property=\"og:url\" content=\"https:\/\/ajatutaja.com\/izdelek\/sleep-trainer-igraca-z-lucko-in-pomirjujocimi-zvoki-zazu-brody\/\" \/>\n<meta property=\"og:site_name\" content=\"Ajatutaja\" \/>\n<meta property=\"article:modified_time\" content=\"2026-03-04T11:36:57+00:00\" \/>\n<meta property=\"og:image\" content=\"https:\/\/ajatutaja.com\/wp-content\/uploads\/2024\/11\/ZAZU-Mehka-igraca-in-sleep-trainer-Brody-Taupe-ajatutaja-1.jpg\" \/>\n\t<meta property=\"og:image:width\" content=\"1000\" \/>\n\t<meta property=\"og:image:height\" content=\"1000\" \/>\n\t<meta property=\"og:image:type\" content=\"image\/jpeg\" \/>\n<meta name=\"twitter:card\" content=\"summary_large_image\" \/>\n<meta name=\"twitter:label1\" content=\"Procijenjeno vrijeme \u010ditanja\" \/>\n\t<meta name=\"twitter:data1\" content=\"2 minute\" \/>\n<script type=\"application\/ld+json\" class=\"yoast-schema-graph\">{\"@context\":\"https:\\\/\\\/schema.org\",\"@graph\":[{\"@type\":\"WebPage\",\"@id\":\"https:\\\/\\\/ajatutaja.com\\\/izdelek\\\/sleep-trainer-igraca-z-lucko-in-pomirjujocimi-zvoki-zazu-brody\\\/\",\"url\":\"https:\\\/\\\/ajatutaja.com\\\/izdelek\\\/sleep-trainer-igraca-z-lucko-in-pomirjujocimi-zvoki-zazu-brody\\\/\",\"name\":\"Sleep trainer igra\u010da z lu\u010dko in pomirjujo\u010dimi zvoki ZAZU - Brody | Ajatutaja\",\"isPartOf\":{\"@id\":\"https:\\\/\\\/ajatutaja.com\\\/#website\"},\"primaryImageOfPage\":{\"@id\":\"https:\\\/\\\/ajatutaja.com\\\/izdelek\\\/sleep-trainer-igraca-z-lucko-in-pomirjujocimi-zvoki-zazu-brody\\\/#primaryimage\"},\"image\":{\"@id\":\"https:\\\/\\\/ajatutaja.com\\\/izdelek\\\/sleep-trainer-igraca-z-lucko-in-pomirjujocimi-zvoki-zazu-brody\\\/#primaryimage\"},\"thumbnailUrl\":\"https:\\\/\\\/ajatutaja.com\\\/wp-content\\\/uploads\\\/2024\\\/11\\\/ZAZU-Mehka-igraca-in-sleep-trainer-Brody-Taupe-ajatutaja-1.jpg\",\"datePublished\":\"2024-11-27T14:27:56+00:00\",\"dateModified\":\"2026-03-04T11:36:57+00:00\",\"breadcrumb\":{\"@id\":\"https:\\\/\\\/ajatutaja.com\\\/izdelek\\\/sleep-trainer-igraca-z-lucko-in-pomirjujocimi-zvoki-zazu-brody\\\/#breadcrumb\"},\"inLanguage\":\"hr\",\"potentialAction\":[{\"@type\":\"ReadAction\",\"target\":[\"https:\\\/\\\/ajatutaja.com\\\/izdelek\\\/sleep-trainer-igraca-z-lucko-in-pomirjujocimi-zvoki-zazu-brody\\\/\"]}]},{\"@type\":\"ImageObject\",\"inLanguage\":\"hr\",\"@id\":\"https:\\\/\\\/ajatutaja.com\\\/izdelek\\\/sleep-trainer-igraca-z-lucko-in-pomirjujocimi-zvoki-zazu-brody\\\/#primaryimage\",\"url\":\"https:\\\/\\\/ajatutaja.com\\\/wp-content\\\/uploads\\\/2024\\\/11\\\/ZAZU-Mehka-igraca-in-sleep-trainer-Brody-Taupe-ajatutaja-1.jpg\",\"contentUrl\":\"https:\\\/\\\/ajatutaja.com\\\/wp-content\\\/uploads\\\/2024\\\/11\\\/ZAZU-Mehka-igraca-in-sleep-trainer-Brody-Taupe-ajatutaja-1.jpg\",\"width\":1000,\"height\":1000},{\"@type\":\"BreadcrumbList\",\"@id\":\"https:\\\/\\\/ajatutaja.com\\\/izdelek\\\/sleep-trainer-igraca-z-lucko-in-pomirjujocimi-zvoki-zazu-brody\\\/#breadcrumb\",\"itemListElement\":[{\"@type\":\"ListItem\",\"position\":1,\"name\":\"Home\",\"item\":\"https:\\\/\\\/ajatutaja.com\\\/hr\\\/\"},{\"@type\":\"ListItem\",\"position\":2,\"name\":\"Trgovina\",\"item\":\"https:\\\/\\\/ajatutaja.com\\\/hr\\\/trgovina\\\/\"},{\"@type\":\"ListItem\",\"position\":3,\"name\":\"Sleep trainer igra\u010da z lu\u010dko in pomirjujo\u010dimi zvoki ZAZU &#8211; Brody\"}]},{\"@type\":\"WebSite\",\"@id\":\"https:\\\/\\\/ajatutaja.com\\\/#website\",\"url\":\"https:\\\/\\\/ajatutaja.com\\\/\",\"name\":\"Ajatutaja\",\"description\":\"Otro\u0161ka spletna trgovina AJATUTAJA\",\"publisher\":{\"@id\":\"https:\\\/\\\/ajatutaja.com\\\/#organization\"},\"potentialAction\":[{\"@type\":\"SearchAction\",\"target\":{\"@type\":\"EntryPoint\",\"urlTemplate\":\"https:\\\/\\\/ajatutaja.com\\\/?s={search_term_string}\"},\"query-input\":{\"@type\":\"PropertyValueSpecification\",\"valueRequired\":true,\"valueName\":\"search_term_string\"}}],\"inLanguage\":\"hr\"},{\"@type\":\"Organization\",\"@id\":\"https:\\\/\\\/ajatutaja.com\\\/#organization\",\"name\":\"Ajatutaja\",\"url\":\"https:\\\/\\\/ajatutaja.com\\\/\",\"logo\":{\"@type\":\"ImageObject\",\"inLanguage\":\"hr\",\"@id\":\"https:\\\/\\\/ajatutaja.com\\\/#\\\/schema\\\/logo\\\/image\\\/\",\"url\":\"https:\\\/\\\/ajatutaja.com\\\/wp-content\\\/uploads\\\/2021\\\/10\\\/logo.png\",\"contentUrl\":\"https:\\\/\\\/ajatutaja.com\\\/wp-content\\\/uploads\\\/2021\\\/10\\\/logo.png\",\"width\":555,\"height\":150,\"caption\":\"Ajatutaja\"},\"image\":{\"@id\":\"https:\\\/\\\/ajatutaja.com\\\/#\\\/schema\\\/logo\\\/image\\\/\"}}]}<\/script>\n<!-- \/ Yoast SEO plugin. -->","yoast_head_json":{"title":"Sleep trainer igra\u010da z lu\u010dko in pomirjujo\u010dimi zvoki ZAZU - Brody | Ajatutaja","robots":{"index":"index","follow":"follow","max-snippet":"max-snippet:-1","max-image-preview":"max-image-preview:large","max-video-preview":"max-video-preview:-1"},"canonical":"https:\/\/ajatutaja.com\/izdelek\/sleep-trainer-igraca-z-lucko-in-pomirjujocimi-zvoki-zazu-brody\/","og_locale":"hr_HR","og_type":"article","og_title":"Sleep trainer igra\u010da z lu\u010dko in pomirjujo\u010dimi zvoki ZAZU - Brody | Ajatutaja","og_description":"Prisr\u010den medvedek Brody je no\u010dna lu\u010dka, Sleep Trainer in zvo\u010dna naprava v enem. Mehka pli\u0161asta igra\u010da bo pomagala va\u0161emu mal\u010dku, da zve\u010der zaspi s pomirjujo\u010do no\u010dno svetlobo in tola\u017eilnimi melodijami ter se zjutraj zbudi ob pravem trenutku. Otroci \u0161e nimajo razvitega smisla za \u010das, medvedek Brody bo otroka nau\u010dil, kdaj je \u010das za spanje in vstajanje.  &nbsp;","og_url":"https:\/\/ajatutaja.com\/izdelek\/sleep-trainer-igraca-z-lucko-in-pomirjujocimi-zvoki-zazu-brody\/","og_site_name":"Ajatutaja","article_modified_time":"2026-03-04T11:36:57+00:00","og_image":[{"width":1000,"height":1000,"url":"https:\/\/ajatutaja.com\/wp-content\/uploads\/2024\/11\/ZAZU-Mehka-igraca-in-sleep-trainer-Brody-Taupe-ajatutaja-1.jpg","type":"image\/jpeg"}],"twitter_card":"summary_large_image","twitter_misc":{"Procijenjeno vrijeme \u010ditanja":"2 minute"},"schema":{"@context":"https:\/\/schema.org","@graph":[{"@type":"WebPage","@id":"https:\/\/ajatutaja.com\/izdelek\/sleep-trainer-igraca-z-lucko-in-pomirjujocimi-zvoki-zazu-brody\/","url":"https:\/\/ajatutaja.com\/izdelek\/sleep-trainer-igraca-z-lucko-in-pomirjujocimi-zvoki-zazu-brody\/","name":"Sleep trainer igra\u010da z lu\u010dko in pomirjujo\u010dimi zvoki ZAZU - Brody | Ajatutaja","isPartOf":{"@id":"https:\/\/ajatutaja.com\/#website"},"primaryImageOfPage":{"@id":"https:\/\/ajatutaja.com\/izdelek\/sleep-trainer-igraca-z-lucko-in-pomirjujocimi-zvoki-zazu-brody\/#primaryimage"},"image":{"@id":"https:\/\/ajatutaja.com\/izdelek\/sleep-trainer-igraca-z-lucko-in-pomirjujocimi-zvoki-zazu-brody\/#primaryimage"},"thumbnailUrl":"https:\/\/ajatutaja.com\/wp-content\/uploads\/2024\/11\/ZAZU-Mehka-igraca-in-sleep-trainer-Brody-Taupe-ajatutaja-1.jpg","datePublished":"2024-11-27T14:27:56+00:00","dateModified":"2026-03-04T11:36:57+00:00","breadcrumb":{"@id":"https:\/\/ajatutaja.com\/izdelek\/sleep-trainer-igraca-z-lucko-in-pomirjujocimi-zvoki-zazu-brody\/#breadcrumb"},"inLanguage":"hr","potentialAction":[{"@type":"ReadAction","target":["https:\/\/ajatutaja.com\/izdelek\/sleep-trainer-igraca-z-lucko-in-pomirjujocimi-zvoki-zazu-brody\/"]}]},{"@type":"ImageObject","inLanguage":"hr","@id":"https:\/\/ajatutaja.com\/izdelek\/sleep-trainer-igraca-z-lucko-in-pomirjujocimi-zvoki-zazu-brody\/#primaryimage","url":"https:\/\/ajatutaja.com\/wp-content\/uploads\/2024\/11\/ZAZU-Mehka-igraca-in-sleep-trainer-Brody-Taupe-ajatutaja-1.jpg","contentUrl":"https:\/\/ajatutaja.com\/wp-content\/uploads\/2024\/11\/ZAZU-Mehka-igraca-in-sleep-trainer-Brody-Taupe-ajatutaja-1.jpg","width":1000,"height":1000},{"@type":"BreadcrumbList","@id":"https:\/\/ajatutaja.com\/izdelek\/sleep-trainer-igraca-z-lucko-in-pomirjujocimi-zvoki-zazu-brody\/#breadcrumb","itemListElement":[{"@type":"ListItem","position":1,"name":"Home","item":"https:\/\/ajatutaja.com\/hr\/"},{"@type":"ListItem","position":2,"name":"Trgovina","item":"https:\/\/ajatutaja.com\/hr\/trgovina\/"},{"@type":"ListItem","position":3,"name":"Sleep trainer igra\u010da z lu\u010dko in pomirjujo\u010dimi zvoki ZAZU &#8211; Brody"}]},{"@type":"WebSite","@id":"https:\/\/ajatutaja.com\/#website","url":"https:\/\/ajatutaja.com\/","name":"Ajatutaja","description":"Otro\u0161ka spletna trgovina AJATUTAJA","publisher":{"@id":"https:\/\/ajatutaja.com\/#organization"},"potentialAction":[{"@type":"SearchAction","target":{"@type":"EntryPoint","urlTemplate":"https:\/\/ajatutaja.com\/?s={search_term_string}"},"query-input":{"@type":"PropertyValueSpecification","valueRequired":true,"valueName":"search_term_string"}}],"inLanguage":"hr"},{"@type":"Organization","@id":"https:\/\/ajatutaja.com\/#organization","name":"Ajatutaja","url":"https:\/\/ajatutaja.com\/","logo":{"@type":"ImageObject","inLanguage":"hr","@id":"https:\/\/ajatutaja.com\/#\/schema\/logo\/image\/","url":"https:\/\/ajatutaja.com\/wp-content\/uploads\/2021\/10\/logo.png","contentUrl":"https:\/\/ajatutaja.com\/wp-content\/uploads\/2021\/10\/logo.png","width":555,"height":150,"caption":"Ajatutaja"},"image":{"@id":"https:\/\/ajatutaja.com\/#\/schema\/logo\/image\/"}}]}},"brands":[{"id":2452,"name":"Igranje","slug":"igranje"},{"id":2611,"name":"Spanje","slug":"spanje"},{"id":2641,"name":"Zazu","slug":"zazu"},{"id":5010,"name":"Zazu","slug":"zazu-igranje"}],"_links":{"self":[{"href":"https:\/\/ajatutaja.com\/hr\/wp-json\/wp\/v2\/product\/71042","targetHints":{"allow":["GET"]}}],"collection":[{"href":"https:\/\/ajatutaja.com\/hr\/wp-json\/wp\/v2\/product"}],"about":[{"href":"https:\/\/ajatutaja.com\/hr\/wp-json\/wp\/v2\/types\/product"}],"wp:featuredmedia":[{"embeddable":true,"href":"https:\/\/ajatutaja.com\/hr\/wp-json\/wp\/v2\/media\/71045"}],"wp:attachment":[{"href":"https:\/\/ajatutaja.com\/hr\/wp-json\/wp\/v2\/media?parent=71042"}],"wp:term":[{"taxonomy":"pwb-brand","embeddable":true,"href":"https:\/\/ajatutaja.com\/hr\/wp-json\/wp\/v2\/pwb-brand?post=71042"},{"taxonomy":"product_brand","embeddable":true,"href":"https:\/\/ajatutaja.com\/hr\/wp-json\/wp\/v2\/product_brand?post=71042"},{"taxonomy":"product_cat","embeddable":true,"href":"https:\/\/ajatutaja.com\/hr\/wp-json\/wp\/v2\/product_cat?post=71042"},{"taxonomy":"product_tag","embeddable":true,"href":"https:\/\/ajatutaja.com\/hr\/wp-json\/wp\/v2\/product_tag?post=71042"}],"curies":[{"name":"wp","href":"https:\/\/api.w.org\/{rel}","templated":true}]}}