{"id":71031,"date":"2024-11-27T15:22:57","date_gmt":"2024-11-27T14:22:57","guid":{"rendered":"https:\/\/ajatutaja.com\/?post_type=product&#038;p=71031"},"modified":"2026-04-14T20:37:32","modified_gmt":"2026-04-14T18:37:32","slug":"mehjka-ninica-s-pomirjajocimi-zvoki-zazu-rakun-robin","status":"publish","type":"product","link":"https:\/\/ajatutaja.com\/hr\/proizvod\/mehjka-ninica-s-pomirjajocimi-zvoki-zazu-rakun-robin\/","title":{"rendered":"Mehka ninica s pomirjajo\u010dimi zvoki Zazu &#8211; Rakun Robin"},"content":{"rendered":"<p>[vc_row][vc_column][vc_column_text]<\/p>\n<h3>Lastnosti ninice Zazu rakun Robin:<\/h3>\n<ul>\n<li>6 razli\u010dnih zvokov: poleg bitja srca,\u00a0 predvaja \u0161e bele \u0161ume, zvoke iz narave (ptice\u2026) in 3 pomirjujo\u010de uspavanke, ki uspe\u0161no in hitro umirijo in popeljejo mal\u010dke v spanje,<\/li>\n<li>aktivacija z tresenjem,<\/li>\n<li>glasba oz. zvok se enostavno aktivirajo takoj, ko igra\u010do potresemo,<\/li>\n<li>tako ni potrebno iskati tipk za vklop glasbe. Ob ponovni aktivaciji, ta za\u010dne predvajati zadnjo izbrano glasbo oz. zvok,<\/li>\n<li>avtomatski izklop &#8211; po desetih(10) minutah igranja se igra\u010da avtomatsko izklopi,<\/li>\n<li>senzor za jok \u2013 avtomatski vklop,<\/li>\n<li>senzor za zvok omogo\u010da, da se igra\u010da samodejno aktivira na zvok, ko se na primer otrok za\u010dne jokati, ali \u010de se pono\u010di prebudi,<\/li>\n<li>nastavitev glasnosti (jakosti zvoka) &#8211; omogo\u010da poljubno nastavitev jakosti zvoka, samodejno izberemo \u017eeljen nivo,<\/li>\n<li>za delovanje potrebuje 3xAAA baterije (niso prilo\u017eene),<\/li>\n<li>igra\u010dka je pralna, pred pranjem samo odstranite zvo\u010dni modul iz trebu\u0161\u010dka,<\/li>\n<li>pere se na 40 stopinj. Ni pa primerna za su\u0161enje v su\u0161ilnem stroju ali za likanje,<\/li>\n<li>dimenzije: 17x5x10cm,<\/li>\n<li>primerna od rojstva naprej, ustreza vsem predpisanim EU standardom.<\/li>\n<\/ul>\n<p>Neodvisne raziskave so pokazale, da se velika ve\u010dina otrok pono\u010di zbuja, ker jih je strah teme ali ti\u0161ine. Do tretjega leta starosti je obi\u010dajno najve\u010dja te\u017eava ti\u0161ina, ker je otrok navajen, da je v maternici ves \u010das poslu\u0161al zvoke, sedaj pa se zbudi v ti\u0161ini. Iz tega razloga se navadno otrok na no\u010d zbudi 3-6x ve\u010d kot bi se obi\u010dajno, \u010de ne bi bilo te te\u017eave.<br \/>\nDo prvega leta starosti samodejni predvajalnik zvoka maternice umiri otroka, da zaspi nazaj, razen ko je resni\u010dno la\u010den.\u00a0 Je tudi odli\u010dna ninica, ki se lahko obesi na rob postelje. Mal\u010dek pa se bo vedno rad pocartljal z njo.[\/vc_column_text][\/vc_column][\/vc_row]<\/p>\n","protected":false},"excerpt":{"rendered":"<div style=\"text-align: justify\">\n<div class=\"short-description\">\n<p>Ljubka mehka ninica Zazu &#8211; Rakun Robin je prikupna mehka glasbena igra\u010da, ki umirja in uspava mal\u010dke z mo\u017enostjo izbire 6 zvokov, ki se aktivira s tresenjem igra\u010de. Z belim \u0161umom, imitacijo zvoka bitja materinega srca bo va\u0161 novorojen\u010dek hitro pomirjen.<\/p>\n<\/div>\n<\/div>\n","protected":false},"featured_media":71033,"template":"","meta":[],"pwb-brand":[2452,2611,5010,2641],"product_brand":[],"product_cat":[3986,2716,2711,2362,2605,3985,2593],"product_tag":[5009],"class_list":{"0":"post-71031","1":"product","2":"type-product","3":"status-publish","4":"has-post-thumbnail","6":"pwb-brand-igranje","7":"pwb-brand-spanje","8":"pwb-brand-zazu-igranje","9":"pwb-brand-zazu","10":"product_cat-novorojencek-igrace","11":"product_cat-darilo-do-30e","12":"product_cat-darilo-ob-rojstvu","13":"product_cat-igranje","14":"product_cat-ninice","15":"product_cat-po-starosti","16":"product_cat-spanje","17":"product_tag-zazu","19":"first","20":"instock","21":"taxable","22":"shipping-taxable","23":"purchasable","24":"product-type-simple","25":"add-to-wishlist-before_image"},"yoast_head":"<!-- This site is optimized with the Yoast SEO plugin v27.3 - https:\/\/yoast.com\/product\/yoast-seo-wordpress\/ -->\n<title>Mehka ninica s pomirjajo\u010dimi zvoki Zazu - Rakun Robin | Ajatutaja<\/title>\n<meta name=\"description\" content=\"Ljubka mehka ninica Zazu - Zaj\u010dica Bibi je prikupna mehka glasbena igra\u010da, ki umirja in uspava mal\u010dke z mo\u017enostjo izbire 6 zvokov, ki se aktivira s tresenjem igra\u010de. Z belim \u0161umom, imitacijo zvoka bitja materinega srca bo va\u0161 novorojen\u010dek hitro pomirjen.\" \/>\n<meta name=\"robots\" content=\"index, follow, max-snippet:-1, max-image-preview:large, max-video-preview:-1\" \/>\n<link rel=\"canonical\" href=\"https:\/\/ajatutaja.com\/izdelek\/mehjka-ninica-s-pomirjajocimi-zvoki-zazu-rakun-robin\/\" \/>\n<meta property=\"og:locale\" content=\"hr_HR\" \/>\n<meta property=\"og:type\" content=\"article\" \/>\n<meta property=\"og:title\" content=\"Mehka ninica s pomirjajo\u010dimi zvoki Zazu - Rakun Robin | Ajatutaja\" \/>\n<meta property=\"og:description\" content=\"Ljubka mehka ninica Zazu - Zaj\u010dica Bibi je prikupna mehka glasbena igra\u010da, ki umirja in uspava mal\u010dke z mo\u017enostjo izbire 6 zvokov, ki se aktivira s tresenjem igra\u010de. Z belim \u0161umom, imitacijo zvoka bitja materinega srca bo va\u0161 novorojen\u010dek hitro pomirjen.\" \/>\n<meta property=\"og:url\" content=\"https:\/\/ajatutaja.com\/izdelek\/mehjka-ninica-s-pomirjajocimi-zvoki-zazu-rakun-robin\/\" \/>\n<meta property=\"og:site_name\" content=\"Ajatutaja\" \/>\n<meta property=\"article:modified_time\" content=\"2026-04-14T18:37:32+00:00\" \/>\n<meta property=\"og:image\" content=\"https:\/\/ajatutaja.com\/wp-content\/uploads\/2024\/11\/ZAZU-ninica-s-pomirjujocimi-zvoki-Rakun-Robin-ajatutaja-koper-0.jpg\" \/>\n\t<meta property=\"og:image:width\" content=\"1000\" \/>\n\t<meta property=\"og:image:height\" content=\"1000\" \/>\n\t<meta property=\"og:image:type\" content=\"image\/jpeg\" \/>\n<meta name=\"twitter:card\" content=\"summary_large_image\" \/>\n<meta name=\"twitter:label1\" content=\"Procijenjeno vrijeme \u010ditanja\" \/>\n\t<meta name=\"twitter:data1\" content=\"2 minute\" \/>\n<script type=\"application\/ld+json\" class=\"yoast-schema-graph\">{\"@context\":\"https:\\\/\\\/schema.org\",\"@graph\":[{\"@type\":\"WebPage\",\"@id\":\"https:\\\/\\\/ajatutaja.com\\\/izdelek\\\/mehjka-ninica-s-pomirjajocimi-zvoki-zazu-rakun-robin\\\/\",\"url\":\"https:\\\/\\\/ajatutaja.com\\\/izdelek\\\/mehjka-ninica-s-pomirjajocimi-zvoki-zazu-rakun-robin\\\/\",\"name\":\"Mehka ninica s pomirjajo\u010dimi zvoki Zazu - Rakun Robin | Ajatutaja\",\"isPartOf\":{\"@id\":\"https:\\\/\\\/ajatutaja.com\\\/#website\"},\"primaryImageOfPage\":{\"@id\":\"https:\\\/\\\/ajatutaja.com\\\/izdelek\\\/mehjka-ninica-s-pomirjajocimi-zvoki-zazu-rakun-robin\\\/#primaryimage\"},\"image\":{\"@id\":\"https:\\\/\\\/ajatutaja.com\\\/izdelek\\\/mehjka-ninica-s-pomirjajocimi-zvoki-zazu-rakun-robin\\\/#primaryimage\"},\"thumbnailUrl\":\"https:\\\/\\\/ajatutaja.com\\\/wp-content\\\/uploads\\\/2024\\\/11\\\/ZAZU-ninica-s-pomirjujocimi-zvoki-Rakun-Robin-ajatutaja-koper-0.jpg\",\"datePublished\":\"2024-11-27T14:22:57+00:00\",\"dateModified\":\"2026-04-14T18:37:32+00:00\",\"description\":\"Ljubka mehka ninica Zazu - Zaj\u010dica Bibi je prikupna mehka glasbena igra\u010da, ki umirja in uspava mal\u010dke z mo\u017enostjo izbire 6 zvokov, ki se aktivira s tresenjem igra\u010de. Z belim \u0161umom, imitacijo zvoka bitja materinega srca bo va\u0161 novorojen\u010dek hitro pomirjen.\",\"breadcrumb\":{\"@id\":\"https:\\\/\\\/ajatutaja.com\\\/izdelek\\\/mehjka-ninica-s-pomirjajocimi-zvoki-zazu-rakun-robin\\\/#breadcrumb\"},\"inLanguage\":\"hr\",\"potentialAction\":[{\"@type\":\"ReadAction\",\"target\":[\"https:\\\/\\\/ajatutaja.com\\\/izdelek\\\/mehjka-ninica-s-pomirjajocimi-zvoki-zazu-rakun-robin\\\/\"]}]},{\"@type\":\"ImageObject\",\"inLanguage\":\"hr\",\"@id\":\"https:\\\/\\\/ajatutaja.com\\\/izdelek\\\/mehjka-ninica-s-pomirjajocimi-zvoki-zazu-rakun-robin\\\/#primaryimage\",\"url\":\"https:\\\/\\\/ajatutaja.com\\\/wp-content\\\/uploads\\\/2024\\\/11\\\/ZAZU-ninica-s-pomirjujocimi-zvoki-Rakun-Robin-ajatutaja-koper-0.jpg\",\"contentUrl\":\"https:\\\/\\\/ajatutaja.com\\\/wp-content\\\/uploads\\\/2024\\\/11\\\/ZAZU-ninica-s-pomirjujocimi-zvoki-Rakun-Robin-ajatutaja-koper-0.jpg\",\"width\":1000,\"height\":1000},{\"@type\":\"BreadcrumbList\",\"@id\":\"https:\\\/\\\/ajatutaja.com\\\/izdelek\\\/mehjka-ninica-s-pomirjajocimi-zvoki-zazu-rakun-robin\\\/#breadcrumb\",\"itemListElement\":[{\"@type\":\"ListItem\",\"position\":1,\"name\":\"Home\",\"item\":\"https:\\\/\\\/ajatutaja.com\\\/hr\\\/\"},{\"@type\":\"ListItem\",\"position\":2,\"name\":\"Trgovina\",\"item\":\"https:\\\/\\\/ajatutaja.com\\\/hr\\\/trgovina\\\/\"},{\"@type\":\"ListItem\",\"position\":3,\"name\":\"Mehka ninica s pomirjajo\u010dimi zvoki Zazu &#8211; Rakun Robin\"}]},{\"@type\":\"WebSite\",\"@id\":\"https:\\\/\\\/ajatutaja.com\\\/#website\",\"url\":\"https:\\\/\\\/ajatutaja.com\\\/\",\"name\":\"Ajatutaja\",\"description\":\"Otro\u0161ka spletna trgovina AJATUTAJA\",\"publisher\":{\"@id\":\"https:\\\/\\\/ajatutaja.com\\\/#organization\"},\"potentialAction\":[{\"@type\":\"SearchAction\",\"target\":{\"@type\":\"EntryPoint\",\"urlTemplate\":\"https:\\\/\\\/ajatutaja.com\\\/?s={search_term_string}\"},\"query-input\":{\"@type\":\"PropertyValueSpecification\",\"valueRequired\":true,\"valueName\":\"search_term_string\"}}],\"inLanguage\":\"hr\"},{\"@type\":\"Organization\",\"@id\":\"https:\\\/\\\/ajatutaja.com\\\/#organization\",\"name\":\"Ajatutaja\",\"url\":\"https:\\\/\\\/ajatutaja.com\\\/\",\"logo\":{\"@type\":\"ImageObject\",\"inLanguage\":\"hr\",\"@id\":\"https:\\\/\\\/ajatutaja.com\\\/#\\\/schema\\\/logo\\\/image\\\/\",\"url\":\"https:\\\/\\\/ajatutaja.com\\\/wp-content\\\/uploads\\\/2021\\\/10\\\/logo.png\",\"contentUrl\":\"https:\\\/\\\/ajatutaja.com\\\/wp-content\\\/uploads\\\/2021\\\/10\\\/logo.png\",\"width\":555,\"height\":150,\"caption\":\"Ajatutaja\"},\"image\":{\"@id\":\"https:\\\/\\\/ajatutaja.com\\\/#\\\/schema\\\/logo\\\/image\\\/\"}}]}<\/script>\n<!-- \/ Yoast SEO plugin. -->","yoast_head_json":{"title":"Mehka ninica s pomirjajo\u010dimi zvoki Zazu - Rakun Robin | Ajatutaja","description":"Ljubka mehka ninica Zazu - Zaj\u010dica Bibi je prikupna mehka glasbena igra\u010da, ki umirja in uspava mal\u010dke z mo\u017enostjo izbire 6 zvokov, ki se aktivira s tresenjem igra\u010de. Z belim \u0161umom, imitacijo zvoka bitja materinega srca bo va\u0161 novorojen\u010dek hitro pomirjen.","robots":{"index":"index","follow":"follow","max-snippet":"max-snippet:-1","max-image-preview":"max-image-preview:large","max-video-preview":"max-video-preview:-1"},"canonical":"https:\/\/ajatutaja.com\/izdelek\/mehjka-ninica-s-pomirjajocimi-zvoki-zazu-rakun-robin\/","og_locale":"hr_HR","og_type":"article","og_title":"Mehka ninica s pomirjajo\u010dimi zvoki Zazu - Rakun Robin | Ajatutaja","og_description":"Ljubka mehka ninica Zazu - Zaj\u010dica Bibi je prikupna mehka glasbena igra\u010da, ki umirja in uspava mal\u010dke z mo\u017enostjo izbire 6 zvokov, ki se aktivira s tresenjem igra\u010de. Z belim \u0161umom, imitacijo zvoka bitja materinega srca bo va\u0161 novorojen\u010dek hitro pomirjen.","og_url":"https:\/\/ajatutaja.com\/izdelek\/mehjka-ninica-s-pomirjajocimi-zvoki-zazu-rakun-robin\/","og_site_name":"Ajatutaja","article_modified_time":"2026-04-14T18:37:32+00:00","og_image":[{"width":1000,"height":1000,"url":"https:\/\/ajatutaja.com\/wp-content\/uploads\/2024\/11\/ZAZU-ninica-s-pomirjujocimi-zvoki-Rakun-Robin-ajatutaja-koper-0.jpg","type":"image\/jpeg"}],"twitter_card":"summary_large_image","twitter_misc":{"Procijenjeno vrijeme \u010ditanja":"2 minute"},"schema":{"@context":"https:\/\/schema.org","@graph":[{"@type":"WebPage","@id":"https:\/\/ajatutaja.com\/izdelek\/mehjka-ninica-s-pomirjajocimi-zvoki-zazu-rakun-robin\/","url":"https:\/\/ajatutaja.com\/izdelek\/mehjka-ninica-s-pomirjajocimi-zvoki-zazu-rakun-robin\/","name":"Mehka ninica s pomirjajo\u010dimi zvoki Zazu - Rakun Robin | Ajatutaja","isPartOf":{"@id":"https:\/\/ajatutaja.com\/#website"},"primaryImageOfPage":{"@id":"https:\/\/ajatutaja.com\/izdelek\/mehjka-ninica-s-pomirjajocimi-zvoki-zazu-rakun-robin\/#primaryimage"},"image":{"@id":"https:\/\/ajatutaja.com\/izdelek\/mehjka-ninica-s-pomirjajocimi-zvoki-zazu-rakun-robin\/#primaryimage"},"thumbnailUrl":"https:\/\/ajatutaja.com\/wp-content\/uploads\/2024\/11\/ZAZU-ninica-s-pomirjujocimi-zvoki-Rakun-Robin-ajatutaja-koper-0.jpg","datePublished":"2024-11-27T14:22:57+00:00","dateModified":"2026-04-14T18:37:32+00:00","description":"Ljubka mehka ninica Zazu - Zaj\u010dica Bibi je prikupna mehka glasbena igra\u010da, ki umirja in uspava mal\u010dke z mo\u017enostjo izbire 6 zvokov, ki se aktivira s tresenjem igra\u010de. Z belim \u0161umom, imitacijo zvoka bitja materinega srca bo va\u0161 novorojen\u010dek hitro pomirjen.","breadcrumb":{"@id":"https:\/\/ajatutaja.com\/izdelek\/mehjka-ninica-s-pomirjajocimi-zvoki-zazu-rakun-robin\/#breadcrumb"},"inLanguage":"hr","potentialAction":[{"@type":"ReadAction","target":["https:\/\/ajatutaja.com\/izdelek\/mehjka-ninica-s-pomirjajocimi-zvoki-zazu-rakun-robin\/"]}]},{"@type":"ImageObject","inLanguage":"hr","@id":"https:\/\/ajatutaja.com\/izdelek\/mehjka-ninica-s-pomirjajocimi-zvoki-zazu-rakun-robin\/#primaryimage","url":"https:\/\/ajatutaja.com\/wp-content\/uploads\/2024\/11\/ZAZU-ninica-s-pomirjujocimi-zvoki-Rakun-Robin-ajatutaja-koper-0.jpg","contentUrl":"https:\/\/ajatutaja.com\/wp-content\/uploads\/2024\/11\/ZAZU-ninica-s-pomirjujocimi-zvoki-Rakun-Robin-ajatutaja-koper-0.jpg","width":1000,"height":1000},{"@type":"BreadcrumbList","@id":"https:\/\/ajatutaja.com\/izdelek\/mehjka-ninica-s-pomirjajocimi-zvoki-zazu-rakun-robin\/#breadcrumb","itemListElement":[{"@type":"ListItem","position":1,"name":"Home","item":"https:\/\/ajatutaja.com\/hr\/"},{"@type":"ListItem","position":2,"name":"Trgovina","item":"https:\/\/ajatutaja.com\/hr\/trgovina\/"},{"@type":"ListItem","position":3,"name":"Mehka ninica s pomirjajo\u010dimi zvoki Zazu &#8211; Rakun Robin"}]},{"@type":"WebSite","@id":"https:\/\/ajatutaja.com\/#website","url":"https:\/\/ajatutaja.com\/","name":"Ajatutaja","description":"Otro\u0161ka spletna trgovina AJATUTAJA","publisher":{"@id":"https:\/\/ajatutaja.com\/#organization"},"potentialAction":[{"@type":"SearchAction","target":{"@type":"EntryPoint","urlTemplate":"https:\/\/ajatutaja.com\/?s={search_term_string}"},"query-input":{"@type":"PropertyValueSpecification","valueRequired":true,"valueName":"search_term_string"}}],"inLanguage":"hr"},{"@type":"Organization","@id":"https:\/\/ajatutaja.com\/#organization","name":"Ajatutaja","url":"https:\/\/ajatutaja.com\/","logo":{"@type":"ImageObject","inLanguage":"hr","@id":"https:\/\/ajatutaja.com\/#\/schema\/logo\/image\/","url":"https:\/\/ajatutaja.com\/wp-content\/uploads\/2021\/10\/logo.png","contentUrl":"https:\/\/ajatutaja.com\/wp-content\/uploads\/2021\/10\/logo.png","width":555,"height":150,"caption":"Ajatutaja"},"image":{"@id":"https:\/\/ajatutaja.com\/#\/schema\/logo\/image\/"}}]}},"brands":[{"id":2452,"name":"Igranje","slug":"igranje"},{"id":2611,"name":"Spanje","slug":"spanje"},{"id":2641,"name":"Zazu","slug":"zazu"},{"id":5010,"name":"Zazu","slug":"zazu-igranje"}],"_links":{"self":[{"href":"https:\/\/ajatutaja.com\/hr\/wp-json\/wp\/v2\/product\/71031","targetHints":{"allow":["GET"]}}],"collection":[{"href":"https:\/\/ajatutaja.com\/hr\/wp-json\/wp\/v2\/product"}],"about":[{"href":"https:\/\/ajatutaja.com\/hr\/wp-json\/wp\/v2\/types\/product"}],"wp:featuredmedia":[{"embeddable":true,"href":"https:\/\/ajatutaja.com\/hr\/wp-json\/wp\/v2\/media\/71033"}],"wp:attachment":[{"href":"https:\/\/ajatutaja.com\/hr\/wp-json\/wp\/v2\/media?parent=71031"}],"wp:term":[{"taxonomy":"pwb-brand","embeddable":true,"href":"https:\/\/ajatutaja.com\/hr\/wp-json\/wp\/v2\/pwb-brand?post=71031"},{"taxonomy":"product_brand","embeddable":true,"href":"https:\/\/ajatutaja.com\/hr\/wp-json\/wp\/v2\/product_brand?post=71031"},{"taxonomy":"product_cat","embeddable":true,"href":"https:\/\/ajatutaja.com\/hr\/wp-json\/wp\/v2\/product_cat?post=71031"},{"taxonomy":"product_tag","embeddable":true,"href":"https:\/\/ajatutaja.com\/hr\/wp-json\/wp\/v2\/product_tag?post=71031"}],"curies":[{"name":"wp","href":"https:\/\/api.w.org\/{rel}","templated":true}]}}