{"id":71015,"date":"2023-12-12T14:48:20","date_gmt":"2023-12-12T13:48:20","guid":{"rendered":"https:\/\/ajatutaja.com\/?post_type=product&#038;p=71015"},"modified":"2025-05-28T10:04:57","modified_gmt":"2025-05-28T08:04:57","slug":"rockahula-darilni-set-modnih-dodatkov-christmas","status":"publish","type":"product","link":"https:\/\/ajatutaja.com\/hr\/proizvod\/rockahula-darilni-set-modnih-dodatkov-christmas\/","title":{"rendered":"Rockahula Darilni set modnih dodatkov &#8211; Christmas"},"content":{"rendered":"<p>[vc_row][vc_column][vc_column_text]Lastnosti izdelkov Rockahula:<\/p>\n<ul>\n<li>Set vsebuje: 2 elastiki, 1 zapestnico, 1 ogrlica.<\/li>\n<li>Izdelki Rockahula so varni za uporabo in izdelani iz trajnostno naravnanih materialov<\/li>\n<li>Embala\u017ea je izdelana iz 100-odstotno recikliranega kartona, manj\u0161i list plastike na njihovih \u0161katlah za ogrlice pa je mogo\u010de reciklirati.<\/li>\n<li>Ni primerno za otroke, mlaj\u0161e od 36 mesecev (zaradi majnih delov)<\/li>\n<li>Rockahula izdeluje kvalitetne in modne otro\u0161ke sponke, \u0161pangice in elastike za lase, ki se med seboj zelo lepo kombinirajo in dopolnjujejo.<\/li>\n<\/ul>\n<p>Podjetje Rockahula Kids oblikuje in izdeluje tako svoje izdelke, da so najbolj\u0161i, kar so lahko \u2013 ne le zabavni, ampak varni za uporabo za otroke, izdelani so trajnostno in iz kakovostnih materialov, tako da jih lahko s\u010dasoma predamo bratom in sestram ali prijateljem. Izdelke Rockahula Kids natan\u010dno in pozorno varnostno preizku\u0161ajo in s tem zagotovijo, da sponke ostanejo na mestu.[\/vc_column_text][\/vc_column][\/vc_row]<\/p>\n","protected":false},"excerpt":{"rendered":"<p>Ljubek darilni set modnih dodatkov Rockahula je popolno darilo za vsako mal\u010dico. Komplet vsebuje dve \u0161pangici, zapestnico ter ogrlico v prikupnem bo\u017ei\u010dnem motivu.<\/p>\n","protected":false},"featured_media":71017,"template":"","meta":[],"pwb-brand":[2696,5646],"product_brand":[],"product_cat":[5072,2610,2715,2713,2609,5647],"product_tag":[5068,5649],"class_list":{"0":"post-71015","1":"product","2":"type-product","3":"status-publish","4":"has-post-thumbnail","6":"pwb-brand-moda","7":"pwb-brand-rockahula-kids","8":"product_cat-bozicna-darila","9":"product_cat-darila","10":"product_cat-darilo-do-15e","11":"product_cat-darilo-za-deklico","12":"product_cat-moda","13":"product_cat-modni-dodatki","14":"product_tag-christmas","15":"product_tag-rockahula","17":"first","18":"instock","19":"taxable","20":"shipping-taxable","21":"purchasable","22":"product-type-simple","23":"add-to-wishlist-before_image"},"yoast_head":"<!-- This site is optimized with the Yoast SEO plugin v27.3 - https:\/\/yoast.com\/product\/yoast-seo-wordpress\/ -->\n<title>Rockahula Darilni set modnih dodatkov - Christmas | Ajatutaja<\/title>\n<meta name=\"description\" content=\"Ljubke elastike za lase Rockahula so pravi modni dodatek h kateri koli pri\u010deski! Te simpati\u010dne otro\u0161ke elastike bodo dopolnile vsak outfit in obenem razveselile vsako mal\u010dico.\" \/>\n<meta name=\"robots\" content=\"index, follow, max-snippet:-1, max-image-preview:large, max-video-preview:-1\" \/>\n<link rel=\"canonical\" href=\"https:\/\/ajatutaja.com\/izdelek\/rockahula-darilni-set-modnih-dodatkov-christmas\/\" \/>\n<meta property=\"og:locale\" content=\"hr_HR\" \/>\n<meta property=\"og:type\" content=\"article\" \/>\n<meta property=\"og:title\" content=\"Rockahula Darilni set modnih dodatkov - Christmas | Ajatutaja\" \/>\n<meta property=\"og:description\" content=\"Ljubke elastike za lase Rockahula so pravi modni dodatek h kateri koli pri\u010deski! Te simpati\u010dne otro\u0161ke elastike bodo dopolnile vsak outfit in obenem razveselile vsako mal\u010dico.\" \/>\n<meta property=\"og:url\" content=\"https:\/\/ajatutaja.com\/izdelek\/rockahula-darilni-set-modnih-dodatkov-christmas\/\" \/>\n<meta property=\"og:site_name\" content=\"Ajatutaja\" \/>\n<meta property=\"article:modified_time\" content=\"2025-05-28T08:04:57+00:00\" \/>\n<meta property=\"og:image\" content=\"https:\/\/ajatutaja.com\/wp-content\/uploads\/2024\/11\/Rockahula-darilni-set-bozicni-1.webp\" \/>\n\t<meta property=\"og:image:width\" content=\"1500\" \/>\n\t<meta property=\"og:image:height\" content=\"1500\" \/>\n\t<meta property=\"og:image:type\" content=\"image\/webp\" \/>\n<meta name=\"twitter:card\" content=\"summary_large_image\" \/>\n<meta name=\"twitter:label1\" content=\"Procijenjeno vrijeme \u010ditanja\" \/>\n\t<meta name=\"twitter:data1\" content=\"1 minuta\" \/>\n<script type=\"application\/ld+json\" class=\"yoast-schema-graph\">{\"@context\":\"https:\\\/\\\/schema.org\",\"@graph\":[{\"@type\":\"WebPage\",\"@id\":\"https:\\\/\\\/ajatutaja.com\\\/izdelek\\\/rockahula-darilni-set-modnih-dodatkov-christmas\\\/\",\"url\":\"https:\\\/\\\/ajatutaja.com\\\/izdelek\\\/rockahula-darilni-set-modnih-dodatkov-christmas\\\/\",\"name\":\"Rockahula Darilni set modnih dodatkov - Christmas | Ajatutaja\",\"isPartOf\":{\"@id\":\"https:\\\/\\\/ajatutaja.com\\\/#website\"},\"primaryImageOfPage\":{\"@id\":\"https:\\\/\\\/ajatutaja.com\\\/izdelek\\\/rockahula-darilni-set-modnih-dodatkov-christmas\\\/#primaryimage\"},\"image\":{\"@id\":\"https:\\\/\\\/ajatutaja.com\\\/izdelek\\\/rockahula-darilni-set-modnih-dodatkov-christmas\\\/#primaryimage\"},\"thumbnailUrl\":\"https:\\\/\\\/ajatutaja.com\\\/wp-content\\\/uploads\\\/2024\\\/11\\\/Rockahula-darilni-set-bozicni-1.webp\",\"datePublished\":\"2023-12-12T13:48:20+00:00\",\"dateModified\":\"2025-05-28T08:04:57+00:00\",\"description\":\"Ljubke elastike za lase Rockahula so pravi modni dodatek h kateri koli pri\u010deski! Te simpati\u010dne otro\u0161ke elastike bodo dopolnile vsak outfit in obenem razveselile vsako mal\u010dico.\",\"breadcrumb\":{\"@id\":\"https:\\\/\\\/ajatutaja.com\\\/izdelek\\\/rockahula-darilni-set-modnih-dodatkov-christmas\\\/#breadcrumb\"},\"inLanguage\":\"hr\",\"potentialAction\":[{\"@type\":\"ReadAction\",\"target\":[\"https:\\\/\\\/ajatutaja.com\\\/izdelek\\\/rockahula-darilni-set-modnih-dodatkov-christmas\\\/\"]}]},{\"@type\":\"ImageObject\",\"inLanguage\":\"hr\",\"@id\":\"https:\\\/\\\/ajatutaja.com\\\/izdelek\\\/rockahula-darilni-set-modnih-dodatkov-christmas\\\/#primaryimage\",\"url\":\"https:\\\/\\\/ajatutaja.com\\\/wp-content\\\/uploads\\\/2024\\\/11\\\/Rockahula-darilni-set-bozicni-1.webp\",\"contentUrl\":\"https:\\\/\\\/ajatutaja.com\\\/wp-content\\\/uploads\\\/2024\\\/11\\\/Rockahula-darilni-set-bozicni-1.webp\",\"width\":1500,\"height\":1500},{\"@type\":\"BreadcrumbList\",\"@id\":\"https:\\\/\\\/ajatutaja.com\\\/izdelek\\\/rockahula-darilni-set-modnih-dodatkov-christmas\\\/#breadcrumb\",\"itemListElement\":[{\"@type\":\"ListItem\",\"position\":1,\"name\":\"Home\",\"item\":\"https:\\\/\\\/ajatutaja.com\\\/hr\\\/\"},{\"@type\":\"ListItem\",\"position\":2,\"name\":\"Trgovina\",\"item\":\"https:\\\/\\\/ajatutaja.com\\\/hr\\\/trgovina\\\/\"},{\"@type\":\"ListItem\",\"position\":3,\"name\":\"Rockahula Darilni set modnih dodatkov &#8211; Christmas\"}]},{\"@type\":\"WebSite\",\"@id\":\"https:\\\/\\\/ajatutaja.com\\\/#website\",\"url\":\"https:\\\/\\\/ajatutaja.com\\\/\",\"name\":\"Ajatutaja\",\"description\":\"Otro\u0161ka spletna trgovina AJATUTAJA\",\"publisher\":{\"@id\":\"https:\\\/\\\/ajatutaja.com\\\/#organization\"},\"potentialAction\":[{\"@type\":\"SearchAction\",\"target\":{\"@type\":\"EntryPoint\",\"urlTemplate\":\"https:\\\/\\\/ajatutaja.com\\\/?s={search_term_string}\"},\"query-input\":{\"@type\":\"PropertyValueSpecification\",\"valueRequired\":true,\"valueName\":\"search_term_string\"}}],\"inLanguage\":\"hr\"},{\"@type\":\"Organization\",\"@id\":\"https:\\\/\\\/ajatutaja.com\\\/#organization\",\"name\":\"Ajatutaja\",\"url\":\"https:\\\/\\\/ajatutaja.com\\\/\",\"logo\":{\"@type\":\"ImageObject\",\"inLanguage\":\"hr\",\"@id\":\"https:\\\/\\\/ajatutaja.com\\\/#\\\/schema\\\/logo\\\/image\\\/\",\"url\":\"https:\\\/\\\/ajatutaja.com\\\/wp-content\\\/uploads\\\/2021\\\/10\\\/logo.png\",\"contentUrl\":\"https:\\\/\\\/ajatutaja.com\\\/wp-content\\\/uploads\\\/2021\\\/10\\\/logo.png\",\"width\":555,\"height\":150,\"caption\":\"Ajatutaja\"},\"image\":{\"@id\":\"https:\\\/\\\/ajatutaja.com\\\/#\\\/schema\\\/logo\\\/image\\\/\"}}]}<\/script>\n<!-- \/ Yoast SEO plugin. -->","yoast_head_json":{"title":"Rockahula Darilni set modnih dodatkov - Christmas | Ajatutaja","description":"Ljubke elastike za lase Rockahula so pravi modni dodatek h kateri koli pri\u010deski! Te simpati\u010dne otro\u0161ke elastike bodo dopolnile vsak outfit in obenem razveselile vsako mal\u010dico.","robots":{"index":"index","follow":"follow","max-snippet":"max-snippet:-1","max-image-preview":"max-image-preview:large","max-video-preview":"max-video-preview:-1"},"canonical":"https:\/\/ajatutaja.com\/izdelek\/rockahula-darilni-set-modnih-dodatkov-christmas\/","og_locale":"hr_HR","og_type":"article","og_title":"Rockahula Darilni set modnih dodatkov - Christmas | Ajatutaja","og_description":"Ljubke elastike za lase Rockahula so pravi modni dodatek h kateri koli pri\u010deski! Te simpati\u010dne otro\u0161ke elastike bodo dopolnile vsak outfit in obenem razveselile vsako mal\u010dico.","og_url":"https:\/\/ajatutaja.com\/izdelek\/rockahula-darilni-set-modnih-dodatkov-christmas\/","og_site_name":"Ajatutaja","article_modified_time":"2025-05-28T08:04:57+00:00","og_image":[{"width":1500,"height":1500,"url":"https:\/\/ajatutaja.com\/wp-content\/uploads\/2024\/11\/Rockahula-darilni-set-bozicni-1.webp","type":"image\/webp"}],"twitter_card":"summary_large_image","twitter_misc":{"Procijenjeno vrijeme \u010ditanja":"1 minuta"},"schema":{"@context":"https:\/\/schema.org","@graph":[{"@type":"WebPage","@id":"https:\/\/ajatutaja.com\/izdelek\/rockahula-darilni-set-modnih-dodatkov-christmas\/","url":"https:\/\/ajatutaja.com\/izdelek\/rockahula-darilni-set-modnih-dodatkov-christmas\/","name":"Rockahula Darilni set modnih dodatkov - Christmas | Ajatutaja","isPartOf":{"@id":"https:\/\/ajatutaja.com\/#website"},"primaryImageOfPage":{"@id":"https:\/\/ajatutaja.com\/izdelek\/rockahula-darilni-set-modnih-dodatkov-christmas\/#primaryimage"},"image":{"@id":"https:\/\/ajatutaja.com\/izdelek\/rockahula-darilni-set-modnih-dodatkov-christmas\/#primaryimage"},"thumbnailUrl":"https:\/\/ajatutaja.com\/wp-content\/uploads\/2024\/11\/Rockahula-darilni-set-bozicni-1.webp","datePublished":"2023-12-12T13:48:20+00:00","dateModified":"2025-05-28T08:04:57+00:00","description":"Ljubke elastike za lase Rockahula so pravi modni dodatek h kateri koli pri\u010deski! Te simpati\u010dne otro\u0161ke elastike bodo dopolnile vsak outfit in obenem razveselile vsako mal\u010dico.","breadcrumb":{"@id":"https:\/\/ajatutaja.com\/izdelek\/rockahula-darilni-set-modnih-dodatkov-christmas\/#breadcrumb"},"inLanguage":"hr","potentialAction":[{"@type":"ReadAction","target":["https:\/\/ajatutaja.com\/izdelek\/rockahula-darilni-set-modnih-dodatkov-christmas\/"]}]},{"@type":"ImageObject","inLanguage":"hr","@id":"https:\/\/ajatutaja.com\/izdelek\/rockahula-darilni-set-modnih-dodatkov-christmas\/#primaryimage","url":"https:\/\/ajatutaja.com\/wp-content\/uploads\/2024\/11\/Rockahula-darilni-set-bozicni-1.webp","contentUrl":"https:\/\/ajatutaja.com\/wp-content\/uploads\/2024\/11\/Rockahula-darilni-set-bozicni-1.webp","width":1500,"height":1500},{"@type":"BreadcrumbList","@id":"https:\/\/ajatutaja.com\/izdelek\/rockahula-darilni-set-modnih-dodatkov-christmas\/#breadcrumb","itemListElement":[{"@type":"ListItem","position":1,"name":"Home","item":"https:\/\/ajatutaja.com\/hr\/"},{"@type":"ListItem","position":2,"name":"Trgovina","item":"https:\/\/ajatutaja.com\/hr\/trgovina\/"},{"@type":"ListItem","position":3,"name":"Rockahula Darilni set modnih dodatkov &#8211; Christmas"}]},{"@type":"WebSite","@id":"https:\/\/ajatutaja.com\/#website","url":"https:\/\/ajatutaja.com\/","name":"Ajatutaja","description":"Otro\u0161ka spletna trgovina AJATUTAJA","publisher":{"@id":"https:\/\/ajatutaja.com\/#organization"},"potentialAction":[{"@type":"SearchAction","target":{"@type":"EntryPoint","urlTemplate":"https:\/\/ajatutaja.com\/?s={search_term_string}"},"query-input":{"@type":"PropertyValueSpecification","valueRequired":true,"valueName":"search_term_string"}}],"inLanguage":"hr"},{"@type":"Organization","@id":"https:\/\/ajatutaja.com\/#organization","name":"Ajatutaja","url":"https:\/\/ajatutaja.com\/","logo":{"@type":"ImageObject","inLanguage":"hr","@id":"https:\/\/ajatutaja.com\/#\/schema\/logo\/image\/","url":"https:\/\/ajatutaja.com\/wp-content\/uploads\/2021\/10\/logo.png","contentUrl":"https:\/\/ajatutaja.com\/wp-content\/uploads\/2021\/10\/logo.png","width":555,"height":150,"caption":"Ajatutaja"},"image":{"@id":"https:\/\/ajatutaja.com\/#\/schema\/logo\/image\/"}}]}},"brands":[{"id":2696,"name":"Moda","slug":"moda"},{"id":5646,"name":"Rockahula Kids","slug":"rockahula-kids"}],"_links":{"self":[{"href":"https:\/\/ajatutaja.com\/hr\/wp-json\/wp\/v2\/product\/71015","targetHints":{"allow":["GET"]}}],"collection":[{"href":"https:\/\/ajatutaja.com\/hr\/wp-json\/wp\/v2\/product"}],"about":[{"href":"https:\/\/ajatutaja.com\/hr\/wp-json\/wp\/v2\/types\/product"}],"wp:featuredmedia":[{"embeddable":true,"href":"https:\/\/ajatutaja.com\/hr\/wp-json\/wp\/v2\/media\/71017"}],"wp:attachment":[{"href":"https:\/\/ajatutaja.com\/hr\/wp-json\/wp\/v2\/media?parent=71015"}],"wp:term":[{"taxonomy":"pwb-brand","embeddable":true,"href":"https:\/\/ajatutaja.com\/hr\/wp-json\/wp\/v2\/pwb-brand?post=71015"},{"taxonomy":"product_brand","embeddable":true,"href":"https:\/\/ajatutaja.com\/hr\/wp-json\/wp\/v2\/product_brand?post=71015"},{"taxonomy":"product_cat","embeddable":true,"href":"https:\/\/ajatutaja.com\/hr\/wp-json\/wp\/v2\/product_cat?post=71015"},{"taxonomy":"product_tag","embeddable":true,"href":"https:\/\/ajatutaja.com\/hr\/wp-json\/wp\/v2\/product_tag?post=71015"}],"curies":[{"name":"wp","href":"https:\/\/api.w.org\/{rel}","templated":true}]}}