{"id":70799,"date":"2024-11-20T15:34:55","date_gmt":"2024-11-20T14:34:55","guid":{"rendered":"https:\/\/ajatutaja.com\/?post_type=product&#038;p=70799"},"modified":"2026-03-12T13:09:38","modified_gmt":"2026-03-12T12:09:38","slug":"kikkaboo-glasbena-obesanka-my-teddy","status":"publish","type":"product","link":"https:\/\/ajatutaja.com\/hr\/proizvod\/kikkaboo-glasbena-obesanka-my-teddy\/","title":{"rendered":"KikkaBoo\u00ae Glasbena obe\u0161anka My Teddy"},"content":{"rendered":"<p>[vc_row][vc_column][vc_column_text]<strong>Glasbena obe\u0161anka KikkaBoo\u00ae My Teddy ima naslednje lastnosti:<\/strong><\/p>\n<ul>\n<li>Mehka pli\u0161asta igra\u010da z visokokakovostno zvo\u010dno enoto, ki se aktivira na poteg vrvice<\/li>\n<li>Povle\u010denje plasti\u010dne kljukice spro\u017ei ne\u017eno melodijo za lahko no\u010d<\/li>\n<li>Brez potrebe po baterijah<\/li>\n<li>Plasti\u010dni obro\u010d na vrhu za enostavno pritrditev<\/li>\n<li>Izdelana iz varnih materialov<\/li>\n<li>Odobreno po standardu EN 71<\/li>\n<li>Primerno za otroke od 0+ mesecev<\/li>\n<li>Velikost: 33 cm<\/li>\n<\/ul>\n<p>[\/vc_column_text][\/vc_column][\/vc_row]<\/p>\n","protected":false},"excerpt":{"rendered":"<p>Mehka glasbena obe\u0161anka Teddy blagovne znamke KikkaBoo, je popoln spremljevalec za lahko no\u010d va\u0161ega mal\u010dka. Izdelana je iz visokokakovostnih, varnih materialov in oblikovana z ljubeznijo. Odli\u010dna ideja za darilo.<\/p>\n","protected":false},"featured_media":70797,"template":"","meta":[],"pwb-brand":[2452,5677],"product_brand":[],"product_cat":[3986,2710,2716,2711,2362,5064,4784],"product_tag":[5679],"class_list":{"0":"post-70799","1":"product","2":"type-product","3":"status-publish","4":"has-post-thumbnail","6":"pwb-brand-igranje","7":"pwb-brand-kikkaboo","8":"product_cat-novorojencek-igrace","9":"product_cat-babyshower-darila","10":"product_cat-darilo-do-30e","11":"product_cat-darilo-ob-rojstvu","12":"product_cat-igranje","13":"product_cat-mehke-in-plisaste-igrace","14":"product_cat-vrtiljaki-in-obesanke","15":"product_tag-kikkaboo","17":"first","18":"outofstock","19":"taxable","20":"shipping-taxable","21":"purchasable","22":"product-type-simple","23":"add-to-wishlist-before_image"},"yoast_head":"<!-- This site is optimized with the Yoast SEO plugin v27.3 - https:\/\/yoast.com\/product\/yoast-seo-wordpress\/ -->\n<title>KikkaBoo\u00ae Glasbena obe\u0161anka My Teddy | Ajatutaja<\/title>\n<meta name=\"description\" content=\"Mehka glasbena obe\u0161anka Teddy blagovne znamke KikkaBoo, je popoln spremljevalec za lahko no\u010d va\u0161ega mal\u010dka.\" \/>\n<meta name=\"robots\" content=\"index, follow, max-snippet:-1, max-image-preview:large, max-video-preview:-1\" \/>\n<link rel=\"canonical\" href=\"https:\/\/ajatutaja.com\/izdelek\/kikkaboo-glasbena-obesanka-my-teddy\/\" \/>\n<meta property=\"og:locale\" content=\"hr_HR\" \/>\n<meta property=\"og:type\" content=\"article\" \/>\n<meta property=\"og:title\" content=\"KikkaBoo\u00ae Glasbena obe\u0161anka My Teddy | Ajatutaja\" \/>\n<meta property=\"og:description\" content=\"Mehka glasbena obe\u0161anka Teddy blagovne znamke KikkaBoo, je popoln spremljevalec za lahko no\u010d va\u0161ega mal\u010dka.\" \/>\n<meta property=\"og:url\" content=\"https:\/\/ajatutaja.com\/izdelek\/kikkaboo-glasbena-obesanka-my-teddy\/\" \/>\n<meta property=\"og:site_name\" content=\"Ajatutaja\" \/>\n<meta property=\"article:modified_time\" content=\"2026-03-12T12:09:38+00:00\" \/>\n<meta property=\"og:image\" content=\"https:\/\/ajatutaja.com\/wp-content\/uploads\/2024\/11\/kikkaboo-glasbena-obesanka-MY-TEDDY-1.webp\" \/>\n\t<meta property=\"og:image:width\" content=\"1200\" \/>\n\t<meta property=\"og:image:height\" content=\"1200\" \/>\n\t<meta property=\"og:image:type\" content=\"image\/webp\" \/>\n<meta name=\"twitter:card\" content=\"summary_large_image\" \/>\n<script type=\"application\/ld+json\" class=\"yoast-schema-graph\">{\"@context\":\"https:\\\/\\\/schema.org\",\"@graph\":[{\"@type\":\"WebPage\",\"@id\":\"https:\\\/\\\/ajatutaja.com\\\/izdelek\\\/kikkaboo-glasbena-obesanka-my-teddy\\\/\",\"url\":\"https:\\\/\\\/ajatutaja.com\\\/izdelek\\\/kikkaboo-glasbena-obesanka-my-teddy\\\/\",\"name\":\"KikkaBoo\u00ae Glasbena obe\u0161anka My Teddy | Ajatutaja\",\"isPartOf\":{\"@id\":\"https:\\\/\\\/ajatutaja.com\\\/#website\"},\"primaryImageOfPage\":{\"@id\":\"https:\\\/\\\/ajatutaja.com\\\/izdelek\\\/kikkaboo-glasbena-obesanka-my-teddy\\\/#primaryimage\"},\"image\":{\"@id\":\"https:\\\/\\\/ajatutaja.com\\\/izdelek\\\/kikkaboo-glasbena-obesanka-my-teddy\\\/#primaryimage\"},\"thumbnailUrl\":\"https:\\\/\\\/ajatutaja.com\\\/wp-content\\\/uploads\\\/2024\\\/11\\\/kikkaboo-glasbena-obesanka-MY-TEDDY-1.webp\",\"datePublished\":\"2024-11-20T14:34:55+00:00\",\"dateModified\":\"2026-03-12T12:09:38+00:00\",\"description\":\"Mehka glasbena obe\u0161anka Teddy blagovne znamke KikkaBoo, je popoln spremljevalec za lahko no\u010d va\u0161ega mal\u010dka.\",\"breadcrumb\":{\"@id\":\"https:\\\/\\\/ajatutaja.com\\\/izdelek\\\/kikkaboo-glasbena-obesanka-my-teddy\\\/#breadcrumb\"},\"inLanguage\":\"hr\",\"potentialAction\":[{\"@type\":\"ReadAction\",\"target\":[\"https:\\\/\\\/ajatutaja.com\\\/izdelek\\\/kikkaboo-glasbena-obesanka-my-teddy\\\/\"]}]},{\"@type\":\"ImageObject\",\"inLanguage\":\"hr\",\"@id\":\"https:\\\/\\\/ajatutaja.com\\\/izdelek\\\/kikkaboo-glasbena-obesanka-my-teddy\\\/#primaryimage\",\"url\":\"https:\\\/\\\/ajatutaja.com\\\/wp-content\\\/uploads\\\/2024\\\/11\\\/kikkaboo-glasbena-obesanka-MY-TEDDY-1.webp\",\"contentUrl\":\"https:\\\/\\\/ajatutaja.com\\\/wp-content\\\/uploads\\\/2024\\\/11\\\/kikkaboo-glasbena-obesanka-MY-TEDDY-1.webp\",\"width\":1200,\"height\":1200},{\"@type\":\"BreadcrumbList\",\"@id\":\"https:\\\/\\\/ajatutaja.com\\\/izdelek\\\/kikkaboo-glasbena-obesanka-my-teddy\\\/#breadcrumb\",\"itemListElement\":[{\"@type\":\"ListItem\",\"position\":1,\"name\":\"Home\",\"item\":\"https:\\\/\\\/ajatutaja.com\\\/hr\\\/\"},{\"@type\":\"ListItem\",\"position\":2,\"name\":\"Trgovina\",\"item\":\"https:\\\/\\\/ajatutaja.com\\\/hr\\\/trgovina\\\/\"},{\"@type\":\"ListItem\",\"position\":3,\"name\":\"KikkaBoo\u00ae Glasbena obe\u0161anka My Teddy\"}]},{\"@type\":\"WebSite\",\"@id\":\"https:\\\/\\\/ajatutaja.com\\\/#website\",\"url\":\"https:\\\/\\\/ajatutaja.com\\\/\",\"name\":\"Ajatutaja\",\"description\":\"Otro\u0161ka spletna trgovina AJATUTAJA\",\"publisher\":{\"@id\":\"https:\\\/\\\/ajatutaja.com\\\/#organization\"},\"potentialAction\":[{\"@type\":\"SearchAction\",\"target\":{\"@type\":\"EntryPoint\",\"urlTemplate\":\"https:\\\/\\\/ajatutaja.com\\\/?s={search_term_string}\"},\"query-input\":{\"@type\":\"PropertyValueSpecification\",\"valueRequired\":true,\"valueName\":\"search_term_string\"}}],\"inLanguage\":\"hr\"},{\"@type\":\"Organization\",\"@id\":\"https:\\\/\\\/ajatutaja.com\\\/#organization\",\"name\":\"Ajatutaja\",\"url\":\"https:\\\/\\\/ajatutaja.com\\\/\",\"logo\":{\"@type\":\"ImageObject\",\"inLanguage\":\"hr\",\"@id\":\"https:\\\/\\\/ajatutaja.com\\\/#\\\/schema\\\/logo\\\/image\\\/\",\"url\":\"https:\\\/\\\/ajatutaja.com\\\/wp-content\\\/uploads\\\/2021\\\/10\\\/logo.png\",\"contentUrl\":\"https:\\\/\\\/ajatutaja.com\\\/wp-content\\\/uploads\\\/2021\\\/10\\\/logo.png\",\"width\":555,\"height\":150,\"caption\":\"Ajatutaja\"},\"image\":{\"@id\":\"https:\\\/\\\/ajatutaja.com\\\/#\\\/schema\\\/logo\\\/image\\\/\"}}]}<\/script>\n<!-- \/ Yoast SEO plugin. -->","yoast_head_json":{"title":"KikkaBoo\u00ae Glasbena obe\u0161anka My Teddy | Ajatutaja","description":"Mehka glasbena obe\u0161anka Teddy blagovne znamke KikkaBoo, je popoln spremljevalec za lahko no\u010d va\u0161ega mal\u010dka.","robots":{"index":"index","follow":"follow","max-snippet":"max-snippet:-1","max-image-preview":"max-image-preview:large","max-video-preview":"max-video-preview:-1"},"canonical":"https:\/\/ajatutaja.com\/izdelek\/kikkaboo-glasbena-obesanka-my-teddy\/","og_locale":"hr_HR","og_type":"article","og_title":"KikkaBoo\u00ae Glasbena obe\u0161anka My Teddy | Ajatutaja","og_description":"Mehka glasbena obe\u0161anka Teddy blagovne znamke KikkaBoo, je popoln spremljevalec za lahko no\u010d va\u0161ega mal\u010dka.","og_url":"https:\/\/ajatutaja.com\/izdelek\/kikkaboo-glasbena-obesanka-my-teddy\/","og_site_name":"Ajatutaja","article_modified_time":"2026-03-12T12:09:38+00:00","og_image":[{"width":1200,"height":1200,"url":"https:\/\/ajatutaja.com\/wp-content\/uploads\/2024\/11\/kikkaboo-glasbena-obesanka-MY-TEDDY-1.webp","type":"image\/webp"}],"twitter_card":"summary_large_image","schema":{"@context":"https:\/\/schema.org","@graph":[{"@type":"WebPage","@id":"https:\/\/ajatutaja.com\/izdelek\/kikkaboo-glasbena-obesanka-my-teddy\/","url":"https:\/\/ajatutaja.com\/izdelek\/kikkaboo-glasbena-obesanka-my-teddy\/","name":"KikkaBoo\u00ae Glasbena obe\u0161anka My Teddy | Ajatutaja","isPartOf":{"@id":"https:\/\/ajatutaja.com\/#website"},"primaryImageOfPage":{"@id":"https:\/\/ajatutaja.com\/izdelek\/kikkaboo-glasbena-obesanka-my-teddy\/#primaryimage"},"image":{"@id":"https:\/\/ajatutaja.com\/izdelek\/kikkaboo-glasbena-obesanka-my-teddy\/#primaryimage"},"thumbnailUrl":"https:\/\/ajatutaja.com\/wp-content\/uploads\/2024\/11\/kikkaboo-glasbena-obesanka-MY-TEDDY-1.webp","datePublished":"2024-11-20T14:34:55+00:00","dateModified":"2026-03-12T12:09:38+00:00","description":"Mehka glasbena obe\u0161anka Teddy blagovne znamke KikkaBoo, je popoln spremljevalec za lahko no\u010d va\u0161ega mal\u010dka.","breadcrumb":{"@id":"https:\/\/ajatutaja.com\/izdelek\/kikkaboo-glasbena-obesanka-my-teddy\/#breadcrumb"},"inLanguage":"hr","potentialAction":[{"@type":"ReadAction","target":["https:\/\/ajatutaja.com\/izdelek\/kikkaboo-glasbena-obesanka-my-teddy\/"]}]},{"@type":"ImageObject","inLanguage":"hr","@id":"https:\/\/ajatutaja.com\/izdelek\/kikkaboo-glasbena-obesanka-my-teddy\/#primaryimage","url":"https:\/\/ajatutaja.com\/wp-content\/uploads\/2024\/11\/kikkaboo-glasbena-obesanka-MY-TEDDY-1.webp","contentUrl":"https:\/\/ajatutaja.com\/wp-content\/uploads\/2024\/11\/kikkaboo-glasbena-obesanka-MY-TEDDY-1.webp","width":1200,"height":1200},{"@type":"BreadcrumbList","@id":"https:\/\/ajatutaja.com\/izdelek\/kikkaboo-glasbena-obesanka-my-teddy\/#breadcrumb","itemListElement":[{"@type":"ListItem","position":1,"name":"Home","item":"https:\/\/ajatutaja.com\/hr\/"},{"@type":"ListItem","position":2,"name":"Trgovina","item":"https:\/\/ajatutaja.com\/hr\/trgovina\/"},{"@type":"ListItem","position":3,"name":"KikkaBoo\u00ae Glasbena obe\u0161anka My Teddy"}]},{"@type":"WebSite","@id":"https:\/\/ajatutaja.com\/#website","url":"https:\/\/ajatutaja.com\/","name":"Ajatutaja","description":"Otro\u0161ka spletna trgovina AJATUTAJA","publisher":{"@id":"https:\/\/ajatutaja.com\/#organization"},"potentialAction":[{"@type":"SearchAction","target":{"@type":"EntryPoint","urlTemplate":"https:\/\/ajatutaja.com\/?s={search_term_string}"},"query-input":{"@type":"PropertyValueSpecification","valueRequired":true,"valueName":"search_term_string"}}],"inLanguage":"hr"},{"@type":"Organization","@id":"https:\/\/ajatutaja.com\/#organization","name":"Ajatutaja","url":"https:\/\/ajatutaja.com\/","logo":{"@type":"ImageObject","inLanguage":"hr","@id":"https:\/\/ajatutaja.com\/#\/schema\/logo\/image\/","url":"https:\/\/ajatutaja.com\/wp-content\/uploads\/2021\/10\/logo.png","contentUrl":"https:\/\/ajatutaja.com\/wp-content\/uploads\/2021\/10\/logo.png","width":555,"height":150,"caption":"Ajatutaja"},"image":{"@id":"https:\/\/ajatutaja.com\/#\/schema\/logo\/image\/"}}]}},"brands":[{"id":2452,"name":"Igranje","slug":"igranje"},{"id":5677,"name":"KikkaBoo","slug":"kikkaboo"}],"_links":{"self":[{"href":"https:\/\/ajatutaja.com\/hr\/wp-json\/wp\/v2\/product\/70799","targetHints":{"allow":["GET"]}}],"collection":[{"href":"https:\/\/ajatutaja.com\/hr\/wp-json\/wp\/v2\/product"}],"about":[{"href":"https:\/\/ajatutaja.com\/hr\/wp-json\/wp\/v2\/types\/product"}],"wp:featuredmedia":[{"embeddable":true,"href":"https:\/\/ajatutaja.com\/hr\/wp-json\/wp\/v2\/media\/70797"}],"wp:attachment":[{"href":"https:\/\/ajatutaja.com\/hr\/wp-json\/wp\/v2\/media?parent=70799"}],"wp:term":[{"taxonomy":"pwb-brand","embeddable":true,"href":"https:\/\/ajatutaja.com\/hr\/wp-json\/wp\/v2\/pwb-brand?post=70799"},{"taxonomy":"product_brand","embeddable":true,"href":"https:\/\/ajatutaja.com\/hr\/wp-json\/wp\/v2\/product_brand?post=70799"},{"taxonomy":"product_cat","embeddable":true,"href":"https:\/\/ajatutaja.com\/hr\/wp-json\/wp\/v2\/product_cat?post=70799"},{"taxonomy":"product_tag","embeddable":true,"href":"https:\/\/ajatutaja.com\/hr\/wp-json\/wp\/v2\/product_tag?post=70799"}],"curies":[{"name":"wp","href":"https:\/\/api.w.org\/{rel}","templated":true}]}}