{"id":70645,"date":"2024-11-18T20:02:35","date_gmt":"2024-11-18T19:02:35","guid":{"rendered":"https:\/\/ajatutaja.com\/?post_type=product&#038;p=70645"},"modified":"2025-12-02T07:28:03","modified_gmt":"2025-12-02T06:28:03","slug":"ramenska-nosilka-minimeis-g5-blue-core","status":"publish","type":"product","link":"https:\/\/ajatutaja.com\/hr\/proizvod\/ramenska-nosilka-minimeis-g5-blue-core\/","title":{"rendered":"Ramenska nosilka MiniMeis\u00ae G5 &#8211; Blue Core"},"content":{"rendered":"<p>[vc_row][vc_column][vc_column_text]Star\u0161i zelo dobro poznamo nasmeh na otrokovem obrazu, ko ga dvignemo in posedemo na ramena. In ravno zato je bila ustvarjena ramenska nosilka Minimeis\u00ae G5 ! Da bi lahko otroci u\u017eivali v prav enakih razgledih kot star\u0161, je izrednega pomena tudi varnost in udobje otroka. Zato pripnite va\u0161ega otroka in se pripravite na pohajkovanja, izlete, raziskovanja preko katerih boste ustvarjali nepozabne spomine. Otroka polo\u017eite na posebej oblikovan lok, ki osvobodi va\u0161 vrat in ramena pred neposrednim pritiskom. Te\u017ea otroka je skozi konstrukcijo nosilke enakomerno porazdeljena, kar omogo\u010da dalj\u0161e udobne sprehode tako star\u0161em kot otroku!<\/p>\n<p>Med odkrivanjem sveta va\u0161 otrok varno sedi na va\u0161ih ramenih, pritrjen s pasom in trakovi za noge. Oba elementa z elegantnimi detajli iz umetnega usnja. Prilo\u017eene so tudi naramnice, ki zagotavljajo dodatno podporo zgornjemu delu telesa za najmanj\u0161e otroke (6-10 mesecev). Oblazinjen sede\u017e in prilagodljivo hrbti\u0161\u010de zagotavljata maksimalno udobje za otroka, medtem ko u\u017eiva v pogledu z vi\u0161ine!<\/p>\n<h4>Lastnosti ramenske nosilke MiniMeis\u00ae G5:<\/h4>\n<ul>\n<li>Namenjena otrokom od 6 meseca starosti dalje pa vse do cca. 4 leta starosti<\/li>\n<li>Maksimalna obremenitev nosilke je 18 kg<\/li>\n<li>Preprosta uporaba nosilke<\/li>\n<li>Preprosto zlaganje nosilke, ki zavzame le 30&#215;30 cm<\/li>\n<li>S svojo te\u017eo 1.6 kg je najla\u017eja nosilka v svoji kategoriji<\/li>\n<li>Nosilka je izdelana iz recikliranih plastenk iz oceanov in drugih kvalitetnih materialov, ki poskrbijo, da je nosilka resni\u010dno lepa in kakovostna, a hkrati misli tudi na okolje<\/li>\n<li>Zasnovana na uspehu nosilke prej\u0161nje generacije, Minimeis HERO G5 ponuja \u0161e la\u017ejo in bolj\u0161o uporabni\u0161ko izku\u0161njo na enaki, s priznanji nagrajeni osnovni konstrukciji<\/li>\n<li>Skandinavski dizajn in kakovost<\/li>\n<li>Varnostno preizku\u0161eno in odobreno po standardih EU in ZDA<\/li>\n<\/ul>\n<p>[\/vc_column_text][\/vc_column][\/vc_row]<\/p>\n","protected":false},"excerpt":{"rendered":"<p>Nova MiniMeis\u00ae ramenska nosilka G5 je varna in dovr\u0161ena nosilka za otroke, ki omogo\u010da varno no\u0161enje otroka od 6 meseca dalje &#8211; preprosto na ramenih. Ve\u010dkrat nagrajena nosilka je zelo priljubljena pri star\u0161ih, saj zagotavlja otroku optimalen pogled na svet okoli sebe. Obenem pa s svojo strukturo razbremeni vratne mi\u0161ice in ramenski obro\u010d.<\/p>\n","protected":false},"featured_media":70646,"template":"","meta":[],"pwb-brand":[5674,2409],"product_brand":[],"product_cat":[2397,2361],"product_tag":[5676],"class_list":{"0":"post-70645","1":"product","2":"type-product","3":"status-publish","4":"has-post-thumbnail","6":"pwb-brand-minimeis","7":"pwb-brand-potepanje","8":"product_cat-nosilke-za-otroke","9":"product_cat-potepanje","10":"product_tag-minimeis","12":"first","13":"instock","14":"taxable","15":"shipping-taxable","16":"purchasable","17":"product-type-simple","18":"add-to-wishlist-before_image"},"yoast_head":"<!-- This site is optimized with the Yoast SEO plugin v27.3 - https:\/\/yoast.com\/product\/yoast-seo-wordpress\/ -->\n<title>Ramenska nosilka MiniMeis\u00ae G5 - Blue Core | Ajatutaja<\/title>\n<meta name=\"description\" content=\"MiniMeis\u00ae ramenska nosilka G5 je varna in dovr\u0161ena nosilka za otroke, ki omogo\u010da varno no\u0161enje otroka od 6 meseca dalje - preprosto na ramenih.\" \/>\n<meta name=\"robots\" content=\"index, follow, max-snippet:-1, max-image-preview:large, max-video-preview:-1\" \/>\n<link rel=\"canonical\" href=\"https:\/\/ajatutaja.com\/izdelek\/ramenska-nosilka-minimeis-g5-blue-core\/\" \/>\n<meta property=\"og:locale\" content=\"hr_HR\" \/>\n<meta property=\"og:type\" content=\"article\" \/>\n<meta property=\"og:title\" content=\"Ramenska nosilka MiniMeis\u00ae G5 - Blue Core | Ajatutaja\" \/>\n<meta property=\"og:description\" content=\"MiniMeis\u00ae ramenska nosilka G5 je varna in dovr\u0161ena nosilka za otroke, ki omogo\u010da varno no\u0161enje otroka od 6 meseca dalje - preprosto na ramenih.\" \/>\n<meta property=\"og:url\" content=\"https:\/\/ajatutaja.com\/izdelek\/ramenska-nosilka-minimeis-g5-blue-core\/\" \/>\n<meta property=\"og:site_name\" content=\"Ajatutaja\" \/>\n<meta property=\"article:modified_time\" content=\"2025-12-02T06:28:03+00:00\" \/>\n<meta property=\"og:image\" content=\"https:\/\/ajatutaja.com\/wp-content\/uploads\/2024\/11\/Ramenska-nosilka-Minimeis-ajatutaja-blue.jpg\" \/>\n\t<meta property=\"og:image:width\" content=\"1000\" \/>\n\t<meta property=\"og:image:height\" content=\"1000\" \/>\n\t<meta property=\"og:image:type\" content=\"image\/jpeg\" \/>\n<meta name=\"twitter:card\" content=\"summary_large_image\" \/>\n<meta name=\"twitter:label1\" content=\"Procijenjeno vrijeme \u010ditanja\" \/>\n\t<meta name=\"twitter:data1\" content=\"1 minuta\" \/>\n<script type=\"application\/ld+json\" class=\"yoast-schema-graph\">{\"@context\":\"https:\\\/\\\/schema.org\",\"@graph\":[{\"@type\":\"WebPage\",\"@id\":\"https:\\\/\\\/ajatutaja.com\\\/izdelek\\\/ramenska-nosilka-minimeis-g5-blue-core\\\/\",\"url\":\"https:\\\/\\\/ajatutaja.com\\\/izdelek\\\/ramenska-nosilka-minimeis-g5-blue-core\\\/\",\"name\":\"Ramenska nosilka MiniMeis\u00ae G5 - Blue Core | Ajatutaja\",\"isPartOf\":{\"@id\":\"https:\\\/\\\/ajatutaja.com\\\/#website\"},\"primaryImageOfPage\":{\"@id\":\"https:\\\/\\\/ajatutaja.com\\\/izdelek\\\/ramenska-nosilka-minimeis-g5-blue-core\\\/#primaryimage\"},\"image\":{\"@id\":\"https:\\\/\\\/ajatutaja.com\\\/izdelek\\\/ramenska-nosilka-minimeis-g5-blue-core\\\/#primaryimage\"},\"thumbnailUrl\":\"https:\\\/\\\/ajatutaja.com\\\/wp-content\\\/uploads\\\/2024\\\/11\\\/Ramenska-nosilka-Minimeis-ajatutaja-blue.jpg\",\"datePublished\":\"2024-11-18T19:02:35+00:00\",\"dateModified\":\"2025-12-02T06:28:03+00:00\",\"description\":\"MiniMeis\u00ae ramenska nosilka G5 je varna in dovr\u0161ena nosilka za otroke, ki omogo\u010da varno no\u0161enje otroka od 6 meseca dalje - preprosto na ramenih.\",\"breadcrumb\":{\"@id\":\"https:\\\/\\\/ajatutaja.com\\\/izdelek\\\/ramenska-nosilka-minimeis-g5-blue-core\\\/#breadcrumb\"},\"inLanguage\":\"hr\",\"potentialAction\":[{\"@type\":\"ReadAction\",\"target\":[\"https:\\\/\\\/ajatutaja.com\\\/izdelek\\\/ramenska-nosilka-minimeis-g5-blue-core\\\/\"]}]},{\"@type\":\"ImageObject\",\"inLanguage\":\"hr\",\"@id\":\"https:\\\/\\\/ajatutaja.com\\\/izdelek\\\/ramenska-nosilka-minimeis-g5-blue-core\\\/#primaryimage\",\"url\":\"https:\\\/\\\/ajatutaja.com\\\/wp-content\\\/uploads\\\/2024\\\/11\\\/Ramenska-nosilka-Minimeis-ajatutaja-blue.jpg\",\"contentUrl\":\"https:\\\/\\\/ajatutaja.com\\\/wp-content\\\/uploads\\\/2024\\\/11\\\/Ramenska-nosilka-Minimeis-ajatutaja-blue.jpg\",\"width\":1000,\"height\":1000},{\"@type\":\"BreadcrumbList\",\"@id\":\"https:\\\/\\\/ajatutaja.com\\\/izdelek\\\/ramenska-nosilka-minimeis-g5-blue-core\\\/#breadcrumb\",\"itemListElement\":[{\"@type\":\"ListItem\",\"position\":1,\"name\":\"Home\",\"item\":\"https:\\\/\\\/ajatutaja.com\\\/hr\\\/\"},{\"@type\":\"ListItem\",\"position\":2,\"name\":\"Trgovina\",\"item\":\"https:\\\/\\\/ajatutaja.com\\\/hr\\\/trgovina\\\/\"},{\"@type\":\"ListItem\",\"position\":3,\"name\":\"Ramenska nosilka MiniMeis\u00ae G5 &#8211; Blue Core\"}]},{\"@type\":\"WebSite\",\"@id\":\"https:\\\/\\\/ajatutaja.com\\\/#website\",\"url\":\"https:\\\/\\\/ajatutaja.com\\\/\",\"name\":\"Ajatutaja\",\"description\":\"Otro\u0161ka spletna trgovina AJATUTAJA\",\"publisher\":{\"@id\":\"https:\\\/\\\/ajatutaja.com\\\/#organization\"},\"potentialAction\":[{\"@type\":\"SearchAction\",\"target\":{\"@type\":\"EntryPoint\",\"urlTemplate\":\"https:\\\/\\\/ajatutaja.com\\\/?s={search_term_string}\"},\"query-input\":{\"@type\":\"PropertyValueSpecification\",\"valueRequired\":true,\"valueName\":\"search_term_string\"}}],\"inLanguage\":\"hr\"},{\"@type\":\"Organization\",\"@id\":\"https:\\\/\\\/ajatutaja.com\\\/#organization\",\"name\":\"Ajatutaja\",\"url\":\"https:\\\/\\\/ajatutaja.com\\\/\",\"logo\":{\"@type\":\"ImageObject\",\"inLanguage\":\"hr\",\"@id\":\"https:\\\/\\\/ajatutaja.com\\\/#\\\/schema\\\/logo\\\/image\\\/\",\"url\":\"https:\\\/\\\/ajatutaja.com\\\/wp-content\\\/uploads\\\/2021\\\/10\\\/logo.png\",\"contentUrl\":\"https:\\\/\\\/ajatutaja.com\\\/wp-content\\\/uploads\\\/2021\\\/10\\\/logo.png\",\"width\":555,\"height\":150,\"caption\":\"Ajatutaja\"},\"image\":{\"@id\":\"https:\\\/\\\/ajatutaja.com\\\/#\\\/schema\\\/logo\\\/image\\\/\"}}]}<\/script>\n<!-- \/ Yoast SEO plugin. -->","yoast_head_json":{"title":"Ramenska nosilka MiniMeis\u00ae G5 - Blue Core | Ajatutaja","description":"MiniMeis\u00ae ramenska nosilka G5 je varna in dovr\u0161ena nosilka za otroke, ki omogo\u010da varno no\u0161enje otroka od 6 meseca dalje - preprosto na ramenih.","robots":{"index":"index","follow":"follow","max-snippet":"max-snippet:-1","max-image-preview":"max-image-preview:large","max-video-preview":"max-video-preview:-1"},"canonical":"https:\/\/ajatutaja.com\/izdelek\/ramenska-nosilka-minimeis-g5-blue-core\/","og_locale":"hr_HR","og_type":"article","og_title":"Ramenska nosilka MiniMeis\u00ae G5 - Blue Core | Ajatutaja","og_description":"MiniMeis\u00ae ramenska nosilka G5 je varna in dovr\u0161ena nosilka za otroke, ki omogo\u010da varno no\u0161enje otroka od 6 meseca dalje - preprosto na ramenih.","og_url":"https:\/\/ajatutaja.com\/izdelek\/ramenska-nosilka-minimeis-g5-blue-core\/","og_site_name":"Ajatutaja","article_modified_time":"2025-12-02T06:28:03+00:00","og_image":[{"width":1000,"height":1000,"url":"https:\/\/ajatutaja.com\/wp-content\/uploads\/2024\/11\/Ramenska-nosilka-Minimeis-ajatutaja-blue.jpg","type":"image\/jpeg"}],"twitter_card":"summary_large_image","twitter_misc":{"Procijenjeno vrijeme \u010ditanja":"1 minuta"},"schema":{"@context":"https:\/\/schema.org","@graph":[{"@type":"WebPage","@id":"https:\/\/ajatutaja.com\/izdelek\/ramenska-nosilka-minimeis-g5-blue-core\/","url":"https:\/\/ajatutaja.com\/izdelek\/ramenska-nosilka-minimeis-g5-blue-core\/","name":"Ramenska nosilka MiniMeis\u00ae G5 - Blue Core | Ajatutaja","isPartOf":{"@id":"https:\/\/ajatutaja.com\/#website"},"primaryImageOfPage":{"@id":"https:\/\/ajatutaja.com\/izdelek\/ramenska-nosilka-minimeis-g5-blue-core\/#primaryimage"},"image":{"@id":"https:\/\/ajatutaja.com\/izdelek\/ramenska-nosilka-minimeis-g5-blue-core\/#primaryimage"},"thumbnailUrl":"https:\/\/ajatutaja.com\/wp-content\/uploads\/2024\/11\/Ramenska-nosilka-Minimeis-ajatutaja-blue.jpg","datePublished":"2024-11-18T19:02:35+00:00","dateModified":"2025-12-02T06:28:03+00:00","description":"MiniMeis\u00ae ramenska nosilka G5 je varna in dovr\u0161ena nosilka za otroke, ki omogo\u010da varno no\u0161enje otroka od 6 meseca dalje - preprosto na ramenih.","breadcrumb":{"@id":"https:\/\/ajatutaja.com\/izdelek\/ramenska-nosilka-minimeis-g5-blue-core\/#breadcrumb"},"inLanguage":"hr","potentialAction":[{"@type":"ReadAction","target":["https:\/\/ajatutaja.com\/izdelek\/ramenska-nosilka-minimeis-g5-blue-core\/"]}]},{"@type":"ImageObject","inLanguage":"hr","@id":"https:\/\/ajatutaja.com\/izdelek\/ramenska-nosilka-minimeis-g5-blue-core\/#primaryimage","url":"https:\/\/ajatutaja.com\/wp-content\/uploads\/2024\/11\/Ramenska-nosilka-Minimeis-ajatutaja-blue.jpg","contentUrl":"https:\/\/ajatutaja.com\/wp-content\/uploads\/2024\/11\/Ramenska-nosilka-Minimeis-ajatutaja-blue.jpg","width":1000,"height":1000},{"@type":"BreadcrumbList","@id":"https:\/\/ajatutaja.com\/izdelek\/ramenska-nosilka-minimeis-g5-blue-core\/#breadcrumb","itemListElement":[{"@type":"ListItem","position":1,"name":"Home","item":"https:\/\/ajatutaja.com\/hr\/"},{"@type":"ListItem","position":2,"name":"Trgovina","item":"https:\/\/ajatutaja.com\/hr\/trgovina\/"},{"@type":"ListItem","position":3,"name":"Ramenska nosilka MiniMeis\u00ae G5 &#8211; Blue Core"}]},{"@type":"WebSite","@id":"https:\/\/ajatutaja.com\/#website","url":"https:\/\/ajatutaja.com\/","name":"Ajatutaja","description":"Otro\u0161ka spletna trgovina AJATUTAJA","publisher":{"@id":"https:\/\/ajatutaja.com\/#organization"},"potentialAction":[{"@type":"SearchAction","target":{"@type":"EntryPoint","urlTemplate":"https:\/\/ajatutaja.com\/?s={search_term_string}"},"query-input":{"@type":"PropertyValueSpecification","valueRequired":true,"valueName":"search_term_string"}}],"inLanguage":"hr"},{"@type":"Organization","@id":"https:\/\/ajatutaja.com\/#organization","name":"Ajatutaja","url":"https:\/\/ajatutaja.com\/","logo":{"@type":"ImageObject","inLanguage":"hr","@id":"https:\/\/ajatutaja.com\/#\/schema\/logo\/image\/","url":"https:\/\/ajatutaja.com\/wp-content\/uploads\/2021\/10\/logo.png","contentUrl":"https:\/\/ajatutaja.com\/wp-content\/uploads\/2021\/10\/logo.png","width":555,"height":150,"caption":"Ajatutaja"},"image":{"@id":"https:\/\/ajatutaja.com\/#\/schema\/logo\/image\/"}}]}},"brands":[{"id":5674,"name":"MiniMeis","slug":"minimeis"},{"id":2409,"name":"Potepanje","slug":"potepanje"}],"_links":{"self":[{"href":"https:\/\/ajatutaja.com\/hr\/wp-json\/wp\/v2\/product\/70645","targetHints":{"allow":["GET"]}}],"collection":[{"href":"https:\/\/ajatutaja.com\/hr\/wp-json\/wp\/v2\/product"}],"about":[{"href":"https:\/\/ajatutaja.com\/hr\/wp-json\/wp\/v2\/types\/product"}],"wp:featuredmedia":[{"embeddable":true,"href":"https:\/\/ajatutaja.com\/hr\/wp-json\/wp\/v2\/media\/70646"}],"wp:attachment":[{"href":"https:\/\/ajatutaja.com\/hr\/wp-json\/wp\/v2\/media?parent=70645"}],"wp:term":[{"taxonomy":"pwb-brand","embeddable":true,"href":"https:\/\/ajatutaja.com\/hr\/wp-json\/wp\/v2\/pwb-brand?post=70645"},{"taxonomy":"product_brand","embeddable":true,"href":"https:\/\/ajatutaja.com\/hr\/wp-json\/wp\/v2\/product_brand?post=70645"},{"taxonomy":"product_cat","embeddable":true,"href":"https:\/\/ajatutaja.com\/hr\/wp-json\/wp\/v2\/product_cat?post=70645"},{"taxonomy":"product_tag","embeddable":true,"href":"https:\/\/ajatutaja.com\/hr\/wp-json\/wp\/v2\/product_tag?post=70645"}],"curies":[{"name":"wp","href":"https:\/\/api.w.org\/{rel}","templated":true}]}}