{"id":70456,"date":"2024-11-13T16:03:45","date_gmt":"2024-11-13T15:03:45","guid":{"rendered":"https:\/\/ajatutaja.com\/?post_type=product&#038;p=70456"},"modified":"2026-03-12T14:54:51","modified_gmt":"2026-03-12T13:54:51","slug":"bieco-igralni-sotor-dots","status":"publish","type":"product","link":"https:\/\/ajatutaja.com\/hr\/proizvod\/bieco-igralni-sotor-dots\/","title":{"rendered":"Bieco Igralni \u0161otor Dots"},"content":{"rendered":"<h3><strong>Lastnosti igralnega \u0161otora Dots:<\/strong><\/h3>\n<ul>\n<li>Barva: Me\u0161anica be\u017e karamele<\/li>\n<li>Material: Poliester<\/li>\n<li>Velikost: \u00d8 105 x 125 cm<\/li>\n<li>Navodila za nego: \u010cistite z vla\u017eno krpo in blagim milom. Ne potapljajte v vodo. Su\u0161ite na zraku.<\/li>\n<li>Priporo\u010dena starost: Primeren za otroke okoli 12 mesecev, ko lahko varno sedijo.<\/li>\n<li>Opozorilo: Monta\u017eo mora opraviti odrasla oseba. \u0160otor se zelo hitro razpr\u0161i.<\/li>\n<li>Uporaba:\u00a0Dr\u017eite stran od ognja. Uporabljajte le pod nadzorom odrasle osebe.<\/li>\n<li>Usklajenost: Ustreza standardom EN-71-1-2-3-9<\/li>\n<li>Testirano: Neodvisno testirano na \u0161kodljive snovi.<\/li>\n<\/ul>\n<p>Zabojnik za igra\u010de, otro\u0161ke knjige, \u0161olske potreb\u0161\u010dine, otro\u0161ka obla\u010dila in posteljnine bo poskrbel, da bo otro\u0161ka sobica vedno lepo pospravljena.<\/p>\n","protected":false},"excerpt":{"rendered":"<p>Zlo\u017eljiv \u0161otor blagovne znamke Bieco se postavi v le nekaj sekundah. Igranje v \u0161otoru je primerno tako v notranjih kot v zunanjih prostorih. Izdelan iz trpe\u017enega poliestra, enostavnega za \u010di\u0161\u010denje. Biecojeva kolekcija Dots ponuja tople karamelne odtenke, ki vsako otro\u0161ko sobo spremenijo v udobno zato\u010di\u0161\u010de.<\/p>\n","protected":false},"featured_media":70467,"template":"","meta":[],"pwb-brand":[2452,2611],"product_brand":[],"product_cat":[3989,2607,2362,2594,2593],"product_tag":[5665,5672],"class_list":{"0":"post-70456","1":"product","2":"type-product","3":"status-publish","4":"has-post-thumbnail","6":"pwb-brand-igranje","7":"pwb-brand-spanje","8":"product_cat-12-mesecev-igrace","9":"product_cat-dodatki-in-dekoracije","10":"product_cat-igranje","11":"product_cat-otroska-sobica","12":"product_cat-spanje","13":"product_tag-bieco","14":"product_tag-dots","16":"first","17":"outofstock","18":"taxable","19":"shipping-taxable","20":"purchasable","21":"product-type-simple","22":"add-to-wishlist-before_image"},"yoast_head":"<!-- This site is optimized with the Yoast SEO plugin v27.3 - https:\/\/yoast.com\/product\/yoast-seo-wordpress\/ -->\n<title>Bieco Igralni \u0161otor Dots | Ajatutaja<\/title>\n<meta name=\"description\" content=\"Biecojeva kolekcija Dots ponuja tople karamelne odtenke, ki vsako otro\u0161ko sobo spremenijo v udobno zato\u010di\u0161\u010de.\" \/>\n<meta name=\"robots\" content=\"index, follow, max-snippet:-1, max-image-preview:large, max-video-preview:-1\" \/>\n<link rel=\"canonical\" href=\"https:\/\/ajatutaja.com\/izdelek\/bieco-igralni-sotor-dots\/\" \/>\n<meta property=\"og:locale\" content=\"hr_HR\" \/>\n<meta property=\"og:type\" content=\"article\" \/>\n<meta property=\"og:title\" content=\"Bieco Igralni \u0161otor Dots | Ajatutaja\" \/>\n<meta property=\"og:description\" content=\"Biecojeva kolekcija Dots ponuja tople karamelne odtenke, ki vsako otro\u0161ko sobo spremenijo v udobno zato\u010di\u0161\u010de.\" \/>\n<meta property=\"og:url\" content=\"https:\/\/ajatutaja.com\/izdelek\/bieco-igralni-sotor-dots\/\" \/>\n<meta property=\"og:site_name\" content=\"Ajatutaja\" \/>\n<meta property=\"article:modified_time\" content=\"2026-03-12T13:54:51+00:00\" \/>\n<meta property=\"og:image\" content=\"https:\/\/ajatutaja.com\/wp-content\/uploads\/2024\/11\/bieco-igralni-sotor-dots.jpeg\" \/>\n\t<meta property=\"og:image:width\" content=\"800\" \/>\n\t<meta property=\"og:image:height\" content=\"800\" \/>\n\t<meta property=\"og:image:type\" content=\"image\/jpeg\" \/>\n<meta name=\"twitter:card\" content=\"summary_large_image\" \/>\n<meta name=\"twitter:label1\" content=\"Procijenjeno vrijeme \u010ditanja\" \/>\n\t<meta name=\"twitter:data1\" content=\"1 minuta\" \/>\n<script type=\"application\/ld+json\" class=\"yoast-schema-graph\">{\"@context\":\"https:\\\/\\\/schema.org\",\"@graph\":[{\"@type\":\"WebPage\",\"@id\":\"https:\\\/\\\/ajatutaja.com\\\/izdelek\\\/bieco-igralni-sotor-dots\\\/\",\"url\":\"https:\\\/\\\/ajatutaja.com\\\/izdelek\\\/bieco-igralni-sotor-dots\\\/\",\"name\":\"Bieco Igralni \u0161otor Dots | Ajatutaja\",\"isPartOf\":{\"@id\":\"https:\\\/\\\/ajatutaja.com\\\/#website\"},\"primaryImageOfPage\":{\"@id\":\"https:\\\/\\\/ajatutaja.com\\\/izdelek\\\/bieco-igralni-sotor-dots\\\/#primaryimage\"},\"image\":{\"@id\":\"https:\\\/\\\/ajatutaja.com\\\/izdelek\\\/bieco-igralni-sotor-dots\\\/#primaryimage\"},\"thumbnailUrl\":\"https:\\\/\\\/ajatutaja.com\\\/wp-content\\\/uploads\\\/2024\\\/11\\\/bieco-igralni-sotor-dots.jpeg\",\"datePublished\":\"2024-11-13T15:03:45+00:00\",\"dateModified\":\"2026-03-12T13:54:51+00:00\",\"description\":\"Biecojeva kolekcija Dots ponuja tople karamelne odtenke, ki vsako otro\u0161ko sobo spremenijo v udobno zato\u010di\u0161\u010de.\",\"breadcrumb\":{\"@id\":\"https:\\\/\\\/ajatutaja.com\\\/izdelek\\\/bieco-igralni-sotor-dots\\\/#breadcrumb\"},\"inLanguage\":\"hr\",\"potentialAction\":[{\"@type\":\"ReadAction\",\"target\":[\"https:\\\/\\\/ajatutaja.com\\\/izdelek\\\/bieco-igralni-sotor-dots\\\/\"]}]},{\"@type\":\"ImageObject\",\"inLanguage\":\"hr\",\"@id\":\"https:\\\/\\\/ajatutaja.com\\\/izdelek\\\/bieco-igralni-sotor-dots\\\/#primaryimage\",\"url\":\"https:\\\/\\\/ajatutaja.com\\\/wp-content\\\/uploads\\\/2024\\\/11\\\/bieco-igralni-sotor-dots.jpeg\",\"contentUrl\":\"https:\\\/\\\/ajatutaja.com\\\/wp-content\\\/uploads\\\/2024\\\/11\\\/bieco-igralni-sotor-dots.jpeg\",\"width\":800,\"height\":800},{\"@type\":\"BreadcrumbList\",\"@id\":\"https:\\\/\\\/ajatutaja.com\\\/izdelek\\\/bieco-igralni-sotor-dots\\\/#breadcrumb\",\"itemListElement\":[{\"@type\":\"ListItem\",\"position\":1,\"name\":\"Home\",\"item\":\"https:\\\/\\\/ajatutaja.com\\\/hr\\\/\"},{\"@type\":\"ListItem\",\"position\":2,\"name\":\"Trgovina\",\"item\":\"https:\\\/\\\/ajatutaja.com\\\/hr\\\/trgovina\\\/\"},{\"@type\":\"ListItem\",\"position\":3,\"name\":\"Bieco Igralni \u0161otor Dots\"}]},{\"@type\":\"WebSite\",\"@id\":\"https:\\\/\\\/ajatutaja.com\\\/#website\",\"url\":\"https:\\\/\\\/ajatutaja.com\\\/\",\"name\":\"Ajatutaja\",\"description\":\"Otro\u0161ka spletna trgovina AJATUTAJA\",\"publisher\":{\"@id\":\"https:\\\/\\\/ajatutaja.com\\\/#organization\"},\"potentialAction\":[{\"@type\":\"SearchAction\",\"target\":{\"@type\":\"EntryPoint\",\"urlTemplate\":\"https:\\\/\\\/ajatutaja.com\\\/?s={search_term_string}\"},\"query-input\":{\"@type\":\"PropertyValueSpecification\",\"valueRequired\":true,\"valueName\":\"search_term_string\"}}],\"inLanguage\":\"hr\"},{\"@type\":\"Organization\",\"@id\":\"https:\\\/\\\/ajatutaja.com\\\/#organization\",\"name\":\"Ajatutaja\",\"url\":\"https:\\\/\\\/ajatutaja.com\\\/\",\"logo\":{\"@type\":\"ImageObject\",\"inLanguage\":\"hr\",\"@id\":\"https:\\\/\\\/ajatutaja.com\\\/#\\\/schema\\\/logo\\\/image\\\/\",\"url\":\"https:\\\/\\\/ajatutaja.com\\\/wp-content\\\/uploads\\\/2021\\\/10\\\/logo.png\",\"contentUrl\":\"https:\\\/\\\/ajatutaja.com\\\/wp-content\\\/uploads\\\/2021\\\/10\\\/logo.png\",\"width\":555,\"height\":150,\"caption\":\"Ajatutaja\"},\"image\":{\"@id\":\"https:\\\/\\\/ajatutaja.com\\\/#\\\/schema\\\/logo\\\/image\\\/\"}}]}<\/script>\n<!-- \/ Yoast SEO plugin. -->","yoast_head_json":{"title":"Bieco Igralni \u0161otor Dots | Ajatutaja","description":"Biecojeva kolekcija Dots ponuja tople karamelne odtenke, ki vsako otro\u0161ko sobo spremenijo v udobno zato\u010di\u0161\u010de.","robots":{"index":"index","follow":"follow","max-snippet":"max-snippet:-1","max-image-preview":"max-image-preview:large","max-video-preview":"max-video-preview:-1"},"canonical":"https:\/\/ajatutaja.com\/izdelek\/bieco-igralni-sotor-dots\/","og_locale":"hr_HR","og_type":"article","og_title":"Bieco Igralni \u0161otor Dots | Ajatutaja","og_description":"Biecojeva kolekcija Dots ponuja tople karamelne odtenke, ki vsako otro\u0161ko sobo spremenijo v udobno zato\u010di\u0161\u010de.","og_url":"https:\/\/ajatutaja.com\/izdelek\/bieco-igralni-sotor-dots\/","og_site_name":"Ajatutaja","article_modified_time":"2026-03-12T13:54:51+00:00","og_image":[{"width":800,"height":800,"url":"https:\/\/ajatutaja.com\/wp-content\/uploads\/2024\/11\/bieco-igralni-sotor-dots.jpeg","type":"image\/jpeg"}],"twitter_card":"summary_large_image","twitter_misc":{"Procijenjeno vrijeme \u010ditanja":"1 minuta"},"schema":{"@context":"https:\/\/schema.org","@graph":[{"@type":"WebPage","@id":"https:\/\/ajatutaja.com\/izdelek\/bieco-igralni-sotor-dots\/","url":"https:\/\/ajatutaja.com\/izdelek\/bieco-igralni-sotor-dots\/","name":"Bieco Igralni \u0161otor Dots | Ajatutaja","isPartOf":{"@id":"https:\/\/ajatutaja.com\/#website"},"primaryImageOfPage":{"@id":"https:\/\/ajatutaja.com\/izdelek\/bieco-igralni-sotor-dots\/#primaryimage"},"image":{"@id":"https:\/\/ajatutaja.com\/izdelek\/bieco-igralni-sotor-dots\/#primaryimage"},"thumbnailUrl":"https:\/\/ajatutaja.com\/wp-content\/uploads\/2024\/11\/bieco-igralni-sotor-dots.jpeg","datePublished":"2024-11-13T15:03:45+00:00","dateModified":"2026-03-12T13:54:51+00:00","description":"Biecojeva kolekcija Dots ponuja tople karamelne odtenke, ki vsako otro\u0161ko sobo spremenijo v udobno zato\u010di\u0161\u010de.","breadcrumb":{"@id":"https:\/\/ajatutaja.com\/izdelek\/bieco-igralni-sotor-dots\/#breadcrumb"},"inLanguage":"hr","potentialAction":[{"@type":"ReadAction","target":["https:\/\/ajatutaja.com\/izdelek\/bieco-igralni-sotor-dots\/"]}]},{"@type":"ImageObject","inLanguage":"hr","@id":"https:\/\/ajatutaja.com\/izdelek\/bieco-igralni-sotor-dots\/#primaryimage","url":"https:\/\/ajatutaja.com\/wp-content\/uploads\/2024\/11\/bieco-igralni-sotor-dots.jpeg","contentUrl":"https:\/\/ajatutaja.com\/wp-content\/uploads\/2024\/11\/bieco-igralni-sotor-dots.jpeg","width":800,"height":800},{"@type":"BreadcrumbList","@id":"https:\/\/ajatutaja.com\/izdelek\/bieco-igralni-sotor-dots\/#breadcrumb","itemListElement":[{"@type":"ListItem","position":1,"name":"Home","item":"https:\/\/ajatutaja.com\/hr\/"},{"@type":"ListItem","position":2,"name":"Trgovina","item":"https:\/\/ajatutaja.com\/hr\/trgovina\/"},{"@type":"ListItem","position":3,"name":"Bieco Igralni \u0161otor Dots"}]},{"@type":"WebSite","@id":"https:\/\/ajatutaja.com\/#website","url":"https:\/\/ajatutaja.com\/","name":"Ajatutaja","description":"Otro\u0161ka spletna trgovina AJATUTAJA","publisher":{"@id":"https:\/\/ajatutaja.com\/#organization"},"potentialAction":[{"@type":"SearchAction","target":{"@type":"EntryPoint","urlTemplate":"https:\/\/ajatutaja.com\/?s={search_term_string}"},"query-input":{"@type":"PropertyValueSpecification","valueRequired":true,"valueName":"search_term_string"}}],"inLanguage":"hr"},{"@type":"Organization","@id":"https:\/\/ajatutaja.com\/#organization","name":"Ajatutaja","url":"https:\/\/ajatutaja.com\/","logo":{"@type":"ImageObject","inLanguage":"hr","@id":"https:\/\/ajatutaja.com\/#\/schema\/logo\/image\/","url":"https:\/\/ajatutaja.com\/wp-content\/uploads\/2021\/10\/logo.png","contentUrl":"https:\/\/ajatutaja.com\/wp-content\/uploads\/2021\/10\/logo.png","width":555,"height":150,"caption":"Ajatutaja"},"image":{"@id":"https:\/\/ajatutaja.com\/#\/schema\/logo\/image\/"}}]}},"brands":[{"id":2452,"name":"Igranje","slug":"igranje"},{"id":2611,"name":"Spanje","slug":"spanje"}],"_links":{"self":[{"href":"https:\/\/ajatutaja.com\/hr\/wp-json\/wp\/v2\/product\/70456","targetHints":{"allow":["GET"]}}],"collection":[{"href":"https:\/\/ajatutaja.com\/hr\/wp-json\/wp\/v2\/product"}],"about":[{"href":"https:\/\/ajatutaja.com\/hr\/wp-json\/wp\/v2\/types\/product"}],"wp:featuredmedia":[{"embeddable":true,"href":"https:\/\/ajatutaja.com\/hr\/wp-json\/wp\/v2\/media\/70467"}],"wp:attachment":[{"href":"https:\/\/ajatutaja.com\/hr\/wp-json\/wp\/v2\/media?parent=70456"}],"wp:term":[{"taxonomy":"pwb-brand","embeddable":true,"href":"https:\/\/ajatutaja.com\/hr\/wp-json\/wp\/v2\/pwb-brand?post=70456"},{"taxonomy":"product_brand","embeddable":true,"href":"https:\/\/ajatutaja.com\/hr\/wp-json\/wp\/v2\/product_brand?post=70456"},{"taxonomy":"product_cat","embeddable":true,"href":"https:\/\/ajatutaja.com\/hr\/wp-json\/wp\/v2\/product_cat?post=70456"},{"taxonomy":"product_tag","embeddable":true,"href":"https:\/\/ajatutaja.com\/hr\/wp-json\/wp\/v2\/product_tag?post=70456"}],"curies":[{"name":"wp","href":"https:\/\/api.w.org\/{rel}","templated":true}]}}