{"id":70351,"date":"2024-11-13T08:05:56","date_gmt":"2024-11-13T07:05:56","guid":{"rendered":"https:\/\/ajatutaja.com\/?post_type=product&#038;p=70351"},"modified":"2024-11-13T08:11:44","modified_gmt":"2024-11-13T07:11:44","slug":"tunika-za-nosecnost-in-dojenje-pinky-black","status":"publish","type":"product","link":"https:\/\/ajatutaja.com\/hr\/proizvod\/tunika-za-nosecnost-in-dojenje-pinky-black\/","title":{"rendered":"Tunika za nose\u010dnost in dojenje &#8211; Pinky\/Black"},"content":{"rendered":"<p>[vc_row][vc_column][vc_column_text]<\/p>\n<div>Zaradi posebnega kroja in elasti\u010dnosti materiala jo lahko nosi\u0161 \u017ee v \u010dasu nose\u010dnosti, po porodu pa odli\u010dno, diskretno skrije poporodni trebu\u0161\u010dek, \u010de le ta ostane. Tunika za nose\u010dnost in dojenje se odli\u010dno kombinira na pajkice ali oprijete hla\u010de.<\/div>\n<div>\n<h4>Posebnosti tunike za nose\u010dnost in dojenje POPEK:<\/h4>\n<ul>\n<li>hiter in enostaven dostop do prsi z eno roko<\/li>\n<li>tvoja druga roka bo prosta, da lahko v miru dr\u017ei\u0161 svojega dojen\u010dka<\/li>\n<li>na hranjenje bosta pripravljena kjerkoli in kadarkoli<\/li>\n<li>\u010de bo\u0161 dojila v javnosti bosta skoraj neopazna<\/li>\n<li>tvoj hrbet in trebuh bosta med dojenjem na toplem, za\u0161\u010ditena pred hladom<\/li>\n<li>Material: mehka viskoza (92%), elastan (8%)<\/li>\n<li>Po pranju ne spremeni oblike<\/li>\n<\/ul>\n<\/div>\n<p style=\"text-align: justify\"><em>Nose\u010dni\u0161ke hla\u010de, majice in tunike za dojenje, pajkice za nsoe\u010dnice in druga nose\u010dni\u0161la obla\u010dila blagovne znamke Popek so na voljo tudi v trgovini Ajatutaja Koper!<\/em><\/p>\n<p>Surovinska sestava: 92% viskoza, 8% elastan[\/vc_column_text][\/vc_column][\/vc_row]<\/p>\n","protected":false},"excerpt":{"rendered":"<p>Elegantna tunika za nose\u010dnost in dojenje z dolgimi rokavi Pinky\/Black je se\u0161ita iz mehke, zra\u010dne in elasti\u010dne viskoze in zato zelo mehka in prijetna na otip. Ima posebno krojen sprednji del, ki se pri dojenju samo privzdigne, zato si hitro pripravljena na dojenje. Prednji del in ledveni del bosta med tem ostala pokrita.<\/p>\n","protected":false},"featured_media":70357,"template":"","meta":[],"pwb-brand":[2267,2270],"product_brand":[],"product_cat":[2254,2250],"product_tag":[4098],"class_list":{"0":"post-70351","1":"product","2":"type-product","3":"status-publish","4":"has-post-thumbnail","6":"pwb-brand-nosecnost","7":"pwb-brand-popek","8":"product_cat-nosecniske-tunike","9":"product_cat-nosecnost","10":"product_tag-popek","12":"first","13":"instock","14":"taxable","15":"shipping-taxable","16":"purchasable","17":"product-type-variable","18":"add-to-wishlist-before_image"},"yoast_head":"<!-- This site is optimized with the Yoast SEO plugin v27.3 - https:\/\/yoast.com\/product\/yoast-seo-wordpress\/ -->\n<title>Tunika za nose\u010dnost in dojenje - Pinky\/Black | Ajatutaja<\/title>\n<meta name=\"description\" content=\"Elegantna tunika za nose\u010dnost in dojenje z dolgimi rokavi Pinky\/Black je se\u0161ita iz mehke, zra\u010dne in elasti\u010dne viskoze in zato zelo mehka in prijetna na otip.\" \/>\n<meta name=\"robots\" content=\"index, follow, max-snippet:-1, max-image-preview:large, max-video-preview:-1\" \/>\n<link rel=\"canonical\" href=\"https:\/\/ajatutaja.com\/izdelek\/tunika-za-nosecnost-in-dojenje-pinky-black\/\" \/>\n<meta property=\"og:locale\" content=\"hr_HR\" \/>\n<meta property=\"og:type\" content=\"article\" \/>\n<meta property=\"og:title\" content=\"Tunika za nose\u010dnost in dojenje - Pinky\/Black | Ajatutaja\" \/>\n<meta property=\"og:description\" content=\"Elegantna tunika za nose\u010dnost in dojenje z dolgimi rokavi Pinky\/Black je se\u0161ita iz mehke, zra\u010dne in elasti\u010dne viskoze in zato zelo mehka in prijetna na otip.\" \/>\n<meta property=\"og:url\" content=\"https:\/\/ajatutaja.com\/izdelek\/tunika-za-nosecnost-in-dojenje-pinky-black\/\" \/>\n<meta property=\"og:site_name\" content=\"Ajatutaja\" \/>\n<meta property=\"article:modified_time\" content=\"2024-11-13T07:11:44+00:00\" \/>\n<meta property=\"og:image\" content=\"https:\/\/ajatutaja.com\/wp-content\/uploads\/2024\/11\/nosecniska-tunika-za-dojenje-dolg-rokav-popek-pinky-black-1.webp\" \/>\n\t<meta property=\"og:image:width\" content=\"1000\" \/>\n\t<meta property=\"og:image:height\" content=\"1500\" \/>\n\t<meta property=\"og:image:type\" content=\"image\/webp\" \/>\n<meta name=\"twitter:card\" content=\"summary_large_image\" \/>\n<meta name=\"twitter:label1\" content=\"Procijenjeno vrijeme \u010ditanja\" \/>\n\t<meta name=\"twitter:data1\" content=\"1 minuta\" \/>\n<script type=\"application\/ld+json\" class=\"yoast-schema-graph\">{\"@context\":\"https:\\\/\\\/schema.org\",\"@graph\":[{\"@type\":\"WebPage\",\"@id\":\"https:\\\/\\\/ajatutaja.com\\\/izdelek\\\/tunika-za-nosecnost-in-dojenje-pinky-black\\\/\",\"url\":\"https:\\\/\\\/ajatutaja.com\\\/izdelek\\\/tunika-za-nosecnost-in-dojenje-pinky-black\\\/\",\"name\":\"Tunika za nose\u010dnost in dojenje - Pinky\\\/Black | Ajatutaja\",\"isPartOf\":{\"@id\":\"https:\\\/\\\/ajatutaja.com\\\/#website\"},\"primaryImageOfPage\":{\"@id\":\"https:\\\/\\\/ajatutaja.com\\\/izdelek\\\/tunika-za-nosecnost-in-dojenje-pinky-black\\\/#primaryimage\"},\"image\":{\"@id\":\"https:\\\/\\\/ajatutaja.com\\\/izdelek\\\/tunika-za-nosecnost-in-dojenje-pinky-black\\\/#primaryimage\"},\"thumbnailUrl\":\"https:\\\/\\\/ajatutaja.com\\\/wp-content\\\/uploads\\\/2024\\\/11\\\/nosecniska-tunika-za-dojenje-dolg-rokav-popek-pinky-black-1.webp\",\"datePublished\":\"2024-11-13T07:05:56+00:00\",\"dateModified\":\"2024-11-13T07:11:44+00:00\",\"description\":\"Elegantna tunika za nose\u010dnost in dojenje z dolgimi rokavi Pinky\\\/Black je se\u0161ita iz mehke, zra\u010dne in elasti\u010dne viskoze in zato zelo mehka in prijetna na otip.\",\"breadcrumb\":{\"@id\":\"https:\\\/\\\/ajatutaja.com\\\/izdelek\\\/tunika-za-nosecnost-in-dojenje-pinky-black\\\/#breadcrumb\"},\"inLanguage\":\"hr\",\"potentialAction\":[{\"@type\":\"ReadAction\",\"target\":[\"https:\\\/\\\/ajatutaja.com\\\/izdelek\\\/tunika-za-nosecnost-in-dojenje-pinky-black\\\/\"]}]},{\"@type\":\"ImageObject\",\"inLanguage\":\"hr\",\"@id\":\"https:\\\/\\\/ajatutaja.com\\\/izdelek\\\/tunika-za-nosecnost-in-dojenje-pinky-black\\\/#primaryimage\",\"url\":\"https:\\\/\\\/ajatutaja.com\\\/wp-content\\\/uploads\\\/2024\\\/11\\\/nosecniska-tunika-za-dojenje-dolg-rokav-popek-pinky-black-1.webp\",\"contentUrl\":\"https:\\\/\\\/ajatutaja.com\\\/wp-content\\\/uploads\\\/2024\\\/11\\\/nosecniska-tunika-za-dojenje-dolg-rokav-popek-pinky-black-1.webp\",\"width\":1000,\"height\":1500},{\"@type\":\"BreadcrumbList\",\"@id\":\"https:\\\/\\\/ajatutaja.com\\\/izdelek\\\/tunika-za-nosecnost-in-dojenje-pinky-black\\\/#breadcrumb\",\"itemListElement\":[{\"@type\":\"ListItem\",\"position\":1,\"name\":\"Home\",\"item\":\"https:\\\/\\\/ajatutaja.com\\\/hr\\\/\"},{\"@type\":\"ListItem\",\"position\":2,\"name\":\"Trgovina\",\"item\":\"https:\\\/\\\/ajatutaja.com\\\/hr\\\/trgovina\\\/\"},{\"@type\":\"ListItem\",\"position\":3,\"name\":\"Tunika za nose\u010dnost in dojenje &#8211; Pinky\\\/Black\"}]},{\"@type\":\"WebSite\",\"@id\":\"https:\\\/\\\/ajatutaja.com\\\/#website\",\"url\":\"https:\\\/\\\/ajatutaja.com\\\/\",\"name\":\"Ajatutaja\",\"description\":\"Otro\u0161ka spletna trgovina AJATUTAJA\",\"publisher\":{\"@id\":\"https:\\\/\\\/ajatutaja.com\\\/#organization\"},\"potentialAction\":[{\"@type\":\"SearchAction\",\"target\":{\"@type\":\"EntryPoint\",\"urlTemplate\":\"https:\\\/\\\/ajatutaja.com\\\/?s={search_term_string}\"},\"query-input\":{\"@type\":\"PropertyValueSpecification\",\"valueRequired\":true,\"valueName\":\"search_term_string\"}}],\"inLanguage\":\"hr\"},{\"@type\":\"Organization\",\"@id\":\"https:\\\/\\\/ajatutaja.com\\\/#organization\",\"name\":\"Ajatutaja\",\"url\":\"https:\\\/\\\/ajatutaja.com\\\/\",\"logo\":{\"@type\":\"ImageObject\",\"inLanguage\":\"hr\",\"@id\":\"https:\\\/\\\/ajatutaja.com\\\/#\\\/schema\\\/logo\\\/image\\\/\",\"url\":\"https:\\\/\\\/ajatutaja.com\\\/wp-content\\\/uploads\\\/2021\\\/10\\\/logo.png\",\"contentUrl\":\"https:\\\/\\\/ajatutaja.com\\\/wp-content\\\/uploads\\\/2021\\\/10\\\/logo.png\",\"width\":555,\"height\":150,\"caption\":\"Ajatutaja\"},\"image\":{\"@id\":\"https:\\\/\\\/ajatutaja.com\\\/#\\\/schema\\\/logo\\\/image\\\/\"}}]}<\/script>\n<!-- \/ Yoast SEO plugin. -->","yoast_head_json":{"title":"Tunika za nose\u010dnost in dojenje - Pinky\/Black | Ajatutaja","description":"Elegantna tunika za nose\u010dnost in dojenje z dolgimi rokavi Pinky\/Black je se\u0161ita iz mehke, zra\u010dne in elasti\u010dne viskoze in zato zelo mehka in prijetna na otip.","robots":{"index":"index","follow":"follow","max-snippet":"max-snippet:-1","max-image-preview":"max-image-preview:large","max-video-preview":"max-video-preview:-1"},"canonical":"https:\/\/ajatutaja.com\/izdelek\/tunika-za-nosecnost-in-dojenje-pinky-black\/","og_locale":"hr_HR","og_type":"article","og_title":"Tunika za nose\u010dnost in dojenje - Pinky\/Black | Ajatutaja","og_description":"Elegantna tunika za nose\u010dnost in dojenje z dolgimi rokavi Pinky\/Black je se\u0161ita iz mehke, zra\u010dne in elasti\u010dne viskoze in zato zelo mehka in prijetna na otip.","og_url":"https:\/\/ajatutaja.com\/izdelek\/tunika-za-nosecnost-in-dojenje-pinky-black\/","og_site_name":"Ajatutaja","article_modified_time":"2024-11-13T07:11:44+00:00","og_image":[{"width":1000,"height":1500,"url":"https:\/\/ajatutaja.com\/wp-content\/uploads\/2024\/11\/nosecniska-tunika-za-dojenje-dolg-rokav-popek-pinky-black-1.webp","type":"image\/webp"}],"twitter_card":"summary_large_image","twitter_misc":{"Procijenjeno vrijeme \u010ditanja":"1 minuta"},"schema":{"@context":"https:\/\/schema.org","@graph":[{"@type":"WebPage","@id":"https:\/\/ajatutaja.com\/izdelek\/tunika-za-nosecnost-in-dojenje-pinky-black\/","url":"https:\/\/ajatutaja.com\/izdelek\/tunika-za-nosecnost-in-dojenje-pinky-black\/","name":"Tunika za nose\u010dnost in dojenje - Pinky\/Black | Ajatutaja","isPartOf":{"@id":"https:\/\/ajatutaja.com\/#website"},"primaryImageOfPage":{"@id":"https:\/\/ajatutaja.com\/izdelek\/tunika-za-nosecnost-in-dojenje-pinky-black\/#primaryimage"},"image":{"@id":"https:\/\/ajatutaja.com\/izdelek\/tunika-za-nosecnost-in-dojenje-pinky-black\/#primaryimage"},"thumbnailUrl":"https:\/\/ajatutaja.com\/wp-content\/uploads\/2024\/11\/nosecniska-tunika-za-dojenje-dolg-rokav-popek-pinky-black-1.webp","datePublished":"2024-11-13T07:05:56+00:00","dateModified":"2024-11-13T07:11:44+00:00","description":"Elegantna tunika za nose\u010dnost in dojenje z dolgimi rokavi Pinky\/Black je se\u0161ita iz mehke, zra\u010dne in elasti\u010dne viskoze in zato zelo mehka in prijetna na otip.","breadcrumb":{"@id":"https:\/\/ajatutaja.com\/izdelek\/tunika-za-nosecnost-in-dojenje-pinky-black\/#breadcrumb"},"inLanguage":"hr","potentialAction":[{"@type":"ReadAction","target":["https:\/\/ajatutaja.com\/izdelek\/tunika-za-nosecnost-in-dojenje-pinky-black\/"]}]},{"@type":"ImageObject","inLanguage":"hr","@id":"https:\/\/ajatutaja.com\/izdelek\/tunika-za-nosecnost-in-dojenje-pinky-black\/#primaryimage","url":"https:\/\/ajatutaja.com\/wp-content\/uploads\/2024\/11\/nosecniska-tunika-za-dojenje-dolg-rokav-popek-pinky-black-1.webp","contentUrl":"https:\/\/ajatutaja.com\/wp-content\/uploads\/2024\/11\/nosecniska-tunika-za-dojenje-dolg-rokav-popek-pinky-black-1.webp","width":1000,"height":1500},{"@type":"BreadcrumbList","@id":"https:\/\/ajatutaja.com\/izdelek\/tunika-za-nosecnost-in-dojenje-pinky-black\/#breadcrumb","itemListElement":[{"@type":"ListItem","position":1,"name":"Home","item":"https:\/\/ajatutaja.com\/hr\/"},{"@type":"ListItem","position":2,"name":"Trgovina","item":"https:\/\/ajatutaja.com\/hr\/trgovina\/"},{"@type":"ListItem","position":3,"name":"Tunika za nose\u010dnost in dojenje &#8211; Pinky\/Black"}]},{"@type":"WebSite","@id":"https:\/\/ajatutaja.com\/#website","url":"https:\/\/ajatutaja.com\/","name":"Ajatutaja","description":"Otro\u0161ka spletna trgovina AJATUTAJA","publisher":{"@id":"https:\/\/ajatutaja.com\/#organization"},"potentialAction":[{"@type":"SearchAction","target":{"@type":"EntryPoint","urlTemplate":"https:\/\/ajatutaja.com\/?s={search_term_string}"},"query-input":{"@type":"PropertyValueSpecification","valueRequired":true,"valueName":"search_term_string"}}],"inLanguage":"hr"},{"@type":"Organization","@id":"https:\/\/ajatutaja.com\/#organization","name":"Ajatutaja","url":"https:\/\/ajatutaja.com\/","logo":{"@type":"ImageObject","inLanguage":"hr","@id":"https:\/\/ajatutaja.com\/#\/schema\/logo\/image\/","url":"https:\/\/ajatutaja.com\/wp-content\/uploads\/2021\/10\/logo.png","contentUrl":"https:\/\/ajatutaja.com\/wp-content\/uploads\/2021\/10\/logo.png","width":555,"height":150,"caption":"Ajatutaja"},"image":{"@id":"https:\/\/ajatutaja.com\/#\/schema\/logo\/image\/"}}]}},"brands":[{"id":2267,"name":"Nose\u010dnost","slug":"nosecnost"},{"id":2270,"name":"Popek","slug":"popek"}],"_links":{"self":[{"href":"https:\/\/ajatutaja.com\/hr\/wp-json\/wp\/v2\/product\/70351","targetHints":{"allow":["GET"]}}],"collection":[{"href":"https:\/\/ajatutaja.com\/hr\/wp-json\/wp\/v2\/product"}],"about":[{"href":"https:\/\/ajatutaja.com\/hr\/wp-json\/wp\/v2\/types\/product"}],"wp:featuredmedia":[{"embeddable":true,"href":"https:\/\/ajatutaja.com\/hr\/wp-json\/wp\/v2\/media\/70357"}],"wp:attachment":[{"href":"https:\/\/ajatutaja.com\/hr\/wp-json\/wp\/v2\/media?parent=70351"}],"wp:term":[{"taxonomy":"pwb-brand","embeddable":true,"href":"https:\/\/ajatutaja.com\/hr\/wp-json\/wp\/v2\/pwb-brand?post=70351"},{"taxonomy":"product_brand","embeddable":true,"href":"https:\/\/ajatutaja.com\/hr\/wp-json\/wp\/v2\/product_brand?post=70351"},{"taxonomy":"product_cat","embeddable":true,"href":"https:\/\/ajatutaja.com\/hr\/wp-json\/wp\/v2\/product_cat?post=70351"},{"taxonomy":"product_tag","embeddable":true,"href":"https:\/\/ajatutaja.com\/hr\/wp-json\/wp\/v2\/product_tag?post=70351"}],"curies":[{"name":"wp","href":"https:\/\/api.w.org\/{rel}","templated":true}]}}