{"id":70001,"date":"2024-11-04T14:56:19","date_gmt":"2024-11-04T13:56:19","guid":{"rendered":"https:\/\/ajatutaja.com\/?post_type=product&#038;p=70001"},"modified":"2026-03-12T14:54:41","modified_gmt":"2026-03-12T13:54:41","slug":"spiralni-stolp-little-dutch","status":"publish","type":"product","link":"https:\/\/ajatutaja.com\/hr\/proizvod\/spiralni-stolp-little-dutch\/","title":{"rendered":"Spiralni stolp Little Dutch"},"content":{"rendered":"<p>Nizozemski proizvajalec Little Dutch izdeluje brez\u010dasne igra\u010de visoke kakovosti, z elegantnimi barvami, odtisi in ilustracijami. Vsi izdelki so skladni z evropskimi direktivami in se proizvajajo brez dela otrok in na dru\u017ebeno odgovoren na\u010din.<\/p>\n<h3>Lastnosti spiralnega stolpa Little Dutch:<\/h3>\n<ul>\n<li>Primerno za starost: 10m+<\/li>\n<li>Dimenzije: 30 x 18 x 18 cm<\/li>\n<li>Materijal: PP, ABS<\/li>\n<\/ul>\n<p>Varno za otroke \u2013 izdelek je skladen z evropsko uredbo REACH in evropsko direktivo EN-71.<\/p>\n","protected":false},"excerpt":{"rendered":"<p>Ta \u010dudoviti spiralni stolp bo poskrbel za neskon\u010dno zabavo. Barvit stolpec je sestavljen iz 5 mehkih kosov, ki jih va\u0161 mal\u010dek zlahka zlo\u017ei. Spustite kroglice eno za drugo in poglejte, kako se vsaka od njih obra\u010da in kotali navzdol. Spiralni stolp izbolj\u0161uje koordinacijo rok in o\u010di in otroka u\u010di koncepta vzroka in posledice ter zagotavlja, da je zabavno in pou\u010dno. Spiralni stolp je opremljen s tremi velikimi \u017eogami v razli\u010dnih barvah, ki med kotaljenjem oddajajo malo zvoka.<\/p>\n","protected":false},"featured_media":70004,"template":"","meta":[],"pwb-brand":[2452,2457],"product_brand":[],"product_cat":[2441,5072,2716,2712,2713,2362],"product_tag":[4002],"class_list":{"0":"post-70001","1":"product","2":"type-product","3":"status-publish","4":"has-post-thumbnail","6":"pwb-brand-igranje","7":"pwb-brand-little-dutch-igra","8":"product_cat-aktivnostne-igrace","9":"product_cat-bozicna-darila","10":"product_cat-darilo-do-30e","11":"product_cat-darilo-za-decka","12":"product_cat-darilo-za-deklico","13":"product_cat-igranje","14":"product_tag-little-dutch","16":"first","17":"instock","18":"taxable","19":"shipping-taxable","20":"purchasable","21":"product-type-simple","22":"add-to-wishlist-before_image"},"yoast_head":"<!-- This site is optimized with the Yoast SEO plugin v27.3 - https:\/\/yoast.com\/product\/yoast-seo-wordpress\/ -->\n<title>Spiralni stolp Little Dutch | Ajatutaja<\/title>\n<meta name=\"description\" content=\"Ta \u010dudoviti spiralni stolp bo poskrbel za neskon\u010dno zabavo. Barvit stolpec je sestavljen iz 5 mehkih kosov, ki jih va\u0161 mal\u010dek zlahka zlo\u017ei. Spustite kroglice eno za drugo in poglejte, kako se vsaka od njih obra\u010da in kotali navzdol.\" \/>\n<meta name=\"robots\" content=\"index, follow, max-snippet:-1, max-image-preview:large, max-video-preview:-1\" \/>\n<link rel=\"canonical\" href=\"https:\/\/ajatutaja.com\/izdelek\/spiralni-stolp-little-dutch\/\" \/>\n<meta property=\"og:locale\" content=\"hr_HR\" \/>\n<meta property=\"og:type\" content=\"article\" \/>\n<meta property=\"og:title\" content=\"Spiralni stolp Little Dutch | Ajatutaja\" \/>\n<meta property=\"og:description\" content=\"Ta \u010dudoviti spiralni stolp bo poskrbel za neskon\u010dno zabavo. Barvit stolpec je sestavljen iz 5 mehkih kosov, ki jih va\u0161 mal\u010dek zlahka zlo\u017ei. Spustite kroglice eno za drugo in poglejte, kako se vsaka od njih obra\u010da in kotali navzdol.\" \/>\n<meta property=\"og:url\" content=\"https:\/\/ajatutaja.com\/izdelek\/spiralni-stolp-little-dutch\/\" \/>\n<meta property=\"og:site_name\" content=\"Ajatutaja\" \/>\n<meta property=\"article:modified_time\" content=\"2026-03-12T13:54:41+00:00\" \/>\n<meta property=\"og:image\" content=\"https:\/\/ajatutaja.com\/wp-content\/uploads\/2024\/11\/Liitle-dutch-spiralni-stolp-ajatutaja-1.jpg\" \/>\n\t<meta property=\"og:image:width\" content=\"500\" \/>\n\t<meta property=\"og:image:height\" content=\"500\" \/>\n\t<meta property=\"og:image:type\" content=\"image\/jpeg\" \/>\n<meta name=\"twitter:card\" content=\"summary_large_image\" \/>\n<script type=\"application\/ld+json\" class=\"yoast-schema-graph\">{\"@context\":\"https:\\\/\\\/schema.org\",\"@graph\":[{\"@type\":\"WebPage\",\"@id\":\"https:\\\/\\\/ajatutaja.com\\\/izdelek\\\/spiralni-stolp-little-dutch\\\/\",\"url\":\"https:\\\/\\\/ajatutaja.com\\\/izdelek\\\/spiralni-stolp-little-dutch\\\/\",\"name\":\"Spiralni stolp Little Dutch | Ajatutaja\",\"isPartOf\":{\"@id\":\"https:\\\/\\\/ajatutaja.com\\\/#website\"},\"primaryImageOfPage\":{\"@id\":\"https:\\\/\\\/ajatutaja.com\\\/izdelek\\\/spiralni-stolp-little-dutch\\\/#primaryimage\"},\"image\":{\"@id\":\"https:\\\/\\\/ajatutaja.com\\\/izdelek\\\/spiralni-stolp-little-dutch\\\/#primaryimage\"},\"thumbnailUrl\":\"https:\\\/\\\/ajatutaja.com\\\/wp-content\\\/uploads\\\/2024\\\/11\\\/Liitle-dutch-spiralni-stolp-ajatutaja-1.jpg\",\"datePublished\":\"2024-11-04T13:56:19+00:00\",\"dateModified\":\"2026-03-12T13:54:41+00:00\",\"description\":\"Ta \u010dudoviti spiralni stolp bo poskrbel za neskon\u010dno zabavo. Barvit stolpec je sestavljen iz 5 mehkih kosov, ki jih va\u0161 mal\u010dek zlahka zlo\u017ei. Spustite kroglice eno za drugo in poglejte, kako se vsaka od njih obra\u010da in kotali navzdol.\",\"breadcrumb\":{\"@id\":\"https:\\\/\\\/ajatutaja.com\\\/izdelek\\\/spiralni-stolp-little-dutch\\\/#breadcrumb\"},\"inLanguage\":\"hr\",\"potentialAction\":[{\"@type\":\"ReadAction\",\"target\":[\"https:\\\/\\\/ajatutaja.com\\\/izdelek\\\/spiralni-stolp-little-dutch\\\/\"]}]},{\"@type\":\"ImageObject\",\"inLanguage\":\"hr\",\"@id\":\"https:\\\/\\\/ajatutaja.com\\\/izdelek\\\/spiralni-stolp-little-dutch\\\/#primaryimage\",\"url\":\"https:\\\/\\\/ajatutaja.com\\\/wp-content\\\/uploads\\\/2024\\\/11\\\/Liitle-dutch-spiralni-stolp-ajatutaja-1.jpg\",\"contentUrl\":\"https:\\\/\\\/ajatutaja.com\\\/wp-content\\\/uploads\\\/2024\\\/11\\\/Liitle-dutch-spiralni-stolp-ajatutaja-1.jpg\",\"width\":500,\"height\":500},{\"@type\":\"BreadcrumbList\",\"@id\":\"https:\\\/\\\/ajatutaja.com\\\/izdelek\\\/spiralni-stolp-little-dutch\\\/#breadcrumb\",\"itemListElement\":[{\"@type\":\"ListItem\",\"position\":1,\"name\":\"Home\",\"item\":\"https:\\\/\\\/ajatutaja.com\\\/hr\\\/\"},{\"@type\":\"ListItem\",\"position\":2,\"name\":\"Trgovina\",\"item\":\"https:\\\/\\\/ajatutaja.com\\\/hr\\\/trgovina\\\/\"},{\"@type\":\"ListItem\",\"position\":3,\"name\":\"Spiralni stolp Little Dutch\"}]},{\"@type\":\"WebSite\",\"@id\":\"https:\\\/\\\/ajatutaja.com\\\/#website\",\"url\":\"https:\\\/\\\/ajatutaja.com\\\/\",\"name\":\"Ajatutaja\",\"description\":\"Otro\u0161ka spletna trgovina AJATUTAJA\",\"publisher\":{\"@id\":\"https:\\\/\\\/ajatutaja.com\\\/#organization\"},\"potentialAction\":[{\"@type\":\"SearchAction\",\"target\":{\"@type\":\"EntryPoint\",\"urlTemplate\":\"https:\\\/\\\/ajatutaja.com\\\/?s={search_term_string}\"},\"query-input\":{\"@type\":\"PropertyValueSpecification\",\"valueRequired\":true,\"valueName\":\"search_term_string\"}}],\"inLanguage\":\"hr\"},{\"@type\":\"Organization\",\"@id\":\"https:\\\/\\\/ajatutaja.com\\\/#organization\",\"name\":\"Ajatutaja\",\"url\":\"https:\\\/\\\/ajatutaja.com\\\/\",\"logo\":{\"@type\":\"ImageObject\",\"inLanguage\":\"hr\",\"@id\":\"https:\\\/\\\/ajatutaja.com\\\/#\\\/schema\\\/logo\\\/image\\\/\",\"url\":\"https:\\\/\\\/ajatutaja.com\\\/wp-content\\\/uploads\\\/2021\\\/10\\\/logo.png\",\"contentUrl\":\"https:\\\/\\\/ajatutaja.com\\\/wp-content\\\/uploads\\\/2021\\\/10\\\/logo.png\",\"width\":555,\"height\":150,\"caption\":\"Ajatutaja\"},\"image\":{\"@id\":\"https:\\\/\\\/ajatutaja.com\\\/#\\\/schema\\\/logo\\\/image\\\/\"}}]}<\/script>\n<!-- \/ Yoast SEO plugin. -->","yoast_head_json":{"title":"Spiralni stolp Little Dutch | Ajatutaja","description":"Ta \u010dudoviti spiralni stolp bo poskrbel za neskon\u010dno zabavo. Barvit stolpec je sestavljen iz 5 mehkih kosov, ki jih va\u0161 mal\u010dek zlahka zlo\u017ei. Spustite kroglice eno za drugo in poglejte, kako se vsaka od njih obra\u010da in kotali navzdol.","robots":{"index":"index","follow":"follow","max-snippet":"max-snippet:-1","max-image-preview":"max-image-preview:large","max-video-preview":"max-video-preview:-1"},"canonical":"https:\/\/ajatutaja.com\/izdelek\/spiralni-stolp-little-dutch\/","og_locale":"hr_HR","og_type":"article","og_title":"Spiralni stolp Little Dutch | Ajatutaja","og_description":"Ta \u010dudoviti spiralni stolp bo poskrbel za neskon\u010dno zabavo. Barvit stolpec je sestavljen iz 5 mehkih kosov, ki jih va\u0161 mal\u010dek zlahka zlo\u017ei. Spustite kroglice eno za drugo in poglejte, kako se vsaka od njih obra\u010da in kotali navzdol.","og_url":"https:\/\/ajatutaja.com\/izdelek\/spiralni-stolp-little-dutch\/","og_site_name":"Ajatutaja","article_modified_time":"2026-03-12T13:54:41+00:00","og_image":[{"width":500,"height":500,"url":"https:\/\/ajatutaja.com\/wp-content\/uploads\/2024\/11\/Liitle-dutch-spiralni-stolp-ajatutaja-1.jpg","type":"image\/jpeg"}],"twitter_card":"summary_large_image","schema":{"@context":"https:\/\/schema.org","@graph":[{"@type":"WebPage","@id":"https:\/\/ajatutaja.com\/izdelek\/spiralni-stolp-little-dutch\/","url":"https:\/\/ajatutaja.com\/izdelek\/spiralni-stolp-little-dutch\/","name":"Spiralni stolp Little Dutch | Ajatutaja","isPartOf":{"@id":"https:\/\/ajatutaja.com\/#website"},"primaryImageOfPage":{"@id":"https:\/\/ajatutaja.com\/izdelek\/spiralni-stolp-little-dutch\/#primaryimage"},"image":{"@id":"https:\/\/ajatutaja.com\/izdelek\/spiralni-stolp-little-dutch\/#primaryimage"},"thumbnailUrl":"https:\/\/ajatutaja.com\/wp-content\/uploads\/2024\/11\/Liitle-dutch-spiralni-stolp-ajatutaja-1.jpg","datePublished":"2024-11-04T13:56:19+00:00","dateModified":"2026-03-12T13:54:41+00:00","description":"Ta \u010dudoviti spiralni stolp bo poskrbel za neskon\u010dno zabavo. Barvit stolpec je sestavljen iz 5 mehkih kosov, ki jih va\u0161 mal\u010dek zlahka zlo\u017ei. Spustite kroglice eno za drugo in poglejte, kako se vsaka od njih obra\u010da in kotali navzdol.","breadcrumb":{"@id":"https:\/\/ajatutaja.com\/izdelek\/spiralni-stolp-little-dutch\/#breadcrumb"},"inLanguage":"hr","potentialAction":[{"@type":"ReadAction","target":["https:\/\/ajatutaja.com\/izdelek\/spiralni-stolp-little-dutch\/"]}]},{"@type":"ImageObject","inLanguage":"hr","@id":"https:\/\/ajatutaja.com\/izdelek\/spiralni-stolp-little-dutch\/#primaryimage","url":"https:\/\/ajatutaja.com\/wp-content\/uploads\/2024\/11\/Liitle-dutch-spiralni-stolp-ajatutaja-1.jpg","contentUrl":"https:\/\/ajatutaja.com\/wp-content\/uploads\/2024\/11\/Liitle-dutch-spiralni-stolp-ajatutaja-1.jpg","width":500,"height":500},{"@type":"BreadcrumbList","@id":"https:\/\/ajatutaja.com\/izdelek\/spiralni-stolp-little-dutch\/#breadcrumb","itemListElement":[{"@type":"ListItem","position":1,"name":"Home","item":"https:\/\/ajatutaja.com\/hr\/"},{"@type":"ListItem","position":2,"name":"Trgovina","item":"https:\/\/ajatutaja.com\/hr\/trgovina\/"},{"@type":"ListItem","position":3,"name":"Spiralni stolp Little Dutch"}]},{"@type":"WebSite","@id":"https:\/\/ajatutaja.com\/#website","url":"https:\/\/ajatutaja.com\/","name":"Ajatutaja","description":"Otro\u0161ka spletna trgovina AJATUTAJA","publisher":{"@id":"https:\/\/ajatutaja.com\/#organization"},"potentialAction":[{"@type":"SearchAction","target":{"@type":"EntryPoint","urlTemplate":"https:\/\/ajatutaja.com\/?s={search_term_string}"},"query-input":{"@type":"PropertyValueSpecification","valueRequired":true,"valueName":"search_term_string"}}],"inLanguage":"hr"},{"@type":"Organization","@id":"https:\/\/ajatutaja.com\/#organization","name":"Ajatutaja","url":"https:\/\/ajatutaja.com\/","logo":{"@type":"ImageObject","inLanguage":"hr","@id":"https:\/\/ajatutaja.com\/#\/schema\/logo\/image\/","url":"https:\/\/ajatutaja.com\/wp-content\/uploads\/2021\/10\/logo.png","contentUrl":"https:\/\/ajatutaja.com\/wp-content\/uploads\/2021\/10\/logo.png","width":555,"height":150,"caption":"Ajatutaja"},"image":{"@id":"https:\/\/ajatutaja.com\/#\/schema\/logo\/image\/"}}]}},"brands":[{"id":2452,"name":"Igranje","slug":"igranje"},{"id":2457,"name":"Little Dutch","slug":"little-dutch-igra"}],"_links":{"self":[{"href":"https:\/\/ajatutaja.com\/hr\/wp-json\/wp\/v2\/product\/70001","targetHints":{"allow":["GET"]}}],"collection":[{"href":"https:\/\/ajatutaja.com\/hr\/wp-json\/wp\/v2\/product"}],"about":[{"href":"https:\/\/ajatutaja.com\/hr\/wp-json\/wp\/v2\/types\/product"}],"wp:featuredmedia":[{"embeddable":true,"href":"https:\/\/ajatutaja.com\/hr\/wp-json\/wp\/v2\/media\/70004"}],"wp:attachment":[{"href":"https:\/\/ajatutaja.com\/hr\/wp-json\/wp\/v2\/media?parent=70001"}],"wp:term":[{"taxonomy":"pwb-brand","embeddable":true,"href":"https:\/\/ajatutaja.com\/hr\/wp-json\/wp\/v2\/pwb-brand?post=70001"},{"taxonomy":"product_brand","embeddable":true,"href":"https:\/\/ajatutaja.com\/hr\/wp-json\/wp\/v2\/product_brand?post=70001"},{"taxonomy":"product_cat","embeddable":true,"href":"https:\/\/ajatutaja.com\/hr\/wp-json\/wp\/v2\/product_cat?post=70001"},{"taxonomy":"product_tag","embeddable":true,"href":"https:\/\/ajatutaja.com\/hr\/wp-json\/wp\/v2\/product_tag?post=70001"}],"curies":[{"name":"wp","href":"https:\/\/api.w.org\/{rel}","templated":true}]}}