{"id":69948,"date":"2024-03-24T08:13:45","date_gmt":"2024-03-24T07:13:45","guid":{"rendered":"https:\/\/ajatutaja.com\/?post_type=product&#038;p=69948"},"modified":"2024-11-03T12:26:29","modified_gmt":"2024-11-03T11:26:29","slug":"trunki-otroska-vratna-blazina-yondi-leo","status":"publish","type":"product","link":"https:\/\/ajatutaja.com\/hr\/proizvod\/trunki-otroska-vratna-blazina-yondi-leo\/","title":{"rendered":"Trunki\u00ae otro\u0161ka vratna blazina Yondi &#8211; Leo"},"content":{"rendered":"<p>[vc_row][vc_column][vc_column_text]<span class=\"label-data bold fs-5 pointer reduced-opacity-hover\">Trunki\u00ae otro\u0161ka vratna blazina Yondi<\/span> ima naslednje lastnosti:<\/p>\n<ul>\n<li>Primerna za otroke starosti od 2 do 5 let<\/li>\n<li>Primerna je za uporabo v vseh letnih \u010dasih<\/li>\n<li>Enostavna pritrditev na vrat s pomo\u010djo majhnega skritega magnetka<\/li>\n<li>Dimenzije: 22 x 20 x 5 cm<\/li>\n<li>Najve\u010dji obseg vratu: 30 cm<\/li>\n<li>Te\u017ea: 0,07 kg<\/li>\n<li>Vzdr\u017eavanje: ro\u010dno pranje na 30\u00b0<\/li>\n<li>OPOZORILO! Ta izdelek ni igra\u010da.<\/li>\n<\/ul>\n<p>[\/vc_column_text][\/vc_column][\/vc_row]<\/p>\n","protected":false},"excerpt":{"rendered":"<p>Otro\u0161ka potovalna vratna blazina Trunki Yondi je posebej oblikovana za zagotavljanje podpore otrokovemu vratu med spanjem v avtomobilskem avtosede\u017eu, kar je \u0161e posebej pomembno med dalj\u0161imi potovanji z avtom ali javnimi prevozi.<\/p>\n","protected":false},"featured_media":69949,"template":"","meta":[],"pwb-brand":[2409,2433],"product_brand":[],"product_cat":[2349,2361],"product_tag":[4277],"class_list":{"0":"post-69948","1":"product","2":"type-product","3":"status-publish","4":"has-post-thumbnail","6":"pwb-brand-potepanje","7":"pwb-brand-trunki","8":"product_cat-dodatna-oprema","9":"product_cat-potepanje","10":"product_tag-trunki","12":"first","13":"instock","14":"taxable","15":"shipping-taxable","16":"purchasable","17":"product-type-simple","18":"add-to-wishlist-before_image"},"yoast_head":"<!-- This site is optimized with the Yoast SEO plugin v27.3 - https:\/\/yoast.com\/product\/yoast-seo-wordpress\/ -->\n<title>Trunki\u00ae otro\u0161ka vratna blazina Yondi - Leo | Ajatutaja<\/title>\n<meta name=\"description\" content=\"Otro\u0161ka potovalna vratna blazina Trunki Yondi je posebej oblikovana za zagotavljanje podpore otrokovemu vratu med spanjem v avtomobilskem avtosede\u017eu.\" \/>\n<meta name=\"robots\" content=\"index, follow, max-snippet:-1, max-image-preview:large, max-video-preview:-1\" \/>\n<link rel=\"canonical\" href=\"https:\/\/ajatutaja.com\/izdelek\/trunki-otroska-vratna-blazina-yondi-leo\/\" \/>\n<meta property=\"og:locale\" content=\"hr_HR\" \/>\n<meta property=\"og:type\" content=\"article\" \/>\n<meta property=\"og:title\" content=\"Trunki\u00ae otro\u0161ka vratna blazina Yondi - Leo | Ajatutaja\" \/>\n<meta property=\"og:description\" content=\"Otro\u0161ka potovalna vratna blazina Trunki Yondi je posebej oblikovana za zagotavljanje podpore otrokovemu vratu med spanjem v avtomobilskem avtosede\u017eu.\" \/>\n<meta property=\"og:url\" content=\"https:\/\/ajatutaja.com\/izdelek\/trunki-otroska-vratna-blazina-yondi-leo\/\" \/>\n<meta property=\"og:site_name\" content=\"Ajatutaja\" \/>\n<meta property=\"article:modified_time\" content=\"2024-11-03T11:26:29+00:00\" \/>\n<meta property=\"og:image\" content=\"https:\/\/ajatutaja.com\/wp-content\/uploads\/2024\/11\/Trunki-vratna-blazina-leo-0.jpg\" \/>\n\t<meta property=\"og:image:width\" content=\"1200\" \/>\n\t<meta property=\"og:image:height\" content=\"1200\" \/>\n\t<meta property=\"og:image:type\" content=\"image\/jpeg\" \/>\n<meta name=\"twitter:card\" content=\"summary_large_image\" \/>\n<script type=\"application\/ld+json\" class=\"yoast-schema-graph\">{\"@context\":\"https:\\\/\\\/schema.org\",\"@graph\":[{\"@type\":\"WebPage\",\"@id\":\"https:\\\/\\\/ajatutaja.com\\\/izdelek\\\/trunki-otroska-vratna-blazina-yondi-leo\\\/\",\"url\":\"https:\\\/\\\/ajatutaja.com\\\/izdelek\\\/trunki-otroska-vratna-blazina-yondi-leo\\\/\",\"name\":\"Trunki\u00ae otro\u0161ka vratna blazina Yondi - Leo | Ajatutaja\",\"isPartOf\":{\"@id\":\"https:\\\/\\\/ajatutaja.com\\\/#website\"},\"primaryImageOfPage\":{\"@id\":\"https:\\\/\\\/ajatutaja.com\\\/izdelek\\\/trunki-otroska-vratna-blazina-yondi-leo\\\/#primaryimage\"},\"image\":{\"@id\":\"https:\\\/\\\/ajatutaja.com\\\/izdelek\\\/trunki-otroska-vratna-blazina-yondi-leo\\\/#primaryimage\"},\"thumbnailUrl\":\"https:\\\/\\\/ajatutaja.com\\\/wp-content\\\/uploads\\\/2024\\\/11\\\/Trunki-vratna-blazina-leo-0.jpg\",\"datePublished\":\"2024-03-24T07:13:45+00:00\",\"dateModified\":\"2024-11-03T11:26:29+00:00\",\"description\":\"Otro\u0161ka potovalna vratna blazina Trunki Yondi je posebej oblikovana za zagotavljanje podpore otrokovemu vratu med spanjem v avtomobilskem avtosede\u017eu.\",\"breadcrumb\":{\"@id\":\"https:\\\/\\\/ajatutaja.com\\\/izdelek\\\/trunki-otroska-vratna-blazina-yondi-leo\\\/#breadcrumb\"},\"inLanguage\":\"hr\",\"potentialAction\":[{\"@type\":\"ReadAction\",\"target\":[\"https:\\\/\\\/ajatutaja.com\\\/izdelek\\\/trunki-otroska-vratna-blazina-yondi-leo\\\/\"]}]},{\"@type\":\"ImageObject\",\"inLanguage\":\"hr\",\"@id\":\"https:\\\/\\\/ajatutaja.com\\\/izdelek\\\/trunki-otroska-vratna-blazina-yondi-leo\\\/#primaryimage\",\"url\":\"https:\\\/\\\/ajatutaja.com\\\/wp-content\\\/uploads\\\/2024\\\/11\\\/Trunki-vratna-blazina-leo-0.jpg\",\"contentUrl\":\"https:\\\/\\\/ajatutaja.com\\\/wp-content\\\/uploads\\\/2024\\\/11\\\/Trunki-vratna-blazina-leo-0.jpg\",\"width\":1200,\"height\":1200},{\"@type\":\"BreadcrumbList\",\"@id\":\"https:\\\/\\\/ajatutaja.com\\\/izdelek\\\/trunki-otroska-vratna-blazina-yondi-leo\\\/#breadcrumb\",\"itemListElement\":[{\"@type\":\"ListItem\",\"position\":1,\"name\":\"Home\",\"item\":\"https:\\\/\\\/ajatutaja.com\\\/hr\\\/\"},{\"@type\":\"ListItem\",\"position\":2,\"name\":\"Trgovina\",\"item\":\"https:\\\/\\\/ajatutaja.com\\\/hr\\\/trgovina\\\/\"},{\"@type\":\"ListItem\",\"position\":3,\"name\":\"Trunki\u00ae otro\u0161ka vratna blazina Yondi &#8211; Leo\"}]},{\"@type\":\"WebSite\",\"@id\":\"https:\\\/\\\/ajatutaja.com\\\/#website\",\"url\":\"https:\\\/\\\/ajatutaja.com\\\/\",\"name\":\"Ajatutaja\",\"description\":\"Otro\u0161ka spletna trgovina AJATUTAJA\",\"publisher\":{\"@id\":\"https:\\\/\\\/ajatutaja.com\\\/#organization\"},\"potentialAction\":[{\"@type\":\"SearchAction\",\"target\":{\"@type\":\"EntryPoint\",\"urlTemplate\":\"https:\\\/\\\/ajatutaja.com\\\/?s={search_term_string}\"},\"query-input\":{\"@type\":\"PropertyValueSpecification\",\"valueRequired\":true,\"valueName\":\"search_term_string\"}}],\"inLanguage\":\"hr\"},{\"@type\":\"Organization\",\"@id\":\"https:\\\/\\\/ajatutaja.com\\\/#organization\",\"name\":\"Ajatutaja\",\"url\":\"https:\\\/\\\/ajatutaja.com\\\/\",\"logo\":{\"@type\":\"ImageObject\",\"inLanguage\":\"hr\",\"@id\":\"https:\\\/\\\/ajatutaja.com\\\/#\\\/schema\\\/logo\\\/image\\\/\",\"url\":\"https:\\\/\\\/ajatutaja.com\\\/wp-content\\\/uploads\\\/2021\\\/10\\\/logo.png\",\"contentUrl\":\"https:\\\/\\\/ajatutaja.com\\\/wp-content\\\/uploads\\\/2021\\\/10\\\/logo.png\",\"width\":555,\"height\":150,\"caption\":\"Ajatutaja\"},\"image\":{\"@id\":\"https:\\\/\\\/ajatutaja.com\\\/#\\\/schema\\\/logo\\\/image\\\/\"}}]}<\/script>\n<!-- \/ Yoast SEO plugin. -->","yoast_head_json":{"title":"Trunki\u00ae otro\u0161ka vratna blazina Yondi - Leo | Ajatutaja","description":"Otro\u0161ka potovalna vratna blazina Trunki Yondi je posebej oblikovana za zagotavljanje podpore otrokovemu vratu med spanjem v avtomobilskem avtosede\u017eu.","robots":{"index":"index","follow":"follow","max-snippet":"max-snippet:-1","max-image-preview":"max-image-preview:large","max-video-preview":"max-video-preview:-1"},"canonical":"https:\/\/ajatutaja.com\/izdelek\/trunki-otroska-vratna-blazina-yondi-leo\/","og_locale":"hr_HR","og_type":"article","og_title":"Trunki\u00ae otro\u0161ka vratna blazina Yondi - Leo | Ajatutaja","og_description":"Otro\u0161ka potovalna vratna blazina Trunki Yondi je posebej oblikovana za zagotavljanje podpore otrokovemu vratu med spanjem v avtomobilskem avtosede\u017eu.","og_url":"https:\/\/ajatutaja.com\/izdelek\/trunki-otroska-vratna-blazina-yondi-leo\/","og_site_name":"Ajatutaja","article_modified_time":"2024-11-03T11:26:29+00:00","og_image":[{"width":1200,"height":1200,"url":"https:\/\/ajatutaja.com\/wp-content\/uploads\/2024\/11\/Trunki-vratna-blazina-leo-0.jpg","type":"image\/jpeg"}],"twitter_card":"summary_large_image","schema":{"@context":"https:\/\/schema.org","@graph":[{"@type":"WebPage","@id":"https:\/\/ajatutaja.com\/izdelek\/trunki-otroska-vratna-blazina-yondi-leo\/","url":"https:\/\/ajatutaja.com\/izdelek\/trunki-otroska-vratna-blazina-yondi-leo\/","name":"Trunki\u00ae otro\u0161ka vratna blazina Yondi - Leo | Ajatutaja","isPartOf":{"@id":"https:\/\/ajatutaja.com\/#website"},"primaryImageOfPage":{"@id":"https:\/\/ajatutaja.com\/izdelek\/trunki-otroska-vratna-blazina-yondi-leo\/#primaryimage"},"image":{"@id":"https:\/\/ajatutaja.com\/izdelek\/trunki-otroska-vratna-blazina-yondi-leo\/#primaryimage"},"thumbnailUrl":"https:\/\/ajatutaja.com\/wp-content\/uploads\/2024\/11\/Trunki-vratna-blazina-leo-0.jpg","datePublished":"2024-03-24T07:13:45+00:00","dateModified":"2024-11-03T11:26:29+00:00","description":"Otro\u0161ka potovalna vratna blazina Trunki Yondi je posebej oblikovana za zagotavljanje podpore otrokovemu vratu med spanjem v avtomobilskem avtosede\u017eu.","breadcrumb":{"@id":"https:\/\/ajatutaja.com\/izdelek\/trunki-otroska-vratna-blazina-yondi-leo\/#breadcrumb"},"inLanguage":"hr","potentialAction":[{"@type":"ReadAction","target":["https:\/\/ajatutaja.com\/izdelek\/trunki-otroska-vratna-blazina-yondi-leo\/"]}]},{"@type":"ImageObject","inLanguage":"hr","@id":"https:\/\/ajatutaja.com\/izdelek\/trunki-otroska-vratna-blazina-yondi-leo\/#primaryimage","url":"https:\/\/ajatutaja.com\/wp-content\/uploads\/2024\/11\/Trunki-vratna-blazina-leo-0.jpg","contentUrl":"https:\/\/ajatutaja.com\/wp-content\/uploads\/2024\/11\/Trunki-vratna-blazina-leo-0.jpg","width":1200,"height":1200},{"@type":"BreadcrumbList","@id":"https:\/\/ajatutaja.com\/izdelek\/trunki-otroska-vratna-blazina-yondi-leo\/#breadcrumb","itemListElement":[{"@type":"ListItem","position":1,"name":"Home","item":"https:\/\/ajatutaja.com\/hr\/"},{"@type":"ListItem","position":2,"name":"Trgovina","item":"https:\/\/ajatutaja.com\/hr\/trgovina\/"},{"@type":"ListItem","position":3,"name":"Trunki\u00ae otro\u0161ka vratna blazina Yondi &#8211; Leo"}]},{"@type":"WebSite","@id":"https:\/\/ajatutaja.com\/#website","url":"https:\/\/ajatutaja.com\/","name":"Ajatutaja","description":"Otro\u0161ka spletna trgovina AJATUTAJA","publisher":{"@id":"https:\/\/ajatutaja.com\/#organization"},"potentialAction":[{"@type":"SearchAction","target":{"@type":"EntryPoint","urlTemplate":"https:\/\/ajatutaja.com\/?s={search_term_string}"},"query-input":{"@type":"PropertyValueSpecification","valueRequired":true,"valueName":"search_term_string"}}],"inLanguage":"hr"},{"@type":"Organization","@id":"https:\/\/ajatutaja.com\/#organization","name":"Ajatutaja","url":"https:\/\/ajatutaja.com\/","logo":{"@type":"ImageObject","inLanguage":"hr","@id":"https:\/\/ajatutaja.com\/#\/schema\/logo\/image\/","url":"https:\/\/ajatutaja.com\/wp-content\/uploads\/2021\/10\/logo.png","contentUrl":"https:\/\/ajatutaja.com\/wp-content\/uploads\/2021\/10\/logo.png","width":555,"height":150,"caption":"Ajatutaja"},"image":{"@id":"https:\/\/ajatutaja.com\/#\/schema\/logo\/image\/"}}]}},"brands":[{"id":2409,"name":"Potepanje","slug":"potepanje"},{"id":2433,"name":"Trunki","slug":"trunki"}],"_links":{"self":[{"href":"https:\/\/ajatutaja.com\/hr\/wp-json\/wp\/v2\/product\/69948","targetHints":{"allow":["GET"]}}],"collection":[{"href":"https:\/\/ajatutaja.com\/hr\/wp-json\/wp\/v2\/product"}],"about":[{"href":"https:\/\/ajatutaja.com\/hr\/wp-json\/wp\/v2\/types\/product"}],"wp:featuredmedia":[{"embeddable":true,"href":"https:\/\/ajatutaja.com\/hr\/wp-json\/wp\/v2\/media\/69949"}],"wp:attachment":[{"href":"https:\/\/ajatutaja.com\/hr\/wp-json\/wp\/v2\/media?parent=69948"}],"wp:term":[{"taxonomy":"pwb-brand","embeddable":true,"href":"https:\/\/ajatutaja.com\/hr\/wp-json\/wp\/v2\/pwb-brand?post=69948"},{"taxonomy":"product_brand","embeddable":true,"href":"https:\/\/ajatutaja.com\/hr\/wp-json\/wp\/v2\/product_brand?post=69948"},{"taxonomy":"product_cat","embeddable":true,"href":"https:\/\/ajatutaja.com\/hr\/wp-json\/wp\/v2\/product_cat?post=69948"},{"taxonomy":"product_tag","embeddable":true,"href":"https:\/\/ajatutaja.com\/hr\/wp-json\/wp\/v2\/product_tag?post=69948"}],"curies":[{"name":"wp","href":"https:\/\/api.w.org\/{rel}","templated":true}]}}