{"id":69869,"date":"2024-02-24T08:03:22","date_gmt":"2024-02-24T07:03:22","guid":{"rendered":"https:\/\/ajatutaja.com\/?post_type=product&#038;p=69869"},"modified":"2025-02-19T10:37:36","modified_gmt":"2025-02-19T09:37:36","slug":"trunki-otroski-potovalni-kovcek-na-kolesih-gasilec-frank","status":"publish","type":"product","link":"https:\/\/ajatutaja.com\/hr\/proizvod\/trunki-otroski-potovalni-kovcek-na-kolesih-gasilec-frank\/","title":{"rendered":"Trunki\u00ae otro\u0161ki potovalni kov\u010dek na kolesih &#8211; Gasilec Frank"},"content":{"rendered":"<p>[vc_row][vc_column][vc_column_text]Otro\u0161ki potovalni kov\u010dek Trunki je opremljen je s kakovostnimi kole\u0161\u010dki, ki ga kadarkoli spremenijo v prakti\u010den poganjal\u010dek do obremenitve 50 kg. Za bolj\u0161i oprijem v zavojih sta na sprednjem delu name\u0161\u010deni simpati\u010dni dr\u017eali v obliki \u017eivalskih ro\u017ei\u010dkov. Prilo\u017een je tudi potovalni trak, da ga otrok vle\u010de za saboj ali pa ga skupaj z njim lahko vle\u010dejo star\u0161i. Trak je mogo\u010de namestiti tudi tako, da slu\u017ei kot naramnica in si kov\u010dek za la\u017eje prena\u0161anje \u010dez ramo.<\/p>\n<p>Na potovanju z letalom ga lahko pri ve\u010dini letalskih dru\u017eb prijavite kot ro\u010dno prtljago. Priporo\u010damo, da pred potovanjem preverite dovoljeno velikost pri\u00a0va\u0161i letalski dru\u017ebi.<\/p>\n<h4>Potovalni kov\u010dek na kolesih Trunki\u00ae ima naslednje lastnosti:<\/h4>\n<ul>\n<li>Prikupen potovalni kov\u010dek na kolesih, na katerega se lahko otrok usede in poganja<\/li>\n<li>Maksimalna obremenitev: 50kg<\/li>\n<li>Volumen: 18 litrov<\/li>\n<li>Te\u017ea: 1.7 kg<\/li>\n<li>Dimenzije: 46 x 21 x 31 cm (dimenzija ustreza dovoljeni ro\u010dni prtljagi pri ve\u010dini letalskih dru\u017eb)<\/li>\n<li>Garancija: 5 let<\/li>\n<li>OPOZORILO! Ta izdelek ni igra\u010da!<\/li>\n<li>Kov\u010dek je izdelan iz kakovostne plastike in gumiranega roba, da si otrok ob zapiranju ne pri\u0161\u010dipne prstkov.<\/li>\n<li>Izdelek je opremljen\u00a0<strong>z oznako CE<\/strong>. (Oznaka CE je glavni kazalec skladnosti izdelka in potrjuje, da izdelek izpolnjuje bistvene zahteve glede varnosti potro\u0161nikov, zdravja, varovanja okolja, kot jih dolo\u010da zakonodaja Evropske unije. )<\/li>\n<li>Izdelek je skladen\u00a0<strong>s standardom EN71<\/strong>. (Je standard, ki pokriva varnost igra\u010d \u2013 s tem certifikatom se pregleda, da igra\u010da ne vsebuje \u0161kodljivih snovi in je varna za otroka.)<\/li>\n<\/ul>\n<p>[\/vc_column_text][\/vc_column][\/vc_row]<\/p>\n","protected":false},"excerpt":{"rendered":"<p>Trunki otro\u0161ki potovalni kov\u010dek na kolesih je res edinstven, saj slu\u017ei tudi kot poganjal\u010dek! Otrok se lahko nanj usede in poganja po letali\u0161\u010du ali pa sedi in po\u010diva. Prilo\u017een trak pa omogo\u010da, da otroka na kov\u010dku vle\u010dete &#8211; tako bo potovanje \u0161e bolj zabavno.<\/p>\n","protected":false},"featured_media":69914,"template":"","meta":[],"pwb-brand":[2409,2433],"product_brand":[],"product_cat":[5072,2610,2717,2712,2361,2402],"product_tag":[5579,4277],"class_list":{"0":"post-69869","1":"product","2":"type-product","3":"status-publish","4":"has-post-thumbnail","6":"pwb-brand-potepanje","7":"pwb-brand-trunki","8":"product_cat-bozicna-darila","9":"product_cat-darila","10":"product_cat-darilo-do-50e","11":"product_cat-darilo-za-decka","12":"product_cat-potepanje","13":"product_cat-potovalni-kovcki","14":"product_tag-gasilec","15":"product_tag-trunki","17":"first","18":"instock","19":"taxable","20":"shipping-taxable","21":"purchasable","22":"product-type-simple","23":"add-to-wishlist-before_image"},"yoast_head":"<!-- This site is optimized with the Yoast SEO plugin v27.3 - https:\/\/yoast.com\/product\/yoast-seo-wordpress\/ -->\n<title>Trunki\u00ae otro\u0161ki potovalni kov\u010dek na kolesih - Gasilec Frank | Ajatutaja<\/title>\n<meta name=\"description\" content=\"Trunki otro\u0161ki potovalni kov\u010dek na kolesih je res edinstven, saj slu\u017ei tudi kot poganjal\u010dek! Otrok se lahko nanj usede in poganja po letali\u0161\u010du ali pa sedi in po\u010diva.\" \/>\n<meta name=\"robots\" content=\"index, follow, max-snippet:-1, max-image-preview:large, max-video-preview:-1\" \/>\n<link rel=\"canonical\" href=\"https:\/\/ajatutaja.com\/hr\/proizvod\/trunki-otroski-potovalni-kovcek-na-kolesih-gasilec-frank\/\" \/>\n<meta property=\"og:locale\" content=\"hr_HR\" \/>\n<meta property=\"og:type\" content=\"article\" \/>\n<meta property=\"og:title\" content=\"Trunki\u00ae otro\u0161ki potovalni kov\u010dek na kolesih - Gasilec Frank | Ajatutaja\" \/>\n<meta property=\"og:description\" content=\"Trunki otro\u0161ki potovalni kov\u010dek na kolesih je res edinstven, saj slu\u017ei tudi kot poganjal\u010dek! Otrok se lahko nanj usede in poganja po letali\u0161\u010du ali pa sedi in po\u010diva.\" \/>\n<meta property=\"og:url\" content=\"https:\/\/ajatutaja.com\/hr\/proizvod\/trunki-otroski-potovalni-kovcek-na-kolesih-gasilec-frank\/\" \/>\n<meta property=\"og:site_name\" content=\"Ajatutaja\" \/>\n<meta property=\"article:modified_time\" content=\"2025-02-19T09:37:36+00:00\" \/>\n<meta property=\"og:image\" content=\"https:\/\/ajatutaja.com\/wp-content\/uploads\/2024\/02\/Trunki-kovcek-gasilec.jpg\" \/>\n\t<meta property=\"og:image:width\" content=\"1080\" \/>\n\t<meta property=\"og:image:height\" content=\"1080\" \/>\n\t<meta property=\"og:image:type\" content=\"image\/jpeg\" \/>\n<meta name=\"twitter:card\" content=\"summary_large_image\" \/>\n<meta name=\"twitter:label1\" content=\"Procijenjeno vrijeme \u010ditanja\" \/>\n\t<meta name=\"twitter:data1\" content=\"1 minuta\" \/>\n<script type=\"application\/ld+json\" class=\"yoast-schema-graph\">{\"@context\":\"https:\\\/\\\/schema.org\",\"@graph\":[{\"@type\":\"WebPage\",\"@id\":\"https:\\\/\\\/ajatutaja.com\\\/hr\\\/proizvod\\\/trunki-otroski-potovalni-kovcek-na-kolesih-gasilec-frank\\\/\",\"url\":\"https:\\\/\\\/ajatutaja.com\\\/hr\\\/proizvod\\\/trunki-otroski-potovalni-kovcek-na-kolesih-gasilec-frank\\\/\",\"name\":\"Trunki\u00ae otro\u0161ki potovalni kov\u010dek na kolesih - Gasilec Frank | Ajatutaja\",\"isPartOf\":{\"@id\":\"https:\\\/\\\/ajatutaja.com\\\/#website\"},\"primaryImageOfPage\":{\"@id\":\"https:\\\/\\\/ajatutaja.com\\\/hr\\\/proizvod\\\/trunki-otroski-potovalni-kovcek-na-kolesih-gasilec-frank\\\/#primaryimage\"},\"image\":{\"@id\":\"https:\\\/\\\/ajatutaja.com\\\/hr\\\/proizvod\\\/trunki-otroski-potovalni-kovcek-na-kolesih-gasilec-frank\\\/#primaryimage\"},\"thumbnailUrl\":\"https:\\\/\\\/ajatutaja.com\\\/wp-content\\\/uploads\\\/2024\\\/02\\\/Trunki-kovcek-gasilec.jpg\",\"datePublished\":\"2024-02-24T07:03:22+00:00\",\"dateModified\":\"2025-02-19T09:37:36+00:00\",\"description\":\"Trunki otro\u0161ki potovalni kov\u010dek na kolesih je res edinstven, saj slu\u017ei tudi kot poganjal\u010dek! Otrok se lahko nanj usede in poganja po letali\u0161\u010du ali pa sedi in po\u010diva.\",\"breadcrumb\":{\"@id\":\"https:\\\/\\\/ajatutaja.com\\\/hr\\\/proizvod\\\/trunki-otroski-potovalni-kovcek-na-kolesih-gasilec-frank\\\/#breadcrumb\"},\"inLanguage\":\"hr\",\"potentialAction\":[{\"@type\":\"ReadAction\",\"target\":[\"https:\\\/\\\/ajatutaja.com\\\/hr\\\/proizvod\\\/trunki-otroski-potovalni-kovcek-na-kolesih-gasilec-frank\\\/\"]}]},{\"@type\":\"ImageObject\",\"inLanguage\":\"hr\",\"@id\":\"https:\\\/\\\/ajatutaja.com\\\/hr\\\/proizvod\\\/trunki-otroski-potovalni-kovcek-na-kolesih-gasilec-frank\\\/#primaryimage\",\"url\":\"https:\\\/\\\/ajatutaja.com\\\/wp-content\\\/uploads\\\/2024\\\/02\\\/Trunki-kovcek-gasilec.jpg\",\"contentUrl\":\"https:\\\/\\\/ajatutaja.com\\\/wp-content\\\/uploads\\\/2024\\\/02\\\/Trunki-kovcek-gasilec.jpg\",\"width\":1080,\"height\":1080},{\"@type\":\"BreadcrumbList\",\"@id\":\"https:\\\/\\\/ajatutaja.com\\\/hr\\\/proizvod\\\/trunki-otroski-potovalni-kovcek-na-kolesih-gasilec-frank\\\/#breadcrumb\",\"itemListElement\":[{\"@type\":\"ListItem\",\"position\":1,\"name\":\"Home\",\"item\":\"https:\\\/\\\/ajatutaja.com\\\/hr\\\/\"},{\"@type\":\"ListItem\",\"position\":2,\"name\":\"Trgovina\",\"item\":\"https:\\\/\\\/ajatutaja.com\\\/hr\\\/trgovina\\\/\"},{\"@type\":\"ListItem\",\"position\":3,\"name\":\"Trunki\u00ae otro\u0161ki potovalni kov\u010dek na kolesih &#8211; Gasilec Frank\"}]},{\"@type\":\"WebSite\",\"@id\":\"https:\\\/\\\/ajatutaja.com\\\/#website\",\"url\":\"https:\\\/\\\/ajatutaja.com\\\/\",\"name\":\"Ajatutaja\",\"description\":\"Otro\u0161ka spletna trgovina AJATUTAJA\",\"publisher\":{\"@id\":\"https:\\\/\\\/ajatutaja.com\\\/#organization\"},\"potentialAction\":[{\"@type\":\"SearchAction\",\"target\":{\"@type\":\"EntryPoint\",\"urlTemplate\":\"https:\\\/\\\/ajatutaja.com\\\/?s={search_term_string}\"},\"query-input\":{\"@type\":\"PropertyValueSpecification\",\"valueRequired\":true,\"valueName\":\"search_term_string\"}}],\"inLanguage\":\"hr\"},{\"@type\":\"Organization\",\"@id\":\"https:\\\/\\\/ajatutaja.com\\\/#organization\",\"name\":\"Ajatutaja\",\"url\":\"https:\\\/\\\/ajatutaja.com\\\/\",\"logo\":{\"@type\":\"ImageObject\",\"inLanguage\":\"hr\",\"@id\":\"https:\\\/\\\/ajatutaja.com\\\/#\\\/schema\\\/logo\\\/image\\\/\",\"url\":\"https:\\\/\\\/ajatutaja.com\\\/wp-content\\\/uploads\\\/2021\\\/10\\\/logo.png\",\"contentUrl\":\"https:\\\/\\\/ajatutaja.com\\\/wp-content\\\/uploads\\\/2021\\\/10\\\/logo.png\",\"width\":555,\"height\":150,\"caption\":\"Ajatutaja\"},\"image\":{\"@id\":\"https:\\\/\\\/ajatutaja.com\\\/#\\\/schema\\\/logo\\\/image\\\/\"}}]}<\/script>\n<!-- \/ Yoast SEO plugin. -->","yoast_head_json":{"title":"Trunki\u00ae otro\u0161ki potovalni kov\u010dek na kolesih - Gasilec Frank | Ajatutaja","description":"Trunki otro\u0161ki potovalni kov\u010dek na kolesih je res edinstven, saj slu\u017ei tudi kot poganjal\u010dek! Otrok se lahko nanj usede in poganja po letali\u0161\u010du ali pa sedi in po\u010diva.","robots":{"index":"index","follow":"follow","max-snippet":"max-snippet:-1","max-image-preview":"max-image-preview:large","max-video-preview":"max-video-preview:-1"},"canonical":"https:\/\/ajatutaja.com\/hr\/proizvod\/trunki-otroski-potovalni-kovcek-na-kolesih-gasilec-frank\/","og_locale":"hr_HR","og_type":"article","og_title":"Trunki\u00ae otro\u0161ki potovalni kov\u010dek na kolesih - Gasilec Frank | Ajatutaja","og_description":"Trunki otro\u0161ki potovalni kov\u010dek na kolesih je res edinstven, saj slu\u017ei tudi kot poganjal\u010dek! Otrok se lahko nanj usede in poganja po letali\u0161\u010du ali pa sedi in po\u010diva.","og_url":"https:\/\/ajatutaja.com\/hr\/proizvod\/trunki-otroski-potovalni-kovcek-na-kolesih-gasilec-frank\/","og_site_name":"Ajatutaja","article_modified_time":"2025-02-19T09:37:36+00:00","og_image":[{"width":1080,"height":1080,"url":"https:\/\/ajatutaja.com\/wp-content\/uploads\/2024\/02\/Trunki-kovcek-gasilec.jpg","type":"image\/jpeg"}],"twitter_card":"summary_large_image","twitter_misc":{"Procijenjeno vrijeme \u010ditanja":"1 minuta"},"schema":{"@context":"https:\/\/schema.org","@graph":[{"@type":"WebPage","@id":"https:\/\/ajatutaja.com\/hr\/proizvod\/trunki-otroski-potovalni-kovcek-na-kolesih-gasilec-frank\/","url":"https:\/\/ajatutaja.com\/hr\/proizvod\/trunki-otroski-potovalni-kovcek-na-kolesih-gasilec-frank\/","name":"Trunki\u00ae otro\u0161ki potovalni kov\u010dek na kolesih - Gasilec Frank | Ajatutaja","isPartOf":{"@id":"https:\/\/ajatutaja.com\/#website"},"primaryImageOfPage":{"@id":"https:\/\/ajatutaja.com\/hr\/proizvod\/trunki-otroski-potovalni-kovcek-na-kolesih-gasilec-frank\/#primaryimage"},"image":{"@id":"https:\/\/ajatutaja.com\/hr\/proizvod\/trunki-otroski-potovalni-kovcek-na-kolesih-gasilec-frank\/#primaryimage"},"thumbnailUrl":"https:\/\/ajatutaja.com\/wp-content\/uploads\/2024\/02\/Trunki-kovcek-gasilec.jpg","datePublished":"2024-02-24T07:03:22+00:00","dateModified":"2025-02-19T09:37:36+00:00","description":"Trunki otro\u0161ki potovalni kov\u010dek na kolesih je res edinstven, saj slu\u017ei tudi kot poganjal\u010dek! Otrok se lahko nanj usede in poganja po letali\u0161\u010du ali pa sedi in po\u010diva.","breadcrumb":{"@id":"https:\/\/ajatutaja.com\/hr\/proizvod\/trunki-otroski-potovalni-kovcek-na-kolesih-gasilec-frank\/#breadcrumb"},"inLanguage":"hr","potentialAction":[{"@type":"ReadAction","target":["https:\/\/ajatutaja.com\/hr\/proizvod\/trunki-otroski-potovalni-kovcek-na-kolesih-gasilec-frank\/"]}]},{"@type":"ImageObject","inLanguage":"hr","@id":"https:\/\/ajatutaja.com\/hr\/proizvod\/trunki-otroski-potovalni-kovcek-na-kolesih-gasilec-frank\/#primaryimage","url":"https:\/\/ajatutaja.com\/wp-content\/uploads\/2024\/02\/Trunki-kovcek-gasilec.jpg","contentUrl":"https:\/\/ajatutaja.com\/wp-content\/uploads\/2024\/02\/Trunki-kovcek-gasilec.jpg","width":1080,"height":1080},{"@type":"BreadcrumbList","@id":"https:\/\/ajatutaja.com\/hr\/proizvod\/trunki-otroski-potovalni-kovcek-na-kolesih-gasilec-frank\/#breadcrumb","itemListElement":[{"@type":"ListItem","position":1,"name":"Home","item":"https:\/\/ajatutaja.com\/hr\/"},{"@type":"ListItem","position":2,"name":"Trgovina","item":"https:\/\/ajatutaja.com\/hr\/trgovina\/"},{"@type":"ListItem","position":3,"name":"Trunki\u00ae otro\u0161ki potovalni kov\u010dek na kolesih &#8211; Gasilec Frank"}]},{"@type":"WebSite","@id":"https:\/\/ajatutaja.com\/#website","url":"https:\/\/ajatutaja.com\/","name":"Ajatutaja","description":"Otro\u0161ka spletna trgovina AJATUTAJA","publisher":{"@id":"https:\/\/ajatutaja.com\/#organization"},"potentialAction":[{"@type":"SearchAction","target":{"@type":"EntryPoint","urlTemplate":"https:\/\/ajatutaja.com\/?s={search_term_string}"},"query-input":{"@type":"PropertyValueSpecification","valueRequired":true,"valueName":"search_term_string"}}],"inLanguage":"hr"},{"@type":"Organization","@id":"https:\/\/ajatutaja.com\/#organization","name":"Ajatutaja","url":"https:\/\/ajatutaja.com\/","logo":{"@type":"ImageObject","inLanguage":"hr","@id":"https:\/\/ajatutaja.com\/#\/schema\/logo\/image\/","url":"https:\/\/ajatutaja.com\/wp-content\/uploads\/2021\/10\/logo.png","contentUrl":"https:\/\/ajatutaja.com\/wp-content\/uploads\/2021\/10\/logo.png","width":555,"height":150,"caption":"Ajatutaja"},"image":{"@id":"https:\/\/ajatutaja.com\/#\/schema\/logo\/image\/"}}]}},"brands":[{"id":2409,"name":"Potepanje","slug":"potepanje"},{"id":2433,"name":"Trunki","slug":"trunki"}],"_links":{"self":[{"href":"https:\/\/ajatutaja.com\/hr\/wp-json\/wp\/v2\/product\/69869","targetHints":{"allow":["GET"]}}],"collection":[{"href":"https:\/\/ajatutaja.com\/hr\/wp-json\/wp\/v2\/product"}],"about":[{"href":"https:\/\/ajatutaja.com\/hr\/wp-json\/wp\/v2\/types\/product"}],"wp:featuredmedia":[{"embeddable":true,"href":"https:\/\/ajatutaja.com\/hr\/wp-json\/wp\/v2\/media\/69914"}],"wp:attachment":[{"href":"https:\/\/ajatutaja.com\/hr\/wp-json\/wp\/v2\/media?parent=69869"}],"wp:term":[{"taxonomy":"pwb-brand","embeddable":true,"href":"https:\/\/ajatutaja.com\/hr\/wp-json\/wp\/v2\/pwb-brand?post=69869"},{"taxonomy":"product_brand","embeddable":true,"href":"https:\/\/ajatutaja.com\/hr\/wp-json\/wp\/v2\/product_brand?post=69869"},{"taxonomy":"product_cat","embeddable":true,"href":"https:\/\/ajatutaja.com\/hr\/wp-json\/wp\/v2\/product_cat?post=69869"},{"taxonomy":"product_tag","embeddable":true,"href":"https:\/\/ajatutaja.com\/hr\/wp-json\/wp\/v2\/product_tag?post=69869"}],"curies":[{"name":"wp","href":"https:\/\/api.w.org\/{rel}","templated":true}]}}