{"id":69689,"date":"2023-10-25T13:40:33","date_gmt":"2023-10-25T11:40:33","guid":{"rendered":"https:\/\/ajatutaja.com\/?post_type=product&#038;p=69689"},"modified":"2025-06-18T11:09:37","modified_gmt":"2025-06-18T09:09:37","slug":"bibs-bombazni-bandana-slincek-pale-butter","status":"publish","type":"product","link":"https:\/\/ajatutaja.com\/hr\/proizvod\/bibs-bombazni-bandana-slincek-pale-butter\/","title":{"rendered":"Bibs bomba\u017eni bandana slin\u010dek &#8211; Pale Butter"},"content":{"rendered":"<p>[vc_row][vc_column][vc_column_text]Uporablja se lahko tudi kot modni dodatek, saj ne\u017eno za\u0161\u010diti dojen\u010dkov vrat, \u0161e posebaj v hladnej\u0161ih letnih \u010dasih. Bomba\u017eni slin\u010dek je obvezen dodatek k va\u0161im dudicam BIBS in je na voljo v ujemajo\u010dih se barvah. Poleg tega ima slin\u010dek sr\u010dkan \u017eepek, v katerega lahko shranite dudo. Svojo najljub\u0161o dudo ima tako va\u0161 otrok vedno blizu.[\/vc_column_text][\/vc_column][\/vc_row]<\/p>\n","protected":false},"excerpt":{"rendered":"<p>Izredno mehak in upojen slin\u010dek Bibs bandana Bib je izdelan iz 100% GOTS certificiranega organskega muslin bomba\u017ea v ve\u010d plasteh in je zato zelo opojen. Uporaben pa je lahko tudi kot modni dodatek, saj ne\u017eno za\u0161\u010diti dojen\u010dkov vrat, \u0161e posebaj v hladnej\u0161ih letnih \u010dasih. Slin\u010dek je opremljen z \u017eepkom, kamor lahko pospravimo dudico.<\/p>\n","protected":false},"featured_media":69686,"template":"","meta":[],"pwb-brand":[2316,2269],"product_brand":[],"product_cat":[3975,2715,2266,2309],"product_tag":[4118,4821],"class_list":{"0":"post-69689","1":"product","2":"type-product","3":"status-publish","4":"has-post-thumbnail","6":"pwb-brand-bibs","7":"pwb-brand-hranjenje","8":"product_cat-akcija","9":"product_cat-darilo-do-15e","10":"product_cat-hranjenje","11":"product_cat-otroski-slincki","12":"product_tag-bibs","13":"product_tag-bibs-bandana-bib","15":"first","16":"instock","17":"sale","18":"taxable","19":"shipping-taxable","20":"purchasable","21":"product-type-simple","22":"add-to-wishlist-before_image"},"yoast_head":"<!-- This site is optimized with the Yoast SEO plugin v27.3 - https:\/\/yoast.com\/product\/yoast-seo-wordpress\/ -->\n<title>Bibs bomba\u017eni bandana slin\u010dek - Pale Butter | Ajatutaja<\/title>\n<meta name=\"description\" content=\"Izredno mehak in upojen slin\u010dek Bibs bandana Bib je izdelan iz 100 % GOTS certificiranega organskega muslin bomba\u017ea v ve\u010d plasteh in je zato zelo opojen.\" \/>\n<meta name=\"robots\" content=\"index, follow, max-snippet:-1, max-image-preview:large, max-video-preview:-1\" \/>\n<link rel=\"canonical\" href=\"https:\/\/ajatutaja.com\/hr\/proizvod\/bibs-bombazni-bandana-slincek-pale-butter\/\" \/>\n<meta property=\"og:locale\" content=\"hr_HR\" \/>\n<meta property=\"og:type\" content=\"article\" \/>\n<meta property=\"og:title\" content=\"Bibs bomba\u017eni bandana slin\u010dek - Pale Butter | Ajatutaja\" \/>\n<meta property=\"og:description\" content=\"Izredno mehak in upojen slin\u010dek Bibs bandana Bib je izdelan iz 100 % GOTS certificiranega organskega muslin bomba\u017ea v ve\u010d plasteh in je zato zelo opojen.\" \/>\n<meta property=\"og:url\" content=\"https:\/\/ajatutaja.com\/hr\/proizvod\/bibs-bombazni-bandana-slincek-pale-butter\/\" \/>\n<meta property=\"og:site_name\" content=\"Ajatutaja\" \/>\n<meta property=\"article:modified_time\" content=\"2025-06-18T09:09:37+00:00\" \/>\n<meta property=\"og:image\" content=\"https:\/\/ajatutaja.com\/wp-content\/uploads\/2024\/10\/bibs-bombazni-slincek-pale-butter-1.jpg\" \/>\n\t<meta property=\"og:image:width\" content=\"800\" \/>\n\t<meta property=\"og:image:height\" content=\"800\" \/>\n\t<meta property=\"og:image:type\" content=\"image\/jpeg\" \/>\n<meta name=\"twitter:card\" content=\"summary_large_image\" \/>\n<meta name=\"twitter:label1\" content=\"Procijenjeno vrijeme \u010ditanja\" \/>\n\t<meta name=\"twitter:data1\" content=\"2 minute\" \/>\n<script type=\"application\/ld+json\" class=\"yoast-schema-graph\">{\"@context\":\"https:\\\/\\\/schema.org\",\"@graph\":[{\"@type\":\"WebPage\",\"@id\":\"https:\\\/\\\/ajatutaja.com\\\/hr\\\/proizvod\\\/bibs-bombazni-bandana-slincek-pale-butter\\\/\",\"url\":\"https:\\\/\\\/ajatutaja.com\\\/hr\\\/proizvod\\\/bibs-bombazni-bandana-slincek-pale-butter\\\/\",\"name\":\"Bibs bomba\u017eni bandana slin\u010dek - Pale Butter | Ajatutaja\",\"isPartOf\":{\"@id\":\"https:\\\/\\\/ajatutaja.com\\\/#website\"},\"primaryImageOfPage\":{\"@id\":\"https:\\\/\\\/ajatutaja.com\\\/hr\\\/proizvod\\\/bibs-bombazni-bandana-slincek-pale-butter\\\/#primaryimage\"},\"image\":{\"@id\":\"https:\\\/\\\/ajatutaja.com\\\/hr\\\/proizvod\\\/bibs-bombazni-bandana-slincek-pale-butter\\\/#primaryimage\"},\"thumbnailUrl\":\"https:\\\/\\\/ajatutaja.com\\\/wp-content\\\/uploads\\\/2024\\\/10\\\/bibs-bombazni-slincek-pale-butter-1.jpg\",\"datePublished\":\"2023-10-25T11:40:33+00:00\",\"dateModified\":\"2025-06-18T09:09:37+00:00\",\"description\":\"Izredno mehak in upojen slin\u010dek Bibs bandana Bib je izdelan iz 100 % GOTS certificiranega organskega muslin bomba\u017ea v ve\u010d plasteh in je zato zelo opojen.\",\"breadcrumb\":{\"@id\":\"https:\\\/\\\/ajatutaja.com\\\/hr\\\/proizvod\\\/bibs-bombazni-bandana-slincek-pale-butter\\\/#breadcrumb\"},\"inLanguage\":\"hr\",\"potentialAction\":[{\"@type\":\"ReadAction\",\"target\":[\"https:\\\/\\\/ajatutaja.com\\\/hr\\\/proizvod\\\/bibs-bombazni-bandana-slincek-pale-butter\\\/\"]}]},{\"@type\":\"ImageObject\",\"inLanguage\":\"hr\",\"@id\":\"https:\\\/\\\/ajatutaja.com\\\/hr\\\/proizvod\\\/bibs-bombazni-bandana-slincek-pale-butter\\\/#primaryimage\",\"url\":\"https:\\\/\\\/ajatutaja.com\\\/wp-content\\\/uploads\\\/2024\\\/10\\\/bibs-bombazni-slincek-pale-butter-1.jpg\",\"contentUrl\":\"https:\\\/\\\/ajatutaja.com\\\/wp-content\\\/uploads\\\/2024\\\/10\\\/bibs-bombazni-slincek-pale-butter-1.jpg\",\"width\":800,\"height\":800},{\"@type\":\"BreadcrumbList\",\"@id\":\"https:\\\/\\\/ajatutaja.com\\\/hr\\\/proizvod\\\/bibs-bombazni-bandana-slincek-pale-butter\\\/#breadcrumb\",\"itemListElement\":[{\"@type\":\"ListItem\",\"position\":1,\"name\":\"Home\",\"item\":\"https:\\\/\\\/ajatutaja.com\\\/hr\\\/\"},{\"@type\":\"ListItem\",\"position\":2,\"name\":\"Trgovina\",\"item\":\"https:\\\/\\\/ajatutaja.com\\\/hr\\\/trgovina\\\/\"},{\"@type\":\"ListItem\",\"position\":3,\"name\":\"Bibs bomba\u017eni bandana slin\u010dek &#8211; Pale Butter\"}]},{\"@type\":\"WebSite\",\"@id\":\"https:\\\/\\\/ajatutaja.com\\\/#website\",\"url\":\"https:\\\/\\\/ajatutaja.com\\\/\",\"name\":\"Ajatutaja\",\"description\":\"Otro\u0161ka spletna trgovina AJATUTAJA\",\"publisher\":{\"@id\":\"https:\\\/\\\/ajatutaja.com\\\/#organization\"},\"potentialAction\":[{\"@type\":\"SearchAction\",\"target\":{\"@type\":\"EntryPoint\",\"urlTemplate\":\"https:\\\/\\\/ajatutaja.com\\\/?s={search_term_string}\"},\"query-input\":{\"@type\":\"PropertyValueSpecification\",\"valueRequired\":true,\"valueName\":\"search_term_string\"}}],\"inLanguage\":\"hr\"},{\"@type\":\"Organization\",\"@id\":\"https:\\\/\\\/ajatutaja.com\\\/#organization\",\"name\":\"Ajatutaja\",\"url\":\"https:\\\/\\\/ajatutaja.com\\\/\",\"logo\":{\"@type\":\"ImageObject\",\"inLanguage\":\"hr\",\"@id\":\"https:\\\/\\\/ajatutaja.com\\\/#\\\/schema\\\/logo\\\/image\\\/\",\"url\":\"https:\\\/\\\/ajatutaja.com\\\/wp-content\\\/uploads\\\/2021\\\/10\\\/logo.png\",\"contentUrl\":\"https:\\\/\\\/ajatutaja.com\\\/wp-content\\\/uploads\\\/2021\\\/10\\\/logo.png\",\"width\":555,\"height\":150,\"caption\":\"Ajatutaja\"},\"image\":{\"@id\":\"https:\\\/\\\/ajatutaja.com\\\/#\\\/schema\\\/logo\\\/image\\\/\"}}]}<\/script>\n<!-- \/ Yoast SEO plugin. -->","yoast_head_json":{"title":"Bibs bomba\u017eni bandana slin\u010dek - Pale Butter | Ajatutaja","description":"Izredno mehak in upojen slin\u010dek Bibs bandana Bib je izdelan iz 100 % GOTS certificiranega organskega muslin bomba\u017ea v ve\u010d plasteh in je zato zelo opojen.","robots":{"index":"index","follow":"follow","max-snippet":"max-snippet:-1","max-image-preview":"max-image-preview:large","max-video-preview":"max-video-preview:-1"},"canonical":"https:\/\/ajatutaja.com\/hr\/proizvod\/bibs-bombazni-bandana-slincek-pale-butter\/","og_locale":"hr_HR","og_type":"article","og_title":"Bibs bomba\u017eni bandana slin\u010dek - Pale Butter | Ajatutaja","og_description":"Izredno mehak in upojen slin\u010dek Bibs bandana Bib je izdelan iz 100 % GOTS certificiranega organskega muslin bomba\u017ea v ve\u010d plasteh in je zato zelo opojen.","og_url":"https:\/\/ajatutaja.com\/hr\/proizvod\/bibs-bombazni-bandana-slincek-pale-butter\/","og_site_name":"Ajatutaja","article_modified_time":"2025-06-18T09:09:37+00:00","og_image":[{"width":800,"height":800,"url":"https:\/\/ajatutaja.com\/wp-content\/uploads\/2024\/10\/bibs-bombazni-slincek-pale-butter-1.jpg","type":"image\/jpeg"}],"twitter_card":"summary_large_image","twitter_misc":{"Procijenjeno vrijeme \u010ditanja":"2 minute"},"schema":{"@context":"https:\/\/schema.org","@graph":[{"@type":"WebPage","@id":"https:\/\/ajatutaja.com\/hr\/proizvod\/bibs-bombazni-bandana-slincek-pale-butter\/","url":"https:\/\/ajatutaja.com\/hr\/proizvod\/bibs-bombazni-bandana-slincek-pale-butter\/","name":"Bibs bomba\u017eni bandana slin\u010dek - Pale Butter | Ajatutaja","isPartOf":{"@id":"https:\/\/ajatutaja.com\/#website"},"primaryImageOfPage":{"@id":"https:\/\/ajatutaja.com\/hr\/proizvod\/bibs-bombazni-bandana-slincek-pale-butter\/#primaryimage"},"image":{"@id":"https:\/\/ajatutaja.com\/hr\/proizvod\/bibs-bombazni-bandana-slincek-pale-butter\/#primaryimage"},"thumbnailUrl":"https:\/\/ajatutaja.com\/wp-content\/uploads\/2024\/10\/bibs-bombazni-slincek-pale-butter-1.jpg","datePublished":"2023-10-25T11:40:33+00:00","dateModified":"2025-06-18T09:09:37+00:00","description":"Izredno mehak in upojen slin\u010dek Bibs bandana Bib je izdelan iz 100 % GOTS certificiranega organskega muslin bomba\u017ea v ve\u010d plasteh in je zato zelo opojen.","breadcrumb":{"@id":"https:\/\/ajatutaja.com\/hr\/proizvod\/bibs-bombazni-bandana-slincek-pale-butter\/#breadcrumb"},"inLanguage":"hr","potentialAction":[{"@type":"ReadAction","target":["https:\/\/ajatutaja.com\/hr\/proizvod\/bibs-bombazni-bandana-slincek-pale-butter\/"]}]},{"@type":"ImageObject","inLanguage":"hr","@id":"https:\/\/ajatutaja.com\/hr\/proizvod\/bibs-bombazni-bandana-slincek-pale-butter\/#primaryimage","url":"https:\/\/ajatutaja.com\/wp-content\/uploads\/2024\/10\/bibs-bombazni-slincek-pale-butter-1.jpg","contentUrl":"https:\/\/ajatutaja.com\/wp-content\/uploads\/2024\/10\/bibs-bombazni-slincek-pale-butter-1.jpg","width":800,"height":800},{"@type":"BreadcrumbList","@id":"https:\/\/ajatutaja.com\/hr\/proizvod\/bibs-bombazni-bandana-slincek-pale-butter\/#breadcrumb","itemListElement":[{"@type":"ListItem","position":1,"name":"Home","item":"https:\/\/ajatutaja.com\/hr\/"},{"@type":"ListItem","position":2,"name":"Trgovina","item":"https:\/\/ajatutaja.com\/hr\/trgovina\/"},{"@type":"ListItem","position":3,"name":"Bibs bomba\u017eni bandana slin\u010dek &#8211; Pale Butter"}]},{"@type":"WebSite","@id":"https:\/\/ajatutaja.com\/#website","url":"https:\/\/ajatutaja.com\/","name":"Ajatutaja","description":"Otro\u0161ka spletna trgovina AJATUTAJA","publisher":{"@id":"https:\/\/ajatutaja.com\/#organization"},"potentialAction":[{"@type":"SearchAction","target":{"@type":"EntryPoint","urlTemplate":"https:\/\/ajatutaja.com\/?s={search_term_string}"},"query-input":{"@type":"PropertyValueSpecification","valueRequired":true,"valueName":"search_term_string"}}],"inLanguage":"hr"},{"@type":"Organization","@id":"https:\/\/ajatutaja.com\/#organization","name":"Ajatutaja","url":"https:\/\/ajatutaja.com\/","logo":{"@type":"ImageObject","inLanguage":"hr","@id":"https:\/\/ajatutaja.com\/#\/schema\/logo\/image\/","url":"https:\/\/ajatutaja.com\/wp-content\/uploads\/2021\/10\/logo.png","contentUrl":"https:\/\/ajatutaja.com\/wp-content\/uploads\/2021\/10\/logo.png","width":555,"height":150,"caption":"Ajatutaja"},"image":{"@id":"https:\/\/ajatutaja.com\/#\/schema\/logo\/image\/"}}]}},"brands":[{"id":2316,"name":"Bibs","slug":"bibs"},{"id":2269,"name":"Hranjenje","slug":"hranjenje"}],"_links":{"self":[{"href":"https:\/\/ajatutaja.com\/hr\/wp-json\/wp\/v2\/product\/69689","targetHints":{"allow":["GET"]}}],"collection":[{"href":"https:\/\/ajatutaja.com\/hr\/wp-json\/wp\/v2\/product"}],"about":[{"href":"https:\/\/ajatutaja.com\/hr\/wp-json\/wp\/v2\/types\/product"}],"wp:featuredmedia":[{"embeddable":true,"href":"https:\/\/ajatutaja.com\/hr\/wp-json\/wp\/v2\/media\/69686"}],"wp:attachment":[{"href":"https:\/\/ajatutaja.com\/hr\/wp-json\/wp\/v2\/media?parent=69689"}],"wp:term":[{"taxonomy":"pwb-brand","embeddable":true,"href":"https:\/\/ajatutaja.com\/hr\/wp-json\/wp\/v2\/pwb-brand?post=69689"},{"taxonomy":"product_brand","embeddable":true,"href":"https:\/\/ajatutaja.com\/hr\/wp-json\/wp\/v2\/product_brand?post=69689"},{"taxonomy":"product_cat","embeddable":true,"href":"https:\/\/ajatutaja.com\/hr\/wp-json\/wp\/v2\/product_cat?post=69689"},{"taxonomy":"product_tag","embeddable":true,"href":"https:\/\/ajatutaja.com\/hr\/wp-json\/wp\/v2\/product_tag?post=69689"}],"curies":[{"name":"wp","href":"https:\/\/api.w.org\/{rel}","templated":true}]}}