{"id":69580,"date":"2022-10-24T10:42:18","date_gmt":"2022-10-24T08:42:18","guid":{"rendered":"https:\/\/ajatutaja.com\/?post_type=product&#038;p=69580"},"modified":"2025-04-09T16:53:41","modified_gmt":"2025-04-09T14:53:41","slug":"majica-popek-z-napisom-supermami-36","status":"publish","type":"product","link":"https:\/\/ajatutaja.com\/hr\/proizvod\/majica-popek-z-napisom-supermami-36\/","title":{"rendered":"Majica Popek z napisom &#8220;Supermami&#8221; (36)"},"content":{"rendered":"<p>[vc_row][vc_column][vc_column_text]<b>Posebnosti nose\u010dni\u0161ke majice Popek:<br \/>\n<\/b><\/p>\n<ul>\n<li>ker je elasti\u010dna jo lahko nosi\u0161 \u017ee od 2. meseca naprej in vse do rojstva dojen\u010dka<\/li>\n<li>ni\u010d ve\u010d ti\u0161\u010danja, v njej se bo\u0161 celo nose\u010dnost po\u010dutila spro\u0161\u010deno in udobno<\/li>\n<li>dovolj dolga, da bo tvoj nose\u010dni\u0161ki trebu\u0161\u010dek v celoti pokrit, poporodni pa skrit<\/li>\n<li>lahko jo bo\u0161 nosila tudi, ko ne bo\u0161 ve\u010d nose\u010da<\/li>\n<li>proizvedeno v Sloveniji<\/li>\n<\/ul>\n<p style=\"text-align: center\"><span style=\"color: #999999\">Surovinska sestava: 92% viskoza, 8% elastan<\/span><\/p>\n<p>[\/vc_column_text][\/vc_column][\/vc_row]<\/p>\n","protected":false},"excerpt":{"rendered":"<p>Ljubka majica v rumeni barvi z napisom Supermami je zelo raztegljiva in krojena tako, da se lepo prilagodi rasti trebu\u0161\u010dka.<\/p>\n","protected":false},"featured_media":69558,"template":"","meta":[],"pwb-brand":[2267,2270],"product_brand":[],"product_cat":[2262,2253,2250,2742],"product_tag":[4098,4307],"class_list":{"0":"post-69580","1":"product","2":"type-product","3":"status-publish","4":"has-post-thumbnail","6":"pwb-brand-nosecnost","7":"pwb-brand-popek","8":"product_cat-darilo-za-nosecnico","9":"product_cat-nosecniske-majice","10":"product_cat-nosecnost","11":"product_cat-outlet","12":"product_tag-popek","13":"product_tag-slovenski-proizvod","15":"first","16":"instock","17":"sale","18":"taxable","19":"shipping-taxable","20":"purchasable","21":"product-type-variable","22":"add-to-wishlist-before_image"},"yoast_head":"<!-- This site is optimized with the Yoast SEO plugin v27.3 - https:\/\/yoast.com\/product\/yoast-seo-wordpress\/ -->\n<title>Majica Popek z napisom &quot;Supermami&quot; (36) | Ajatutaja<\/title>\n<meta name=\"description\" content=\"Ljubka majica v rumeni barvi z napisom Supermami je zelo raztegljiva in krojena tako, da se lepo prilagodi rasti trebu\u0161\u010dka.\" \/>\n<meta name=\"robots\" content=\"index, follow, max-snippet:-1, max-image-preview:large, max-video-preview:-1\" \/>\n<link rel=\"canonical\" href=\"https:\/\/ajatutaja.com\/izdelek\/majica-popek-z-napisom-supermami-36\/\" \/>\n<meta property=\"og:locale\" content=\"hr_HR\" \/>\n<meta property=\"og:type\" content=\"article\" \/>\n<meta property=\"og:title\" content=\"Majica Popek z napisom &quot;Supermami&quot; (36) | Ajatutaja\" \/>\n<meta property=\"og:description\" content=\"Ljubka majica v rumeni barvi z napisom Supermami je zelo raztegljiva in krojena tako, da se lepo prilagodi rasti trebu\u0161\u010dka.\" \/>\n<meta property=\"og:url\" content=\"https:\/\/ajatutaja.com\/izdelek\/majica-popek-z-napisom-supermami-36\/\" \/>\n<meta property=\"og:site_name\" content=\"Ajatutaja\" \/>\n<meta property=\"article:modified_time\" content=\"2025-04-09T14:53:41+00:00\" \/>\n<meta property=\"og:image\" content=\"https:\/\/ajatutaja.com\/wp-content\/uploads\/2022\/04\/Majica-popek-supermami-rumena-outlet.jpg\" \/>\n\t<meta property=\"og:image:width\" content=\"641\" \/>\n\t<meta property=\"og:image:height\" content=\"960\" \/>\n\t<meta property=\"og:image:type\" content=\"image\/jpeg\" \/>\n<meta name=\"twitter:card\" content=\"summary_large_image\" \/>\n<meta name=\"twitter:label1\" content=\"Procijenjeno vrijeme \u010ditanja\" \/>\n\t<meta name=\"twitter:data1\" content=\"1 minuta\" \/>\n<script type=\"application\/ld+json\" class=\"yoast-schema-graph\">{\"@context\":\"https:\\\/\\\/schema.org\",\"@graph\":[{\"@type\":\"WebPage\",\"@id\":\"https:\\\/\\\/ajatutaja.com\\\/izdelek\\\/majica-popek-z-napisom-supermami-36\\\/\",\"url\":\"https:\\\/\\\/ajatutaja.com\\\/izdelek\\\/majica-popek-z-napisom-supermami-36\\\/\",\"name\":\"Majica Popek z napisom \\\"Supermami\\\" (36) | Ajatutaja\",\"isPartOf\":{\"@id\":\"https:\\\/\\\/ajatutaja.com\\\/#website\"},\"primaryImageOfPage\":{\"@id\":\"https:\\\/\\\/ajatutaja.com\\\/izdelek\\\/majica-popek-z-napisom-supermami-36\\\/#primaryimage\"},\"image\":{\"@id\":\"https:\\\/\\\/ajatutaja.com\\\/izdelek\\\/majica-popek-z-napisom-supermami-36\\\/#primaryimage\"},\"thumbnailUrl\":\"https:\\\/\\\/ajatutaja.com\\\/wp-content\\\/uploads\\\/2022\\\/04\\\/Majica-popek-supermami-rumena-outlet.jpg\",\"datePublished\":\"2022-10-24T08:42:18+00:00\",\"dateModified\":\"2025-04-09T14:53:41+00:00\",\"description\":\"Ljubka majica v rumeni barvi z napisom Supermami je zelo raztegljiva in krojena tako, da se lepo prilagodi rasti trebu\u0161\u010dka.\",\"breadcrumb\":{\"@id\":\"https:\\\/\\\/ajatutaja.com\\\/izdelek\\\/majica-popek-z-napisom-supermami-36\\\/#breadcrumb\"},\"inLanguage\":\"hr\",\"potentialAction\":[{\"@type\":\"ReadAction\",\"target\":[\"https:\\\/\\\/ajatutaja.com\\\/izdelek\\\/majica-popek-z-napisom-supermami-36\\\/\"]}]},{\"@type\":\"ImageObject\",\"inLanguage\":\"hr\",\"@id\":\"https:\\\/\\\/ajatutaja.com\\\/izdelek\\\/majica-popek-z-napisom-supermami-36\\\/#primaryimage\",\"url\":\"https:\\\/\\\/ajatutaja.com\\\/wp-content\\\/uploads\\\/2022\\\/04\\\/Majica-popek-supermami-rumena-outlet.jpg\",\"contentUrl\":\"https:\\\/\\\/ajatutaja.com\\\/wp-content\\\/uploads\\\/2022\\\/04\\\/Majica-popek-supermami-rumena-outlet.jpg\",\"width\":641,\"height\":960},{\"@type\":\"BreadcrumbList\",\"@id\":\"https:\\\/\\\/ajatutaja.com\\\/izdelek\\\/majica-popek-z-napisom-supermami-36\\\/#breadcrumb\",\"itemListElement\":[{\"@type\":\"ListItem\",\"position\":1,\"name\":\"Home\",\"item\":\"https:\\\/\\\/ajatutaja.com\\\/hr\\\/\"},{\"@type\":\"ListItem\",\"position\":2,\"name\":\"Trgovina\",\"item\":\"https:\\\/\\\/ajatutaja.com\\\/hr\\\/trgovina\\\/\"},{\"@type\":\"ListItem\",\"position\":3,\"name\":\"Majica Popek z napisom &#8220;Supermami&#8221; (36)\"}]},{\"@type\":\"WebSite\",\"@id\":\"https:\\\/\\\/ajatutaja.com\\\/#website\",\"url\":\"https:\\\/\\\/ajatutaja.com\\\/\",\"name\":\"Ajatutaja\",\"description\":\"Otro\u0161ka spletna trgovina AJATUTAJA\",\"publisher\":{\"@id\":\"https:\\\/\\\/ajatutaja.com\\\/#organization\"},\"potentialAction\":[{\"@type\":\"SearchAction\",\"target\":{\"@type\":\"EntryPoint\",\"urlTemplate\":\"https:\\\/\\\/ajatutaja.com\\\/?s={search_term_string}\"},\"query-input\":{\"@type\":\"PropertyValueSpecification\",\"valueRequired\":true,\"valueName\":\"search_term_string\"}}],\"inLanguage\":\"hr\"},{\"@type\":\"Organization\",\"@id\":\"https:\\\/\\\/ajatutaja.com\\\/#organization\",\"name\":\"Ajatutaja\",\"url\":\"https:\\\/\\\/ajatutaja.com\\\/\",\"logo\":{\"@type\":\"ImageObject\",\"inLanguage\":\"hr\",\"@id\":\"https:\\\/\\\/ajatutaja.com\\\/#\\\/schema\\\/logo\\\/image\\\/\",\"url\":\"https:\\\/\\\/ajatutaja.com\\\/wp-content\\\/uploads\\\/2021\\\/10\\\/logo.png\",\"contentUrl\":\"https:\\\/\\\/ajatutaja.com\\\/wp-content\\\/uploads\\\/2021\\\/10\\\/logo.png\",\"width\":555,\"height\":150,\"caption\":\"Ajatutaja\"},\"image\":{\"@id\":\"https:\\\/\\\/ajatutaja.com\\\/#\\\/schema\\\/logo\\\/image\\\/\"}}]}<\/script>\n<!-- \/ Yoast SEO plugin. -->","yoast_head_json":{"title":"Majica Popek z napisom \"Supermami\" (36) | Ajatutaja","description":"Ljubka majica v rumeni barvi z napisom Supermami je zelo raztegljiva in krojena tako, da se lepo prilagodi rasti trebu\u0161\u010dka.","robots":{"index":"index","follow":"follow","max-snippet":"max-snippet:-1","max-image-preview":"max-image-preview:large","max-video-preview":"max-video-preview:-1"},"canonical":"https:\/\/ajatutaja.com\/izdelek\/majica-popek-z-napisom-supermami-36\/","og_locale":"hr_HR","og_type":"article","og_title":"Majica Popek z napisom \"Supermami\" (36) | Ajatutaja","og_description":"Ljubka majica v rumeni barvi z napisom Supermami je zelo raztegljiva in krojena tako, da se lepo prilagodi rasti trebu\u0161\u010dka.","og_url":"https:\/\/ajatutaja.com\/izdelek\/majica-popek-z-napisom-supermami-36\/","og_site_name":"Ajatutaja","article_modified_time":"2025-04-09T14:53:41+00:00","og_image":[{"width":641,"height":960,"url":"https:\/\/ajatutaja.com\/wp-content\/uploads\/2022\/04\/Majica-popek-supermami-rumena-outlet.jpg","type":"image\/jpeg"}],"twitter_card":"summary_large_image","twitter_misc":{"Procijenjeno vrijeme \u010ditanja":"1 minuta"},"schema":{"@context":"https:\/\/schema.org","@graph":[{"@type":"WebPage","@id":"https:\/\/ajatutaja.com\/izdelek\/majica-popek-z-napisom-supermami-36\/","url":"https:\/\/ajatutaja.com\/izdelek\/majica-popek-z-napisom-supermami-36\/","name":"Majica Popek z napisom \"Supermami\" (36) | Ajatutaja","isPartOf":{"@id":"https:\/\/ajatutaja.com\/#website"},"primaryImageOfPage":{"@id":"https:\/\/ajatutaja.com\/izdelek\/majica-popek-z-napisom-supermami-36\/#primaryimage"},"image":{"@id":"https:\/\/ajatutaja.com\/izdelek\/majica-popek-z-napisom-supermami-36\/#primaryimage"},"thumbnailUrl":"https:\/\/ajatutaja.com\/wp-content\/uploads\/2022\/04\/Majica-popek-supermami-rumena-outlet.jpg","datePublished":"2022-10-24T08:42:18+00:00","dateModified":"2025-04-09T14:53:41+00:00","description":"Ljubka majica v rumeni barvi z napisom Supermami je zelo raztegljiva in krojena tako, da se lepo prilagodi rasti trebu\u0161\u010dka.","breadcrumb":{"@id":"https:\/\/ajatutaja.com\/izdelek\/majica-popek-z-napisom-supermami-36\/#breadcrumb"},"inLanguage":"hr","potentialAction":[{"@type":"ReadAction","target":["https:\/\/ajatutaja.com\/izdelek\/majica-popek-z-napisom-supermami-36\/"]}]},{"@type":"ImageObject","inLanguage":"hr","@id":"https:\/\/ajatutaja.com\/izdelek\/majica-popek-z-napisom-supermami-36\/#primaryimage","url":"https:\/\/ajatutaja.com\/wp-content\/uploads\/2022\/04\/Majica-popek-supermami-rumena-outlet.jpg","contentUrl":"https:\/\/ajatutaja.com\/wp-content\/uploads\/2022\/04\/Majica-popek-supermami-rumena-outlet.jpg","width":641,"height":960},{"@type":"BreadcrumbList","@id":"https:\/\/ajatutaja.com\/izdelek\/majica-popek-z-napisom-supermami-36\/#breadcrumb","itemListElement":[{"@type":"ListItem","position":1,"name":"Home","item":"https:\/\/ajatutaja.com\/hr\/"},{"@type":"ListItem","position":2,"name":"Trgovina","item":"https:\/\/ajatutaja.com\/hr\/trgovina\/"},{"@type":"ListItem","position":3,"name":"Majica Popek z napisom &#8220;Supermami&#8221; (36)"}]},{"@type":"WebSite","@id":"https:\/\/ajatutaja.com\/#website","url":"https:\/\/ajatutaja.com\/","name":"Ajatutaja","description":"Otro\u0161ka spletna trgovina AJATUTAJA","publisher":{"@id":"https:\/\/ajatutaja.com\/#organization"},"potentialAction":[{"@type":"SearchAction","target":{"@type":"EntryPoint","urlTemplate":"https:\/\/ajatutaja.com\/?s={search_term_string}"},"query-input":{"@type":"PropertyValueSpecification","valueRequired":true,"valueName":"search_term_string"}}],"inLanguage":"hr"},{"@type":"Organization","@id":"https:\/\/ajatutaja.com\/#organization","name":"Ajatutaja","url":"https:\/\/ajatutaja.com\/","logo":{"@type":"ImageObject","inLanguage":"hr","@id":"https:\/\/ajatutaja.com\/#\/schema\/logo\/image\/","url":"https:\/\/ajatutaja.com\/wp-content\/uploads\/2021\/10\/logo.png","contentUrl":"https:\/\/ajatutaja.com\/wp-content\/uploads\/2021\/10\/logo.png","width":555,"height":150,"caption":"Ajatutaja"},"image":{"@id":"https:\/\/ajatutaja.com\/#\/schema\/logo\/image\/"}}]}},"brands":[{"id":2267,"name":"Nose\u010dnost","slug":"nosecnost"},{"id":2270,"name":"Popek","slug":"popek"}],"_links":{"self":[{"href":"https:\/\/ajatutaja.com\/hr\/wp-json\/wp\/v2\/product\/69580","targetHints":{"allow":["GET"]}}],"collection":[{"href":"https:\/\/ajatutaja.com\/hr\/wp-json\/wp\/v2\/product"}],"about":[{"href":"https:\/\/ajatutaja.com\/hr\/wp-json\/wp\/v2\/types\/product"}],"wp:featuredmedia":[{"embeddable":true,"href":"https:\/\/ajatutaja.com\/hr\/wp-json\/wp\/v2\/media\/69558"}],"wp:attachment":[{"href":"https:\/\/ajatutaja.com\/hr\/wp-json\/wp\/v2\/media?parent=69580"}],"wp:term":[{"taxonomy":"pwb-brand","embeddable":true,"href":"https:\/\/ajatutaja.com\/hr\/wp-json\/wp\/v2\/pwb-brand?post=69580"},{"taxonomy":"product_brand","embeddable":true,"href":"https:\/\/ajatutaja.com\/hr\/wp-json\/wp\/v2\/product_brand?post=69580"},{"taxonomy":"product_cat","embeddable":true,"href":"https:\/\/ajatutaja.com\/hr\/wp-json\/wp\/v2\/product_cat?post=69580"},{"taxonomy":"product_tag","embeddable":true,"href":"https:\/\/ajatutaja.com\/hr\/wp-json\/wp\/v2\/product_tag?post=69580"}],"curies":[{"name":"wp","href":"https:\/\/api.w.org\/{rel}","templated":true}]}}