{"id":69495,"date":"2024-10-16T16:30:14","date_gmt":"2024-10-16T14:30:14","guid":{"rendered":"https:\/\/ajatutaja.com\/?post_type=product&#038;p=69495"},"modified":"2026-03-13T14:55:34","modified_gmt":"2026-03-13T13:55:34","slug":"little-dutch-aktivnostna-srnica-fairy-garden","status":"publish","type":"product","link":"https:\/\/ajatutaja.com\/hr\/proizvod\/little-dutch-aktivnostna-srnica-fairy-garden\/","title":{"rendered":"Little Dutch Aktivnostna srnica Fairy Garden"},"content":{"rendered":"<p>[vc_row][vc_column][vc_column_text]Nizozemski proizvajalec Little Dutch izdeluje brez\u010dasne igra\u010de visoke kakovosti, z elegantnimi barvami, odtisi in ilustracijami. Vsi izdelki so skladni z evropskimi direktivami in se proizvajajo brez dela otrok in na dru\u017ebeno odgovoren na\u010din.<\/p>\n<h3>Lastnosti aktivnostne srnice Little Dutch:<\/h3>\n<ul>\n<li>Material: 100% poliester<\/li>\n<li>Starost: 0m+<\/li>\n<li>Dimenzije: 25 x 22 x 27 cm<\/li>\n<\/ul>\n<p>Varno za otroke \u2013 izdelek je skladen z evropsko uredbo REACH in evropsko direktivo EN-71.[\/vc_column_text][\/vc_column][\/vc_row]<\/p>\n","protected":false},"excerpt":{"rendered":"<p id=\"tw-target-text\" dir=\"ltr\" data-placeholder=\"Prevod\" data-ved=\"2ahUKEwjcmJCcpPCBAxWdSPEDHRV9AfAQ3ewLegQIBhAQ\"><span lang=\"sl\">Ljubka aktivnostna pli\u0161asta igra\u010dka Srnica blagovne znamke Little Dutch iz kolekcija Fairy Garden prevzame vsakega dojen\u010dka. Na njenem ramenu je pisan metulj, ropotajo\u010d zvok, ogledalo in ropotuljica, ter nalepke in ro\u017ee, ki se jih je mogo\u010de dotakniti in ob\u010dutiti, pa zagotavljajo ure in ure zabave.<br \/>\n<\/span><\/p>\n","protected":false},"featured_media":69496,"template":"","meta":[],"pwb-brand":[2452,2457],"product_brand":[],"product_cat":[3986,2441,5072,2610,2716,2713,2362,5064],"product_tag":[5614,4002],"class_list":{"0":"post-69495","1":"product","2":"type-product","3":"status-publish","4":"has-post-thumbnail","6":"pwb-brand-igranje","7":"pwb-brand-little-dutch-igra","8":"product_cat-novorojencek-igrace","9":"product_cat-aktivnostne-igrace","10":"product_cat-bozicna-darila","11":"product_cat-darila","12":"product_cat-darilo-do-30e","13":"product_cat-darilo-za-deklico","14":"product_cat-igranje","15":"product_cat-mehke-in-plisaste-igrace","16":"product_tag-fairy-garden","17":"product_tag-little-dutch","19":"first","20":"instock","21":"taxable","22":"shipping-taxable","23":"purchasable","24":"product-type-simple","25":"add-to-wishlist-before_image"},"yoast_head":"<!-- This site is optimized with the Yoast SEO plugin v27.3 - https:\/\/yoast.com\/product\/yoast-seo-wordpress\/ -->\n<title>Little Dutch Aktivnostna srnica Fairy Garden | Ajatutaja<\/title>\n<meta name=\"description\" content=\"Ljubka aktivnostna pli\u0161asta igra\u010dka Srnica blagovne znamke Little Dutch iz kolekcija Fairy Garden prevzame vsakega dojen\u010dka.\" \/>\n<meta name=\"robots\" content=\"index, follow, max-snippet:-1, max-image-preview:large, max-video-preview:-1\" \/>\n<link rel=\"canonical\" href=\"https:\/\/ajatutaja.com\/izdelek\/little-dutch-aktivnostna-srnica-fairy-garden\/\" \/>\n<meta property=\"og:locale\" content=\"hr_HR\" \/>\n<meta property=\"og:type\" content=\"article\" \/>\n<meta property=\"og:title\" content=\"Little Dutch Aktivnostna srnica Fairy Garden | Ajatutaja\" \/>\n<meta property=\"og:description\" content=\"Ljubka aktivnostna pli\u0161asta igra\u010dka Srnica blagovne znamke Little Dutch iz kolekcija Fairy Garden prevzame vsakega dojen\u010dka.\" \/>\n<meta property=\"og:url\" content=\"https:\/\/ajatutaja.com\/izdelek\/little-dutch-aktivnostna-srnica-fairy-garden\/\" \/>\n<meta property=\"og:site_name\" content=\"Ajatutaja\" \/>\n<meta property=\"article:modified_time\" content=\"2026-03-13T13:55:34+00:00\" \/>\n<meta property=\"og:image\" content=\"https:\/\/ajatutaja.com\/wp-content\/uploads\/2024\/10\/aktivnostna-srnica-little-dutch-1.jpg\" \/>\n\t<meta property=\"og:image:width\" content=\"1021\" \/>\n\t<meta property=\"og:image:height\" content=\"1021\" \/>\n\t<meta property=\"og:image:type\" content=\"image\/jpeg\" \/>\n<meta name=\"twitter:card\" content=\"summary_large_image\" \/>\n<script type=\"application\/ld+json\" class=\"yoast-schema-graph\">{\"@context\":\"https:\\\/\\\/schema.org\",\"@graph\":[{\"@type\":\"WebPage\",\"@id\":\"https:\\\/\\\/ajatutaja.com\\\/izdelek\\\/little-dutch-aktivnostna-srnica-fairy-garden\\\/\",\"url\":\"https:\\\/\\\/ajatutaja.com\\\/izdelek\\\/little-dutch-aktivnostna-srnica-fairy-garden\\\/\",\"name\":\"Little Dutch Aktivnostna srnica Fairy Garden | Ajatutaja\",\"isPartOf\":{\"@id\":\"https:\\\/\\\/ajatutaja.com\\\/#website\"},\"primaryImageOfPage\":{\"@id\":\"https:\\\/\\\/ajatutaja.com\\\/izdelek\\\/little-dutch-aktivnostna-srnica-fairy-garden\\\/#primaryimage\"},\"image\":{\"@id\":\"https:\\\/\\\/ajatutaja.com\\\/izdelek\\\/little-dutch-aktivnostna-srnica-fairy-garden\\\/#primaryimage\"},\"thumbnailUrl\":\"https:\\\/\\\/ajatutaja.com\\\/wp-content\\\/uploads\\\/2024\\\/10\\\/aktivnostna-srnica-little-dutch-1.jpg\",\"datePublished\":\"2024-10-16T14:30:14+00:00\",\"dateModified\":\"2026-03-13T13:55:34+00:00\",\"description\":\"Ljubka aktivnostna pli\u0161asta igra\u010dka Srnica blagovne znamke Little Dutch iz kolekcija Fairy Garden prevzame vsakega dojen\u010dka.\",\"breadcrumb\":{\"@id\":\"https:\\\/\\\/ajatutaja.com\\\/izdelek\\\/little-dutch-aktivnostna-srnica-fairy-garden\\\/#breadcrumb\"},\"inLanguage\":\"hr\",\"potentialAction\":[{\"@type\":\"ReadAction\",\"target\":[\"https:\\\/\\\/ajatutaja.com\\\/izdelek\\\/little-dutch-aktivnostna-srnica-fairy-garden\\\/\"]}]},{\"@type\":\"ImageObject\",\"inLanguage\":\"hr\",\"@id\":\"https:\\\/\\\/ajatutaja.com\\\/izdelek\\\/little-dutch-aktivnostna-srnica-fairy-garden\\\/#primaryimage\",\"url\":\"https:\\\/\\\/ajatutaja.com\\\/wp-content\\\/uploads\\\/2024\\\/10\\\/aktivnostna-srnica-little-dutch-1.jpg\",\"contentUrl\":\"https:\\\/\\\/ajatutaja.com\\\/wp-content\\\/uploads\\\/2024\\\/10\\\/aktivnostna-srnica-little-dutch-1.jpg\",\"width\":1021,\"height\":1021},{\"@type\":\"BreadcrumbList\",\"@id\":\"https:\\\/\\\/ajatutaja.com\\\/izdelek\\\/little-dutch-aktivnostna-srnica-fairy-garden\\\/#breadcrumb\",\"itemListElement\":[{\"@type\":\"ListItem\",\"position\":1,\"name\":\"Home\",\"item\":\"https:\\\/\\\/ajatutaja.com\\\/hr\\\/\"},{\"@type\":\"ListItem\",\"position\":2,\"name\":\"Trgovina\",\"item\":\"https:\\\/\\\/ajatutaja.com\\\/hr\\\/trgovina\\\/\"},{\"@type\":\"ListItem\",\"position\":3,\"name\":\"Little Dutch Aktivnostna srnica Fairy Garden\"}]},{\"@type\":\"WebSite\",\"@id\":\"https:\\\/\\\/ajatutaja.com\\\/#website\",\"url\":\"https:\\\/\\\/ajatutaja.com\\\/\",\"name\":\"Ajatutaja\",\"description\":\"Otro\u0161ka spletna trgovina AJATUTAJA\",\"publisher\":{\"@id\":\"https:\\\/\\\/ajatutaja.com\\\/#organization\"},\"potentialAction\":[{\"@type\":\"SearchAction\",\"target\":{\"@type\":\"EntryPoint\",\"urlTemplate\":\"https:\\\/\\\/ajatutaja.com\\\/?s={search_term_string}\"},\"query-input\":{\"@type\":\"PropertyValueSpecification\",\"valueRequired\":true,\"valueName\":\"search_term_string\"}}],\"inLanguage\":\"hr\"},{\"@type\":\"Organization\",\"@id\":\"https:\\\/\\\/ajatutaja.com\\\/#organization\",\"name\":\"Ajatutaja\",\"url\":\"https:\\\/\\\/ajatutaja.com\\\/\",\"logo\":{\"@type\":\"ImageObject\",\"inLanguage\":\"hr\",\"@id\":\"https:\\\/\\\/ajatutaja.com\\\/#\\\/schema\\\/logo\\\/image\\\/\",\"url\":\"https:\\\/\\\/ajatutaja.com\\\/wp-content\\\/uploads\\\/2021\\\/10\\\/logo.png\",\"contentUrl\":\"https:\\\/\\\/ajatutaja.com\\\/wp-content\\\/uploads\\\/2021\\\/10\\\/logo.png\",\"width\":555,\"height\":150,\"caption\":\"Ajatutaja\"},\"image\":{\"@id\":\"https:\\\/\\\/ajatutaja.com\\\/#\\\/schema\\\/logo\\\/image\\\/\"}}]}<\/script>\n<!-- \/ Yoast SEO plugin. -->","yoast_head_json":{"title":"Little Dutch Aktivnostna srnica Fairy Garden | Ajatutaja","description":"Ljubka aktivnostna pli\u0161asta igra\u010dka Srnica blagovne znamke Little Dutch iz kolekcija Fairy Garden prevzame vsakega dojen\u010dka.","robots":{"index":"index","follow":"follow","max-snippet":"max-snippet:-1","max-image-preview":"max-image-preview:large","max-video-preview":"max-video-preview:-1"},"canonical":"https:\/\/ajatutaja.com\/izdelek\/little-dutch-aktivnostna-srnica-fairy-garden\/","og_locale":"hr_HR","og_type":"article","og_title":"Little Dutch Aktivnostna srnica Fairy Garden | Ajatutaja","og_description":"Ljubka aktivnostna pli\u0161asta igra\u010dka Srnica blagovne znamke Little Dutch iz kolekcija Fairy Garden prevzame vsakega dojen\u010dka.","og_url":"https:\/\/ajatutaja.com\/izdelek\/little-dutch-aktivnostna-srnica-fairy-garden\/","og_site_name":"Ajatutaja","article_modified_time":"2026-03-13T13:55:34+00:00","og_image":[{"width":1021,"height":1021,"url":"https:\/\/ajatutaja.com\/wp-content\/uploads\/2024\/10\/aktivnostna-srnica-little-dutch-1.jpg","type":"image\/jpeg"}],"twitter_card":"summary_large_image","schema":{"@context":"https:\/\/schema.org","@graph":[{"@type":"WebPage","@id":"https:\/\/ajatutaja.com\/izdelek\/little-dutch-aktivnostna-srnica-fairy-garden\/","url":"https:\/\/ajatutaja.com\/izdelek\/little-dutch-aktivnostna-srnica-fairy-garden\/","name":"Little Dutch Aktivnostna srnica Fairy Garden | Ajatutaja","isPartOf":{"@id":"https:\/\/ajatutaja.com\/#website"},"primaryImageOfPage":{"@id":"https:\/\/ajatutaja.com\/izdelek\/little-dutch-aktivnostna-srnica-fairy-garden\/#primaryimage"},"image":{"@id":"https:\/\/ajatutaja.com\/izdelek\/little-dutch-aktivnostna-srnica-fairy-garden\/#primaryimage"},"thumbnailUrl":"https:\/\/ajatutaja.com\/wp-content\/uploads\/2024\/10\/aktivnostna-srnica-little-dutch-1.jpg","datePublished":"2024-10-16T14:30:14+00:00","dateModified":"2026-03-13T13:55:34+00:00","description":"Ljubka aktivnostna pli\u0161asta igra\u010dka Srnica blagovne znamke Little Dutch iz kolekcija Fairy Garden prevzame vsakega dojen\u010dka.","breadcrumb":{"@id":"https:\/\/ajatutaja.com\/izdelek\/little-dutch-aktivnostna-srnica-fairy-garden\/#breadcrumb"},"inLanguage":"hr","potentialAction":[{"@type":"ReadAction","target":["https:\/\/ajatutaja.com\/izdelek\/little-dutch-aktivnostna-srnica-fairy-garden\/"]}]},{"@type":"ImageObject","inLanguage":"hr","@id":"https:\/\/ajatutaja.com\/izdelek\/little-dutch-aktivnostna-srnica-fairy-garden\/#primaryimage","url":"https:\/\/ajatutaja.com\/wp-content\/uploads\/2024\/10\/aktivnostna-srnica-little-dutch-1.jpg","contentUrl":"https:\/\/ajatutaja.com\/wp-content\/uploads\/2024\/10\/aktivnostna-srnica-little-dutch-1.jpg","width":1021,"height":1021},{"@type":"BreadcrumbList","@id":"https:\/\/ajatutaja.com\/izdelek\/little-dutch-aktivnostna-srnica-fairy-garden\/#breadcrumb","itemListElement":[{"@type":"ListItem","position":1,"name":"Home","item":"https:\/\/ajatutaja.com\/hr\/"},{"@type":"ListItem","position":2,"name":"Trgovina","item":"https:\/\/ajatutaja.com\/hr\/trgovina\/"},{"@type":"ListItem","position":3,"name":"Little Dutch Aktivnostna srnica Fairy Garden"}]},{"@type":"WebSite","@id":"https:\/\/ajatutaja.com\/#website","url":"https:\/\/ajatutaja.com\/","name":"Ajatutaja","description":"Otro\u0161ka spletna trgovina AJATUTAJA","publisher":{"@id":"https:\/\/ajatutaja.com\/#organization"},"potentialAction":[{"@type":"SearchAction","target":{"@type":"EntryPoint","urlTemplate":"https:\/\/ajatutaja.com\/?s={search_term_string}"},"query-input":{"@type":"PropertyValueSpecification","valueRequired":true,"valueName":"search_term_string"}}],"inLanguage":"hr"},{"@type":"Organization","@id":"https:\/\/ajatutaja.com\/#organization","name":"Ajatutaja","url":"https:\/\/ajatutaja.com\/","logo":{"@type":"ImageObject","inLanguage":"hr","@id":"https:\/\/ajatutaja.com\/#\/schema\/logo\/image\/","url":"https:\/\/ajatutaja.com\/wp-content\/uploads\/2021\/10\/logo.png","contentUrl":"https:\/\/ajatutaja.com\/wp-content\/uploads\/2021\/10\/logo.png","width":555,"height":150,"caption":"Ajatutaja"},"image":{"@id":"https:\/\/ajatutaja.com\/#\/schema\/logo\/image\/"}}]}},"brands":[{"id":2452,"name":"Igranje","slug":"igranje"},{"id":2457,"name":"Little Dutch","slug":"little-dutch-igra"}],"_links":{"self":[{"href":"https:\/\/ajatutaja.com\/hr\/wp-json\/wp\/v2\/product\/69495","targetHints":{"allow":["GET"]}}],"collection":[{"href":"https:\/\/ajatutaja.com\/hr\/wp-json\/wp\/v2\/product"}],"about":[{"href":"https:\/\/ajatutaja.com\/hr\/wp-json\/wp\/v2\/types\/product"}],"wp:featuredmedia":[{"embeddable":true,"href":"https:\/\/ajatutaja.com\/hr\/wp-json\/wp\/v2\/media\/69496"}],"wp:attachment":[{"href":"https:\/\/ajatutaja.com\/hr\/wp-json\/wp\/v2\/media?parent=69495"}],"wp:term":[{"taxonomy":"pwb-brand","embeddable":true,"href":"https:\/\/ajatutaja.com\/hr\/wp-json\/wp\/v2\/pwb-brand?post=69495"},{"taxonomy":"product_brand","embeddable":true,"href":"https:\/\/ajatutaja.com\/hr\/wp-json\/wp\/v2\/product_brand?post=69495"},{"taxonomy":"product_cat","embeddable":true,"href":"https:\/\/ajatutaja.com\/hr\/wp-json\/wp\/v2\/product_cat?post=69495"},{"taxonomy":"product_tag","embeddable":true,"href":"https:\/\/ajatutaja.com\/hr\/wp-json\/wp\/v2\/product_tag?post=69495"}],"curies":[{"name":"wp","href":"https:\/\/api.w.org\/{rel}","templated":true}]}}