{"id":69494,"date":"2024-10-18T14:01:27","date_gmt":"2024-10-18T12:01:27","guid":{"rendered":"https:\/\/ajatutaja.com\/?post_type=product&#038;p=69494"},"modified":"2026-04-16T16:32:48","modified_gmt":"2026-04-16T14:32:48","slug":"dojencica-puncka-noa-little-dutch","status":"publish","type":"product","link":"https:\/\/ajatutaja.com\/hr\/proizvod\/dojencica-puncka-noa-little-dutch\/","title":{"rendered":"Dojen\u010dica \/ pun\u010dka Noa Little Dutch"},"content":{"rendered":"<p>[vc_row][vc_column][vc_column_text]Little Dutch izdeluje brez\u010dasne igra\u010de visoke kakovosti, z elegantnimi barvami, odtisi in ilustracijami. Vsi izdelki so skladni z evropskimi direktivami in se proizvajajo brez dela otrok in na dru\u017ebeno odgovoren na\u010din.<\/p>\n<h3>Lastnosti dojen\u010dice \/ pun\u010dke Noa:<\/h3>\n<ul>\n<li>Velikost pun\u010dke:\u00a024&#215;36,5&#215;12 cm<\/li>\n<li>Material: 100% poliester<\/li>\n<li>Vzdr\u017eevanje: \u010cistite z vla\u017eno krpo<\/li>\n<li>Priporo\u010dljiva starost: 18+ mesecev<\/li>\n<\/ul>\n<p>[\/vc_column_text][\/vc_column][\/vc_row]<\/p>\n","protected":false},"excerpt":{"rendered":"<p>Dojen\u010dica Noa je \u010dudovita pun\u010dka z mehkim telesom, ki jo lahko otrok objame in stisne k sebi. Otroci radi posnemajo vse, kar po\u010dnejo njihovi star\u0161i in ta otro\u0161ka pun\u010dka bo navdihnila va\u0161ega mal\u010dka, da se vklju\u010di v igro vlog. Preobla\u010denje pun\u010dke spodbuja fino motoriko, duda in stekleni\u010dka za mleko pa dodata element interaktivne igre.<\/p>\n","protected":false},"featured_media":69502,"template":"","meta":[],"pwb-brand":[2452,2457],"product_brand":[],"product_cat":[3990,5072,2716,2713,2362,2448,5064],"product_tag":[4002],"class_list":{"0":"post-69494","1":"product","2":"type-product","3":"status-publish","4":"has-post-thumbnail","6":"pwb-brand-igranje","7":"pwb-brand-little-dutch-igra","8":"product_cat-18-mesecev-igrace","9":"product_cat-bozicna-darila","10":"product_cat-darilo-do-30e","11":"product_cat-darilo-za-deklico","12":"product_cat-igranje","13":"product_cat-igranje-vlog","14":"product_cat-mehke-in-plisaste-igrace","15":"product_tag-little-dutch","17":"first","18":"instock","19":"taxable","20":"shipping-taxable","21":"purchasable","22":"product-type-simple","23":"add-to-wishlist-before_image"},"yoast_head":"<!-- This site is optimized with the Yoast SEO plugin v27.3 - https:\/\/yoast.com\/product\/yoast-seo-wordpress\/ -->\n<title>Dojen\u010dica \/ pun\u010dka Noa Little Dutch | Ajatutaja<\/title>\n<meta name=\"description\" content=\"Dojen\u010dica Noa je \u010dudovita pun\u010dka z mehkim telesom, ki jo lahko otrok objame in stisne k sebi. Otroci radi posnemajo vse, kar po\u010dnejo njihovi star\u0161i in ta otro\u0161ka pun\u010dka bo navdihnila va\u0161ega mal\u010dka, da se vklju\u010di v igro vlog\" \/>\n<meta name=\"robots\" content=\"index, follow, max-snippet:-1, max-image-preview:large, max-video-preview:-1\" \/>\n<link rel=\"canonical\" href=\"https:\/\/ajatutaja.com\/izdelek\/dojencica-puncka-noa-little-dutch\/\" \/>\n<meta property=\"og:locale\" content=\"hr_HR\" \/>\n<meta property=\"og:type\" content=\"article\" \/>\n<meta property=\"og:title\" content=\"Dojen\u010dica \/ pun\u010dka Noa Little Dutch | Ajatutaja\" \/>\n<meta property=\"og:description\" content=\"Dojen\u010dica Noa je \u010dudovita pun\u010dka z mehkim telesom, ki jo lahko otrok objame in stisne k sebi. Otroci radi posnemajo vse, kar po\u010dnejo njihovi star\u0161i in ta otro\u0161ka pun\u010dka bo navdihnila va\u0161ega mal\u010dka, da se vklju\u010di v igro vlog\" \/>\n<meta property=\"og:url\" content=\"https:\/\/ajatutaja.com\/izdelek\/dojencica-puncka-noa-little-dutch\/\" \/>\n<meta property=\"og:site_name\" content=\"Ajatutaja\" \/>\n<meta property=\"article:modified_time\" content=\"2026-04-16T14:32:48+00:00\" \/>\n<meta property=\"og:image\" content=\"https:\/\/ajatutaja.com\/wp-content\/uploads\/2024\/10\/Little-dutch-puncka-dojencek-noa-1.jpg\" \/>\n\t<meta property=\"og:image:width\" content=\"1300\" \/>\n\t<meta property=\"og:image:height\" content=\"1300\" \/>\n\t<meta property=\"og:image:type\" content=\"image\/jpeg\" \/>\n<meta name=\"twitter:card\" content=\"summary_large_image\" \/>\n<script type=\"application\/ld+json\" class=\"yoast-schema-graph\">{\"@context\":\"https:\\\/\\\/schema.org\",\"@graph\":[{\"@type\":\"WebPage\",\"@id\":\"https:\\\/\\\/ajatutaja.com\\\/izdelek\\\/dojencica-puncka-noa-little-dutch\\\/\",\"url\":\"https:\\\/\\\/ajatutaja.com\\\/izdelek\\\/dojencica-puncka-noa-little-dutch\\\/\",\"name\":\"Dojen\u010dica \\\/ pun\u010dka Noa Little Dutch | Ajatutaja\",\"isPartOf\":{\"@id\":\"https:\\\/\\\/ajatutaja.com\\\/#website\"},\"primaryImageOfPage\":{\"@id\":\"https:\\\/\\\/ajatutaja.com\\\/izdelek\\\/dojencica-puncka-noa-little-dutch\\\/#primaryimage\"},\"image\":{\"@id\":\"https:\\\/\\\/ajatutaja.com\\\/izdelek\\\/dojencica-puncka-noa-little-dutch\\\/#primaryimage\"},\"thumbnailUrl\":\"https:\\\/\\\/ajatutaja.com\\\/wp-content\\\/uploads\\\/2024\\\/10\\\/Little-dutch-puncka-dojencek-noa-1.jpg\",\"datePublished\":\"2024-10-18T12:01:27+00:00\",\"dateModified\":\"2026-04-16T14:32:48+00:00\",\"description\":\"Dojen\u010dica Noa je \u010dudovita pun\u010dka z mehkim telesom, ki jo lahko otrok objame in stisne k sebi. Otroci radi posnemajo vse, kar po\u010dnejo njihovi star\u0161i in ta otro\u0161ka pun\u010dka bo navdihnila va\u0161ega mal\u010dka, da se vklju\u010di v igro vlog\",\"breadcrumb\":{\"@id\":\"https:\\\/\\\/ajatutaja.com\\\/izdelek\\\/dojencica-puncka-noa-little-dutch\\\/#breadcrumb\"},\"inLanguage\":\"hr\",\"potentialAction\":[{\"@type\":\"ReadAction\",\"target\":[\"https:\\\/\\\/ajatutaja.com\\\/izdelek\\\/dojencica-puncka-noa-little-dutch\\\/\"]}]},{\"@type\":\"ImageObject\",\"inLanguage\":\"hr\",\"@id\":\"https:\\\/\\\/ajatutaja.com\\\/izdelek\\\/dojencica-puncka-noa-little-dutch\\\/#primaryimage\",\"url\":\"https:\\\/\\\/ajatutaja.com\\\/wp-content\\\/uploads\\\/2024\\\/10\\\/Little-dutch-puncka-dojencek-noa-1.jpg\",\"contentUrl\":\"https:\\\/\\\/ajatutaja.com\\\/wp-content\\\/uploads\\\/2024\\\/10\\\/Little-dutch-puncka-dojencek-noa-1.jpg\",\"width\":1300,\"height\":1300},{\"@type\":\"BreadcrumbList\",\"@id\":\"https:\\\/\\\/ajatutaja.com\\\/izdelek\\\/dojencica-puncka-noa-little-dutch\\\/#breadcrumb\",\"itemListElement\":[{\"@type\":\"ListItem\",\"position\":1,\"name\":\"Home\",\"item\":\"https:\\\/\\\/ajatutaja.com\\\/hr\\\/\"},{\"@type\":\"ListItem\",\"position\":2,\"name\":\"Trgovina\",\"item\":\"https:\\\/\\\/ajatutaja.com\\\/hr\\\/trgovina\\\/\"},{\"@type\":\"ListItem\",\"position\":3,\"name\":\"Dojen\u010dica \\\/ pun\u010dka Noa Little Dutch\"}]},{\"@type\":\"WebSite\",\"@id\":\"https:\\\/\\\/ajatutaja.com\\\/#website\",\"url\":\"https:\\\/\\\/ajatutaja.com\\\/\",\"name\":\"Ajatutaja\",\"description\":\"Otro\u0161ka spletna trgovina AJATUTAJA\",\"publisher\":{\"@id\":\"https:\\\/\\\/ajatutaja.com\\\/#organization\"},\"potentialAction\":[{\"@type\":\"SearchAction\",\"target\":{\"@type\":\"EntryPoint\",\"urlTemplate\":\"https:\\\/\\\/ajatutaja.com\\\/?s={search_term_string}\"},\"query-input\":{\"@type\":\"PropertyValueSpecification\",\"valueRequired\":true,\"valueName\":\"search_term_string\"}}],\"inLanguage\":\"hr\"},{\"@type\":\"Organization\",\"@id\":\"https:\\\/\\\/ajatutaja.com\\\/#organization\",\"name\":\"Ajatutaja\",\"url\":\"https:\\\/\\\/ajatutaja.com\\\/\",\"logo\":{\"@type\":\"ImageObject\",\"inLanguage\":\"hr\",\"@id\":\"https:\\\/\\\/ajatutaja.com\\\/#\\\/schema\\\/logo\\\/image\\\/\",\"url\":\"https:\\\/\\\/ajatutaja.com\\\/wp-content\\\/uploads\\\/2021\\\/10\\\/logo.png\",\"contentUrl\":\"https:\\\/\\\/ajatutaja.com\\\/wp-content\\\/uploads\\\/2021\\\/10\\\/logo.png\",\"width\":555,\"height\":150,\"caption\":\"Ajatutaja\"},\"image\":{\"@id\":\"https:\\\/\\\/ajatutaja.com\\\/#\\\/schema\\\/logo\\\/image\\\/\"}}]}<\/script>\n<!-- \/ Yoast SEO plugin. -->","yoast_head_json":{"title":"Dojen\u010dica \/ pun\u010dka Noa Little Dutch | Ajatutaja","description":"Dojen\u010dica Noa je \u010dudovita pun\u010dka z mehkim telesom, ki jo lahko otrok objame in stisne k sebi. Otroci radi posnemajo vse, kar po\u010dnejo njihovi star\u0161i in ta otro\u0161ka pun\u010dka bo navdihnila va\u0161ega mal\u010dka, da se vklju\u010di v igro vlog","robots":{"index":"index","follow":"follow","max-snippet":"max-snippet:-1","max-image-preview":"max-image-preview:large","max-video-preview":"max-video-preview:-1"},"canonical":"https:\/\/ajatutaja.com\/izdelek\/dojencica-puncka-noa-little-dutch\/","og_locale":"hr_HR","og_type":"article","og_title":"Dojen\u010dica \/ pun\u010dka Noa Little Dutch | Ajatutaja","og_description":"Dojen\u010dica Noa je \u010dudovita pun\u010dka z mehkim telesom, ki jo lahko otrok objame in stisne k sebi. Otroci radi posnemajo vse, kar po\u010dnejo njihovi star\u0161i in ta otro\u0161ka pun\u010dka bo navdihnila va\u0161ega mal\u010dka, da se vklju\u010di v igro vlog","og_url":"https:\/\/ajatutaja.com\/izdelek\/dojencica-puncka-noa-little-dutch\/","og_site_name":"Ajatutaja","article_modified_time":"2026-04-16T14:32:48+00:00","og_image":[{"width":1300,"height":1300,"url":"https:\/\/ajatutaja.com\/wp-content\/uploads\/2024\/10\/Little-dutch-puncka-dojencek-noa-1.jpg","type":"image\/jpeg"}],"twitter_card":"summary_large_image","schema":{"@context":"https:\/\/schema.org","@graph":[{"@type":"WebPage","@id":"https:\/\/ajatutaja.com\/izdelek\/dojencica-puncka-noa-little-dutch\/","url":"https:\/\/ajatutaja.com\/izdelek\/dojencica-puncka-noa-little-dutch\/","name":"Dojen\u010dica \/ pun\u010dka Noa Little Dutch | Ajatutaja","isPartOf":{"@id":"https:\/\/ajatutaja.com\/#website"},"primaryImageOfPage":{"@id":"https:\/\/ajatutaja.com\/izdelek\/dojencica-puncka-noa-little-dutch\/#primaryimage"},"image":{"@id":"https:\/\/ajatutaja.com\/izdelek\/dojencica-puncka-noa-little-dutch\/#primaryimage"},"thumbnailUrl":"https:\/\/ajatutaja.com\/wp-content\/uploads\/2024\/10\/Little-dutch-puncka-dojencek-noa-1.jpg","datePublished":"2024-10-18T12:01:27+00:00","dateModified":"2026-04-16T14:32:48+00:00","description":"Dojen\u010dica Noa je \u010dudovita pun\u010dka z mehkim telesom, ki jo lahko otrok objame in stisne k sebi. Otroci radi posnemajo vse, kar po\u010dnejo njihovi star\u0161i in ta otro\u0161ka pun\u010dka bo navdihnila va\u0161ega mal\u010dka, da se vklju\u010di v igro vlog","breadcrumb":{"@id":"https:\/\/ajatutaja.com\/izdelek\/dojencica-puncka-noa-little-dutch\/#breadcrumb"},"inLanguage":"hr","potentialAction":[{"@type":"ReadAction","target":["https:\/\/ajatutaja.com\/izdelek\/dojencica-puncka-noa-little-dutch\/"]}]},{"@type":"ImageObject","inLanguage":"hr","@id":"https:\/\/ajatutaja.com\/izdelek\/dojencica-puncka-noa-little-dutch\/#primaryimage","url":"https:\/\/ajatutaja.com\/wp-content\/uploads\/2024\/10\/Little-dutch-puncka-dojencek-noa-1.jpg","contentUrl":"https:\/\/ajatutaja.com\/wp-content\/uploads\/2024\/10\/Little-dutch-puncka-dojencek-noa-1.jpg","width":1300,"height":1300},{"@type":"BreadcrumbList","@id":"https:\/\/ajatutaja.com\/izdelek\/dojencica-puncka-noa-little-dutch\/#breadcrumb","itemListElement":[{"@type":"ListItem","position":1,"name":"Home","item":"https:\/\/ajatutaja.com\/hr\/"},{"@type":"ListItem","position":2,"name":"Trgovina","item":"https:\/\/ajatutaja.com\/hr\/trgovina\/"},{"@type":"ListItem","position":3,"name":"Dojen\u010dica \/ pun\u010dka Noa Little Dutch"}]},{"@type":"WebSite","@id":"https:\/\/ajatutaja.com\/#website","url":"https:\/\/ajatutaja.com\/","name":"Ajatutaja","description":"Otro\u0161ka spletna trgovina AJATUTAJA","publisher":{"@id":"https:\/\/ajatutaja.com\/#organization"},"potentialAction":[{"@type":"SearchAction","target":{"@type":"EntryPoint","urlTemplate":"https:\/\/ajatutaja.com\/?s={search_term_string}"},"query-input":{"@type":"PropertyValueSpecification","valueRequired":true,"valueName":"search_term_string"}}],"inLanguage":"hr"},{"@type":"Organization","@id":"https:\/\/ajatutaja.com\/#organization","name":"Ajatutaja","url":"https:\/\/ajatutaja.com\/","logo":{"@type":"ImageObject","inLanguage":"hr","@id":"https:\/\/ajatutaja.com\/#\/schema\/logo\/image\/","url":"https:\/\/ajatutaja.com\/wp-content\/uploads\/2021\/10\/logo.png","contentUrl":"https:\/\/ajatutaja.com\/wp-content\/uploads\/2021\/10\/logo.png","width":555,"height":150,"caption":"Ajatutaja"},"image":{"@id":"https:\/\/ajatutaja.com\/#\/schema\/logo\/image\/"}}]}},"brands":[{"id":2452,"name":"Igranje","slug":"igranje"},{"id":2457,"name":"Little Dutch","slug":"little-dutch-igra"}],"_links":{"self":[{"href":"https:\/\/ajatutaja.com\/hr\/wp-json\/wp\/v2\/product\/69494","targetHints":{"allow":["GET"]}}],"collection":[{"href":"https:\/\/ajatutaja.com\/hr\/wp-json\/wp\/v2\/product"}],"about":[{"href":"https:\/\/ajatutaja.com\/hr\/wp-json\/wp\/v2\/types\/product"}],"wp:featuredmedia":[{"embeddable":true,"href":"https:\/\/ajatutaja.com\/hr\/wp-json\/wp\/v2\/media\/69502"}],"wp:attachment":[{"href":"https:\/\/ajatutaja.com\/hr\/wp-json\/wp\/v2\/media?parent=69494"}],"wp:term":[{"taxonomy":"pwb-brand","embeddable":true,"href":"https:\/\/ajatutaja.com\/hr\/wp-json\/wp\/v2\/pwb-brand?post=69494"},{"taxonomy":"product_brand","embeddable":true,"href":"https:\/\/ajatutaja.com\/hr\/wp-json\/wp\/v2\/product_brand?post=69494"},{"taxonomy":"product_cat","embeddable":true,"href":"https:\/\/ajatutaja.com\/hr\/wp-json\/wp\/v2\/product_cat?post=69494"},{"taxonomy":"product_tag","embeddable":true,"href":"https:\/\/ajatutaja.com\/hr\/wp-json\/wp\/v2\/product_tag?post=69494"}],"curies":[{"name":"wp","href":"https:\/\/api.w.org\/{rel}","templated":true}]}}