{"id":69443,"date":"2024-10-16T16:30:19","date_gmt":"2024-10-16T14:30:19","guid":{"rendered":"https:\/\/ajatutaja.com\/?post_type=product&#038;p=69443"},"modified":"2026-03-23T14:26:33","modified_gmt":"2026-03-23T13:26:33","slug":"igraca-na-poteg-little-dutch-fairy-garden","status":"publish","type":"product","link":"https:\/\/ajatutaja.com\/hr\/proizvod\/igraca-na-poteg-little-dutch-fairy-garden\/","title":{"rendered":"Igra\u010da na poteg Little Dutch &#8211; Fairy Garden"},"content":{"rendered":"<p>[vc_row][vc_column][vc_column_text]Nizozemski proizvajalec Little Dutch izdeluje brez\u010dasne igra\u010de visoke kakovosti, z elegantnimi barvami, odtisi in ilustracijami. Vsi izdelki so skladni z evropskimi direktivami in se proizvajajo brez dela otrok in na dru\u017ebeno odgovoren na\u010din.<\/p>\n<h3>Lastnosti Igra\u010de na poteg Srnica &#8211; Little Dutch:<\/h3>\n<ul>\n<li>Material:\u00a0zunanji del: 50% bomba\u017e, 50% poliester; notranji del: 100 % poliester<\/li>\n<li>Dimenzije: 28 x 12 x 7 cm<\/li>\n<li>Starost:\u00a00+<\/li>\n<li>Melodija: Vibro<\/li>\n<li>Vzdr\u017eevanje:\u00a0igra\u010do o\u010distite le z vla\u017eno krpo<\/li>\n<\/ul>\n<p>Varno za otroke &#8211; izdelek je skladen z evropsko uredbo REACH in evropsko direktivo EN-71.[\/vc_column_text][\/vc_column][\/vc_row]<\/p>\n","protected":false},"excerpt":{"rendered":"<p>Mehka srnica iz kolekcije Fairy Garden naj postane najljub\u0161a igra\u010da va\u0161ega otroka. Potegnite vrvico in srnica se bo tresla. Ta igra\u010dka bo zaradi tresenja ostala zanimiva za igranje. Igra\u010dko lahko namestite v vozi\u010dek ali nad posteljico. Igra\u010da je lepa dekoracija za otro\u0161ko sobico ter tudi lu\u0161tno darilo za novorojen\u010dka.<\/p>\n<p>Je idealno darilo ob rojstvu ali za Baby Shower.<\/p>\n<p>&nbsp;<\/p>\n","protected":false},"featured_media":69434,"template":"","meta":[],"pwb-brand":[2452,2457],"product_brand":[],"product_cat":[3986,2710,2715,2362,2442],"product_tag":[5614,4002],"class_list":{"0":"post-69443","1":"product","2":"type-product","3":"status-publish","4":"has-post-thumbnail","6":"pwb-brand-igranje","7":"pwb-brand-little-dutch-igra","8":"product_cat-novorojencek-igrace","9":"product_cat-babyshower-darila","10":"product_cat-darilo-do-15e","11":"product_cat-igranje","12":"product_cat-senzoricne-igrace","13":"product_tag-fairy-garden","14":"product_tag-little-dutch","16":"first","17":"instock","18":"taxable","19":"shipping-taxable","20":"purchasable","21":"product-type-simple","22":"add-to-wishlist-before_image"},"yoast_head":"<!-- This site is optimized with the Yoast SEO plugin v27.3 - https:\/\/yoast.com\/product\/yoast-seo-wordpress\/ -->\n<title>Igra\u010da na poteg Little Dutch - Fairy Garden | Ajatutaja<\/title>\n<meta name=\"description\" content=\"Mehka srnica iz kolekcije Fairy Garden naj postane najljub\u0161a igra\u010da va\u0161ega otroka. Potegnite vrvico in srnica se bo tresla. Ta igra\u010dka bo zaradi tresenja ostala zanimiva za igranje.\" \/>\n<meta name=\"robots\" content=\"index, follow, max-snippet:-1, max-image-preview:large, max-video-preview:-1\" \/>\n<link rel=\"canonical\" href=\"https:\/\/ajatutaja.com\/izdelek\/igraca-na-poteg-little-dutch-fairy-garden\/\" \/>\n<meta property=\"og:locale\" content=\"hr_HR\" \/>\n<meta property=\"og:type\" content=\"article\" \/>\n<meta property=\"og:title\" content=\"Igra\u010da na poteg Little Dutch - Fairy Garden | Ajatutaja\" \/>\n<meta property=\"og:description\" content=\"Mehka srnica iz kolekcije Fairy Garden naj postane najljub\u0161a igra\u010da va\u0161ega otroka. Potegnite vrvico in srnica se bo tresla. Ta igra\u010dka bo zaradi tresenja ostala zanimiva za igranje.\" \/>\n<meta property=\"og:url\" content=\"https:\/\/ajatutaja.com\/izdelek\/igraca-na-poteg-little-dutch-fairy-garden\/\" \/>\n<meta property=\"og:site_name\" content=\"Ajatutaja\" \/>\n<meta property=\"article:modified_time\" content=\"2026-03-23T13:26:33+00:00\" \/>\n<meta property=\"og:image\" content=\"https:\/\/ajatutaja.com\/wp-content\/uploads\/2024\/10\/0-na-poteg-little-dutch-fairy-garden.jpg\" \/>\n\t<meta property=\"og:image:width\" content=\"1400\" \/>\n\t<meta property=\"og:image:height\" content=\"1400\" \/>\n\t<meta property=\"og:image:type\" content=\"image\/jpeg\" \/>\n<meta name=\"twitter:card\" content=\"summary_large_image\" \/>\n<meta name=\"twitter:label1\" content=\"Procijenjeno vrijeme \u010ditanja\" \/>\n\t<meta name=\"twitter:data1\" content=\"1 minuta\" \/>\n<script type=\"application\/ld+json\" class=\"yoast-schema-graph\">{\"@context\":\"https:\\\/\\\/schema.org\",\"@graph\":[{\"@type\":\"WebPage\",\"@id\":\"https:\\\/\\\/ajatutaja.com\\\/izdelek\\\/igraca-na-poteg-little-dutch-fairy-garden\\\/\",\"url\":\"https:\\\/\\\/ajatutaja.com\\\/izdelek\\\/igraca-na-poteg-little-dutch-fairy-garden\\\/\",\"name\":\"Igra\u010da na poteg Little Dutch - Fairy Garden | Ajatutaja\",\"isPartOf\":{\"@id\":\"https:\\\/\\\/ajatutaja.com\\\/#website\"},\"primaryImageOfPage\":{\"@id\":\"https:\\\/\\\/ajatutaja.com\\\/izdelek\\\/igraca-na-poteg-little-dutch-fairy-garden\\\/#primaryimage\"},\"image\":{\"@id\":\"https:\\\/\\\/ajatutaja.com\\\/izdelek\\\/igraca-na-poteg-little-dutch-fairy-garden\\\/#primaryimage\"},\"thumbnailUrl\":\"https:\\\/\\\/ajatutaja.com\\\/wp-content\\\/uploads\\\/2024\\\/10\\\/0-na-poteg-little-dutch-fairy-garden.jpg\",\"datePublished\":\"2024-10-16T14:30:19+00:00\",\"dateModified\":\"2026-03-23T13:26:33+00:00\",\"description\":\"Mehka srnica iz kolekcije Fairy Garden naj postane najljub\u0161a igra\u010da va\u0161ega otroka. Potegnite vrvico in srnica se bo tresla. Ta igra\u010dka bo zaradi tresenja ostala zanimiva za igranje.\",\"breadcrumb\":{\"@id\":\"https:\\\/\\\/ajatutaja.com\\\/izdelek\\\/igraca-na-poteg-little-dutch-fairy-garden\\\/#breadcrumb\"},\"inLanguage\":\"hr\",\"potentialAction\":[{\"@type\":\"ReadAction\",\"target\":[\"https:\\\/\\\/ajatutaja.com\\\/izdelek\\\/igraca-na-poteg-little-dutch-fairy-garden\\\/\"]}]},{\"@type\":\"ImageObject\",\"inLanguage\":\"hr\",\"@id\":\"https:\\\/\\\/ajatutaja.com\\\/izdelek\\\/igraca-na-poteg-little-dutch-fairy-garden\\\/#primaryimage\",\"url\":\"https:\\\/\\\/ajatutaja.com\\\/wp-content\\\/uploads\\\/2024\\\/10\\\/0-na-poteg-little-dutch-fairy-garden.jpg\",\"contentUrl\":\"https:\\\/\\\/ajatutaja.com\\\/wp-content\\\/uploads\\\/2024\\\/10\\\/0-na-poteg-little-dutch-fairy-garden.jpg\",\"width\":1400,\"height\":1400},{\"@type\":\"BreadcrumbList\",\"@id\":\"https:\\\/\\\/ajatutaja.com\\\/izdelek\\\/igraca-na-poteg-little-dutch-fairy-garden\\\/#breadcrumb\",\"itemListElement\":[{\"@type\":\"ListItem\",\"position\":1,\"name\":\"Home\",\"item\":\"https:\\\/\\\/ajatutaja.com\\\/hr\\\/\"},{\"@type\":\"ListItem\",\"position\":2,\"name\":\"Trgovina\",\"item\":\"https:\\\/\\\/ajatutaja.com\\\/hr\\\/trgovina\\\/\"},{\"@type\":\"ListItem\",\"position\":3,\"name\":\"Igra\u010da na poteg Little Dutch &#8211; Fairy Garden\"}]},{\"@type\":\"WebSite\",\"@id\":\"https:\\\/\\\/ajatutaja.com\\\/#website\",\"url\":\"https:\\\/\\\/ajatutaja.com\\\/\",\"name\":\"Ajatutaja\",\"description\":\"Otro\u0161ka spletna trgovina AJATUTAJA\",\"publisher\":{\"@id\":\"https:\\\/\\\/ajatutaja.com\\\/#organization\"},\"potentialAction\":[{\"@type\":\"SearchAction\",\"target\":{\"@type\":\"EntryPoint\",\"urlTemplate\":\"https:\\\/\\\/ajatutaja.com\\\/?s={search_term_string}\"},\"query-input\":{\"@type\":\"PropertyValueSpecification\",\"valueRequired\":true,\"valueName\":\"search_term_string\"}}],\"inLanguage\":\"hr\"},{\"@type\":\"Organization\",\"@id\":\"https:\\\/\\\/ajatutaja.com\\\/#organization\",\"name\":\"Ajatutaja\",\"url\":\"https:\\\/\\\/ajatutaja.com\\\/\",\"logo\":{\"@type\":\"ImageObject\",\"inLanguage\":\"hr\",\"@id\":\"https:\\\/\\\/ajatutaja.com\\\/#\\\/schema\\\/logo\\\/image\\\/\",\"url\":\"https:\\\/\\\/ajatutaja.com\\\/wp-content\\\/uploads\\\/2021\\\/10\\\/logo.png\",\"contentUrl\":\"https:\\\/\\\/ajatutaja.com\\\/wp-content\\\/uploads\\\/2021\\\/10\\\/logo.png\",\"width\":555,\"height\":150,\"caption\":\"Ajatutaja\"},\"image\":{\"@id\":\"https:\\\/\\\/ajatutaja.com\\\/#\\\/schema\\\/logo\\\/image\\\/\"}}]}<\/script>\n<!-- \/ Yoast SEO plugin. -->","yoast_head_json":{"title":"Igra\u010da na poteg Little Dutch - Fairy Garden | Ajatutaja","description":"Mehka srnica iz kolekcije Fairy Garden naj postane najljub\u0161a igra\u010da va\u0161ega otroka. Potegnite vrvico in srnica se bo tresla. Ta igra\u010dka bo zaradi tresenja ostala zanimiva za igranje.","robots":{"index":"index","follow":"follow","max-snippet":"max-snippet:-1","max-image-preview":"max-image-preview:large","max-video-preview":"max-video-preview:-1"},"canonical":"https:\/\/ajatutaja.com\/izdelek\/igraca-na-poteg-little-dutch-fairy-garden\/","og_locale":"hr_HR","og_type":"article","og_title":"Igra\u010da na poteg Little Dutch - Fairy Garden | Ajatutaja","og_description":"Mehka srnica iz kolekcije Fairy Garden naj postane najljub\u0161a igra\u010da va\u0161ega otroka. Potegnite vrvico in srnica se bo tresla. Ta igra\u010dka bo zaradi tresenja ostala zanimiva za igranje.","og_url":"https:\/\/ajatutaja.com\/izdelek\/igraca-na-poteg-little-dutch-fairy-garden\/","og_site_name":"Ajatutaja","article_modified_time":"2026-03-23T13:26:33+00:00","og_image":[{"width":1400,"height":1400,"url":"https:\/\/ajatutaja.com\/wp-content\/uploads\/2024\/10\/0-na-poteg-little-dutch-fairy-garden.jpg","type":"image\/jpeg"}],"twitter_card":"summary_large_image","twitter_misc":{"Procijenjeno vrijeme \u010ditanja":"1 minuta"},"schema":{"@context":"https:\/\/schema.org","@graph":[{"@type":"WebPage","@id":"https:\/\/ajatutaja.com\/izdelek\/igraca-na-poteg-little-dutch-fairy-garden\/","url":"https:\/\/ajatutaja.com\/izdelek\/igraca-na-poteg-little-dutch-fairy-garden\/","name":"Igra\u010da na poteg Little Dutch - Fairy Garden | Ajatutaja","isPartOf":{"@id":"https:\/\/ajatutaja.com\/#website"},"primaryImageOfPage":{"@id":"https:\/\/ajatutaja.com\/izdelek\/igraca-na-poteg-little-dutch-fairy-garden\/#primaryimage"},"image":{"@id":"https:\/\/ajatutaja.com\/izdelek\/igraca-na-poteg-little-dutch-fairy-garden\/#primaryimage"},"thumbnailUrl":"https:\/\/ajatutaja.com\/wp-content\/uploads\/2024\/10\/0-na-poteg-little-dutch-fairy-garden.jpg","datePublished":"2024-10-16T14:30:19+00:00","dateModified":"2026-03-23T13:26:33+00:00","description":"Mehka srnica iz kolekcije Fairy Garden naj postane najljub\u0161a igra\u010da va\u0161ega otroka. Potegnite vrvico in srnica se bo tresla. Ta igra\u010dka bo zaradi tresenja ostala zanimiva za igranje.","breadcrumb":{"@id":"https:\/\/ajatutaja.com\/izdelek\/igraca-na-poteg-little-dutch-fairy-garden\/#breadcrumb"},"inLanguage":"hr","potentialAction":[{"@type":"ReadAction","target":["https:\/\/ajatutaja.com\/izdelek\/igraca-na-poteg-little-dutch-fairy-garden\/"]}]},{"@type":"ImageObject","inLanguage":"hr","@id":"https:\/\/ajatutaja.com\/izdelek\/igraca-na-poteg-little-dutch-fairy-garden\/#primaryimage","url":"https:\/\/ajatutaja.com\/wp-content\/uploads\/2024\/10\/0-na-poteg-little-dutch-fairy-garden.jpg","contentUrl":"https:\/\/ajatutaja.com\/wp-content\/uploads\/2024\/10\/0-na-poteg-little-dutch-fairy-garden.jpg","width":1400,"height":1400},{"@type":"BreadcrumbList","@id":"https:\/\/ajatutaja.com\/izdelek\/igraca-na-poteg-little-dutch-fairy-garden\/#breadcrumb","itemListElement":[{"@type":"ListItem","position":1,"name":"Home","item":"https:\/\/ajatutaja.com\/hr\/"},{"@type":"ListItem","position":2,"name":"Trgovina","item":"https:\/\/ajatutaja.com\/hr\/trgovina\/"},{"@type":"ListItem","position":3,"name":"Igra\u010da na poteg Little Dutch &#8211; Fairy Garden"}]},{"@type":"WebSite","@id":"https:\/\/ajatutaja.com\/#website","url":"https:\/\/ajatutaja.com\/","name":"Ajatutaja","description":"Otro\u0161ka spletna trgovina AJATUTAJA","publisher":{"@id":"https:\/\/ajatutaja.com\/#organization"},"potentialAction":[{"@type":"SearchAction","target":{"@type":"EntryPoint","urlTemplate":"https:\/\/ajatutaja.com\/?s={search_term_string}"},"query-input":{"@type":"PropertyValueSpecification","valueRequired":true,"valueName":"search_term_string"}}],"inLanguage":"hr"},{"@type":"Organization","@id":"https:\/\/ajatutaja.com\/#organization","name":"Ajatutaja","url":"https:\/\/ajatutaja.com\/","logo":{"@type":"ImageObject","inLanguage":"hr","@id":"https:\/\/ajatutaja.com\/#\/schema\/logo\/image\/","url":"https:\/\/ajatutaja.com\/wp-content\/uploads\/2021\/10\/logo.png","contentUrl":"https:\/\/ajatutaja.com\/wp-content\/uploads\/2021\/10\/logo.png","width":555,"height":150,"caption":"Ajatutaja"},"image":{"@id":"https:\/\/ajatutaja.com\/#\/schema\/logo\/image\/"}}]}},"brands":[{"id":2452,"name":"Igranje","slug":"igranje"},{"id":2457,"name":"Little Dutch","slug":"little-dutch-igra"}],"_links":{"self":[{"href":"https:\/\/ajatutaja.com\/hr\/wp-json\/wp\/v2\/product\/69443","targetHints":{"allow":["GET"]}}],"collection":[{"href":"https:\/\/ajatutaja.com\/hr\/wp-json\/wp\/v2\/product"}],"about":[{"href":"https:\/\/ajatutaja.com\/hr\/wp-json\/wp\/v2\/types\/product"}],"wp:featuredmedia":[{"embeddable":true,"href":"https:\/\/ajatutaja.com\/hr\/wp-json\/wp\/v2\/media\/69434"}],"wp:attachment":[{"href":"https:\/\/ajatutaja.com\/hr\/wp-json\/wp\/v2\/media?parent=69443"}],"wp:term":[{"taxonomy":"pwb-brand","embeddable":true,"href":"https:\/\/ajatutaja.com\/hr\/wp-json\/wp\/v2\/pwb-brand?post=69443"},{"taxonomy":"product_brand","embeddable":true,"href":"https:\/\/ajatutaja.com\/hr\/wp-json\/wp\/v2\/product_brand?post=69443"},{"taxonomy":"product_cat","embeddable":true,"href":"https:\/\/ajatutaja.com\/hr\/wp-json\/wp\/v2\/product_cat?post=69443"},{"taxonomy":"product_tag","embeddable":true,"href":"https:\/\/ajatutaja.com\/hr\/wp-json\/wp\/v2\/product_tag?post=69443"}],"curies":[{"name":"wp","href":"https:\/\/api.w.org\/{rel}","templated":true}]}}