{"id":68892,"date":"2024-10-07T07:02:33","date_gmt":"2024-10-07T05:02:33","guid":{"rendered":"https:\/\/ajatutaja.com\/?post_type=product&#038;p=68892"},"modified":"2025-05-20T21:05:08","modified_gmt":"2025-05-20T19:05:08","slug":"scootride-otroska-celada-olive","status":"publish","type":"product","link":"https:\/\/ajatutaja.com\/hr\/proizvod\/scootride-otroska-celada-olive\/","title":{"rendered":"Scoot&amp;Ride otro\u0161ka \u010delada &#8211; Olive"},"content":{"rendered":"<p>[vc_row][vc_column][vc_column_text]Vrhunski model otro\u0161ke \u010delade, ki otroku daje najbolj\u0161o za\u0161\u010dito. Posebno oblikovani notranji del \u010delade Scoot &amp; Ride zavaruje otrokovo lobanjo.<\/p>\n<h4>Otro\u0161ka \u010delada Scoot&amp;Ride ima naslednje lastnosti:<\/h4>\n<ul>\n<li>Nastavljiva \u0161irina.<\/li>\n<li>Velikost: XXS-S; 45-51cm (1-5 let)<\/li>\n<li>Te\u017ea: 230g<\/li>\n<li>Polikarbonatna lupina z bla\u017eilcem za udarce.<\/li>\n<li>Vsak luknjica ima 11 odprtin za prezra\u010devanje.<\/li>\n<li>Notranjost iz mehkega in zra\u010dnega oblazinjenja.<\/li>\n<li>Oblazinjen naslon za brado.<\/li>\n<li>Vzadaj prilagodljivo &#8216;kolesce&#8217; z LED osvetljavo.<\/li>\n<li>Edinstven magnetni sistem za zapenjanje.<\/li>\n<li>PVC Free<\/li>\n<li>V skladu z varnostnim standardom: EN1078 Safety tested.<\/li>\n<li><a href=\"https:\/\/ajatutaja.com\/wp-content\/uploads\/2025\/05\/Navodila-za-uporabo-SR-celada.pdf\">NAVODILA ZA UPORABO<\/a><\/li>\n<\/ul>\n<p>[\/vc_column_text][\/vc_column][\/vc_row]<\/p>\n","protected":false},"excerpt":{"rendered":"<p>Otro\u0161ka \u010delada Scoot&amp;Ride bo \u0161\u010ditila glavo va\u0161ega mal\u010dka pred padci pri uporabi otro\u0161kih poganjalcev, skirojev in koles. Nastavljivi del \u010delade omogo\u010da uporabo \u010delade za razli\u010dne starosti otroka. Le-to namre\u010d lahko prilagajate rasti otro\u0161ke glave.\u00a0 Led lu\u010dka na zatilju, pa bo poskrbela za bolj\u0161o vidljivost mal\u010dka.<\/p>\n","protected":false},"featured_media":68894,"template":"","meta":[],"pwb-brand":[2452,2409,2428,2465],"product_brand":[],"product_cat":[2404,2361],"product_tag":[4364,4491],"class_list":{"0":"post-68892","1":"product","2":"type-product","3":"status-publish","4":"has-post-thumbnail","6":"pwb-brand-igranje","7":"pwb-brand-potepanje","8":"pwb-brand-scootride","9":"pwb-brand-scootride-igranje","10":"product_cat-otroske-celade","11":"product_cat-potepanje","12":"product_tag-highwaykick-1","13":"product_tag-scootride","15":"first","16":"instock","17":"taxable","18":"shipping-taxable","19":"purchasable","20":"product-type-variable","21":"add-to-wishlist-before_image"},"yoast_head":"<!-- This site is optimized with the Yoast SEO plugin v27.3 - https:\/\/yoast.com\/product\/yoast-seo-wordpress\/ -->\n<title>Scoot&amp;Ride otro\u0161ka \u010delada - Olive | Ajatutaja<\/title>\n<meta name=\"description\" content=\"Otro\u0161ka \u010delada Scoot&amp;Ride nudi otroku najbolj\u0161o za\u0161\u010dito pred padci. Posebno oblikovani in prilagodljiv notranji del \u010delade zavaruje otrokovo lobanjo.\" \/>\n<meta name=\"robots\" content=\"index, follow, max-snippet:-1, max-image-preview:large, max-video-preview:-1\" \/>\n<link rel=\"canonical\" href=\"https:\/\/ajatutaja.com\/izdelek\/scootride-otroska-celada-olive\/\" \/>\n<meta property=\"og:locale\" content=\"hr_HR\" \/>\n<meta property=\"og:type\" content=\"article\" \/>\n<meta property=\"og:title\" content=\"Scoot&amp;Ride otro\u0161ka \u010delada - Olive | Ajatutaja\" \/>\n<meta property=\"og:description\" content=\"Otro\u0161ka \u010delada Scoot&amp;Ride nudi otroku najbolj\u0161o za\u0161\u010dito pred padci. Posebno oblikovani in prilagodljiv notranji del \u010delade zavaruje otrokovo lobanjo.\" \/>\n<meta property=\"og:url\" content=\"https:\/\/ajatutaja.com\/izdelek\/scootride-otroska-celada-olive\/\" \/>\n<meta property=\"og:site_name\" content=\"Ajatutaja\" \/>\n<meta property=\"article:modified_time\" content=\"2025-05-20T19:05:08+00:00\" \/>\n<meta property=\"og:image\" content=\"https:\/\/ajatutaja.com\/wp-content\/uploads\/2024\/10\/scoot-ride-otroska-celada-xxs-olive-1.jpeg\" \/>\n\t<meta property=\"og:image:width\" content=\"1080\" \/>\n\t<meta property=\"og:image:height\" content=\"1080\" \/>\n\t<meta property=\"og:image:type\" content=\"image\/jpeg\" \/>\n<meta name=\"twitter:card\" content=\"summary_large_image\" \/>\n<meta name=\"twitter:label1\" content=\"Procijenjeno vrijeme \u010ditanja\" \/>\n\t<meta name=\"twitter:data1\" content=\"1 minuta\" \/>\n<script type=\"application\/ld+json\" class=\"yoast-schema-graph\">{\"@context\":\"https:\\\/\\\/schema.org\",\"@graph\":[{\"@type\":\"WebPage\",\"@id\":\"https:\\\/\\\/ajatutaja.com\\\/izdelek\\\/scootride-otroska-celada-olive\\\/\",\"url\":\"https:\\\/\\\/ajatutaja.com\\\/izdelek\\\/scootride-otroska-celada-olive\\\/\",\"name\":\"Scoot&amp;Ride otro\u0161ka \u010delada - Olive | Ajatutaja\",\"isPartOf\":{\"@id\":\"https:\\\/\\\/ajatutaja.com\\\/#website\"},\"primaryImageOfPage\":{\"@id\":\"https:\\\/\\\/ajatutaja.com\\\/izdelek\\\/scootride-otroska-celada-olive\\\/#primaryimage\"},\"image\":{\"@id\":\"https:\\\/\\\/ajatutaja.com\\\/izdelek\\\/scootride-otroska-celada-olive\\\/#primaryimage\"},\"thumbnailUrl\":\"https:\\\/\\\/ajatutaja.com\\\/wp-content\\\/uploads\\\/2024\\\/10\\\/scoot-ride-otroska-celada-xxs-olive-1.jpeg\",\"datePublished\":\"2024-10-07T05:02:33+00:00\",\"dateModified\":\"2025-05-20T19:05:08+00:00\",\"description\":\"Otro\u0161ka \u010delada Scoot&Ride nudi otroku najbolj\u0161o za\u0161\u010dito pred padci. Posebno oblikovani in prilagodljiv notranji del \u010delade zavaruje otrokovo lobanjo.\",\"breadcrumb\":{\"@id\":\"https:\\\/\\\/ajatutaja.com\\\/izdelek\\\/scootride-otroska-celada-olive\\\/#breadcrumb\"},\"inLanguage\":\"hr\",\"potentialAction\":[{\"@type\":\"ReadAction\",\"target\":[\"https:\\\/\\\/ajatutaja.com\\\/izdelek\\\/scootride-otroska-celada-olive\\\/\"]}]},{\"@type\":\"ImageObject\",\"inLanguage\":\"hr\",\"@id\":\"https:\\\/\\\/ajatutaja.com\\\/izdelek\\\/scootride-otroska-celada-olive\\\/#primaryimage\",\"url\":\"https:\\\/\\\/ajatutaja.com\\\/wp-content\\\/uploads\\\/2024\\\/10\\\/scoot-ride-otroska-celada-xxs-olive-1.jpeg\",\"contentUrl\":\"https:\\\/\\\/ajatutaja.com\\\/wp-content\\\/uploads\\\/2024\\\/10\\\/scoot-ride-otroska-celada-xxs-olive-1.jpeg\",\"width\":1080,\"height\":1080},{\"@type\":\"BreadcrumbList\",\"@id\":\"https:\\\/\\\/ajatutaja.com\\\/izdelek\\\/scootride-otroska-celada-olive\\\/#breadcrumb\",\"itemListElement\":[{\"@type\":\"ListItem\",\"position\":1,\"name\":\"Home\",\"item\":\"https:\\\/\\\/ajatutaja.com\\\/hr\\\/\"},{\"@type\":\"ListItem\",\"position\":2,\"name\":\"Trgovina\",\"item\":\"https:\\\/\\\/ajatutaja.com\\\/hr\\\/trgovina\\\/\"},{\"@type\":\"ListItem\",\"position\":3,\"name\":\"Scoot&amp;Ride otro\u0161ka \u010delada &#8211; Olive\"}]},{\"@type\":\"WebSite\",\"@id\":\"https:\\\/\\\/ajatutaja.com\\\/#website\",\"url\":\"https:\\\/\\\/ajatutaja.com\\\/\",\"name\":\"Ajatutaja\",\"description\":\"Otro\u0161ka spletna trgovina AJATUTAJA\",\"publisher\":{\"@id\":\"https:\\\/\\\/ajatutaja.com\\\/#organization\"},\"potentialAction\":[{\"@type\":\"SearchAction\",\"target\":{\"@type\":\"EntryPoint\",\"urlTemplate\":\"https:\\\/\\\/ajatutaja.com\\\/?s={search_term_string}\"},\"query-input\":{\"@type\":\"PropertyValueSpecification\",\"valueRequired\":true,\"valueName\":\"search_term_string\"}}],\"inLanguage\":\"hr\"},{\"@type\":\"Organization\",\"@id\":\"https:\\\/\\\/ajatutaja.com\\\/#organization\",\"name\":\"Ajatutaja\",\"url\":\"https:\\\/\\\/ajatutaja.com\\\/\",\"logo\":{\"@type\":\"ImageObject\",\"inLanguage\":\"hr\",\"@id\":\"https:\\\/\\\/ajatutaja.com\\\/#\\\/schema\\\/logo\\\/image\\\/\",\"url\":\"https:\\\/\\\/ajatutaja.com\\\/wp-content\\\/uploads\\\/2021\\\/10\\\/logo.png\",\"contentUrl\":\"https:\\\/\\\/ajatutaja.com\\\/wp-content\\\/uploads\\\/2021\\\/10\\\/logo.png\",\"width\":555,\"height\":150,\"caption\":\"Ajatutaja\"},\"image\":{\"@id\":\"https:\\\/\\\/ajatutaja.com\\\/#\\\/schema\\\/logo\\\/image\\\/\"}}]}<\/script>\n<!-- \/ Yoast SEO plugin. -->","yoast_head_json":{"title":"Scoot&amp;Ride otro\u0161ka \u010delada - Olive | Ajatutaja","description":"Otro\u0161ka \u010delada Scoot&Ride nudi otroku najbolj\u0161o za\u0161\u010dito pred padci. Posebno oblikovani in prilagodljiv notranji del \u010delade zavaruje otrokovo lobanjo.","robots":{"index":"index","follow":"follow","max-snippet":"max-snippet:-1","max-image-preview":"max-image-preview:large","max-video-preview":"max-video-preview:-1"},"canonical":"https:\/\/ajatutaja.com\/izdelek\/scootride-otroska-celada-olive\/","og_locale":"hr_HR","og_type":"article","og_title":"Scoot&amp;Ride otro\u0161ka \u010delada - Olive | Ajatutaja","og_description":"Otro\u0161ka \u010delada Scoot&Ride nudi otroku najbolj\u0161o za\u0161\u010dito pred padci. Posebno oblikovani in prilagodljiv notranji del \u010delade zavaruje otrokovo lobanjo.","og_url":"https:\/\/ajatutaja.com\/izdelek\/scootride-otroska-celada-olive\/","og_site_name":"Ajatutaja","article_modified_time":"2025-05-20T19:05:08+00:00","og_image":[{"width":1080,"height":1080,"url":"https:\/\/ajatutaja.com\/wp-content\/uploads\/2024\/10\/scoot-ride-otroska-celada-xxs-olive-1.jpeg","type":"image\/jpeg"}],"twitter_card":"summary_large_image","twitter_misc":{"Procijenjeno vrijeme \u010ditanja":"1 minuta"},"schema":{"@context":"https:\/\/schema.org","@graph":[{"@type":"WebPage","@id":"https:\/\/ajatutaja.com\/izdelek\/scootride-otroska-celada-olive\/","url":"https:\/\/ajatutaja.com\/izdelek\/scootride-otroska-celada-olive\/","name":"Scoot&amp;Ride otro\u0161ka \u010delada - Olive | Ajatutaja","isPartOf":{"@id":"https:\/\/ajatutaja.com\/#website"},"primaryImageOfPage":{"@id":"https:\/\/ajatutaja.com\/izdelek\/scootride-otroska-celada-olive\/#primaryimage"},"image":{"@id":"https:\/\/ajatutaja.com\/izdelek\/scootride-otroska-celada-olive\/#primaryimage"},"thumbnailUrl":"https:\/\/ajatutaja.com\/wp-content\/uploads\/2024\/10\/scoot-ride-otroska-celada-xxs-olive-1.jpeg","datePublished":"2024-10-07T05:02:33+00:00","dateModified":"2025-05-20T19:05:08+00:00","description":"Otro\u0161ka \u010delada Scoot&Ride nudi otroku najbolj\u0161o za\u0161\u010dito pred padci. Posebno oblikovani in prilagodljiv notranji del \u010delade zavaruje otrokovo lobanjo.","breadcrumb":{"@id":"https:\/\/ajatutaja.com\/izdelek\/scootride-otroska-celada-olive\/#breadcrumb"},"inLanguage":"hr","potentialAction":[{"@type":"ReadAction","target":["https:\/\/ajatutaja.com\/izdelek\/scootride-otroska-celada-olive\/"]}]},{"@type":"ImageObject","inLanguage":"hr","@id":"https:\/\/ajatutaja.com\/izdelek\/scootride-otroska-celada-olive\/#primaryimage","url":"https:\/\/ajatutaja.com\/wp-content\/uploads\/2024\/10\/scoot-ride-otroska-celada-xxs-olive-1.jpeg","contentUrl":"https:\/\/ajatutaja.com\/wp-content\/uploads\/2024\/10\/scoot-ride-otroska-celada-xxs-olive-1.jpeg","width":1080,"height":1080},{"@type":"BreadcrumbList","@id":"https:\/\/ajatutaja.com\/izdelek\/scootride-otroska-celada-olive\/#breadcrumb","itemListElement":[{"@type":"ListItem","position":1,"name":"Home","item":"https:\/\/ajatutaja.com\/hr\/"},{"@type":"ListItem","position":2,"name":"Trgovina","item":"https:\/\/ajatutaja.com\/hr\/trgovina\/"},{"@type":"ListItem","position":3,"name":"Scoot&amp;Ride otro\u0161ka \u010delada &#8211; Olive"}]},{"@type":"WebSite","@id":"https:\/\/ajatutaja.com\/#website","url":"https:\/\/ajatutaja.com\/","name":"Ajatutaja","description":"Otro\u0161ka spletna trgovina AJATUTAJA","publisher":{"@id":"https:\/\/ajatutaja.com\/#organization"},"potentialAction":[{"@type":"SearchAction","target":{"@type":"EntryPoint","urlTemplate":"https:\/\/ajatutaja.com\/?s={search_term_string}"},"query-input":{"@type":"PropertyValueSpecification","valueRequired":true,"valueName":"search_term_string"}}],"inLanguage":"hr"},{"@type":"Organization","@id":"https:\/\/ajatutaja.com\/#organization","name":"Ajatutaja","url":"https:\/\/ajatutaja.com\/","logo":{"@type":"ImageObject","inLanguage":"hr","@id":"https:\/\/ajatutaja.com\/#\/schema\/logo\/image\/","url":"https:\/\/ajatutaja.com\/wp-content\/uploads\/2021\/10\/logo.png","contentUrl":"https:\/\/ajatutaja.com\/wp-content\/uploads\/2021\/10\/logo.png","width":555,"height":150,"caption":"Ajatutaja"},"image":{"@id":"https:\/\/ajatutaja.com\/#\/schema\/logo\/image\/"}}]}},"brands":[{"id":2452,"name":"Igranje","slug":"igranje"},{"id":2409,"name":"Potepanje","slug":"potepanje"},{"id":2428,"name":"Scoot&amp;Ride","slug":"scootride"},{"id":2465,"name":"Scoot&amp;Ride","slug":"scootride-igranje"}],"_links":{"self":[{"href":"https:\/\/ajatutaja.com\/hr\/wp-json\/wp\/v2\/product\/68892","targetHints":{"allow":["GET"]}}],"collection":[{"href":"https:\/\/ajatutaja.com\/hr\/wp-json\/wp\/v2\/product"}],"about":[{"href":"https:\/\/ajatutaja.com\/hr\/wp-json\/wp\/v2\/types\/product"}],"wp:featuredmedia":[{"embeddable":true,"href":"https:\/\/ajatutaja.com\/hr\/wp-json\/wp\/v2\/media\/68894"}],"wp:attachment":[{"href":"https:\/\/ajatutaja.com\/hr\/wp-json\/wp\/v2\/media?parent=68892"}],"wp:term":[{"taxonomy":"pwb-brand","embeddable":true,"href":"https:\/\/ajatutaja.com\/hr\/wp-json\/wp\/v2\/pwb-brand?post=68892"},{"taxonomy":"product_brand","embeddable":true,"href":"https:\/\/ajatutaja.com\/hr\/wp-json\/wp\/v2\/product_brand?post=68892"},{"taxonomy":"product_cat","embeddable":true,"href":"https:\/\/ajatutaja.com\/hr\/wp-json\/wp\/v2\/product_cat?post=68892"},{"taxonomy":"product_tag","embeddable":true,"href":"https:\/\/ajatutaja.com\/hr\/wp-json\/wp\/v2\/product_tag?post=68892"}],"curies":[{"name":"wp","href":"https:\/\/api.w.org\/{rel}","templated":true}]}}